{"id":11267,"date":"2025-02-11T10:38:57","date_gmt":"2025-02-11T08:38:57","guid":{"rendered":"https:\/\/myperfectdog.lv\/?page_id=11267"},"modified":"2025-02-12T11:12:04","modified_gmt":"2025-02-12T09:12:04","slug":"gardumi-sunim","status":"publish","type":"page","link":"https:\/\/myperfectdog.lv\/en\/izglitojosi\/gardumi-sunim\/","title":{"rendered":"Gardumi sunim"},"content":{"rendered":"<a href=\"https:\/\/myperfectdog.lv\/en\/\" target=\"_self\" itemprop=\"url\">\n\t\t\t\t<img loading=\"lazy\" decoding=\"async\" src=\"https:\/\/myperfectdog.lv\/wp-content\/uploads\/2020\/10\/MyPerfectDog-New-logo_peach_plakans.png\" alt=\"MyPerfectDog-New-logo_peach_plakans\" itemprop=\"image\" height=\"636\" width=\"1200\" title=\"MyPerfectDog-New-logo_peach_plakans\" onerror=\"this.style.display='none'\"  \/>\n\t\t\t\t<\/a>\n\t\t\t\t<img loading=\"lazy\" decoding=\"async\" src=\"https:\/\/myperfectdog.lv\/wp-content\/uploads\/2020\/10\/MyPerfectDog-New-logo_peach_plakans.png\" alt=\"MyPerfectDog-New-logo_peach_plakans\" itemprop=\"image\" height=\"636\" width=\"1200\" title=\"MyPerfectDog-New-logo_peach_plakans\" onerror=\"this.style.display='none'\"  \/>\n<h2>\n\t\tK\u0101 izv\u0113l\u0113ties lab\u0101kos gardumus savam sunim?\n\t<\/h2>\n\t<p>Gardumu izv\u0113le treni\u0146iem un ikdienai &#8211; t\u0101 ir svar\u012bga t\u0113ma ikvienam su\u0146a saimniekam. K\u0101 neapjukt pla\u0161aj\u0101 veikalu kl\u0101st\u0101 un k\u0101 izv\u0113l\u0113ties lab\u0101kos gardumus savam sunim? K\u0101di ir vesel\u012bgi gardumi un no k\u0101diem gardumiem lab\u0101k izvair\u012bties? Par to &#8211; \u0161aj\u0101 rakst\u0101! Raksta tap\u0161anu konsult\u0113jusi &#8220;My Perfect Dog&#8221; su\u0146u apm\u0101c\u012bbu trenere un sertific\u0113ta veterin\u0101r\u0101rste Anna Lapo\u0161ka.<\/p>\n\t\t\t\t<img loading=\"lazy\" decoding=\"async\" src=\"https:\/\/myperfectdog.lv\/wp-content\/uploads\/2022\/09\/IMG_0484-1-scaled.jpg\" alt=\"Grau\u0161amie un gardumi sunim\" itemprop=\"image\" height=\"1349\" width=\"2560\" title=\"Grau\u0161amie un gardumi sunim\" onerror=\"this.style.display='none'\"  \/>\n<h2>\n\t\tK\u0101ds ir sunim vesel\u012bgs gardums? \n\t<\/h2>\n\t<p>Neatkar\u012bgi no t\u0101, vai mekl\u0113 gardumus ikdienai vai treni\u0146iem, visvesel\u012bg\u0101kie b\u016bs tie gardumi, kuru sast\u0101vs ir dabisks, bez gar\u0161as pastiprin\u0101t\u0101jiem, konservantiem un kr\u0101sviel\u0101m. Dod priek\u0161roku gardumiem, kuru pirm\u0101 sast\u0101vda\u013ca ir ga\u013ca un kuriem ir skaidri nor\u0101d\u012bts un saprotams sast\u0101vs.\u00a0<\/p>\n<p>Ja Tavs suns ir aler\u0123isks uz p\u0101rtiku, visbie\u017e\u0101k probl\u0113mas c\u0113lonis ir viens konkr\u0113ts prote\u012bna avots (ga\u013cas veids). Izrun\u0101jiet ar savu \u0101rst\u0113jo\u0161o veterin\u0101r\u0101rstu, no k\u0101diem prote\u012bna avotiem b\u016btu j\u0101izvair\u0101s un kurus dr\u012bkst lietot. M\u016bsdien\u0101s gandr\u012bz jebkuram prote\u012bna avotam var atrast k\u0101du gardumu veidu, vai ar\u012b pagatavot gardumus pats.\u00a0<\/p>\n<p>Teicienu &#8220;kas par daudz, tas par sk\u0101di&#8221; var attiecin\u0101t ar\u012b uz su\u0146u gardumiem. Atceries, ka uz\u0146emtie gardumi ir j\u0101ieskaita su\u0146a ikdien\u0101 uz\u0146emtaj\u0101 kalorij\u0101s! T\u0101tad, ja suns ir ap\u0113dis vair\u0101k gardumus, attiec\u012bgi j\u0101samazina pamatbar\u012bbas deva. To nedarot, sunim pamaz\u0101m var veidoties liekais svars, kas t\u0101l\u0101k var novest pie da\u017e\u0101d\u0101m cit\u0101m vesel\u012bbas probl\u0113m\u0101m.\u00a0<\/p>\n<blockquote><p><i>Padoms<\/i> &#8211; vienm\u0113r r\u016bp\u012bgi izp\u0113ti gardumu sast\u0101vu, nepa\u013caujies tikai uz paci\u0146as nor\u0101d\u012bto nosaukumu vien! Bie\u017ei vien diem\u017e\u0113l nosaukums korekti neatspogu\u013co re\u0101lo produkta sast\u0101vu. <\/p><\/blockquote>\n<h2>\n\t\t<img loading=\"lazy\" decoding=\"async\" role=\"img\" draggable=\"false\" src=\"https:\/\/s.w.org\/images\/core\/emoji\/15.0.3\/svg\/274c.svg\" alt=\"\u274c\" width=\"22\" height=\"22\" \/> No k\u0101 izvair\u012bties?\n\t<\/h2>\n\t<h3><img loading=\"lazy\" decoding=\"async\" role=\"img\" draggable=\"false\" src=\"https:\/\/s.w.org\/images\/core\/emoji\/15.0.3\/svg\/274c.svg\" alt=\"\u274c\" width=\"22\" height=\"22\" \/> Nep\u0113rc gardumus, kuru sast\u0101v\u0101 ir s\u0101ls vai cukurs, daudz tauku. Izvairies no gardumiem, kuros ir gar\u0161as pastiprin\u0101t\u0101ji, konservanti, da\u017e\u0101das kr\u0101svielas.\u00a0<\/h3>\n<h3><img loading=\"lazy\" decoding=\"async\" role=\"img\" draggable=\"false\" src=\"https:\/\/s.w.org\/images\/core\/emoji\/15.0.3\/svg\/274c.svg\" alt=\"\u274c\" width=\"23\" height=\"23\" \/> V\u0113l viena popul\u0101ra produktu grupa, no kuras izvair\u012bties: siers, c\u012bsi\u0146i, desa, k\u016bpin\u0101ta ga\u013ca. Lai gan \u0161ie ir produkti, kas daudziem su\u0146iem \u013coti gar\u0161o, tos nevajadz\u0113tu izmantot k\u0101 gardumus. Visi uzskait\u012btie produkti satur daudz tauku un s\u0101ls, un pat mazos daudzumos var kait\u0113t su\u0146a vesel\u012bbai, radot t\u0101das vesel\u012bbas probl\u0113mas k\u0101 aptauko\u0161an\u0101s, gastr\u012bts, enter\u012bts un pankreat\u012bts.<\/h3>\n<p>&nbsp;<\/p>\n<h2>\n\t\tM\u0101j\u0101s gatavoti gardumi? \n\t<\/h2>\n\t<p>Nebaidies gardumus savam m\u012blulim gatavot pats, jo beigu beig\u0101s visvesel\u012bg\u0101kais na\u0161\u0137is b\u016bs tas, kuram Tu pats esi izv\u0113l\u0113jies lab\u0101k\u0101s kvalit\u0101tes sast\u0101vda\u013cas un pats esi piedal\u012bjies t\u0101 gatavo\u0161an\u0101. Turkl\u0101t k\u0101rumu pagatavo\u0161ana neb\u016bt nav gr\u016bta! Ar\u012b mazos gabali\u0146os sagriezta v\u0101r\u012bta vai svaiga ga\u013ca b\u016bs vesel\u012bgs un suni motiv\u0113jo\u0161s gardums. Gardumus vari gatavot ar\u012b speci\u0101los p\u0101rtikas \u017e\u0101v\u0113\u0161anai paredz\u0113tos apar\u0101tos vai ar\u012b cepe\u0161kr\u0101sn\u012b.\u00a0<\/p>\n<p>Gardumu gatavo\u0161anai var izv\u0113l\u0113ties da\u017e\u0101dus ga\u013cas veidus. Da\u017ei veikalos pla\u0161i pieejamu produktu piem\u0113ri iedvesmai: vistas fileja, vistu sirdis, vistu ku\u0146\u0123i, t\u012btara fileja, liellopa sirds, liellopa aknas, liellopa musku\u013cga\u013ca. Ja izv\u0113lies k\u0101rumus gatavot no akn\u0101m &#8211; \u0146em v\u0113r\u0101, ka t\u0101s p\u0101r\u0101k lielos daudzumos var rosin\u0101t dz\u012bvniekam caureju, t\u0101p\u0113c lab\u0101k kombin\u0113 aknas ar citiem ga\u013cas veidiem.\u00a0<\/p>\n<p>Ja m\u012blulis ir motiv\u0113ts str\u0101d\u0101t ar zem\u0101kas v\u0113rt\u012bbas \u0113dienu, var izmantot ar\u012b burk\u0101nu, gur\u0137i, \u0101bolu, brokoli un \u0137irbi, kas sagriezts mazos gabali\u0146os.<\/p>\n<h2>\n\t\tGardumu izv\u0113le treni\u0146iem\n\t<\/h2>\n\t<p>Izv\u0113loties gardumus treni\u0146iem, ir svar\u012bgi, lai sunim tie gar\u0161otu un b\u016btu gana motiv\u0113jo\u0161i. Treni\u0146iem v\u0113lams izmantot neliela izm\u0113ra gardumus, lai tos b\u016btu viegl\u0101k nor\u012bt, tie neb\u016btu ilgsto\u0161i j\u0101ko\u0161\u013c\u0101 un tie pietiktu ilg\u0101kam laikam. Ja Tava su\u0146a iecien\u012btie gardumi ir lieli izm\u0113r\u0101, vari tos sagriezt maz\u0101kos gabali\u0146os pats.\u00a0<\/p>\n<p>Ja Tavs suns ir strauj\u0161 un azartisks k\u0101rumu \u0113d\u0101js, dod priek\u0161roku m\u012bkst\u0101kiem gardumiem, lai mazin\u0101tu aizr\u012b\u0161an\u0101s risku.\u00a0<\/p>\n<h2>\n\t\tKo dar\u012bt, ja manam sunim nevieni gardumi negar\u0161o?\n\t<\/h2>\n\t<p>Ja Tavs suns ir izv\u0113l\u012bgs, nepadodies un turpini mekl\u0113t k\u0101rumus, kas Tavam sunim gar\u0161o un dod atbilsto\u0161u motiv\u0101ciju! Parasti su\u0146iem v\u0113rt\u012bg\u0101kais gardums ir ga\u013ca. Vari m\u0113\u0123in\u0101t gatavot gardumus pats (skati augst\u0101k sada\u013cu &#8220;M\u0101j\u0101s gatavoti gardumi?&#8221;) vai ar\u012b doties ar savu m\u012bluli uz k\u0101du veikalu, kur sunim ir iesp\u0113ja gardumus pagar\u0161ot un pa\u0161am izv\u0113l\u0113ties sev t\u012bkam\u0101ko versiju.\u00a0<\/p>\n<p>Atceries, ka suns var atteikties no gardumiem ar\u012b p\u0101rlieku liela stresa d\u0113\u013c, jo su\u0146a pirm\u0101 pamatvajadz\u012bba ir b\u016bt dro\u0161\u012bb\u0101 un tikai p\u0113c tam &#8211; \u0113st. T\u0101p\u0113c, ja Tavs suns ir \u012bpa\u0161i bail\u012bgs, \u013coti iesp\u0113jams intereses tr\u016bkumu rada nevis negar\u0161\u012bgi k\u0101rumi, bet p\u0101r\u0101k liel\u0101s bailes. Su\u0146i no gardumiem m\u0113dz atteikties ar\u012b p\u0101r\u0101k augsta pozit\u012bv\u0101 stresa d\u0113\u013c &#8211; piem\u0113ram, ierodoties su\u0146u skolas nodarb\u012bb\u0101, sunim tik \u013coti gribas draudz\u0113ties ar visiem citiem su\u0146iem, ka interese par gardumiem piln\u012bb\u0101 z\u016bd. Ja intereses tr\u016bkums par gardumiem ir saist\u012bts ar paaugstin\u0101tu stresu, vispirms ir j\u0101s\u0101k darbs ar su\u0146a uzved\u012bbu, pak\u0101penisku radin\u0101\u0161anu pie satraukumu rado\u0161ajiem kairin\u0101t\u0101jiem (piem\u0113ram, citi su\u0146i vai cilv\u0113ki, ma\u0161\u012bnas u.tml.).<\/p>\n<p>Atteik\u0161an\u0101s no gardumiem var b\u016bt saist\u012bta ar\u012b ar gremo\u0161anas trakta probl\u0113m\u0101m. T\u0101p\u0113c s\u0101kotn\u0113ji aprun\u0101jies par atbilsto\u0161u di\u0113tu tavam sunim ar sava m\u012blu\u013ca veterin\u0101r\u0101rstu.<\/p>\n<p><a href=\"https:\/\/myperfectdog.lv\/en\/izglitojosi-raksti\/ka-rikoties-ja-suns-nav-ieinteresets-ediena\/\"><em>Te papildus informat\u012bvs raksts par to, ko dar\u012bt, ja suns nav ieinteres\u0113ts \u0113dien\u0101\/gardumos.<\/em><\/a><\/p>\n<h2>\n\t\tAnnas TOP-3 gardumu izv\u0113les savam sunim!\n\t<\/h2>\n\t<h3><img loading=\"lazy\" decoding=\"async\" role=\"img\" draggable=\"false\" src=\"https:\/\/s.w.org\/images\/core\/emoji\/15.0.3\/svg\/2705.svg\" alt=\"\u2705\" width=\"22\" height=\"22\" \/> <strong>Dembites:<\/strong> Kalt\u0113ti liellopa musku\u013cga\u013cas, plau\u0161u, aknu un tesme\u0146a gabali\u0146i, kas tiek ra\u017eoti tepat &#8211; Latvij\u0101! P\u0113c manas pieredzes gar\u0161o gandr\u012bz visiem su\u0146iem.<\/h3>\n<h3><img loading=\"lazy\" decoding=\"async\" role=\"img\" draggable=\"false\" src=\"https:\/\/s.w.org\/images\/core\/emoji\/15.0.3\/svg\/2705.svg\" alt=\"\u2705\" width=\"22\" height=\"22\" \/> <strong>Pala Pets:<\/strong> Kalt\u0113ta ga\u013ca no da\u017e\u0101diem prote\u012bna avotiem &#8211; ar j\u0113ru, liellopu, trusi, p\u012bli un zivi. B\u016bs lielisks variants aler\u0123isku\u00a0 su\u0146u saimniekiem, jo pied\u0101v\u0101 ar\u012b da\u017e\u0101du mazizplat\u012btu prote\u012bnu veidus.\u00a0<\/h3>\n<h3><img loading=\"lazy\" decoding=\"async\" role=\"img\" draggable=\"false\" src=\"https:\/\/s.w.org\/images\/core\/emoji\/15.0.3\/svg\/2705.svg\" alt=\"\u2705\" width=\"22\" height=\"22\" \/> <strong>Best Barf:<\/strong> Liofiliz\u0113ta svaigbar\u012bba. Tiek gatavota, svaigu ga\u013cu apstr\u0101d\u0101jot \u012bpa\u0161i zem\u0101 temperat\u016br\u0101, veid\u0101, kas \u013cauj produktam saglab\u0101t augst\u0101ko uzturv\u0113rt\u012bbu, vienlaikus ieg\u016bstot \u0113rti lietojamu un uzglab\u0101jamu produktu bez konservantu pievieno\u0161anas. <\/h3>\n\t<p><strong>Par &#8220;My Perfect Dog&#8221;<\/strong><\/p>\n&#8220;My Perfect Dog&#8221; ir z\u012bmols, kas reprezent\u0113 lieliskas un harmoniskas attiec\u012bbas su\u0146a un saimnieka starp\u0101, kur saimnieks ir izgl\u012btots un zino\u0161s, savuk\u0101rt suns izprasts un atbilsto\u0161i apr\u016bp\u0113ts, socializ\u0113ts un apm\u0101c\u012bts, balstoties uz pret suni \u0113tisku, dabisku un uz motiv\u0101ciju balst\u012btu apm\u0101c\u012bbu.<br \/>\n\n<p> &#8220;My Perfect Dog&#8221; pied\u0101v\u0101 su\u0146u un vi\u0146u saimnieku apm\u0101c\u012bbu, su\u0146u uzved\u012bbas konsult\u0101cijas, socializ\u0101cijas pastaigas su\u0146iem, k\u0101 ar\u012b teor\u0113tiskus un praktiskus semin\u0101rus saimniekiem.<\/p>\n\t<p><strong>Kategorijas<\/strong><\/p>\n<p><a href=\"https:\/\/myperfectdog.lv\/en\/internetveikals\/\">Internetveikals<\/a><\/p>\n<p><a href=\"https:\/\/myperfectdog.lv\/en\/apmacibu-piedavajums\/\">Apm\u0101c\u012bbu pied\u0101v\u0101jums<\/a><\/p>\n<p><a href=\"https:\/\/myperfectdog.lv\/en\/sunu-aukles\/\">Su\u0146u pieskat\u012b\u0161ana un pastaigas<\/a><\/p>\n<p><a href=\"https:\/\/myperfectdog.lv\/en\/izglitojosi-raksti\/\">Izgl\u012btojo\u0161i materi\u0101li<\/a><\/p>\n<p><a href=\"https:\/\/myperfectdog.lv\/en\/kontakti\/\">Kontakti<\/a><\/p>\n<p><a href=\"https:\/\/myperfectdog.lv\/en\/privatuma-politika\/\">Priv\u0101tuma politika<\/a><\/p>\n\t<p><strong>Sazi\u0146ai<\/strong><\/p>\n\t+371 27993370<br \/>\nliga@myperfectdog.lv\n\t<p><strong>Seko &#8220;My Perfect Dog&#8221;<\/strong><\/p>\n\t\t\t\t<img loading=\"lazy\" decoding=\"async\" src=\"https:\/\/myperfectdog.lv\/wp-content\/uploads\/2020\/09\/PDTE-Logo2-150x150.png\" alt=\"PDTE-Logo2\" itemprop=\"image\" height=\"150\" width=\"150\" title=\"PDTE-Logo2\" onerror=\"this.style.display='none'\"  \/>\n\t<p><strong>Par &#8220;My Perfect Dog&#8221;<\/strong><\/p>\n&#8220;My Perfect Dog&#8221; ir z\u012bmols, kas reprezent\u0113 lieliskas un harmoniskas attiec\u012bbas su\u0146a un saimnieka starp\u0101, kur saimnieks ir izgl\u012btots un zino\u0161s, savuk\u0101rt suns izprasts un atbilsto\u0161i apr\u016bp\u0113ts, socializ\u0113ts un apm\u0101c\u012bts, balstoties uz pret suni \u0113tisku, dabisku un uz motiv\u0101ciju balst\u012btu apm\u0101c\u012bbu.<br \/>\n\n<p> &#8220;My Perfect Dog&#8221; pied\u0101v\u0101 su\u0146u un vi\u0146u saimnieku apm\u0101c\u012bbu, su\u0146u uzved\u012bbas konsult\u0101cijas, socializ\u0101cijas pastaigas su\u0146iem, k\u0101 ar\u012b teor\u0113tiskus un praktiskus semin\u0101rus saimniekiem.<\/p>\n\t<p><strong>Sazi\u0146ai<\/strong><\/p>\n\t+371 27993370<br \/>\nliga@myperfectdog.lv\n\t<p><strong>Seko &#8220;My Perfect Dog&#8221;<\/strong><\/p>\n<h5>\n\t\t<a href=\"https:\/\/myperfectdog.lv\/en\/privatuma-politika\/\" title=\"Priv\u0101tuma politika\" target=\"_self\">\n\t\tPriv\u0101tuma politika\n\t\t<\/a>\n\t<\/h5>","protected":false},"excerpt":{"rendered":"<p>K\u0101 izv\u0113l\u0113ties lab\u0101kos gardumus savam sunim? Gardumu izv\u0113le treni\u0146iem un ikdienai &#8211; t\u0101 ir svar\u012bga t\u0113ma ikvienam su\u0146a saimniekam. K\u0101 neapjukt pla\u0161aj\u0101 veikalu kl\u0101st\u0101 un k\u0101 izv\u0113l\u0113ties lab\u0101kos gardumus savam sunim? K\u0101di ir vesel\u012bgi gardumi un no k\u0101diem gardumiem lab\u0101k izvair\u012bties? Par to &#8211; \u0161aj\u0101 rakst\u0101! Raksta tap\u0161anu konsult\u0113jusi &#8220;My Perfect Dog&#8221; su\u0146u apm\u0101c\u012bbu trenere&hellip;<\/p>","protected":false},"author":1,"featured_media":0,"parent":2210,"menu_order":1,"comment_status":"closed","ping_status":"closed","template":"","meta":{"footnotes":""},"class_list":["post-11267","page","type-page","status-publish","hentry"],"yoast_head":"<!-- This site is optimized with the Yoast SEO plugin v27.6 - https:\/\/yoast.com\/product\/yoast-seo-wordpress\/ -->\n<title>Gardumi sunim | MyPerfectDog.lv<\/title>\n<meta name=\"robots\" content=\"index, follow, max-snippet:-1, max-image-preview:large, max-video-preview:-1\" \/>\n<link rel=\"canonical\" href=\"https:\/\/myperfectdog.lv\/en\/izglitojosi\/gardumi-sunim\/\" \/>\n<meta property=\"og:locale\" content=\"en_GB\" \/>\n<meta property=\"og:type\" content=\"article\" \/>\n<meta property=\"og:title\" content=\"Gardumi sunim | MyPerfectDog.lv\" \/>\n<meta property=\"og:description\" content=\"K\u0101 izv\u0113l\u0113ties lab\u0101kos gardumus savam sunim? Gardumu izv\u0113le treni\u0146iem un ikdienai &#8211; t\u0101 ir svar\u012bga t\u0113ma ikvienam su\u0146a saimniekam. K\u0101 neapjukt pla\u0161aj\u0101 veikalu kl\u0101st\u0101 un k\u0101 izv\u0113l\u0113ties lab\u0101kos gardumus savam sunim? K\u0101di ir vesel\u012bgi gardumi un no k\u0101diem gardumiem lab\u0101k izvair\u012bties? Par to &#8211; \u0161aj\u0101 rakst\u0101! Raksta tap\u0161anu konsult\u0113jusi &#8220;My Perfect Dog&#8221; su\u0146u apm\u0101c\u012bbu trenere&hellip;\" \/>\n<meta property=\"og:url\" content=\"https:\/\/myperfectdog.lv\/en\/izglitojosi\/gardumi-sunim\/\" \/>\n<meta property=\"og:site_name\" content=\"MyPerfectDog.lv\" \/>\n<meta property=\"article:modified_time\" content=\"2025-02-12T09:12:04+00:00\" \/>\n<meta property=\"og:image\" content=\"https:\/\/myperfectdog.lv\/wp-content\/uploads\/2020\/10\/MyPerfectDog-New-logo_peach_plakans.png\" \/>\n<meta name=\"twitter:card\" content=\"summary_large_image\" \/>\n<meta name=\"twitter:label1\" content=\"Estimated reading time\" \/>\n\t<meta name=\"twitter:data1\" content=\"8 minutes\" \/>\n<script type=\"application\/ld+json\" class=\"yoast-schema-graph\">{\"@context\":\"https:\\\/\\\/schema.org\",\"@graph\":[{\"@type\":\"WebPage\",\"@id\":\"https:\\\/\\\/myperfectdog.lv\\\/izglitojosi\\\/gardumi-sunim\\\/\",\"url\":\"https:\\\/\\\/myperfectdog.lv\\\/izglitojosi\\\/gardumi-sunim\\\/\",\"name\":\"Gardumi sunim | MyPerfectDog.lv\",\"isPartOf\":{\"@id\":\"https:\\\/\\\/myperfectdog.lv\\\/#website\"},\"primaryImageOfPage\":{\"@id\":\"https:\\\/\\\/myperfectdog.lv\\\/izglitojosi\\\/gardumi-sunim\\\/#primaryimage\"},\"image\":{\"@id\":\"https:\\\/\\\/myperfectdog.lv\\\/izglitojosi\\\/gardumi-sunim\\\/#primaryimage\"},\"thumbnailUrl\":\"https:\\\/\\\/myperfectdog.lv\\\/wp-content\\\/uploads\\\/2020\\\/10\\\/MyPerfectDog-New-logo_peach_plakans.png\",\"datePublished\":\"2025-02-11T08:38:57+00:00\",\"dateModified\":\"2025-02-12T09:12:04+00:00\",\"breadcrumb\":{\"@id\":\"https:\\\/\\\/myperfectdog.lv\\\/izglitojosi\\\/gardumi-sunim\\\/#breadcrumb\"},\"inLanguage\":\"en-GB\",\"potentialAction\":[{\"@type\":\"ReadAction\",\"target\":[\"https:\\\/\\\/myperfectdog.lv\\\/izglitojosi\\\/gardumi-sunim\\\/\"]}]},{\"@type\":\"ImageObject\",\"inLanguage\":\"en-GB\",\"@id\":\"https:\\\/\\\/myperfectdog.lv\\\/izglitojosi\\\/gardumi-sunim\\\/#primaryimage\",\"url\":\"https:\\\/\\\/myperfectdog.lv\\\/wp-content\\\/uploads\\\/2020\\\/10\\\/MyPerfectDog-New-logo_peach_plakans.png\",\"contentUrl\":\"https:\\\/\\\/myperfectdog.lv\\\/wp-content\\\/uploads\\\/2020\\\/10\\\/MyPerfectDog-New-logo_peach_plakans.png\"},{\"@type\":\"BreadcrumbList\",\"@id\":\"https:\\\/\\\/myperfectdog.lv\\\/izglitojosi\\\/gardumi-sunim\\\/#breadcrumb\",\"itemListElement\":[{\"@type\":\"ListItem\",\"position\":1,\"name\":\"Home\",\"item\":\"https:\\\/\\\/myperfectdog.lv\\\/\"},{\"@type\":\"ListItem\",\"position\":2,\"name\":\"Izgl\u012btojo\u0161i materi\u0101li\",\"item\":\"https:\\\/\\\/myperfectdog.lv\\\/izglitojosi\\\/\"},{\"@type\":\"ListItem\",\"position\":3,\"name\":\"Gardumi sunim\"}]},{\"@type\":\"WebSite\",\"@id\":\"https:\\\/\\\/myperfectdog.lv\\\/#website\",\"url\":\"https:\\\/\\\/myperfectdog.lv\\\/\",\"name\":\"MyPerfectDog.lv\",\"description\":\"Su\u0146u un saimnieku skola\",\"publisher\":{\"@id\":\"https:\\\/\\\/myperfectdog.lv\\\/#organization\"},\"potentialAction\":[{\"@type\":\"SearchAction\",\"target\":{\"@type\":\"EntryPoint\",\"urlTemplate\":\"https:\\\/\\\/myperfectdog.lv\\\/?s={search_term_string}\"},\"query-input\":{\"@type\":\"PropertyValueSpecification\",\"valueRequired\":true,\"valueName\":\"search_term_string\"}}],\"inLanguage\":\"en-GB\"},{\"@type\":\"Organization\",\"@id\":\"https:\\\/\\\/myperfectdog.lv\\\/#organization\",\"name\":\"Su\u0146u & saimnieku skola \\\"My Perfect Dog\\\"\",\"url\":\"https:\\\/\\\/myperfectdog.lv\\\/\",\"logo\":{\"@type\":\"ImageObject\",\"inLanguage\":\"en-GB\",\"@id\":\"https:\\\/\\\/myperfectdog.lv\\\/#\\\/schema\\\/logo\\\/image\\\/\",\"url\":\"https:\\\/\\\/myperfectdog.lv\\\/wp-content\\\/uploads\\\/2020\\\/10\\\/MyPerfectDog-New-logo_peach_plakans.png\",\"contentUrl\":\"https:\\\/\\\/myperfectdog.lv\\\/wp-content\\\/uploads\\\/2020\\\/10\\\/MyPerfectDog-New-logo_peach_plakans.png\",\"width\":1200,\"height\":636,\"caption\":\"Su\u0146u & saimnieku skola \\\"My Perfect Dog\\\"\"},\"image\":{\"@id\":\"https:\\\/\\\/myperfectdog.lv\\\/#\\\/schema\\\/logo\\\/image\\\/\"}}]}<\/script>\n<!-- \/ Yoast SEO plugin. -->","yoast_head_json":{"title":"Gardumi sunim | MyPerfectDog.lv","robots":{"index":"index","follow":"follow","max-snippet":"max-snippet:-1","max-image-preview":"max-image-preview:large","max-video-preview":"max-video-preview:-1"},"canonical":"https:\/\/myperfectdog.lv\/en\/izglitojosi\/gardumi-sunim\/","og_locale":"en_GB","og_type":"article","og_title":"Gardumi sunim | MyPerfectDog.lv","og_description":"K\u0101 izv\u0113l\u0113ties lab\u0101kos gardumus savam sunim? Gardumu izv\u0113le treni\u0146iem un ikdienai &#8211; t\u0101 ir svar\u012bga t\u0113ma ikvienam su\u0146a saimniekam. K\u0101 neapjukt pla\u0161aj\u0101 veikalu kl\u0101st\u0101 un k\u0101 izv\u0113l\u0113ties lab\u0101kos gardumus savam sunim? K\u0101di ir vesel\u012bgi gardumi un no k\u0101diem gardumiem lab\u0101k izvair\u012bties? Par to &#8211; \u0161aj\u0101 rakst\u0101! Raksta tap\u0161anu konsult\u0113jusi &#8220;My Perfect Dog&#8221; su\u0146u apm\u0101c\u012bbu trenere&hellip;","og_url":"https:\/\/myperfectdog.lv\/en\/izglitojosi\/gardumi-sunim\/","og_site_name":"MyPerfectDog.lv","article_modified_time":"2025-02-12T09:12:04+00:00","og_image":[{"url":"https:\/\/myperfectdog.lv\/wp-content\/uploads\/2020\/10\/MyPerfectDog-New-logo_peach_plakans.png","type":"","width":"","height":""}],"twitter_card":"summary_large_image","twitter_misc":{"Estimated reading time":"8 minutes"},"schema":{"@context":"https:\/\/schema.org","@graph":[{"@type":"WebPage","@id":"https:\/\/myperfectdog.lv\/izglitojosi\/gardumi-sunim\/","url":"https:\/\/myperfectdog.lv\/izglitojosi\/gardumi-sunim\/","name":"Gardumi sunim | MyPerfectDog.lv","isPartOf":{"@id":"https:\/\/myperfectdog.lv\/#website"},"primaryImageOfPage":{"@id":"https:\/\/myperfectdog.lv\/izglitojosi\/gardumi-sunim\/#primaryimage"},"image":{"@id":"https:\/\/myperfectdog.lv\/izglitojosi\/gardumi-sunim\/#primaryimage"},"thumbnailUrl":"https:\/\/myperfectdog.lv\/wp-content\/uploads\/2020\/10\/MyPerfectDog-New-logo_peach_plakans.png","datePublished":"2025-02-11T08:38:57+00:00","dateModified":"2025-02-12T09:12:04+00:00","breadcrumb":{"@id":"https:\/\/myperfectdog.lv\/izglitojosi\/gardumi-sunim\/#breadcrumb"},"inLanguage":"en-GB","potentialAction":[{"@type":"ReadAction","target":["https:\/\/myperfectdog.lv\/izglitojosi\/gardumi-sunim\/"]}]},{"@type":"ImageObject","inLanguage":"en-GB","@id":"https:\/\/myperfectdog.lv\/izglitojosi\/gardumi-sunim\/#primaryimage","url":"https:\/\/myperfectdog.lv\/wp-content\/uploads\/2020\/10\/MyPerfectDog-New-logo_peach_plakans.png","contentUrl":"https:\/\/myperfectdog.lv\/wp-content\/uploads\/2020\/10\/MyPerfectDog-New-logo_peach_plakans.png"},{"@type":"BreadcrumbList","@id":"https:\/\/myperfectdog.lv\/izglitojosi\/gardumi-sunim\/#breadcrumb","itemListElement":[{"@type":"ListItem","position":1,"name":"Home","item":"https:\/\/myperfectdog.lv\/"},{"@type":"ListItem","position":2,"name":"Izgl\u012btojo\u0161i materi\u0101li","item":"https:\/\/myperfectdog.lv\/izglitojosi\/"},{"@type":"ListItem","position":3,"name":"Gardumi sunim"}]},{"@type":"WebSite","@id":"https:\/\/myperfectdog.lv\/#website","url":"https:\/\/myperfectdog.lv\/","name":"MyPerfectDog.lv","description":"Su\u0146u un saimnieku skola","publisher":{"@id":"https:\/\/myperfectdog.lv\/#organization"},"potentialAction":[{"@type":"SearchAction","target":{"@type":"EntryPoint","urlTemplate":"https:\/\/myperfectdog.lv\/?s={search_term_string}"},"query-input":{"@type":"PropertyValueSpecification","valueRequired":true,"valueName":"search_term_string"}}],"inLanguage":"en-GB"},{"@type":"Organization","@id":"https:\/\/myperfectdog.lv\/#organization","name":"Su\u0146u & saimnieku skola \"My Perfect Dog\"","url":"https:\/\/myperfectdog.lv\/","logo":{"@type":"ImageObject","inLanguage":"en-GB","@id":"https:\/\/myperfectdog.lv\/#\/schema\/logo\/image\/","url":"https:\/\/myperfectdog.lv\/wp-content\/uploads\/2020\/10\/MyPerfectDog-New-logo_peach_plakans.png","contentUrl":"https:\/\/myperfectdog.lv\/wp-content\/uploads\/2020\/10\/MyPerfectDog-New-logo_peach_plakans.png","width":1200,"height":636,"caption":"Su\u0146u & saimnieku skola \"My Perfect Dog\""},"image":{"@id":"https:\/\/myperfectdog.lv\/#\/schema\/logo\/image\/"}}]}},"jetpack_sharing_enabled":true,"_links":{"self":[{"href":"https:\/\/myperfectdog.lv\/en\/wp-json\/wp\/v2\/pages\/11267","targetHints":{"allow":["GET"]}}],"collection":[{"href":"https:\/\/myperfectdog.lv\/en\/wp-json\/wp\/v2\/pages"}],"about":[{"href":"https:\/\/myperfectdog.lv\/en\/wp-json\/wp\/v2\/types\/page"}],"author":[{"embeddable":true,"href":"https:\/\/myperfectdog.lv\/en\/wp-json\/wp\/v2\/users\/1"}],"replies":[{"embeddable":true,"href":"https:\/\/myperfectdog.lv\/en\/wp-json\/wp\/v2\/comments?post=11267"}],"version-history":[{"count":3,"href":"https:\/\/myperfectdog.lv\/en\/wp-json\/wp\/v2\/pages\/11267\/revisions"}],"predecessor-version":[{"id":11277,"href":"https:\/\/myperfectdog.lv\/en\/wp-json\/wp\/v2\/pages\/11267\/revisions\/11277"}],"up":[{"embeddable":true,"href":"https:\/\/myperfectdog.lv\/en\/wp-json\/wp\/v2\/pages\/2210"}],"wp:attachment":[{"href":"https:\/\/myperfectdog.lv\/en\/wp-json\/wp\/v2\/media?parent=11267"}],"curies":[{"name":"wp","href":"https:\/\/api.w.org\/{rel}","templated":true}]}}