{"id":11401,"date":"2025-03-20T00:08:35","date_gmt":"2025-03-19T22:08:35","guid":{"rendered":"https:\/\/myperfectdog.lv\/?page_id=11401"},"modified":"2025-04-08T11:05:55","modified_gmt":"2025-04-08T09:05:55","slug":"seminars-pirma-palidziba-sunim","status":"publish","type":"page","link":"https:\/\/myperfectdog.lv\/en\/seminars-pirma-palidziba-sunim\/","title":{"rendered":"SEMIN\u0100RS &#8220;PIRM\u0100 PAL\u012aDZ\u012aBA SUNIM&#8221;"},"content":{"rendered":"<h2>\n\t\tT. 27993370 | liga@myperfectdog.lv\n\t<\/h2>\n<h2>\n\t\t(Darba laiks: P.-S. 9.00-21.00, sazi\u0146a zvanot \/ sms \/ whatsapp: 9.00-18.00)\n\t<\/h2>\n<h2>\n\t\tNODARB\u012aBAS PIEEJAMAS:\n\t<\/h2>\n<h2>\n\t\tR\u012aG\u0100, PI\u0145\u0136OS, J\u016aRMAL\u0100, M\u0100RUP\u0112, JELGAV\u0100, CARNIKAV\u0100 UN TO APK\u0100RTN\u0112\n\t<\/h2>\n<h2>\n\t\tT. 27993370 | liga@myperfectdog.lv\n\t<\/h2>\n<h2>\n\t\t(Darba laiks: P-S. 9.00-21.00; sazi\u0146a zvanot \/ sms \/ whatsapp: 9.00-18.00)\n\t<\/h2>\n<h2>\n\t\tNODARB\u012aBAS PIEEJAMAS:\n\t<\/h2>\n<h2>\n\t\tR\u012aG\u0100, PI\u0145\u0136OS, J\u016aRMAL\u0100, M\u0100RUP\u0112, JELGAV\u0100, CARNIKAV\u0100 UN TO APK\u0100RTN\u0112\n\t<\/h2>\n\t\t\t\t<a href=\"https:\/\/myperfectdog.lv\/en\/\" target=\"_self\" itemprop=\"url\">\n\t\t\t\t<img loading=\"lazy\" decoding=\"async\" src=\"https:\/\/myperfectdog.lv\/wp-content\/uploads\/2020\/10\/MyPerfectDog-New-logo_peach_plakans.png\" alt=\"MyPerfectDog-New-logo_peach_plakans\" itemprop=\"image\" height=\"636\" width=\"1200\" title=\"MyPerfectDog-New-logo_peach_plakans\" onerror=\"this.style.display='none'\"  \/>\n\t\t\t\t<\/a>\n\t\t\t\t<a href=\"https:\/\/myperfectdog.lv\/en\/\" target=\"_self\" itemprop=\"url\">\n\t\t\t\t<img loading=\"lazy\" decoding=\"async\" src=\"https:\/\/myperfectdog.lv\/wp-content\/uploads\/2020\/10\/MyPerfectDog-New-logo_peach_plakans.png\" alt=\"MyPerfectDog-New-logo_peach_plakans\" itemprop=\"image\" height=\"636\" width=\"1200\" title=\"MyPerfectDog-New-logo_peach_plakans\" onerror=\"this.style.display='none'\"  \/>\n\t\t\t\t<\/a>\n<h1>\n\t\tPRAKTISKS SEMIN\u0100RS     |     13.APR\u012aL\u012a    |   PLKST.16.00-19.00   |     PRIEDAINES IEL\u0100 11, PI\u0145\u0136OS\n\t<\/h1>\n<h1>\n\t\tSU\u0145U PIRM\u0100S PAL\u012aDZ\u012aBAS APM\u0100C\u012aBA:\n\t<\/h1>\n<h4>\n\t\tPRIM\u0100R\u0100S DZ\u012aV\u012aBAS GL\u0100B\u0160ANAS PRASMES\n\t<\/h4>\n\t<strong>\u0100RK\u0100RTAS SITU\u0100CIJ\u0100S KATRA SEKUNDE IR SVAR\u012aGA!<\/strong><br \/>\nNeatkar\u012bgi no t\u0101, vai Tavs suns ir ievainots, cie\u0161 s\u0101pes vai saskaras ar dz\u012bv\u012bbai b\u012bstamu situ\u0101ciju, Tev zinot, k\u0101 r\u012bkoties, tas var gl\u0101bt Tava su\u0146a dz\u012bv\u012bbu.\n<p>\u0160is praktiskais semin\u0101rs sniegs Tev prasmes un zin\u0101\u0161anas, k\u0101 r\u012bkoties \u0101tri un p\u0101rliecino\u0161i!<\/p>\n\t\t\t<a href=\"https:\/\/myperfectdog.lv\/en\/product\/seminars-pirma-palidziba-sunim\/\" target=\"_self\" role=\"button\">\n\t\t\t\t\t\t\tPIETEIKT DAL\u012aBU\n\t\t\t<\/a>\n\t\t\t\t<img loading=\"lazy\" decoding=\"async\" src=\"https:\/\/myperfectdog.lv\/wp-content\/uploads\/2025\/03\/50.png\" alt=\"50 eiro\" itemprop=\"image\" height=\"1080\" width=\"1080\" title=\"50 eiro\" onerror=\"this.style.display='none'\"  \/>\n\t<p><em><strong>Vietu skaits ierobe\u017eots!<\/strong><\/em><\/p>\n<p>Kopum\u0101 &#8211; 20 dal\u012bbnieki<\/p>\n<p>(10 dal\u012bbas vietas AR SUNI \/ 10 &#8211; BEZ su\u0146a)<\/p>\n<h3>\n\t\tSEMIN\u0100RA T\u0112MAS\n\t<\/h3>\n\t<p><strong>1. <\/strong><strong>P\u0100RSIE\u0160ANA:<\/strong><\/p>\n\t<p>K\u0101 pareizi p\u0101rsiet br\u016bces, lai nov\u0113rstu infekciju un veicin\u0101tu dz\u012b\u0161anu.<\/p>\n\t<p><strong>2. ASI\u0145O\u0160ANAS KONTROLE:<\/strong><\/p>\n\t<p>Metodes asi\u0146o\u0161anas aptur\u0113\u0161anai un \u0161oka nov\u0113r\u0161anai.<\/p>\n\t<p><strong>3. TRAUMU P\u0100RVALD\u012aBA:<\/strong><\/p>\n\t<p>\u00a0K\u0101 r\u012bkoties, ja j\u016bsu suns g\u016bst smagu traumu vai negad\u012bjumu.<\/p>\n\t<p><strong>4. \u0122\u012aBONIS:\u00a0<\/strong><\/p>\n\t<p>Izpratne par to, k\u0101 r\u012bkoties, kad suns no\u0123\u012bbst un k\u0101 vi\u0146u atdz\u012bvin\u0101t.<\/p>\n\t<p><strong>5. SIRDS MAS\u0100\u017dA UN ELPIN\u0100\u0160ANA:<\/strong><\/p>\n\t<p>\u00a0Dz\u012bv\u012bbas gl\u0101b\u0161anas metodes, lai atjaunotu elpo\u0161anu un asinsriti \u0101rk\u0101rtas situ\u0101cij\u0101s.<\/p>\n<h3>\n\t\tSEMIN\u0100RU VAD\u012aS\n\t<\/h3>\n<h3>\n\t\tK\u0100P\u0112C MAN UZTIC\u0112TIES?\n\t<\/h3>\n\t\t\t\t<img loading=\"lazy\" decoding=\"async\" src=\"https:\/\/myperfectdog.lv\/wp-content\/uploads\/2025\/03\/WhatsApp-Image-2025-03-19-at-21.58.40-1.jpeg\" alt=\"Anna Lapo\u0161ka veterin\u0101r\u0101rste pirm\u0101 pal\u012bdz\u012bba su\u0146iem My Perfect Dog\" itemprop=\"image\" height=\"2048\" width=\"1365\" title=\"Anna Lapo\u0161ka veterin\u0101r\u0101rste pirm\u0101 pal\u012bdz\u012bba su\u0146iem My Perfect Dog\" onerror=\"this.style.display='none'\"  \/>\n<h3>\n\t\tAnna Lapo\u0161ka\n\t<\/h3>\n<h4>\n\t\tVETERIN\u0100R\u0100RSTE &#8220;PETCITY&#8221; VETERIN\u0100RAJ\u0100 KL\u012aNIK\u0100 &#038; \n\t<\/h4>\n<h4>\n\t\t&#8220;MY PERFECT DOG&#8221; SU\u0145U UZVED\u012aBAS SPECI\u0100LISTE\n\t<\/h4>\n\t<p>Anna ir ne tikai su\u0146u uzved\u012bbas speci\u0101liste, bet ar\u012b veterin\u0101r\u0101rste ar 6 gadu pieredzi un 2 gadu pieredzi neatliekam\u0101s pal\u012bdz\u012bbas kl\u012bnik\u0101. Anna specializ\u0113jas gan su\u0146u uzved\u012bb\u0101, gan vesel\u012bbas apr\u016bp\u0113. Anna zina un kl\u012bnikas darb\u0101 ir pieredz\u0113jusi &#8211; cik \u013coti svar\u012bgi su\u0146u \u012bpa\u0161niekiem ir b\u016bt gataviem \u0101rk\u0101rtas situ\u0101cij\u0101m!<\/p>\n<p>&#8220;Esmu ap\u0146\u0113musies nodro\u0161in\u0101t, lai J\u016bs justos p\u0101rliecin\u0101ti un sp\u0113j\u012bgi, kad runa ir par r\u016bp\u0113m par savu suni kr\u012bzes situ\u0101cij\u0101,&#8221; piebilst Anna Lapo\u0161ka.<\/p>\n<h3>\n\t\t13.apr\u012blis, sv\u0113tdiena\n\t<\/h3>\n<h3>\n\t\tPlkst.\n\t<\/h3>\n<h3>\n\t\t16.00-19.00\n\t<\/h3>\n<h3>\n\t\t&#8220;Aurora Fit&#038;Show&#8221; telp\u0101s, Priedaines iel\u0101 11, Pi\u0146\u0137os\n\t<\/h3>\n<h3>\n\t\t20 dal\u012bbas vietas\n\t<\/h3>\n\t<p>(10 dal\u012bbas vietas AR suni \/ 10 &#8211; BEZ su\u0146a)<\/p>\n<h3>\n\t\tDal\u012bbas maksa: 50 eiro\n\t<\/h3>\n<h3>\n\t\tJa netiec kl\u0101tien\u0113&#8230; NERAIZ\u0112JIES!\n\t<\/h3>\n<h3>\n\t\tAnna Tev ir sagatavojusi ar\u012b online kursu &#8220;Pirm\u0101 pal\u012bdz\u012bba sunim&#8221;\n\t<\/h3>\n\t\t\t\t<a href=\"https:\/\/myperfectdog.lv\/en\/product\/online-kursi\/\" target=\"_blank\" rel=\"noopener\"  itemprop=\"url\">\n\t\t\t\t<img loading=\"lazy\" decoding=\"async\" src=\"https:\/\/myperfectdog.lv\/wp-content\/uploads\/2024\/07\/MyPerfectDog-nodarbibas-4.png\" alt=\"MyPerfectDog nodarbi\u0304bas (4)\" itemprop=\"image\" height=\"1080\" width=\"1080\" title=\"MyPerfectDog nodarbi\u0304bas (4)\" onerror=\"this.style.display='none'\"  \/>\n\t\t\t\t<\/a>\n\t\t\t<a href=\"https:\/\/myperfectdog.lv\/en\/product\/online-kursi\/\" target=\"_blank\" role=\"button\" rel=\"noopener\">\n\t\t\t\t\t\t\tUzzini vair\u0101k te\n\t\t\t<\/a>\n\t<h2><strong><\/strong><strong>V\u0112LOS PIEDAL\u012aTIES &#8220;PIRM\u0100 PAL\u012aDZ\u012aBA SU\u0145IEM&#8221; SEMIN\u0100R\u0100!<\/strong><\/h2>\n\t\t\t\tDay\n\t\t\t\tHour\n\t\t\t\tMinute\n\t\t\t\tSecond\n\t\t\t\tDay\n\t\t\t\tHour\n\t\t\t\tMinute\n\t\t\t\tSecond\n\t\t\t<a href=\"https:\/\/myperfectdog.lv\/en\/product\/seminars-pirma-palidziba-sunim\/\" target=\"_self\" role=\"button\">\n\t\t\t\t\t\t\tPIETEIKT DAL\u012aBU\n\t\t\t<\/a>\n\t<p><strong>Par &#8220;My Perfect Dog&#8221;<\/strong><\/p>\n&#8220;My Perfect Dog&#8221; ir z\u012bmols, kas reprezent\u0113 lieliskas un harmoniskas attiec\u012bbas su\u0146a un saimnieka starp\u0101, kur saimnieks ir izgl\u012btots un zino\u0161s, savuk\u0101rt suns izprasts un atbilsto\u0161i apr\u016bp\u0113ts, socializ\u0113ts un apm\u0101c\u012bts, balstoties uz pret suni \u0113tisku, dabisku un uz motiv\u0101ciju balst\u012btu apm\u0101c\u012bbu.<br \/>\n\n<p> &#8220;My Perfect Dog&#8221; pied\u0101v\u0101 su\u0146u un vi\u0146u saimnieku apm\u0101c\u012bbu, su\u0146u uzved\u012bbas konsult\u0101cijas, socializ\u0101cijas pastaigas su\u0146iem, k\u0101 ar\u012b teor\u0113tiskus un praktiskus semin\u0101rus saimniekiem.<\/p>\n\t<p><strong>Sazi\u0146ai<\/strong><\/p>\n\t+371 27993370<br \/>\nliga@myperfectdog.lv\n\t<p><strong>Seko &#8220;My Perfect Dog&#8221;<\/strong><\/p>\n<h5>\n\t\t<a href=\"https:\/\/myperfectdog.lv\/en\/privatuma-politika\/\" title=\"Priv\u0101tuma politika\" target=\"_self\">\n\t\tPriv\u0101tuma politika\n\t\t<\/a>\n\t<\/h5>\n\t<p><strong>Par &#8220;My Perfect Dog&#8221;<\/strong><\/p>\n&#8220;My Perfect Dog&#8221; ir z\u012bmols, kas reprezent\u0113 lieliskas un harmoniskas attiec\u012bbas su\u0146a un saimnieka starp\u0101, kur saimnieks ir izgl\u012btots un zino\u0161s, savuk\u0101rt suns izprasts un atbilsto\u0161i apr\u016bp\u0113ts, socializ\u0113ts un apm\u0101c\u012bts, balstoties uz pret suni \u0113tisku, dabisku un uz motiv\u0101ciju balst\u012btu apm\u0101c\u012bbu.<br \/>\n\n<p> &#8220;My Perfect Dog&#8221; pied\u0101v\u0101 su\u0146u un vi\u0146u saimnieku apm\u0101c\u012bbu, su\u0146u uzved\u012bbas konsult\u0101cijas, socializ\u0101cijas pastaigas su\u0146iem, k\u0101 ar\u012b teor\u0113tiskus un praktiskus semin\u0101rus saimniekiem.<\/p>\n\t<p><strong>Kategorijas<\/strong><\/p>\n<p><a href=\"https:\/\/myperfectdog.lv\/en\/internetveikals\/\">Internetveikals<\/a><\/p>\n<p><a href=\"https:\/\/myperfectdog.lv\/en\/apmacibu-piedavajums\/\">Apm\u0101c\u012bbu pied\u0101v\u0101jums<\/a><\/p>\n<p><a href=\"https:\/\/myperfectdog.lv\/en\/sunu-aukles\/\">Su\u0146u pieskat\u012b\u0161ana un pastaigas<\/a><\/p>\n<p><a href=\"https:\/\/myperfectdog.lv\/en\/izglitojosi-raksti\/\">Izgl\u012btojo\u0161i materi\u0101li<\/a><\/p>\n<p><a href=\"https:\/\/myperfectdog.lv\/en\/kontakti\/\">Kontakti<\/a><\/p>\n<p><a href=\"https:\/\/myperfectdog.lv\/en\/privatuma-politika\/\">Priv\u0101tuma politika<\/a><\/p>\n\t<p><strong>Sazi\u0146ai<\/strong><\/p>\n\t+371 27993370<br \/>\nliga@myperfectdog.lv\n\t<p><strong>Seko &#8220;My Perfect Dog&#8221;<\/strong><\/p>\n\t\t\t\t<img loading=\"lazy\" decoding=\"async\" src=\"https:\/\/myperfectdog.lv\/wp-content\/uploads\/2020\/09\/PDTE-Logo2-150x150.png\" alt=\"PDTE-Logo2\" itemprop=\"image\" height=\"150\" width=\"150\" title=\"PDTE-Logo2\" onerror=\"this.style.display='none'\"  \/>","protected":false},"excerpt":{"rendered":"<p>T. 27993370 | liga@myperfectdog.lv (Darba laiks: P.-S. 9.00-21.00, sazi\u0146a zvanot \/ sms \/ whatsapp: 9.00-18.00) NODARB\u012aBAS PIEEJAMAS: R\u012aG\u0100, PI\u0145\u0136OS, J\u016aRMAL\u0100, M\u0100RUP\u0112, JELGAV\u0100, CARNIKAV\u0100 UN TO APK\u0100RTN\u0112 T. 27993370 | liga@myperfectdog.lv (Darba laiks: P-S. 9.00-21.00; sazi\u0146a zvanot \/ sms \/ whatsapp: 9.00-18.00) NODARB\u012aBAS PIEEJAMAS: R\u012aG\u0100, PI\u0145\u0136OS, J\u016aRMAL\u0100, M\u0100RUP\u0112, JELGAV\u0100, CARNIKAV\u0100 UN TO APK\u0100RTN\u0112 PRAKTISKS SEMIN\u0100RS |&hellip;<\/p>","protected":false},"author":1,"featured_media":8500,"parent":0,"menu_order":0,"comment_status":"closed","ping_status":"closed","template":"","meta":{"footnotes":""},"class_list":["post-11401","page","type-page","status-publish","has-post-thumbnail","hentry"],"yoast_head":"<!-- This site is optimized with the Yoast SEO plugin v27.5 - https:\/\/yoast.com\/product\/yoast-seo-wordpress\/ -->\n<title>SEMIN\u0100RS &quot;PIRM\u0100 PAL\u012aDZ\u012aBA SUNIM&quot; | MyPerfectDog.lv<\/title>\n<meta name=\"robots\" content=\"index, follow, max-snippet:-1, max-image-preview:large, max-video-preview:-1\" \/>\n<link rel=\"canonical\" href=\"https:\/\/myperfectdog.lv\/en\/seminars-pirma-palidziba-sunim\/\" \/>\n<meta property=\"og:locale\" content=\"en_GB\" \/>\n<meta property=\"og:type\" content=\"article\" \/>\n<meta property=\"og:title\" content=\"SEMIN\u0100RS &quot;PIRM\u0100 PAL\u012aDZ\u012aBA SUNIM&quot; | MyPerfectDog.lv\" \/>\n<meta property=\"og:description\" content=\"T. 27993370 | liga@myperfectdog.lv (Darba laiks: P.-S. 9.00-21.00, sazi\u0146a zvanot \/ sms \/ whatsapp: 9.00-18.00) NODARB\u012aBAS PIEEJAMAS: R\u012aG\u0100, PI\u0145\u0136OS, J\u016aRMAL\u0100, M\u0100RUP\u0112, JELGAV\u0100, CARNIKAV\u0100 UN TO APK\u0100RTN\u0112 T. 27993370 | liga@myperfectdog.lv (Darba laiks: P-S. 9.00-21.00; sazi\u0146a zvanot \/ sms \/ whatsapp: 9.00-18.00) NODARB\u012aBAS PIEEJAMAS: R\u012aG\u0100, PI\u0145\u0136OS, J\u016aRMAL\u0100, M\u0100RUP\u0112, JELGAV\u0100, CARNIKAV\u0100 UN TO APK\u0100RTN\u0112 PRAKTISKS SEMIN\u0100RS |&hellip;\" \/>\n<meta property=\"og:url\" content=\"https:\/\/myperfectdog.lv\/en\/seminars-pirma-palidziba-sunim\/\" \/>\n<meta property=\"og:site_name\" content=\"MyPerfectDog.lv\" \/>\n<meta property=\"article:modified_time\" content=\"2025-04-08T09:05:55+00:00\" \/>\n<meta property=\"og:image\" content=\"https:\/\/myperfectdog.lv\/wp-content\/uploads\/2024\/01\/267.png\" \/>\n\t<meta property=\"og:image:width\" content=\"1080\" \/>\n\t<meta property=\"og:image:height\" content=\"1080\" \/>\n\t<meta property=\"og:image:type\" content=\"image\/png\" \/>\n<meta name=\"twitter:card\" content=\"summary_large_image\" \/>\n<meta name=\"twitter:label1\" content=\"Estimated reading time\" \/>\n\t<meta name=\"twitter:data1\" content=\"11 minutes\" \/>\n<script type=\"application\/ld+json\" class=\"yoast-schema-graph\">{\"@context\":\"https:\\\/\\\/schema.org\",\"@graph\":[{\"@type\":\"WebPage\",\"@id\":\"https:\\\/\\\/myperfectdog.lv\\\/seminars-pirma-palidziba-sunim\\\/\",\"url\":\"https:\\\/\\\/myperfectdog.lv\\\/seminars-pirma-palidziba-sunim\\\/\",\"name\":\"SEMIN\u0100RS \\\"PIRM\u0100 PAL\u012aDZ\u012aBA SUNIM\\\" | MyPerfectDog.lv\",\"isPartOf\":{\"@id\":\"https:\\\/\\\/myperfectdog.lv\\\/#website\"},\"primaryImageOfPage\":{\"@id\":\"https:\\\/\\\/myperfectdog.lv\\\/seminars-pirma-palidziba-sunim\\\/#primaryimage\"},\"image\":{\"@id\":\"https:\\\/\\\/myperfectdog.lv\\\/seminars-pirma-palidziba-sunim\\\/#primaryimage\"},\"thumbnailUrl\":\"https:\\\/\\\/myperfectdog.lv\\\/wp-content\\\/uploads\\\/2024\\\/01\\\/267.png\",\"datePublished\":\"2025-03-19T22:08:35+00:00\",\"dateModified\":\"2025-04-08T09:05:55+00:00\",\"breadcrumb\":{\"@id\":\"https:\\\/\\\/myperfectdog.lv\\\/seminars-pirma-palidziba-sunim\\\/#breadcrumb\"},\"inLanguage\":\"en-GB\",\"potentialAction\":[{\"@type\":\"ReadAction\",\"target\":[\"https:\\\/\\\/myperfectdog.lv\\\/seminars-pirma-palidziba-sunim\\\/\"]}]},{\"@type\":\"ImageObject\",\"inLanguage\":\"en-GB\",\"@id\":\"https:\\\/\\\/myperfectdog.lv\\\/seminars-pirma-palidziba-sunim\\\/#primaryimage\",\"url\":\"https:\\\/\\\/myperfectdog.lv\\\/wp-content\\\/uploads\\\/2024\\\/01\\\/267.png\",\"contentUrl\":\"https:\\\/\\\/myperfectdog.lv\\\/wp-content\\\/uploads\\\/2024\\\/01\\\/267.png\",\"width\":1080,\"height\":1080},{\"@type\":\"BreadcrumbList\",\"@id\":\"https:\\\/\\\/myperfectdog.lv\\\/seminars-pirma-palidziba-sunim\\\/#breadcrumb\",\"itemListElement\":[{\"@type\":\"ListItem\",\"position\":1,\"name\":\"Home\",\"item\":\"https:\\\/\\\/myperfectdog.lv\\\/\"},{\"@type\":\"ListItem\",\"position\":2,\"name\":\"SEMIN\u0100RS &#8220;PIRM\u0100 PAL\u012aDZ\u012aBA SUNIM&#8221;\"}]},{\"@type\":\"WebSite\",\"@id\":\"https:\\\/\\\/myperfectdog.lv\\\/#website\",\"url\":\"https:\\\/\\\/myperfectdog.lv\\\/\",\"name\":\"MyPerfectDog.lv\",\"description\":\"Su\u0146u un saimnieku skola\",\"publisher\":{\"@id\":\"https:\\\/\\\/myperfectdog.lv\\\/#organization\"},\"potentialAction\":[{\"@type\":\"SearchAction\",\"target\":{\"@type\":\"EntryPoint\",\"urlTemplate\":\"https:\\\/\\\/myperfectdog.lv\\\/?s={search_term_string}\"},\"query-input\":{\"@type\":\"PropertyValueSpecification\",\"valueRequired\":true,\"valueName\":\"search_term_string\"}}],\"inLanguage\":\"en-GB\"},{\"@type\":\"Organization\",\"@id\":\"https:\\\/\\\/myperfectdog.lv\\\/#organization\",\"name\":\"Su\u0146u & saimnieku skola \\\"My Perfect Dog\\\"\",\"url\":\"https:\\\/\\\/myperfectdog.lv\\\/\",\"logo\":{\"@type\":\"ImageObject\",\"inLanguage\":\"en-GB\",\"@id\":\"https:\\\/\\\/myperfectdog.lv\\\/#\\\/schema\\\/logo\\\/image\\\/\",\"url\":\"https:\\\/\\\/myperfectdog.lv\\\/wp-content\\\/uploads\\\/2020\\\/10\\\/MyPerfectDog-New-logo_peach_plakans.png\",\"contentUrl\":\"https:\\\/\\\/myperfectdog.lv\\\/wp-content\\\/uploads\\\/2020\\\/10\\\/MyPerfectDog-New-logo_peach_plakans.png\",\"width\":1200,\"height\":636,\"caption\":\"Su\u0146u & saimnieku skola \\\"My Perfect Dog\\\"\"},\"image\":{\"@id\":\"https:\\\/\\\/myperfectdog.lv\\\/#\\\/schema\\\/logo\\\/image\\\/\"}}]}<\/script>\n<!-- \/ Yoast SEO plugin. -->","yoast_head_json":{"title":"SEMIN\u0100RS \"PIRM\u0100 PAL\u012aDZ\u012aBA SUNIM\" | MyPerfectDog.lv","robots":{"index":"index","follow":"follow","max-snippet":"max-snippet:-1","max-image-preview":"max-image-preview:large","max-video-preview":"max-video-preview:-1"},"canonical":"https:\/\/myperfectdog.lv\/en\/seminars-pirma-palidziba-sunim\/","og_locale":"en_GB","og_type":"article","og_title":"SEMIN\u0100RS \"PIRM\u0100 PAL\u012aDZ\u012aBA SUNIM\" | MyPerfectDog.lv","og_description":"T. 27993370 | liga@myperfectdog.lv (Darba laiks: P.-S. 9.00-21.00, sazi\u0146a zvanot \/ sms \/ whatsapp: 9.00-18.00) NODARB\u012aBAS PIEEJAMAS: R\u012aG\u0100, PI\u0145\u0136OS, J\u016aRMAL\u0100, M\u0100RUP\u0112, JELGAV\u0100, CARNIKAV\u0100 UN TO APK\u0100RTN\u0112 T. 27993370 | liga@myperfectdog.lv (Darba laiks: P-S. 9.00-21.00; sazi\u0146a zvanot \/ sms \/ whatsapp: 9.00-18.00) NODARB\u012aBAS PIEEJAMAS: R\u012aG\u0100, PI\u0145\u0136OS, J\u016aRMAL\u0100, M\u0100RUP\u0112, JELGAV\u0100, CARNIKAV\u0100 UN TO APK\u0100RTN\u0112 PRAKTISKS SEMIN\u0100RS |&hellip;","og_url":"https:\/\/myperfectdog.lv\/en\/seminars-pirma-palidziba-sunim\/","og_site_name":"MyPerfectDog.lv","article_modified_time":"2025-04-08T09:05:55+00:00","og_image":[{"width":1080,"height":1080,"url":"https:\/\/myperfectdog.lv\/wp-content\/uploads\/2024\/01\/267.png","type":"image\/png"}],"twitter_card":"summary_large_image","twitter_misc":{"Estimated reading time":"11 minutes"},"schema":{"@context":"https:\/\/schema.org","@graph":[{"@type":"WebPage","@id":"https:\/\/myperfectdog.lv\/seminars-pirma-palidziba-sunim\/","url":"https:\/\/myperfectdog.lv\/seminars-pirma-palidziba-sunim\/","name":"SEMIN\u0100RS \"PIRM\u0100 PAL\u012aDZ\u012aBA SUNIM\" | MyPerfectDog.lv","isPartOf":{"@id":"https:\/\/myperfectdog.lv\/#website"},"primaryImageOfPage":{"@id":"https:\/\/myperfectdog.lv\/seminars-pirma-palidziba-sunim\/#primaryimage"},"image":{"@id":"https:\/\/myperfectdog.lv\/seminars-pirma-palidziba-sunim\/#primaryimage"},"thumbnailUrl":"https:\/\/myperfectdog.lv\/wp-content\/uploads\/2024\/01\/267.png","datePublished":"2025-03-19T22:08:35+00:00","dateModified":"2025-04-08T09:05:55+00:00","breadcrumb":{"@id":"https:\/\/myperfectdog.lv\/seminars-pirma-palidziba-sunim\/#breadcrumb"},"inLanguage":"en-GB","potentialAction":[{"@type":"ReadAction","target":["https:\/\/myperfectdog.lv\/seminars-pirma-palidziba-sunim\/"]}]},{"@type":"ImageObject","inLanguage":"en-GB","@id":"https:\/\/myperfectdog.lv\/seminars-pirma-palidziba-sunim\/#primaryimage","url":"https:\/\/myperfectdog.lv\/wp-content\/uploads\/2024\/01\/267.png","contentUrl":"https:\/\/myperfectdog.lv\/wp-content\/uploads\/2024\/01\/267.png","width":1080,"height":1080},{"@type":"BreadcrumbList","@id":"https:\/\/myperfectdog.lv\/seminars-pirma-palidziba-sunim\/#breadcrumb","itemListElement":[{"@type":"ListItem","position":1,"name":"Home","item":"https:\/\/myperfectdog.lv\/"},{"@type":"ListItem","position":2,"name":"SEMIN\u0100RS &#8220;PIRM\u0100 PAL\u012aDZ\u012aBA SUNIM&#8221;"}]},{"@type":"WebSite","@id":"https:\/\/myperfectdog.lv\/#website","url":"https:\/\/myperfectdog.lv\/","name":"MyPerfectDog.lv","description":"Su\u0146u un saimnieku skola","publisher":{"@id":"https:\/\/myperfectdog.lv\/#organization"},"potentialAction":[{"@type":"SearchAction","target":{"@type":"EntryPoint","urlTemplate":"https:\/\/myperfectdog.lv\/?s={search_term_string}"},"query-input":{"@type":"PropertyValueSpecification","valueRequired":true,"valueName":"search_term_string"}}],"inLanguage":"en-GB"},{"@type":"Organization","@id":"https:\/\/myperfectdog.lv\/#organization","name":"Su\u0146u & saimnieku skola \"My Perfect Dog\"","url":"https:\/\/myperfectdog.lv\/","logo":{"@type":"ImageObject","inLanguage":"en-GB","@id":"https:\/\/myperfectdog.lv\/#\/schema\/logo\/image\/","url":"https:\/\/myperfectdog.lv\/wp-content\/uploads\/2020\/10\/MyPerfectDog-New-logo_peach_plakans.png","contentUrl":"https:\/\/myperfectdog.lv\/wp-content\/uploads\/2020\/10\/MyPerfectDog-New-logo_peach_plakans.png","width":1200,"height":636,"caption":"Su\u0146u & saimnieku skola \"My Perfect Dog\""},"image":{"@id":"https:\/\/myperfectdog.lv\/#\/schema\/logo\/image\/"}}]}},"jetpack_sharing_enabled":true,"_links":{"self":[{"href":"https:\/\/myperfectdog.lv\/en\/wp-json\/wp\/v2\/pages\/11401","targetHints":{"allow":["GET"]}}],"collection":[{"href":"https:\/\/myperfectdog.lv\/en\/wp-json\/wp\/v2\/pages"}],"about":[{"href":"https:\/\/myperfectdog.lv\/en\/wp-json\/wp\/v2\/types\/page"}],"author":[{"embeddable":true,"href":"https:\/\/myperfectdog.lv\/en\/wp-json\/wp\/v2\/users\/1"}],"replies":[{"embeddable":true,"href":"https:\/\/myperfectdog.lv\/en\/wp-json\/wp\/v2\/comments?post=11401"}],"version-history":[{"count":30,"href":"https:\/\/myperfectdog.lv\/en\/wp-json\/wp\/v2\/pages\/11401\/revisions"}],"predecessor-version":[{"id":11603,"href":"https:\/\/myperfectdog.lv\/en\/wp-json\/wp\/v2\/pages\/11401\/revisions\/11603"}],"wp:featuredmedia":[{"embeddable":true,"href":"https:\/\/myperfectdog.lv\/en\/wp-json\/wp\/v2\/media\/8500"}],"wp:attachment":[{"href":"https:\/\/myperfectdog.lv\/en\/wp-json\/wp\/v2\/media?parent=11401"}],"curies":[{"name":"wp","href":"https:\/\/api.w.org\/{rel}","templated":true}]}}