{"id":11558,"date":"2025-04-02T22:53:39","date_gmt":"2025-04-02T20:53:39","guid":{"rendered":"https:\/\/myperfectdog.lv\/?page_id=11558"},"modified":"2025-04-02T22:55:03","modified_gmt":"2025-04-02T20:55:03","slug":"treninu-grafiks-pieteiksanas","status":"publish","type":"page","link":"https:\/\/myperfectdog.lv\/en\/treninu-grafiks-pieteiksanas\/","title":{"rendered":"Treni\u0146u grafiks &#038; pieteik\u0161an\u0101s"},"content":{"rendered":"<h2>\n\t\tT. 27993370 | liga@myperfectdog.lv\n\t<\/h2>\n<h2>\n\t\t(Darba laiks: P.-S. 9.00-21.00, sazi\u0146a zvanot \/ sms \/ whatsapp: 9.00-18.00)\n\t<\/h2>\n<h2>\n\t\tNODARB\u012aBAS PIEEJAMAS:\n\t<\/h2>\n<h2>\n\t\tR\u012aG\u0100, PI\u0145\u0136OS, J\u016aRMAL\u0100, M\u0100RUP\u0112, JELGAV\u0100, CARNIKAV\u0100 UN TO APK\u0100RTN\u0112\n\t<\/h2>\n<h2>\n\t\tT. 27993370 | liga@myperfectdog.lv\n\t<\/h2>\n<h2>\n\t\t(Darba laiks: P-S. 9.00-21.00; sazi\u0146a zvanot \/ sms \/ whatsapp: 9.00-18.00)\n\t<\/h2>\n<h2>\n\t\tNODARB\u012aBAS PIEEJAMAS:\n\t<\/h2>\n<h2>\n\t\tR\u012aG\u0100, PI\u0145\u0136OS, J\u016aRMAL\u0100, M\u0100RUP\u0112, JELGAV\u0100, CARNIKAV\u0100 UN TO APK\u0100RTN\u0112\n\t<\/h2>\n\t\t\t\t<a href=\"https:\/\/myperfectdog.lv\/en\/\" target=\"_self\" itemprop=\"url\">\n\t\t\t\t<img loading=\"lazy\" decoding=\"async\" src=\"https:\/\/myperfectdog.lv\/wp-content\/uploads\/2020\/10\/MyPerfectDog-New-logo_peach_plakans.png\" alt=\"MyPerfectDog-New-logo_peach_plakans\" itemprop=\"image\" height=\"636\" width=\"1200\" title=\"MyPerfectDog-New-logo_peach_plakans\" onerror=\"this.style.display='none'\"  \/>\n\t\t\t\t<\/a>\n\t\t\t\t<a href=\"https:\/\/myperfectdog.lv\/en\/\" target=\"_self\" itemprop=\"url\">\n\t\t\t\t<img loading=\"lazy\" decoding=\"async\" src=\"https:\/\/myperfectdog.lv\/wp-content\/uploads\/2020\/10\/MyPerfectDog-New-logo_peach_plakans.png\" alt=\"MyPerfectDog-New-logo_peach_plakans\" itemprop=\"image\" height=\"636\" width=\"1200\" title=\"MyPerfectDog-New-logo_peach_plakans\" onerror=\"this.style.display='none'\"  \/>\n\t\t\t\t<\/a>\n<h1>\n\t\tTRENI\u0145U GRAFIKS &#038; PIETEIK\u0160AN\u0100S\n\t<\/h1>\n\t<!-- Elfsight Event Calendar | NODARB\u012aBU GRAFIKS -->\n<h2>\n\t\t&#8220;My Perfect Dog&#8221; apm\u0101c\u012bbu pied\u0101v\u0101jums\n\t<\/h2>\n\t\t\t\t<a href=\"https:\/\/myperfectdog.lv\/en\/seminari\/\" target=\"_blank\" rel=\"noopener\"  itemprop=\"url\">\n\t\t\t\t<img loading=\"lazy\" decoding=\"async\" src=\"https:\/\/myperfectdog.lv\/wp-content\/uploads\/bb-plugin\/cache\/myperfectdog-19-panorama.png\" alt=\"myperfectdog-19\" itemprop=\"image\" height=\"1182\" width=\"1182\" title=\"myperfectdog-19\" onerror=\"this.style.display='none'\"  \/>\n\t\t\t\t<\/a>\n<h3><a href=\"https:\/\/myperfectdog.lv\/en\/seminari\/\" target=\"_blank\">Online kursi &#038; semin\u0101ri<\/a><\/h3>\t\t\n\t\t\t<p>Pied\u0101v\u0101jam su\u0146u saimniekiem noder\u012bgus teor\u0113tiskus un praktiskus semin\u0101rus un online kursus, lai izgl\u012btotu saimniekus, pal\u012bdz\u0113tu izprast su\u0146us, to uzved\u012bbu un apm\u0101c\u012bbu.<\/p>\n\t\t\t<a href=\"https:\/\/myperfectdog.lv\/en\/seminari\/\" target=\"_blank\" role=\"button\" rel=\"noopener\">\n\t\t\t\t\t\t\tLas\u012bt vair\u0101k\n\t\t\t\t\t<\/a>\n\t\t\t\t<a href=\"https:\/\/myperfectdog.lv\/en\/individualas-nodarbibas-uzvedibas-konsultacijas\/\" target=\"_self\" itemprop=\"url\">\n\t\t\t\t<img loading=\"lazy\" decoding=\"async\" src=\"https:\/\/myperfectdog.lv\/wp-content\/uploads\/bb-plugin\/cache\/myperfectdog-04-landscape.png\" alt=\"myperfectdog-04\" itemprop=\"image\" height=\"1182\" width=\"1182\" title=\"myperfectdog-04\" onerror=\"this.style.display='none'\"  \/>\n\t\t\t\t<\/a>\n<h3><a href=\"https:\/\/myperfectdog.lv\/en\/individualas-nodarbibas-uzvedibas-konsultacijas\/\" target=\"_self\">Individu\u0101l\u0101s nodarb\u012bbas<\/a><\/h3>\t\t\n\t\t\t<p>Daudzveid\u012bgas nodarb\u012bbas, kuru strukt\u016bra sagatavota konkr\u0113ti J\u016bsu su\u0146a nepiecie\u0161am\u012bb\u0101m un zin\u0101\u0161an\u0101m.<\/p>\n<p><em>Nodarb\u012bbas pieejamas gan kl\u0101tien\u0113, gan att\u0101lin\u0101ti caur Google Meet.<\/em><\/p>\n\t\t\t<a href=\"https:\/\/myperfectdog.lv\/en\/individualas-nodarbibas-uzvedibas-konsultacijas\/\" target=\"_self\" role=\"button\">\n\t\t\t\t\t\t\tLas\u012bt vair\u0101k\n\t\t\t\t\t<\/a>\n\t\t\t\t<a href=\"https:\/\/myperfectdog.lv\/en\/individualas-nodarbibas-uzvedibas-konsultacijas\/\" target=\"_self\" itemprop=\"url\">\n\t\t\t\t<img loading=\"lazy\" decoding=\"async\" src=\"https:\/\/myperfectdog.lv\/wp-content\/uploads\/bb-plugin\/cache\/myperfectdog-14-landscape.png\" alt=\"myperfectdog-14\" itemprop=\"image\" height=\"1182\" width=\"1182\" title=\"myperfectdog-14\" onerror=\"this.style.display='none'\"  \/>\n\t\t\t\t<\/a>\n<h3><a href=\"https:\/\/myperfectdog.lv\/en\/individualas-nodarbibas-uzvedibas-konsultacijas\/\" target=\"_self\">Uzved\u012bbas konsult\u0101cijas<\/a><\/h3>\t\t\n\t\t\t<p>2 stundu uzved\u012bbas konsult\u0101cija, kur detaliz\u0113ti p\u0101rrun\u0101jam, izanaliz\u0113jam un sast\u0101dam praktisku 5 so\u013cu uzved\u012bbas mai\u0146as pl\u0101nu su\u0146a probl\u0113muzved\u012bbas risin\u0101\u0161anai un dz\u012bves kvalit\u0101tes uzlabo\u0161anai.<\/p>\n<p><em>Konsult\u0101cija pieejama gan kl\u0101tien\u0113, gan att\u0101lin\u0101ti caur Google Meet.<\/em><\/p>\n\t\t\t<a href=\"https:\/\/myperfectdog.lv\/en\/individualas-nodarbibas-uzvedibas-konsultacijas\/\" target=\"_self\" role=\"button\">\n\t\t\t\t\t\t\tLas\u012bt vair\u0101k\n\t\t\t\t\t<\/a>\n\t\t\t\t<a href=\"https:\/\/myperfectdog.lv\/en\/grupu-nodarbibas\/\" target=\"_self\" itemprop=\"url\">\n\t\t\t\t<img loading=\"lazy\" decoding=\"async\" src=\"https:\/\/myperfectdog.lv\/wp-content\/uploads\/bb-plugin\/cache\/myperfectdog-10-landscape.png\" alt=\"myperfectdog-10\" itemprop=\"image\" height=\"1182\" width=\"1182\" title=\"myperfectdog-10\" onerror=\"this.style.display='none'\"  \/>\n\t\t\t\t<\/a>\n<h3><a href=\"https:\/\/myperfectdog.lv\/en\/grupu-nodarbibas\/\" target=\"_self\">Grupu nodarb\u012bbas<\/a><\/h3>\t\t\n\t\t\t<p>Pied\u0101v\u0101jam vair\u0101ku l\u012bme\u0146u grupu nodarb\u012bbas, lai apm\u0101c\u012bbas saturs b\u016btu piem\u0113rots ikvienam sunim: pamatkonceptu apm\u0101c\u012bbas kursus, k\u0101 ar\u012b &#8220;Real life&#8221; treni\u0146us, kur tiek nostiprin\u0101ta sadarb\u012bba sunim ar saimnieku citu cilv\u0113ku, su\u0146u, ka\u0137u, putnu, transportl\u012bdzek\u013cu tuvum\u0101 gan \u0101r\u0101, gan iek\u0161telp\u0101s.<\/p>\n\t\t\t<a href=\"https:\/\/myperfectdog.lv\/en\/grupu-nodarbibas\/\" target=\"_self\" role=\"button\">\n\t\t\t\t\t\t\tLas\u012bt vair\u0101k\n\t\t\t\t\t<\/a>\n\t\t\t\t<a href=\"https:\/\/myperfectdog.lv\/en\/socializacijas-pastaigas\/\" target=\"_self\" itemprop=\"url\">\n\t\t\t\t<img loading=\"lazy\" decoding=\"async\" src=\"https:\/\/myperfectdog.lv\/wp-content\/uploads\/bb-plugin\/cache\/myperfectdog-15-landscape.png\" alt=\"myperfectdog-15\" itemprop=\"image\" height=\"1182\" width=\"1182\" title=\"myperfectdog-15\" onerror=\"this.style.display='none'\"  \/>\n\t\t\t\t<\/a>\n<h3><a href=\"https:\/\/myperfectdog.lv\/en\/socializacijas-pastaigas\/\" target=\"_self\">Su\u0146u socializ\u0101cijas treni\u0146i<\/a><\/h3>\t\t\n\t\t\tNodarb\u012bb\u0101s su\u0146iem m\u0101c\u0101m uzvesties mier\u012bgi un piekl\u0101j\u012bgi citu su\u0146u kl\u0101tb\u016btn\u0113 un izbaud\u012bt pilnv\u0113rt\u012bgu pastaigu, k\u0101 ar\u012b sadarb\u012bbu ar savu<br \/>\nsaimnieku.\n\t\t\t<a href=\"https:\/\/myperfectdog.lv\/en\/socializacijas-pastaigas\/\" target=\"_self\" role=\"button\">\n\t\t\t\t\t\t\tLas\u012bt vair\u0101k\n\t\t\t\t\t<\/a>\n\t\t\t\t<a href=\"https:\/\/28bacb86b9a34832909073c6d337daa4.elf.site\" target=\"_self\" itemprop=\"url\">\n\t\t\t\t<img loading=\"lazy\" decoding=\"async\" src=\"https:\/\/myperfectdog.lv\/wp-content\/uploads\/bb-plugin\/cache\/myperfectdog-11-landscape.png\" alt=\"myperfectdog-11\" itemprop=\"image\" height=\"1182\" width=\"1182\" title=\"myperfectdog-11\" onerror=\"this.style.display='none'\"  \/>\n\t\t\t\t<\/a>\n<h3><a href=\"https:\/\/28bacb86b9a34832909073c6d337daa4.elf.site\" target=\"_self\">No cilv\u0113kiem bail\u012bgo su\u0146u socializ\u0101cija<\/a><\/h3>\t\t\n\t\t\t<p>Treni\u0146i dom\u0101ti su\u0146iem, kuri baid\u0101s no cilv\u0113kiem. Socializ\u0101cija notiek pak\u0101peniska, piel\u0101gojot to atbilsto\u0161i katram individu\u0101lajam sunim &#8211; vi\u0146a sp\u0113j\u0101m un limitiem.<\/p>\n\t\t\t<a href=\"https:\/\/28bacb86b9a34832909073c6d337daa4.elf.site\" target=\"_self\" role=\"button\">\n\t\t\t\t\t\t\tPieteikties nodarb\u012bbai\n\t\t\t\t\t<\/a>\n\t\t\t\t<a href=\"https:\/\/28bacb86b9a34832909073c6d337daa4.elf.site\" target=\"_self\" itemprop=\"url\">\n\t\t\t\t<img loading=\"lazy\" decoding=\"async\" src=\"https:\/\/myperfectdog.lv\/wp-content\/uploads\/bb-plugin\/cache\/myperfectdog-09-landscape.png\" alt=\"myperfectdog-09\" itemprop=\"image\" height=\"1182\" width=\"1182\" title=\"myperfectdog-09\" onerror=\"this.style.display='none'\"  \/>\n\t\t\t\t<\/a>\n<h3><a href=\"https:\/\/28bacb86b9a34832909073c6d337daa4.elf.site\" target=\"_self\">Cilv\u0113ku mekl\u0113\u0161anas treni\u0146i<\/a><\/h3>\t\t\n\t\t\t\u0160is b\u016bs Tava su\u0146a m\u012b\u013c\u0101kais treni\u0146\u0161! Apsolam 100%.<br \/>\nTreni\u0146os su\u0146iem \u013caujam str\u0101d\u0101t, izmantojot savu galveno &#8220;darba r\u012bku&#8221; &#8211; degunu, dodoties me\u017e\u0101 mekl\u0113t pasl\u0113pu\u0161os cilv\u0113kus.\n\t\t\t<a href=\"https:\/\/28bacb86b9a34832909073c6d337daa4.elf.site\" target=\"_self\" role=\"button\">\n\t\t\t\t\t\t\tPieteikties nodarb\u012bbai\n\t\t\t\t\t<\/a>\n\t\t\t\t<a href=\"https:\/\/myperfectdog.lv\/en\/kontakti\/\" target=\"_self\" itemprop=\"url\">\n\t\t\t\t<img loading=\"lazy\" decoding=\"async\" src=\"https:\/\/myperfectdog.lv\/wp-content\/uploads\/bb-plugin\/cache\/myperfectdog-08-landscape.png\" alt=\"myperfectdog-08\" itemprop=\"image\" height=\"1182\" width=\"1182\" title=\"myperfectdog-08\" onerror=\"this.style.display='none'\"  \/>\n\t\t\t\t<\/a>\n<h3><a href=\"https:\/\/myperfectdog.lv\/en\/kontakti\/\" target=\"_self\">Konsult\u0101cija pirms su\u0146a ien\u0101k\u0161anas \u0123imen\u0113<\/a><\/h3>\t\t\n\t\t\t<p>1 stundas konsult\u0101cij\u0101 p\u0101rrun\u0101sim visus J\u016bsu aktu\u0101los jaut\u0101jumus par su\u0146a ien\u0101k\u0161anu \u0123imen\u0113, lai \u0161im notikumam J\u016bs sp\u0113tu pilnv\u0113rt\u012bgi sagatavoties, s\u0101kot jau ar pareiz\u0101 su\u0146a (\u0161\u0137irnes) izv\u0113li un piem\u0113rot\u012bbu J\u016bsu dz\u012bves veidam, aktivit\u0101tei, gan cit\u0101m svar\u012bg\u0101m nians\u0113m.<\/p>\n\t\t\t<a href=\"https:\/\/myperfectdog.lv\/en\/kontakti\/\" target=\"_self\" role=\"button\">\n\t\t\t\t\t\t\tPieteikt konsult\u0101ciju\n\t\t\t\t\t<\/a>\n\t<p><strong>Par &#8220;My Perfect Dog&#8221;<\/strong><\/p>\n&#8220;My Perfect Dog&#8221; ir z\u012bmols, kas reprezent\u0113 lieliskas un harmoniskas attiec\u012bbas su\u0146a un saimnieka starp\u0101, kur saimnieks ir izgl\u012btots un zino\u0161s, savuk\u0101rt suns izprasts un atbilsto\u0161i apr\u016bp\u0113ts, socializ\u0113ts un apm\u0101c\u012bts, balstoties uz pret suni \u0113tisku, dabisku un uz motiv\u0101ciju balst\u012btu apm\u0101c\u012bbu.<br \/>\n\n<p> &#8220;My Perfect Dog&#8221; pied\u0101v\u0101 su\u0146u un vi\u0146u saimnieku apm\u0101c\u012bbu, su\u0146u uzved\u012bbas konsult\u0101cijas, socializ\u0101cijas pastaigas su\u0146iem, k\u0101 ar\u012b teor\u0113tiskus un praktiskus semin\u0101rus saimniekiem.<\/p>\n\t<p><strong>Kategorijas<\/strong><\/p>\n<p><a href=\"https:\/\/myperfectdog.lv\/en\/internetveikals\/\">Internetveikals<\/a><\/p>\n<p><a href=\"https:\/\/myperfectdog.lv\/en\/apmacibu-piedavajums\/\">Apm\u0101c\u012bbu pied\u0101v\u0101jums<\/a><\/p>\n<p><a href=\"https:\/\/myperfectdog.lv\/en\/sunu-aukles\/\">Su\u0146u pieskat\u012b\u0161ana un pastaigas<\/a><\/p>\n<p><a href=\"https:\/\/myperfectdog.lv\/en\/izglitojosi-raksti\/\">Izgl\u012btojo\u0161i materi\u0101li<\/a><\/p>\n<p><a href=\"https:\/\/myperfectdog.lv\/en\/kontakti\/\">Kontakti<\/a><\/p>\n<p><a href=\"https:\/\/myperfectdog.lv\/en\/privatuma-politika\/\">Priv\u0101tuma politika<\/a><\/p>\n\t<p><strong>Sazi\u0146ai<\/strong><\/p>\n\t+371 27993370<br \/>\nliga@myperfectdog.lv\n\t<p><strong>Seko &#8220;My Perfect Dog&#8221;<\/strong><\/p>\n\t\t\t\t<img loading=\"lazy\" decoding=\"async\" src=\"https:\/\/myperfectdog.lv\/wp-content\/uploads\/2020\/09\/PDTE-Logo2-150x150.png\" alt=\"PDTE-Logo2\" itemprop=\"image\" height=\"150\" width=\"150\" title=\"PDTE-Logo2\" onerror=\"this.style.display='none'\"  \/>\n\t<p><strong>Par &#8220;My Perfect Dog&#8221;<\/strong><\/p>\n&#8220;My Perfect Dog&#8221; ir z\u012bmols, kas reprezent\u0113 lieliskas un harmoniskas attiec\u012bbas su\u0146a un saimnieka starp\u0101, kur saimnieks ir izgl\u012btots un zino\u0161s, savuk\u0101rt suns izprasts un atbilsto\u0161i apr\u016bp\u0113ts, socializ\u0113ts un apm\u0101c\u012bts, balstoties uz pret suni \u0113tisku, dabisku un uz motiv\u0101ciju balst\u012btu apm\u0101c\u012bbu.<br \/>\n\n<p> &#8220;My Perfect Dog&#8221; pied\u0101v\u0101 su\u0146u un vi\u0146u saimnieku apm\u0101c\u012bbu, su\u0146u uzved\u012bbas konsult\u0101cijas, socializ\u0101cijas pastaigas su\u0146iem, k\u0101 ar\u012b teor\u0113tiskus un praktiskus semin\u0101rus saimniekiem.<\/p>\n\t<p><strong>Sazi\u0146ai<\/strong><\/p>\n\t+371 27993370<br \/>\nliga@myperfectdog.lv\n\t<p><strong>Seko &#8220;My Perfect Dog&#8221;<\/strong><\/p>\n<h5>\n\t\t<a href=\"https:\/\/myperfectdog.lv\/en\/privatuma-politika\/\" title=\"Priv\u0101tuma politika\" target=\"_self\">\n\t\tPriv\u0101tuma politika\n\t\t<\/a>\n\t<\/h5>","protected":false},"excerpt":{"rendered":"<p>T. 27993370 | liga@myperfectdog.lv (Darba laiks: P.-S. 9.00-21.00, sazi\u0146a zvanot \/ sms \/ whatsapp: 9.00-18.00) NODARB\u012aBAS PIEEJAMAS: R\u012aG\u0100, PI\u0145\u0136OS, J\u016aRMAL\u0100, M\u0100RUP\u0112, JELGAV\u0100, CARNIKAV\u0100 UN TO APK\u0100RTN\u0112 T. 27993370 | liga@myperfectdog.lv (Darba laiks: P-S. 9.00-21.00; sazi\u0146a zvanot \/ sms \/ whatsapp: 9.00-18.00) NODARB\u012aBAS PIEEJAMAS: R\u012aG\u0100, PI\u0145\u0136OS, J\u016aRMAL\u0100, M\u0100RUP\u0112, JELGAV\u0100, CARNIKAV\u0100 UN TO APK\u0100RTN\u0112 TRENI\u0145U GRAFIKS &#038;&hellip;<\/p>","protected":false},"author":1,"featured_media":8144,"parent":0,"menu_order":0,"comment_status":"closed","ping_status":"closed","template":"","meta":{"footnotes":""},"class_list":["post-11558","page","type-page","status-publish","has-post-thumbnail","hentry"],"yoast_head":"<!-- This site is optimized with the Yoast SEO plugin v27.5 - https:\/\/yoast.com\/product\/yoast-seo-wordpress\/ -->\n<title>Treni\u0146u grafiks &amp; pieteik\u0161an\u0101s | MyPerfectDog.lv<\/title>\n<meta name=\"description\" content=\"Pamatkonceptu apm\u0101c\u012bbas kurss un 2.l\u012bme\u0146a apm\u0101c\u012bbas re\u0101l\u0101s dz\u012bves situ\u0101cij\u0101s jebkura vecuma su\u0146iem, kuc\u0113nu socializ\u0101cija R\u012bg\u0101 un t\u0101s apk\u0101rtn\u0113.\" \/>\n<meta name=\"robots\" content=\"index, follow, max-snippet:-1, max-image-preview:large, max-video-preview:-1\" \/>\n<link rel=\"canonical\" href=\"https:\/\/myperfectdog.lv\/en\/treninu-grafiks-pieteiksanas\/\" \/>\n<meta property=\"og:locale\" content=\"en_GB\" \/>\n<meta property=\"og:type\" content=\"article\" \/>\n<meta property=\"og:title\" content=\"Treni\u0146u grafiks &amp; pieteik\u0161an\u0101s | MyPerfectDog.lv\" \/>\n<meta property=\"og:description\" content=\"Pamatkonceptu apm\u0101c\u012bbas kurss un 2.l\u012bme\u0146a apm\u0101c\u012bbas re\u0101l\u0101s dz\u012bves situ\u0101cij\u0101s jebkura vecuma su\u0146iem, kuc\u0113nu socializ\u0101cija R\u012bg\u0101 un t\u0101s apk\u0101rtn\u0113.\" \/>\n<meta property=\"og:url\" content=\"https:\/\/myperfectdog.lv\/en\/treninu-grafiks-pieteiksanas\/\" \/>\n<meta property=\"og:site_name\" content=\"MyPerfectDog.lv\" \/>\n<meta property=\"article:modified_time\" content=\"2025-04-02T20:55:03+00:00\" \/>\n<meta property=\"og:image\" content=\"https:\/\/myperfectdog.lv\/wp-content\/uploads\/2023\/11\/GSC0692-1-scaled.jpg\" \/>\n\t<meta property=\"og:image:width\" content=\"1891\" \/>\n\t<meta property=\"og:image:height\" content=\"2560\" \/>\n\t<meta property=\"og:image:type\" content=\"image\/jpeg\" \/>\n<meta name=\"twitter:card\" content=\"summary_large_image\" \/>\n<meta name=\"twitter:label1\" content=\"Estimated reading time\" \/>\n\t<meta name=\"twitter:data1\" content=\"17 minutes\" \/>\n<script type=\"application\/ld+json\" class=\"yoast-schema-graph\">{\"@context\":\"https:\\\/\\\/schema.org\",\"@graph\":[{\"@type\":\"WebPage\",\"@id\":\"https:\\\/\\\/myperfectdog.lv\\\/treninu-grafiks-pieteiksanas\\\/\",\"url\":\"https:\\\/\\\/myperfectdog.lv\\\/treninu-grafiks-pieteiksanas\\\/\",\"name\":\"Treni\u0146u grafiks & pieteik\u0161an\u0101s | MyPerfectDog.lv\",\"isPartOf\":{\"@id\":\"https:\\\/\\\/myperfectdog.lv\\\/#website\"},\"primaryImageOfPage\":{\"@id\":\"https:\\\/\\\/myperfectdog.lv\\\/treninu-grafiks-pieteiksanas\\\/#primaryimage\"},\"image\":{\"@id\":\"https:\\\/\\\/myperfectdog.lv\\\/treninu-grafiks-pieteiksanas\\\/#primaryimage\"},\"thumbnailUrl\":\"https:\\\/\\\/myperfectdog.lv\\\/wp-content\\\/uploads\\\/2023\\\/11\\\/GSC0692-1-scaled.jpg\",\"datePublished\":\"2025-04-02T20:53:39+00:00\",\"dateModified\":\"2025-04-02T20:55:03+00:00\",\"description\":\"Pamatkonceptu apm\u0101c\u012bbas kurss un 2.l\u012bme\u0146a apm\u0101c\u012bbas re\u0101l\u0101s dz\u012bves situ\u0101cij\u0101s jebkura vecuma su\u0146iem, kuc\u0113nu socializ\u0101cija R\u012bg\u0101 un t\u0101s apk\u0101rtn\u0113.\",\"breadcrumb\":{\"@id\":\"https:\\\/\\\/myperfectdog.lv\\\/treninu-grafiks-pieteiksanas\\\/#breadcrumb\"},\"inLanguage\":\"en-GB\",\"potentialAction\":[{\"@type\":\"ReadAction\",\"target\":[\"https:\\\/\\\/myperfectdog.lv\\\/treninu-grafiks-pieteiksanas\\\/\"]}]},{\"@type\":\"ImageObject\",\"inLanguage\":\"en-GB\",\"@id\":\"https:\\\/\\\/myperfectdog.lv\\\/treninu-grafiks-pieteiksanas\\\/#primaryimage\",\"url\":\"https:\\\/\\\/myperfectdog.lv\\\/wp-content\\\/uploads\\\/2023\\\/11\\\/GSC0692-1-scaled.jpg\",\"contentUrl\":\"https:\\\/\\\/myperfectdog.lv\\\/wp-content\\\/uploads\\\/2023\\\/11\\\/GSC0692-1-scaled.jpg\",\"width\":1891,\"height\":2560},{\"@type\":\"BreadcrumbList\",\"@id\":\"https:\\\/\\\/myperfectdog.lv\\\/treninu-grafiks-pieteiksanas\\\/#breadcrumb\",\"itemListElement\":[{\"@type\":\"ListItem\",\"position\":1,\"name\":\"Home\",\"item\":\"https:\\\/\\\/myperfectdog.lv\\\/\"},{\"@type\":\"ListItem\",\"position\":2,\"name\":\"Treni\u0146u grafiks &#038; pieteik\u0161an\u0101s\"}]},{\"@type\":\"WebSite\",\"@id\":\"https:\\\/\\\/myperfectdog.lv\\\/#website\",\"url\":\"https:\\\/\\\/myperfectdog.lv\\\/\",\"name\":\"MyPerfectDog.lv\",\"description\":\"Su\u0146u un saimnieku skola\",\"publisher\":{\"@id\":\"https:\\\/\\\/myperfectdog.lv\\\/#organization\"},\"potentialAction\":[{\"@type\":\"SearchAction\",\"target\":{\"@type\":\"EntryPoint\",\"urlTemplate\":\"https:\\\/\\\/myperfectdog.lv\\\/?s={search_term_string}\"},\"query-input\":{\"@type\":\"PropertyValueSpecification\",\"valueRequired\":true,\"valueName\":\"search_term_string\"}}],\"inLanguage\":\"en-GB\"},{\"@type\":\"Organization\",\"@id\":\"https:\\\/\\\/myperfectdog.lv\\\/#organization\",\"name\":\"Su\u0146u & saimnieku skola \\\"My Perfect Dog\\\"\",\"url\":\"https:\\\/\\\/myperfectdog.lv\\\/\",\"logo\":{\"@type\":\"ImageObject\",\"inLanguage\":\"en-GB\",\"@id\":\"https:\\\/\\\/myperfectdog.lv\\\/#\\\/schema\\\/logo\\\/image\\\/\",\"url\":\"https:\\\/\\\/myperfectdog.lv\\\/wp-content\\\/uploads\\\/2020\\\/10\\\/MyPerfectDog-New-logo_peach_plakans.png\",\"contentUrl\":\"https:\\\/\\\/myperfectdog.lv\\\/wp-content\\\/uploads\\\/2020\\\/10\\\/MyPerfectDog-New-logo_peach_plakans.png\",\"width\":1200,\"height\":636,\"caption\":\"Su\u0146u & saimnieku skola \\\"My Perfect Dog\\\"\"},\"image\":{\"@id\":\"https:\\\/\\\/myperfectdog.lv\\\/#\\\/schema\\\/logo\\\/image\\\/\"}}]}<\/script>\n<!-- \/ Yoast SEO plugin. -->","yoast_head_json":{"title":"Treni\u0146u grafiks & pieteik\u0161an\u0101s | MyPerfectDog.lv","description":"Pamatkonceptu apm\u0101c\u012bbas kurss un 2.l\u012bme\u0146a apm\u0101c\u012bbas re\u0101l\u0101s dz\u012bves situ\u0101cij\u0101s jebkura vecuma su\u0146iem, kuc\u0113nu socializ\u0101cija R\u012bg\u0101 un t\u0101s apk\u0101rtn\u0113.","robots":{"index":"index","follow":"follow","max-snippet":"max-snippet:-1","max-image-preview":"max-image-preview:large","max-video-preview":"max-video-preview:-1"},"canonical":"https:\/\/myperfectdog.lv\/en\/treninu-grafiks-pieteiksanas\/","og_locale":"en_GB","og_type":"article","og_title":"Treni\u0146u grafiks & pieteik\u0161an\u0101s | MyPerfectDog.lv","og_description":"Pamatkonceptu apm\u0101c\u012bbas kurss un 2.l\u012bme\u0146a apm\u0101c\u012bbas re\u0101l\u0101s dz\u012bves situ\u0101cij\u0101s jebkura vecuma su\u0146iem, kuc\u0113nu socializ\u0101cija R\u012bg\u0101 un t\u0101s apk\u0101rtn\u0113.","og_url":"https:\/\/myperfectdog.lv\/en\/treninu-grafiks-pieteiksanas\/","og_site_name":"MyPerfectDog.lv","article_modified_time":"2025-04-02T20:55:03+00:00","og_image":[{"width":1891,"height":2560,"url":"https:\/\/myperfectdog.lv\/wp-content\/uploads\/2023\/11\/GSC0692-1-scaled.jpg","type":"image\/jpeg"}],"twitter_card":"summary_large_image","twitter_misc":{"Estimated reading time":"17 minutes"},"schema":{"@context":"https:\/\/schema.org","@graph":[{"@type":"WebPage","@id":"https:\/\/myperfectdog.lv\/treninu-grafiks-pieteiksanas\/","url":"https:\/\/myperfectdog.lv\/treninu-grafiks-pieteiksanas\/","name":"Treni\u0146u grafiks & pieteik\u0161an\u0101s | MyPerfectDog.lv","isPartOf":{"@id":"https:\/\/myperfectdog.lv\/#website"},"primaryImageOfPage":{"@id":"https:\/\/myperfectdog.lv\/treninu-grafiks-pieteiksanas\/#primaryimage"},"image":{"@id":"https:\/\/myperfectdog.lv\/treninu-grafiks-pieteiksanas\/#primaryimage"},"thumbnailUrl":"https:\/\/myperfectdog.lv\/wp-content\/uploads\/2023\/11\/GSC0692-1-scaled.jpg","datePublished":"2025-04-02T20:53:39+00:00","dateModified":"2025-04-02T20:55:03+00:00","description":"Pamatkonceptu apm\u0101c\u012bbas kurss un 2.l\u012bme\u0146a apm\u0101c\u012bbas re\u0101l\u0101s dz\u012bves situ\u0101cij\u0101s jebkura vecuma su\u0146iem, kuc\u0113nu socializ\u0101cija R\u012bg\u0101 un t\u0101s apk\u0101rtn\u0113.","breadcrumb":{"@id":"https:\/\/myperfectdog.lv\/treninu-grafiks-pieteiksanas\/#breadcrumb"},"inLanguage":"en-GB","potentialAction":[{"@type":"ReadAction","target":["https:\/\/myperfectdog.lv\/treninu-grafiks-pieteiksanas\/"]}]},{"@type":"ImageObject","inLanguage":"en-GB","@id":"https:\/\/myperfectdog.lv\/treninu-grafiks-pieteiksanas\/#primaryimage","url":"https:\/\/myperfectdog.lv\/wp-content\/uploads\/2023\/11\/GSC0692-1-scaled.jpg","contentUrl":"https:\/\/myperfectdog.lv\/wp-content\/uploads\/2023\/11\/GSC0692-1-scaled.jpg","width":1891,"height":2560},{"@type":"BreadcrumbList","@id":"https:\/\/myperfectdog.lv\/treninu-grafiks-pieteiksanas\/#breadcrumb","itemListElement":[{"@type":"ListItem","position":1,"name":"Home","item":"https:\/\/myperfectdog.lv\/"},{"@type":"ListItem","position":2,"name":"Treni\u0146u grafiks &#038; pieteik\u0161an\u0101s"}]},{"@type":"WebSite","@id":"https:\/\/myperfectdog.lv\/#website","url":"https:\/\/myperfectdog.lv\/","name":"MyPerfectDog.lv","description":"Su\u0146u un saimnieku skola","publisher":{"@id":"https:\/\/myperfectdog.lv\/#organization"},"potentialAction":[{"@type":"SearchAction","target":{"@type":"EntryPoint","urlTemplate":"https:\/\/myperfectdog.lv\/?s={search_term_string}"},"query-input":{"@type":"PropertyValueSpecification","valueRequired":true,"valueName":"search_term_string"}}],"inLanguage":"en-GB"},{"@type":"Organization","@id":"https:\/\/myperfectdog.lv\/#organization","name":"Su\u0146u & saimnieku skola \"My Perfect Dog\"","url":"https:\/\/myperfectdog.lv\/","logo":{"@type":"ImageObject","inLanguage":"en-GB","@id":"https:\/\/myperfectdog.lv\/#\/schema\/logo\/image\/","url":"https:\/\/myperfectdog.lv\/wp-content\/uploads\/2020\/10\/MyPerfectDog-New-logo_peach_plakans.png","contentUrl":"https:\/\/myperfectdog.lv\/wp-content\/uploads\/2020\/10\/MyPerfectDog-New-logo_peach_plakans.png","width":1200,"height":636,"caption":"Su\u0146u & saimnieku skola \"My Perfect Dog\""},"image":{"@id":"https:\/\/myperfectdog.lv\/#\/schema\/logo\/image\/"}}]}},"jetpack_sharing_enabled":true,"_links":{"self":[{"href":"https:\/\/myperfectdog.lv\/en\/wp-json\/wp\/v2\/pages\/11558","targetHints":{"allow":["GET"]}}],"collection":[{"href":"https:\/\/myperfectdog.lv\/en\/wp-json\/wp\/v2\/pages"}],"about":[{"href":"https:\/\/myperfectdog.lv\/en\/wp-json\/wp\/v2\/types\/page"}],"author":[{"embeddable":true,"href":"https:\/\/myperfectdog.lv\/en\/wp-json\/wp\/v2\/users\/1"}],"replies":[{"embeddable":true,"href":"https:\/\/myperfectdog.lv\/en\/wp-json\/wp\/v2\/comments?post=11558"}],"version-history":[{"count":2,"href":"https:\/\/myperfectdog.lv\/en\/wp-json\/wp\/v2\/pages\/11558\/revisions"}],"predecessor-version":[{"id":11560,"href":"https:\/\/myperfectdog.lv\/en\/wp-json\/wp\/v2\/pages\/11558\/revisions\/11560"}],"wp:featuredmedia":[{"embeddable":true,"href":"https:\/\/myperfectdog.lv\/en\/wp-json\/wp\/v2\/media\/8144"}],"wp:attachment":[{"href":"https:\/\/myperfectdog.lv\/en\/wp-json\/wp\/v2\/media?parent=11558"}],"curies":[{"name":"wp","href":"https:\/\/api.w.org\/{rel}","templated":true}]}}