{"id":12187,"date":"2025-08-05T10:04:59","date_gmt":"2025-08-05T08:04:59","guid":{"rendered":"https:\/\/myperfectdog.lv\/?page_id=12187"},"modified":"2026-04-27T09:42:25","modified_gmt":"2026-04-27T07:42:25","slug":"pdte-conference","status":"publish","type":"page","link":"https:\/\/myperfectdog.lv\/en\/pdte-conference\/","title":{"rendered":"PDTE Annual Conference &amp; AGM 2026"},"content":{"rendered":"<h2>\n\t\tT. 27993370 | liga@myperfectdog.lv\n\t<\/h2>\n<h2>\n\t\t(Trainings: P.-S. 9AM-9PM, contact us: 9AM-6PM)\n\t<\/h2>\n<h2>\n\t\tLOCATIONS:\n\t<\/h2>\n<h2>\n\t\tR\u012aG\u0100, J\u016aRMAL\u0100, IK\u0160\u0136IL\u0112, JELGAV\u0100 AND AFTER REQUEST OTHER CITIES\n\t<\/h2>\n<h2>\n\t\tT. 27993370 | liga@myperfectdog.lv\n\t<\/h2>\n<h2>\n\t\t(Trainings: P.-S. 9AM-9PM, contact us: 9AM-6PM)\n\t<\/h2>\n<h2>\n\t\tLOCATIONS:\n\t<\/h2>\n<h2>\n\t\tR\u012aG\u0100, J\u016aRMAL\u0100, IK\u0160\u0136IL\u0112, JELGAV\u0100 AND AFTER REQUEST OTHER CITIES\n\t<\/h2>\n\t\t\t\t<a href=\"https:\/\/myperfectdog.lv\/en\/\" target=\"_self\" itemprop=\"url\">\n\t\t\t\t<img loading=\"lazy\" decoding=\"async\" src=\"https:\/\/myperfectdog.lv\/wp-content\/uploads\/2020\/10\/MyPerfectDog-New-logo_peach_plakans.png\" alt=\"MyPerfectDog-New-logo_peach_plakans\" itemprop=\"image\" height=\"636\" width=\"1200\" title=\"MyPerfectDog-New-logo_peach_plakans\" onerror=\"this.style.display='none'\"  \/>\n\t\t\t\t<\/a>\n\t\t\t\t<a href=\"https:\/\/myperfectdog.lv\/en\/\" target=\"_self\" itemprop=\"url\">\n\t\t\t\t<img loading=\"lazy\" decoding=\"async\" src=\"https:\/\/myperfectdog.lv\/wp-content\/uploads\/2024\/02\/LV.webp\" alt=\"LV\" itemprop=\"image\" height=\"320\" width=\"640\" title=\"LV\" onerror=\"this.style.display='none'\"  \/>\n\t\t\t\t<\/a>\n\t\t\t\t<a href=\"https:\/\/myperfectdog.lv\/en\/eng\/\" target=\"_self\" itemprop=\"url\">\n\t\t\t\t<img loading=\"lazy\" decoding=\"async\" src=\"https:\/\/myperfectdog.lv\/wp-content\/uploads\/2024\/02\/ENG.webp\" alt=\"ENG\" itemprop=\"image\" height=\"600\" width=\"1200\" title=\"ENG\" onerror=\"this.style.display='none'\"  \/>\n\t\t\t\t<\/a>\n\t\t\t\t<a href=\"https:\/\/myperfectdog.lv\/en\/eng\/\" target=\"_self\" itemprop=\"url\">\n\t\t\t\t<img loading=\"lazy\" decoding=\"async\" src=\"https:\/\/myperfectdog.lv\/wp-content\/uploads\/2020\/10\/MyPerfectDog-New-logo_peach_plakans.png\" alt=\"MyPerfectDog-New-logo_peach_plakans\" itemprop=\"image\" height=\"636\" width=\"1200\" title=\"MyPerfectDog-New-logo_peach_plakans\" onerror=\"this.style.display='none'\"  \/>\n\t\t\t\t<\/a>\n\tFear, reactivity, and aggression are among the most misunderstood &#8211; and often feared &#8211; behavioral challenges in dogs. Behind every reactive bark or aggressive lunge is an animal trying to cope with its environment, emotions, and past experiences.\nThis conference will bring together dog behavioural specialists,\u00a0 trainers, veterinarians, researchers and dog guardians who are united by a common goal: to better understand the roots of these behaviours and explore effective, compassionate, and science-based approaches to prevention, intervention, and support.\nThrough expert presentations, practical workshops, and open dialogue, we aim to deepen our knowledge, challenge outdated myths, and empower those who work with dogs to create safer, calmer, and more humane outcomes &#8211; for both dogs and people.\nLet&#8217;s reframe fear and aggression not as problems to suppress, but as signals to understand.\nWELCOME &#8211; AND THANK YOU FOR BEING PART OF THE CHANGE!\n\n\t\t\t<a href=\"https:\/\/forms.gle\/r8yHbE92JVmtq5y4A\" target=\"_blank\" role=\"button\" rel=\"noopener\">\n\t\t\t\t\t\t\tREGISTER NOW!\n\t\t\t<\/a>\n<h3>\n\t\t26-28 SEPTEMBER, 2026\n\t<\/h3>\n<h3>\n\t\t8:00-17:15 \n\t<\/h3>\n<h3>\n\t\tRiga Islande Hotel, \u0136\u012bpsalas iela 2, Riga (First 2 days) \/ Near Pi\u0146\u0137i (3rd day), Latvia\n\t<\/h3>\n<h2>\n\t\tP.S. The conference will be held in English.\u00a0\n\t<\/h2>\n<h3>\n\t\tSPEAKERS AND LECTURE TOPICS\n\t<\/h3>\n<h3>\n\t\tYou can find more information about speakers and their lectures by clicking on the links below:\n\t<\/h3>\n\t<h1>1.<\/h1>\n<p>&#8220;<b>Listening to Dogs: \u00a0Ethics, Emotions and Respecting their Choices&#8221;<\/b><\/p>\n\t<p><em>Marina Gates Fleming TR IDTE from Belgium <img decoding=\"async\" role=\"img\" draggable=\"false\" src=\"https:\/\/s.w.org\/images\/core\/emoji\/16.0.1\/svg\/1f1e7-1f1ea.svg\" alt=\"\ud83c\udde7\ud83c\uddea\" \/><\/em><\/p>\n\t<h1>2.<\/h1>\n<p>&#8220;<strong>A Pain in the Neck:\u00a0 How Does Pain Affect Dog Behaviour<\/strong>&#8220;<\/p>\n\t<p><em>Amber Batson from UK \ud83c\uddec\ud83c\udde7<\/em><\/p>\n\t<h1>3.<\/h1>\n<p><strong>&#8220;Sick as a Dog: How Does Disease Influence Behaviour&#8221;<\/strong><\/p>\n\t<p><em>Amber Batson from UK \ud83c\uddec\ud83c\udde7<\/em><\/p>\n\t<h1>4.<\/h1>\n<p>\u00a0&#8220;Why I never use treats when working with fear, anxiety, reactivity or aggression&#8221;<\/p>\n\t<p><em>Linda Rugaas from Norway <img decoding=\"async\" role=\"img\" draggable=\"false\" src=\"https:\/\/s.w.org\/images\/core\/emoji\/16.0.1\/svg\/1f1f3-1f1f4.svg\" alt=\"\ud83c\uddf3\ud83c\uddf4\" \/><\/em><\/p>\n\t<h1>5.<\/h1>\n<p><strong>&#8220;Working with Big Emotions in Dogs: Where Applied Zoopharmacognosy Meets Thoughtful Training&#8221;<\/strong><\/p>\n\t<p><i>Jenny Golsby from Australia \ud83c\udde6\ud83c\uddfa<\/i><\/p>\n\t<h1>6.<\/h1>\n<p>Workshop: &#8220;Sniffer workshop for boosting self confidence, and for fun!&#8221;<\/p>\n\t<p><em>Anna Lill Kvam from Norway \ud83c\uddf3\ud83c\uddf4<\/em><\/p>\n\t<h1>7.<\/h1>\n<p>&#8220;<b>The Role of Species-Appropriate Nutrition <\/b><b>in Behavioral Health<\/b>&#8220;<\/p>\n\t<p><em>Auriane Hurtes from France \ud83c\uddeb\ud83c\uddf7<\/em><\/p>\n\t<h1>8.<\/h1>\n<p>&#8220;Social Walks as Part of the Solution&#8221;<\/p>\n\t<p><em>&#8220;Smiling Leash&#8221; team<\/em><\/p>\n\t<h1>9.<\/h1>\n<p>&#8220;Big feelings, big dogs, big cities: how to apply Turid&#8217;s approach to walking in the real world?&#8221;<\/p>\n\t<p><em>Neta Vasilyeva from Israel \ud83c\uddee\ud83c\uddf1<\/em><\/p>\n\t<h1>10.<\/h1>\n<p>&#8220;Community Feels &#8211; the secret lives of community dogs in Greece&#8221;<\/p>\n\t<p><em>Liz Drury from Greece \ud83c\uddec\ud83c\uddf7<\/em><\/p>\n\t\t\t<a href=\"https:\/\/myperfectdog.lv\/en\/speakers\/\" target=\"_blank\" role=\"button\" rel=\"noopener\">\n\t\t\t\t\t\t\tRead more about speakers and their lectures\n\t\t\t<\/a>\n<h3>\n\t\tEARLY BIRD PRICE (13.04.-13.07.2026.)\n\t<\/h3>\n\t<p>Standard prices will increase by 5% starting from July 14, 2026.<\/p>\n\t\t\t\t<img loading=\"lazy\" decoding=\"async\" src=\"https:\/\/myperfectdog.lv\/wp-content\/uploads\/2026\/04\/Screenshot-2026-04-13-at-09.17.45-scaled.png\" alt=\"Price table PDTE conference 2026\" itemprop=\"image\" height=\"574\" width=\"2560\" title=\"Price table PDTE conference 2026\" onerror=\"this.style.display='none'\"  \/>\n\t<p>The conference participation fee includes lectures, conference materials, a welcome drink, snacks, coffee, water, and juice during breaks.<\/p>\n<p><strong>A confirmation email with a summary of your registration and payment details will be sent within 48 hours after completing the registration form!<\/strong><\/p>\n<p>The conference will be held in English.<\/p>\n<h3>\n\t\tCONFERENCE PROGRAM AND PLANNED SCHEDULE\n\t<\/h3>\n\t<p>All lectures will be held in English.<\/p>\n<p>(We reserve the right to make minor changes to the program.)<\/p>\n\tDAY 1\n\t<p>8:00 &#8211; 9:00 Registration and Networking<\/p>\n<p>9:00 &#8211; 9:15 Opening &amp; technical information<\/p>\n<p>9:15 &#8211; 10:30 <strong>Marina Gates Fleming: &#8220;<b>Listening to Dogs: \u00a0Ethics, Emotions and Respecting their Choices&#8221;<\/b><\/strong><\/p>\n<p>10:30 &#8211; 10:45 Coffee break<\/p>\n<p>10:45 &#8211; 12:00 <strong>Amber Batson: &#8220;Sick as a Dog: How Does Disease Influence Behaviour&#8221;<\/strong><\/p>\n<p>12:00 &#8211;\u00a0 13:00 Lunch break<\/p>\n<p>13:00 &#8211; 14:15 <strong>Amber Batson: <\/strong>&#8220;<strong>A Pain in the Neck:\u00a0 How Does Pain Affect Dog Behaviour<\/strong>&#8220;<\/p>\n<p>14.15 &#8211; 14:30 Coffee break<\/p>\n<p>14:30 &#8211; 15:45 <strong>Linda Rugaas: &#8220;Why I never use treats when working with fear, anxiety, reactivity or aggression&#8221;<\/strong><\/p>\n<p>15.45 &#8211; 16:00 Coffee break<\/p>\n<p>16:00 &#8211; 17:15 <strong>Neta Vasilyeva: &#8220;Big feelings, big dogs, big cities: how to apply Turid&#8217;s approach to walking in the real world?&#8221;<\/strong><\/p>\n<p>17:15 Networking &amp; End of the Day 1.<\/p>\n<p>&nbsp;<\/p>\n\n\tDAY 2\n\t<p>8:00 &#8211; 10:00 <strong>Annual General Meeting for PDTE members<\/strong><\/p>\n<p>10:00 &#8211; 11:15 <strong>Jenny Golsby: &#8220;Working with Big Emotions in Dogs: Where Applied Zoopharmacognosy Meets Thoughtful Training&#8221; <\/strong><em>(Online<\/em> via &#8220;ZOOM&#8221;)\u00a0<\/p>\n<p>11:15 &#8211; 11:45 Coffee break<\/p>\n<p>11:45 &#8211; 13:00 <strong>&#8220;Smiling Leash&#8221; team: &#8220;Social Walks as Part of the Solution&#8221; <\/strong><\/p>\n<p>13:00 &#8211;\u00a0 14:15 Lunch break<\/p>\n<p>14:15 &#8211; 15:30 <strong>Auriane Hurtes: &#8220;<b>The Role of Species-Appropriate Nutrition\u00a0<\/b><b>in Behavioral Health<\/b>&#8220;<\/strong><\/p>\n<p>15:30 &#8211; 15:45 Coffee break<\/p>\n<p>15:45 &#8211; 17:00 <strong>Liz Drury:\u00a0&#8220;Community Feels &#8211; the secret lives of community dogs in Greece&#8221;<\/strong><\/p>\n<p>17:00 Networking &amp; End of the Day 2.<\/p>\n\tDAY 3\n\t<p><strong>FULL-DAY WORKSHOP with Anne Lill Kvam<\/strong><\/p>\n\n\t<h2><strong><\/strong><strong>I WANT TO JOIN!<\/strong><\/h2>\n\t\t\t\tDay\n\t\t\t\tHour\n\t\t\t\tMinute\n\t\t\t\tSecond\n\t\t\t\tDay\n\t\t\t\tHour\n\t\t\t\tMinute\n\t\t\t\tSecond\n\t\t\t<a href=\"https:\/\/forms.gle\/r8yHbE92JVmtq5y4A\" target=\"_blank\" role=\"button\" rel=\"noopener\">\n\t\t\t\t\t\t\tREGISTER NOW!\n\t\t\t<\/a>\n<h3>\n\t\tCONFERENCE SUPPORTERS\n\t<\/h3>\n\t\t\t\t<a href=\"https:\/\/www.barfus.lv\/produkcija\" target=\"_blank\" rel=\"noopener\"  itemprop=\"url\">\n\t\t\t\t<img loading=\"lazy\" decoding=\"async\" src=\"https:\/\/myperfectdog.lv\/wp-content\/uploads\/2026\/04\/barfus_logo_circle_2_rgb.png\" alt=\"barfus_logo_circle_2_rgb\" itemprop=\"image\" height=\"734\" width=\"734\" title=\"barfus_logo_circle_2_rgb\" onerror=\"this.style.display='none'\"  \/>\n\t\t\t\t<\/a>\n\t\t\t\t<a href=\"https:\/\/www.ljsnacks.lv\/\" target=\"_blank\" rel=\"noopener\"  itemprop=\"url\">\n\t\t\t\t<img loading=\"lazy\" decoding=\"async\" src=\"https:\/\/myperfectdog.lv\/wp-content\/uploads\/2026\/04\/logo-1.png\" alt=\"LJ Snacks\" itemprop=\"image\" height=\"629\" width=\"805\" title=\"LJ Snacks\" onerror=\"this.style.display='none'\"  \/>\n\t\t\t\t<\/a>\n\t\t\t\t<a href=\"https:\/\/www.instagram.com\/dembites.lv\/\" target=\"_blank\" rel=\"noopener\"  itemprop=\"url\">\n\t\t\t\t<img loading=\"lazy\" decoding=\"async\" src=\"https:\/\/myperfectdog.lv\/wp-content\/uploads\/2026\/04\/dembites-sticker-2-scaled.png\" alt=\"dembites-logo\" itemprop=\"image\" height=\"2560\" width=\"1809\" title=\"dembites-logo\" onerror=\"this.style.display='none'\"  \/>\n\t\t\t\t<\/a>\n\t<p><b>About &#8221;My Perfect Dog&#8221;<\/b><\/p>\n<p>&#8220;My Perfect Dog&#8221; is an organisation that represents a great and harmonious relationship between the dog and his care-taker, where the care-taker is educated while the dog is understood and properly cared for, socialised and trained, based on ethical, natural and motivational training for dog.<\/p>\n<p>&#8220;My Perfect Dog&#8221; offers training for dogs and their care-takers, dog behaviour consultations, social walks for dogs as well as theoretical and practical seminars for dog care-takers.<\/p>\n\t<p><strong>Category<\/strong><\/p>\n<p><a href=\"https:\/\/myperfectdog.lv\/en\/internetveikals\/\">E-shop<\/a><\/p>\n<p><a href=\"https:\/\/myperfectdog.lv\/en\/apmacibu-piedavajums\/\">What we offer<\/a><\/p>\n<p><a href=\"https:\/\/myperfectdog.lv\/en\/sunu-aukles\/\">Dog-sitting and walking<\/a><\/p>\n<p><a href=\"https:\/\/myperfectdog.lv\/en\/izglitojosi-raksti\/\">Educational materials in latvian<\/a><\/p>\n<p><a href=\"https:\/\/myperfectdog.lv\/en\/kontakti\/\">Contact us<\/a><\/p>\n<p><a href=\"https:\/\/myperfectdog.lv\/en\/privatuma-politika\/\">Privacy policy<\/a><\/p>\n\t<p><strong>Contact us<\/strong><\/p>\n\t+371 27993370<br \/>\nliga@myperfectdog.lv\n\t<p><strong>Follow &#8220;My Perfect Dog&#8221;<\/strong><\/p>\n\t\t\t\t<img loading=\"lazy\" decoding=\"async\" src=\"https:\/\/myperfectdog.lv\/wp-content\/uploads\/2020\/09\/PDTE-Logo2-150x150.png\" alt=\"PDTE-Logo2\" itemprop=\"image\" height=\"150\" width=\"150\" title=\"PDTE-Logo2\" onerror=\"this.style.display='none'\"  \/>","protected":false},"excerpt":{"rendered":"<p>T. 27993370 | liga@myperfectdog.lv (Trainings: P.-S. 9AM-9PM, contact us: 9AM-6PM) LOCATIONS: R\u012aG\u0100, J\u016aRMAL\u0100, IK\u0160\u0136IL\u0112, JELGAV\u0100 AND AFTER REQUEST OTHER CITIES T. 27993370 | liga@myperfectdog.lv (Trainings: P.-S. 9AM-9PM, contact us: 9AM-6PM) LOCATIONS: R\u012aG\u0100, J\u016aRMAL\u0100, IK\u0160\u0136IL\u0112, JELGAV\u0100 AND AFTER REQUEST OTHER CITIES Fear, reactivity, and aggression are among the most misunderstood &#8211; and often feared &#8211; behavioral&hellip;<\/p>","protected":false},"author":1,"featured_media":8500,"parent":0,"menu_order":0,"comment_status":"closed","ping_status":"closed","template":"","meta":{"footnotes":""},"class_list":["post-12187","page","type-page","status-publish","has-post-thumbnail","hentry"],"yoast_head":"<!-- This site is optimized with the Yoast SEO plugin v27.5 - https:\/\/yoast.com\/product\/yoast-seo-wordpress\/ -->\n<title>PDTE Annual Conference &amp; AGM 2026 | MyPerfectDog.lv<\/title>\n<meta name=\"robots\" content=\"index, follow, max-snippet:-1, max-image-preview:large, max-video-preview:-1\" \/>\n<link rel=\"canonical\" href=\"https:\/\/myperfectdog.lv\/en\/pdte-conference\/\" \/>\n<meta property=\"og:locale\" content=\"en_GB\" \/>\n<meta property=\"og:type\" content=\"article\" \/>\n<meta property=\"og:title\" content=\"PDTE Annual Conference &amp; AGM 2026 | MyPerfectDog.lv\" \/>\n<meta property=\"og:description\" content=\"T. 27993370 | liga@myperfectdog.lv (Trainings: P.-S. 9AM-9PM, contact us: 9AM-6PM) LOCATIONS: R\u012aG\u0100, J\u016aRMAL\u0100, IK\u0160\u0136IL\u0112, JELGAV\u0100 AND AFTER REQUEST OTHER CITIES T. 27993370 | liga@myperfectdog.lv (Trainings: P.-S. 9AM-9PM, contact us: 9AM-6PM) LOCATIONS: R\u012aG\u0100, J\u016aRMAL\u0100, IK\u0160\u0136IL\u0112, JELGAV\u0100 AND AFTER REQUEST OTHER CITIES Fear, reactivity, and aggression are among the most misunderstood &#8211; and often feared &#8211; behavioral&hellip;\" \/>\n<meta property=\"og:url\" content=\"https:\/\/myperfectdog.lv\/en\/pdte-conference\/\" \/>\n<meta property=\"og:site_name\" content=\"MyPerfectDog.lv\" \/>\n<meta property=\"article:modified_time\" content=\"2026-04-27T07:42:25+00:00\" \/>\n<meta property=\"og:image\" content=\"https:\/\/myperfectdog.lv\/wp-content\/uploads\/2024\/01\/267.png\" \/>\n\t<meta property=\"og:image:width\" content=\"1080\" \/>\n\t<meta property=\"og:image:height\" content=\"1080\" \/>\n\t<meta property=\"og:image:type\" content=\"image\/png\" \/>\n<meta name=\"twitter:card\" content=\"summary_large_image\" \/>\n<meta name=\"twitter:label1\" content=\"Estimated reading time\" \/>\n\t<meta name=\"twitter:data1\" content=\"7 minutes\" \/>\n<script type=\"application\/ld+json\" class=\"yoast-schema-graph\">{\"@context\":\"https:\\\/\\\/schema.org\",\"@graph\":[{\"@type\":\"WebPage\",\"@id\":\"https:\\\/\\\/myperfectdog.lv\\\/pdte-conference\\\/\",\"url\":\"https:\\\/\\\/myperfectdog.lv\\\/pdte-conference\\\/\",\"name\":\"PDTE Annual Conference &amp; AGM 2026 | MyPerfectDog.lv\",\"isPartOf\":{\"@id\":\"https:\\\/\\\/myperfectdog.lv\\\/#website\"},\"primaryImageOfPage\":{\"@id\":\"https:\\\/\\\/myperfectdog.lv\\\/pdte-conference\\\/#primaryimage\"},\"image\":{\"@id\":\"https:\\\/\\\/myperfectdog.lv\\\/pdte-conference\\\/#primaryimage\"},\"thumbnailUrl\":\"https:\\\/\\\/myperfectdog.lv\\\/wp-content\\\/uploads\\\/2024\\\/01\\\/267.png\",\"datePublished\":\"2025-08-05T08:04:59+00:00\",\"dateModified\":\"2026-04-27T07:42:25+00:00\",\"breadcrumb\":{\"@id\":\"https:\\\/\\\/myperfectdog.lv\\\/pdte-conference\\\/#breadcrumb\"},\"inLanguage\":\"en-GB\",\"potentialAction\":[{\"@type\":\"ReadAction\",\"target\":[\"https:\\\/\\\/myperfectdog.lv\\\/pdte-conference\\\/\"]}]},{\"@type\":\"ImageObject\",\"inLanguage\":\"en-GB\",\"@id\":\"https:\\\/\\\/myperfectdog.lv\\\/pdte-conference\\\/#primaryimage\",\"url\":\"https:\\\/\\\/myperfectdog.lv\\\/wp-content\\\/uploads\\\/2024\\\/01\\\/267.png\",\"contentUrl\":\"https:\\\/\\\/myperfectdog.lv\\\/wp-content\\\/uploads\\\/2024\\\/01\\\/267.png\",\"width\":1080,\"height\":1080},{\"@type\":\"BreadcrumbList\",\"@id\":\"https:\\\/\\\/myperfectdog.lv\\\/pdte-conference\\\/#breadcrumb\",\"itemListElement\":[{\"@type\":\"ListItem\",\"position\":1,\"name\":\"Home\",\"item\":\"https:\\\/\\\/myperfectdog.lv\\\/\"},{\"@type\":\"ListItem\",\"position\":2,\"name\":\"PDTE Annual Conference &amp; AGM 2026\"}]},{\"@type\":\"WebSite\",\"@id\":\"https:\\\/\\\/myperfectdog.lv\\\/#website\",\"url\":\"https:\\\/\\\/myperfectdog.lv\\\/\",\"name\":\"MyPerfectDog.lv\",\"description\":\"Su\u0146u un saimnieku skola\",\"publisher\":{\"@id\":\"https:\\\/\\\/myperfectdog.lv\\\/#organization\"},\"potentialAction\":[{\"@type\":\"SearchAction\",\"target\":{\"@type\":\"EntryPoint\",\"urlTemplate\":\"https:\\\/\\\/myperfectdog.lv\\\/?s={search_term_string}\"},\"query-input\":{\"@type\":\"PropertyValueSpecification\",\"valueRequired\":true,\"valueName\":\"search_term_string\"}}],\"inLanguage\":\"en-GB\"},{\"@type\":\"Organization\",\"@id\":\"https:\\\/\\\/myperfectdog.lv\\\/#organization\",\"name\":\"Su\u0146u & saimnieku skola \\\"My Perfect Dog\\\"\",\"url\":\"https:\\\/\\\/myperfectdog.lv\\\/\",\"logo\":{\"@type\":\"ImageObject\",\"inLanguage\":\"en-GB\",\"@id\":\"https:\\\/\\\/myperfectdog.lv\\\/#\\\/schema\\\/logo\\\/image\\\/\",\"url\":\"https:\\\/\\\/myperfectdog.lv\\\/wp-content\\\/uploads\\\/2020\\\/10\\\/MyPerfectDog-New-logo_peach_plakans.png\",\"contentUrl\":\"https:\\\/\\\/myperfectdog.lv\\\/wp-content\\\/uploads\\\/2020\\\/10\\\/MyPerfectDog-New-logo_peach_plakans.png\",\"width\":1200,\"height\":636,\"caption\":\"Su\u0146u & saimnieku skola \\\"My Perfect Dog\\\"\"},\"image\":{\"@id\":\"https:\\\/\\\/myperfectdog.lv\\\/#\\\/schema\\\/logo\\\/image\\\/\"}}]}<\/script>\n<!-- \/ Yoast SEO plugin. -->","yoast_head_json":{"title":"PDTE Annual Conference &amp; AGM 2026 | MyPerfectDog.lv","robots":{"index":"index","follow":"follow","max-snippet":"max-snippet:-1","max-image-preview":"max-image-preview:large","max-video-preview":"max-video-preview:-1"},"canonical":"https:\/\/myperfectdog.lv\/en\/pdte-conference\/","og_locale":"en_GB","og_type":"article","og_title":"PDTE Annual Conference &amp; AGM 2026 | MyPerfectDog.lv","og_description":"T. 27993370 | liga@myperfectdog.lv (Trainings: P.-S. 9AM-9PM, contact us: 9AM-6PM) LOCATIONS: R\u012aG\u0100, J\u016aRMAL\u0100, IK\u0160\u0136IL\u0112, JELGAV\u0100 AND AFTER REQUEST OTHER CITIES T. 27993370 | liga@myperfectdog.lv (Trainings: P.-S. 9AM-9PM, contact us: 9AM-6PM) LOCATIONS: R\u012aG\u0100, J\u016aRMAL\u0100, IK\u0160\u0136IL\u0112, JELGAV\u0100 AND AFTER REQUEST OTHER CITIES Fear, reactivity, and aggression are among the most misunderstood &#8211; and often feared &#8211; behavioral&hellip;","og_url":"https:\/\/myperfectdog.lv\/en\/pdte-conference\/","og_site_name":"MyPerfectDog.lv","article_modified_time":"2026-04-27T07:42:25+00:00","og_image":[{"width":1080,"height":1080,"url":"https:\/\/myperfectdog.lv\/wp-content\/uploads\/2024\/01\/267.png","type":"image\/png"}],"twitter_card":"summary_large_image","twitter_misc":{"Estimated reading time":"7 minutes"},"schema":{"@context":"https:\/\/schema.org","@graph":[{"@type":"WebPage","@id":"https:\/\/myperfectdog.lv\/pdte-conference\/","url":"https:\/\/myperfectdog.lv\/pdte-conference\/","name":"PDTE Annual Conference &amp; AGM 2026 | MyPerfectDog.lv","isPartOf":{"@id":"https:\/\/myperfectdog.lv\/#website"},"primaryImageOfPage":{"@id":"https:\/\/myperfectdog.lv\/pdte-conference\/#primaryimage"},"image":{"@id":"https:\/\/myperfectdog.lv\/pdte-conference\/#primaryimage"},"thumbnailUrl":"https:\/\/myperfectdog.lv\/wp-content\/uploads\/2024\/01\/267.png","datePublished":"2025-08-05T08:04:59+00:00","dateModified":"2026-04-27T07:42:25+00:00","breadcrumb":{"@id":"https:\/\/myperfectdog.lv\/pdte-conference\/#breadcrumb"},"inLanguage":"en-GB","potentialAction":[{"@type":"ReadAction","target":["https:\/\/myperfectdog.lv\/pdte-conference\/"]}]},{"@type":"ImageObject","inLanguage":"en-GB","@id":"https:\/\/myperfectdog.lv\/pdte-conference\/#primaryimage","url":"https:\/\/myperfectdog.lv\/wp-content\/uploads\/2024\/01\/267.png","contentUrl":"https:\/\/myperfectdog.lv\/wp-content\/uploads\/2024\/01\/267.png","width":1080,"height":1080},{"@type":"BreadcrumbList","@id":"https:\/\/myperfectdog.lv\/pdte-conference\/#breadcrumb","itemListElement":[{"@type":"ListItem","position":1,"name":"Home","item":"https:\/\/myperfectdog.lv\/"},{"@type":"ListItem","position":2,"name":"PDTE Annual Conference &amp; AGM 2026"}]},{"@type":"WebSite","@id":"https:\/\/myperfectdog.lv\/#website","url":"https:\/\/myperfectdog.lv\/","name":"MyPerfectDog.lv","description":"Su\u0146u un saimnieku skola","publisher":{"@id":"https:\/\/myperfectdog.lv\/#organization"},"potentialAction":[{"@type":"SearchAction","target":{"@type":"EntryPoint","urlTemplate":"https:\/\/myperfectdog.lv\/?s={search_term_string}"},"query-input":{"@type":"PropertyValueSpecification","valueRequired":true,"valueName":"search_term_string"}}],"inLanguage":"en-GB"},{"@type":"Organization","@id":"https:\/\/myperfectdog.lv\/#organization","name":"Su\u0146u & saimnieku skola \"My Perfect Dog\"","url":"https:\/\/myperfectdog.lv\/","logo":{"@type":"ImageObject","inLanguage":"en-GB","@id":"https:\/\/myperfectdog.lv\/#\/schema\/logo\/image\/","url":"https:\/\/myperfectdog.lv\/wp-content\/uploads\/2020\/10\/MyPerfectDog-New-logo_peach_plakans.png","contentUrl":"https:\/\/myperfectdog.lv\/wp-content\/uploads\/2020\/10\/MyPerfectDog-New-logo_peach_plakans.png","width":1200,"height":636,"caption":"Su\u0146u & saimnieku skola \"My Perfect Dog\""},"image":{"@id":"https:\/\/myperfectdog.lv\/#\/schema\/logo\/image\/"}}]}},"jetpack_sharing_enabled":true,"_links":{"self":[{"href":"https:\/\/myperfectdog.lv\/en\/wp-json\/wp\/v2\/pages\/12187","targetHints":{"allow":["GET"]}}],"collection":[{"href":"https:\/\/myperfectdog.lv\/en\/wp-json\/wp\/v2\/pages"}],"about":[{"href":"https:\/\/myperfectdog.lv\/en\/wp-json\/wp\/v2\/types\/page"}],"author":[{"embeddable":true,"href":"https:\/\/myperfectdog.lv\/en\/wp-json\/wp\/v2\/users\/1"}],"replies":[{"embeddable":true,"href":"https:\/\/myperfectdog.lv\/en\/wp-json\/wp\/v2\/comments?post=12187"}],"version-history":[{"count":94,"href":"https:\/\/myperfectdog.lv\/en\/wp-json\/wp\/v2\/pages\/12187\/revisions"}],"predecessor-version":[{"id":14791,"href":"https:\/\/myperfectdog.lv\/en\/wp-json\/wp\/v2\/pages\/12187\/revisions\/14791"}],"wp:featuredmedia":[{"embeddable":true,"href":"https:\/\/myperfectdog.lv\/en\/wp-json\/wp\/v2\/media\/8500"}],"wp:attachment":[{"href":"https:\/\/myperfectdog.lv\/en\/wp-json\/wp\/v2\/media?parent=12187"}],"curies":[{"name":"wp","href":"https:\/\/api.w.org\/{rel}","templated":true}]}}