{"id":12401,"date":"2025-09-30T10:56:12","date_gmt":"2025-09-30T08:56:12","guid":{"rendered":"https:\/\/myperfectdog.lv\/?page_id=12401"},"modified":"2025-10-01T09:56:13","modified_gmt":"2025-10-01T07:56:13","slug":"kucenu-diena","status":"publish","type":"page","link":"https:\/\/myperfectdog.lv\/en\/kucenu-diena\/","title":{"rendered":"Kuc\u0113nu diena"},"content":{"rendered":"<h2>\n\t\tT. 27993370 | liga@myperfectdog.lv\n\t<\/h2>\n<h2>\n\t\t(Darba laiks: P.-S. 9.00-21.00, sazi\u0146a zvanot \/ sms \/ whatsapp: 9.00-18.00)\n\t<\/h2>\n<h2>\n\t\tNODARB\u012aBAS PIEEJAMAS:\n\t<\/h2>\n<h2>\n\t\tR\u012aG\u0100, PI\u0145\u0136OS, J\u016aRMAL\u0100, M\u0100RUP\u0112, JELGAV\u0100, CARNIKAV\u0100 UN TO APK\u0100RTN\u0112\n\t<\/h2>\n<h2>\n\t\tT. 27993370 | liga@myperfectdog.lv\n\t<\/h2>\n<h2>\n\t\t(Darba laiks: P-S. 9.00-21.00; sazi\u0146a zvanot \/ sms \/ whatsapp: 9.00-18.00)\n\t<\/h2>\n<h2>\n\t\tNODARB\u012aBAS PIEEJAMAS:\n\t<\/h2>\n<h2>\n\t\tR\u012aG\u0100, PI\u0145\u0136OS, J\u016aRMAL\u0100, M\u0100RUP\u0112, JELGAV\u0100, CARNIKAV\u0100 UN TO APK\u0100RTN\u0112\n\t<\/h2>\n\t\t\t\t<a href=\"https:\/\/myperfectdog.lv\/en\/\" target=\"_self\" itemprop=\"url\">\n\t\t\t\t<img loading=\"lazy\" decoding=\"async\" src=\"https:\/\/myperfectdog.lv\/wp-content\/uploads\/2020\/10\/MyPerfectDog-New-logo_peach_plakans.png\" alt=\"MyPerfectDog-New-logo_peach_plakans\" itemprop=\"image\" height=\"636\" width=\"1200\" title=\"MyPerfectDog-New-logo_peach_plakans\" onerror=\"this.style.display='none'\"  \/>\n\t\t\t\t<\/a>\n\t\t\t\t<a href=\"https:\/\/myperfectdog.lv\/en\/\" target=\"_self\" itemprop=\"url\">\n\t\t\t\t<img loading=\"lazy\" decoding=\"async\" src=\"https:\/\/myperfectdog.lv\/wp-content\/uploads\/2020\/10\/MyPerfectDog-New-logo_peach_plakans.png\" alt=\"MyPerfectDog-New-logo_peach_plakans\" itemprop=\"image\" height=\"636\" width=\"1200\" title=\"MyPerfectDog-New-logo_peach_plakans\" onerror=\"this.style.display='none'\"  \/>\n\t\t\t\t<\/a>\n<h1>\n\t\tKUC\u0112NU DIENA\n\t<\/h1>\n<h3>\n\t\tViss, kas j\u0101zina, lai izaudzin\u0101tu vesel\u012bgu un laim\u012bgu kuc\u0113nu\n\t<\/h3>\n\t<p><strong data-start=\"58\" data-end=\"117\">Vai tav\u0101 \u0123imen\u0113 ien\u0101cis kuc\u0113ns vai tikai dom\u0101 par t\u0101du?<\/strong><\/p>\n<p><br data-start=\"117\" data-end=\"120\" \/>N\u0101c uz <strong data-start=\"127\" data-end=\"143\">Kuc\u0113nu dienu<\/strong> &#8211; \u012bpa\u0161u praktisku semin\u0101ru, kur\u0101 vienuviet apvienoti veterin\u0101rie padomi, apm\u0101c\u012bbas pamatprincipi un socializ\u0101cijas nosl\u0113pumi. Ieg\u016bsti praktiskas zin\u0101\u0161anas un v\u0113rt\u012bgus ieteikumus, kas pal\u012bdz\u0113s izaudzin\u0101t priec\u012bgu, p\u0101rliecin\u0101tu un veselu suni!<\/p>\n\t\t\t<a href=\"https:\/\/myperfectdog.lv\/en\/kontakti\/\" target=\"_self\" role=\"button\">\n\t\t\t\t\t\t\tPIETEIKT DAL\u012aBU\n\t\t\t<\/a>\n<h3>\n\t\t9.novembris, sv\u0113tdiena\n\t<\/h3>\n<h3>\n\t\tPlkst.\n\t<\/h3>\n<h3>\n\t\t10.00-15.30\n\t<\/h3>\n<h3>\n\t\tAurora Fit&#038;Show&#8221; telp\u0101s, Priedaines iel\u0101 11, Pi\u0146\u0137os\n\t<\/h3>\n\t<p>\ud83d\udcb5 30\u20ac<\/p>\n<p>(dal\u012bba ab\u0101s lekcij\u0101s)<\/p>\n<p>&nbsp;<\/p>\n<p>\ud83d\udcb5 40\u20ac<\/p>\n<p>(divas lekcijas un 1 praktisk\u0101)<\/p>\n<p>&nbsp;<\/p>\n<p>\ud83d\udcb5 50\u20ac<\/p>\n<p>(divas lekcijas un 2 praktisk\u0101s)<\/p>\n<h3>\n\t\tSEMIN\u0100RA T\u0112MAS:\n\t<\/h3>\n\t<h1>1.<\/h1>\n<p><strong>&#8220;Kas j\u0101zina pirms kuc\u0113na ien\u0101k\u0161anas \u011fimen\u0113. K\u0101 kuc\u0113na agr\u012bn\u0101 pieredze ietekm\u0113 vi\u0146a uzved\u012bbu un raksturu pieaugu\u0161\u0101 vecum\u0101&#8221;<\/strong><\/p>\n<p><em>Anna Lapo\u0161ka<\/em><\/p>\n\t<h1>2.<\/h1>\n<p><strong>&#8220;Kuc\u0113nu socializ\u0101cija p\u0113c ien\u0101k\u0161anas jaunaj\u0101 \u011fimen\u0113&#8221;<\/strong><\/p>\n<p><i>Li\u0101na B\u0113rzi\u0146a<\/i><\/p>\n\t<h1>3.<\/h1>\n<p>PRAKTISK\u0100 NODARB\u012aBA:<\/p>\n<p><strong>Veterin\u0101r\u0101rsta kabinets<\/strong><\/p>\n<p><em>Anna Lapo\u0161ka<\/em><\/p>\n\t<h1>4.<\/h1>\n<p>PRAKTISK\u0100 NODARB\u012aBA:<\/p>\n<p><strong>Kuc\u0113nu socializ\u0101cijas pastaiga un savstarp\u0113j\u0101 komunik\u0101cija<\/strong><\/p>\n<p><i>Li\u0101na B\u0113rzi\u0146a, Anna Lapo\u0161ka\u00a0<\/i><\/p>\n<h3>\n\t\tKONFERENCES T\u0112MAS\n\t<\/h3>\n\t<p><strong>1.<\/strong><\/p>\n\t<p><strong>&#8220;Kas j\u0101zina pirms kuc\u0113na ien\u0101k\u0161anas \u011fimen\u0113. K\u0101 kuc\u0113na agr\u012bn\u0101 pieredze ietekm\u0113 vi\u0146a uzved\u012bbu un raksturu pieaugu\u0161\u0101 vecum\u0101&#8221; <\/strong>| <em>Lektore: Anna Lapo\u0161ka<\/em><\/p>\n\t<p><strong>2.<\/strong><\/p>\n\t<p>&#8220;<strong>Kuc\u0113nu socializ\u0101cija p\u0113c ien\u0101k\u0161anas jaunaj\u0101 \u011fimen\u0113<\/strong>&#8221;\u00a0 |\u00a0 <em>Lektore: Li\u0101na B\u0113rzi\u0146a<\/em><\/p>\n\t<p><strong>3.<\/strong><\/p>\n\t<p>Praktisk\u0101 nodarb\u012bba: <strong>Veterin\u0101r\u0101rsta kabinets<\/strong>\u00a0 |\u00a0 \u00a0<em>Nodarb\u012bbu vad\u012bs: Anna Lapo\u0161ka<\/em><\/p>\n\t<p><strong>4.<\/strong><\/p>\n\t<p>Praktisk\u0101 nodarb\u012bba: <strong>Kuc\u0113nu socializ\u0101cijas pastaiga un savstarp\u0113j\u0101 komunik\u0101cija<\/strong> |\u00a0 <em>Nodarb\u012bbu vad\u012bs: Li\u0101na B\u0113rzi\u0146a un Anna Lapo\u0161ka<\/em><\/p>\n<h3>\n\t\tLEKTORI\n\t<\/h3>\n\t\t\t\t<img loading=\"lazy\" decoding=\"async\" src=\"https:\/\/myperfectdog.lv\/wp-content\/uploads\/2022\/08\/Anna-Blumberga-scaled.jpg\" alt=\"MYPERFEFCTDOG.- Anna Blumberga\" itemprop=\"image\" height=\"2560\" width=\"1709\" title=\"MYPERFEFCTDOG.- Anna Blumberga\" onerror=\"this.style.display='none'\"  \/>\n\t\t\t\t<img loading=\"lazy\" decoding=\"async\" src=\"https:\/\/myperfectdog.lv\/wp-content\/uploads\/2025\/09\/WhatsApp-Image-2025-09-30-at-14.36.17.jpeg\" alt=\"Li\u0101na B\u0113rzi\u0146a\" itemprop=\"image\" height=\"2560\" width=\"1703\" title=\"Li\u0101na B\u0113rzi\u0146a\" onerror=\"this.style.display='none'\"  \/>\n<h4>\n\t\tVETERIN\u0100R\u0100RSTE &#8220;PETCITY&#8221; VETERIN\u0100RAJ\u0100 KL\u012aNIK\u0100 &#038;  &#8220;MY PERFECT DOG&#8221; SU\u0145U UZVED\u012aBAS SPECI\u0100LISTE\n\t<\/h4>\n<h4>\n\t\t&#8220;MY PERFECT DOG&#8221; SU\u0145U UZVED\u012aBAS SPECI\u0100LISTE UN APM\u0100C\u012aBU TRENERE\n\t<\/h4>\n<h3>\n\t\tAnna Lapo\u0161ka\n\t<\/h3>\n<h3>\n\t\tLi\u0101na B\u0113rzi\u0146a\n\t<\/h3>\n\tAnna ir ne tikai su\u0146u uzved\u012bbas speci\u0101liste, bet ar\u012b veterin\u0101r\u0101rste. Anna specializ\u0113jas gan su\u0146u uzved\u012bb\u0101, gan vesel\u012bbas apr\u016bp\u0113.<br \/>\nIr str\u0101d\u0101jusi ar su\u0146iem da\u017e\u0101dos vecumos un vid\u0113s, pal\u012bdzot \u0123imen\u0113m audzin\u0101t laim\u012bgus kompanjonus. Su\u0146i ir biju\u0161i Annas sird\u012b kop\u0161 b\u0113rn\u012bbas, t\u0101p\u0113c vi\u0146a pati pieredz\u0113jusi kuc\u0113na dz\u012bves k\u0101pumus un kritumus.<br \/>\nAnnas aizrau\u0161an\u0101s ir apvienot medic\u012bnisk\u0101s zin\u0101\u0161anas ar praktiskiem apm\u0101c\u012bbas un uzved\u012bbas padomiem, lai su\u0146iem b\u016btu vesel\u012bg\u0101ks un laim\u012bg\u0101ks dz\u012bves s\u0101kums.\n\tLi\u0101na ir sertific\u0113ta apm\u0101c\u012bbu trenere un su\u0146u uzved\u012bbas speci\u0101liste, kas ir ieguvusi zin\u0101\u0161anas no atz\u012btiem ekspertiem vis\u0101 pasaul\u0113, k\u0101 ar\u012b joproj\u0101m turpina izgl\u012btoties. \u0160obr\u012bd specializ\u0113jas su\u0146u grupu apm\u0101c\u012bb\u0101s un vada kuc\u0113nu socializ\u0101cijas grupas.<br \/>\n\u200bVi\u0146a uzskata, ka pan\u0101kumu atsl\u0113ga su\u0146a audzin\u0101\u0161an\u0101 ir cie\u0146a, paciet\u012bba, sapratne un konsekventa apm\u0101c\u012bba. Vi\u0146as m\u0113r\u0137is ir pal\u012bdz\u0113t saimniekiem izveidot sp\u0113c\u012bgu saikni ar savu suni, balstoties uz savstarp\u0113ju uztic\u012bbu.\n<h3>\n\t\tRUN\u0100T\u0100JI\n\t<\/h3>\n\t\t\t\t<img loading=\"lazy\" decoding=\"async\" src=\"https:\/\/myperfectdog.lv\/wp-content\/uploads\/2022\/08\/Anna-Blumberga-200x300.jpg\" alt=\"MYPERFEFCTDOG.- Anna Blumberga\" itemprop=\"image\" height=\"300\" width=\"200\" title=\"MYPERFEFCTDOG.- Anna Blumberga\" onerror=\"this.style.display='none'\"  \/>\n<h4>\n\t\tVETERIN\u0100R\u0100RSTE &#8220;PETCITY&#8221; VETERIN\u0100RAJ\u0100 KL\u012aNIK\u0100 &#038;  &#8220;MY PERFECT DOG&#8221; SU\u0145U UZVED\u012aBAS SPECI\u0100LISTE\n\t<\/h4>\n<h3>\n\t\tAnna Lapo\u0161ka\n\t<\/h3>\n\tAnna ir ne tikai su\u0146u uzved\u012bbas speci\u0101liste, bet ar\u012b veterin\u0101r\u0101rste. Anna specializ\u0113jas gan su\u0146u uzved\u012bb\u0101, gan vesel\u012bbas apr\u016bp\u0113.<br \/>\nIr str\u0101d\u0101jusi ar su\u0146iem da\u017e\u0101dos vecumos un vid\u0113s, pal\u012bdzot \u0123imen\u0113m audzin\u0101t laim\u012bgus kompanjonus. Su\u0146i ir biju\u0161i Annas sird\u012b kop\u0161 b\u0113rn\u012bbas, t\u0101p\u0113c vi\u0146a pati pieredz\u0113jusi kuc\u0113na dz\u012bves k\u0101pumus un kritumus.<br \/>\nAnnas aizrau\u0161an\u0101s ir apvienot medic\u012bnisk\u0101s zin\u0101\u0161anas ar praktiskiem apm\u0101c\u012bbas un uzved\u012bbas padomiem, lai su\u0146iem b\u016btu vesel\u012bg\u0101ks un laim\u012bg\u0101ks dz\u012bves s\u0101kums.\n\t\t\t\t<img loading=\"lazy\" decoding=\"async\" src=\"https:\/\/myperfectdog.lv\/wp-content\/uploads\/2025\/09\/Liana-297x300.jpg\" alt=\"Lia\u0304na B\u0113rzi\u0146a\" itemprop=\"image\" height=\"300\" width=\"297\" title=\"Lia\u0304na B\u0113rzi\u0146a\" onerror=\"this.style.display='none'\"  \/>\n<h4>\n\t\t&#8220;MY PERFECT DOG&#8221; SU\u0145U UZVED\u012aBAS SPECI\u0100LISTE UN APM\u0100C\u012aBU TRENERE\n\t<\/h4>\n<h3>\n\t\tLi\u0101na B\u0113rzi\u0146a\n\t<\/h3>\n\tLi\u0101na ir sertific\u0113ta apm\u0101c\u012bbu trenere un su\u0146u uzved\u012bbas speci\u0101liste, kas ir ieguvusi zin\u0101\u0161anas no atz\u012btiem ekspertiem vis\u0101 pasaul\u0113, k\u0101 ar\u012b joproj\u0101m turpina izgl\u012btoties. \u0160obr\u012bd specializ\u0113jas su\u0146u grupu apm\u0101c\u012bb\u0101s un vada kuc\u0113nu socializ\u0101cijas grupas.<br \/>\n\u200bVi\u0146a uzskata, ka pan\u0101kumu atsl\u0113ga su\u0146a audzin\u0101\u0161an\u0101 ir cie\u0146a, paciet\u012bba, sapratne un konsekventa apm\u0101c\u012bba. Vi\u0146as m\u0113r\u0137is ir pal\u012bdz\u0113t saimniekiem izveidot sp\u0113c\u012bgu saikni ar savu suni, balstoties uz savstarp\u0113ju uztic\u012bbu.\n<h3>\n\t\tDETALIZ\u0112TS KONFERENCES PL\u0100NS\n\t<\/h3>\n\t10.00 &#8211; 11.00 Kas j\u0101zina pirms kuc\u0113na ien\u0101k\u0161anas \u011fimen\u0113. K\u0101 kuc\u0113na agr\u012bn\u0101 pieredze ietekm\u0113 vi\u0146a uzved\u012bbu un raksturu pieaugu\u0161\u0101 vecum\u0101. <em>Lektore: Anna Lapo\u0161ka<\/em>\n<p>11.00 &#8211; 11.15 pauze<\/p>\n11.15 &#8211; 12.45 Kuc\u0113nu socializ\u0101cija p\u0113c ien\u0101k\u0161anas jaunaj\u0101 \u011fimen\u0113. <em>Lektore: Li\u0101na B\u0113rzi\u0146a<\/em>\n<p>12.45 &#8211; 13.00 pauze<\/p>\n13.00 &#8211; 14.00 Praktisk\u0101 nodarb\u012bba: Veterin\u0101r\u0101rsta kabinets. <em>Nodarb\u012bbu vad\u012bs: Anna Lapo\u0161ka<\/em>\n<p>14.00 &#8211; 14.30 pauze<\/p>\n14.30 &#8211; 15.30 Praktisk\u0101 nodarb\u012bba: Kuc\u0113nu socializ\u0101cijas pastaiga un savstarp\u0113j\u0101 komunik\u0101cija. <em>Nodarb\u012bbu vad\u012bs: Li\u0101na B\u0113rzi\u0146a un Anna Lapo\u0161ka<\/em>\n\t<h2><strong><\/strong><strong>V\u0112LOS PIEDAL\u012aTIES!<\/strong><\/h2>\n\t\t\t\tDay\n\t\t\t\tHour\n\t\t\t\tMinute\n\t\t\t\tSecond\n\t\t\t\tDay\n\t\t\t\tHour\n\t\t\t\tMinute\n\t\t\t\tSecond\n\t\t\t<a href=\"https:\/\/myperfectdog.lv\/en\/kontakti\/\" target=\"_self\" role=\"button\">\n\t\t\t\t\t\t\tPIETEIKT DAL\u012aBU\n\t\t\t<\/a>\n\t<p><strong>Par &#8220;My Perfect Dog&#8221;<\/strong><\/p>\n&#8220;My Perfect Dog&#8221; ir z\u012bmols, kas reprezent\u0113 lieliskas un harmoniskas attiec\u012bbas su\u0146a un saimnieka starp\u0101, kur saimnieks ir izgl\u012btots un zino\u0161s, savuk\u0101rt suns izprasts un atbilsto\u0161i apr\u016bp\u0113ts, socializ\u0113ts un apm\u0101c\u012bts, balstoties uz pret suni \u0113tisku, dabisku un uz motiv\u0101ciju balst\u012btu apm\u0101c\u012bbu.<br \/>\n\n<p> &#8220;My Perfect Dog&#8221; pied\u0101v\u0101 su\u0146u un vi\u0146u saimnieku apm\u0101c\u012bbu, su\u0146u uzved\u012bbas konsult\u0101cijas, socializ\u0101cijas pastaigas su\u0146iem, k\u0101 ar\u012b teor\u0113tiskus un praktiskus semin\u0101rus saimniekiem.<\/p>\n\t<p><strong>Sazi\u0146ai<\/strong><\/p>\n\t+371 27993370<br \/>\nliga@myperfectdog.lv\n\t<p><strong>Seko &#8220;My Perfect Dog&#8221;<\/strong><\/p>\n<h5>\n\t\t<a href=\"https:\/\/myperfectdog.lv\/en\/privatuma-politika\/\" title=\"Priv\u0101tuma politika\" target=\"_self\">\n\t\tPriv\u0101tuma politika\n\t\t<\/a>\n\t<\/h5>\n\t<p><strong>Par &#8220;My Perfect Dog&#8221;<\/strong><\/p>\n&#8220;My Perfect Dog&#8221; ir z\u012bmols, kas reprezent\u0113 lieliskas un harmoniskas attiec\u012bbas su\u0146a un saimnieka starp\u0101, kur saimnieks ir izgl\u012btots un zino\u0161s, savuk\u0101rt suns izprasts un atbilsto\u0161i apr\u016bp\u0113ts, socializ\u0113ts un apm\u0101c\u012bts, balstoties uz pret suni \u0113tisku, dabisku un uz motiv\u0101ciju balst\u012btu apm\u0101c\u012bbu.<br \/>\n\n<p> &#8220;My Perfect Dog&#8221; pied\u0101v\u0101 su\u0146u un vi\u0146u saimnieku apm\u0101c\u012bbu, su\u0146u uzved\u012bbas konsult\u0101cijas, socializ\u0101cijas pastaigas su\u0146iem, k\u0101 ar\u012b teor\u0113tiskus un praktiskus semin\u0101rus saimniekiem.<\/p>\n\t<p><strong>Kategorijas<\/strong><\/p>\n<p><a href=\"https:\/\/myperfectdog.lv\/en\/internetveikals\/\">Internetveikals<\/a><\/p>\n<p><a href=\"https:\/\/myperfectdog.lv\/en\/apmacibu-piedavajums\/\">Apm\u0101c\u012bbu pied\u0101v\u0101jums<\/a><\/p>\n<p><a href=\"https:\/\/myperfectdog.lv\/en\/sunu-aukles\/\">Su\u0146u pieskat\u012b\u0161ana un pastaigas<\/a><\/p>\n<p><a href=\"https:\/\/myperfectdog.lv\/en\/izglitojosi-raksti\/\">Izgl\u012btojo\u0161i materi\u0101li<\/a><\/p>\n<p><a href=\"https:\/\/myperfectdog.lv\/en\/kontakti\/\">Kontakti<\/a><\/p>\n<p><a href=\"https:\/\/myperfectdog.lv\/en\/privatuma-politika\/\">Priv\u0101tuma politika<\/a><\/p>\n\t<p><strong>Sazi\u0146ai<\/strong><\/p>\n\t+371 27993370<br \/>\nliga@myperfectdog.lv\n\t<p><strong>Seko &#8220;My Perfect Dog&#8221;<\/strong><\/p>","protected":false},"excerpt":{"rendered":"<p>T. 27993370 | liga@myperfectdog.lv (Darba laiks: P.-S. 9.00-21.00, sazi\u0146a zvanot \/ sms \/ whatsapp: 9.00-18.00) NODARB\u012aBAS PIEEJAMAS: R\u012aG\u0100, PI\u0145\u0136OS, J\u016aRMAL\u0100, M\u0100RUP\u0112, JELGAV\u0100, CARNIKAV\u0100 UN TO APK\u0100RTN\u0112 T. 27993370 | liga@myperfectdog.lv (Darba laiks: P-S. 9.00-21.00; sazi\u0146a zvanot \/ sms \/ whatsapp: 9.00-18.00) NODARB\u012aBAS PIEEJAMAS: R\u012aG\u0100, PI\u0145\u0136OS, J\u016aRMAL\u0100, M\u0100RUP\u0112, JELGAV\u0100, CARNIKAV\u0100 UN TO APK\u0100RTN\u0112 KUC\u0112NU DIENA Viss,&hellip;<\/p>","protected":false},"author":1,"featured_media":8500,"parent":0,"menu_order":0,"comment_status":"closed","ping_status":"closed","template":"","meta":{"footnotes":""},"class_list":["post-12401","page","type-page","status-publish","has-post-thumbnail","hentry"],"yoast_head":"<!-- This site is optimized with the Yoast SEO plugin v27.5 - https:\/\/yoast.com\/product\/yoast-seo-wordpress\/ -->\n<title>Kuc\u0113nu diena | MyPerfectDog.lv<\/title>\n<meta name=\"robots\" content=\"index, follow, max-snippet:-1, max-image-preview:large, max-video-preview:-1\" \/>\n<link rel=\"canonical\" href=\"https:\/\/myperfectdog.lv\/en\/kucenu-diena\/\" \/>\n<meta property=\"og:locale\" content=\"en_GB\" \/>\n<meta property=\"og:type\" content=\"article\" \/>\n<meta property=\"og:title\" content=\"Kuc\u0113nu diena | MyPerfectDog.lv\" \/>\n<meta property=\"og:description\" content=\"T. 27993370 | liga@myperfectdog.lv (Darba laiks: P.-S. 9.00-21.00, sazi\u0146a zvanot \/ sms \/ whatsapp: 9.00-18.00) NODARB\u012aBAS PIEEJAMAS: R\u012aG\u0100, PI\u0145\u0136OS, J\u016aRMAL\u0100, M\u0100RUP\u0112, JELGAV\u0100, CARNIKAV\u0100 UN TO APK\u0100RTN\u0112 T. 27993370 | liga@myperfectdog.lv (Darba laiks: P-S. 9.00-21.00; sazi\u0146a zvanot \/ sms \/ whatsapp: 9.00-18.00) NODARB\u012aBAS PIEEJAMAS: R\u012aG\u0100, PI\u0145\u0136OS, J\u016aRMAL\u0100, M\u0100RUP\u0112, JELGAV\u0100, CARNIKAV\u0100 UN TO APK\u0100RTN\u0112 KUC\u0112NU DIENA Viss,&hellip;\" \/>\n<meta property=\"og:url\" content=\"https:\/\/myperfectdog.lv\/en\/kucenu-diena\/\" \/>\n<meta property=\"og:site_name\" content=\"MyPerfectDog.lv\" \/>\n<meta property=\"article:modified_time\" content=\"2025-10-01T07:56:13+00:00\" \/>\n<meta property=\"og:image\" content=\"https:\/\/myperfectdog.lv\/wp-content\/uploads\/2024\/01\/267.png\" \/>\n\t<meta property=\"og:image:width\" content=\"1080\" \/>\n\t<meta property=\"og:image:height\" content=\"1080\" \/>\n\t<meta property=\"og:image:type\" content=\"image\/png\" \/>\n<meta name=\"twitter:card\" content=\"summary_large_image\" \/>\n<meta name=\"twitter:label1\" content=\"Estimated reading time\" \/>\n\t<meta name=\"twitter:data1\" content=\"6 minutes\" \/>\n<script type=\"application\/ld+json\" class=\"yoast-schema-graph\">{\"@context\":\"https:\\\/\\\/schema.org\",\"@graph\":[{\"@type\":\"WebPage\",\"@id\":\"https:\\\/\\\/myperfectdog.lv\\\/kucenu-diena\\\/\",\"url\":\"https:\\\/\\\/myperfectdog.lv\\\/kucenu-diena\\\/\",\"name\":\"Kuc\u0113nu diena | MyPerfectDog.lv\",\"isPartOf\":{\"@id\":\"https:\\\/\\\/myperfectdog.lv\\\/#website\"},\"primaryImageOfPage\":{\"@id\":\"https:\\\/\\\/myperfectdog.lv\\\/kucenu-diena\\\/#primaryimage\"},\"image\":{\"@id\":\"https:\\\/\\\/myperfectdog.lv\\\/kucenu-diena\\\/#primaryimage\"},\"thumbnailUrl\":\"https:\\\/\\\/myperfectdog.lv\\\/wp-content\\\/uploads\\\/2024\\\/01\\\/267.png\",\"datePublished\":\"2025-09-30T08:56:12+00:00\",\"dateModified\":\"2025-10-01T07:56:13+00:00\",\"breadcrumb\":{\"@id\":\"https:\\\/\\\/myperfectdog.lv\\\/kucenu-diena\\\/#breadcrumb\"},\"inLanguage\":\"en-GB\",\"potentialAction\":[{\"@type\":\"ReadAction\",\"target\":[\"https:\\\/\\\/myperfectdog.lv\\\/kucenu-diena\\\/\"]}]},{\"@type\":\"ImageObject\",\"inLanguage\":\"en-GB\",\"@id\":\"https:\\\/\\\/myperfectdog.lv\\\/kucenu-diena\\\/#primaryimage\",\"url\":\"https:\\\/\\\/myperfectdog.lv\\\/wp-content\\\/uploads\\\/2024\\\/01\\\/267.png\",\"contentUrl\":\"https:\\\/\\\/myperfectdog.lv\\\/wp-content\\\/uploads\\\/2024\\\/01\\\/267.png\",\"width\":1080,\"height\":1080},{\"@type\":\"BreadcrumbList\",\"@id\":\"https:\\\/\\\/myperfectdog.lv\\\/kucenu-diena\\\/#breadcrumb\",\"itemListElement\":[{\"@type\":\"ListItem\",\"position\":1,\"name\":\"Home\",\"item\":\"https:\\\/\\\/myperfectdog.lv\\\/\"},{\"@type\":\"ListItem\",\"position\":2,\"name\":\"Kuc\u0113nu diena\"}]},{\"@type\":\"WebSite\",\"@id\":\"https:\\\/\\\/myperfectdog.lv\\\/#website\",\"url\":\"https:\\\/\\\/myperfectdog.lv\\\/\",\"name\":\"MyPerfectDog.lv\",\"description\":\"Su\u0146u un saimnieku skola\",\"publisher\":{\"@id\":\"https:\\\/\\\/myperfectdog.lv\\\/#organization\"},\"potentialAction\":[{\"@type\":\"SearchAction\",\"target\":{\"@type\":\"EntryPoint\",\"urlTemplate\":\"https:\\\/\\\/myperfectdog.lv\\\/?s={search_term_string}\"},\"query-input\":{\"@type\":\"PropertyValueSpecification\",\"valueRequired\":true,\"valueName\":\"search_term_string\"}}],\"inLanguage\":\"en-GB\"},{\"@type\":\"Organization\",\"@id\":\"https:\\\/\\\/myperfectdog.lv\\\/#organization\",\"name\":\"Su\u0146u & saimnieku skola \\\"My Perfect Dog\\\"\",\"url\":\"https:\\\/\\\/myperfectdog.lv\\\/\",\"logo\":{\"@type\":\"ImageObject\",\"inLanguage\":\"en-GB\",\"@id\":\"https:\\\/\\\/myperfectdog.lv\\\/#\\\/schema\\\/logo\\\/image\\\/\",\"url\":\"https:\\\/\\\/myperfectdog.lv\\\/wp-content\\\/uploads\\\/2020\\\/10\\\/MyPerfectDog-New-logo_peach_plakans.png\",\"contentUrl\":\"https:\\\/\\\/myperfectdog.lv\\\/wp-content\\\/uploads\\\/2020\\\/10\\\/MyPerfectDog-New-logo_peach_plakans.png\",\"width\":1200,\"height\":636,\"caption\":\"Su\u0146u & saimnieku skola \\\"My Perfect Dog\\\"\"},\"image\":{\"@id\":\"https:\\\/\\\/myperfectdog.lv\\\/#\\\/schema\\\/logo\\\/image\\\/\"}}]}<\/script>\n<!-- \/ Yoast SEO plugin. -->","yoast_head_json":{"title":"Kuc\u0113nu diena | MyPerfectDog.lv","robots":{"index":"index","follow":"follow","max-snippet":"max-snippet:-1","max-image-preview":"max-image-preview:large","max-video-preview":"max-video-preview:-1"},"canonical":"https:\/\/myperfectdog.lv\/en\/kucenu-diena\/","og_locale":"en_GB","og_type":"article","og_title":"Kuc\u0113nu diena | MyPerfectDog.lv","og_description":"T. 27993370 | liga@myperfectdog.lv (Darba laiks: P.-S. 9.00-21.00, sazi\u0146a zvanot \/ sms \/ whatsapp: 9.00-18.00) NODARB\u012aBAS PIEEJAMAS: R\u012aG\u0100, PI\u0145\u0136OS, J\u016aRMAL\u0100, M\u0100RUP\u0112, JELGAV\u0100, CARNIKAV\u0100 UN TO APK\u0100RTN\u0112 T. 27993370 | liga@myperfectdog.lv (Darba laiks: P-S. 9.00-21.00; sazi\u0146a zvanot \/ sms \/ whatsapp: 9.00-18.00) NODARB\u012aBAS PIEEJAMAS: R\u012aG\u0100, PI\u0145\u0136OS, J\u016aRMAL\u0100, M\u0100RUP\u0112, JELGAV\u0100, CARNIKAV\u0100 UN TO APK\u0100RTN\u0112 KUC\u0112NU DIENA Viss,&hellip;","og_url":"https:\/\/myperfectdog.lv\/en\/kucenu-diena\/","og_site_name":"MyPerfectDog.lv","article_modified_time":"2025-10-01T07:56:13+00:00","og_image":[{"width":1080,"height":1080,"url":"https:\/\/myperfectdog.lv\/wp-content\/uploads\/2024\/01\/267.png","type":"image\/png"}],"twitter_card":"summary_large_image","twitter_misc":{"Estimated reading time":"6 minutes"},"schema":{"@context":"https:\/\/schema.org","@graph":[{"@type":"WebPage","@id":"https:\/\/myperfectdog.lv\/kucenu-diena\/","url":"https:\/\/myperfectdog.lv\/kucenu-diena\/","name":"Kuc\u0113nu diena | MyPerfectDog.lv","isPartOf":{"@id":"https:\/\/myperfectdog.lv\/#website"},"primaryImageOfPage":{"@id":"https:\/\/myperfectdog.lv\/kucenu-diena\/#primaryimage"},"image":{"@id":"https:\/\/myperfectdog.lv\/kucenu-diena\/#primaryimage"},"thumbnailUrl":"https:\/\/myperfectdog.lv\/wp-content\/uploads\/2024\/01\/267.png","datePublished":"2025-09-30T08:56:12+00:00","dateModified":"2025-10-01T07:56:13+00:00","breadcrumb":{"@id":"https:\/\/myperfectdog.lv\/kucenu-diena\/#breadcrumb"},"inLanguage":"en-GB","potentialAction":[{"@type":"ReadAction","target":["https:\/\/myperfectdog.lv\/kucenu-diena\/"]}]},{"@type":"ImageObject","inLanguage":"en-GB","@id":"https:\/\/myperfectdog.lv\/kucenu-diena\/#primaryimage","url":"https:\/\/myperfectdog.lv\/wp-content\/uploads\/2024\/01\/267.png","contentUrl":"https:\/\/myperfectdog.lv\/wp-content\/uploads\/2024\/01\/267.png","width":1080,"height":1080},{"@type":"BreadcrumbList","@id":"https:\/\/myperfectdog.lv\/kucenu-diena\/#breadcrumb","itemListElement":[{"@type":"ListItem","position":1,"name":"Home","item":"https:\/\/myperfectdog.lv\/"},{"@type":"ListItem","position":2,"name":"Kuc\u0113nu diena"}]},{"@type":"WebSite","@id":"https:\/\/myperfectdog.lv\/#website","url":"https:\/\/myperfectdog.lv\/","name":"MyPerfectDog.lv","description":"Su\u0146u un saimnieku skola","publisher":{"@id":"https:\/\/myperfectdog.lv\/#organization"},"potentialAction":[{"@type":"SearchAction","target":{"@type":"EntryPoint","urlTemplate":"https:\/\/myperfectdog.lv\/?s={search_term_string}"},"query-input":{"@type":"PropertyValueSpecification","valueRequired":true,"valueName":"search_term_string"}}],"inLanguage":"en-GB"},{"@type":"Organization","@id":"https:\/\/myperfectdog.lv\/#organization","name":"Su\u0146u & saimnieku skola \"My Perfect Dog\"","url":"https:\/\/myperfectdog.lv\/","logo":{"@type":"ImageObject","inLanguage":"en-GB","@id":"https:\/\/myperfectdog.lv\/#\/schema\/logo\/image\/","url":"https:\/\/myperfectdog.lv\/wp-content\/uploads\/2020\/10\/MyPerfectDog-New-logo_peach_plakans.png","contentUrl":"https:\/\/myperfectdog.lv\/wp-content\/uploads\/2020\/10\/MyPerfectDog-New-logo_peach_plakans.png","width":1200,"height":636,"caption":"Su\u0146u & saimnieku skola \"My Perfect Dog\""},"image":{"@id":"https:\/\/myperfectdog.lv\/#\/schema\/logo\/image\/"}}]}},"jetpack_sharing_enabled":true,"_links":{"self":[{"href":"https:\/\/myperfectdog.lv\/en\/wp-json\/wp\/v2\/pages\/12401","targetHints":{"allow":["GET"]}}],"collection":[{"href":"https:\/\/myperfectdog.lv\/en\/wp-json\/wp\/v2\/pages"}],"about":[{"href":"https:\/\/myperfectdog.lv\/en\/wp-json\/wp\/v2\/types\/page"}],"author":[{"embeddable":true,"href":"https:\/\/myperfectdog.lv\/en\/wp-json\/wp\/v2\/users\/1"}],"replies":[{"embeddable":true,"href":"https:\/\/myperfectdog.lv\/en\/wp-json\/wp\/v2\/comments?post=12401"}],"version-history":[{"count":18,"href":"https:\/\/myperfectdog.lv\/en\/wp-json\/wp\/v2\/pages\/12401\/revisions"}],"predecessor-version":[{"id":12455,"href":"https:\/\/myperfectdog.lv\/en\/wp-json\/wp\/v2\/pages\/12401\/revisions\/12455"}],"wp:featuredmedia":[{"embeddable":true,"href":"https:\/\/myperfectdog.lv\/en\/wp-json\/wp\/v2\/media\/8500"}],"wp:attachment":[{"href":"https:\/\/myperfectdog.lv\/en\/wp-json\/wp\/v2\/media?parent=12401"}],"curies":[{"name":"wp","href":"https:\/\/api.w.org\/{rel}","templated":true}]}}