{"id":12513,"date":"2025-10-14T10:32:29","date_gmt":"2025-10-14T08:32:29","guid":{"rendered":"https:\/\/myperfectdog.lv\/?page_id=12513"},"modified":"2026-02-25T21:43:43","modified_gmt":"2026-02-25T19:43:43","slug":"internetveikals-copy","status":"publish","type":"page","link":"https:\/\/myperfectdog.lv\/en\/internetveikals-copy\/","title":{"rendered":"Internetveikals &#8211; atjaunot\u0101"},"content":{"rendered":"<a href=\"https:\/\/myperfectdog.lv\/en\/\" target=\"_self\" itemprop=\"url\">\n\t\t\t\t<img loading=\"lazy\" decoding=\"async\" src=\"https:\/\/myperfectdog.lv\/wp-content\/uploads\/2020\/10\/MyPerfectDog-New-logo_peach_plakans.png\" alt=\"MyPerfectDog-New-logo_peach_plakans\" itemprop=\"image\" height=\"636\" width=\"1200\" title=\"MyPerfectDog-New-logo_peach_plakans\" onerror=\"this.style.display='none'\"  \/>\n\t\t\t\t<\/a>\n\t\t\t\t<a href=\"https:\/\/myperfectdog.lv\/en\/\" target=\"_self\" itemprop=\"url\">\n\t\t\t\t<img loading=\"lazy\" decoding=\"async\" src=\"https:\/\/myperfectdog.lv\/wp-content\/uploads\/2024\/02\/LV.webp\" alt=\"LV\" itemprop=\"image\" height=\"320\" width=\"640\" title=\"LV\" onerror=\"this.style.display='none'\"  \/>\n\t\t\t\t<\/a>\n\t\t\t\t<a href=\"https:\/\/myperfectdog.lv\/en\/eng\/\" target=\"_self\" itemprop=\"url\">\n\t\t\t\t<img loading=\"lazy\" decoding=\"async\" src=\"https:\/\/myperfectdog.lv\/wp-content\/uploads\/2024\/02\/ENG.webp\" alt=\"ENG\" itemprop=\"image\" height=\"600\" width=\"1200\" title=\"ENG\" onerror=\"this.style.display='none'\"  \/>\n\t\t\t\t<\/a>\n<h1>\n\t\tINTERNETVEIKALS\n\t<\/h1>\n<h2>\n\t\tNodarb\u012bbu apmaksa un preces su\u0146iem, ko iesak\u0101m un pa\u0161i lietojam! \n\t<\/h2>\n<div class=\"woocommerce columns-4\"><ul class=\"products columns-4\">\n<li class=\"product-category product first\">\n\t<a aria-label=\"Visit product category Gardumi su\u0146iem\" href=\"https:\/\/myperfectdog.lv\/en\/product-category\/gardumi-suniem\/\" data-no-translation-aria-label=\"\"><img loading=\"lazy\" decoding=\"async\" src=\"https:\/\/myperfectdog.lv\/wp-content\/uploads\/2022\/02\/Gardumi-suniem-1.png\" alt=\"Gardumi su\u0146iem\" width=\"300\" height=\"300\" srcset=\"https:\/\/myperfectdog.lv\/wp-content\/uploads\/2022\/02\/Gardumi-suniem-1.png 300w, https:\/\/myperfectdog.lv\/wp-content\/uploads\/2022\/02\/Gardumi-suniem-1-150x150.png 150w, https:\/\/myperfectdog.lv\/wp-content\/uploads\/2022\/02\/Gardumi-suniem-1-12x12.png 12w, https:\/\/myperfectdog.lv\/wp-content\/uploads\/2022\/02\/Gardumi-suniem-1-100x100.png 100w\" sizes=\"auto, (max-width: 300px) 100vw, 300px\" \/>\t\t<h2 class=\"woocommerce-loop-category__title\">\n\t\t\tGardumi su\u0146iem <mark class=\"count\">(13)<\/mark>\t\t<\/h2>\n\t\t<\/a><\/li>\n<li class=\"product-category product\">\n\t<a aria-label=\"Visit product category Nodarb\u012bbas &amp; semin\u0101ri\" href=\"https:\/\/myperfectdog.lv\/en\/product-category\/izglitojosi\/\" data-no-translation-aria-label=\"\"><img loading=\"lazy\" decoding=\"async\" src=\"https:\/\/myperfectdog.lv\/wp-content\/uploads\/2022\/02\/izglitiba-1-1.png\" alt=\"Nodarb\u012bbas &amp; semin\u0101ri\" width=\"300\" height=\"300\" srcset=\"https:\/\/myperfectdog.lv\/wp-content\/uploads\/2022\/02\/izglitiba-1-1.png 300w, https:\/\/myperfectdog.lv\/wp-content\/uploads\/2022\/02\/izglitiba-1-1-12x12.png 12w, https:\/\/myperfectdog.lv\/wp-content\/uploads\/2022\/02\/izglitiba-1-1-100x100.png 100w\" sizes=\"auto, (max-width: 300px) 100vw, 300px\" \/>\t\t<h2 class=\"woocommerce-loop-category__title\">\n\t\t\tNodarb\u012bbas &amp; semin\u0101ri <mark class=\"count\">(21)<\/mark>\t\t<\/h2>\n\t\t<\/a><\/li>\n<li class=\"product-category product\">\n\t<a aria-label=\"Visit product category Pastaigu apr\u012bkojums\" href=\"https:\/\/myperfectdog.lv\/en\/product-category\/pastaigu-aprikojums\/\" data-no-translation-aria-label=\"\"><img loading=\"lazy\" decoding=\"async\" src=\"https:\/\/myperfectdog.lv\/wp-content\/uploads\/2022\/02\/Aksesuari-un-gultas-1-2.png\" alt=\"Pastaigu apr\u012bkojums\" width=\"300\" height=\"300\" srcset=\"https:\/\/myperfectdog.lv\/wp-content\/uploads\/2022\/02\/Aksesuari-un-gultas-1-2.png 300w, https:\/\/myperfectdog.lv\/wp-content\/uploads\/2022\/02\/Aksesuari-un-gultas-1-2-150x150.png 150w, https:\/\/myperfectdog.lv\/wp-content\/uploads\/2022\/02\/Aksesuari-un-gultas-1-2-12x12.png 12w, https:\/\/myperfectdog.lv\/wp-content\/uploads\/2022\/02\/Aksesuari-un-gultas-1-2-100x100.png 100w\" sizes=\"auto, (max-width: 300px) 100vw, 300px\" \/>\t\t<h2 class=\"woocommerce-loop-category__title\">\n\t\t\tPastaigu apr\u012bkojums <mark class=\"count\">(18)<\/mark>\t\t<\/h2>\n\t\t<\/a><\/li>\n<li class=\"product-category product last\">\n\t<a aria-label=\"Visit product category Sp\u0113les su\u0146iem\" href=\"https:\/\/myperfectdog.lv\/en\/product-category\/speles-suniem\/\" data-no-translation-aria-label=\"\"><img loading=\"lazy\" decoding=\"async\" src=\"https:\/\/myperfectdog.lv\/wp-content\/uploads\/2022\/03\/Spe\u0304les-sun\u0327iem.png\" alt=\"Sp\u0113les su\u0146iem\" width=\"300\" height=\"300\" srcset=\"https:\/\/myperfectdog.lv\/wp-content\/uploads\/2022\/03\/Spe\u0304les-sun\u0327iem.png 300w, https:\/\/myperfectdog.lv\/wp-content\/uploads\/2022\/03\/Spe\u0304les-sun\u0327iem-150x150.png 150w, https:\/\/myperfectdog.lv\/wp-content\/uploads\/2022\/03\/Spe\u0304les-sun\u0327iem-100x100.png 100w\" sizes=\"auto, (max-width: 300px) 100vw, 300px\" \/>\t\t<h2 class=\"woocommerce-loop-category__title\">\n\t\t\tSp\u0113les su\u0146iem <mark class=\"count\">(36)<\/mark>\t\t<\/h2>\n\t\t<\/a><\/li>\n<li class=\"product-category product first\">\n\t<a aria-label=\"Visit product category Su\u0146a mieram\" href=\"https:\/\/myperfectdog.lv\/en\/product-category\/suna-mieram\/\" data-no-translation-aria-label=\"\"><img loading=\"lazy\" decoding=\"async\" src=\"https:\/\/myperfectdog.lv\/wp-content\/uploads\/2022\/02\/suna-mieram-1.png\" alt=\"Su\u0146a mieram\" width=\"300\" height=\"300\" srcset=\"https:\/\/myperfectdog.lv\/wp-content\/uploads\/2022\/02\/suna-mieram-1.png 300w, https:\/\/myperfectdog.lv\/wp-content\/uploads\/2022\/02\/suna-mieram-1-150x150.png 150w, https:\/\/myperfectdog.lv\/wp-content\/uploads\/2022\/02\/suna-mieram-1-12x12.png 12w, https:\/\/myperfectdog.lv\/wp-content\/uploads\/2022\/02\/suna-mieram-1-100x100.png 100w\" sizes=\"auto, (max-width: 299px) 100vw, 299px\" \/>\t\t<h2 class=\"woocommerce-loop-category__title\">\n\t\t\tSu\u0146a mieram <mark class=\"count\">(10)<\/mark>\t\t<\/h2>\n\t\t<\/a><\/li>\n<\/ul>\n<\/div>\n\t\t\t<a href=\"#\" id=\"fl-accordion--label-0\" tabindex=\"0\" aria-controls=\"fl-accordion--panel-0\">K\u0101 r\u012bkoties, ja iemaukti Tavam sunim tom\u0113r neder\u0113s?<\/a>\n\t\t\t\t\t\t\t<a href=\"#\" id=\"fl-accordion--icon-0\" tabindex=\"0\" aria-controls=\"fl-accordion--panel-0\"><i>Expand<\/i><\/a>\n\t\t<p>Nebaidies ieg\u0101d\u0101ties iemauktus att\u0101lin\u0101ti caur internetveikalu!<\/p>\n<ol>\n<li>Pirmk\u0101rt, prec\u012bzi veic un sal\u012bdzini su\u0146a kakla un kr\u016b\u0161ukurvja m\u0113r\u012bjumus, kas nor\u0101d\u012bti izm\u0113ru tabul\u0101.<\/li>\n<li>Ja nej\u016bties p\u0101rliecin\u0101ts, kur\u0161 izm\u0113rs var\u0113tu b\u016bt lab\u0101ks Tavam sunim, jo m\u0113r\u012bjumi sv\u0101rst\u0101s starp diviem izm\u0113riem, raksti mums e-past\u0101 (liga@myperfectdog.lv) vai Whatsapp (+37127993370). M\u0113s pal\u012bdz\u0113sim saprast, kur\u0161 b\u016bt lab\u0101kais iemauktu izm\u0113rs Tavam sunim.<\/li>\n<li>Ja nu tom\u0113r, sa\u0146emot iemauktus, secini, ka tie ir par mazu vai lielu sunim &#8211; nesatraucieties, iemauktus ir iesp\u0113jams samain\u012bt.<br \/>\nSeko l\u012bdzi turpm\u0101k\u0101m nor\u0101d\u0113m sada\u013c\u0101s &#8220;Atteikuma veidlapa&#8221; un &#8220;Distances l\u012bgums&#8221;, k\u0101 ar\u012b sazinies ar mums.<\/li>\n<\/ol>\n\t\t\t<a href=\"#\" id=\"fl-accordion--label-1\" tabindex=\"0\" aria-controls=\"fl-accordion--panel-1\">Atteikuma veidlapa, ja v\u0113lies atgriezt preci<\/a>\n\t\t\t\t\t\t\t<a href=\"#\" id=\"fl-accordion--icon-1\" tabindex=\"0\" aria-controls=\"fl-accordion--panel-1\"><i>Expand<\/i><\/a>\n\t\t<p>Atteikuma veidlapu vari lejupl\u0101d\u0113t \u0161eit: <strong>&#8220;<\/strong><a href=\"https:\/\/myperfectdog.lv\/en\/fl-theme-layout\/woocommerce-single-product-page\/atteikuma-veidlapa\/\" rel=\"attachment wp-att-4427\"><strong>atteikuma-veidlapa&#8221;<\/strong>\u00a0<\/a> vai ar\u012b raksti mums uz liga@myperfectdog.lv un m\u0113s Tev nos\u016bt\u012bsim to e-past\u0101.<\/p>\n<p>Aicin\u0101m iepaz\u012bties ar <a href=\"https:\/\/myperfectdog.lv\/en\/distances-ligums\/\">distances l\u012bgumu<\/a>, kur ar\u012b aprakst\u012bta pre\u010du atgrie\u0161anas politika un norise.<\/p>\n\t\t\t<a href=\"#\" id=\"fl-accordion--label-2\" tabindex=\"0\" aria-controls=\"fl-accordion--panel-2\">Distances l\u012bgums<\/a>\n\t\t\t\t\t\t\t<a href=\"#\" id=\"fl-accordion--icon-2\" tabindex=\"0\" aria-controls=\"fl-accordion--panel-2\"><i>Expand<\/i><\/a>\n<p>\u0160aj\u0101 interneta veikal\u0101 &#8211; www.myperfectdog.lv &#8211; pied\u0101v\u0101to pre\u010du p\u0101rdev\u0113js SIA &#8220;MPD SU\u0145U SKOLA&#8221;, vien. re\u0123istr\u0101cijas Nr. 40203612565, re\u0123istr\u0113ts 20214. gada 19.decembr\u012b, juridisk\u0101 adrese: Kri\u0161j\u0101\u0146a Barona iela 129-66, R\u012bga, LV &#8211; 1012, no vienas puses, turpm\u0101k saukts P\u0101rdev\u0113js, un persona, kas veic pas\u016bt\u012bjumu www.myperfectdog.lv interneta tirdzniec\u012bbas vietn\u0113, turpm\u0101k saukta Pirc\u0113js, no otras puses, nosl\u0113dz \u0161\u0101du L\u012bgumu:<\/p>\n<p>P\u0101rdev\u0113js ap\u0146emas p\u0101rdot un pieg\u0101d\u0101t Pirc\u0113jam preces, atbilsto\u0161i Pirc\u0113ja pas\u016bt\u012bjumam.<\/p>\n<p>PAS\u016aT\u012a\u0160ANAS, PIEG\u0100DES UN SAMAKSAS K\u0100RT\u012aBA<\/p>\n<p>Pirc\u0113js veic pre\u010du pas\u016bt\u012b\u0161anu caur \u0161o m\u0101jas lapu, nor\u0101dot ieg\u0101d\u0101jamo pre\u010du veidu un daudzumu. Pirc\u0113jam ir iesp\u0113ja veikt apmaksu par preci, lietojot interneta veikl\u0101 iestr\u0101d\u0101tos maks\u0101juma r\u012bkus vai apmaks\u0101jot p\u0101rdev\u0113ja sagatavoto un Pirc\u0113jam pa e-pastu nos\u016bt\u012bto pas\u016bt\u012bjumam atbilsto\u0161o r\u0113\u0137inu. R\u0113\u0137ins tiek sagatavots elektroniski un ir der\u012bgs bez paraksta.<\/p>\n<p>P\u0101rdev\u0113js nodro\u0161ina pre\u010du pieg\u0101di\u00a05 darba dienu laik\u0101, kop\u0161 ir sa\u0146emta apmaksa par preci, pieg\u0101des laiku saska\u0146ojot ar Pirc\u0113ju, ja vien prece nav ar &#8220;Pre-order&#8221; statusu, kur par pieg\u0101des termi\u0146u P\u0101rdev\u0113js vienosies ar Pirc\u0113ju, sazinoties rakstiski e-past\u0101.<\/p>\n<p>ATTEIKUMA TIES\u012aBAS<\/p>\n<p>Pirc\u0113jam ir ties\u012bbas atteikties no preces 14 kalend\u0101ro dienu laik\u0101 no Preces sa\u0146em\u0161anas br\u012b\u017ea, nos\u016btot P\u0101rdev\u0113jam par to atteikuma v\u0113stuli. Atteikuma v\u0113stules veidlapu P\u0101rdev\u0113js nos\u016bta Pirc\u0113jam pa e-pastu p\u0113c Pirc\u0113ja piepras\u012bjuma.<\/p>\n<p>Pirc\u0113ja pien\u0101kums ir 7 dienu laik\u0101 p\u0113c atteikuma v\u0113stules nos\u016bt\u012b\u0161anas atdot preci P\u0101rdev\u0113jam. Visus izdevumus, kas rad\u012bsies saist\u012bb\u0101 ar preces nos\u016bt\u012b\u0161anu atpaka\u013c P\u0101rdev\u0113jam, sedz Pirc\u0113js.<\/p>\n<p>Pirc\u0113js nevar izmantot atteikuma ties\u012bbas, ja:<\/p>\n<ul>\n<li>pas\u016bt\u012bt\u0101s preces p\u0113c to rakstura nevar atdot atpaka\u013c, vai t\u0101s \u0101tri boj\u0101jas vai ir \u0101tri izlietojamas;<\/li>\n<li>pas\u016bt\u012bt\u0101s preces ir izgatavotas tie\u0161i Pirc\u0113jam p\u0113c individu\u0101la pas\u016bt\u012bjuma;<\/li>\n<li>pirc\u0113js ir atv\u0113ris audioierakstu vai videoierakstu, vai datorprogrammu iepakojumu.<\/li>\n<\/ul>\n<p>Latvijas Republikas Pat\u0113r\u0113t\u0101ju ties\u012bbu aizsardz\u012bbas likuma 12. panta sest\u0101 da\u013ca nosaka, ka &#8220;pat\u0113r\u0113t\u0101js ir atbild\u012bgs par preces kvalit\u0101tes un dro\u0161uma saglab\u0101\u0161anu atteikuma ties\u012bbu realiz\u0113\u0161anas termi\u0146\u0101&#8221;. P\u0101rdev\u0113js patur ties\u012bbas Pirc\u0113jam atteikt izmantot atteikuma ties\u012bbas vai ietur\u0113t kompens\u0101cijas maksu gad\u012bjum\u0101, ja prece ir boj\u0101ta, lieto\u0161anas laik\u0101 nev\u0113r\u012bgi izturoties pret preci vai neiev\u0113rojot instrukcijas nor\u0101d\u012bjumus, ja ir nozaud\u0113ts preces ori\u0123in\u0101lais iepakojums vai ja t\u0101s iepakojums ir b\u016btiski boj\u0101ts.<\/p>\n<p>DATU APSTR\u0100DE<\/p>\n<p>Ievadot nepiecie\u0161amo inform\u0101ciju, noform\u0113jot pas\u016bt\u012bjumu, Pirc\u0113js apliecina, ka ir iepazinies un piekr\u012bt, ka vi\u0146a sniegtie dati tiek izmantoti, lai P\u0101rdev\u0113js var\u0113tu pie\u0146emt Pirc\u0113ja pas\u016bt\u012bjumu un veikt pre\u010du pieg\u0101di saska\u0146\u0101 ar normat\u012bvo aktu pras\u012bb\u0101m. Ievadot inform\u0101ciju, Pirc\u0113js piekr\u012bt, ka tam uz nor\u0101d\u012bto e-pastu tiks izs\u016bt\u012bti pazi\u0146ojumi, kas saist\u012bti ar Pirc\u0113ja pas\u016bt\u012bjuma apstr\u0101di.<\/p>\n<p>Ar detaliz\u0113tu inform\u0101ciju par personas datu apstr\u0101di Pirc\u0113js var iepaz\u012bties interneta veikala sada\u013c\u0101 <a href=\"https:\/\/myperfectdog.lv\/en\/privatuma-politika\/\">Priv\u0101tuma politika<\/a>.<\/p>\n<p>\u0160is L\u012bgums ir saska\u0146\u0101 ar Latvijas Republikas normat\u012bvajiem aktiem. Pirc\u0113js apliecina, ka ir iepazinies ar \u0161\u012b L\u012bguma noteikumiem un ap\u0146emas tos iev\u0113rot un pild\u012bt.<\/p>\n<p>Pirc\u0113js tiek inform\u0113ts, ka P\u0101rdev\u0113jam ir ties\u012bbas jebkur\u0101 laik\u0101 vienpus\u0113ji main\u012bt \u0161\u012b L\u012bguma noteikumus.<\/p>\n\t<p>Sazi\u0146ai:<\/p>\n\t<p>+371 27993370<\/p>\n\t<p>liga@myperfectdog.lv<\/p>\n\t<p><strong>Par &#8220;My Perfect Dog&#8221;<\/strong><\/p>\n&#8220;My Perfect Dog&#8221; ir z\u012bmols, kas reprezent\u0113 lieliskas un harmoniskas attiec\u012bbas su\u0146a un saimnieka starp\u0101, kur saimnieks ir izgl\u012btots un zino\u0161s, savuk\u0101rt suns izprasts un atbilsto\u0161i apr\u016bp\u0113ts, socializ\u0113ts un apm\u0101c\u012bts, balstoties uz pret suni \u0113tisku, dabisku un uz motiv\u0101ciju balst\u012btu apm\u0101c\u012bbu.<br \/>\n\n<p> &#8220;My Perfect Dog&#8221; pied\u0101v\u0101 su\u0146u un vi\u0146u saimnieku apm\u0101c\u012bbu, su\u0146u uzved\u012bbas konsult\u0101cijas, socializ\u0101cijas pastaigas su\u0146iem, k\u0101 ar\u012b teor\u0113tiskus un praktiskus semin\u0101rus saimniekiem.<\/p>\n\t<p><strong>Kategorijas<\/strong><\/p>\n<p><a href=\"https:\/\/myperfectdog.lv\/en\/internetveikals\/\">Internetveikals<\/a><\/p>\n<p><a href=\"https:\/\/myperfectdog.lv\/en\/apmacibu-piedavajums\/\">Apm\u0101c\u012bbu pied\u0101v\u0101jums<\/a><\/p>\n<p><a href=\"https:\/\/myperfectdog.lv\/en\/sunu-aukles\/\">Su\u0146u pieskat\u012b\u0161ana un pastaigas<\/a><\/p>\n<p><a href=\"https:\/\/myperfectdog.lv\/en\/izglitojosi-raksti\/\">Izgl\u012btojo\u0161i materi\u0101li<\/a><\/p>\n<p><a href=\"https:\/\/myperfectdog.lv\/en\/kontakti\/\">Kontakti<\/a><\/p>\n<p><a href=\"https:\/\/myperfectdog.lv\/en\/privatuma-politika\/\">Priv\u0101tuma politika<\/a><\/p>\n\t<p><strong>Sazi\u0146ai<\/strong><\/p>\n\t+371 27993370<br \/>\nliga@myperfectdog.lv\n\t<p><strong>Seko &#8220;My Perfect Dog&#8221;<\/strong><\/p>\n\t<p><strong>Par &#8220;My Perfect Dog&#8221;<\/strong><\/p>\n&#8220;My Perfect Dog&#8221; ir z\u012bmols, kas reprezent\u0113 lieliskas un harmoniskas attiec\u012bbas su\u0146a un saimnieka starp\u0101, kur saimnieks ir izgl\u012btots un zino\u0161s, savuk\u0101rt suns izprasts un atbilsto\u0161i apr\u016bp\u0113ts, socializ\u0113ts un apm\u0101c\u012bts, balstoties uz pret suni \u0113tisku, dabisku un uz motiv\u0101ciju balst\u012btu apm\u0101c\u012bbu.<br \/>\n\n<p> &#8220;My Perfect Dog&#8221; pied\u0101v\u0101 su\u0146u un vi\u0146u saimnieku apm\u0101c\u012bbu, su\u0146u uzved\u012bbas konsult\u0101cijas, socializ\u0101cijas pastaigas su\u0146iem, k\u0101 ar\u012b teor\u0113tiskus un praktiskus semin\u0101rus saimniekiem.<\/p>\n\t<p><strong>Sazi\u0146ai<\/strong><\/p>\n\t+371 27993370<br \/>\nliga@myperfectdog.lv\n\t<p><strong>Seko &#8220;My Perfect Dog&#8221;<\/strong><\/p>\n<h5>\n\t\t<a href=\"https:\/\/myperfectdog.lv\/en\/privatuma-politika\/\" title=\"Priv\u0101tuma politika\" target=\"_self\">\n\t\tPriv\u0101tuma politika\n\t\t<\/a>\n\t<\/h5>","protected":false},"excerpt":{"rendered":"<p>INTERNETVEIKALS Nodarb\u012bbu apmaksa un preces su\u0146iem, ko iesak\u0101m un pa\u0161i lietojam! K\u0101 r\u012bkoties, ja iemaukti Tavam sunim tom\u0113r neder\u0113s? Expand Nebaidies ieg\u0101d\u0101ties iemauktus att\u0101lin\u0101ti caur internetveikalu! Pirmk\u0101rt, prec\u012bzi veic un sal\u012bdzini su\u0146a kakla un kr\u016b\u0161ukurvja m\u0113r\u012bjumus, kas nor\u0101d\u012bti izm\u0113ru tabul\u0101. Ja nej\u016bties p\u0101rliecin\u0101ts, kur\u0161 izm\u0113rs var\u0113tu b\u016bt lab\u0101ks Tavam sunim, jo m\u0113r\u012bjumi sv\u0101rst\u0101s starp diviem&hellip;<\/p>","protected":false},"author":1,"featured_media":0,"parent":0,"menu_order":0,"comment_status":"closed","ping_status":"closed","template":"","meta":{"footnotes":""},"class_list":["post-12513","page","type-page","status-publish","hentry"],"yoast_head":"<!-- This site is optimized with the Yoast SEO plugin v27.5 - https:\/\/yoast.com\/product\/yoast-seo-wordpress\/ -->\n<title>Internetveikals - atjaunot\u0101 | MyPerfectDog.lv<\/title>\n<meta name=\"robots\" content=\"index, follow, max-snippet:-1, max-image-preview:large, max-video-preview:-1\" \/>\n<link rel=\"canonical\" href=\"https:\/\/myperfectdog.lv\/en\/internetveikals-copy\/\" \/>\n<meta property=\"og:locale\" content=\"en_GB\" \/>\n<meta property=\"og:type\" content=\"article\" \/>\n<meta property=\"og:title\" content=\"Internetveikals - atjaunot\u0101 | MyPerfectDog.lv\" \/>\n<meta property=\"og:description\" content=\"INTERNETVEIKALS Nodarb\u012bbu apmaksa un preces su\u0146iem, ko iesak\u0101m un pa\u0161i lietojam! K\u0101 r\u012bkoties, ja iemaukti Tavam sunim tom\u0113r neder\u0113s? Expand Nebaidies ieg\u0101d\u0101ties iemauktus att\u0101lin\u0101ti caur internetveikalu! Pirmk\u0101rt, prec\u012bzi veic un sal\u012bdzini su\u0146a kakla un kr\u016b\u0161ukurvja m\u0113r\u012bjumus, kas nor\u0101d\u012bti izm\u0113ru tabul\u0101. Ja nej\u016bties p\u0101rliecin\u0101ts, kur\u0161 izm\u0113rs var\u0113tu b\u016bt lab\u0101ks Tavam sunim, jo m\u0113r\u012bjumi sv\u0101rst\u0101s starp diviem&hellip;\" \/>\n<meta property=\"og:url\" content=\"https:\/\/myperfectdog.lv\/en\/internetveikals-copy\/\" \/>\n<meta property=\"og:site_name\" content=\"MyPerfectDog.lv\" \/>\n<meta property=\"article:modified_time\" content=\"2026-02-25T19:43:43+00:00\" \/>\n<meta property=\"og:image\" content=\"https:\/\/myperfectdog.lv\/wp-content\/uploads\/2020\/10\/MyPerfectDog-New-logo_peach_plakans.png\" \/>\n<meta name=\"twitter:card\" content=\"summary_large_image\" \/>\n<meta name=\"twitter:label1\" content=\"Estimated reading time\" \/>\n\t<meta name=\"twitter:data1\" content=\"5 minutes\" \/>\n<script type=\"application\/ld+json\" class=\"yoast-schema-graph\">{\"@context\":\"https:\\\/\\\/schema.org\",\"@graph\":[{\"@type\":\"WebPage\",\"@id\":\"https:\\\/\\\/myperfectdog.lv\\\/internetveikals-copy\\\/\",\"url\":\"https:\\\/\\\/myperfectdog.lv\\\/internetveikals-copy\\\/\",\"name\":\"Internetveikals - atjaunot\u0101 | MyPerfectDog.lv\",\"isPartOf\":{\"@id\":\"https:\\\/\\\/myperfectdog.lv\\\/#website\"},\"primaryImageOfPage\":{\"@id\":\"https:\\\/\\\/myperfectdog.lv\\\/internetveikals-copy\\\/#primaryimage\"},\"image\":{\"@id\":\"https:\\\/\\\/myperfectdog.lv\\\/internetveikals-copy\\\/#primaryimage\"},\"thumbnailUrl\":\"https:\\\/\\\/myperfectdog.lv\\\/wp-content\\\/uploads\\\/2020\\\/10\\\/MyPerfectDog-New-logo_peach_plakans.png\",\"datePublished\":\"2025-10-14T08:32:29+00:00\",\"dateModified\":\"2026-02-25T19:43:43+00:00\",\"breadcrumb\":{\"@id\":\"https:\\\/\\\/myperfectdog.lv\\\/internetveikals-copy\\\/#breadcrumb\"},\"inLanguage\":\"en-GB\",\"potentialAction\":[{\"@type\":\"ReadAction\",\"target\":[\"https:\\\/\\\/myperfectdog.lv\\\/internetveikals-copy\\\/\"]}]},{\"@type\":\"ImageObject\",\"inLanguage\":\"en-GB\",\"@id\":\"https:\\\/\\\/myperfectdog.lv\\\/internetveikals-copy\\\/#primaryimage\",\"url\":\"https:\\\/\\\/myperfectdog.lv\\\/wp-content\\\/uploads\\\/2020\\\/10\\\/MyPerfectDog-New-logo_peach_plakans.png\",\"contentUrl\":\"https:\\\/\\\/myperfectdog.lv\\\/wp-content\\\/uploads\\\/2020\\\/10\\\/MyPerfectDog-New-logo_peach_plakans.png\"},{\"@type\":\"BreadcrumbList\",\"@id\":\"https:\\\/\\\/myperfectdog.lv\\\/internetveikals-copy\\\/#breadcrumb\",\"itemListElement\":[{\"@type\":\"ListItem\",\"position\":1,\"name\":\"Home\",\"item\":\"https:\\\/\\\/myperfectdog.lv\\\/\"},{\"@type\":\"ListItem\",\"position\":2,\"name\":\"Internetveikals &#8211; atjaunot\u0101\"}]},{\"@type\":\"WebSite\",\"@id\":\"https:\\\/\\\/myperfectdog.lv\\\/#website\",\"url\":\"https:\\\/\\\/myperfectdog.lv\\\/\",\"name\":\"MyPerfectDog.lv\",\"description\":\"Su\u0146u un saimnieku skola\",\"publisher\":{\"@id\":\"https:\\\/\\\/myperfectdog.lv\\\/#organization\"},\"potentialAction\":[{\"@type\":\"SearchAction\",\"target\":{\"@type\":\"EntryPoint\",\"urlTemplate\":\"https:\\\/\\\/myperfectdog.lv\\\/?s={search_term_string}\"},\"query-input\":{\"@type\":\"PropertyValueSpecification\",\"valueRequired\":true,\"valueName\":\"search_term_string\"}}],\"inLanguage\":\"en-GB\"},{\"@type\":\"Organization\",\"@id\":\"https:\\\/\\\/myperfectdog.lv\\\/#organization\",\"name\":\"Su\u0146u & saimnieku skola \\\"My Perfect Dog\\\"\",\"url\":\"https:\\\/\\\/myperfectdog.lv\\\/\",\"logo\":{\"@type\":\"ImageObject\",\"inLanguage\":\"en-GB\",\"@id\":\"https:\\\/\\\/myperfectdog.lv\\\/#\\\/schema\\\/logo\\\/image\\\/\",\"url\":\"https:\\\/\\\/myperfectdog.lv\\\/wp-content\\\/uploads\\\/2020\\\/10\\\/MyPerfectDog-New-logo_peach_plakans.png\",\"contentUrl\":\"https:\\\/\\\/myperfectdog.lv\\\/wp-content\\\/uploads\\\/2020\\\/10\\\/MyPerfectDog-New-logo_peach_plakans.png\",\"width\":1200,\"height\":636,\"caption\":\"Su\u0146u & saimnieku skola \\\"My Perfect Dog\\\"\"},\"image\":{\"@id\":\"https:\\\/\\\/myperfectdog.lv\\\/#\\\/schema\\\/logo\\\/image\\\/\"}}]}<\/script>\n<!-- \/ Yoast SEO plugin. -->","yoast_head_json":{"title":"Internetveikals - atjaunot\u0101 | MyPerfectDog.lv","robots":{"index":"index","follow":"follow","max-snippet":"max-snippet:-1","max-image-preview":"max-image-preview:large","max-video-preview":"max-video-preview:-1"},"canonical":"https:\/\/myperfectdog.lv\/en\/internetveikals-copy\/","og_locale":"en_GB","og_type":"article","og_title":"Internetveikals - atjaunot\u0101 | MyPerfectDog.lv","og_description":"INTERNETVEIKALS Nodarb\u012bbu apmaksa un preces su\u0146iem, ko iesak\u0101m un pa\u0161i lietojam! K\u0101 r\u012bkoties, ja iemaukti Tavam sunim tom\u0113r neder\u0113s? Expand Nebaidies ieg\u0101d\u0101ties iemauktus att\u0101lin\u0101ti caur internetveikalu! Pirmk\u0101rt, prec\u012bzi veic un sal\u012bdzini su\u0146a kakla un kr\u016b\u0161ukurvja m\u0113r\u012bjumus, kas nor\u0101d\u012bti izm\u0113ru tabul\u0101. Ja nej\u016bties p\u0101rliecin\u0101ts, kur\u0161 izm\u0113rs var\u0113tu b\u016bt lab\u0101ks Tavam sunim, jo m\u0113r\u012bjumi sv\u0101rst\u0101s starp diviem&hellip;","og_url":"https:\/\/myperfectdog.lv\/en\/internetveikals-copy\/","og_site_name":"MyPerfectDog.lv","article_modified_time":"2026-02-25T19:43:43+00:00","og_image":[{"url":"https:\/\/myperfectdog.lv\/wp-content\/uploads\/2020\/10\/MyPerfectDog-New-logo_peach_plakans.png","type":"","width":"","height":""}],"twitter_card":"summary_large_image","twitter_misc":{"Estimated reading time":"5 minutes"},"schema":{"@context":"https:\/\/schema.org","@graph":[{"@type":"WebPage","@id":"https:\/\/myperfectdog.lv\/internetveikals-copy\/","url":"https:\/\/myperfectdog.lv\/internetveikals-copy\/","name":"Internetveikals - atjaunot\u0101 | MyPerfectDog.lv","isPartOf":{"@id":"https:\/\/myperfectdog.lv\/#website"},"primaryImageOfPage":{"@id":"https:\/\/myperfectdog.lv\/internetveikals-copy\/#primaryimage"},"image":{"@id":"https:\/\/myperfectdog.lv\/internetveikals-copy\/#primaryimage"},"thumbnailUrl":"https:\/\/myperfectdog.lv\/wp-content\/uploads\/2020\/10\/MyPerfectDog-New-logo_peach_plakans.png","datePublished":"2025-10-14T08:32:29+00:00","dateModified":"2026-02-25T19:43:43+00:00","breadcrumb":{"@id":"https:\/\/myperfectdog.lv\/internetveikals-copy\/#breadcrumb"},"inLanguage":"en-GB","potentialAction":[{"@type":"ReadAction","target":["https:\/\/myperfectdog.lv\/internetveikals-copy\/"]}]},{"@type":"ImageObject","inLanguage":"en-GB","@id":"https:\/\/myperfectdog.lv\/internetveikals-copy\/#primaryimage","url":"https:\/\/myperfectdog.lv\/wp-content\/uploads\/2020\/10\/MyPerfectDog-New-logo_peach_plakans.png","contentUrl":"https:\/\/myperfectdog.lv\/wp-content\/uploads\/2020\/10\/MyPerfectDog-New-logo_peach_plakans.png"},{"@type":"BreadcrumbList","@id":"https:\/\/myperfectdog.lv\/internetveikals-copy\/#breadcrumb","itemListElement":[{"@type":"ListItem","position":1,"name":"Home","item":"https:\/\/myperfectdog.lv\/"},{"@type":"ListItem","position":2,"name":"Internetveikals &#8211; atjaunot\u0101"}]},{"@type":"WebSite","@id":"https:\/\/myperfectdog.lv\/#website","url":"https:\/\/myperfectdog.lv\/","name":"MyPerfectDog.lv","description":"Su\u0146u un saimnieku skola","publisher":{"@id":"https:\/\/myperfectdog.lv\/#organization"},"potentialAction":[{"@type":"SearchAction","target":{"@type":"EntryPoint","urlTemplate":"https:\/\/myperfectdog.lv\/?s={search_term_string}"},"query-input":{"@type":"PropertyValueSpecification","valueRequired":true,"valueName":"search_term_string"}}],"inLanguage":"en-GB"},{"@type":"Organization","@id":"https:\/\/myperfectdog.lv\/#organization","name":"Su\u0146u & saimnieku skola \"My Perfect Dog\"","url":"https:\/\/myperfectdog.lv\/","logo":{"@type":"ImageObject","inLanguage":"en-GB","@id":"https:\/\/myperfectdog.lv\/#\/schema\/logo\/image\/","url":"https:\/\/myperfectdog.lv\/wp-content\/uploads\/2020\/10\/MyPerfectDog-New-logo_peach_plakans.png","contentUrl":"https:\/\/myperfectdog.lv\/wp-content\/uploads\/2020\/10\/MyPerfectDog-New-logo_peach_plakans.png","width":1200,"height":636,"caption":"Su\u0146u & saimnieku skola \"My Perfect Dog\""},"image":{"@id":"https:\/\/myperfectdog.lv\/#\/schema\/logo\/image\/"}}]}},"jetpack_sharing_enabled":true,"_links":{"self":[{"href":"https:\/\/myperfectdog.lv\/en\/wp-json\/wp\/v2\/pages\/12513","targetHints":{"allow":["GET"]}}],"collection":[{"href":"https:\/\/myperfectdog.lv\/en\/wp-json\/wp\/v2\/pages"}],"about":[{"href":"https:\/\/myperfectdog.lv\/en\/wp-json\/wp\/v2\/types\/page"}],"author":[{"embeddable":true,"href":"https:\/\/myperfectdog.lv\/en\/wp-json\/wp\/v2\/users\/1"}],"replies":[{"embeddable":true,"href":"https:\/\/myperfectdog.lv\/en\/wp-json\/wp\/v2\/comments?post=12513"}],"version-history":[{"count":8,"href":"https:\/\/myperfectdog.lv\/en\/wp-json\/wp\/v2\/pages\/12513\/revisions"}],"predecessor-version":[{"id":14294,"href":"https:\/\/myperfectdog.lv\/en\/wp-json\/wp\/v2\/pages\/12513\/revisions\/14294"}],"wp:attachment":[{"href":"https:\/\/myperfectdog.lv\/en\/wp-json\/wp\/v2\/media?parent=12513"}],"curies":[{"name":"wp","href":"https:\/\/api.w.org\/{rel}","templated":true}]}}