{"id":2779,"date":"2020-09-22T12:15:00","date_gmt":"2020-09-22T10:15:00","guid":{"rendered":"https:\/\/myperfectdog.lv\/?page_id=2779"},"modified":"2024-10-04T13:46:43","modified_gmt":"2024-10-04T11:46:43","slug":"emocijas-uzbudinajums-izpildijums","status":"publish","type":"page","link":"https:\/\/myperfectdog.lv\/en\/izglitojosi\/emocijas-uzbudinajums-izpildijums\/","title":{"rendered":"Emocijas \/ uzbudin\u0101jums \/ izpild\u012bjums"},"content":{"rendered":"<a href=\"https:\/\/myperfectdog.lv\/en\/\" target=\"_self\" itemprop=\"url\" rel=\"noopener\">\n\t\t\t\t<img decoding=\"async\" src=\"https:\/\/myperfectdog.lv\/wp-content\/uploads\/2020\/10\/MyPerfectDog-New-logo_peach_plakans.png\" alt=\"MyPerfectDog-New-logo_peach_plakans\" itemprop=\"image\" title=\"MyPerfectDog-New-logo_peach_plakans\" onerror=\"this.style.display='none'\"  \/>\n\t\t\t\t<\/a>\n\t\t\t\t<img decoding=\"async\" src=\"https:\/\/myperfectdog.lv\/wp-content\/uploads\/2020\/01\/2-1.png\" alt=\"Su\u0146u apm\u0101c\u012bbas nodarb\u012bbas r\u012bg\u0101\" itemprop=\"image\" title=\"Su\u0146u apm\u0101c\u012bbas\" onerror=\"this.style.display='none'\"  \/>\n<h3>\n\t\tSu\u0146a emocion\u0101lais st\u0101voklis b\u016btiski ietekm\u0113 su\u0146a uzved\u012bbu un izpild\u012bjumu\n\t<\/h3>\n\t<p><strong>! Su\u0146a emocion\u0101lais st\u0101voklis &#8211; uzvilkt\u012bbas pak\u0101pe un nogurums &#8211; b\u016btiski ietekm\u0113 su\u0146a sp\u0113ju \u012bstenot labu uzved\u012bbu un paklaus\u012bbu! !<\/strong><\/p>\n\u0160is faktors noteikti j\u0101\u0146em v\u0113r\u0101 gan ikdien\u0101, gan apm\u0101c\u012bbu laik\u0101!<br \/>\nJo tie\u0161i t\u0101pat k\u0101 mums cilv\u0113kiem, t\u0101pat ar\u012b su\u0146iem &#8211; nogurums dara savu.. kad esam emocion\u0101li saguru\u0161i vai sakaitin\u0101ti, satraukti &#8211; m\u016bsu sp\u0113jas str\u0101d\u0101t vai dar\u012bt jebko citu, ir daudz zem\u0101k\u0101 l\u012bmen\u012b, nek\u0101 br\u012b\u017eos, kad esam mier\u012bgi un atp\u016btu\u0161ies.\n<p>Saimniekiem ir j\u0101seko l\u012bdzi su\u0146a emocion\u0101lajam st\u0101voklim, k\u0101 ar\u012b ment\u0101lajam un fiziskajam nogurumam, un atbilsto\u0161i tam saimnieks var izlemt &#8211; cik daudz no su\u0146a var pras\u012bt konkr\u0113taj\u0101 moment\u0101.<\/p>\n\t\t\t\t<img decoding=\"async\" src=\"https:\/\/myperfectdog.lv\/wp-content\/uploads\/2020\/10\/charts-1.jpg\" alt=\"Emocijas-uzbudin\u0101juma pak\u0101pe - su\u0146a izpild\u012bjums\" itemprop=\"image\" title=\"Emocijas-uzbudin\u0101juma pak\u0101pe - su\u0146a izpild\u012bjums\" onerror=\"this.style.display='none'\"  \/>\n\t<ul>\n<li>Kad suns ir mier\u012bgs, tad vi\u0146a uzved\u012bba ikdien\u0101 b\u016bs adekv\u0101ta, savuk\u0101rt paklaus\u012bba apm\u0101c\u012bb\u0101 b\u016bs daudz \u0101tr\u0101ka un prec\u012bz\u0101ka, nek\u0101 br\u012b\u017eos, kad suns b\u016bs emocion\u0101li p\u0101rguris, sastresojies vai uzvilcies no p\u0101rlieku pat\u012bkam\u0101m vai tie\u0161i nepat\u012bkam\u0101m emocij\u0101m.<\/li>\n<li>B\u016bs br\u012b\u017ei, kad, redzot, ka sunim viss ir daudz par daudz, nekas cits neatliks k\u0101 nodro\u0161in\u0101t sunim mieru &#8211; \u013caut pagul\u0113t un atp\u016bsties, pirms tam, pal\u012bdzot sunim tikt prom no situ\u0101cij\u0101m, kur\u0101 tas atrodas un nesp\u0113j pie\u0146emt pareizus l\u0113mumus.<\/li>\n<li>Br\u012b\u017eos, kad suns ir &#8220;emocion\u0101li p\u0101rdedzis&#8221; vi\u0146\u0161 nesp\u0113j vairs koncentr\u0113ties uz mieru, adekv\u0101tu uzved\u012bbu un prec\u012bzu komandu izpildi, l\u012bdz ar to, atkar\u012bb\u0101 no su\u0146a emocion\u0101l\u0101 st\u0101vok\u013ca, suns arvien bie\u017e\u0101k s\u0101ks pielaist k\u013c\u016bdas.<\/li>\n<\/ul>\n<p><strong>Piem\u0113ram,<\/strong> ne velti kuc\u0113nu nodarb\u012bb\u0101s diez gan bie\u017ei tiek organiz\u0113tas maz\u0101s pauz\u012btes, kad saimnieki sp\u0113l\u0113jas ar su\u0146iem vai \u013cauj tiem vienk\u0101r\u0161i paost\u012bt apk\u0101rtni, lai t\u0101 teikt &#8220;atsl\u0113gtos&#8221; no apm\u0101c\u012bbas un jaunaj\u0101m komand\u0101m, jo komandu m\u0101c\u012b\u0161an\u0101s un pild\u012b\u0161ana ment\u0101li nogurdina suni un l\u012bdz ar to rada emocion\u0101lu nogurumu. Ja s\u0101kotn\u0113ji kuc\u0113ni komandu nem\u0101k &#8211; to s\u0101kot m\u0101c\u012bties, izpild\u012bjums k\u013c\u016bst ar vien lab\u0101ks, l\u012bdz br\u012bdim, kad kuc\u0113ns p\u0101rgurst, un vien\u0101 br\u012bd\u012b &#8211; kuc\u0113ns vairs nesp\u0113j koncentr\u0113ties, savuk\u0101rt paklaus\u012bbas komandu, ko tikko pild\u012bja ide\u0101li, vairs nesp\u0113j izpild\u012bt nemaz, s\u0101k riet vai jebk\u0101 cit\u0101di neorganiz\u0113ti uzvesties.<\/p>\n<p><strong>T\u0101p\u0113c atk\u0101rto\u0161os &#8211; j\u0101, SU\u0145A EMOCION\u0100LAIS ST\u0100VOKLIS IETEKM\u0112 SU\u0145A UZVED\u012aBU &#8211; seko tam l\u012bdzi gan ikdien\u0101, gan treni\u0146os. Un respekt\u0113 su\u0146a dabisk\u0101s vajadz\u012bbas p\u0113c fiziska un ment\u0101la miera, neprasot daudz par daudz br\u012b\u017eos, kad suns uz to ment\u0101li nav gatavs.\u00a0<\/strong><\/p>\n\t\t\t\t<img decoding=\"async\" src=\"https:\/\/myperfectdog.lv\/wp-content\/uploads\/2020\/01\/6.png\" alt=\"6\" itemprop=\"image\" title=\"6\" onerror=\"this.style.display='none'\"  \/>\n\t\t\t\t<img decoding=\"async\" src=\"https:\/\/myperfectdog.lv\/wp-content\/uploads\/2020\/10\/MyPerfectDog-New-logo_peach_plakans.png\" alt=\"MyPerfectDog-New-logo_peach_plakans\" itemprop=\"image\" title=\"MyPerfectDog-New-logo_peach_plakans\" onerror=\"this.style.display='none'\"  \/>\n<h3>\n\t\tSu\u0146a emocion\u0101lais st\u0101voklis b\u016btiski ietekm\u0113 su\u0146a uzved\u012bbu un izpild\u012bjumu\n\t<\/h3>\n\t<p><strong>\u00a0Su\u0146a emocion\u0101lais st\u0101voklis &#8211; uzvilkt\u012bbas pak\u0101pe un nogurums &#8211; b\u016btiski ietekm\u0113 su\u0146a sp\u0113ju \u012bstenot labu uzved\u012bbu un paklaus\u012bbu!\u00a0<\/strong><\/p>\n\u0160is faktors noteikti j\u0101\u0146em v\u0113r\u0101 gan ikdien\u0101, gan apm\u0101c\u012bbu laik\u0101!<br \/>\nJo tie\u0161i t\u0101pat k\u0101 mums cilv\u0113kiem, t\u0101pat ar\u012b su\u0146iem &#8211; nogurums dara savu.. kad esam emocion\u0101li saguru\u0161i vai sakaitin\u0101ti, satraukti &#8211; m\u016bsu sp\u0113jas str\u0101d\u0101t vai dar\u012bt jebko citu, ir daudz zem\u0101k\u0101 l\u012bmen\u012b, nek\u0101 br\u012b\u017eos, kad esam mier\u012bgi un atp\u016btu\u0161ies.\n\t\t\t\t<img decoding=\"async\" src=\"https:\/\/myperfectdog.lv\/wp-content\/uploads\/2020\/10\/charts-1.jpg\" alt=\"Emocijas-uzbudin\u0101juma pak\u0101pe - su\u0146a izpild\u012bjums\" itemprop=\"image\" title=\"Emocijas-uzbudin\u0101juma pak\u0101pe - su\u0146a izpild\u012bjums\" onerror=\"this.style.display='none'\"  \/>\n\t<p>Saimniekiem ir j\u0101seko l\u012bdzi su\u0146a emocion\u0101lajam st\u0101voklim, k\u0101 ar\u012b ment\u0101lajam un fiziskajam nogurumam, un atbilsto\u0161i tam saimnieks var izlemt &#8211; cik daudz no su\u0146a var pras\u012bt konkr\u0113taj\u0101 moment\u0101.<\/p>\n<ul>\n<li>Kad suns ir mier\u012bgs, tad vi\u0146a uzved\u012bba ikdien\u0101 b\u016bs adekv\u0101ta, savuk\u0101rt paklaus\u012bba apm\u0101c\u012bb\u0101 b\u016bs daudz \u0101tr\u0101ka un prec\u012bz\u0101ka, nek\u0101 br\u012b\u017eos, kad suns b\u016bs emocion\u0101li p\u0101rguris, sastresojies vai uzvilcies no p\u0101rlieku pat\u012bkam\u0101m vai tie\u0161i nepat\u012bkam\u0101m emocij\u0101m.<\/li>\n<li>B\u016bs br\u012b\u017ei, kad, redzot, ka sunim viss ir daudz par daudz, nekas cits neatliks k\u0101 nodro\u0161in\u0101t sunim mieru &#8211; \u013caut pagul\u0113t un atp\u016bsties, pirms tam, pal\u012bdzot sunim tikt prom no situ\u0101cij\u0101m, kur\u0101 tas atrodas un nesp\u0113j pie\u0146emt pareizus l\u0113mumus.<\/li>\n<li>Br\u012b\u017eos, kad suns ir &#8220;emocion\u0101li p\u0101rdedzis&#8221; vi\u0146\u0161 nesp\u0113j vairs koncentr\u0113ties uz mieru, adekv\u0101tu uzved\u012bbu un prec\u012bzu komandu izpildi, l\u012bdz ar to, atkar\u012bb\u0101 no su\u0146a emocion\u0101l\u0101 st\u0101vok\u013ca, suns arvien bie\u017e\u0101k s\u0101ks pielaist k\u013c\u016bdas.<\/li>\n<\/ul>\n<p><strong>Piem\u0113ram,<\/strong> ne velti kuc\u0113nu nodarb\u012bb\u0101s diez gan bie\u017ei tiek organiz\u0113tas maz\u0101s pauz\u012btes, kad saimnieki sp\u0113l\u0113jas ar su\u0146iem vai \u013cauj tiem vienk\u0101r\u0161i paost\u012bt apk\u0101rtni, lai t\u0101 teikt &#8220;atsl\u0113gtos&#8221; no apm\u0101c\u012bbas un jaunaj\u0101m komand\u0101m, jo komandu m\u0101c\u012b\u0161an\u0101s un pild\u012b\u0161ana ment\u0101li nogurdina suni un l\u012bdz ar to rada emocion\u0101lu nogurumu. Ja s\u0101kotn\u0113ji kuc\u0113ni komandu nem\u0101k &#8211; to s\u0101kot m\u0101c\u012bties, izpild\u012bjums k\u013c\u016bst ar vien lab\u0101ks, l\u012bdz br\u012bdim, kad kuc\u0113ns p\u0101rgurst, un vien\u0101 br\u012bd\u012b &#8211; kuc\u0113ns vairs nesp\u0113j koncentr\u0113ties, savuk\u0101rt paklaus\u012bbas komandu, ko tikko pild\u012bja ide\u0101li, vairs nesp\u0113j izpild\u012bt nemaz, s\u0101k riet vai jebk\u0101 cit\u0101di neorganiz\u0113ti uzvesties.<\/p>\n<p><strong>T\u0101p\u0113c atk\u0101rto\u0161os &#8211; j\u0101, SU\u0145A EMOCION\u0100LAIS ST\u0100VOKLIS IETEKM\u0112 SU\u0145A UZVED\u012aBU &#8211; seko tam l\u012bdzi gan ikdien\u0101, gan treni\u0146os. Un respekt\u0113 su\u0146a dabisk\u0101s vajadz\u012bbas p\u0113c fiziska un ment\u0101la miera, neprasot daudz par daudz br\u012b\u017eos, kad suns uz to ment\u0101li nav gatavs.\u00a0<\/strong><\/p>\n\t\t\t\t<img decoding=\"async\" src=\"https:\/\/myperfectdog.lv\/wp-content\/uploads\/2020\/01\/2-1.png\" alt=\"Su\u0146u apm\u0101c\u012bbas nodarb\u012bbas r\u012bg\u0101\" itemprop=\"image\" title=\"Su\u0146u apm\u0101c\u012bbas\" onerror=\"this.style.display='none'\"  \/>\n\t<p><strong>Par &#8220;My Perfect Dog&#8221;<\/strong><\/p>\n&#8220;My Perfect Dog&#8221; ir z\u012bmols, kas reprezent\u0113 lieliskas un harmoniskas attiec\u012bbas su\u0146a un saimnieka starp\u0101, kur saimnieks ir izgl\u012btots un zino\u0161s, savuk\u0101rt suns izprasts un atbilsto\u0161i apr\u016bp\u0113ts, socializ\u0113ts un apm\u0101c\u012bts, balstoties uz pret suni \u0113tisku, dabisku un uz motiv\u0101ciju balst\u012btu apm\u0101c\u012bbu.<br \/>\n\n<p> &#8220;My Perfect Dog&#8221; pied\u0101v\u0101 su\u0146u un vi\u0146u saimnieku apm\u0101c\u012bbu, su\u0146u uzved\u012bbas konsult\u0101cijas, socializ\u0101cijas pastaigas su\u0146iem, k\u0101 ar\u012b teor\u0113tiskus un praktiskus semin\u0101rus saimniekiem.<\/p>\n\t<p><strong>Sazi\u0146ai<\/strong><\/p>\n\t+371 27993370<br \/>\nliga@myperfectdog.lv\n\t<p><strong>Seko &#8220;My Perfect Dog&#8221;<\/strong><\/p>\n<h5>\n\t\t<a href=\"https:\/\/myperfectdog.lv\/en\/privatuma-politika\/\" title=\"Priv\u0101tuma politika\" target=\"_self\" rel=\"noopener\">\n\t\tPriv\u0101tuma politika\n\t\t<\/a>\n\t<\/h5>\n\t<p><strong>Par &#8220;My Perfect Dog&#8221;<\/strong><\/p>\n&#8220;My Perfect Dog&#8221; ir z\u012bmols, kas reprezent\u0113 lieliskas un harmoniskas attiec\u012bbas su\u0146a un saimnieka starp\u0101, kur saimnieks ir izgl\u012btots un zino\u0161s, savuk\u0101rt suns izprasts un atbilsto\u0161i apr\u016bp\u0113ts, socializ\u0113ts un apm\u0101c\u012bts, balstoties uz pret suni \u0113tisku, dabisku un uz motiv\u0101ciju balst\u012btu apm\u0101c\u012bbu.<br \/>\n\n<p> &#8220;My Perfect Dog&#8221; pied\u0101v\u0101 su\u0146u un vi\u0146u saimnieku apm\u0101c\u012bbu, su\u0146u uzved\u012bbas konsult\u0101cijas, socializ\u0101cijas pastaigas su\u0146iem, k\u0101 ar\u012b teor\u0113tiskus un praktiskus semin\u0101rus saimniekiem.<\/p>\n\t<p><strong>Kategorijas<\/strong><\/p>\n<p><a href=\"https:\/\/myperfectdog.lv\/en\/internetveikals\/\">Internetveikals<\/a><\/p>\n<p><a href=\"https:\/\/myperfectdog.lv\/en\/apmacibu-piedavajums\/\">Apm\u0101c\u012bbu pied\u0101v\u0101jums<\/a><\/p>\n<p><a href=\"https:\/\/myperfectdog.lv\/en\/sunu-aukles\/\">Su\u0146u pieskat\u012b\u0161ana un pastaigas<\/a><\/p>\n<p><a href=\"https:\/\/myperfectdog.lv\/en\/izglitojosi-raksti\/\">Izgl\u012btojo\u0161i materi\u0101li<\/a><\/p>\n<p><a href=\"https:\/\/myperfectdog.lv\/en\/kontakti\/\">Kontakti<\/a><\/p>\n<p><a href=\"https:\/\/myperfectdog.lv\/en\/privatuma-politika\/\">Priv\u0101tuma politika<\/a><\/p>\n\t<p><strong>Sazi\u0146ai<\/strong><\/p>\n\t+371 27993370<br \/>\nliga@myperfectdog.lv\n\t<p><strong>Seko &#8220;My Perfect Dog&#8221;<\/strong><\/p>\n\t\t\t\t<img decoding=\"async\" src=\"https:\/\/myperfectdog.lv\/wp-content\/uploads\/2020\/09\/PDTE-Logo2-150x150.png\" alt=\"PDTE-Logo2\" itemprop=\"image\" title=\"PDTE-Logo2\" onerror=\"this.style.display='none'\"  \/>","protected":false},"excerpt":{"rendered":"<p>Su\u0146a emocion\u0101lais st\u0101voklis b\u016btiski ietekm\u0113 su\u0146a uzved\u012bbu un izpild\u012bjumu ! Su\u0146a emocion\u0101lais st\u0101voklis &#8211; uzvilkt\u012bbas pak\u0101pe un nogurums &#8211; b\u016btiski ietekm\u0113 su\u0146a sp\u0113ju \u012bstenot labu uzved\u012bbu un paklaus\u012bbu! ! \u0160is faktors noteikti j\u0101\u0146em v\u0113r\u0101 gan ikdien\u0101, gan apm\u0101c\u012bbu laik\u0101! Jo tie\u0161i t\u0101pat k\u0101 mums cilv\u0113kiem, t\u0101pat ar\u012b su\u0146iem &#8211; nogurums dara savu.. kad esam emocion\u0101li&hellip;<\/p>","protected":false},"author":1,"featured_media":0,"parent":2210,"menu_order":1,"comment_status":"closed","ping_status":"closed","template":"","meta":{"footnotes":""},"class_list":["post-2779","page","type-page","status-publish","hentry"],"yoast_head":"<!-- This site is optimized with the Yoast SEO plugin v27.5 - https:\/\/yoast.com\/product\/yoast-seo-wordpress\/ -->\n<title>Emocijas \/ uzbudin\u0101jums \/ izpild\u012bjums | MyPerfectDog.lv<\/title>\n<meta name=\"robots\" content=\"index, follow, max-snippet:-1, max-image-preview:large, max-video-preview:-1\" \/>\n<link rel=\"canonical\" href=\"https:\/\/myperfectdog.lv\/en\/izglitojosi\/emocijas-uzbudinajums-izpildijums\/\" \/>\n<meta property=\"og:locale\" content=\"en_GB\" \/>\n<meta property=\"og:type\" content=\"article\" \/>\n<meta property=\"og:title\" content=\"Emocijas \/ uzbudin\u0101jums \/ izpild\u012bjums | MyPerfectDog.lv\" \/>\n<meta property=\"og:description\" content=\"Su\u0146a emocion\u0101lais st\u0101voklis b\u016btiski ietekm\u0113 su\u0146a uzved\u012bbu un izpild\u012bjumu ! Su\u0146a emocion\u0101lais st\u0101voklis &#8211; uzvilkt\u012bbas pak\u0101pe un nogurums &#8211; b\u016btiski ietekm\u0113 su\u0146a sp\u0113ju \u012bstenot labu uzved\u012bbu un paklaus\u012bbu! ! \u0160is faktors noteikti j\u0101\u0146em v\u0113r\u0101 gan ikdien\u0101, gan apm\u0101c\u012bbu laik\u0101! Jo tie\u0161i t\u0101pat k\u0101 mums cilv\u0113kiem, t\u0101pat ar\u012b su\u0146iem &#8211; nogurums dara savu.. kad esam emocion\u0101li&hellip;\" \/>\n<meta property=\"og:url\" content=\"https:\/\/myperfectdog.lv\/en\/izglitojosi\/emocijas-uzbudinajums-izpildijums\/\" \/>\n<meta property=\"og:site_name\" content=\"MyPerfectDog.lv\" \/>\n<meta property=\"article:modified_time\" content=\"2024-10-04T11:46:43+00:00\" \/>\n<meta property=\"og:image\" content=\"https:\/\/myperfectdog.lv\/wp-content\/uploads\/2020\/10\/MyPerfectDog-New-logo_peach_plakans.png\" \/>\n<meta name=\"twitter:card\" content=\"summary_large_image\" \/>\n<meta name=\"twitter:label1\" content=\"Estimated reading time\" \/>\n\t<meta name=\"twitter:data1\" content=\"6 minutes\" \/>\n<script type=\"application\/ld+json\" class=\"yoast-schema-graph\">{\"@context\":\"https:\\\/\\\/schema.org\",\"@graph\":[{\"@type\":\"WebPage\",\"@id\":\"https:\\\/\\\/myperfectdog.lv\\\/izglitojosi\\\/emocijas-uzbudinajums-izpildijums\\\/\",\"url\":\"https:\\\/\\\/myperfectdog.lv\\\/izglitojosi\\\/emocijas-uzbudinajums-izpildijums\\\/\",\"name\":\"Emocijas \\\/ uzbudin\u0101jums \\\/ izpild\u012bjums | MyPerfectDog.lv\",\"isPartOf\":{\"@id\":\"https:\\\/\\\/myperfectdog.lv\\\/#website\"},\"primaryImageOfPage\":{\"@id\":\"https:\\\/\\\/myperfectdog.lv\\\/izglitojosi\\\/emocijas-uzbudinajums-izpildijums\\\/#primaryimage\"},\"image\":{\"@id\":\"https:\\\/\\\/myperfectdog.lv\\\/izglitojosi\\\/emocijas-uzbudinajums-izpildijums\\\/#primaryimage\"},\"thumbnailUrl\":\"https:\\\/\\\/myperfectdog.lv\\\/wp-content\\\/uploads\\\/2020\\\/10\\\/MyPerfectDog-New-logo_peach_plakans.png\",\"datePublished\":\"2020-09-22T10:15:00+00:00\",\"dateModified\":\"2024-10-04T11:46:43+00:00\",\"breadcrumb\":{\"@id\":\"https:\\\/\\\/myperfectdog.lv\\\/izglitojosi\\\/emocijas-uzbudinajums-izpildijums\\\/#breadcrumb\"},\"inLanguage\":\"en-GB\",\"potentialAction\":[{\"@type\":\"ReadAction\",\"target\":[\"https:\\\/\\\/myperfectdog.lv\\\/izglitojosi\\\/emocijas-uzbudinajums-izpildijums\\\/\"]}]},{\"@type\":\"ImageObject\",\"inLanguage\":\"en-GB\",\"@id\":\"https:\\\/\\\/myperfectdog.lv\\\/izglitojosi\\\/emocijas-uzbudinajums-izpildijums\\\/#primaryimage\",\"url\":\"https:\\\/\\\/myperfectdog.lv\\\/wp-content\\\/uploads\\\/2020\\\/10\\\/MyPerfectDog-New-logo_peach_plakans.png\",\"contentUrl\":\"https:\\\/\\\/myperfectdog.lv\\\/wp-content\\\/uploads\\\/2020\\\/10\\\/MyPerfectDog-New-logo_peach_plakans.png\"},{\"@type\":\"BreadcrumbList\",\"@id\":\"https:\\\/\\\/myperfectdog.lv\\\/izglitojosi\\\/emocijas-uzbudinajums-izpildijums\\\/#breadcrumb\",\"itemListElement\":[{\"@type\":\"ListItem\",\"position\":1,\"name\":\"Home\",\"item\":\"https:\\\/\\\/myperfectdog.lv\\\/\"},{\"@type\":\"ListItem\",\"position\":2,\"name\":\"Izgl\u012btojo\u0161i materi\u0101li\",\"item\":\"https:\\\/\\\/myperfectdog.lv\\\/izglitojosi\\\/\"},{\"@type\":\"ListItem\",\"position\":3,\"name\":\"Emocijas \\\/ uzbudin\u0101jums \\\/ izpild\u012bjums\"}]},{\"@type\":\"WebSite\",\"@id\":\"https:\\\/\\\/myperfectdog.lv\\\/#website\",\"url\":\"https:\\\/\\\/myperfectdog.lv\\\/\",\"name\":\"MyPerfectDog.lv\",\"description\":\"Su\u0146u un saimnieku skola\",\"publisher\":{\"@id\":\"https:\\\/\\\/myperfectdog.lv\\\/#organization\"},\"potentialAction\":[{\"@type\":\"SearchAction\",\"target\":{\"@type\":\"EntryPoint\",\"urlTemplate\":\"https:\\\/\\\/myperfectdog.lv\\\/?s={search_term_string}\"},\"query-input\":{\"@type\":\"PropertyValueSpecification\",\"valueRequired\":true,\"valueName\":\"search_term_string\"}}],\"inLanguage\":\"en-GB\"},{\"@type\":\"Organization\",\"@id\":\"https:\\\/\\\/myperfectdog.lv\\\/#organization\",\"name\":\"Su\u0146u & saimnieku skola \\\"My Perfect Dog\\\"\",\"url\":\"https:\\\/\\\/myperfectdog.lv\\\/\",\"logo\":{\"@type\":\"ImageObject\",\"inLanguage\":\"en-GB\",\"@id\":\"https:\\\/\\\/myperfectdog.lv\\\/#\\\/schema\\\/logo\\\/image\\\/\",\"url\":\"https:\\\/\\\/myperfectdog.lv\\\/wp-content\\\/uploads\\\/2020\\\/10\\\/MyPerfectDog-New-logo_peach_plakans.png\",\"contentUrl\":\"https:\\\/\\\/myperfectdog.lv\\\/wp-content\\\/uploads\\\/2020\\\/10\\\/MyPerfectDog-New-logo_peach_plakans.png\",\"width\":1200,\"height\":636,\"caption\":\"Su\u0146u & saimnieku skola \\\"My Perfect Dog\\\"\"},\"image\":{\"@id\":\"https:\\\/\\\/myperfectdog.lv\\\/#\\\/schema\\\/logo\\\/image\\\/\"}}]}<\/script>\n<!-- \/ Yoast SEO plugin. -->","yoast_head_json":{"title":"Emocijas \/ uzbudin\u0101jums \/ izpild\u012bjums | MyPerfectDog.lv","robots":{"index":"index","follow":"follow","max-snippet":"max-snippet:-1","max-image-preview":"max-image-preview:large","max-video-preview":"max-video-preview:-1"},"canonical":"https:\/\/myperfectdog.lv\/en\/izglitojosi\/emocijas-uzbudinajums-izpildijums\/","og_locale":"en_GB","og_type":"article","og_title":"Emocijas \/ uzbudin\u0101jums \/ izpild\u012bjums | MyPerfectDog.lv","og_description":"Su\u0146a emocion\u0101lais st\u0101voklis b\u016btiski ietekm\u0113 su\u0146a uzved\u012bbu un izpild\u012bjumu ! Su\u0146a emocion\u0101lais st\u0101voklis &#8211; uzvilkt\u012bbas pak\u0101pe un nogurums &#8211; b\u016btiski ietekm\u0113 su\u0146a sp\u0113ju \u012bstenot labu uzved\u012bbu un paklaus\u012bbu! ! \u0160is faktors noteikti j\u0101\u0146em v\u0113r\u0101 gan ikdien\u0101, gan apm\u0101c\u012bbu laik\u0101! Jo tie\u0161i t\u0101pat k\u0101 mums cilv\u0113kiem, t\u0101pat ar\u012b su\u0146iem &#8211; nogurums dara savu.. kad esam emocion\u0101li&hellip;","og_url":"https:\/\/myperfectdog.lv\/en\/izglitojosi\/emocijas-uzbudinajums-izpildijums\/","og_site_name":"MyPerfectDog.lv","article_modified_time":"2024-10-04T11:46:43+00:00","og_image":[{"url":"https:\/\/myperfectdog.lv\/wp-content\/uploads\/2020\/10\/MyPerfectDog-New-logo_peach_plakans.png","type":"","width":"","height":""}],"twitter_card":"summary_large_image","twitter_misc":{"Estimated reading time":"6 minutes"},"schema":{"@context":"https:\/\/schema.org","@graph":[{"@type":"WebPage","@id":"https:\/\/myperfectdog.lv\/izglitojosi\/emocijas-uzbudinajums-izpildijums\/","url":"https:\/\/myperfectdog.lv\/izglitojosi\/emocijas-uzbudinajums-izpildijums\/","name":"Emocijas \/ uzbudin\u0101jums \/ izpild\u012bjums | MyPerfectDog.lv","isPartOf":{"@id":"https:\/\/myperfectdog.lv\/#website"},"primaryImageOfPage":{"@id":"https:\/\/myperfectdog.lv\/izglitojosi\/emocijas-uzbudinajums-izpildijums\/#primaryimage"},"image":{"@id":"https:\/\/myperfectdog.lv\/izglitojosi\/emocijas-uzbudinajums-izpildijums\/#primaryimage"},"thumbnailUrl":"https:\/\/myperfectdog.lv\/wp-content\/uploads\/2020\/10\/MyPerfectDog-New-logo_peach_plakans.png","datePublished":"2020-09-22T10:15:00+00:00","dateModified":"2024-10-04T11:46:43+00:00","breadcrumb":{"@id":"https:\/\/myperfectdog.lv\/izglitojosi\/emocijas-uzbudinajums-izpildijums\/#breadcrumb"},"inLanguage":"en-GB","potentialAction":[{"@type":"ReadAction","target":["https:\/\/myperfectdog.lv\/izglitojosi\/emocijas-uzbudinajums-izpildijums\/"]}]},{"@type":"ImageObject","inLanguage":"en-GB","@id":"https:\/\/myperfectdog.lv\/izglitojosi\/emocijas-uzbudinajums-izpildijums\/#primaryimage","url":"https:\/\/myperfectdog.lv\/wp-content\/uploads\/2020\/10\/MyPerfectDog-New-logo_peach_plakans.png","contentUrl":"https:\/\/myperfectdog.lv\/wp-content\/uploads\/2020\/10\/MyPerfectDog-New-logo_peach_plakans.png"},{"@type":"BreadcrumbList","@id":"https:\/\/myperfectdog.lv\/izglitojosi\/emocijas-uzbudinajums-izpildijums\/#breadcrumb","itemListElement":[{"@type":"ListItem","position":1,"name":"Home","item":"https:\/\/myperfectdog.lv\/"},{"@type":"ListItem","position":2,"name":"Izgl\u012btojo\u0161i materi\u0101li","item":"https:\/\/myperfectdog.lv\/izglitojosi\/"},{"@type":"ListItem","position":3,"name":"Emocijas \/ uzbudin\u0101jums \/ izpild\u012bjums"}]},{"@type":"WebSite","@id":"https:\/\/myperfectdog.lv\/#website","url":"https:\/\/myperfectdog.lv\/","name":"MyPerfectDog.lv","description":"Su\u0146u un saimnieku skola","publisher":{"@id":"https:\/\/myperfectdog.lv\/#organization"},"potentialAction":[{"@type":"SearchAction","target":{"@type":"EntryPoint","urlTemplate":"https:\/\/myperfectdog.lv\/?s={search_term_string}"},"query-input":{"@type":"PropertyValueSpecification","valueRequired":true,"valueName":"search_term_string"}}],"inLanguage":"en-GB"},{"@type":"Organization","@id":"https:\/\/myperfectdog.lv\/#organization","name":"Su\u0146u & saimnieku skola \"My Perfect Dog\"","url":"https:\/\/myperfectdog.lv\/","logo":{"@type":"ImageObject","inLanguage":"en-GB","@id":"https:\/\/myperfectdog.lv\/#\/schema\/logo\/image\/","url":"https:\/\/myperfectdog.lv\/wp-content\/uploads\/2020\/10\/MyPerfectDog-New-logo_peach_plakans.png","contentUrl":"https:\/\/myperfectdog.lv\/wp-content\/uploads\/2020\/10\/MyPerfectDog-New-logo_peach_plakans.png","width":1200,"height":636,"caption":"Su\u0146u & saimnieku skola \"My Perfect Dog\""},"image":{"@id":"https:\/\/myperfectdog.lv\/#\/schema\/logo\/image\/"}}]}},"jetpack_sharing_enabled":true,"_links":{"self":[{"href":"https:\/\/myperfectdog.lv\/en\/wp-json\/wp\/v2\/pages\/2779","targetHints":{"allow":["GET"]}}],"collection":[{"href":"https:\/\/myperfectdog.lv\/en\/wp-json\/wp\/v2\/pages"}],"about":[{"href":"https:\/\/myperfectdog.lv\/en\/wp-json\/wp\/v2\/types\/page"}],"author":[{"embeddable":true,"href":"https:\/\/myperfectdog.lv\/en\/wp-json\/wp\/v2\/users\/1"}],"replies":[{"embeddable":true,"href":"https:\/\/myperfectdog.lv\/en\/wp-json\/wp\/v2\/comments?post=2779"}],"version-history":[{"count":0,"href":"https:\/\/myperfectdog.lv\/en\/wp-json\/wp\/v2\/pages\/2779\/revisions"}],"up":[{"embeddable":true,"href":"https:\/\/myperfectdog.lv\/en\/wp-json\/wp\/v2\/pages\/2210"}],"wp:attachment":[{"href":"https:\/\/myperfectdog.lv\/en\/wp-json\/wp\/v2\/media?parent=2779"}],"curies":[{"name":"wp","href":"https:\/\/api.w.org\/{rel}","templated":true}]}}