{"id":2804,"date":"2020-10-25T20:09:44","date_gmt":"2020-10-25T18:09:44","guid":{"rendered":"https:\/\/myperfectdog.lv\/?page_id=2804"},"modified":"2024-08-08T15:54:31","modified_gmt":"2024-08-08T13:54:31","slug":"ka-rikoties-ja-suns-sabistas-no-saluta-raditiem-troksniem","status":"publish","type":"page","link":"https:\/\/myperfectdog.lv\/en\/izglitojosi\/ka-rikoties-ja-suns-sabistas-no-saluta-raditiem-troksniem\/","title":{"rendered":"K\u0101 r\u012bkoties, ja suns sab\u012bstas no sal\u016bta rad\u012btiem trok\u0161\u0146iem?"},"content":{"rendered":"<a href=\"https:\/\/myperfectdog.lv\/en\/\" target=\"_self\" itemprop=\"url\" rel=\"noopener\">\n\t\t\t\t<img decoding=\"async\" src=\"https:\/\/myperfectdog.lv\/wp-content\/uploads\/2020\/10\/MyPerfectDog-New-logo_peach_plakans.png\" alt=\"MyPerfectDog-New-logo_peach_plakans\" itemprop=\"image\" title=\"MyPerfectDog-New-logo_peach_plakans\" onerror=\"this.style.display='none'\"  \/>\n\t\t\t\t<\/a>\n\t\t\t\t<img decoding=\"async\" src=\"https:\/\/myperfectdog.lv\/wp-content\/uploads\/2020\/10\/IG-posts-4.png\" alt=\"sabijies suns\" itemprop=\"image\" title=\"sabijies suns\" onerror=\"this.style.display='none'\"  \/>\n<h2>\n\t\tSunim satraukums vai bailes no sal\u016bta pastaigas laik\u0101. K\u0101 r\u012bkoties?\n\t<\/h2>\n\t<p>K\u0101 r\u012bkoties pastaigas laik\u0101, ja Tavam sunim sal\u016bta \u0161\u0101vienu rad\u012btie trok\u0161\u0146i rada satraukumu, bailes vai pat izteiktu paniku?<\/p>\n<p><strong>1. Ja suns k\u013c\u016bst nedaudz satraukts par sal\u016bta rad\u012btajiem trok\u0161\u0146iem,<\/strong> uzreiz piev\u0113rsiet su\u0146a uzman\u012bbu sev &#8211; s\u0101ciet ar suni sp\u0113l\u0113ties vai pasakiet, ka viss ir labi, noglaudiet un, motiv\u0113jot ar k\u0101rumi\u0146u, paprasiet izpild\u012bt k\u0101du komandu un apbalvojiet, t\u0101d\u0101 veid\u0101 nov\u0113r\u0161ot su\u0146a domas no sal\u016bta trok\u0161\u0146iem un piev\u0113r\u0161ot vi\u0146u pozit\u012bv\u0101kiem notikumiem. Ja pastaigas laik\u0101 nav l\u012bdzi ne gardumi, ne manti\u0146a &#8211; pasakiet sunim, ka viss ir labi, noglaudiet vai pozit\u012bvi papli\u0137\u0113jiet pa s\u0101nu, aicinot kop\u012bgi doties t\u0101l\u0101k. <\/p>\n\t<p><strong>2. Ja suns izr\u0101da izteikt\u0101kas bailes par sal\u016bta rad\u012btajiem trok\u0161\u0146iem, piem\u0113ram, nolai\u017e ausis, asti, s\u0101k tr\u012bc\u0113t, s\u0101k riet<\/strong> &#8211; nekav\u0113joties r\u012bkojieties un pal\u012bdzat sunim nomierin\u0101ties, ar savu uzved\u012bbu par\u0101dot, ka viss ir k\u0101rt\u012bb\u0101. Te atkal b\u016btu svar\u012bgi novirz\u012bt su\u0146a domas prom no sal\u016bta rad\u012btajiem trok\u0161\u0146iem uz mieru un kaut ko optimistisku &#8211; noteikti turpiniet kust\u012bbu, jo sasting\u0161ana rad\u012bs v\u0113l tikai liel\u0101kas bailes. Piev\u0113r\u0161am su\u0146a uzman\u012bbu ar sunim labi zin\u0101m\u0101m &#8211; pat\u012bkam\u0101m komand\u0101m, kop\u012bgi kustamies un barojam suni, t\u0101d\u0101 veid\u0101 cen\u0161ot nov\u0113rst su\u0146a domas no iepriek\u0161 dzird\u0113tajiem trok\u0161\u0146iem. Varat pied\u0101v\u0101t sunim \u0113diena mekl\u0113\u0161anas uzdevumu &#8211; kur izberat sauji\u0146u gardumu pa zemi, dodat komandu &#8220;Mekl\u0113&#8221;, lai suns ost\u0101s un mekl\u0113 \u0113dienu, t\u0101d\u0101 veid\u0101 nov\u0113r\u0161ot savas domas uz ko pat\u012bkam\u0101ku &#8211; ost\u012b\u0161anos un gardumu \u0113\u0161anu. (Ost\u012b\u0161an\u0101s su\u0146us nomierina!!!)<\/p>\n\t<p><strong>3. Ja sunim rodas panikas l\u0113kmes, kad tiek izdzird\u0113ts sal\u016bta rad\u012bts troksnis, kas izpau\u017eas t\u0101, ka suns &#8220;dreb pie vis\u0101m mies\u0101m&#8221;, m\u0113\u0123ina b\u0113gt uz jebkuru pusi, nedzird un nesaprot vairs ne savu v\u0101rdu, ne jebkuru J\u016bsu teikto komandu<\/strong> &#8211; atbalstiet suni, par\u0101dot, ka gribat vi\u0146am pal\u012bdz\u0113t, l\u012bdz ar to nevis lieciet sunim sastingt, apst\u0101ties, nomierin\u0101ties, bet gan \u013coti \u0101tr\u0101 temp\u0101 paskrieniet k\u0101du gabali\u0146u prom no vietas, kur troksnis tika izdzird\u0113ts. Sekojiet l\u012bdzi <a href=\"https:\/\/myperfectdog.lv\/en\/product\/izglitojoss-vebinars-2-dala\/\">su\u0146a \u0137erme\u0146a valodai<\/a>. Ja j\u016btat, ka suns p\u0113c k\u0101d\u0101 br\u012bti\u0146a jau k\u013c\u016bst kaut par kripati\u0146u mier\u012bg\u0101ks, tad varat s\u0101kt l\u0113n\u0101ku p\u0101rvieto\u0161anos, piev\u0113rst su\u0146a uzman\u012bbu ar k\u0101rumiem, iedot sunim \u0113diena mekl\u0113\u0161anas &#8211; ost\u012b\u0161an\u0101s uzdevumu, lai suns nomierin\u0101tos pavisam. Ta\u010du, ja suns ir t\u0101d\u0101 panik\u0101, ka vien\u012bgais, kas ir nepiecie\u0161ams ir tikt m\u0101j\u0101s vai automa\u0161\u012bn\u0101 dro\u0161\u012bb\u0101, tad to ar\u012b sunim nodro\u0161iniet. Br\u012bd\u012b, kad suns ir panik\u0101, vi\u0146\u0161 t\u0101pat nesp\u0113s neko iem\u0101c\u012bties un pie\u0146em adekv\u0101tus pareizus l\u0113mumus. T\u0101p\u0113c pal\u012bdzat sunim ar \u0101tru ie\u0161anu vai skrie\u0161anu, dodoties prom no vietas, kur izdzird\u0113ts troksnis.<\/p>\n\t<p>Vis\u0101s situ\u0101cij\u0101s, neatkar\u012bgi no t\u0101 cik liels ir su\u0146a satraukuma l\u012bmenis &#8211; <strong>\u013coti svar\u012bgi saimniekam ir pa\u0161am palikt mier\u012bgam, nododot sunim \u0161o savu mieru<\/strong> un p\u0101rliec\u012bbu, ka J\u016bs zin\u0101t k\u0101 r\u012bkoties un esat gatavs sunim pal\u012bdz\u0113t, respekt\u0113jot, ka ar\u012b vi\u0146am var b\u016bt no kaut k\u0101 bail.<\/p>\n\t<p><strong>\u2028Papildus r\u012bkojies prevent\u012bvi &#8211; pak\u0101peniski dro\u0161\u0101 vid\u0113 pieradini suni pie da\u017e\u0101diem trok\u0161\u0146iem! <\/strong> M\u0101jas fon\u0101 uzliec da\u017e\u0101du trok\u0161\u0146u, tostap sal\u016bta, ska\u0146as, kam\u0113r suni nodarbini ar ko pozit\u012bvu, piem\u0113ram, sp\u0113l\u0113joties ar manti\u0146u vai iedodot grauzt kaulu vai piepild\u012btu kong manti\u0146u. T\u0101d\u0101 veid\u0101 suns pamaz\u0101m tiks radin\u0101ts pie \u0161\u0101da veida trok\u0161\u0146iem, s\u0101kotn\u0113ji klus\u0101k &#8211; v\u0113l\u0101k jau grie\u017eot ska\u013c\u0101k. ( !!! pie noteikuma, ja suns neizr\u0101d\u0101 nek\u0101du satraukumu pie \u0161\u012bm ska\u0146\u0101m iepriek\u0161\u0113j\u0101 ska\u0146as-klusuma l\u012bmen\u012b.)<\/p>\n\t\t\t\t<img decoding=\"async\" src=\"https:\/\/myperfectdog.lv\/wp-content\/uploads\/2020\/10\/pexels-designecologist-2526105-2.jpg\" alt=\"fireworks\" itemprop=\"image\" title=\"fireworks\" onerror=\"this.style.display='none'\"  \/>\n\t\t\t\t<img decoding=\"async\" src=\"https:\/\/myperfectdog.lv\/wp-content\/uploads\/2020\/10\/MyPerfectDog-New-logo_peach_plakans.png\" alt=\"MyPerfectDog-New-logo_peach_plakans\" itemprop=\"image\" title=\"MyPerfectDog-New-logo_peach_plakans\" onerror=\"this.style.display='none'\"  \/>\n<h4>\n\t\tSunim satraukums vai bailes no sal\u016bta pastaigas laik\u0101. K\u0101 r\u012bkoties?\n\t<\/h4>\n\t<p>K\u0101 r\u012bkoties pastaigas laik\u0101, ja Tavam sunim sal\u016bta \u0161\u0101vienu rad\u012btie trok\u0161\u0146i rada satraukumu, bailes vai pat izteiktu paniku?<\/p>\n<p><strong>1. Ja suns k\u013c\u016bst nedaudz satraukts par sal\u016bta rad\u012btajiem trok\u0161\u0146iem,<\/strong> uzreiz piev\u0113rsiet su\u0146a uzman\u012bbu sev &#8211; s\u0101ciet ar suni sp\u0113l\u0113ties vai pasakiet, ka viss ir labi, noglaudiet un, motiv\u0113jot ar k\u0101rumi\u0146u, paprasiet izpild\u012bt k\u0101du komandu un apbalvojiet, t\u0101d\u0101 veid\u0101 nov\u0113r\u0161ot su\u0146a domas no sal\u016bta trok\u0161\u0146iem un piev\u0113r\u0161ot vi\u0146u pozit\u012bv\u0101kiem notikumiem. Ja pastaigas laik\u0101 nav l\u012bdzi ne gardumi, ne manti\u0146a &#8211; pasakiet sunim, ka viss ir labi, noglaudiet vai pozit\u012bvi papli\u0137\u0113jiet pa s\u0101nu, aicinot kop\u012bgi doties t\u0101l\u0101k. <\/p>\n\t\t\t\t<img decoding=\"async\" src=\"https:\/\/myperfectdog.lv\/wp-content\/uploads\/2020\/10\/IG-posts-4.png\" alt=\"sabijies suns\" itemprop=\"image\" title=\"sabijies suns\" onerror=\"this.style.display='none'\"  \/>\n\t<p><strong>2. Ja suns izr\u0101da izteikt\u0101kas bailes par sal\u016bta rad\u012btajiem trok\u0161\u0146iem, piem\u0113ram, nolai\u017e ausis, asti, s\u0101k tr\u012bc\u0113t, s\u0101k riet<\/strong> &#8211; nekav\u0113joties r\u012bkojieties un pal\u012bdzat sunim nomierin\u0101ties, ar savu uzved\u012bbu par\u0101dot, ka viss ir k\u0101rt\u012bb\u0101. Te atkal b\u016btu svar\u012bgi novirz\u012bt su\u0146a domas prom no sal\u016bta rad\u012btajiem trok\u0161\u0146iem uz mieru un kaut ko optimistisku &#8211; noteikti turpiniet kust\u012bbu, jo sasting\u0161ana rad\u012bs v\u0113l tikai liel\u0101kas bailes. Piev\u0113r\u0161am su\u0146a uzman\u012bbu ar sunim labi zin\u0101m\u0101m &#8211; pat\u012bkam\u0101m komand\u0101m, kop\u012bgi kustamies un barojam suni, t\u0101d\u0101 veid\u0101 cen\u0161ot nov\u0113rst su\u0146a domas no iepriek\u0161 dzird\u0113tajiem trok\u0161\u0146iem. Varat pied\u0101v\u0101t sunim \u0113diena mekl\u0113\u0161anas uzdevumu &#8211; kur izberat sauji\u0146u gardumu pa zemi, dodat komandu &#8220;Mekl\u0113&#8221;, lai suns ost\u0101s un mekl\u0113 \u0113dienu, t\u0101d\u0101 veid\u0101 nov\u0113r\u0161ot savas domas uz ko pat\u012bkam\u0101ku &#8211; ost\u012b\u0161anos un gardumu \u0113\u0161anu. (Ost\u012b\u0161an\u0101s su\u0146us nomierina!!!)<\/p>\n\t<p><strong>3. Ja sunim rodas panikas l\u0113kmes, kad tiek izdzird\u0113ts sal\u016bta rad\u012bts troksnis, kas izpau\u017eas t\u0101, ka suns &#8220;dreb pie vis\u0101m mies\u0101m&#8221;, m\u0113\u0123ina b\u0113gt uz jebkuru pusi, nedzird un nesaprot vairs ne savu v\u0101rdu, ne jebkuru J\u016bsu teikto komandu<\/strong> &#8211; atbalstiet suni, par\u0101dot, ka gribat vi\u0146am pal\u012bdz\u0113t, l\u012bdz ar to nevis lieciet sunim sastingt, apst\u0101ties, nomierin\u0101ties, bet gan \u013coti \u0101tr\u0101 temp\u0101 paskrieniet k\u0101du gabali\u0146u prom no vietas, kur troksnis tika izdzird\u0113ts. Sekojiet l\u012bdzi su\u0146a \u0137erme\u0146a valodai. Ja j\u016btat, ka suns p\u0113c k\u0101d\u0101 br\u012bti\u0146a jau k\u013c\u016bst kaut par kripati\u0146u mier\u012bg\u0101ks, tad varat s\u0101kt l\u0113n\u0101ku p\u0101rvieto\u0161anos, piev\u0113rst su\u0146a uzman\u012bbu ar k\u0101rumiem, iedot sunim \u0113diena mekl\u0113\u0161anas &#8211; ost\u012b\u0161an\u0101s uzdevumu, lai suns nomierin\u0101tos pavisam. Ta\u010du, ja suns ir t\u0101d\u0101 panik\u0101, ka vien\u012bgais, kas ir nepiecie\u0161ams ir tikt m\u0101j\u0101s vai automa\u0161\u012bn\u0101 dro\u0161\u012bb\u0101, tad to ar\u012b sunim nodro\u0161iniet. Br\u012bd\u012b, kad suns ir panik\u0101, vi\u0146\u0161 t\u0101pat nesp\u0113s neko iem\u0101c\u012bties un pie\u0146em adekv\u0101tus pareizus l\u0113mumus. T\u0101p\u0113c pal\u012bdzat sunim ar \u0101tru ie\u0161anu vai skrie\u0161anu, dodoties prom no vietas, kur izdzird\u0113ts troksnis.<\/p>\n\t\t\t\t<img decoding=\"async\" src=\"https:\/\/myperfectdog.lv\/wp-content\/uploads\/2020\/10\/pexels-designecologist-2526105-2.jpg\" alt=\"fireworks\" itemprop=\"image\" title=\"fireworks\" onerror=\"this.style.display='none'\"  \/>\n\t<p>Vis\u0101s situ\u0101cij\u0101s, neatkar\u012bgi no t\u0101 cik liels ir su\u0146a satraukuma l\u012bmenis &#8211; <strong>\u013coti svar\u012bgi saimniekam ir pa\u0161am palikt mier\u012bgam, nododot sunim \u0161o savu mieru<\/strong> un p\u0101rliec\u012bbu, ka J\u016bs zin\u0101t k\u0101 r\u012bkoties un esat gatavs sunim pal\u012bdz\u0113t, respekt\u0113jot, ka ar\u012b vi\u0146am var b\u016bt no kaut k\u0101 bail.<\/p>\n\t<p><strong>\u2028Papildus r\u012bkojies prevent\u012bvi &#8211; pak\u0101peniski dro\u0161\u0101 vid\u0113 pieradini suni pie da\u017e\u0101diem trok\u0161\u0146iem! <\/strong> M\u0101jas fon\u0101 uzliec da\u017e\u0101du trok\u0161\u0146u, tostap sal\u016bta, ska\u0146as, kam\u0113r suni nodarbini ar ko pozit\u012bvu, piem\u0113ram, sp\u0113l\u0113joties ar manti\u0146u vai iedodot grauzt kaulu vai piepild\u012btu kong manti\u0146u. T\u0101d\u0101 veid\u0101 suns pamaz\u0101m tiks radin\u0101ts pie \u0161\u0101da veida trok\u0161\u0146iem, s\u0101kotn\u0113ji klus\u0101k &#8211; v\u0113l\u0101k jau grie\u017eot ska\u013c\u0101k. ( !!! pie noteikuma, ja suns neizr\u0101d\u0101 nek\u0101du satraukumu pie \u0161\u012bm ska\u0146\u0101m iepriek\u0161\u0113j\u0101 ska\u0146as-klusuma l\u012bmen\u012b.)<\/p>\n\t<p><strong>Par &#8220;My Perfect Dog&#8221;<\/strong><\/p>\n&#8220;My Perfect Dog&#8221; ir z\u012bmols, kas reprezent\u0113 lieliskas un harmoniskas attiec\u012bbas su\u0146a un saimnieka starp\u0101, kur saimnieks ir izgl\u012btots un zino\u0161s, savuk\u0101rt suns izprasts un atbilsto\u0161i apr\u016bp\u0113ts, socializ\u0113ts un apm\u0101c\u012bts, balstoties uz pret suni \u0113tisku, dabisku un uz motiv\u0101ciju balst\u012btu apm\u0101c\u012bbu.<br \/>\n\n<p> &#8220;My Perfect Dog&#8221; pied\u0101v\u0101 su\u0146u un vi\u0146u saimnieku apm\u0101c\u012bbu, su\u0146u uzved\u012bbas konsult\u0101cijas, socializ\u0101cijas pastaigas su\u0146iem, k\u0101 ar\u012b teor\u0113tiskus un praktiskus semin\u0101rus saimniekiem.<\/p>\n\t<p><strong>Sazi\u0146ai<\/strong><\/p>\n\t+371 27993370<br \/>\nliga@myperfectdog.lv\n\t<p><strong>Seko &#8220;My Perfect Dog&#8221;<\/strong><\/p>\n<h5>\n\t\t<a href=\"https:\/\/myperfectdog.lv\/en\/privatuma-politika\/\" title=\"Priv\u0101tuma politika\" target=\"_self\" rel=\"noopener\">\n\t\tPriv\u0101tuma politika\n\t\t<\/a>\n\t<\/h5>\n\t<p><strong>Par &#8220;My Perfect Dog&#8221;<\/strong><\/p>\n&#8220;My Perfect Dog&#8221; ir z\u012bmols, kas reprezent\u0113 lieliskas un harmoniskas attiec\u012bbas su\u0146a un saimnieka starp\u0101, kur saimnieks ir izgl\u012btots un zino\u0161s, savuk\u0101rt suns izprasts un atbilsto\u0161i apr\u016bp\u0113ts, socializ\u0113ts un apm\u0101c\u012bts, balstoties uz pret suni \u0113tisku, dabisku un uz motiv\u0101ciju balst\u012btu apm\u0101c\u012bbu.<br \/>\n\n<p> &#8220;My Perfect Dog&#8221; pied\u0101v\u0101 su\u0146u un vi\u0146u saimnieku apm\u0101c\u012bbu, su\u0146u uzved\u012bbas konsult\u0101cijas, socializ\u0101cijas pastaigas su\u0146iem, k\u0101 ar\u012b teor\u0113tiskus un praktiskus semin\u0101rus saimniekiem.<\/p>\n\t<p><strong>Kategorijas<\/strong><\/p>\n<p><a href=\"https:\/\/myperfectdog.lv\/en\/internetveikals\/\">Internetveikals<\/a><\/p>\n<p><a href=\"https:\/\/myperfectdog.lv\/en\/apmacibu-piedavajums\/\">Apm\u0101c\u012bbu pied\u0101v\u0101jums<\/a><\/p>\n<p><a href=\"https:\/\/myperfectdog.lv\/en\/sunu-aukles\/\">Su\u0146u pieskat\u012b\u0161ana un pastaigas<\/a><\/p>\n<p><a href=\"https:\/\/myperfectdog.lv\/en\/izglitojosi-raksti\/\">Izgl\u012btojo\u0161i materi\u0101li<\/a><\/p>\n<p><a href=\"https:\/\/myperfectdog.lv\/en\/kontakti\/\">Kontakti<\/a><\/p>\n<p><a href=\"https:\/\/myperfectdog.lv\/en\/privatuma-politika\/\">Priv\u0101tuma politika<\/a><\/p>\n\t<p><strong>Sazi\u0146ai<\/strong><\/p>\n\t+371 27993370<br \/>\nliga@myperfectdog.lv\n\t<p><strong>Seko &#8220;My Perfect Dog&#8221;<\/strong><\/p>\n\t\t\t\t<img decoding=\"async\" src=\"https:\/\/myperfectdog.lv\/wp-content\/uploads\/2020\/09\/PDTE-Logo2-150x150.png\" alt=\"PDTE-Logo2\" itemprop=\"image\" title=\"PDTE-Logo2\" onerror=\"this.style.display='none'\"  \/>","protected":false},"excerpt":{"rendered":"<p>Sunim satraukums vai bailes no sal\u016bta pastaigas laik\u0101. K\u0101 r\u012bkoties? K\u0101 r\u012bkoties pastaigas laik\u0101, ja Tavam sunim sal\u016bta \u0161\u0101vienu rad\u012btie trok\u0161\u0146i rada satraukumu, bailes vai pat izteiktu paniku? 1. Ja suns k\u013c\u016bst nedaudz satraukts par sal\u016bta rad\u012btajiem trok\u0161\u0146iem, uzreiz piev\u0113rsiet su\u0146a uzman\u012bbu sev &#8211; s\u0101ciet ar suni sp\u0113l\u0113ties vai pasakiet, ka viss ir labi, noglaudiet&hellip;<\/p>","protected":false},"author":1,"featured_media":0,"parent":2210,"menu_order":1,"comment_status":"closed","ping_status":"closed","template":"","meta":{"footnotes":""},"class_list":["post-2804","page","type-page","status-publish","hentry"],"yoast_head":"<!-- This site is optimized with the Yoast SEO plugin v27.5 - https:\/\/yoast.com\/product\/yoast-seo-wordpress\/ -->\n<title>K\u0101 r\u012bkoties, ja suns sab\u012bstas no sal\u016bta rad\u012btiem trok\u0161\u0146iem? | MyPerfectDog.lv<\/title>\n<meta name=\"robots\" content=\"index, follow, max-snippet:-1, max-image-preview:large, max-video-preview:-1\" \/>\n<link rel=\"canonical\" href=\"https:\/\/myperfectdog.lv\/en\/izglitojosi\/ka-rikoties-ja-suns-sabistas-no-saluta-raditiem-troksniem\/\" \/>\n<meta property=\"og:locale\" content=\"en_GB\" \/>\n<meta property=\"og:type\" content=\"article\" \/>\n<meta property=\"og:title\" content=\"K\u0101 r\u012bkoties, ja suns sab\u012bstas no sal\u016bta rad\u012btiem trok\u0161\u0146iem? | MyPerfectDog.lv\" \/>\n<meta property=\"og:description\" content=\"Sunim satraukums vai bailes no sal\u016bta pastaigas laik\u0101. K\u0101 r\u012bkoties? K\u0101 r\u012bkoties pastaigas laik\u0101, ja Tavam sunim sal\u016bta \u0161\u0101vienu rad\u012btie trok\u0161\u0146i rada satraukumu, bailes vai pat izteiktu paniku? 1. Ja suns k\u013c\u016bst nedaudz satraukts par sal\u016bta rad\u012btajiem trok\u0161\u0146iem, uzreiz piev\u0113rsiet su\u0146a uzman\u012bbu sev &#8211; s\u0101ciet ar suni sp\u0113l\u0113ties vai pasakiet, ka viss ir labi, noglaudiet&hellip;\" \/>\n<meta property=\"og:url\" content=\"https:\/\/myperfectdog.lv\/en\/izglitojosi\/ka-rikoties-ja-suns-sabistas-no-saluta-raditiem-troksniem\/\" \/>\n<meta property=\"og:site_name\" content=\"MyPerfectDog.lv\" \/>\n<meta property=\"article:modified_time\" content=\"2024-08-08T13:54:31+00:00\" \/>\n<meta property=\"og:image\" content=\"https:\/\/myperfectdog.lv\/wp-content\/uploads\/2020\/10\/MyPerfectDog-New-logo_peach_plakans.png\" \/>\n<meta name=\"twitter:card\" content=\"summary_large_image\" \/>\n<meta name=\"twitter:label1\" content=\"Estimated reading time\" \/>\n\t<meta name=\"twitter:data1\" content=\"8 minutes\" \/>\n<script type=\"application\/ld+json\" class=\"yoast-schema-graph\">{\"@context\":\"https:\\\/\\\/schema.org\",\"@graph\":[{\"@type\":\"WebPage\",\"@id\":\"https:\\\/\\\/myperfectdog.lv\\\/izglitojosi\\\/ka-rikoties-ja-suns-sabistas-no-saluta-raditiem-troksniem\\\/\",\"url\":\"https:\\\/\\\/myperfectdog.lv\\\/izglitojosi\\\/ka-rikoties-ja-suns-sabistas-no-saluta-raditiem-troksniem\\\/\",\"name\":\"K\u0101 r\u012bkoties, ja suns sab\u012bstas no sal\u016bta rad\u012btiem trok\u0161\u0146iem? | MyPerfectDog.lv\",\"isPartOf\":{\"@id\":\"https:\\\/\\\/myperfectdog.lv\\\/#website\"},\"primaryImageOfPage\":{\"@id\":\"https:\\\/\\\/myperfectdog.lv\\\/izglitojosi\\\/ka-rikoties-ja-suns-sabistas-no-saluta-raditiem-troksniem\\\/#primaryimage\"},\"image\":{\"@id\":\"https:\\\/\\\/myperfectdog.lv\\\/izglitojosi\\\/ka-rikoties-ja-suns-sabistas-no-saluta-raditiem-troksniem\\\/#primaryimage\"},\"thumbnailUrl\":\"https:\\\/\\\/myperfectdog.lv\\\/wp-content\\\/uploads\\\/2020\\\/10\\\/MyPerfectDog-New-logo_peach_plakans.png\",\"datePublished\":\"2020-10-25T18:09:44+00:00\",\"dateModified\":\"2024-08-08T13:54:31+00:00\",\"breadcrumb\":{\"@id\":\"https:\\\/\\\/myperfectdog.lv\\\/izglitojosi\\\/ka-rikoties-ja-suns-sabistas-no-saluta-raditiem-troksniem\\\/#breadcrumb\"},\"inLanguage\":\"en-GB\",\"potentialAction\":[{\"@type\":\"ReadAction\",\"target\":[\"https:\\\/\\\/myperfectdog.lv\\\/izglitojosi\\\/ka-rikoties-ja-suns-sabistas-no-saluta-raditiem-troksniem\\\/\"]}]},{\"@type\":\"ImageObject\",\"inLanguage\":\"en-GB\",\"@id\":\"https:\\\/\\\/myperfectdog.lv\\\/izglitojosi\\\/ka-rikoties-ja-suns-sabistas-no-saluta-raditiem-troksniem\\\/#primaryimage\",\"url\":\"https:\\\/\\\/myperfectdog.lv\\\/wp-content\\\/uploads\\\/2020\\\/10\\\/MyPerfectDog-New-logo_peach_plakans.png\",\"contentUrl\":\"https:\\\/\\\/myperfectdog.lv\\\/wp-content\\\/uploads\\\/2020\\\/10\\\/MyPerfectDog-New-logo_peach_plakans.png\"},{\"@type\":\"BreadcrumbList\",\"@id\":\"https:\\\/\\\/myperfectdog.lv\\\/izglitojosi\\\/ka-rikoties-ja-suns-sabistas-no-saluta-raditiem-troksniem\\\/#breadcrumb\",\"itemListElement\":[{\"@type\":\"ListItem\",\"position\":1,\"name\":\"Home\",\"item\":\"https:\\\/\\\/myperfectdog.lv\\\/\"},{\"@type\":\"ListItem\",\"position\":2,\"name\":\"Izgl\u012btojo\u0161i materi\u0101li\",\"item\":\"https:\\\/\\\/myperfectdog.lv\\\/izglitojosi\\\/\"},{\"@type\":\"ListItem\",\"position\":3,\"name\":\"K\u0101 r\u012bkoties, ja suns sab\u012bstas no sal\u016bta rad\u012btiem trok\u0161\u0146iem?\"}]},{\"@type\":\"WebSite\",\"@id\":\"https:\\\/\\\/myperfectdog.lv\\\/#website\",\"url\":\"https:\\\/\\\/myperfectdog.lv\\\/\",\"name\":\"MyPerfectDog.lv\",\"description\":\"Su\u0146u un saimnieku skola\",\"publisher\":{\"@id\":\"https:\\\/\\\/myperfectdog.lv\\\/#organization\"},\"potentialAction\":[{\"@type\":\"SearchAction\",\"target\":{\"@type\":\"EntryPoint\",\"urlTemplate\":\"https:\\\/\\\/myperfectdog.lv\\\/?s={search_term_string}\"},\"query-input\":{\"@type\":\"PropertyValueSpecification\",\"valueRequired\":true,\"valueName\":\"search_term_string\"}}],\"inLanguage\":\"en-GB\"},{\"@type\":\"Organization\",\"@id\":\"https:\\\/\\\/myperfectdog.lv\\\/#organization\",\"name\":\"Su\u0146u & saimnieku skola \\\"My Perfect Dog\\\"\",\"url\":\"https:\\\/\\\/myperfectdog.lv\\\/\",\"logo\":{\"@type\":\"ImageObject\",\"inLanguage\":\"en-GB\",\"@id\":\"https:\\\/\\\/myperfectdog.lv\\\/#\\\/schema\\\/logo\\\/image\\\/\",\"url\":\"https:\\\/\\\/myperfectdog.lv\\\/wp-content\\\/uploads\\\/2020\\\/10\\\/MyPerfectDog-New-logo_peach_plakans.png\",\"contentUrl\":\"https:\\\/\\\/myperfectdog.lv\\\/wp-content\\\/uploads\\\/2020\\\/10\\\/MyPerfectDog-New-logo_peach_plakans.png\",\"width\":1200,\"height\":636,\"caption\":\"Su\u0146u & saimnieku skola \\\"My Perfect Dog\\\"\"},\"image\":{\"@id\":\"https:\\\/\\\/myperfectdog.lv\\\/#\\\/schema\\\/logo\\\/image\\\/\"}}]}<\/script>\n<!-- \/ Yoast SEO plugin. -->","yoast_head_json":{"title":"K\u0101 r\u012bkoties, ja suns sab\u012bstas no sal\u016bta rad\u012btiem trok\u0161\u0146iem? | MyPerfectDog.lv","robots":{"index":"index","follow":"follow","max-snippet":"max-snippet:-1","max-image-preview":"max-image-preview:large","max-video-preview":"max-video-preview:-1"},"canonical":"https:\/\/myperfectdog.lv\/en\/izglitojosi\/ka-rikoties-ja-suns-sabistas-no-saluta-raditiem-troksniem\/","og_locale":"en_GB","og_type":"article","og_title":"K\u0101 r\u012bkoties, ja suns sab\u012bstas no sal\u016bta rad\u012btiem trok\u0161\u0146iem? | MyPerfectDog.lv","og_description":"Sunim satraukums vai bailes no sal\u016bta pastaigas laik\u0101. K\u0101 r\u012bkoties? K\u0101 r\u012bkoties pastaigas laik\u0101, ja Tavam sunim sal\u016bta \u0161\u0101vienu rad\u012btie trok\u0161\u0146i rada satraukumu, bailes vai pat izteiktu paniku? 1. Ja suns k\u013c\u016bst nedaudz satraukts par sal\u016bta rad\u012btajiem trok\u0161\u0146iem, uzreiz piev\u0113rsiet su\u0146a uzman\u012bbu sev &#8211; s\u0101ciet ar suni sp\u0113l\u0113ties vai pasakiet, ka viss ir labi, noglaudiet&hellip;","og_url":"https:\/\/myperfectdog.lv\/en\/izglitojosi\/ka-rikoties-ja-suns-sabistas-no-saluta-raditiem-troksniem\/","og_site_name":"MyPerfectDog.lv","article_modified_time":"2024-08-08T13:54:31+00:00","og_image":[{"url":"https:\/\/myperfectdog.lv\/wp-content\/uploads\/2020\/10\/MyPerfectDog-New-logo_peach_plakans.png","type":"","width":"","height":""}],"twitter_card":"summary_large_image","twitter_misc":{"Estimated reading time":"8 minutes"},"schema":{"@context":"https:\/\/schema.org","@graph":[{"@type":"WebPage","@id":"https:\/\/myperfectdog.lv\/izglitojosi\/ka-rikoties-ja-suns-sabistas-no-saluta-raditiem-troksniem\/","url":"https:\/\/myperfectdog.lv\/izglitojosi\/ka-rikoties-ja-suns-sabistas-no-saluta-raditiem-troksniem\/","name":"K\u0101 r\u012bkoties, ja suns sab\u012bstas no sal\u016bta rad\u012btiem trok\u0161\u0146iem? | MyPerfectDog.lv","isPartOf":{"@id":"https:\/\/myperfectdog.lv\/#website"},"primaryImageOfPage":{"@id":"https:\/\/myperfectdog.lv\/izglitojosi\/ka-rikoties-ja-suns-sabistas-no-saluta-raditiem-troksniem\/#primaryimage"},"image":{"@id":"https:\/\/myperfectdog.lv\/izglitojosi\/ka-rikoties-ja-suns-sabistas-no-saluta-raditiem-troksniem\/#primaryimage"},"thumbnailUrl":"https:\/\/myperfectdog.lv\/wp-content\/uploads\/2020\/10\/MyPerfectDog-New-logo_peach_plakans.png","datePublished":"2020-10-25T18:09:44+00:00","dateModified":"2024-08-08T13:54:31+00:00","breadcrumb":{"@id":"https:\/\/myperfectdog.lv\/izglitojosi\/ka-rikoties-ja-suns-sabistas-no-saluta-raditiem-troksniem\/#breadcrumb"},"inLanguage":"en-GB","potentialAction":[{"@type":"ReadAction","target":["https:\/\/myperfectdog.lv\/izglitojosi\/ka-rikoties-ja-suns-sabistas-no-saluta-raditiem-troksniem\/"]}]},{"@type":"ImageObject","inLanguage":"en-GB","@id":"https:\/\/myperfectdog.lv\/izglitojosi\/ka-rikoties-ja-suns-sabistas-no-saluta-raditiem-troksniem\/#primaryimage","url":"https:\/\/myperfectdog.lv\/wp-content\/uploads\/2020\/10\/MyPerfectDog-New-logo_peach_plakans.png","contentUrl":"https:\/\/myperfectdog.lv\/wp-content\/uploads\/2020\/10\/MyPerfectDog-New-logo_peach_plakans.png"},{"@type":"BreadcrumbList","@id":"https:\/\/myperfectdog.lv\/izglitojosi\/ka-rikoties-ja-suns-sabistas-no-saluta-raditiem-troksniem\/#breadcrumb","itemListElement":[{"@type":"ListItem","position":1,"name":"Home","item":"https:\/\/myperfectdog.lv\/"},{"@type":"ListItem","position":2,"name":"Izgl\u012btojo\u0161i materi\u0101li","item":"https:\/\/myperfectdog.lv\/izglitojosi\/"},{"@type":"ListItem","position":3,"name":"K\u0101 r\u012bkoties, ja suns sab\u012bstas no sal\u016bta rad\u012btiem trok\u0161\u0146iem?"}]},{"@type":"WebSite","@id":"https:\/\/myperfectdog.lv\/#website","url":"https:\/\/myperfectdog.lv\/","name":"MyPerfectDog.lv","description":"Su\u0146u un saimnieku skola","publisher":{"@id":"https:\/\/myperfectdog.lv\/#organization"},"potentialAction":[{"@type":"SearchAction","target":{"@type":"EntryPoint","urlTemplate":"https:\/\/myperfectdog.lv\/?s={search_term_string}"},"query-input":{"@type":"PropertyValueSpecification","valueRequired":true,"valueName":"search_term_string"}}],"inLanguage":"en-GB"},{"@type":"Organization","@id":"https:\/\/myperfectdog.lv\/#organization","name":"Su\u0146u & saimnieku skola \"My Perfect Dog\"","url":"https:\/\/myperfectdog.lv\/","logo":{"@type":"ImageObject","inLanguage":"en-GB","@id":"https:\/\/myperfectdog.lv\/#\/schema\/logo\/image\/","url":"https:\/\/myperfectdog.lv\/wp-content\/uploads\/2020\/10\/MyPerfectDog-New-logo_peach_plakans.png","contentUrl":"https:\/\/myperfectdog.lv\/wp-content\/uploads\/2020\/10\/MyPerfectDog-New-logo_peach_plakans.png","width":1200,"height":636,"caption":"Su\u0146u & saimnieku skola \"My Perfect Dog\""},"image":{"@id":"https:\/\/myperfectdog.lv\/#\/schema\/logo\/image\/"}}]}},"jetpack_sharing_enabled":true,"_links":{"self":[{"href":"https:\/\/myperfectdog.lv\/en\/wp-json\/wp\/v2\/pages\/2804","targetHints":{"allow":["GET"]}}],"collection":[{"href":"https:\/\/myperfectdog.lv\/en\/wp-json\/wp\/v2\/pages"}],"about":[{"href":"https:\/\/myperfectdog.lv\/en\/wp-json\/wp\/v2\/types\/page"}],"author":[{"embeddable":true,"href":"https:\/\/myperfectdog.lv\/en\/wp-json\/wp\/v2\/users\/1"}],"replies":[{"embeddable":true,"href":"https:\/\/myperfectdog.lv\/en\/wp-json\/wp\/v2\/comments?post=2804"}],"version-history":[{"count":0,"href":"https:\/\/myperfectdog.lv\/en\/wp-json\/wp\/v2\/pages\/2804\/revisions"}],"up":[{"embeddable":true,"href":"https:\/\/myperfectdog.lv\/en\/wp-json\/wp\/v2\/pages\/2210"}],"wp:attachment":[{"href":"https:\/\/myperfectdog.lv\/en\/wp-json\/wp\/v2\/media?parent=2804"}],"curies":[{"name":"wp","href":"https:\/\/api.w.org\/{rel}","templated":true}]}}