{"id":2839,"date":"2020-12-15T22:27:58","date_gmt":"2020-12-15T22:27:58","guid":{"rendered":"https:\/\/myperfectdog.lv\/?page_id=2839"},"modified":"2024-09-11T14:58:34","modified_gmt":"2024-09-11T12:58:34","slug":"kas-ir-socializacijas-pastaigas","status":"publish","type":"page","link":"https:\/\/myperfectdog.lv\/en\/kas-ir-socializacijas-pastaigas\/","title":{"rendered":"Kas ir socializ\u0101cijas pastaigas?"},"content":{"rendered":"<a href=\"https:\/\/myperfectdog.lv\/en\/\" target=\"_self\" itemprop=\"url\" rel=\"noopener\">\n\t\t\t\t<img decoding=\"async\" src=\"https:\/\/myperfectdog.lv\/wp-content\/uploads\/2020\/10\/MyPerfectDog-New-logo_peach_plakans.png\" alt=\"MyPerfectDog-New-logo_peach_plakans\" itemprop=\"image\" title=\"MyPerfectDog-New-logo_peach_plakans\" onerror=\"this.style.display='none'\"  \/>\n\t\t\t\t<\/a>\n\t\t\t\t<img decoding=\"async\" src=\"https:\/\/myperfectdog.lv\/wp-content\/uploads\/2020\/01\/tan-and-black-dogs-1959054-scaled.jpg\" alt=\"Sunu socializ\u0101cijas pastaigas\" itemprop=\"image\" title=\"Sunu socializ\u0101cijas pastaigas\" onerror=\"this.style.display='none'\"  \/>\n<h2>\n\t\tSoci\u0101l\u0101s pastaigas su\u0146iem &#8211; kas tas ir un k\u0101dos gad\u012bjumos t\u0101s ir noder\u012bgas Tavam sunim?\n\t<\/h2>\n\t<p>Socializ\u0101cijas pastaigas su\u0146iem ir su\u0146u uzved\u012bbas speci\u0101lista uzraudz\u012bb\u0101 organiz\u0113tas pastaigas su\u0146iem kop\u0101 ar vi\u0146u saimniekiem, kuru laik\u0101 suns m\u0101c\u0101s adekv\u0101ti rea\u0123\u0113t uz to, ka apk\u0101rt ir citi su\u0146i, mier\u012bgi baudot pastaigu, savuk\u0101rt saimnieks m\u0101c\u0101s organiz\u0113t pastaigas un sadarboties ar suni, kad apk\u0101rt ir citi su\u0146i, k\u0101 ar\u012b pareizi rea\u0123\u0113t, ja suns pie\u013cauj k\u0101du &#8220;uzved\u012bbas probl\u0113mu&#8221;, piem\u0113ram, pavadas rau\u0161ana, rie\u0161ana.<\/p>\n<p>Daudziem su\u0146iem ir probl\u0113mas ar piekl\u0101j\u012bgu un pareizu komunik\u0101ciju ar citiem su\u0146iem. Citi su\u0146i k\u013c\u016bst p\u0101r\u0101k priec\u012bgi, nesp\u0113jot savald\u012bt savas emocijas, l\u012bdz ar to s\u0101k rauties un riet, lai tikai \u0101tr\u0101k nok\u013c\u016btu pie paman\u012bt\u0101 sugas p\u0101rst\u0101vja; savuk\u0101rt citi &#8211; k\u013c\u016bst reakt\u012bvi vai pat agres\u012bvi, ja sve\u0161s suns tuvojas; ta\u010du v\u0113l citi &#8211; baid\u0101s no nepaz\u012bstamiem su\u0146iem vai pat tikai izdzird\u0113tas su\u0146u rie\u0161anas vien.<\/p>\n<p>Visos \u0161ajos gad\u012bjumos kop\u012bgais ir viens: su\u0146a l\u012bdz\u0161in\u0113j\u0101 pieredze vai tie\u0161i pret\u0113ji &#8211; pieredzes tr\u016bkums, ir pamats tam, ka suns nem\u0101k komunic\u0113t ar citiem su\u0146iem, k\u0101 ar\u012b nem\u0101k mier\u012bgi paiet citiem su\u0146iem gar\u0101m, bez liekas uzman\u012bbas piev\u0113r\u0161anas un nev\u0113lamas uzved\u012bbas reakcij\u0101m.<\/p>\n<p>Profesion\u0101\u013ca pavad\u012bb\u0101 organiz\u0113tas soci\u0101l\u0101s pastaigas su\u0146iem ir lieliska prakse dro\u0161\u0101 vid\u0113, kur apzin\u0101ties, ka citu su\u0146u kl\u0101tb\u016btne nenoz\u012bm\u0113 pastiprin\u0101tas pozit\u012bvas vai negat\u012bvas emocijas.<\/p>\n<p>Soci\u0101l\u0101s pastaigas su\u0146iem sniedz pozit\u012bva rakstura pieredzi &#8211; ka su\u0146i sav\u0101 starp\u0101 var ar\u012b nekomunic\u0113t, viens otru ignor\u0113t, uzturot vidi neitr\u0101lu &#8211; katram pastaig\u0101joties sav\u0101 un sava saimnieka nodab\u0101, ost\u012bties, izbaud\u012bt pastaigas, sp\u0113l\u0113ties ar saimnieku utt.. \u0160\u012bs pastaigas veido motiv\u0113 sun\u012b mieru un pa\u0161p\u0101rliecin\u0101t\u012bbu citu su\u0146u kl\u0101tb\u016btn\u0113 un sniedz praktisku pieredzi, ka nav nepiecie\u0161ams ne baid\u012bties, ne b\u0113got prom, ne k\u013c\u016bt reakt\u012bvam pret citiem su\u0146iem.<\/p>\n<p>Ide\u0101laj\u0101 variant\u0101, ja socializ\u0101cijas pastaigas laik\u0101 ir nov\u0113rojama mier\u012bga uzved\u012bba un piekl\u0101j\u012bga <a href=\"https:\/\/myperfectdog.lv\/en\/product\/izglitojoss-vebinars-2-dala\/\">\u0137erme\u0146a valoda<\/a> su\u0146u starp\u0101, tad su\u0146i tiek salaisti kop\u0101 viens otru apost\u012bt, doties t\u0101l\u0101k pastaig\u0101 kop\u0101 pavisam blakus viens otram, k\u0101 ar\u012b pastaigas beig\u0101s, ja su\u0146i izr\u0101da t\u0101du v\u0113lmi, tad vi\u0146iem ir iesp\u0113ja pasp\u0113l\u0113ties.<\/p>\nEsam sagatavoju\u0161i video materi\u0101lu nelielam ieskatam par to, k\u0101 tiek organiz\u0113tas soci\u0101l\u0101s su\u0146u pastaigas profesion\u0101la su\u0146u trenera pavad\u012bb\u0101.<br \/>\nTreneris pastaigas vada kontrol\u0113jot, lai t\u0101s visiem dal\u012bbniekiem b\u016btu pat\u012bkamas un psiholo\u0123iski viegli izturamas &#8211; kori\u0123\u0113jot att\u0101lumu starp su\u0146iem, koment\u0113jot un analiz\u0113jot su\u0146a uzved\u012bbu, k\u0101 ar\u012b nosakot da\u017e\u0101dus uzdevumus, kas tiek pild\u012bti pastaigas laik\u0101.\n\t<iframe loading=\"lazy\" width=\"560\" height=\"315\" src=\"https:\/\/www.youtube.com\/embed\/xOYQq6pJwD8\" frameborder=\"0\" allow=\"accelerometer; autoplay; clipboard-write; encrypted-media; gyroscope; picture-in-picture\" allowfullscreen><\/iframe>\n\t\t\t\t<img decoding=\"async\" src=\"https:\/\/myperfectdog.lv\/wp-content\/uploads\/2020\/01\/1-1.png\" alt=\"1\" itemprop=\"image\" title=\"1\" onerror=\"this.style.display='none'\"  \/>\n\t\t\t\t<img decoding=\"async\" src=\"https:\/\/myperfectdog.lv\/wp-content\/uploads\/2020\/10\/MyPerfectDog-New-logo_peach_plakans.png\" alt=\"MyPerfectDog-New-logo_peach_plakans\" itemprop=\"image\" title=\"MyPerfectDog-New-logo_peach_plakans\" onerror=\"this.style.display='none'\"  \/>\n<h4>\n\t\tSoci\u0101l\u0101s pastaigas su\u0146iem &#8211; kas tas ir un k\u0101dos gad\u012bjumos t\u0101s ir noder\u012bgas Tavam sunim?\n\t<\/h4>\n\t<p>Socializ\u0101cijas pastaigas su\u0146iem ir su\u0146u uzved\u012bbas speci\u0101lista uzraudz\u012bb\u0101 organiz\u0113tas pastaigas su\u0146iem kop\u0101 ar vi\u0146u saimniekiem, kuru laik\u0101 suns m\u0101c\u0101s adekv\u0101ti rea\u0123\u0113t uz to, ka apk\u0101rt ir citi su\u0146i, mier\u012bgi baudot pastaigu, savuk\u0101rt saimnieks m\u0101c\u0101s organiz\u0113t pastaigas un sadarboties ar suni, kad apk\u0101rt ir citi su\u0146i, k\u0101 ar\u012b pareizi rea\u0123\u0113t, ja suns pie\u013cauj k\u0101du &#8220;uzved\u012bbas probl\u0113mu&#8221;, piem\u0113ram, pavadas rau\u0161ana, rie\u0161ana.<\/p>\n\t\t\t\t<img loading=\"lazy\" decoding=\"async\" src=\"https:\/\/myperfectdog.lv\/wp-content\/uploads\/2020\/01\/tan-and-black-dogs-1959054-scaled.jpg\" alt=\"Sunu socializ\u0101cijas pastaigas\" itemprop=\"image\" height=\"2560\" width=\"2500\" title=\"Sunu socializ\u0101cijas pastaigas\" onerror=\"this.style.display='none'\"  \/>\n\t<p>Daudziem su\u0146iem ir probl\u0113mas ar piekl\u0101j\u012bgu un pareizu komunik\u0101ciju ar citiem su\u0146iem. Citi su\u0146i k\u013c\u016bst p\u0101r\u0101k priec\u012bgi, nesp\u0113jot savald\u012bt savas emocijas, l\u012bdz ar to s\u0101k rauties un riet, lai tikai \u0101tr\u0101k nok\u013c\u016btu pie paman\u012bt\u0101 sugas p\u0101rst\u0101vja; savuk\u0101rt citi &#8211; k\u013c\u016bst reakt\u012bvi vai pat agres\u012bvi, ja sve\u0161s suns tuvojas; ta\u010du v\u0113l citi &#8211; baid\u0101s no nepaz\u012bstamiem su\u0146iem vai pat tikai izdzird\u0113tas su\u0146u rie\u0161anas vien.<\/p>\n<p>Visos \u0161ajos gad\u012bjumos kop\u012bgais ir viens: su\u0146a l\u012bdz\u0161in\u0113j\u0101 pieredze vai tie\u0161i pret\u0113ji &#8211; pieredzes tr\u016bkums, ir pamats tam, ka suns nem\u0101k komunic\u0113t ar citiem su\u0146iem, k\u0101 ar\u012b nem\u0101k mier\u012bgi paiet citiem su\u0146iem gar\u0101m, bez liekas uzman\u012bbas piev\u0113r\u0161anas un nev\u0113lamas uzved\u012bbas reakcij\u0101m.<\/p>\n<p>Profesion\u0101\u013ca pavad\u012bb\u0101 organiz\u0113tas soci\u0101l\u0101s pastaigas su\u0146iem ir lieliska prakse dro\u0161\u0101 vid\u0113, kur apzin\u0101ties, ka citu su\u0146u kl\u0101tb\u016btne nenoz\u012bm\u0113 pastiprin\u0101tas pozit\u012bvas vai negat\u012bvas emocijas.<\/p>\n\t\t\t\t<img loading=\"lazy\" decoding=\"async\" src=\"https:\/\/myperfectdog.lv\/wp-content\/uploads\/2020\/01\/1-1.png\" alt=\"1\" itemprop=\"image\" height=\"400\" width=\"1400\" title=\"1\" onerror=\"this.style.display='none'\"  \/>\n\t<p>Soci\u0101l\u0101s pastaigas su\u0146iem sniedz pozit\u012bva rakstura pieredzi &#8211; ka su\u0146i sav\u0101 starp\u0101 var ar\u012b nekomunic\u0113t, viens otru ignor\u0113t, uzturot vidi neitr\u0101lu &#8211; katram pastaig\u0101joties sav\u0101 un sava saimnieka nodab\u0101, ost\u012bties, izbaud\u012bt pastaigas, sp\u0113l\u0113ties ar saimnieku utt.. \u0160\u012bs pastaigas veido su\u0146a pa\u0161p\u0101rliecin\u0101t\u012bbu citu su\u0146u kl\u0101tb\u016btn\u0113 un sniedz praktisku pieredzi, ka nav nepiecie\u0161ams ne baid\u012bties, ne b\u0113got prom, ne k\u013c\u016bt reakt\u012bvam pret citiem su\u0146iem.<\/p>\n<p>Ide\u0101laj\u0101 variant\u0101, ja socializ\u0101cijas pastaigas laik\u0101 ir nov\u0113rojama mier\u012bga uzved\u012bba un piekl\u0101j\u012bga \u0137erme\u0146a valoda su\u0146u starp\u0101, tad su\u0146i tiek salaisti kop\u0101 viens otru apost\u012bt, doties t\u0101l\u0101k pastaig\u0101 kop\u0101 pavisam blakus viens otram, k\u0101 ar\u012b pastaigas beig\u0101s, ja su\u0146i izr\u0101da t\u0101du v\u0113lmi, tad vi\u0146iem ir iesp\u0113ja pasp\u0113l\u0113ties.<\/p>\nEsam sagatavoju\u0161i video materi\u0101lu nelielam ieskatam par to, k\u0101 tiek organiz\u0113tas soci\u0101l\u0101s su\u0146u pastaigas profesion\u0101la su\u0146u trenera pavad\u012bb\u0101.<br \/>\nTreneris pastaigas vada kontrol\u0113jot, lai t\u0101s visiem dal\u012bbniekiem b\u016btu pat\u012bkamas un psiholo\u0123iski viegli izturamas &#8211; kori\u0123\u0113jot att\u0101lumu starp su\u0146iem, k\u0101 ar\u012b nosakot da\u017e\u0101dus uzdevumus, kas tiek pild\u012bti pastaigas laik\u0101.\n\t<iframe loading=\"lazy\" width=\"560\" height=\"315\" src=\"https:\/\/www.youtube.com\/embed\/xOYQq6pJwD8\" frameborder=\"0\" allow=\"accelerometer; autoplay; clipboard-write; encrypted-media; gyroscope; picture-in-picture\" allowfullscreen><\/iframe>\n\t<p><strong>Par &#8220;My Perfect Dog&#8221;<\/strong><\/p>\n&#8220;My Perfect Dog&#8221; ir z\u012bmols, kas reprezent\u0113 lieliskas un harmoniskas attiec\u012bbas su\u0146a un saimnieka starp\u0101, kur saimnieks ir izgl\u012btots un zino\u0161s, savuk\u0101rt suns izprasts un atbilsto\u0161i apr\u016bp\u0113ts, socializ\u0113ts un apm\u0101c\u012bts, balstoties uz pret suni \u0113tisku, dabisku un uz motiv\u0101ciju balst\u012btu apm\u0101c\u012bbu.<br \/>\n\n<p> &#8220;My Perfect Dog&#8221; pied\u0101v\u0101 su\u0146u un vi\u0146u saimnieku apm\u0101c\u012bbu, su\u0146u uzved\u012bbas konsult\u0101cijas, socializ\u0101cijas pastaigas su\u0146iem, k\u0101 ar\u012b teor\u0113tiskus un praktiskus semin\u0101rus saimniekiem.<\/p>\n\t<p><strong>Sazi\u0146ai<\/strong><\/p>\n\t+371 27993370<br \/>\nliga@myperfectdog.lv\n\t<p><strong>Seko &#8220;My Perfect Dog&#8221;<\/strong><\/p>\n<h5>\n\t\t<a href=\"https:\/\/myperfectdog.lv\/en\/privatuma-politika\/\" title=\"Priv\u0101tuma politika\" target=\"_self\" rel=\"noopener\">\n\t\tPriv\u0101tuma politika\n\t\t<\/a>\n\t<\/h5>\n\t<p><strong>Par &#8220;My Perfect Dog&#8221;<\/strong><\/p>\n&#8220;My Perfect Dog&#8221; ir z\u012bmols, kas reprezent\u0113 lieliskas un harmoniskas attiec\u012bbas su\u0146a un saimnieka starp\u0101, kur saimnieks ir izgl\u012btots un zino\u0161s, savuk\u0101rt suns izprasts un atbilsto\u0161i apr\u016bp\u0113ts, socializ\u0113ts un apm\u0101c\u012bts, balstoties uz pret suni \u0113tisku, dabisku un uz motiv\u0101ciju balst\u012btu apm\u0101c\u012bbu.<br \/>\n\n<p> &#8220;My Perfect Dog&#8221; pied\u0101v\u0101 su\u0146u un vi\u0146u saimnieku apm\u0101c\u012bbu, su\u0146u uzved\u012bbas konsult\u0101cijas, socializ\u0101cijas pastaigas su\u0146iem, k\u0101 ar\u012b teor\u0113tiskus un praktiskus semin\u0101rus saimniekiem.<\/p>\n\t<p><strong>Kategorijas<\/strong><\/p>\n<p><a href=\"https:\/\/myperfectdog.lv\/en\/internetveikals\/\">Internetveikals<\/a><\/p>\n<p><a href=\"https:\/\/myperfectdog.lv\/en\/apmacibu-piedavajums\/\">Apm\u0101c\u012bbu pied\u0101v\u0101jums<\/a><\/p>\n<p><a href=\"https:\/\/myperfectdog.lv\/en\/sunu-aukles\/\">Su\u0146u pieskat\u012b\u0161ana un pastaigas<\/a><\/p>\n<p><a href=\"https:\/\/myperfectdog.lv\/en\/izglitojosi-raksti\/\">Izgl\u012btojo\u0161i materi\u0101li<\/a><\/p>\n<p><a href=\"https:\/\/myperfectdog.lv\/en\/kontakti\/\">Kontakti<\/a><\/p>\n<p><a href=\"https:\/\/myperfectdog.lv\/en\/privatuma-politika\/\">Priv\u0101tuma politika<\/a><\/p>\n\t<p><strong>Sazi\u0146ai<\/strong><\/p>\n\t+371 27993370<br \/>\nliga@myperfectdog.lv\n\t<p><strong>Seko &#8220;My Perfect Dog&#8221;<\/strong><\/p>\n\t\t\t\t<img decoding=\"async\" src=\"https:\/\/myperfectdog.lv\/wp-content\/uploads\/2020\/09\/PDTE-Logo2-150x150.png\" alt=\"PDTE-Logo2\" itemprop=\"image\" title=\"PDTE-Logo2\" onerror=\"this.style.display='none'\"  \/>","protected":false},"excerpt":{"rendered":"<p>Soci\u0101l\u0101s pastaigas su\u0146iem &#8211; kas tas ir un k\u0101dos gad\u012bjumos t\u0101s ir noder\u012bgas Tavam sunim? Socializ\u0101cijas pastaigas su\u0146iem ir su\u0146u uzved\u012bbas speci\u0101lista uzraudz\u012bb\u0101 organiz\u0113tas pastaigas su\u0146iem kop\u0101 ar vi\u0146u saimniekiem, kuru laik\u0101 suns m\u0101c\u0101s adekv\u0101ti rea\u0123\u0113t uz to, ka apk\u0101rt ir citi su\u0146i, mier\u012bgi baudot pastaigu, savuk\u0101rt saimnieks m\u0101c\u0101s organiz\u0113t pastaigas un sadarboties ar suni,&hellip;<\/p>","protected":false},"author":1,"featured_media":0,"parent":0,"menu_order":0,"comment_status":"closed","ping_status":"closed","template":"","meta":{"footnotes":""},"class_list":["post-2839","page","type-page","status-publish","hentry"],"yoast_head":"<!-- This site is optimized with the Yoast SEO plugin v27.5 - https:\/\/yoast.com\/product\/yoast-seo-wordpress\/ -->\n<title>Kas ir socializ\u0101cijas pastaigas? | MyPerfectDog.lv<\/title>\n<meta name=\"robots\" content=\"index, follow, max-snippet:-1, max-image-preview:large, max-video-preview:-1\" \/>\n<link rel=\"canonical\" href=\"https:\/\/myperfectdog.lv\/en\/kas-ir-socializacijas-pastaigas\/\" \/>\n<meta property=\"og:locale\" content=\"en_GB\" \/>\n<meta property=\"og:type\" content=\"article\" \/>\n<meta property=\"og:title\" content=\"Kas ir socializ\u0101cijas pastaigas? | MyPerfectDog.lv\" \/>\n<meta property=\"og:description\" content=\"Soci\u0101l\u0101s pastaigas su\u0146iem &#8211; kas tas ir un k\u0101dos gad\u012bjumos t\u0101s ir noder\u012bgas Tavam sunim? Socializ\u0101cijas pastaigas su\u0146iem ir su\u0146u uzved\u012bbas speci\u0101lista uzraudz\u012bb\u0101 organiz\u0113tas pastaigas su\u0146iem kop\u0101 ar vi\u0146u saimniekiem, kuru laik\u0101 suns m\u0101c\u0101s adekv\u0101ti rea\u0123\u0113t uz to, ka apk\u0101rt ir citi su\u0146i, mier\u012bgi baudot pastaigu, savuk\u0101rt saimnieks m\u0101c\u0101s organiz\u0113t pastaigas un sadarboties ar suni,&hellip;\" \/>\n<meta property=\"og:url\" content=\"https:\/\/myperfectdog.lv\/en\/kas-ir-socializacijas-pastaigas\/\" \/>\n<meta property=\"og:site_name\" content=\"MyPerfectDog.lv\" \/>\n<meta property=\"article:modified_time\" content=\"2024-09-11T12:58:34+00:00\" \/>\n<meta property=\"og:image\" content=\"https:\/\/myperfectdog.lv\/wp-content\/uploads\/2020\/10\/MyPerfectDog-New-logo_peach_plakans.png\" \/>\n<meta name=\"twitter:card\" content=\"summary_large_image\" \/>\n<meta name=\"twitter:label1\" content=\"Estimated reading time\" \/>\n\t<meta name=\"twitter:data1\" content=\"7 minutes\" \/>\n<script type=\"application\/ld+json\" class=\"yoast-schema-graph\">{\"@context\":\"https:\\\/\\\/schema.org\",\"@graph\":[{\"@type\":\"WebPage\",\"@id\":\"https:\\\/\\\/myperfectdog.lv\\\/kas-ir-socializacijas-pastaigas\\\/\",\"url\":\"https:\\\/\\\/myperfectdog.lv\\\/kas-ir-socializacijas-pastaigas\\\/\",\"name\":\"Kas ir socializ\u0101cijas pastaigas? | MyPerfectDog.lv\",\"isPartOf\":{\"@id\":\"https:\\\/\\\/myperfectdog.lv\\\/#website\"},\"primaryImageOfPage\":{\"@id\":\"https:\\\/\\\/myperfectdog.lv\\\/kas-ir-socializacijas-pastaigas\\\/#primaryimage\"},\"image\":{\"@id\":\"https:\\\/\\\/myperfectdog.lv\\\/kas-ir-socializacijas-pastaigas\\\/#primaryimage\"},\"thumbnailUrl\":\"https:\\\/\\\/myperfectdog.lv\\\/wp-content\\\/uploads\\\/2020\\\/10\\\/MyPerfectDog-New-logo_peach_plakans.png\",\"datePublished\":\"2020-12-15T22:27:58+00:00\",\"dateModified\":\"2024-09-11T12:58:34+00:00\",\"breadcrumb\":{\"@id\":\"https:\\\/\\\/myperfectdog.lv\\\/kas-ir-socializacijas-pastaigas\\\/#breadcrumb\"},\"inLanguage\":\"en-GB\",\"potentialAction\":[{\"@type\":\"ReadAction\",\"target\":[\"https:\\\/\\\/myperfectdog.lv\\\/kas-ir-socializacijas-pastaigas\\\/\"]}]},{\"@type\":\"ImageObject\",\"inLanguage\":\"en-GB\",\"@id\":\"https:\\\/\\\/myperfectdog.lv\\\/kas-ir-socializacijas-pastaigas\\\/#primaryimage\",\"url\":\"https:\\\/\\\/myperfectdog.lv\\\/wp-content\\\/uploads\\\/2020\\\/10\\\/MyPerfectDog-New-logo_peach_plakans.png\",\"contentUrl\":\"https:\\\/\\\/myperfectdog.lv\\\/wp-content\\\/uploads\\\/2020\\\/10\\\/MyPerfectDog-New-logo_peach_plakans.png\"},{\"@type\":\"BreadcrumbList\",\"@id\":\"https:\\\/\\\/myperfectdog.lv\\\/kas-ir-socializacijas-pastaigas\\\/#breadcrumb\",\"itemListElement\":[{\"@type\":\"ListItem\",\"position\":1,\"name\":\"Home\",\"item\":\"https:\\\/\\\/myperfectdog.lv\\\/\"},{\"@type\":\"ListItem\",\"position\":2,\"name\":\"Kas ir socializ\u0101cijas pastaigas?\"}]},{\"@type\":\"WebSite\",\"@id\":\"https:\\\/\\\/myperfectdog.lv\\\/#website\",\"url\":\"https:\\\/\\\/myperfectdog.lv\\\/\",\"name\":\"MyPerfectDog.lv\",\"description\":\"Su\u0146u un saimnieku skola\",\"publisher\":{\"@id\":\"https:\\\/\\\/myperfectdog.lv\\\/#organization\"},\"potentialAction\":[{\"@type\":\"SearchAction\",\"target\":{\"@type\":\"EntryPoint\",\"urlTemplate\":\"https:\\\/\\\/myperfectdog.lv\\\/?s={search_term_string}\"},\"query-input\":{\"@type\":\"PropertyValueSpecification\",\"valueRequired\":true,\"valueName\":\"search_term_string\"}}],\"inLanguage\":\"en-GB\"},{\"@type\":\"Organization\",\"@id\":\"https:\\\/\\\/myperfectdog.lv\\\/#organization\",\"name\":\"Su\u0146u & saimnieku skola \\\"My Perfect Dog\\\"\",\"url\":\"https:\\\/\\\/myperfectdog.lv\\\/\",\"logo\":{\"@type\":\"ImageObject\",\"inLanguage\":\"en-GB\",\"@id\":\"https:\\\/\\\/myperfectdog.lv\\\/#\\\/schema\\\/logo\\\/image\\\/\",\"url\":\"https:\\\/\\\/myperfectdog.lv\\\/wp-content\\\/uploads\\\/2020\\\/10\\\/MyPerfectDog-New-logo_peach_plakans.png\",\"contentUrl\":\"https:\\\/\\\/myperfectdog.lv\\\/wp-content\\\/uploads\\\/2020\\\/10\\\/MyPerfectDog-New-logo_peach_plakans.png\",\"width\":1200,\"height\":636,\"caption\":\"Su\u0146u & saimnieku skola \\\"My Perfect Dog\\\"\"},\"image\":{\"@id\":\"https:\\\/\\\/myperfectdog.lv\\\/#\\\/schema\\\/logo\\\/image\\\/\"}}]}<\/script>\n<!-- \/ Yoast SEO plugin. -->","yoast_head_json":{"title":"Kas ir socializ\u0101cijas pastaigas? | MyPerfectDog.lv","robots":{"index":"index","follow":"follow","max-snippet":"max-snippet:-1","max-image-preview":"max-image-preview:large","max-video-preview":"max-video-preview:-1"},"canonical":"https:\/\/myperfectdog.lv\/en\/kas-ir-socializacijas-pastaigas\/","og_locale":"en_GB","og_type":"article","og_title":"Kas ir socializ\u0101cijas pastaigas? | MyPerfectDog.lv","og_description":"Soci\u0101l\u0101s pastaigas su\u0146iem &#8211; kas tas ir un k\u0101dos gad\u012bjumos t\u0101s ir noder\u012bgas Tavam sunim? Socializ\u0101cijas pastaigas su\u0146iem ir su\u0146u uzved\u012bbas speci\u0101lista uzraudz\u012bb\u0101 organiz\u0113tas pastaigas su\u0146iem kop\u0101 ar vi\u0146u saimniekiem, kuru laik\u0101 suns m\u0101c\u0101s adekv\u0101ti rea\u0123\u0113t uz to, ka apk\u0101rt ir citi su\u0146i, mier\u012bgi baudot pastaigu, savuk\u0101rt saimnieks m\u0101c\u0101s organiz\u0113t pastaigas un sadarboties ar suni,&hellip;","og_url":"https:\/\/myperfectdog.lv\/en\/kas-ir-socializacijas-pastaigas\/","og_site_name":"MyPerfectDog.lv","article_modified_time":"2024-09-11T12:58:34+00:00","og_image":[{"url":"https:\/\/myperfectdog.lv\/wp-content\/uploads\/2020\/10\/MyPerfectDog-New-logo_peach_plakans.png","type":"","width":"","height":""}],"twitter_card":"summary_large_image","twitter_misc":{"Estimated reading time":"7 minutes"},"schema":{"@context":"https:\/\/schema.org","@graph":[{"@type":"WebPage","@id":"https:\/\/myperfectdog.lv\/kas-ir-socializacijas-pastaigas\/","url":"https:\/\/myperfectdog.lv\/kas-ir-socializacijas-pastaigas\/","name":"Kas ir socializ\u0101cijas pastaigas? | MyPerfectDog.lv","isPartOf":{"@id":"https:\/\/myperfectdog.lv\/#website"},"primaryImageOfPage":{"@id":"https:\/\/myperfectdog.lv\/kas-ir-socializacijas-pastaigas\/#primaryimage"},"image":{"@id":"https:\/\/myperfectdog.lv\/kas-ir-socializacijas-pastaigas\/#primaryimage"},"thumbnailUrl":"https:\/\/myperfectdog.lv\/wp-content\/uploads\/2020\/10\/MyPerfectDog-New-logo_peach_plakans.png","datePublished":"2020-12-15T22:27:58+00:00","dateModified":"2024-09-11T12:58:34+00:00","breadcrumb":{"@id":"https:\/\/myperfectdog.lv\/kas-ir-socializacijas-pastaigas\/#breadcrumb"},"inLanguage":"en-GB","potentialAction":[{"@type":"ReadAction","target":["https:\/\/myperfectdog.lv\/kas-ir-socializacijas-pastaigas\/"]}]},{"@type":"ImageObject","inLanguage":"en-GB","@id":"https:\/\/myperfectdog.lv\/kas-ir-socializacijas-pastaigas\/#primaryimage","url":"https:\/\/myperfectdog.lv\/wp-content\/uploads\/2020\/10\/MyPerfectDog-New-logo_peach_plakans.png","contentUrl":"https:\/\/myperfectdog.lv\/wp-content\/uploads\/2020\/10\/MyPerfectDog-New-logo_peach_plakans.png"},{"@type":"BreadcrumbList","@id":"https:\/\/myperfectdog.lv\/kas-ir-socializacijas-pastaigas\/#breadcrumb","itemListElement":[{"@type":"ListItem","position":1,"name":"Home","item":"https:\/\/myperfectdog.lv\/"},{"@type":"ListItem","position":2,"name":"Kas ir socializ\u0101cijas pastaigas?"}]},{"@type":"WebSite","@id":"https:\/\/myperfectdog.lv\/#website","url":"https:\/\/myperfectdog.lv\/","name":"MyPerfectDog.lv","description":"Su\u0146u un saimnieku skola","publisher":{"@id":"https:\/\/myperfectdog.lv\/#organization"},"potentialAction":[{"@type":"SearchAction","target":{"@type":"EntryPoint","urlTemplate":"https:\/\/myperfectdog.lv\/?s={search_term_string}"},"query-input":{"@type":"PropertyValueSpecification","valueRequired":true,"valueName":"search_term_string"}}],"inLanguage":"en-GB"},{"@type":"Organization","@id":"https:\/\/myperfectdog.lv\/#organization","name":"Su\u0146u & saimnieku skola \"My Perfect Dog\"","url":"https:\/\/myperfectdog.lv\/","logo":{"@type":"ImageObject","inLanguage":"en-GB","@id":"https:\/\/myperfectdog.lv\/#\/schema\/logo\/image\/","url":"https:\/\/myperfectdog.lv\/wp-content\/uploads\/2020\/10\/MyPerfectDog-New-logo_peach_plakans.png","contentUrl":"https:\/\/myperfectdog.lv\/wp-content\/uploads\/2020\/10\/MyPerfectDog-New-logo_peach_plakans.png","width":1200,"height":636,"caption":"Su\u0146u & saimnieku skola \"My Perfect Dog\""},"image":{"@id":"https:\/\/myperfectdog.lv\/#\/schema\/logo\/image\/"}}]}},"jetpack_sharing_enabled":true,"_links":{"self":[{"href":"https:\/\/myperfectdog.lv\/en\/wp-json\/wp\/v2\/pages\/2839","targetHints":{"allow":["GET"]}}],"collection":[{"href":"https:\/\/myperfectdog.lv\/en\/wp-json\/wp\/v2\/pages"}],"about":[{"href":"https:\/\/myperfectdog.lv\/en\/wp-json\/wp\/v2\/types\/page"}],"author":[{"embeddable":true,"href":"https:\/\/myperfectdog.lv\/en\/wp-json\/wp\/v2\/users\/1"}],"replies":[{"embeddable":true,"href":"https:\/\/myperfectdog.lv\/en\/wp-json\/wp\/v2\/comments?post=2839"}],"version-history":[{"count":0,"href":"https:\/\/myperfectdog.lv\/en\/wp-json\/wp\/v2\/pages\/2839\/revisions"}],"wp:attachment":[{"href":"https:\/\/myperfectdog.lv\/en\/wp-json\/wp\/v2\/media?parent=2839"}],"curies":[{"name":"wp","href":"https:\/\/api.w.org\/{rel}","templated":true}]}}