{"id":2845,"date":"2020-12-17T22:48:53","date_gmt":"2020-12-17T20:48:53","guid":{"rendered":"https:\/\/myperfectdog.lv\/?page_id=2845"},"modified":"2024-08-08T15:53:51","modified_gmt":"2024-08-08T13:53:51","slug":"saluta-troksni","status":"publish","type":"page","link":"https:\/\/myperfectdog.lv\/en\/izglitojosi\/saluta-troksni\/","title":{"rendered":"P\u0113k\u0161\u0146as ska\u0146as &#038; sal\u016bti &#8211; k\u0101 pasarg\u0101t suni"},"content":{"rendered":"<a href=\"https:\/\/myperfectdog.lv\/en\/\" target=\"_self\" itemprop=\"url\" rel=\"noopener\">\n\t\t\t\t<img decoding=\"async\" src=\"https:\/\/myperfectdog.lv\/wp-content\/uploads\/2020\/10\/MyPerfectDog-New-logo_peach_plakans.png\" alt=\"MyPerfectDog-New-logo_peach_plakans\" itemprop=\"image\" title=\"MyPerfectDog-New-logo_peach_plakans\" onerror=\"this.style.display='none'\"  \/>\n\t\t\t\t<\/a>\n\t\t\t\t<img decoding=\"async\" src=\"https:\/\/myperfectdog.lv\/wp-content\/uploads\/2020\/12\/dog-3855224_1280.jpg\" alt=\"dog-3855224_1280\" itemprop=\"image\" title=\"dog-3855224_1280\" onerror=\"this.style.display='none'\"  \/>\n<h2>\n\t\tSunim bail no sal\u016bta rad\u012btiem trok\u0161\u0146iem &#8211; k\u0101 r\u012bkoties?\n\t<\/h2>\n\t<p>P\u0113k\u0161anas ska\u0146as un trok\u0161\u0146i, k\u0101 sal\u016bts, \u0161\u0101vieni, kaut kas, kas nokr\u012bt vai uzspr\u0101gst &#8211; tie ne tikai sp\u0113j nobied\u0113t bail\u012bgu \/ nep\u0101rliecin\u0101tu suni, bet ar\u012b p\u0101rliecin\u0101tu un dro\u0161u suni, t\u0101pat k\u0101 nereti ar\u012b m\u016bs pa\u0161us &#8211; su\u0146u saimniekus. <\/p>\n<p>Ko dar\u012bt \u0161\u0101d\u0101s situ\u0101cij\u0101s? K\u0101 pal\u012bdz\u0113t sunim palikt mier\u012bgam vai vismaz iesp\u0113ju robe\u017e\u0101s uzlabot situ\u0101ciju un mazinot stresu?<\/p>\n<h3>\n\t\tK\u0100 R\u012aKOTIES \u2193\n\t<\/h3>\n\t<p><strong>1.<\/strong> <strong>Ja trok\u0161\u0146us ir iesp\u0113jams paredz\u0113t iepriek\u0161,<\/strong> piem\u0113ram, jaungada sal\u016btu,- <strong>tad jau laic\u012bgi sagatavojies &#8211; uzliekot m\u016bziku vai &#8220;white noise&#8221; ska\u0146u, aizverot aizskarus, utt.<\/strong> (Iepriek\u0161 gan pieradiniet suni pie \u0161\u0101d\u0101m darb\u012bb\u0101m\/ska\u0146\u0101m, lai suns jau ir apradis ar \u0161\u0101du situ\u0101ciju. Jo ar\u012b p\u0113k\u0161\u0146i iesl\u0113gta m\u016bzika, kas parasti neskan, vai aizv\u0113rti aizskari, kas netiek v\u0113rti ciet, nep\u0101rliecin\u0101tam sunim var rad\u012bt stresu).<\/p>\n<p><strong>2.<\/strong> <strong>Nodro\u0161ini, ka sunim m\u0101j\u0101s ir vi\u0146a vieta \/ m\u0101ji\u0146a, kur\u0101 ielist un ko var apsegt t\u0101, lai apk\u0101rt ir tum\u0161s. <\/strong>Su\u0146i vienm\u0113r stresa situ\u0101cij\u0101 mekl\u0113 vietu, kur justies dro\u0161\u0101k, un ja t\u0101da vieta ir un to suns var izmantot, tad vi\u0146\u0161 tur konkr\u0113taj\u0101s situ\u0101cij\u0101s ar\u012b izv\u0113l\u0113sies atrasties. Savuk\u0101\u0157t \u0161\u012b pieredze nodro\u0161in\u0101s to, ka suns atk\u0101rtos \u0161o darb\u012bbu vienm\u0113r l\u012bdz\u012bg\u0101s situ\u0101cij\u0101s, ja pasl\u0113p\u0161an\u0101s b\u016bs bijusi veiksm\u012bga un satraukums kaut par kripati\u0146u b\u016bs mazin\u0101jies.<\/p>\n<strong>3.<\/strong> <strong>Neved suni pastaig\u0101ties, ja ir zin\u0101ms, ka b\u016bs sal\u016bts taj\u0101 dien\u0101\/nakt\u012b.<\/strong> Izved suni \u0101r\u0101 uz nok\u0101rto\u0161anos un doties atpaka\u013c m\u0101j\u0101s &#8211; sp\u0113l\u0113 sp\u0113les, m\u0101c\u012b suni vai <a href=\"https:\/\/myperfectdog.lv\/en\/mentalas-aktivitates-suniem\/\">liec sunim dom\u0101t caur da\u017e\u0101d\u0101m ment\u0101laj\u0101m aktivit\u0101t\u0113m<\/a> &#8211; respekt\u012bvi, nodarbini suni da\u017e\u0101dos citos veidos, nevis ejot gar\u0101s pastaig\u0101s, kur\u0101s var suns g\u016bt \u013coti negat\u012bvu pieredzi un p\u0101rb\u012bties, ja p\u0113k\u0161\u0146i rodas k\u0101di ska\u013ci trok\u0161\u0146i.<br \/>\n<strong>Svar\u012bgi! <\/strong>Sp\u0113l\u0113joties, neuzk\u016bd\u012bt su\u0146us p\u0101r\u0101k daudz. Vair\u0101k piev\u0113rsties da\u017e\u0101d\u0101m mier\u012bg\u0101m, ment\u0101laj\u0101m sp\u0113l\u0113m, kas liek fokus\u0113ties un nomierina suni, nevis paaugstina su\u0146a adrenal\u012bna un uzbudin\u0101t\u012bbas pak\u0101pi. Ja suns b\u016bs uzvilcies no sp\u0113l\u0113\u0161an\u0101s, tad past\u0101v iesp\u0113ja, ka stresa situ\u0101cij\u0101 tas \u013coti \u0101tri rea\u0123\u0113s ar bail\u0113m, paniku, hoaotisku vai agres\u012bvu uzved\u012bbu, jo su\u0146a uzvilkt\u012bbas pak\u0101pe jau b\u016bs gana augsta bijusi iepriek\u0161.\n<p><strong>4. <\/strong><strong>No\u0161\u0137ir su\u0146us no ikviena, kam sal\u016bts vai citi trok\u0161\u0146i rada satraukumu, <\/strong> neatkar\u012bgi no t\u0101, vai tas ir cits dz\u012bvnieks, vai cilv\u0113ks. Ja Jums m\u0101j\u0101s ir viens suns, kur\u0161 v\u0113l nesatraucas no trok\u0161\u0146iem, un otrs suns &#8211; kur\u0161 satraucas, tad abus turiet m\u0101j\u0101s atsevi\u0161\u0137\u0101s istab\u0101s, lai bezbail\u012bgais suns neietekm\u0113tos no bail\u012bg\u0101 su\u0146a.<\/p>\n<p><strong>5. R\u012bkojies prevent\u012bvi, sagatavojot suni da\u017e\u0101diem trok\u0161\u0146iem!<\/strong> Ja suns nebaidas no da\u017e\u0101diem p\u0113k\u0161\u0146iem trok\u0161\u0146iem, tad saimniekam, pa\u0161am esot \u013coti mier\u012bgam, katru reizi p\u0113c k\u0101da p\u0113k\u0161\u0146a trok\u0161\u0146a, mier\u012bgi, r\u0101mi ir j\u0101pieiet pie su\u0146a, un j\u0101iedod tam gardums, k\u0101 ar\u012b uzslava, par labu, mier\u012bgu uzved\u012bbu, t\u0101d\u0101 veid\u0101 radot pozit\u012bvu asoci\u0101ciju sunim ar trok\u0161\u0146iem.<\/p>\n\t\t\t\t<img decoding=\"async\" src=\"https:\/\/myperfectdog.lv\/wp-content\/uploads\/2020\/12\/pexels-burst-374898-scaled.jpg\" alt=\"pexels-burst-374898\" itemprop=\"image\" title=\"pexels-burst-374898\" onerror=\"this.style.display='none'\"  \/>\n\t\t\t\t<a href=\"https:\/\/myperfectdog.lv\/en\/\" target=\"_self\" itemprop=\"url\" rel=\"noopener\">\n\t\t\t\t<img decoding=\"async\" src=\"https:\/\/myperfectdog.lv\/wp-content\/uploads\/2020\/10\/MyPerfectDog-New-logo_peach_plakans.png\" alt=\"MyPerfectDog-New-logo_peach_plakans\" itemprop=\"image\" title=\"MyPerfectDog-New-logo_peach_plakans\" onerror=\"this.style.display='none'\"  \/>\n\t\t\t\t<\/a>\n<h4>\n\t\tSunim bail no sal\u016bta rad\u012btiem trok\u0161\u0146iem &#8211; k\u0101 r\u012bkoties?\n\t<\/h4>\n\t<p>P\u0113k\u0161anas ska\u0146as un trok\u0161\u0146i, k\u0101 sal\u016bts, \u0161\u0101vieni, kaut kas, kas nokr\u012bt vai uzspr\u0101gst &#8211; tie ne tikai sp\u0113j nobied\u0113t bail\u012bgu \/ nep\u0101rliecin\u0101tu suni, bet ar\u012b p\u0101rliecin\u0101tu un dro\u0161u suni, t\u0101pat k\u0101 nereti ar\u012b m\u016bs pa\u0161us &#8211; su\u0146u saimniekus. <\/p>\n<p>Ko dar\u012bt \u0161\u0101d\u0101s situ\u0101cij\u0101s? K\u0101 pal\u012bdz\u0113t sunim palikt mier\u012bgam vai vismaz iesp\u0113ju robe\u017e\u0101s uzlabot situ\u0101ciju un mazinot stresu?<\/p>\n\t\t\t\t<img decoding=\"async\" src=\"https:\/\/myperfectdog.lv\/wp-content\/uploads\/2020\/12\/dog-3855224_1280.jpg\" alt=\"dog-3855224_1280\" itemprop=\"image\" title=\"dog-3855224_1280\" onerror=\"this.style.display='none'\"  \/>\n<h4>\n\t\tK\u0100 R\u012aKOTIES \u2193\n\t<\/h4>\n\t<p><strong>1.<\/strong> <strong>Ja trok\u0161\u0146us ir iesp\u0113jams paredz\u0113t iepriek\u0161,<\/strong> piem\u0113ram, jaungada sal\u016btu,- <strong>tad jau laic\u012bgi sagatavojies &#8211; uzliekot m\u016bziku vai &#8220;white noise&#8221; ska\u0146u, aizverot aizskarus, utt.<\/strong> (Iepriek\u0161 gan pieradiniet suni pie \u0161\u0101d\u0101m darb\u012bb\u0101m\/ska\u0146\u0101m, lai suns jau ir apradis ar \u0161\u0101du situ\u0101ciju. Jo ar\u012b p\u0113k\u0161\u0146i iesl\u0113gta m\u016bzika, kas parasti neskan, vai aizv\u0113rti aizskari, kas netiek v\u0113rti ciet, nep\u0101rliecin\u0101tam sunim var rad\u012bt stresu).<\/p>\n<p><strong>2.<\/strong> <strong>Nodro\u0161ini, ka sunim m\u0101j\u0101s ir vi\u0146a vieta \/ m\u0101ji\u0146a, kur\u0101 ielist un ko var apsegt t\u0101, lai apk\u0101rt ir tum\u0161s. <\/strong>Su\u0146i vienm\u0113r stresa situ\u0101cij\u0101 mekl\u0113 vietu, kur justies dro\u0161\u0101k, un ja t\u0101da vieta ir un to suns var izmantot, tad vi\u0146\u0161 tur konkr\u0113taj\u0101s situ\u0101cij\u0101s ar\u012b izv\u0113l\u0113sies atrasties. Savuk\u0101\u0157t \u0161\u012b pieredze nodro\u0161in\u0101s to, ka suns atk\u0101rtos \u0161o darb\u012bbu vienm\u0113r l\u012bdz\u012bg\u0101s situ\u0101cij\u0101s, ja pasl\u0113p\u0161an\u0101s b\u016bs bijusi veiksm\u012bga un satraukums kaut par kripati\u0146u b\u016bs mazin\u0101jies.<\/p>\n<strong>3.<\/strong> <strong>Neved suni pastaig\u0101ties, ja ir zin\u0101ms, ka b\u016bs sal\u016bts taj\u0101 dien\u0101\/nakt\u012b.<\/strong> Izved suni \u0101r\u0101 uz nok\u0101rto\u0161anos un doties atpaka\u013c m\u0101j\u0101s &#8211; sp\u0113l\u0113 sp\u0113les, m\u0101c\u012b suni vai <a href=\"https:\/\/myperfectdog.lv\/en\/mentalas-aktivitates-suniem\/\">liec sunim dom\u0101t caur da\u017e\u0101d\u0101m ment\u0101laj\u0101m aktivit\u0101t\u0113m<\/a> &#8211; respekt\u012bvi, nodarbini suni da\u017e\u0101dos citos veidos, nevis ejot gar\u0101s pastaig\u0101s, kur\u0101s var suns g\u016bt \u013coti negat\u012bvu pieredzi un p\u0101rb\u012bties, ja p\u0113k\u0161\u0146i rodas k\u0101di ska\u013ci trok\u0161\u0146i.<br \/>\n<strong>Svar\u012bgi! <\/strong>Sp\u0113l\u0113joties, neuzk\u016bd\u012bt su\u0146us p\u0101r\u0101k daudz. Vair\u0101k piev\u0113rsties da\u017e\u0101d\u0101m mier\u012bg\u0101m, ment\u0101laj\u0101m sp\u0113l\u0113m, kas liek fokus\u0113ties un nomierina suni, nevis paaugstina su\u0146a adrenal\u012bna un uzbudin\u0101t\u012bbas pak\u0101pi. Ja suns b\u016bs uzvilcies no sp\u0113l\u0113\u0161an\u0101s, tad past\u0101v iesp\u0113ja, ka stresa situ\u0101cij\u0101 tas \u013coti \u0101tri rea\u0123\u0113s ar bail\u0113m, paniku, hoaotisku vai agres\u012bvu uzved\u012bbu, jo su\u0146a uzvilkt\u012bbas pak\u0101pe jau b\u016bs gana augsta bijusi iepriek\u0161.\n<p><strong>4. <\/strong><strong>No\u0161\u0137ir su\u0146us no ikviena, kam sal\u016bts vai citi trok\u0161\u0146i rada satraukumu, <\/strong> neatkar\u012bgi no t\u0101, vai tas ir cits dz\u012bvnieks, vai cilv\u0113ks. Ja Jums m\u0101j\u0101s ir viens suns, kur\u0161 v\u0113l nesatraucas no trok\u0161\u0146iem, un otrs suns &#8211; kur\u0161 satraucas, tad abus turiet m\u0101j\u0101s atsevi\u0161\u0137\u0101s istab\u0101s, lai bezbail\u012bgais suns neietekm\u0113tos no bail\u012bg\u0101 su\u0146a.<\/p>\n<p><strong>5. R\u012bkojies prevent\u012bvi, sagatavojot suni da\u017e\u0101diem trok\u0161\u0146iem!<\/strong> Ja suns nebaidas no da\u017e\u0101diem p\u0113k\u0161\u0146iem trok\u0161\u0146iem, tad saimniekam, pa\u0161am esot \u013coti mier\u012bgam, katru reizi p\u0113c k\u0101da p\u0113k\u0161\u0146a trok\u0161\u0146a, mier\u012bgi, r\u0101mi ir j\u0101pieiet pie su\u0146a, un j\u0101iedod tam gardums, k\u0101 ar\u012b uzslava, par labu, mier\u012bgu uzved\u012bbu, t\u0101d\u0101 veid\u0101 radot pozit\u012bvu asoci\u0101ciju sunim ar trok\u0161\u0146iem.<\/p>\n\t\t\t\t<img decoding=\"async\" src=\"https:\/\/myperfectdog.lv\/wp-content\/uploads\/2020\/12\/pexels-burst-374898-scaled.jpg\" alt=\"pexels-burst-374898\" itemprop=\"image\" title=\"pexels-burst-374898\" onerror=\"this.style.display='none'\"  \/>\n\t<p><strong>Par &#8220;My Perfect Dog&#8221;<\/strong><\/p>\n&#8220;My Perfect Dog&#8221; ir z\u012bmols, kas reprezent\u0113 lieliskas un harmoniskas attiec\u012bbas su\u0146a un saimnieka starp\u0101, kur saimnieks ir izgl\u012btots un zino\u0161s, savuk\u0101rt suns izprasts un atbilsto\u0161i apr\u016bp\u0113ts, socializ\u0113ts un apm\u0101c\u012bts, balstoties uz pret suni \u0113tisku, dabisku un uz motiv\u0101ciju balst\u012btu apm\u0101c\u012bbu.<br \/>\n\n<p> &#8220;My Perfect Dog&#8221; pied\u0101v\u0101 su\u0146u un vi\u0146u saimnieku apm\u0101c\u012bbu, su\u0146u uzved\u012bbas konsult\u0101cijas, socializ\u0101cijas pastaigas su\u0146iem, k\u0101 ar\u012b teor\u0113tiskus un praktiskus semin\u0101rus saimniekiem.<\/p>\n\t<p><strong>Sazi\u0146ai<\/strong><\/p>\n\t+371 27993370<br \/>\nliga@myperfectdog.lv\n\t<p><strong>Seko &#8220;My Perfect Dog&#8221;<\/strong><\/p>\n<h5>\n\t\t<a href=\"https:\/\/myperfectdog.lv\/en\/privatuma-politika\/\" title=\"Priv\u0101tuma politika\" target=\"_self\" rel=\"noopener\">\n\t\tPriv\u0101tuma politika\n\t\t<\/a>\n\t<\/h5>\n\t<p><strong>Par &#8220;My Perfect Dog&#8221;<\/strong><\/p>\n&#8220;My Perfect Dog&#8221; ir z\u012bmols, kas reprezent\u0113 lieliskas un harmoniskas attiec\u012bbas su\u0146a un saimnieka starp\u0101, kur saimnieks ir izgl\u012btots un zino\u0161s, savuk\u0101rt suns izprasts un atbilsto\u0161i apr\u016bp\u0113ts, socializ\u0113ts un apm\u0101c\u012bts, balstoties uz pret suni \u0113tisku, dabisku un uz motiv\u0101ciju balst\u012btu apm\u0101c\u012bbu.<br \/>\n\n<p> &#8220;My Perfect Dog&#8221; pied\u0101v\u0101 su\u0146u un vi\u0146u saimnieku apm\u0101c\u012bbu, su\u0146u uzved\u012bbas konsult\u0101cijas, socializ\u0101cijas pastaigas su\u0146iem, k\u0101 ar\u012b teor\u0113tiskus un praktiskus semin\u0101rus saimniekiem.<\/p>\n\t<p><strong>Kategorijas<\/strong><\/p>\n<p><a href=\"https:\/\/myperfectdog.lv\/en\/internetveikals\/\">Internetveikals<\/a><\/p>\n<p><a href=\"https:\/\/myperfectdog.lv\/en\/apmacibu-piedavajums\/\">Apm\u0101c\u012bbu pied\u0101v\u0101jums<\/a><\/p>\n<p><a href=\"https:\/\/myperfectdog.lv\/en\/sunu-aukles\/\">Su\u0146u pieskat\u012b\u0161ana un pastaigas<\/a><\/p>\n<p><a href=\"https:\/\/myperfectdog.lv\/en\/izglitojosi-raksti\/\">Izgl\u012btojo\u0161i materi\u0101li<\/a><\/p>\n<p><a href=\"https:\/\/myperfectdog.lv\/en\/kontakti\/\">Kontakti<\/a><\/p>\n<p><a href=\"https:\/\/myperfectdog.lv\/en\/privatuma-politika\/\">Priv\u0101tuma politika<\/a><\/p>\n\t<p><strong>Sazi\u0146ai<\/strong><\/p>\n\t+371 27993370<br \/>\nliga@myperfectdog.lv\n\t<p><strong>Seko &#8220;My Perfect Dog&#8221;<\/strong><\/p>\n\t\t\t\t<img decoding=\"async\" src=\"https:\/\/myperfectdog.lv\/wp-content\/uploads\/2020\/09\/PDTE-Logo2-150x150.png\" alt=\"PDTE-Logo2\" itemprop=\"image\" title=\"PDTE-Logo2\" onerror=\"this.style.display='none'\"  \/>","protected":false},"excerpt":{"rendered":"<p>Sunim bail no sal\u016bta rad\u012btiem trok\u0161\u0146iem &#8211; k\u0101 r\u012bkoties? P\u0113k\u0161anas ska\u0146as un trok\u0161\u0146i, k\u0101 sal\u016bts, \u0161\u0101vieni, kaut kas, kas nokr\u012bt vai uzspr\u0101gst &#8211; tie ne tikai sp\u0113j nobied\u0113t bail\u012bgu \/ nep\u0101rliecin\u0101tu suni, bet ar\u012b p\u0101rliecin\u0101tu un dro\u0161u suni, t\u0101pat k\u0101 nereti ar\u012b m\u016bs pa\u0161us &#8211; su\u0146u saimniekus. Ko dar\u012bt \u0161\u0101d\u0101s situ\u0101cij\u0101s? K\u0101 pal\u012bdz\u0113t sunim palikt&hellip;<\/p>","protected":false},"author":1,"featured_media":0,"parent":2210,"menu_order":1,"comment_status":"closed","ping_status":"closed","template":"","meta":{"footnotes":""},"class_list":["post-2845","page","type-page","status-publish","hentry"],"yoast_head":"<!-- This site is optimized with the Yoast SEO plugin v27.5 - https:\/\/yoast.com\/product\/yoast-seo-wordpress\/ -->\n<title>P\u0113k\u0161\u0146as ska\u0146as &amp; sal\u016bti - k\u0101 pasarg\u0101t suni | MyPerfectDog.lv<\/title>\n<meta name=\"robots\" content=\"index, follow, max-snippet:-1, max-image-preview:large, max-video-preview:-1\" \/>\n<link rel=\"canonical\" href=\"https:\/\/myperfectdog.lv\/en\/izglitojosi\/saluta-troksni\/\" \/>\n<meta property=\"og:locale\" content=\"en_GB\" \/>\n<meta property=\"og:type\" content=\"article\" \/>\n<meta property=\"og:title\" content=\"P\u0113k\u0161\u0146as ska\u0146as &amp; sal\u016bti - k\u0101 pasarg\u0101t suni | MyPerfectDog.lv\" \/>\n<meta property=\"og:description\" content=\"Sunim bail no sal\u016bta rad\u012btiem trok\u0161\u0146iem &#8211; k\u0101 r\u012bkoties? P\u0113k\u0161anas ska\u0146as un trok\u0161\u0146i, k\u0101 sal\u016bts, \u0161\u0101vieni, kaut kas, kas nokr\u012bt vai uzspr\u0101gst &#8211; tie ne tikai sp\u0113j nobied\u0113t bail\u012bgu \/ nep\u0101rliecin\u0101tu suni, bet ar\u012b p\u0101rliecin\u0101tu un dro\u0161u suni, t\u0101pat k\u0101 nereti ar\u012b m\u016bs pa\u0161us &#8211; su\u0146u saimniekus. Ko dar\u012bt \u0161\u0101d\u0101s situ\u0101cij\u0101s? K\u0101 pal\u012bdz\u0113t sunim palikt&hellip;\" \/>\n<meta property=\"og:url\" content=\"https:\/\/myperfectdog.lv\/en\/izglitojosi\/saluta-troksni\/\" \/>\n<meta property=\"og:site_name\" content=\"MyPerfectDog.lv\" \/>\n<meta property=\"article:modified_time\" content=\"2024-08-08T13:53:51+00:00\" \/>\n<meta property=\"og:image\" content=\"https:\/\/myperfectdog.lv\/wp-content\/uploads\/2020\/10\/MyPerfectDog-New-logo_peach_plakans.png\" \/>\n<meta name=\"twitter:card\" content=\"summary_large_image\" \/>\n<meta name=\"twitter:label1\" content=\"Estimated reading time\" \/>\n\t<meta name=\"twitter:data1\" content=\"7 minutes\" \/>\n<script type=\"application\/ld+json\" class=\"yoast-schema-graph\">{\"@context\":\"https:\\\/\\\/schema.org\",\"@graph\":[{\"@type\":\"WebPage\",\"@id\":\"https:\\\/\\\/myperfectdog.lv\\\/izglitojosi\\\/saluta-troksni\\\/\",\"url\":\"https:\\\/\\\/myperfectdog.lv\\\/izglitojosi\\\/saluta-troksni\\\/\",\"name\":\"P\u0113k\u0161\u0146as ska\u0146as & sal\u016bti - k\u0101 pasarg\u0101t suni | MyPerfectDog.lv\",\"isPartOf\":{\"@id\":\"https:\\\/\\\/myperfectdog.lv\\\/#website\"},\"primaryImageOfPage\":{\"@id\":\"https:\\\/\\\/myperfectdog.lv\\\/izglitojosi\\\/saluta-troksni\\\/#primaryimage\"},\"image\":{\"@id\":\"https:\\\/\\\/myperfectdog.lv\\\/izglitojosi\\\/saluta-troksni\\\/#primaryimage\"},\"thumbnailUrl\":\"https:\\\/\\\/myperfectdog.lv\\\/wp-content\\\/uploads\\\/2020\\\/10\\\/MyPerfectDog-New-logo_peach_plakans.png\",\"datePublished\":\"2020-12-17T20:48:53+00:00\",\"dateModified\":\"2024-08-08T13:53:51+00:00\",\"breadcrumb\":{\"@id\":\"https:\\\/\\\/myperfectdog.lv\\\/izglitojosi\\\/saluta-troksni\\\/#breadcrumb\"},\"inLanguage\":\"en-GB\",\"potentialAction\":[{\"@type\":\"ReadAction\",\"target\":[\"https:\\\/\\\/myperfectdog.lv\\\/izglitojosi\\\/saluta-troksni\\\/\"]}]},{\"@type\":\"ImageObject\",\"inLanguage\":\"en-GB\",\"@id\":\"https:\\\/\\\/myperfectdog.lv\\\/izglitojosi\\\/saluta-troksni\\\/#primaryimage\",\"url\":\"https:\\\/\\\/myperfectdog.lv\\\/wp-content\\\/uploads\\\/2020\\\/10\\\/MyPerfectDog-New-logo_peach_plakans.png\",\"contentUrl\":\"https:\\\/\\\/myperfectdog.lv\\\/wp-content\\\/uploads\\\/2020\\\/10\\\/MyPerfectDog-New-logo_peach_plakans.png\"},{\"@type\":\"BreadcrumbList\",\"@id\":\"https:\\\/\\\/myperfectdog.lv\\\/izglitojosi\\\/saluta-troksni\\\/#breadcrumb\",\"itemListElement\":[{\"@type\":\"ListItem\",\"position\":1,\"name\":\"Home\",\"item\":\"https:\\\/\\\/myperfectdog.lv\\\/\"},{\"@type\":\"ListItem\",\"position\":2,\"name\":\"Izgl\u012btojo\u0161i materi\u0101li\",\"item\":\"https:\\\/\\\/myperfectdog.lv\\\/izglitojosi\\\/\"},{\"@type\":\"ListItem\",\"position\":3,\"name\":\"P\u0113k\u0161\u0146as ska\u0146as &#038; sal\u016bti &#8211; k\u0101 pasarg\u0101t suni\"}]},{\"@type\":\"WebSite\",\"@id\":\"https:\\\/\\\/myperfectdog.lv\\\/#website\",\"url\":\"https:\\\/\\\/myperfectdog.lv\\\/\",\"name\":\"MyPerfectDog.lv\",\"description\":\"Su\u0146u un saimnieku skola\",\"publisher\":{\"@id\":\"https:\\\/\\\/myperfectdog.lv\\\/#organization\"},\"potentialAction\":[{\"@type\":\"SearchAction\",\"target\":{\"@type\":\"EntryPoint\",\"urlTemplate\":\"https:\\\/\\\/myperfectdog.lv\\\/?s={search_term_string}\"},\"query-input\":{\"@type\":\"PropertyValueSpecification\",\"valueRequired\":true,\"valueName\":\"search_term_string\"}}],\"inLanguage\":\"en-GB\"},{\"@type\":\"Organization\",\"@id\":\"https:\\\/\\\/myperfectdog.lv\\\/#organization\",\"name\":\"Su\u0146u & saimnieku skola \\\"My Perfect Dog\\\"\",\"url\":\"https:\\\/\\\/myperfectdog.lv\\\/\",\"logo\":{\"@type\":\"ImageObject\",\"inLanguage\":\"en-GB\",\"@id\":\"https:\\\/\\\/myperfectdog.lv\\\/#\\\/schema\\\/logo\\\/image\\\/\",\"url\":\"https:\\\/\\\/myperfectdog.lv\\\/wp-content\\\/uploads\\\/2020\\\/10\\\/MyPerfectDog-New-logo_peach_plakans.png\",\"contentUrl\":\"https:\\\/\\\/myperfectdog.lv\\\/wp-content\\\/uploads\\\/2020\\\/10\\\/MyPerfectDog-New-logo_peach_plakans.png\",\"width\":1200,\"height\":636,\"caption\":\"Su\u0146u & saimnieku skola \\\"My Perfect Dog\\\"\"},\"image\":{\"@id\":\"https:\\\/\\\/myperfectdog.lv\\\/#\\\/schema\\\/logo\\\/image\\\/\"}}]}<\/script>\n<!-- \/ Yoast SEO plugin. -->","yoast_head_json":{"title":"P\u0113k\u0161\u0146as ska\u0146as & sal\u016bti - k\u0101 pasarg\u0101t suni | MyPerfectDog.lv","robots":{"index":"index","follow":"follow","max-snippet":"max-snippet:-1","max-image-preview":"max-image-preview:large","max-video-preview":"max-video-preview:-1"},"canonical":"https:\/\/myperfectdog.lv\/en\/izglitojosi\/saluta-troksni\/","og_locale":"en_GB","og_type":"article","og_title":"P\u0113k\u0161\u0146as ska\u0146as & sal\u016bti - k\u0101 pasarg\u0101t suni | MyPerfectDog.lv","og_description":"Sunim bail no sal\u016bta rad\u012btiem trok\u0161\u0146iem &#8211; k\u0101 r\u012bkoties? P\u0113k\u0161anas ska\u0146as un trok\u0161\u0146i, k\u0101 sal\u016bts, \u0161\u0101vieni, kaut kas, kas nokr\u012bt vai uzspr\u0101gst &#8211; tie ne tikai sp\u0113j nobied\u0113t bail\u012bgu \/ nep\u0101rliecin\u0101tu suni, bet ar\u012b p\u0101rliecin\u0101tu un dro\u0161u suni, t\u0101pat k\u0101 nereti ar\u012b m\u016bs pa\u0161us &#8211; su\u0146u saimniekus. Ko dar\u012bt \u0161\u0101d\u0101s situ\u0101cij\u0101s? K\u0101 pal\u012bdz\u0113t sunim palikt&hellip;","og_url":"https:\/\/myperfectdog.lv\/en\/izglitojosi\/saluta-troksni\/","og_site_name":"MyPerfectDog.lv","article_modified_time":"2024-08-08T13:53:51+00:00","og_image":[{"url":"https:\/\/myperfectdog.lv\/wp-content\/uploads\/2020\/10\/MyPerfectDog-New-logo_peach_plakans.png","type":"","width":"","height":""}],"twitter_card":"summary_large_image","twitter_misc":{"Estimated reading time":"7 minutes"},"schema":{"@context":"https:\/\/schema.org","@graph":[{"@type":"WebPage","@id":"https:\/\/myperfectdog.lv\/izglitojosi\/saluta-troksni\/","url":"https:\/\/myperfectdog.lv\/izglitojosi\/saluta-troksni\/","name":"P\u0113k\u0161\u0146as ska\u0146as & sal\u016bti - k\u0101 pasarg\u0101t suni | MyPerfectDog.lv","isPartOf":{"@id":"https:\/\/myperfectdog.lv\/#website"},"primaryImageOfPage":{"@id":"https:\/\/myperfectdog.lv\/izglitojosi\/saluta-troksni\/#primaryimage"},"image":{"@id":"https:\/\/myperfectdog.lv\/izglitojosi\/saluta-troksni\/#primaryimage"},"thumbnailUrl":"https:\/\/myperfectdog.lv\/wp-content\/uploads\/2020\/10\/MyPerfectDog-New-logo_peach_plakans.png","datePublished":"2020-12-17T20:48:53+00:00","dateModified":"2024-08-08T13:53:51+00:00","breadcrumb":{"@id":"https:\/\/myperfectdog.lv\/izglitojosi\/saluta-troksni\/#breadcrumb"},"inLanguage":"en-GB","potentialAction":[{"@type":"ReadAction","target":["https:\/\/myperfectdog.lv\/izglitojosi\/saluta-troksni\/"]}]},{"@type":"ImageObject","inLanguage":"en-GB","@id":"https:\/\/myperfectdog.lv\/izglitojosi\/saluta-troksni\/#primaryimage","url":"https:\/\/myperfectdog.lv\/wp-content\/uploads\/2020\/10\/MyPerfectDog-New-logo_peach_plakans.png","contentUrl":"https:\/\/myperfectdog.lv\/wp-content\/uploads\/2020\/10\/MyPerfectDog-New-logo_peach_plakans.png"},{"@type":"BreadcrumbList","@id":"https:\/\/myperfectdog.lv\/izglitojosi\/saluta-troksni\/#breadcrumb","itemListElement":[{"@type":"ListItem","position":1,"name":"Home","item":"https:\/\/myperfectdog.lv\/"},{"@type":"ListItem","position":2,"name":"Izgl\u012btojo\u0161i materi\u0101li","item":"https:\/\/myperfectdog.lv\/izglitojosi\/"},{"@type":"ListItem","position":3,"name":"P\u0113k\u0161\u0146as ska\u0146as &#038; sal\u016bti &#8211; k\u0101 pasarg\u0101t suni"}]},{"@type":"WebSite","@id":"https:\/\/myperfectdog.lv\/#website","url":"https:\/\/myperfectdog.lv\/","name":"MyPerfectDog.lv","description":"Su\u0146u un saimnieku skola","publisher":{"@id":"https:\/\/myperfectdog.lv\/#organization"},"potentialAction":[{"@type":"SearchAction","target":{"@type":"EntryPoint","urlTemplate":"https:\/\/myperfectdog.lv\/?s={search_term_string}"},"query-input":{"@type":"PropertyValueSpecification","valueRequired":true,"valueName":"search_term_string"}}],"inLanguage":"en-GB"},{"@type":"Organization","@id":"https:\/\/myperfectdog.lv\/#organization","name":"Su\u0146u & saimnieku skola \"My Perfect Dog\"","url":"https:\/\/myperfectdog.lv\/","logo":{"@type":"ImageObject","inLanguage":"en-GB","@id":"https:\/\/myperfectdog.lv\/#\/schema\/logo\/image\/","url":"https:\/\/myperfectdog.lv\/wp-content\/uploads\/2020\/10\/MyPerfectDog-New-logo_peach_plakans.png","contentUrl":"https:\/\/myperfectdog.lv\/wp-content\/uploads\/2020\/10\/MyPerfectDog-New-logo_peach_plakans.png","width":1200,"height":636,"caption":"Su\u0146u & saimnieku skola \"My Perfect Dog\""},"image":{"@id":"https:\/\/myperfectdog.lv\/#\/schema\/logo\/image\/"}}]}},"jetpack_sharing_enabled":true,"_links":{"self":[{"href":"https:\/\/myperfectdog.lv\/en\/wp-json\/wp\/v2\/pages\/2845","targetHints":{"allow":["GET"]}}],"collection":[{"href":"https:\/\/myperfectdog.lv\/en\/wp-json\/wp\/v2\/pages"}],"about":[{"href":"https:\/\/myperfectdog.lv\/en\/wp-json\/wp\/v2\/types\/page"}],"author":[{"embeddable":true,"href":"https:\/\/myperfectdog.lv\/en\/wp-json\/wp\/v2\/users\/1"}],"replies":[{"embeddable":true,"href":"https:\/\/myperfectdog.lv\/en\/wp-json\/wp\/v2\/comments?post=2845"}],"version-history":[{"count":0,"href":"https:\/\/myperfectdog.lv\/en\/wp-json\/wp\/v2\/pages\/2845\/revisions"}],"up":[{"embeddable":true,"href":"https:\/\/myperfectdog.lv\/en\/wp-json\/wp\/v2\/pages\/2210"}],"wp:attachment":[{"href":"https:\/\/myperfectdog.lv\/en\/wp-json\/wp\/v2\/media?parent=2845"}],"curies":[{"name":"wp","href":"https:\/\/api.w.org\/{rel}","templated":true}]}}