{"id":2885,"date":"2021-01-22T08:37:36","date_gmt":"2021-01-22T06:37:36","guid":{"rendered":"https:\/\/myperfectdog.lv\/?page_id=2885"},"modified":"2024-09-06T06:54:13","modified_gmt":"2024-09-06T04:54:13","slug":"sunim-vertigas-pastaigas-prieksnoteikumi","status":"publish","type":"page","link":"https:\/\/myperfectdog.lv\/en\/izglitojosi\/sunim-vertigas-pastaigas-prieksnoteikumi\/","title":{"rendered":"K\u0100DI IR SUNIM V\u0112RT\u012aGAS PASTAIGAS PRIEK\u0160NOTEIKUMI?"},"content":{"rendered":"<a href=\"https:\/\/myperfectdog.lv\/en\/\" target=\"_self\" itemprop=\"url\" rel=\"noopener\">\n\t\t\t\t<img decoding=\"async\" src=\"https:\/\/myperfectdog.lv\/wp-content\/uploads\/2020\/10\/MyPerfectDog-New-logo_peach_plakans.png\" alt=\"MyPerfectDog-New-logo_peach_plakans\" itemprop=\"image\" title=\"MyPerfectDog-New-logo_peach_plakans\" onerror=\"this.style.display='none'\"  \/>\n\t\t\t\t<\/a>\n<h2>\n\t\t<a href=\"https:\/\/www.facebook.com\/groups\/2786214085026497\" title=\"V\u0112LIES AR SUNI BAUD\u012aT PASTAIGAS?\" target=\"_self\" rel=\"noopener\">\n\t\tV\u0112LIES AR SUNI BAUD\u012aT PASTAIGAS?\n\t\t<\/a>\n\t<\/h2>\n<h2>\n\t\t<a href=\"https:\/\/www.facebook.com\/groups\/2786214085026497\" title=\"V\u0112LIES, LAI SUNS NERAUJAS UN NEREA\u0122\u0112 UZ KAIRIN\u0100T\u0100JIEM?\" target=\"_self\" rel=\"noopener\">\n\t\tV\u0112LIES, LAI SUNS NERAUJAS UN NEREA\u0122\u0112 UZ KAIRIN\u0100T\u0100JIEM?\n\t\t<\/a>\n\t<\/h2>\n\t\t\t<a href=\"https:\/\/myperfectdog.thinkific.com\/courses\/baudamas-pastaigas-ar-suni\" target=\"_blank\" role=\"button\" rel=\"noopener\">\n\t\t\t\t\t\t\tIZGL\u012aTOJO\u0160S &#038; PRAKTISKS ONLINE KURSS \u0160EIT!\n\t\t\t<\/a>\n\t<p><a href=\"https:\/\/myperfectdog.lv\/en\/izglitojosi-raksti\/sunim-vertigas-pastaigas-prieksnoteikumi\/screenshot-2024-09-06-at-07-50-18\/\" rel=\"attachment wp-att-9556\"><img loading=\"lazy\" decoding=\"async\" src=\"https:\/\/myperfectdog.lv\/wp-content\/uploads\/2024\/09\/Screenshot-2024-09-06-at-07.50.18-286x300.png\" alt=\"\" width=\"323\" height=\"339\" \/><\/a><\/p>\n<h2>\n\t\tK\u0100DI IR SUNIM V\u0112RT\u012aGAS PASTAIGAS PRIEK\u0160NOTEIKUMI?\n\t<\/h2>\n\t\t\t\t<img decoding=\"async\" src=\"https:\/\/myperfectdog.lv\/wp-content\/uploads\/2021\/01\/120383512_193579612341323_7044146877690762832_o.jpg\" alt=\"su\u0146u pastaigas\" itemprop=\"image\" title=\"su\u0146u pastaigas\" onerror=\"this.style.display='none'\"  \/>\n\t<p>Teksta autore: Zane Ozoli\u0146a<\/p>\n<h4>\n\t\tPAREIZS APR\u012aKOJUMS\n\t<\/h4>\n\tSu\u0146a vesel\u012bbai visdraudz\u012bg\u0101kie ir iemaukti. Nevis kuri katri, bet tie, kas priek\u0161pus\u0113 veido burtu Y, bet, skatoties no aug\u0161as &#8211; burtu H. Tiem ir j\u0101b\u016bt pietiekami br\u012bviem, lai nerad\u012btu noberzumus, k\u0101 ar\u012b ne\u017e\u0146augtos kakl\u0101.<br \/>\nMinim\u0101lais (!) pavadas garums ir 5 metri. Ide\u0101lais 7-10 metri. Protams, situ\u0101cij\u0101s, kur\u0101s nepiecie\u0161ams nodro\u0161in\u0101t m\u012blu\u013ca dro\u0161\u012bbu (piem\u0113ram, \u0161\u0137\u0113rsojot ielu), pavadu ne vien dr\u012bkst, bet ir ieteicams sa\u012bsin\u0101t.\n<h4>\n\t\tPASTAIGAS VIETA UN LAIKS\n\t<\/h4>\n\t<p>Cilv\u0113ku un transporta l\u012bdzek\u013cu p\u0101rpild\u012btas ielas neb\u016bs piem\u0113rota vieta pastaig\u0101m. Trok\u0161\u0146u un kust\u012bbu p\u0101rbl\u012bv\u0113t\u012bba (ar\u012b tiem dz\u012bvniekiem, kas radu\u0161i uztur\u0113ties pils\u0113t\u0101) var b\u016bt p\u0101r\u0101k bied\u0113jo\u0161a un stimul\u0113jo\u0161a. Ja nav iesp\u0113jams nodro\u0161in\u0101t sunim regul\u0101ru do\u0161anos dab\u0101 vai pastaigas klus\u0101 pils\u0113tas teritorij\u0101, pastaig\u0101m nepiecie\u0161ams izv\u0113l\u0113ties mier\u012bg\u0101ku laiku (piem\u0113ram, agrus r\u012btus vai v\u0113lus vakarus).<\/p>\n<h4>\n\t\tMIER\u012aGI UN BEZ STEIGAS\n\t<\/h4>\n\t<p>Ar\u012b vis\u0101tr\u0101kajam sunim pasaul\u0113 nepiecie\u0161ama t\u0101da pastaiga, kuras laik\u0101 su\u0146a pulss ir t\u0101 dabiskaj\u0101s robe\u017e\u0101s. Jo liel\u0101ks suns, jo zem\u0101ks t\u0101 dabiskais sirdspukstu skaits min\u016bt\u0113.<\/p>\n<p>Ja suns nav pieradis pastaig\u0101ties br\u012bv\u0101 pavad\u0101, s\u0101kum\u0101 b\u016bs j\u0101apbru\u0146ojas ar paciet\u012bbu, lai iem\u0101c\u012btu tam &#8216;piebremz\u0113t&#8217;. K\u0101 to dar\u012bt? Vienk\u0101r\u0161i apst\u0101ties br\u012bd\u012b, kad suns ar inerci rauj pavadu, un ats\u0101kt kust\u012bbu tikai tad, kad pavada vairs nav nospriegota. Su\u0146a raust\u012b\u0161ana, dres\u0113\u0161ana un r\u0101\u0161ana noved\u012bs tikai pie pret\u0113ja efekta, no \u0161\u0101d\u0101m pieredz\u0113m suns neko neiem\u0101c\u012bsies.<\/p>\n<h4>\n\t\tIZV\u0112LES BR\u012aV\u012aBA\n\t<\/h4>\n\t<p>Daudzi saimnieki baid\u0101s dod sunim iesp\u0113ju izv\u0113l\u0113ties, ticot, ka, sajutis p\u0101r\u0101k lielu br\u012bv\u012bbu, suns m\u0113\u0123in\u0101s mazin\u0101t saimnieka autorit\u0101ti. \u0160is pie\u0146\u0113mums ir novecojis un nepatiess.<\/p>\n<p>Jo vair\u0101k suns tiks motiv\u0113ts izv\u0113l\u0113ties (kur\u0101 virzien\u0101 doties pastaig\u0101, kuru m\u0101jas st\u016bri apost\u012bt, un cik reizes pastaigas laik\u0101 nok\u0101rtoties), jo maz\u0101k tas grib\u0113s rauties da\u017e\u0101du kairin\u0101t\u0101ju virzien\u0101 br\u012bd\u012b, kad saimnieks b\u016bs nov\u0113rsis skatienu.<\/p>\n<h4>\n\t\tPASTAIGAS CENTR\u0100 &#8211; SUNS\n\t<\/h4>\n\t<p>\u013baujot sunim vad\u012bt pastaigu, saimnieks var uz\u0146emties v\u0113rot\u0101ja lomu. K\u0101 suns kustas, kad tam tiek dota kust\u012bbas br\u012bv\u012bba? K\u0101 tas rea\u0123\u0113 uz vidi, kur\u0101 tas atrodas? Nov\u0113rojumi \u013caus lab\u0101k izprast \u010detrk\u0101jain\u0101 drauga raksturu, uzved\u012bbu un paties\u0101s vajadz\u012bbas, k\u0101 ar\u012b, piem\u0113ram, identific\u0113t radu\u0161\u0101s vesel\u012bbas probl\u0113mas.<\/p>\n<p>Kontroles p\u0101r\u0146em\u0161ana p\u0101r pastaigu b\u016bs vajadz\u012bga br\u012b\u017eos, kad rodas apdraud\u0113jums su\u0146a vai apk\u0101rt\u0113jo vesel\u012bbai. Vai ar\u012b tad, kad skaidri redzams &#8211; suns ir k\u013cuvis trauksmains vai nobijies. Nek\u0101d\u0101 gad\u012bjum\u0101 nedr\u012bkst suni pak\u013caut pieredz\u0113m, kur\u0101m tas nav gatavs. <\/p>\n\t\t\t\t<img decoding=\"async\" src=\"https:\/\/myperfectdog.lv\/wp-content\/uploads\/2020\/10\/MyPerfectDog-New-logo_peach_plakans.png\" alt=\"MyPerfectDog-New-logo_peach_plakans\" itemprop=\"image\" title=\"MyPerfectDog-New-logo_peach_plakans\" onerror=\"this.style.display='none'\"  \/>\n<h3>\n\t\tK\u0100DI IR SUNIM V\u0112RT\u012aGAS PASTAIGAS PRIEK\u0160NOTEIKUMI?\n\t<\/h3>\n\t\t\t\t<img decoding=\"async\" src=\"https:\/\/myperfectdog.lv\/wp-content\/uploads\/2021\/01\/120383512_193579612341323_7044146877690762832_o.jpg\" alt=\"su\u0146u pastaigas\" itemprop=\"image\" title=\"su\u0146u pastaigas\" onerror=\"this.style.display='none'\"  \/>\n<h2>\n\t\t<a href=\"https:\/\/www.facebook.com\/groups\/2786214085026497\" title=\"Ja Tavs suns rauj pavadu un rea\u0123\u0113 uz kairin\u0101t\u0101jiem...\" target=\"_self\" rel=\"noopener\">\n\t\tJa Tavs suns rauj pavadu un rea\u0123\u0113 uz kairin\u0101t\u0101jiem&#8230;\n\t\t<\/a>\n\t<\/h2>\n<h2>\n\t\t<a href=\"https:\/\/www.facebook.com\/groups\/2786214085026497\" title=\"JA V\u0112LIES BAUD\u012aT PASTAIGAS AR SAVU SUNI IESAK\u0100M:\" target=\"_self\" rel=\"noopener\">\n\t\tJA V\u0112LIES BAUD\u012aT PASTAIGAS AR SAVU SUNI IESAK\u0100M:\n\t\t<\/a>\n\t<\/h2>\n\t\t\t<a href=\"https:\/\/myperfectdog.thinkific.com\/courses\/baudamas-pastaigas-ar-suni\" target=\"_blank\" role=\"button\" rel=\"noopener\">\n\t\t\t\t\t\t\tIZGL\u012aTOJO\u0160S &#038; PRAKTISKS ONLINE KURSS \u0160EIT!\n\t\t\t<\/a>\n<h4>\n\t\tPAREIZS APR\u012aKOJUMS\n\t<\/h4>\n\tSu\u0146a vesel\u012bbai visdraudz\u012bg\u0101kie ir iemaukti. Nevis kuri katri, bet tie, kas priek\u0161pus\u0113 veido burtu Y, bet, skatoties no aug\u0161as &#8211; burtu H. Tiem ir j\u0101b\u016bt pietiekami br\u012bviem, lai nerad\u012btu noberzumus, k\u0101 ar\u012b ne\u017e\u0146augtos kakl\u0101.<br \/>\nMinim\u0101lais (!) pavadas garums ir 5 metri. Ide\u0101lais 7-10 metri. Protams, situ\u0101cij\u0101s, kur\u0101s nepiecie\u0161ams nodro\u0161in\u0101t m\u012blu\u013ca dro\u0161\u012bbu (piem\u0113ram, \u0161\u0137\u0113rsojot ielu), pavadu ne vien dr\u012bkst, bet ir ieteicams sa\u012bsin\u0101t.\n<h4>\n\t\tPASTAIGAS VIETA UN LAIKS\n\t<\/h4>\n\t<p>Cilv\u0113ku un transporta l\u012bdzek\u013cu p\u0101rpild\u012btas ielas neb\u016bs piem\u0113rota vieta pastaig\u0101m. Trok\u0161\u0146u un kust\u012bbu p\u0101rbl\u012bv\u0113t\u012bba (ar\u012b tiem dz\u012bvniekiem, kas radu\u0161i uztur\u0113ties pils\u0113t\u0101) var b\u016bt p\u0101r\u0101k bied\u0113jo\u0161a un stimul\u0113jo\u0161a. Ja nav iesp\u0113jams nodro\u0161in\u0101t sunim regul\u0101ru do\u0161anos dab\u0101 vai pastaigas klus\u0101 pils\u0113tas teritorij\u0101, pastaig\u0101m nepiecie\u0161ams izv\u0113l\u0113ties mier\u012bg\u0101ku laiku (piem\u0113ram, agrus r\u012btus vai v\u0113lus vakarus).<\/p>\n<h4>\n\t\tMIER\u012aGI UN BEZ STEIGAS\n\t<\/h4>\n\t<p>Ar\u012b vis\u0101tr\u0101kajam sunim pasaul\u0113 nepiecie\u0161ama t\u0101da pastaiga, kuras laik\u0101 su\u0146a pulss ir t\u0101 dabiskaj\u0101s robe\u017e\u0101s. Jo liel\u0101ks suns, jo zem\u0101ks t\u0101 dabiskais sirdspukstu skaits min\u016bt\u0113.<\/p>\n<p>Ja suns nav pieradis pastaig\u0101ties br\u012bv\u0101 pavad\u0101, s\u0101kum\u0101 b\u016bs j\u0101apbru\u0146ojas ar paciet\u012bbu, lai iem\u0101c\u012btu tam &#8216;piebremz\u0113t&#8217;. K\u0101 to dar\u012bt? Vienk\u0101r\u0161i apst\u0101ties br\u012bd\u012b, kad suns ar inerci rauj pavadu, un ats\u0101kt kust\u012bbu tikai tad, kad pavada vairs nav nospriegota. Su\u0146a raust\u012b\u0161ana, dres\u0113\u0161ana un r\u0101\u0161ana noved\u012bs tikai pie pret\u0113ja efekta, no \u0161\u0101d\u0101m pieredz\u0113m suns neko neiem\u0101c\u012bsies.<\/p>\n<h4>\n\t\tIZV\u0112LES BR\u012aV\u012aBA\n\t<\/h4>\n\t<p>Daudzi saimnieki baid\u0101s dod sunim iesp\u0113ju izv\u0113l\u0113ties, ticot, ka, sajutis p\u0101r\u0101k lielu br\u012bv\u012bbu, suns m\u0113\u0123in\u0101s mazin\u0101t saimnieka autorit\u0101ti. \u0160is pie\u0146\u0113mums ir novecojis un nepatiess.<\/p>\n<p>Jo vair\u0101k suns tiks motiv\u0113ts izv\u0113l\u0113ties (kur\u0101 virzien\u0101 doties pastaig\u0101, kuru m\u0101jas st\u016bri apost\u012bt, un cik reizes pastaigas laik\u0101 nok\u0101rtoties), jo maz\u0101k tas grib\u0113s rauties da\u017e\u0101du kairin\u0101t\u0101ju virzien\u0101 br\u012bd\u012b, kad saimnieks b\u016bs nov\u0113rsis skatienu.<\/p>\n<h4>\n\t\tPASTAIGAS CENTR\u0100 &#8211; SUNS\n\t<\/h4>\n\t<p>\u013baujot sunim vad\u012bt pastaigu, saimnieks var uz\u0146emties v\u0113rot\u0101ja lomu. K\u0101 suns kustas, kad tam tiek dota kust\u012bbas br\u012bv\u012bba? K\u0101 tas rea\u0123\u0113 uz vidi, kur\u0101 tas atrodas? Nov\u0113rojumi \u013caus lab\u0101k izprast \u010detrk\u0101jain\u0101 drauga raksturu, uzved\u012bbu un paties\u0101s vajadz\u012bbas, k\u0101 ar\u012b, piem\u0113ram, identific\u0113t radu\u0161\u0101s vesel\u012bbas probl\u0113mas.<\/p>\n<p>Kontroles p\u0101r\u0146em\u0161ana p\u0101r pastaigu b\u016bs vajadz\u012bga br\u012b\u017eos, kad rodas apdraud\u0113jums su\u0146a vai apk\u0101rt\u0113jo vesel\u012bbai. Vai ar\u012b tad, kad skaidri redzams &#8211; suns ir k\u013cuvis trauksmains vai nobijies. Nek\u0101d\u0101 gad\u012bjum\u0101 nedr\u012bkst suni pak\u013caut pieredz\u0113m, kur\u0101m tas nav gatavs. <\/p>\n\t<p>Teksta autore: Zane Ozoli\u0146a<\/p>\n\t<p><strong>Par &#8220;My Perfect Dog&#8221;<\/strong><\/p>\n&#8220;My Perfect Dog&#8221; ir z\u012bmols, kas reprezent\u0113 lieliskas un harmoniskas attiec\u012bbas su\u0146a un saimnieka starp\u0101, kur saimnieks ir izgl\u012btots un zino\u0161s, savuk\u0101rt suns izprasts un atbilsto\u0161i apr\u016bp\u0113ts, socializ\u0113ts un apm\u0101c\u012bts, balstoties uz pret suni \u0113tisku, dabisku un uz motiv\u0101ciju balst\u012btu apm\u0101c\u012bbu.<br \/>\n\n<p> &#8220;My Perfect Dog&#8221; pied\u0101v\u0101 su\u0146u un vi\u0146u saimnieku apm\u0101c\u012bbu, su\u0146u uzved\u012bbas konsult\u0101cijas, socializ\u0101cijas pastaigas su\u0146iem, k\u0101 ar\u012b teor\u0113tiskus un praktiskus semin\u0101rus saimniekiem.<\/p>\n\t<p><strong>Sazi\u0146ai<\/strong><\/p>\n\t+371 27993370<br \/>\nliga@myperfectdog.lv\n\t<p><strong>Seko &#8220;My Perfect Dog&#8221;<\/strong><\/p>\n<h5>\n\t\t<a href=\"https:\/\/myperfectdog.lv\/en\/privatuma-politika\/\" title=\"Priv\u0101tuma politika\" target=\"_self\" rel=\"noopener\">\n\t\tPriv\u0101tuma politika\n\t\t<\/a>\n\t<\/h5>\n\t<p><strong>Par &#8220;My Perfect Dog&#8221;<\/strong><\/p>\n&#8220;My Perfect Dog&#8221; ir z\u012bmols, kas reprezent\u0113 lieliskas un harmoniskas attiec\u012bbas su\u0146a un saimnieka starp\u0101, kur saimnieks ir izgl\u012btots un zino\u0161s, savuk\u0101rt suns izprasts un atbilsto\u0161i apr\u016bp\u0113ts, socializ\u0113ts un apm\u0101c\u012bts, balstoties uz pret suni \u0113tisku, dabisku un uz motiv\u0101ciju balst\u012btu apm\u0101c\u012bbu.<br \/>\n\n<p> &#8220;My Perfect Dog&#8221; pied\u0101v\u0101 su\u0146u un vi\u0146u saimnieku apm\u0101c\u012bbu, su\u0146u uzved\u012bbas konsult\u0101cijas, socializ\u0101cijas pastaigas su\u0146iem, k\u0101 ar\u012b teor\u0113tiskus un praktiskus semin\u0101rus saimniekiem.<\/p>\n\t<p><strong>Kategorijas<\/strong><\/p>\n<p><a href=\"https:\/\/myperfectdog.lv\/en\/internetveikals\/\">Internetveikals<\/a><\/p>\n<p><a href=\"https:\/\/myperfectdog.lv\/en\/apmacibu-piedavajums\/\">Apm\u0101c\u012bbu pied\u0101v\u0101jums<\/a><\/p>\n<p><a href=\"https:\/\/myperfectdog.lv\/en\/sunu-aukles\/\">Su\u0146u pieskat\u012b\u0161ana un pastaigas<\/a><\/p>\n<p><a href=\"https:\/\/myperfectdog.lv\/en\/izglitojosi-raksti\/\">Izgl\u012btojo\u0161i materi\u0101li<\/a><\/p>\n<p><a href=\"https:\/\/myperfectdog.lv\/en\/kontakti\/\">Kontakti<\/a><\/p>\n<p><a href=\"https:\/\/myperfectdog.lv\/en\/privatuma-politika\/\">Priv\u0101tuma politika<\/a><\/p>\n\t<p><strong>Sazi\u0146ai<\/strong><\/p>\n\t+371 27993370<br \/>\nliga@myperfectdog.lv\n\t<p><strong>Seko &#8220;My Perfect Dog&#8221;<\/strong><\/p>\n\t\t\t\t<img decoding=\"async\" src=\"https:\/\/myperfectdog.lv\/wp-content\/uploads\/2020\/09\/PDTE-Logo2-150x150.png\" alt=\"PDTE-Logo2\" itemprop=\"image\" title=\"PDTE-Logo2\" onerror=\"this.style.display='none'\"  \/>","protected":false},"excerpt":{"rendered":"<p>V\u0112LIES AR SUNI BAUD\u012aT PASTAIGAS? V\u0112LIES, LAI SUNS NERAUJAS UN NEREA\u0122\u0112 UZ KAIRIN\u0100T\u0100JIEM? IZGL\u012aTOJO\u0160S &#038; PRAKTISKS ONLINE KURSS \u0160EIT! K\u0100DI IR SUNIM V\u0112RT\u012aGAS PASTAIGAS PRIEK\u0160NOTEIKUMI? Teksta autore: Zane Ozoli\u0146a PAREIZS APR\u012aKOJUMS Su\u0146a vesel\u012bbai visdraudz\u012bg\u0101kie ir iemaukti. Nevis kuri katri, bet tie, kas priek\u0161pus\u0113 veido burtu Y, bet, skatoties no aug\u0161as &#8211; burtu H. Tiem ir&hellip;<\/p>","protected":false},"author":1,"featured_media":0,"parent":2210,"menu_order":1,"comment_status":"closed","ping_status":"closed","template":"","meta":{"footnotes":""},"class_list":["post-2885","page","type-page","status-publish","hentry"],"yoast_head":"<!-- This site is optimized with the Yoast SEO plugin v27.5 - https:\/\/yoast.com\/product\/yoast-seo-wordpress\/ -->\n<title>K\u0100DI IR SUNIM V\u0112RT\u012aGAS PASTAIGAS PRIEK\u0160NOTEIKUMI? | MyPerfectDog.lv<\/title>\n<meta name=\"robots\" content=\"index, follow, max-snippet:-1, max-image-preview:large, max-video-preview:-1\" \/>\n<link rel=\"canonical\" href=\"https:\/\/myperfectdog.lv\/en\/izglitojosi\/sunim-vertigas-pastaigas-prieksnoteikumi\/\" \/>\n<meta property=\"og:locale\" content=\"en_GB\" \/>\n<meta property=\"og:type\" content=\"article\" \/>\n<meta property=\"og:title\" content=\"K\u0100DI IR SUNIM V\u0112RT\u012aGAS PASTAIGAS PRIEK\u0160NOTEIKUMI? | MyPerfectDog.lv\" \/>\n<meta property=\"og:description\" content=\"V\u0112LIES AR SUNI BAUD\u012aT PASTAIGAS? V\u0112LIES, LAI SUNS NERAUJAS UN NEREA\u0122\u0112 UZ KAIRIN\u0100T\u0100JIEM? IZGL\u012aTOJO\u0160S &#038; PRAKTISKS ONLINE KURSS \u0160EIT! K\u0100DI IR SUNIM V\u0112RT\u012aGAS PASTAIGAS PRIEK\u0160NOTEIKUMI? Teksta autore: Zane Ozoli\u0146a PAREIZS APR\u012aKOJUMS Su\u0146a vesel\u012bbai visdraudz\u012bg\u0101kie ir iemaukti. Nevis kuri katri, bet tie, kas priek\u0161pus\u0113 veido burtu Y, bet, skatoties no aug\u0161as &#8211; burtu H. Tiem ir&hellip;\" \/>\n<meta property=\"og:url\" content=\"https:\/\/myperfectdog.lv\/en\/izglitojosi\/sunim-vertigas-pastaigas-prieksnoteikumi\/\" \/>\n<meta property=\"og:site_name\" content=\"MyPerfectDog.lv\" \/>\n<meta property=\"article:modified_time\" content=\"2024-09-06T04:54:13+00:00\" \/>\n<meta property=\"og:image\" content=\"https:\/\/myperfectdog.lv\/wp-content\/uploads\/2020\/10\/MyPerfectDog-New-logo_peach_plakans.png\" \/>\n<meta name=\"twitter:card\" content=\"summary_large_image\" \/>\n<meta name=\"twitter:label1\" content=\"Estimated reading time\" \/>\n\t<meta name=\"twitter:data1\" content=\"7 minutes\" \/>\n<script type=\"application\/ld+json\" class=\"yoast-schema-graph\">{\"@context\":\"https:\\\/\\\/schema.org\",\"@graph\":[{\"@type\":\"WebPage\",\"@id\":\"https:\\\/\\\/myperfectdog.lv\\\/izglitojosi\\\/sunim-vertigas-pastaigas-prieksnoteikumi\\\/\",\"url\":\"https:\\\/\\\/myperfectdog.lv\\\/izglitojosi\\\/sunim-vertigas-pastaigas-prieksnoteikumi\\\/\",\"name\":\"K\u0100DI IR SUNIM V\u0112RT\u012aGAS PASTAIGAS PRIEK\u0160NOTEIKUMI? | MyPerfectDog.lv\",\"isPartOf\":{\"@id\":\"https:\\\/\\\/myperfectdog.lv\\\/#website\"},\"primaryImageOfPage\":{\"@id\":\"https:\\\/\\\/myperfectdog.lv\\\/izglitojosi\\\/sunim-vertigas-pastaigas-prieksnoteikumi\\\/#primaryimage\"},\"image\":{\"@id\":\"https:\\\/\\\/myperfectdog.lv\\\/izglitojosi\\\/sunim-vertigas-pastaigas-prieksnoteikumi\\\/#primaryimage\"},\"thumbnailUrl\":\"https:\\\/\\\/myperfectdog.lv\\\/wp-content\\\/uploads\\\/2020\\\/10\\\/MyPerfectDog-New-logo_peach_plakans.png\",\"datePublished\":\"2021-01-22T06:37:36+00:00\",\"dateModified\":\"2024-09-06T04:54:13+00:00\",\"breadcrumb\":{\"@id\":\"https:\\\/\\\/myperfectdog.lv\\\/izglitojosi\\\/sunim-vertigas-pastaigas-prieksnoteikumi\\\/#breadcrumb\"},\"inLanguage\":\"en-GB\",\"potentialAction\":[{\"@type\":\"ReadAction\",\"target\":[\"https:\\\/\\\/myperfectdog.lv\\\/izglitojosi\\\/sunim-vertigas-pastaigas-prieksnoteikumi\\\/\"]}]},{\"@type\":\"ImageObject\",\"inLanguage\":\"en-GB\",\"@id\":\"https:\\\/\\\/myperfectdog.lv\\\/izglitojosi\\\/sunim-vertigas-pastaigas-prieksnoteikumi\\\/#primaryimage\",\"url\":\"https:\\\/\\\/myperfectdog.lv\\\/wp-content\\\/uploads\\\/2020\\\/10\\\/MyPerfectDog-New-logo_peach_plakans.png\",\"contentUrl\":\"https:\\\/\\\/myperfectdog.lv\\\/wp-content\\\/uploads\\\/2020\\\/10\\\/MyPerfectDog-New-logo_peach_plakans.png\"},{\"@type\":\"BreadcrumbList\",\"@id\":\"https:\\\/\\\/myperfectdog.lv\\\/izglitojosi\\\/sunim-vertigas-pastaigas-prieksnoteikumi\\\/#breadcrumb\",\"itemListElement\":[{\"@type\":\"ListItem\",\"position\":1,\"name\":\"Home\",\"item\":\"https:\\\/\\\/myperfectdog.lv\\\/\"},{\"@type\":\"ListItem\",\"position\":2,\"name\":\"Izgl\u012btojo\u0161i materi\u0101li\",\"item\":\"https:\\\/\\\/myperfectdog.lv\\\/izglitojosi\\\/\"},{\"@type\":\"ListItem\",\"position\":3,\"name\":\"K\u0100DI IR SUNIM V\u0112RT\u012aGAS PASTAIGAS PRIEK\u0160NOTEIKUMI?\"}]},{\"@type\":\"WebSite\",\"@id\":\"https:\\\/\\\/myperfectdog.lv\\\/#website\",\"url\":\"https:\\\/\\\/myperfectdog.lv\\\/\",\"name\":\"MyPerfectDog.lv\",\"description\":\"Su\u0146u un saimnieku skola\",\"publisher\":{\"@id\":\"https:\\\/\\\/myperfectdog.lv\\\/#organization\"},\"potentialAction\":[{\"@type\":\"SearchAction\",\"target\":{\"@type\":\"EntryPoint\",\"urlTemplate\":\"https:\\\/\\\/myperfectdog.lv\\\/?s={search_term_string}\"},\"query-input\":{\"@type\":\"PropertyValueSpecification\",\"valueRequired\":true,\"valueName\":\"search_term_string\"}}],\"inLanguage\":\"en-GB\"},{\"@type\":\"Organization\",\"@id\":\"https:\\\/\\\/myperfectdog.lv\\\/#organization\",\"name\":\"Su\u0146u & saimnieku skola \\\"My Perfect Dog\\\"\",\"url\":\"https:\\\/\\\/myperfectdog.lv\\\/\",\"logo\":{\"@type\":\"ImageObject\",\"inLanguage\":\"en-GB\",\"@id\":\"https:\\\/\\\/myperfectdog.lv\\\/#\\\/schema\\\/logo\\\/image\\\/\",\"url\":\"https:\\\/\\\/myperfectdog.lv\\\/wp-content\\\/uploads\\\/2020\\\/10\\\/MyPerfectDog-New-logo_peach_plakans.png\",\"contentUrl\":\"https:\\\/\\\/myperfectdog.lv\\\/wp-content\\\/uploads\\\/2020\\\/10\\\/MyPerfectDog-New-logo_peach_plakans.png\",\"width\":1200,\"height\":636,\"caption\":\"Su\u0146u & saimnieku skola \\\"My Perfect Dog\\\"\"},\"image\":{\"@id\":\"https:\\\/\\\/myperfectdog.lv\\\/#\\\/schema\\\/logo\\\/image\\\/\"}}]}<\/script>\n<!-- \/ Yoast SEO plugin. -->","yoast_head_json":{"title":"K\u0100DI IR SUNIM V\u0112RT\u012aGAS PASTAIGAS PRIEK\u0160NOTEIKUMI? | MyPerfectDog.lv","robots":{"index":"index","follow":"follow","max-snippet":"max-snippet:-1","max-image-preview":"max-image-preview:large","max-video-preview":"max-video-preview:-1"},"canonical":"https:\/\/myperfectdog.lv\/en\/izglitojosi\/sunim-vertigas-pastaigas-prieksnoteikumi\/","og_locale":"en_GB","og_type":"article","og_title":"K\u0100DI IR SUNIM V\u0112RT\u012aGAS PASTAIGAS PRIEK\u0160NOTEIKUMI? | MyPerfectDog.lv","og_description":"V\u0112LIES AR SUNI BAUD\u012aT PASTAIGAS? V\u0112LIES, LAI SUNS NERAUJAS UN NEREA\u0122\u0112 UZ KAIRIN\u0100T\u0100JIEM? IZGL\u012aTOJO\u0160S &#038; PRAKTISKS ONLINE KURSS \u0160EIT! K\u0100DI IR SUNIM V\u0112RT\u012aGAS PASTAIGAS PRIEK\u0160NOTEIKUMI? Teksta autore: Zane Ozoli\u0146a PAREIZS APR\u012aKOJUMS Su\u0146a vesel\u012bbai visdraudz\u012bg\u0101kie ir iemaukti. Nevis kuri katri, bet tie, kas priek\u0161pus\u0113 veido burtu Y, bet, skatoties no aug\u0161as &#8211; burtu H. Tiem ir&hellip;","og_url":"https:\/\/myperfectdog.lv\/en\/izglitojosi\/sunim-vertigas-pastaigas-prieksnoteikumi\/","og_site_name":"MyPerfectDog.lv","article_modified_time":"2024-09-06T04:54:13+00:00","og_image":[{"url":"https:\/\/myperfectdog.lv\/wp-content\/uploads\/2020\/10\/MyPerfectDog-New-logo_peach_plakans.png","type":"","width":"","height":""}],"twitter_card":"summary_large_image","twitter_misc":{"Estimated reading time":"7 minutes"},"schema":{"@context":"https:\/\/schema.org","@graph":[{"@type":"WebPage","@id":"https:\/\/myperfectdog.lv\/izglitojosi\/sunim-vertigas-pastaigas-prieksnoteikumi\/","url":"https:\/\/myperfectdog.lv\/izglitojosi\/sunim-vertigas-pastaigas-prieksnoteikumi\/","name":"K\u0100DI IR SUNIM V\u0112RT\u012aGAS PASTAIGAS PRIEK\u0160NOTEIKUMI? | MyPerfectDog.lv","isPartOf":{"@id":"https:\/\/myperfectdog.lv\/#website"},"primaryImageOfPage":{"@id":"https:\/\/myperfectdog.lv\/izglitojosi\/sunim-vertigas-pastaigas-prieksnoteikumi\/#primaryimage"},"image":{"@id":"https:\/\/myperfectdog.lv\/izglitojosi\/sunim-vertigas-pastaigas-prieksnoteikumi\/#primaryimage"},"thumbnailUrl":"https:\/\/myperfectdog.lv\/wp-content\/uploads\/2020\/10\/MyPerfectDog-New-logo_peach_plakans.png","datePublished":"2021-01-22T06:37:36+00:00","dateModified":"2024-09-06T04:54:13+00:00","breadcrumb":{"@id":"https:\/\/myperfectdog.lv\/izglitojosi\/sunim-vertigas-pastaigas-prieksnoteikumi\/#breadcrumb"},"inLanguage":"en-GB","potentialAction":[{"@type":"ReadAction","target":["https:\/\/myperfectdog.lv\/izglitojosi\/sunim-vertigas-pastaigas-prieksnoteikumi\/"]}]},{"@type":"ImageObject","inLanguage":"en-GB","@id":"https:\/\/myperfectdog.lv\/izglitojosi\/sunim-vertigas-pastaigas-prieksnoteikumi\/#primaryimage","url":"https:\/\/myperfectdog.lv\/wp-content\/uploads\/2020\/10\/MyPerfectDog-New-logo_peach_plakans.png","contentUrl":"https:\/\/myperfectdog.lv\/wp-content\/uploads\/2020\/10\/MyPerfectDog-New-logo_peach_plakans.png"},{"@type":"BreadcrumbList","@id":"https:\/\/myperfectdog.lv\/izglitojosi\/sunim-vertigas-pastaigas-prieksnoteikumi\/#breadcrumb","itemListElement":[{"@type":"ListItem","position":1,"name":"Home","item":"https:\/\/myperfectdog.lv\/"},{"@type":"ListItem","position":2,"name":"Izgl\u012btojo\u0161i materi\u0101li","item":"https:\/\/myperfectdog.lv\/izglitojosi\/"},{"@type":"ListItem","position":3,"name":"K\u0100DI IR SUNIM V\u0112RT\u012aGAS PASTAIGAS PRIEK\u0160NOTEIKUMI?"}]},{"@type":"WebSite","@id":"https:\/\/myperfectdog.lv\/#website","url":"https:\/\/myperfectdog.lv\/","name":"MyPerfectDog.lv","description":"Su\u0146u un saimnieku skola","publisher":{"@id":"https:\/\/myperfectdog.lv\/#organization"},"potentialAction":[{"@type":"SearchAction","target":{"@type":"EntryPoint","urlTemplate":"https:\/\/myperfectdog.lv\/?s={search_term_string}"},"query-input":{"@type":"PropertyValueSpecification","valueRequired":true,"valueName":"search_term_string"}}],"inLanguage":"en-GB"},{"@type":"Organization","@id":"https:\/\/myperfectdog.lv\/#organization","name":"Su\u0146u & saimnieku skola \"My Perfect Dog\"","url":"https:\/\/myperfectdog.lv\/","logo":{"@type":"ImageObject","inLanguage":"en-GB","@id":"https:\/\/myperfectdog.lv\/#\/schema\/logo\/image\/","url":"https:\/\/myperfectdog.lv\/wp-content\/uploads\/2020\/10\/MyPerfectDog-New-logo_peach_plakans.png","contentUrl":"https:\/\/myperfectdog.lv\/wp-content\/uploads\/2020\/10\/MyPerfectDog-New-logo_peach_plakans.png","width":1200,"height":636,"caption":"Su\u0146u & saimnieku skola \"My Perfect Dog\""},"image":{"@id":"https:\/\/myperfectdog.lv\/#\/schema\/logo\/image\/"}}]}},"jetpack_sharing_enabled":true,"_links":{"self":[{"href":"https:\/\/myperfectdog.lv\/en\/wp-json\/wp\/v2\/pages\/2885","targetHints":{"allow":["GET"]}}],"collection":[{"href":"https:\/\/myperfectdog.lv\/en\/wp-json\/wp\/v2\/pages"}],"about":[{"href":"https:\/\/myperfectdog.lv\/en\/wp-json\/wp\/v2\/types\/page"}],"author":[{"embeddable":true,"href":"https:\/\/myperfectdog.lv\/en\/wp-json\/wp\/v2\/users\/1"}],"replies":[{"embeddable":true,"href":"https:\/\/myperfectdog.lv\/en\/wp-json\/wp\/v2\/comments?post=2885"}],"version-history":[{"count":0,"href":"https:\/\/myperfectdog.lv\/en\/wp-json\/wp\/v2\/pages\/2885\/revisions"}],"up":[{"embeddable":true,"href":"https:\/\/myperfectdog.lv\/en\/wp-json\/wp\/v2\/pages\/2210"}],"wp:attachment":[{"href":"https:\/\/myperfectdog.lv\/en\/wp-json\/wp\/v2\/media?parent=2885"}],"curies":[{"name":"wp","href":"https:\/\/api.w.org\/{rel}","templated":true}]}}