{"id":2945,"date":"2021-04-21T15:46:05","date_gmt":"2021-04-21T13:46:05","guid":{"rendered":"https:\/\/myperfectdog.lv\/?page_id=2945"},"modified":"2024-10-04T13:59:04","modified_gmt":"2024-10-04T11:59:04","slug":"paris-butiski-fakti-par-agresiju-sunos","status":"publish","type":"page","link":"https:\/\/myperfectdog.lv\/en\/izglitojosi\/paris-butiski-fakti-par-agresiju-sunos\/","title":{"rendered":"P\u0101ris b\u016btiski fakti par agresiju su\u0146os"},"content":{"rendered":"<a href=\"https:\/\/myperfectdog.lv\/en\/\" target=\"_self\" itemprop=\"url\" rel=\"noopener\">\n\t\t\t\t<img decoding=\"async\" src=\"https:\/\/myperfectdog.lv\/wp-content\/uploads\/2020\/10\/MyPerfectDog-New-logo_peach_plakans.png\" alt=\"MyPerfectDog-New-logo_peach_plakans\" itemprop=\"image\" title=\"MyPerfectDog-New-logo_peach_plakans\" onerror=\"this.style.display='none'\"  \/>\n\t\t\t\t<\/a>\n\t\t\t\t<img decoding=\"async\" src=\"https:\/\/myperfectdog.lv\/wp-content\/uploads\/2021\/04\/david-taffet-5gXPapBz40c-unsplash.jpg\" alt=\"agres\u012bvs suns\" itemprop=\"image\" title=\"agres\u012bvs suns\" onerror=\"this.style.display='none'\"  \/>\n<h2>\n\t\tP\u0101ris b\u016btiski fakti par agresiju su\u0146os\n\t<\/h2>\n<h4>\n\t\tKas ir agresija? K\u0101di ir t\u0101s veidi? \n\t<\/h4>\n\t<p>Agresija ir iek\u0161\u0113ja saj\u016bta, ko izraisa \u0101r\u0113ji stimuli vai pr\u0101t\u0101 atausu\u0161as atmi\u0146as, kas raisa domas par uzbrukumu vai re\u0101lu &#8211; \u012bstenotu uzbrukumu.<\/p>\n<h4>\n\t\tVai agresija ir da\u013ca no norm\u0101las su\u0146a uzved\u012bbas?\n\t<\/h4>\n\t<p>J\u0101, agresija ir da\u013ca no su\u0146a norm\u0101las uzved\u012bbas. Agresija ir dabiska su\u0146a reakcija, lai vai nu vi\u0146\u0161 aizsarg\u0101tu sevi, savu teritoriju vai resursu, vai ar\u012b, lai nomed\u012btu med\u012bjumu.<\/p>\n<h4>\n\t\tAgresija tiek iedal\u012bta div\u0101s kategorij\u0101s:\n\t<\/h4>\n\t<strong>1.<\/strong> Impuls\u012bva jeb afekt\u012bva agresija, kas rodas d\u0113\u013c konkr\u0113taj\u0101 br\u012bd\u012b izjustaj\u0101m emocij\u0101m.<br \/>\n<strong>2.<\/strong>\u00a0Instrument\u0101l\u0101 agresija, kas ir da\u013ca no iepl\u0101notas strat\u0113\u0123ijas, lai pan\u0101ktu k\u0101du rezult\u0101tu, piem\u0113ram, agresija, lai nomed\u012btu med\u012bjumu VAI iem\u0101c\u012bta uzved\u012bba, lai aizdz\u012btu iesp\u0113jamo apdraud\u0113jumu prom no sevis, savas teritorijas vai resursa.\n<h4>\n\t\tNereti agresiju su\u0146i izr\u0101da zem\u0101kmin\u0113to faktoru d\u0113\u013c:\n\t<\/h4>\n\t1. Bailes<br \/>\n2. M\u0101tes un t\u0113va instinkts<br \/>\n3. \u0112diena sarg\u0101\u0161ana<br \/>\n4. Citu resursu sarg\u0101\u0161ana<br \/>\n5. Teritorijas sarg\u0101\u0161ana<br \/>\n6. S\u0101pes<br \/>\n7. Epilepsijas l\u0113kmju iespaid\u0101<br \/>\n8. Med\u012bbu instinkts<br \/>\n9. Iem\u0101c\u012bta uzved\u012bba<br \/>\n10. P\u0101rvirz\u012bta agresija\n\t<p>Apkopojot \u0161os punktus var secin\u0101t:<\/p>\n<p><strong>1.<\/strong>\u00a0pirmie 5 punkti veido vienu no galvenajiem iemesliem, k\u0101p\u0113c su\u0146i m\u0113dz izr\u0101d\u012bt un k\u013c\u016bt agres\u012bvi: <strong>tas ir STRESS!<\/strong> Stress, kas rodas no bail\u0113m, no t\u0101, ka gribas pasarg\u0101t savu mazu\u013cus, stress par to, ka j\u0101sarg\u0101 \u0113diens vai cits v\u0113rt\u012bgs resurss, vai sava teritorija.<\/p>\n<p><strong>2.<\/strong>\u00a0iemesls, k\u0101p\u0113c su\u0146i m\u0113dz k\u013c\u016bt agres\u00eevi, ir saprotams p\u0113c 6.un 7. punkta &#8211; <strong>VESEL\u012aBAS PROBL\u0112MU d\u0113\u013c<\/strong>! Ja suns nej\u016bt\u0101s fiziski vesels, ja vi\u0146am kaut kas s\u0101p vai ir k\u0101da cita veida vesel\u012bbas probl\u0113ma, vai kaut vai \u0161\u012bs piemin\u0113t\u0101s epilepsijas l\u0113kmes, tad to iespaid\u0101 suns var r\u012bkoties agres\u012bvi apzin\u00e0ti, lai sevi pasarg\u0101tu jau laic\u012bgi, jo zina, ka nav fiziski gatavs to dar\u012bt, ja k\u0101ds vi\u0146am pirmais uzbruks, k\u0101 ar\u012b neapzin\u0101ti &#8211; afekta st\u0101vokl\u012b, ko rada konkr\u0113t\u0101 vesel\u012bbas probl\u0113ma, piem\u0113ram &#8211; l\u0113kme.<\/p>\n<p><strong>3. <\/strong>Dabiskais<strong> MED\u012aBU INSTINKTS<\/strong> ir v\u0113l viens iemesls, k\u0101p\u0113c su\u0146i m\u0113dz k\u013cut agres\u012bvi un uzbrukt, protams, \u0161\u012b agresija l\u012bdz ar to tiek izr\u0101d\u012bta pret med\u012bjamo dz\u012bvnieku.<\/p>\n<strong>4. <\/strong>Agresija<strong> var b\u016bt iem\u0101c\u012bta darb\u012bba.<\/strong><br \/>\nJa suns ir k\u0101d\u0101 konkr\u0113t\u0101 situ\u0101cij\u0101, piem\u0113ram, juties apdraud\u0113ts, nobijies un ir ar savu <a href=\"https:\/\/myperfectdog.lv\/en\/product\/izglitojoss-vebinars-2-dala\/\">\u0137erme\u0146a valodu<\/a> komunic\u0113jis, ka v\u0113las, lai situ\u0101cija beidzas, ta\u010du t\u0101 tik un t\u0101 turpin\u0101s,- suns uzbr\u016bk, lai \u0101tr\u0101k non\u0101ktu dro\u0161\u012bb\u0101. Un kad tas ir nostr\u0101d\u0101jis, suns iem\u0101c\u0101s, ka citi vi\u0146a raid\u012btie <a href=\"https:\/\/myperfectdog.lv\/en\/product\/izglitojoss-vebinars-2-dala\/\">\u0137erme\u0146a valodas<\/a> &#8211; komunik\u0101cijas sign\u0101li netika \u0146emti v\u0113r\u0101, ta\u010du agresija gan &#8211; kas noz\u012bm\u0113, ka vienm\u0113r non\u0101kot \u0161\u0101da veida situ\u0101cij\u0101, lai tiktu no t\u0101s va\u013c\u0101 uz dro\u0161\u012bbu &#8211; ir j\u0101uzbr\u016bk!\n<strong>5.<\/strong>\u00a0<strong>Agresija var b\u016bt P\u0100RVIRZ\u012aTA! <\/strong><br \/>\nKo tas noz\u012bm\u0113?<br \/>\nTas noz\u012bm\u0113, ka suns agresiju izr\u0101da pret k\u0101du, kam nav nek\u0101das saist\u012bbas ar konkr\u0113to situ\u0101ciju, kas likusi sunim agresijas emocijas sajust un v\u0113l\u0113ties izr\u0101d\u012bt pirm\u0101mk\u0101rt\u0101m. Piem\u0113ram, situ\u0101ciju, kas bie\u017ei m\u0113dz b\u016bt iemesls p\u0101rvirz\u012btajai agresijai &#8211; pastaigas laik\u0101 saimnieks soda suni, k\u0101rt\u012bgi sabarot vi\u0146u &#8211; suns ir stres\u0101, \u0161o stresa sign\u0101lus izr\u0101da saimniekam, bet agresiju baid\u0101s izr\u0101d\u012bt pret saimnieku, lai neb\u016btu v\u0113l slikt\u0101ks izn\u0101kums, l\u012bdz ar to suns uzmetas virs\u016b n\u0101kamajam pret\u012bmn\u0101ko\u0161ajam sunim&#8230; l\u016bk, v\u0113l viens iemesls, k\u0101p\u0113c sod\u012bt su\u0146us ne emocion\u0101li, kur nu v\u0113l fiziski &#8211; NEVAJAG!\n\t\t\t\t<img decoding=\"async\" src=\"https:\/\/myperfectdog.lv\/wp-content\/uploads\/2021\/04\/nick-bolton-bbiDkAEmC9s-unsplash-scaled.jpg\" alt=\"agres\u012bvs suns\" itemprop=\"image\" title=\"agres\u012bvs suns\" onerror=\"this.style.display='none'\"  \/>\n\t\t\t\t<img decoding=\"async\" src=\"https:\/\/myperfectdog.lv\/wp-content\/uploads\/2020\/10\/MyPerfectDog-New-logo_peach_plakans.png\" alt=\"MyPerfectDog-New-logo_peach_plakans\" itemprop=\"image\" title=\"MyPerfectDog-New-logo_peach_plakans\" onerror=\"this.style.display='none'\"  \/>\n<h3>\n\t\tP\u0101ris b\u016btiski fakti par agresiju su\u0146os\n\t<\/h3>\n<h4>\n\t\tKas ir agresija? K\u0101di ir t\u0101s veidi? \n\t<\/h4>\n\t<p>Agresija ir iek\u0161\u0113ja saj\u016bta, ko izraisa \u0101r\u0113ji stimuli vai pr\u0101t\u0101 atausu\u0161as atmi\u0146as, kas raisa domas par uzbrukumu vai re\u0101lu &#8211; \u012bstenotu uzbrukumu.<\/p>\n\t\t\t\t<img decoding=\"async\" src=\"https:\/\/myperfectdog.lv\/wp-content\/uploads\/2021\/04\/david-taffet-5gXPapBz40c-unsplash.jpg\" alt=\"agres\u012bvs suns\" itemprop=\"image\" title=\"agres\u012bvs suns\" onerror=\"this.style.display='none'\"  \/>\n<h4>\n\t\tVai agresija ir da\u013ca no norm\u0101las su\u0146a uzved\u012bbas?\n\t<\/h4>\n\t<p>J\u0101, agresija ir da\u013ca no su\u0146a norm\u0101las uzved\u012bbas. Agresija ir dabiska su\u0146a reakcija, lai vai nu vi\u0146\u0161 aizsarg\u0101tu sevi, savu teritoriju vai resursu, vai ar\u012b, lai nomed\u012btu med\u012bjumu.<\/p>\n<h4>\n\t\tAgresija tiek iedal\u012bta div\u0101s kategorij\u0101s:\n\t<\/h4>\n\t<strong>1.<\/strong>\u00a0Impuls\u012bva jeb afekt\u012bva agresija, kas rodas d\u0113\u013c konkr\u0113taj\u0101 br\u012bd\u012b izjustaj\u0101m emocij\u0101m.<br \/>\n<strong>2.<\/strong>\u00a0Instrument\u0101l\u0101 agresija, kas ir da\u013ca no iepl\u0101notas strat\u0113\u0123ijas, lai pan\u0101ktu k\u0101du rezult\u0101tu, piem\u0113ram, agresija, lai nomed\u012btu med\u012bjumu VAI iem\u0101c\u012bta uzved\u012bba, lai aizdz\u012btu iesp\u0113jamo apdraud\u0113jumu prom no sevis, savas teritorijas vai resursa.\n\t\t\t\t<img decoding=\"async\" src=\"https:\/\/myperfectdog.lv\/wp-content\/uploads\/2021\/04\/nick-bolton-bbiDkAEmC9s-unsplash-scaled.jpg\" alt=\"agres\u012bvs suns\" itemprop=\"image\" title=\"agres\u012bvs suns\" onerror=\"this.style.display='none'\"  \/>\n<h4>\n\t\tNereti agresiju su\u0146i izr\u0101da zem\u0101kmin\u0113to faktoru d\u0113\u013c:\n\t<\/h4>\n\t1. Bailes<br \/>\n2. M\u0101tes un t\u0113va instinkts<br \/>\n3. \u0112diena sarg\u0101\u0161ana<br \/>\n4. Citu resursu sarg\u0101\u0161ana<br \/>\n5. Teritorijas sarg\u0101\u0161ana<br \/>\n6. S\u0101pes<br \/>\n7. Epilepsijas l\u0113kmju iespaid\u0101<br \/>\n8. Med\u012bbu instinkts<br \/>\n9. Iem\u0101c\u012bta uzved\u012bba<br \/>\n10. P\u0101rvirz\u012bta agresija\n\t<p>Apkopojot \u0161os punktus var secin\u0101t:<\/p>\n<p><strong>1.<\/strong>\u00a0pirmie 5 punkti veido vienu no galvenajiem iemesliem, k\u0101p\u0113c su\u0146i m\u0113dz izr\u0101d\u012bt un k\u013c\u016bt agres\u012bvi: <strong>tas ir STRESS!<\/strong> Stress, kas rodas no bail\u0113m, no t\u0101, ka gribas pasarg\u0101t savu mazu\u013cus, stress par to, ka j\u0101sarg\u0101 \u0113diens vai cits v\u0113rt\u012bgs resurss, vai sava teritorija.<\/p>\n<p><strong>2.<\/strong>\u00a0iemesls, k\u0101p\u0113c su\u0146i m\u0113dz k\u013c\u016bt agres\u00eevi, ir saprotams p\u0113c 6.un 7. punkta &#8211; <strong>VESEL\u012aBAS PROBL\u0112MU d\u0113\u013c<\/strong>! Ja suns nej\u016bt\u0101s fiziski vesels, ja vi\u0146am kaut kas s\u0101p vai ir k\u0101da cita veida vesel\u012bbas probl\u0113ma, vai kaut vai \u0161\u012bs piemin\u0113t\u0101s epilepsijas l\u0113kmes, tad to iespaid\u0101 suns var r\u012bkoties agres\u012bvi apzin\u00e0ti, lai sevi pasarg\u0101tu jau laic\u012bgi, jo zina, ka nav fiziski gatavs to dar\u012bt, ja k\u0101ds vi\u0146am pirmais uzbruks, k\u0101 ar\u012b neapzin\u0101ti &#8211; afekta st\u0101vokl\u012b, ko rada konkr\u0113t\u0101 vesel\u012bbas probl\u0113ma, piem\u0113ram &#8211; l\u0113kme.<\/p>\n<p><strong>3.<\/strong>\u00a0<strong>Dabiskais MED\u012aBU INSTINKTS<\/strong> ir v\u0113l viens iemesls, k\u0101p\u0113c su\u0146i m\u0113dz k\u013cut agres\u012bvi un uzbrukt, protams, \u0161\u012b agresija l\u012bdz ar to tiek izr\u0101d\u012bta pret med\u012bjamo dz\u012bvnieku.<\/p>\n<strong>4.<\/strong>\u00a0<strong>Agresija var b\u016bt iem\u0101c\u012bta darb\u012bba.<\/strong><br \/>\nJa suns ir k\u0101d\u0101 konkr\u0113t\u0101 situ\u0101cij\u0101, piem\u0113ram, juties apdraud\u0113ts, nobijies un ir ar savu \u0137erme\u0146a valodu komunic\u0113jis, ka v\u0113las, lai situ\u0101cija beidzas, ta\u010du t\u0101 tik un t\u0101 turpin\u0101s,- suns uzbr\u016bk, lai \u0101tr\u0101k non\u0101ktu dro\u0161\u012bb\u0101. Un kad tas ir nostr\u0101d\u0101jis, suns iem\u0101c\u0101s, ka citi vi\u0146a raid\u012btie \u0137erme\u0146a valodas &#8211; komunik\u0101cijas sign\u0101li netika \u0146emti v\u0113r\u0101, ta\u010du agresija gan &#8211; kas noz\u012bm\u0113, ka vienm\u0113r non\u0101kot \u0161\u0101da veida situ\u0101cij\u0101, lai tiktu no t\u0101s va\u013c\u0101 uz dro\u0161\u012bbu &#8211; ir j\u0101uzbr\u016bk!\n<strong>5.<\/strong>\u00a0<strong>Agresija var b\u016bt P\u0100RVIRZ\u012aTA! <\/strong><br \/>\nKo tas noz\u012bm\u0113?<br \/>\nTas noz\u012bm\u0113, ka suns agresiju izr\u0101da pret k\u0101du, kam nav nek\u0101das saist\u012bbas ar konkr\u0113to situ\u0101ciju, kas likusi sunim agresijas emocijas sajust un v\u0113l\u0113ties izr\u0101d\u012bt pirm\u0101mk\u0101rt\u0101m. Piem\u0113ram, situ\u0101ciju, kas bie\u017ei m\u0113dz b\u016bt iemesls p\u0101rvirz\u012btajai agresijai &#8211; pastaigas laik\u0101 saimnieks soda suni, k\u0101rt\u012bgi sabarot vi\u0146u &#8211; suns ir stres\u0101, \u0161o stresa sign\u0101lus izr\u0101da saimniekam, bet agresiju baid\u0101s izr\u0101d\u012bt pret saimnieku, lai neb\u016btu v\u0113l slikt\u0101ks izn\u0101kums, l\u012bdz ar to suns uzmetas virs\u016b n\u0101kamajam pret\u012bmn\u0101ko\u0161ajam sunim&#8230; l\u016bk, v\u0113l viens iemesls, k\u0101p\u0113c sod\u012bt su\u0146us ne emocion\u0101li, kur nu v\u0113l fiziski &#8211; NEVAJAG!\n\t<p><strong>Par &#8220;My Perfect Dog&#8221;<\/strong><\/p>\n&#8220;My Perfect Dog&#8221; ir z\u012bmols, kas reprezent\u0113 lieliskas un harmoniskas attiec\u012bbas su\u0146a un saimnieka starp\u0101, kur saimnieks ir izgl\u012btots un zino\u0161s, savuk\u0101rt suns izprasts un atbilsto\u0161i apr\u016bp\u0113ts, socializ\u0113ts un apm\u0101c\u012bts, balstoties uz pret suni \u0113tisku, dabisku un uz motiv\u0101ciju balst\u012btu apm\u0101c\u012bbu.<br \/>\n\n<p> &#8220;My Perfect Dog&#8221; pied\u0101v\u0101 su\u0146u un vi\u0146u saimnieku apm\u0101c\u012bbu, su\u0146u uzved\u012bbas konsult\u0101cijas, socializ\u0101cijas pastaigas su\u0146iem, k\u0101 ar\u012b teor\u0113tiskus un praktiskus semin\u0101rus saimniekiem.<\/p>\n\t<p><strong>Sazi\u0146ai<\/strong><\/p>\n\t+371 27993370<br \/>\nliga@myperfectdog.lv\n\t<p><strong>Seko &#8220;My Perfect Dog&#8221;<\/strong><\/p>\n<h5>\n\t\t<a href=\"https:\/\/myperfectdog.lv\/en\/privatuma-politika\/\" title=\"Priv\u0101tuma politika\" target=\"_self\" rel=\"noopener\">\n\t\tPriv\u0101tuma politika\n\t\t<\/a>\n\t<\/h5>\n\t<p><strong>Par &#8220;My Perfect Dog&#8221;<\/strong><\/p>\n&#8220;My Perfect Dog&#8221; ir z\u012bmols, kas reprezent\u0113 lieliskas un harmoniskas attiec\u012bbas su\u0146a un saimnieka starp\u0101, kur saimnieks ir izgl\u012btots un zino\u0161s, savuk\u0101rt suns izprasts un atbilsto\u0161i apr\u016bp\u0113ts, socializ\u0113ts un apm\u0101c\u012bts, balstoties uz pret suni \u0113tisku, dabisku un uz motiv\u0101ciju balst\u012btu apm\u0101c\u012bbu.<br \/>\n\n<p> &#8220;My Perfect Dog&#8221; pied\u0101v\u0101 su\u0146u un vi\u0146u saimnieku apm\u0101c\u012bbu, su\u0146u uzved\u012bbas konsult\u0101cijas, socializ\u0101cijas pastaigas su\u0146iem, k\u0101 ar\u012b teor\u0113tiskus un praktiskus semin\u0101rus saimniekiem.<\/p>\n\t<p><strong>Kategorijas<\/strong><\/p>\n<p><a href=\"https:\/\/myperfectdog.lv\/en\/internetveikals\/\">Internetveikals<\/a><\/p>\n<p><a href=\"https:\/\/myperfectdog.lv\/en\/apmacibu-piedavajums\/\">Apm\u0101c\u012bbu pied\u0101v\u0101jums<\/a><\/p>\n<p><a href=\"https:\/\/myperfectdog.lv\/en\/sunu-aukles\/\">Su\u0146u pieskat\u012b\u0161ana un pastaigas<\/a><\/p>\n<p><a href=\"https:\/\/myperfectdog.lv\/en\/izglitojosi-raksti\/\">Izgl\u012btojo\u0161i materi\u0101li<\/a><\/p>\n<p><a href=\"https:\/\/myperfectdog.lv\/en\/kontakti\/\">Kontakti<\/a><\/p>\n<p><a href=\"https:\/\/myperfectdog.lv\/en\/privatuma-politika\/\">Priv\u0101tuma politika<\/a><\/p>\n\t<p><strong>Sazi\u0146ai<\/strong><\/p>\n\t+371 27993370<br \/>\nliga@myperfectdog.lv\n\t<p><strong>Seko &#8220;My Perfect Dog&#8221;<\/strong><\/p>\n\t\t\t\t<img decoding=\"async\" src=\"https:\/\/myperfectdog.lv\/wp-content\/uploads\/2020\/09\/PDTE-Logo2-150x150.png\" alt=\"PDTE-Logo2\" itemprop=\"image\" title=\"PDTE-Logo2\" onerror=\"this.style.display='none'\"  \/>","protected":false},"excerpt":{"rendered":"<p>P\u0101ris b\u016btiski fakti par agresiju su\u0146os Kas ir agresija? K\u0101di ir t\u0101s veidi? Agresija ir iek\u0161\u0113ja saj\u016bta, ko izraisa \u0101r\u0113ji stimuli vai pr\u0101t\u0101 atausu\u0161as atmi\u0146as, kas raisa domas par uzbrukumu vai re\u0101lu &#8211; \u012bstenotu uzbrukumu. Vai agresija ir da\u013ca no norm\u0101las su\u0146a uzved\u012bbas? J\u0101, agresija ir da\u013ca no su\u0146a norm\u0101las uzved\u012bbas. Agresija ir dabiska su\u0146a&hellip;<\/p>","protected":false},"author":1,"featured_media":0,"parent":2210,"menu_order":1,"comment_status":"closed","ping_status":"closed","template":"","meta":{"footnotes":""},"class_list":["post-2945","page","type-page","status-publish","hentry"],"yoast_head":"<!-- This site is optimized with the Yoast SEO plugin v27.5 - https:\/\/yoast.com\/product\/yoast-seo-wordpress\/ -->\n<title>P\u0101ris b\u016btiski fakti par agresiju su\u0146os | MyPerfectDog.lv<\/title>\n<meta name=\"robots\" content=\"index, follow, max-snippet:-1, max-image-preview:large, max-video-preview:-1\" \/>\n<link rel=\"canonical\" href=\"https:\/\/myperfectdog.lv\/en\/izglitojosi\/paris-butiski-fakti-par-agresiju-sunos\/\" \/>\n<meta property=\"og:locale\" content=\"en_GB\" \/>\n<meta property=\"og:type\" content=\"article\" \/>\n<meta property=\"og:title\" content=\"P\u0101ris b\u016btiski fakti par agresiju su\u0146os | MyPerfectDog.lv\" \/>\n<meta property=\"og:description\" content=\"P\u0101ris b\u016btiski fakti par agresiju su\u0146os Kas ir agresija? K\u0101di ir t\u0101s veidi? Agresija ir iek\u0161\u0113ja saj\u016bta, ko izraisa \u0101r\u0113ji stimuli vai pr\u0101t\u0101 atausu\u0161as atmi\u0146as, kas raisa domas par uzbrukumu vai re\u0101lu &#8211; \u012bstenotu uzbrukumu. Vai agresija ir da\u013ca no norm\u0101las su\u0146a uzved\u012bbas? J\u0101, agresija ir da\u013ca no su\u0146a norm\u0101las uzved\u012bbas. Agresija ir dabiska su\u0146a&hellip;\" \/>\n<meta property=\"og:url\" content=\"https:\/\/myperfectdog.lv\/en\/izglitojosi\/paris-butiski-fakti-par-agresiju-sunos\/\" \/>\n<meta property=\"og:site_name\" content=\"MyPerfectDog.lv\" \/>\n<meta property=\"article:modified_time\" content=\"2024-10-04T11:59:04+00:00\" \/>\n<meta property=\"og:image\" content=\"https:\/\/myperfectdog.lv\/wp-content\/uploads\/2020\/10\/MyPerfectDog-New-logo_peach_plakans.png\" \/>\n<meta name=\"twitter:card\" content=\"summary_large_image\" \/>\n<meta name=\"twitter:label1\" content=\"Estimated reading time\" \/>\n\t<meta name=\"twitter:data1\" content=\"8 minutes\" \/>\n<script type=\"application\/ld+json\" class=\"yoast-schema-graph\">{\"@context\":\"https:\\\/\\\/schema.org\",\"@graph\":[{\"@type\":\"WebPage\",\"@id\":\"https:\\\/\\\/myperfectdog.lv\\\/izglitojosi\\\/paris-butiski-fakti-par-agresiju-sunos\\\/\",\"url\":\"https:\\\/\\\/myperfectdog.lv\\\/izglitojosi\\\/paris-butiski-fakti-par-agresiju-sunos\\\/\",\"name\":\"P\u0101ris b\u016btiski fakti par agresiju su\u0146os | MyPerfectDog.lv\",\"isPartOf\":{\"@id\":\"https:\\\/\\\/myperfectdog.lv\\\/#website\"},\"primaryImageOfPage\":{\"@id\":\"https:\\\/\\\/myperfectdog.lv\\\/izglitojosi\\\/paris-butiski-fakti-par-agresiju-sunos\\\/#primaryimage\"},\"image\":{\"@id\":\"https:\\\/\\\/myperfectdog.lv\\\/izglitojosi\\\/paris-butiski-fakti-par-agresiju-sunos\\\/#primaryimage\"},\"thumbnailUrl\":\"https:\\\/\\\/myperfectdog.lv\\\/wp-content\\\/uploads\\\/2020\\\/10\\\/MyPerfectDog-New-logo_peach_plakans.png\",\"datePublished\":\"2021-04-21T13:46:05+00:00\",\"dateModified\":\"2024-10-04T11:59:04+00:00\",\"breadcrumb\":{\"@id\":\"https:\\\/\\\/myperfectdog.lv\\\/izglitojosi\\\/paris-butiski-fakti-par-agresiju-sunos\\\/#breadcrumb\"},\"inLanguage\":\"en-GB\",\"potentialAction\":[{\"@type\":\"ReadAction\",\"target\":[\"https:\\\/\\\/myperfectdog.lv\\\/izglitojosi\\\/paris-butiski-fakti-par-agresiju-sunos\\\/\"]}]},{\"@type\":\"ImageObject\",\"inLanguage\":\"en-GB\",\"@id\":\"https:\\\/\\\/myperfectdog.lv\\\/izglitojosi\\\/paris-butiski-fakti-par-agresiju-sunos\\\/#primaryimage\",\"url\":\"https:\\\/\\\/myperfectdog.lv\\\/wp-content\\\/uploads\\\/2020\\\/10\\\/MyPerfectDog-New-logo_peach_plakans.png\",\"contentUrl\":\"https:\\\/\\\/myperfectdog.lv\\\/wp-content\\\/uploads\\\/2020\\\/10\\\/MyPerfectDog-New-logo_peach_plakans.png\"},{\"@type\":\"BreadcrumbList\",\"@id\":\"https:\\\/\\\/myperfectdog.lv\\\/izglitojosi\\\/paris-butiski-fakti-par-agresiju-sunos\\\/#breadcrumb\",\"itemListElement\":[{\"@type\":\"ListItem\",\"position\":1,\"name\":\"Home\",\"item\":\"https:\\\/\\\/myperfectdog.lv\\\/\"},{\"@type\":\"ListItem\",\"position\":2,\"name\":\"Izgl\u012btojo\u0161i materi\u0101li\",\"item\":\"https:\\\/\\\/myperfectdog.lv\\\/izglitojosi\\\/\"},{\"@type\":\"ListItem\",\"position\":3,\"name\":\"P\u0101ris b\u016btiski fakti par agresiju su\u0146os\"}]},{\"@type\":\"WebSite\",\"@id\":\"https:\\\/\\\/myperfectdog.lv\\\/#website\",\"url\":\"https:\\\/\\\/myperfectdog.lv\\\/\",\"name\":\"MyPerfectDog.lv\",\"description\":\"Su\u0146u un saimnieku skola\",\"publisher\":{\"@id\":\"https:\\\/\\\/myperfectdog.lv\\\/#organization\"},\"potentialAction\":[{\"@type\":\"SearchAction\",\"target\":{\"@type\":\"EntryPoint\",\"urlTemplate\":\"https:\\\/\\\/myperfectdog.lv\\\/?s={search_term_string}\"},\"query-input\":{\"@type\":\"PropertyValueSpecification\",\"valueRequired\":true,\"valueName\":\"search_term_string\"}}],\"inLanguage\":\"en-GB\"},{\"@type\":\"Organization\",\"@id\":\"https:\\\/\\\/myperfectdog.lv\\\/#organization\",\"name\":\"Su\u0146u & saimnieku skola \\\"My Perfect Dog\\\"\",\"url\":\"https:\\\/\\\/myperfectdog.lv\\\/\",\"logo\":{\"@type\":\"ImageObject\",\"inLanguage\":\"en-GB\",\"@id\":\"https:\\\/\\\/myperfectdog.lv\\\/#\\\/schema\\\/logo\\\/image\\\/\",\"url\":\"https:\\\/\\\/myperfectdog.lv\\\/wp-content\\\/uploads\\\/2020\\\/10\\\/MyPerfectDog-New-logo_peach_plakans.png\",\"contentUrl\":\"https:\\\/\\\/myperfectdog.lv\\\/wp-content\\\/uploads\\\/2020\\\/10\\\/MyPerfectDog-New-logo_peach_plakans.png\",\"width\":1200,\"height\":636,\"caption\":\"Su\u0146u & saimnieku skola \\\"My Perfect Dog\\\"\"},\"image\":{\"@id\":\"https:\\\/\\\/myperfectdog.lv\\\/#\\\/schema\\\/logo\\\/image\\\/\"}}]}<\/script>\n<!-- \/ Yoast SEO plugin. -->","yoast_head_json":{"title":"P\u0101ris b\u016btiski fakti par agresiju su\u0146os | MyPerfectDog.lv","robots":{"index":"index","follow":"follow","max-snippet":"max-snippet:-1","max-image-preview":"max-image-preview:large","max-video-preview":"max-video-preview:-1"},"canonical":"https:\/\/myperfectdog.lv\/en\/izglitojosi\/paris-butiski-fakti-par-agresiju-sunos\/","og_locale":"en_GB","og_type":"article","og_title":"P\u0101ris b\u016btiski fakti par agresiju su\u0146os | MyPerfectDog.lv","og_description":"P\u0101ris b\u016btiski fakti par agresiju su\u0146os Kas ir agresija? K\u0101di ir t\u0101s veidi? Agresija ir iek\u0161\u0113ja saj\u016bta, ko izraisa \u0101r\u0113ji stimuli vai pr\u0101t\u0101 atausu\u0161as atmi\u0146as, kas raisa domas par uzbrukumu vai re\u0101lu &#8211; \u012bstenotu uzbrukumu. Vai agresija ir da\u013ca no norm\u0101las su\u0146a uzved\u012bbas? J\u0101, agresija ir da\u013ca no su\u0146a norm\u0101las uzved\u012bbas. Agresija ir dabiska su\u0146a&hellip;","og_url":"https:\/\/myperfectdog.lv\/en\/izglitojosi\/paris-butiski-fakti-par-agresiju-sunos\/","og_site_name":"MyPerfectDog.lv","article_modified_time":"2024-10-04T11:59:04+00:00","og_image":[{"url":"https:\/\/myperfectdog.lv\/wp-content\/uploads\/2020\/10\/MyPerfectDog-New-logo_peach_plakans.png","type":"","width":"","height":""}],"twitter_card":"summary_large_image","twitter_misc":{"Estimated reading time":"8 minutes"},"schema":{"@context":"https:\/\/schema.org","@graph":[{"@type":"WebPage","@id":"https:\/\/myperfectdog.lv\/izglitojosi\/paris-butiski-fakti-par-agresiju-sunos\/","url":"https:\/\/myperfectdog.lv\/izglitojosi\/paris-butiski-fakti-par-agresiju-sunos\/","name":"P\u0101ris b\u016btiski fakti par agresiju su\u0146os | MyPerfectDog.lv","isPartOf":{"@id":"https:\/\/myperfectdog.lv\/#website"},"primaryImageOfPage":{"@id":"https:\/\/myperfectdog.lv\/izglitojosi\/paris-butiski-fakti-par-agresiju-sunos\/#primaryimage"},"image":{"@id":"https:\/\/myperfectdog.lv\/izglitojosi\/paris-butiski-fakti-par-agresiju-sunos\/#primaryimage"},"thumbnailUrl":"https:\/\/myperfectdog.lv\/wp-content\/uploads\/2020\/10\/MyPerfectDog-New-logo_peach_plakans.png","datePublished":"2021-04-21T13:46:05+00:00","dateModified":"2024-10-04T11:59:04+00:00","breadcrumb":{"@id":"https:\/\/myperfectdog.lv\/izglitojosi\/paris-butiski-fakti-par-agresiju-sunos\/#breadcrumb"},"inLanguage":"en-GB","potentialAction":[{"@type":"ReadAction","target":["https:\/\/myperfectdog.lv\/izglitojosi\/paris-butiski-fakti-par-agresiju-sunos\/"]}]},{"@type":"ImageObject","inLanguage":"en-GB","@id":"https:\/\/myperfectdog.lv\/izglitojosi\/paris-butiski-fakti-par-agresiju-sunos\/#primaryimage","url":"https:\/\/myperfectdog.lv\/wp-content\/uploads\/2020\/10\/MyPerfectDog-New-logo_peach_plakans.png","contentUrl":"https:\/\/myperfectdog.lv\/wp-content\/uploads\/2020\/10\/MyPerfectDog-New-logo_peach_plakans.png"},{"@type":"BreadcrumbList","@id":"https:\/\/myperfectdog.lv\/izglitojosi\/paris-butiski-fakti-par-agresiju-sunos\/#breadcrumb","itemListElement":[{"@type":"ListItem","position":1,"name":"Home","item":"https:\/\/myperfectdog.lv\/"},{"@type":"ListItem","position":2,"name":"Izgl\u012btojo\u0161i materi\u0101li","item":"https:\/\/myperfectdog.lv\/izglitojosi\/"},{"@type":"ListItem","position":3,"name":"P\u0101ris b\u016btiski fakti par agresiju su\u0146os"}]},{"@type":"WebSite","@id":"https:\/\/myperfectdog.lv\/#website","url":"https:\/\/myperfectdog.lv\/","name":"MyPerfectDog.lv","description":"Su\u0146u un saimnieku skola","publisher":{"@id":"https:\/\/myperfectdog.lv\/#organization"},"potentialAction":[{"@type":"SearchAction","target":{"@type":"EntryPoint","urlTemplate":"https:\/\/myperfectdog.lv\/?s={search_term_string}"},"query-input":{"@type":"PropertyValueSpecification","valueRequired":true,"valueName":"search_term_string"}}],"inLanguage":"en-GB"},{"@type":"Organization","@id":"https:\/\/myperfectdog.lv\/#organization","name":"Su\u0146u & saimnieku skola \"My Perfect Dog\"","url":"https:\/\/myperfectdog.lv\/","logo":{"@type":"ImageObject","inLanguage":"en-GB","@id":"https:\/\/myperfectdog.lv\/#\/schema\/logo\/image\/","url":"https:\/\/myperfectdog.lv\/wp-content\/uploads\/2020\/10\/MyPerfectDog-New-logo_peach_plakans.png","contentUrl":"https:\/\/myperfectdog.lv\/wp-content\/uploads\/2020\/10\/MyPerfectDog-New-logo_peach_plakans.png","width":1200,"height":636,"caption":"Su\u0146u & saimnieku skola \"My Perfect Dog\""},"image":{"@id":"https:\/\/myperfectdog.lv\/#\/schema\/logo\/image\/"}}]}},"jetpack_sharing_enabled":true,"_links":{"self":[{"href":"https:\/\/myperfectdog.lv\/en\/wp-json\/wp\/v2\/pages\/2945","targetHints":{"allow":["GET"]}}],"collection":[{"href":"https:\/\/myperfectdog.lv\/en\/wp-json\/wp\/v2\/pages"}],"about":[{"href":"https:\/\/myperfectdog.lv\/en\/wp-json\/wp\/v2\/types\/page"}],"author":[{"embeddable":true,"href":"https:\/\/myperfectdog.lv\/en\/wp-json\/wp\/v2\/users\/1"}],"replies":[{"embeddable":true,"href":"https:\/\/myperfectdog.lv\/en\/wp-json\/wp\/v2\/comments?post=2945"}],"version-history":[{"count":0,"href":"https:\/\/myperfectdog.lv\/en\/wp-json\/wp\/v2\/pages\/2945\/revisions"}],"up":[{"embeddable":true,"href":"https:\/\/myperfectdog.lv\/en\/wp-json\/wp\/v2\/pages\/2210"}],"wp:attachment":[{"href":"https:\/\/myperfectdog.lv\/en\/wp-json\/wp\/v2\/media?parent=2945"}],"curies":[{"name":"wp","href":"https:\/\/api.w.org\/{rel}","templated":true}]}}