{"id":2973,"date":"2021-04-26T22:15:50","date_gmt":"2021-04-26T22:15:50","guid":{"rendered":"https:\/\/myperfectdog.lv\/?page_id=2973"},"modified":"2023-11-27T23:43:43","modified_gmt":"2023-11-27T21:43:43","slug":"ieteicama-literatura","status":"publish","type":"page","link":"https:\/\/myperfectdog.lv\/en\/ieteicama-literatura\/","title":{"rendered":"Ieteicam\u0101 literat\u016bra"},"content":{"rendered":"<a href=\"https:\/\/myperfectdog.lv\/en\/\" target=\"_self\" itemprop=\"url\" rel=\"noopener\">\n\t\t\t\t<img decoding=\"async\" src=\"https:\/\/myperfectdog.lv\/wp-content\/uploads\/2020\/10\/MyPerfectDog-New-logo_peach_plakans.png\" alt=\"MyPerfectDog-New-logo_peach_plakans\" itemprop=\"image\" title=\"MyPerfectDog-New-logo_peach_plakans\" onerror=\"this.style.display='none'\"  \/>\n\t\t\t\t<\/a>\n\t\t\t\t<a href=\"https:\/\/myperfectdog.lv\/en\/\" target=\"_self\" itemprop=\"url\" rel=\"noopener\">\n\t\t\t\t<img loading=\"lazy\" decoding=\"async\" src=\"https:\/\/myperfectdog.lv\/wp-content\/uploads\/2020\/10\/MyPerfectDog-New-logo_peach_plakans.png\" alt=\"MyPerfectDog-New-logo_peach_plakans\" itemprop=\"image\" height=\"636\" width=\"1200\" title=\"MyPerfectDog-New-logo_peach_plakans\" onerror=\"this.style.display='none'\"  \/>\n\t\t\t\t<\/a>\n\tGr\u0101matas, ko iesaku izlas\u012bt, ja pl\u0101no sav\u0101 \u0123imenes apg\u0101d\u012bb\u0101 \u0146emt suni vai ar\u012b, ja Tev jau ir suns jebkur\u0101 vecum\u0101!<br \/>\n\u0160\u012bs gr\u0101matas ne tikai izgl\u012btos Tevi, pal\u012bdzot izprast su\u0146us &#8211; vi\u0146u psiholo\u0123iju, \u0137erme\u0146a valodu un emocijas &#8211; lab\u0101k, bet ar\u012b atbild\u0113s uz daudz un da\u017e\u0101diem jaut\u0101jumiem un iesp\u0113jams pat main\u012bs Tavu skat\u012bjumu uz suni k\u0101 t\u0101du.\n<p>Lai raita las\u012b\u0161ana!<\/p>\n\t\t\t\t<img loading=\"lazy\" decoding=\"async\" src=\"https:\/\/myperfectdog.lv\/wp-content\/uploads\/bb-plugin\/cache\/IMG_4384-portrait.jpg\" alt=\"On Talking Terms with Dogs: Calming Signals\" itemprop=\"image\" height=\"499\" width=\"350\" title=\"On Talking Terms with Dogs: Calming Signals\" onerror=\"this.style.display='none'\"  \/>\n<h3>On Talking Terms with Dogs: Calming Signals<\/h3>\t\t\n\t\t\t<p><em>Turid Rugaas<\/em><\/p>\n\t\t\t\t<img loading=\"lazy\" decoding=\"async\" src=\"https:\/\/myperfectdog.lv\/wp-content\/uploads\/bb-plugin\/cache\/IMG_4385-portrait.jpg\" alt=\"My Dog pulls, What do I Do??\" itemprop=\"image\" height=\"499\" width=\"328\" title=\"My Dog pulls, What do I Do??\" onerror=\"this.style.display='none'\"  \/>\n<h3>My Dog Pulls, What Do I Do?<\/h3>\t\t\n\t\t\t<p><em>Turid Rugaas<\/em><\/p>\n\t\t\t\t<img loading=\"lazy\" decoding=\"async\" src=\"https:\/\/myperfectdog.lv\/wp-content\/uploads\/bb-plugin\/cache\/IMG_4383-portrait.jpg\" alt=\"Barking The sound of a language\" itemprop=\"image\" height=\"2383\" width=\"1500\" title=\"Barking The sound of a language\" onerror=\"this.style.display='none'\"  \/>\n<h3>Barking The Sound of a Language<\/h3>\t\t\n\t\t\t<p><em>Turid Rugaas<\/em><\/p>\n\t\t\t\t<img loading=\"lazy\" decoding=\"async\" src=\"https:\/\/myperfectdog.lv\/wp-content\/uploads\/bb-plugin\/cache\/IMG_4387-portrait.jpg\" alt=\"Dominance in Dogs. Fact or Fiction?\" itemprop=\"image\" height=\"500\" width=\"333\" title=\"Dominance in Dogs. Fact or Fiction?\" onerror=\"this.style.display='none'\"  \/>\n<h3>Dominance in Dogs: Fact or Fiction?<\/h3>\t\t\n\t\t\t<p><em>Barry Eaton<\/em><\/p>\n\t\t\t\t<img loading=\"lazy\" decoding=\"async\" src=\"https:\/\/myperfectdog.lv\/wp-content\/uploads\/bb-plugin\/cache\/IMG_4388-portrait.jpg\" alt=\"Canine Confidental\" itemprop=\"image\" height=\"1280\" width=\"853\" title=\"Canine Confidental\" onerror=\"this.style.display='none'\"  \/>\n<h3>Canine Confidental: Why dogs do what they do<\/h3>\t\t\n\t\t\t<p><em>Marc Bekoff<\/em><\/p>\n\t\t\t\t<a href=\"https:\/\/myperfectdog.lv\/wp-content\/uploads\/2021\/09\/Hunting-together.jpeg\" target=\"_self\" itemprop=\"url\" rel=\"noopener\">\n\t\t\t\t<img decoding=\"async\" src=\"https:\/\/myperfectdog.lv\/wp-content\/uploads\/2021\/09\/Hunting-together.jpeg\" alt=\"Vai med\u012bbas \/ dz\u012b\u0161an\u0101s paka\u013c ir tava su\u0146a m\u012b\u013c\u0101k\u0101 aktivit\u0101te? Neboj\u0101 jautr\u012bbu - ejiet med\u012bb\u0101s kop\u0101!Visp\u0101rpie\u0146emt\u0101s-stingr\u0101s su\u0146u apm\u0101c\u012bbu pieejas apsl\u0101p\u0113 tava su\u0146a dabiskos med\u012bbu instinktus caur sodiem vai past\u0101v\u012bgu piespie\u0161anu atgriezties. \u0160\u012bs ierobe\u017eojo\u0161\u0101s apm\u0101c\u012bbu pieejas ir pret su\u0146a dabu un pret to, ko su\u0146i v\u0113las vair\u0101k par visu - doties med\u012bb\u0101s!Do\u0161an\u0101s med\u012bb\u0101s \/ dz\u012b\u0161an\u0101s paka\u013c ir vajadz\u012bba, kas padara suni laim\u012bgu!Apspiest \u0161o dabisko instinktu ir k\u0101 uzlikt v\u0101ku katlam ar v\u0101ro\u0161u \u016bdeni. Galu gal\u0101 tvaikam ir kaut kur j\u0101paliek, ta\u010du bez atbilsto\u0161as izvades var san\u0101kt \u0137\u0113p\u012bgi...T\u0101p\u0113c \u0161aj\u0101 gr\u0101mat\u0101 Tev b\u016bs iesp\u0113ja uzzin\u0101t to:Kas ir med\u012btk\u0101re?K\u0101p\u0113c su\u0146iem pat\u012bk med\u012bt?K\u0101p\u0113c \u0161o v\u0113lmi un med\u012b\u0161anas\/dz\u012b\u0161an\u0101s uzved\u012bbu ir tik gr\u016bti kontrol\u0113t un ietekm\u0113t?K\u0101 izmantojot pozit\u012bvu un uz motiv\u0101ciju balst\u012btu apm\u0101c\u012bbu pieeju, ir iesp\u0113ja uzlabot savstarp\u0113j\u0101s suns-saimnieks attiec\u012bbas un, galvenok\u0101rt, pastaigas bez pavadas, lai suns neskrietu paka\u013c jebkuram kust\u012bgam objektam?K\u0101 p\u0101rvirz\u012bt suni doties med\u012bb\u0101s kop\u0101 ar Jums nevis skriet paka\u013c stirnai me\u017e\u0101?Ja Tavam sunim pat\u012bk \u0137ert kust\u012bgus objektus un me\u017ea vai citus zv\u0113rus\/rad\u012bbas - \u0161\u012b gr\u0101mata ir dom\u0101ta tie\u0161i Tev!\" itemprop=\"image\" title=\"Hunting together\" onerror=\"this.style.display='none'\"  \/>\n\t\t\t\t<\/a>\n\t\t\t\t\t\tGr\u0101matas apraksts:\nVai med\u012bbas \/ dz\u012b\u0161an\u0101s paka\u013c ir tava su\u0146a m\u012b\u013c\u0101k\u0101 aktivit\u0101te? Neboj\u0101 jautr\u012bbu &#8211; ejiet med\u012bb\u0101s kop\u0101!\nVisp\u0101rpie\u0146emt\u0101s-stingr\u0101s su\u0146u apm\u0101c\u012bbu pieejas apsl\u0101p\u0113 tava su\u0146a dabiskos med\u012bbu instinktus caur sodiem vai past\u0101v\u012bgu piespie\u0161anu atgriezties. \u0160\u012bs ierobe\u017eojo\u0161\u0101s apm\u0101c\u012bbu pieejas ir pret su\u0146a dabu un pret to, ko su\u0146i v\u0113las vair\u0101k par visu &#8211; doties med\u012bb\u0101s!\nDo\u0161an\u0101s med\u012bb\u0101s \/ dz\u012b\u0161an\u0101s paka\u013c ir vajadz\u012bba, kas padara suni laim\u012bgu!\nApspiest \u0161o dabisko instinktu ir k\u0101 uzlikt v\u0101ku katlam ar v\u0101ro\u0161u \u016bdeni. Galu gal\u0101 tvaikam ir kaut kur j\u0101paliek, ta\u010du bez atbilsto\u0161as izvades var san\u0101kt \u0137\u0113p\u012bgi&#8230;\nT\u0101p\u0113c \u0161aj\u0101 gr\u0101mat\u0101 Tev b\u016bs iesp\u0113ja uzzin\u0101t to:\nKas ir med\u012btk\u0101re?\nK\u0101p\u0113c su\u0146iem pat\u012bk med\u012bt?\nK\u0101p\u0113c \u0161o v\u0113lmi un med\u012b\u0161anas\/dz\u012b\u0161an\u0101s uzved\u012bbu ir tik gr\u016bti kontrol\u0113t un ietekm\u0113t?\nK\u0101 izmantojot pozit\u012bvu un uz motiv\u0101ciju balst\u012btu apm\u0101c\u012bbu pieeju, ir iesp\u0113ja uzlabot savstarp\u0113j\u0101s suns-saimnieks attiec\u012bbas un, galvenok\u0101rt, pastaigas bez pavadas, lai suns neskrietu paka\u013c jebkuram kust\u012bgam objektam?\nK\u0101 p\u0101rvirz\u012bt suni doties med\u012bb\u0101s kop\u0101 ar Jums nevis skriet paka\u013c stirnai me\u017e\u0101?\nJa Tavam sunim pat\u012bk \u0137ert kust\u012bgus objektus un me\u017ea vai citus zv\u0113rus\/rad\u012bbas &#8211; \u0161\u012b gr\u0101mata ir dom\u0101ta tie\u0161i Tev!\n\t\t<h3>Hunting togther!<\/h3>\t\t\n\t\t\t<p><em>Simone Mueller<\/em><\/p>\n\t\t\t\t<img decoding=\"async\" src=\"https:\/\/myperfectdog.lv\/wp-content\/uploads\/bb-plugin\/cache\/IMG_4391-portrait.jpg\" alt=\"Understanding the silent communication of dogs\" itemprop=\"image\" title=\"Understanding the silent communication of dogs\" onerror=\"this.style.display='none'\"  \/>\n<h3>Understanding the silent communication of dogs<\/h3>\t\t\n\t\t\t<p><em>Rosie Lowry<\/em><\/p>\n\t\t\t\t<img loading=\"lazy\" decoding=\"async\" src=\"https:\/\/myperfectdog.lv\/wp-content\/uploads\/bb-plugin\/cache\/IMG_4389-portrait.jpg\" alt=\"Ethics and Ethology for a happy dog\" itemprop=\"image\" height=\"1000\" width=\"697\" title=\"Ethics and Ethology for a happy dog\" onerror=\"this.style.display='none'\"  \/>\n<h3>Ethics and Ethology for a happy dog<\/h3>\t\t\n\t\t\t<p><em>Anders Hallgren<\/em><\/p>\n\t\t\t\t<img loading=\"lazy\" decoding=\"async\" src=\"https:\/\/myperfectdog.lv\/wp-content\/uploads\/bb-plugin\/cache\/IMG_4386-portrait.jpg\" alt=\"The emotional lives of animals\" itemprop=\"image\" height=\"2560\" width=\"1593\" title=\"The emotional lives of animals\" onerror=\"this.style.display='none'\"  \/>\n<h3>The Emotional Lives of Animals<\/h3>\t\t\n\t\t\t<p><em>Marc Bekoff<\/em><\/p>\n\t\t\t\t<img loading=\"lazy\" decoding=\"async\" src=\"https:\/\/myperfectdog.lv\/wp-content\/uploads\/bb-plugin\/cache\/IMG_4390-portrait.jpg\" alt=\"Stress, anxiety and aggression in dogs\" itemprop=\"image\" height=\"1493\" width=\"1056\" title=\"Stress, anxiety and aggression in dogs\" onerror=\"this.style.display='none'\"  \/>\n<h3>Stress, Anxiety and Aggression in Dogs<\/h3>\t\t\n\t\t\t<p><em>Anders Hallgren<\/em><\/p>\n\t<p><strong>Par &#8220;My Perfect Dog&#8221;<\/strong><\/p>\n<p>&#8220;My Perfect Dog&#8221; ir z\u012bmols, kas reprezent\u0113 ikvienu suni &#8211; jo ikviens suns ir perfekts, it \u012bpa\u0161i sava m\u012b\u013c\u0101 saimnieka ac\u012bs!<\/p>\n<p>Z\u012bmols &#8220;My Perfect Dog&#8221; pied\u0101v\u0101 su\u0146u un to saimnieku apm\u0101c\u012bbu, su\u0146u uzved\u012bbas konsult\u0101cijas, semin\u0101rus saimniekiem, k\u0101 ar\u012b su\u0146u pieskat\u012b\u0161anas pakalpojumus, ja dodaties atva\u013cin\u0101jum\u0101 un Jums j\u016bsu m\u012bluli nav kam atst\u0101t uz pien\u0101c\u012bgu apr\u016bpi.<\/p>\n\t<p><strong>Kategorijas<\/strong><\/p>\n<p><a href=\"https:\/\/myperfectdog.lv\/en\/apmacibu-piedavajums\/\">Apm\u0101c\u012bbu pied\u0101v\u0101jums<\/a><\/p>\n<p><a href=\"hhttps:\/\/myperfectdog.lv\/izglitojosi-raksti\/\">Izgl\u012btojo\u0161i materi\u0101li<\/a><\/p>\n<p><a href=\"https:\/\/myperfectdog.lv\/en\/kontakti\/\">Kontakti<\/a><\/p>\n<p><a href=\"https:\/\/myperfectdog.lv\/en\/manifests\/\">M\u016aSU MANIFESTS<\/a><\/p>\n\t<p><strong>Sazi\u0146ai<\/strong><\/p>\n<p>Su\u0146u apm\u0101c\u012bbas treneres &amp; uzved\u012bbas speci\u0101listes L\u012bgas tel.nr. <\/p>\n<p>+371 26488490<\/p>\n\t<p><strong>Seko &#8220;My Perfect Dog&#8221;<\/strong><\/p>","protected":false},"excerpt":{"rendered":"<p>Gr\u0101matas, ko iesaku izlas\u012bt, ja pl\u0101no sav\u0101 \u0123imenes apg\u0101d\u012bb\u0101 \u0146emt suni vai ar\u012b, ja Tev jau ir suns jebkur\u0101 vecum\u0101! \u0160\u012bs gr\u0101matas ne tikai izgl\u012btos Tevi, pal\u012bdzot izprast su\u0146us &#8211; vi\u0146u psiholo\u0123iju, \u0137erme\u0146a valodu un emocijas &#8211; lab\u0101k, bet ar\u012b atbild\u0113s uz daudz un da\u017e\u0101diem jaut\u0101jumiem un iesp\u0113jams pat main\u012bs Tavu skat\u012bjumu uz suni k\u0101&hellip;<\/p>","protected":false},"author":1,"featured_media":0,"parent":0,"menu_order":0,"comment_status":"closed","ping_status":"closed","template":"","meta":{"footnotes":""},"class_list":["post-2973","page","type-page","status-publish","hentry"],"yoast_head":"<!-- This site is optimized with the Yoast SEO plugin v27.5 - https:\/\/yoast.com\/product\/yoast-seo-wordpress\/ -->\n<title>Ieteicam\u0101 literat\u016bra | MyPerfectDog.lv<\/title>\n<meta name=\"robots\" content=\"index, follow, max-snippet:-1, max-image-preview:large, max-video-preview:-1\" \/>\n<link rel=\"canonical\" href=\"https:\/\/myperfectdog.lv\/en\/ieteicama-literatura\/\" \/>\n<meta property=\"og:locale\" content=\"en_GB\" \/>\n<meta property=\"og:type\" content=\"article\" \/>\n<meta property=\"og:title\" content=\"Ieteicam\u0101 literat\u016bra | MyPerfectDog.lv\" \/>\n<meta property=\"og:description\" content=\"Gr\u0101matas, ko iesaku izlas\u012bt, ja pl\u0101no sav\u0101 \u0123imenes apg\u0101d\u012bb\u0101 \u0146emt suni vai ar\u012b, ja Tev jau ir suns jebkur\u0101 vecum\u0101! \u0160\u012bs gr\u0101matas ne tikai izgl\u012btos Tevi, pal\u012bdzot izprast su\u0146us &#8211; vi\u0146u psiholo\u0123iju, \u0137erme\u0146a valodu un emocijas &#8211; lab\u0101k, bet ar\u012b atbild\u0113s uz daudz un da\u017e\u0101diem jaut\u0101jumiem un iesp\u0113jams pat main\u012bs Tavu skat\u012bjumu uz suni k\u0101&hellip;\" \/>\n<meta property=\"og:url\" content=\"https:\/\/myperfectdog.lv\/en\/ieteicama-literatura\/\" \/>\n<meta property=\"og:site_name\" content=\"MyPerfectDog.lv\" \/>\n<meta property=\"article:modified_time\" content=\"2023-11-27T21:43:43+00:00\" \/>\n<meta property=\"og:image\" content=\"https:\/\/myperfectdog.lv\/wp-content\/uploads\/2020\/10\/MyPerfectDog-New-logo_peach_plakans.png\" \/>\n<meta name=\"twitter:card\" content=\"summary_large_image\" \/>\n<meta name=\"twitter:label1\" content=\"Estimated reading time\" \/>\n\t<meta name=\"twitter:data1\" content=\"3 minutes\" \/>\n<script type=\"application\/ld+json\" class=\"yoast-schema-graph\">{\"@context\":\"https:\\\/\\\/schema.org\",\"@graph\":[{\"@type\":\"WebPage\",\"@id\":\"https:\\\/\\\/myperfectdog.lv\\\/ieteicama-literatura\\\/\",\"url\":\"https:\\\/\\\/myperfectdog.lv\\\/ieteicama-literatura\\\/\",\"name\":\"Ieteicam\u0101 literat\u016bra | MyPerfectDog.lv\",\"isPartOf\":{\"@id\":\"https:\\\/\\\/myperfectdog.lv\\\/#website\"},\"primaryImageOfPage\":{\"@id\":\"https:\\\/\\\/myperfectdog.lv\\\/ieteicama-literatura\\\/#primaryimage\"},\"image\":{\"@id\":\"https:\\\/\\\/myperfectdog.lv\\\/ieteicama-literatura\\\/#primaryimage\"},\"thumbnailUrl\":\"https:\\\/\\\/myperfectdog.lv\\\/wp-content\\\/uploads\\\/2020\\\/10\\\/MyPerfectDog-New-logo_peach_plakans.png\",\"datePublished\":\"2021-04-26T22:15:50+00:00\",\"dateModified\":\"2023-11-27T21:43:43+00:00\",\"breadcrumb\":{\"@id\":\"https:\\\/\\\/myperfectdog.lv\\\/ieteicama-literatura\\\/#breadcrumb\"},\"inLanguage\":\"en-GB\",\"potentialAction\":[{\"@type\":\"ReadAction\",\"target\":[\"https:\\\/\\\/myperfectdog.lv\\\/ieteicama-literatura\\\/\"]}]},{\"@type\":\"ImageObject\",\"inLanguage\":\"en-GB\",\"@id\":\"https:\\\/\\\/myperfectdog.lv\\\/ieteicama-literatura\\\/#primaryimage\",\"url\":\"https:\\\/\\\/myperfectdog.lv\\\/wp-content\\\/uploads\\\/2020\\\/10\\\/MyPerfectDog-New-logo_peach_plakans.png\",\"contentUrl\":\"https:\\\/\\\/myperfectdog.lv\\\/wp-content\\\/uploads\\\/2020\\\/10\\\/MyPerfectDog-New-logo_peach_plakans.png\"},{\"@type\":\"BreadcrumbList\",\"@id\":\"https:\\\/\\\/myperfectdog.lv\\\/ieteicama-literatura\\\/#breadcrumb\",\"itemListElement\":[{\"@type\":\"ListItem\",\"position\":1,\"name\":\"Home\",\"item\":\"https:\\\/\\\/myperfectdog.lv\\\/\"},{\"@type\":\"ListItem\",\"position\":2,\"name\":\"Ieteicam\u0101 literat\u016bra\"}]},{\"@type\":\"WebSite\",\"@id\":\"https:\\\/\\\/myperfectdog.lv\\\/#website\",\"url\":\"https:\\\/\\\/myperfectdog.lv\\\/\",\"name\":\"MyPerfectDog.lv\",\"description\":\"Su\u0146u un saimnieku skola\",\"publisher\":{\"@id\":\"https:\\\/\\\/myperfectdog.lv\\\/#organization\"},\"potentialAction\":[{\"@type\":\"SearchAction\",\"target\":{\"@type\":\"EntryPoint\",\"urlTemplate\":\"https:\\\/\\\/myperfectdog.lv\\\/?s={search_term_string}\"},\"query-input\":{\"@type\":\"PropertyValueSpecification\",\"valueRequired\":true,\"valueName\":\"search_term_string\"}}],\"inLanguage\":\"en-GB\"},{\"@type\":\"Organization\",\"@id\":\"https:\\\/\\\/myperfectdog.lv\\\/#organization\",\"name\":\"Su\u0146u & saimnieku skola \\\"My Perfect Dog\\\"\",\"url\":\"https:\\\/\\\/myperfectdog.lv\\\/\",\"logo\":{\"@type\":\"ImageObject\",\"inLanguage\":\"en-GB\",\"@id\":\"https:\\\/\\\/myperfectdog.lv\\\/#\\\/schema\\\/logo\\\/image\\\/\",\"url\":\"https:\\\/\\\/myperfectdog.lv\\\/wp-content\\\/uploads\\\/2020\\\/10\\\/MyPerfectDog-New-logo_peach_plakans.png\",\"contentUrl\":\"https:\\\/\\\/myperfectdog.lv\\\/wp-content\\\/uploads\\\/2020\\\/10\\\/MyPerfectDog-New-logo_peach_plakans.png\",\"width\":1200,\"height\":636,\"caption\":\"Su\u0146u & saimnieku skola \\\"My Perfect Dog\\\"\"},\"image\":{\"@id\":\"https:\\\/\\\/myperfectdog.lv\\\/#\\\/schema\\\/logo\\\/image\\\/\"}}]}<\/script>\n<!-- \/ Yoast SEO plugin. -->","yoast_head_json":{"title":"Ieteicam\u0101 literat\u016bra | MyPerfectDog.lv","robots":{"index":"index","follow":"follow","max-snippet":"max-snippet:-1","max-image-preview":"max-image-preview:large","max-video-preview":"max-video-preview:-1"},"canonical":"https:\/\/myperfectdog.lv\/en\/ieteicama-literatura\/","og_locale":"en_GB","og_type":"article","og_title":"Ieteicam\u0101 literat\u016bra | MyPerfectDog.lv","og_description":"Gr\u0101matas, ko iesaku izlas\u012bt, ja pl\u0101no sav\u0101 \u0123imenes apg\u0101d\u012bb\u0101 \u0146emt suni vai ar\u012b, ja Tev jau ir suns jebkur\u0101 vecum\u0101! \u0160\u012bs gr\u0101matas ne tikai izgl\u012btos Tevi, pal\u012bdzot izprast su\u0146us &#8211; vi\u0146u psiholo\u0123iju, \u0137erme\u0146a valodu un emocijas &#8211; lab\u0101k, bet ar\u012b atbild\u0113s uz daudz un da\u017e\u0101diem jaut\u0101jumiem un iesp\u0113jams pat main\u012bs Tavu skat\u012bjumu uz suni k\u0101&hellip;","og_url":"https:\/\/myperfectdog.lv\/en\/ieteicama-literatura\/","og_site_name":"MyPerfectDog.lv","article_modified_time":"2023-11-27T21:43:43+00:00","og_image":[{"url":"https:\/\/myperfectdog.lv\/wp-content\/uploads\/2020\/10\/MyPerfectDog-New-logo_peach_plakans.png","type":"","width":"","height":""}],"twitter_card":"summary_large_image","twitter_misc":{"Estimated reading time":"3 minutes"},"schema":{"@context":"https:\/\/schema.org","@graph":[{"@type":"WebPage","@id":"https:\/\/myperfectdog.lv\/ieteicama-literatura\/","url":"https:\/\/myperfectdog.lv\/ieteicama-literatura\/","name":"Ieteicam\u0101 literat\u016bra | MyPerfectDog.lv","isPartOf":{"@id":"https:\/\/myperfectdog.lv\/#website"},"primaryImageOfPage":{"@id":"https:\/\/myperfectdog.lv\/ieteicama-literatura\/#primaryimage"},"image":{"@id":"https:\/\/myperfectdog.lv\/ieteicama-literatura\/#primaryimage"},"thumbnailUrl":"https:\/\/myperfectdog.lv\/wp-content\/uploads\/2020\/10\/MyPerfectDog-New-logo_peach_plakans.png","datePublished":"2021-04-26T22:15:50+00:00","dateModified":"2023-11-27T21:43:43+00:00","breadcrumb":{"@id":"https:\/\/myperfectdog.lv\/ieteicama-literatura\/#breadcrumb"},"inLanguage":"en-GB","potentialAction":[{"@type":"ReadAction","target":["https:\/\/myperfectdog.lv\/ieteicama-literatura\/"]}]},{"@type":"ImageObject","inLanguage":"en-GB","@id":"https:\/\/myperfectdog.lv\/ieteicama-literatura\/#primaryimage","url":"https:\/\/myperfectdog.lv\/wp-content\/uploads\/2020\/10\/MyPerfectDog-New-logo_peach_plakans.png","contentUrl":"https:\/\/myperfectdog.lv\/wp-content\/uploads\/2020\/10\/MyPerfectDog-New-logo_peach_plakans.png"},{"@type":"BreadcrumbList","@id":"https:\/\/myperfectdog.lv\/ieteicama-literatura\/#breadcrumb","itemListElement":[{"@type":"ListItem","position":1,"name":"Home","item":"https:\/\/myperfectdog.lv\/"},{"@type":"ListItem","position":2,"name":"Ieteicam\u0101 literat\u016bra"}]},{"@type":"WebSite","@id":"https:\/\/myperfectdog.lv\/#website","url":"https:\/\/myperfectdog.lv\/","name":"MyPerfectDog.lv","description":"Su\u0146u un saimnieku skola","publisher":{"@id":"https:\/\/myperfectdog.lv\/#organization"},"potentialAction":[{"@type":"SearchAction","target":{"@type":"EntryPoint","urlTemplate":"https:\/\/myperfectdog.lv\/?s={search_term_string}"},"query-input":{"@type":"PropertyValueSpecification","valueRequired":true,"valueName":"search_term_string"}}],"inLanguage":"en-GB"},{"@type":"Organization","@id":"https:\/\/myperfectdog.lv\/#organization","name":"Su\u0146u & saimnieku skola \"My Perfect Dog\"","url":"https:\/\/myperfectdog.lv\/","logo":{"@type":"ImageObject","inLanguage":"en-GB","@id":"https:\/\/myperfectdog.lv\/#\/schema\/logo\/image\/","url":"https:\/\/myperfectdog.lv\/wp-content\/uploads\/2020\/10\/MyPerfectDog-New-logo_peach_plakans.png","contentUrl":"https:\/\/myperfectdog.lv\/wp-content\/uploads\/2020\/10\/MyPerfectDog-New-logo_peach_plakans.png","width":1200,"height":636,"caption":"Su\u0146u & saimnieku skola \"My Perfect Dog\""},"image":{"@id":"https:\/\/myperfectdog.lv\/#\/schema\/logo\/image\/"}}]}},"jetpack_sharing_enabled":true,"_links":{"self":[{"href":"https:\/\/myperfectdog.lv\/en\/wp-json\/wp\/v2\/pages\/2973","targetHints":{"allow":["GET"]}}],"collection":[{"href":"https:\/\/myperfectdog.lv\/en\/wp-json\/wp\/v2\/pages"}],"about":[{"href":"https:\/\/myperfectdog.lv\/en\/wp-json\/wp\/v2\/types\/page"}],"author":[{"embeddable":true,"href":"https:\/\/myperfectdog.lv\/en\/wp-json\/wp\/v2\/users\/1"}],"replies":[{"embeddable":true,"href":"https:\/\/myperfectdog.lv\/en\/wp-json\/wp\/v2\/comments?post=2973"}],"version-history":[{"count":0,"href":"https:\/\/myperfectdog.lv\/en\/wp-json\/wp\/v2\/pages\/2973\/revisions"}],"wp:attachment":[{"href":"https:\/\/myperfectdog.lv\/en\/wp-json\/wp\/v2\/media?parent=2973"}],"curies":[{"name":"wp","href":"https:\/\/api.w.org\/{rel}","templated":true}]}}