{"id":2996,"date":"2021-06-10T21:04:08","date_gmt":"2021-06-10T19:04:08","guid":{"rendered":"https:\/\/myperfectdog.lv\/?page_id=2996"},"modified":"2025-02-12T11:27:06","modified_gmt":"2025-02-12T09:27:06","slug":"y-h-tipa-iemaukti","status":"publish","type":"page","link":"https:\/\/myperfectdog.lv\/en\/izglitojosi\/y-h-tipa-iemaukti\/","title":{"rendered":"Y-H tipa iemaukti"},"content":{"rendered":"<a href=\"https:\/\/myperfectdog.lv\/en\/\" target=\"_self\" itemprop=\"url\">\n\t\t\t\t<img loading=\"lazy\" decoding=\"async\" src=\"https:\/\/myperfectdog.lv\/wp-content\/uploads\/2020\/10\/MyPerfectDog-New-logo_peach_plakans.png\" alt=\"MyPerfectDog-New-logo_peach_plakans\" itemprop=\"image\" height=\"636\" width=\"1200\" title=\"MyPerfectDog-New-logo_peach_plakans\" onerror=\"this.style.display='none'\"  \/>\n\t\t\t\t<\/a>\n<h2>\n\t\tY-tipa iemaukti vs. kaklasiksna\n\t<\/h2>\n\t<p><strong>Vai Tu esi k\u0101dreiz dom\u0101jis par to, kas notiek zem su\u0146a kaklasiksnas?<\/strong><\/p>\n<p>Visi zin\u0101m, k\u0101 tikai viens nelaimes gad\u012bjums, kur traum\u0113jam kaklu, sp\u0113j rad\u012bt mums ilgtermi\u0146a s\u0101pes un cie\u0161anas. Su\u0146a anatomija ir praktiski t\u0101da pati k\u0101 m\u016bs\u0113j\u0101. Kaklasiksna sunim traum\u0113 svar\u012bgus org\u0101nus kakl\u0101 un izraisa s\u0101pes, t\u0101pat k\u0101 cilv\u0113kiem.<\/p>\n<h3>\n\t\tATCERIES! S\u0100PES VIENM\u0112R IETEKM\u0112 UZVED\u012aBU!\n\t<\/h3>\n\tNav noz\u012bmes &#8211; vai suns pats velk pavadu, vai su\u0146a saimnieks to tur p\u0101r\u0101k stingri nostieptu un rauj, t\u0101d\u0101 veid\u0101 iespie\u017eot kaklasiksnu kakl\u0101 &#8211; ietekme uz kakla org\u0101niem b\u016bs t\u0101da pati.<br \/>\nKaklasiksna nospie\u017e un velk kaklu maz\u0101 laukum\u0101, ta\u010du \u0161aj\u0101 mazaj\u0101 laukum\u0101 ir \u013coti daudz vit\u0101li svar\u012bgu organu, kas nav aizsarg\u0101ti pret \u0161\u0101da veida nospiedo\u0161o sp\u0113ku.\n<p>Org\u0101ni zem kaklasiksnas, kas var tikt boj\u0101ti:<\/p>\n<ol>\n\u2023 \u0100da<br \/>\n\u2023 Musku\u013ci<br \/>\n\u2023 Limfvadi un limfmezgls<br \/>\n\u2023 Aizkr\u016btes dziedzeris jeb t\u012bmuss<br \/>\n\u2023 M\u0113les kauls<br \/>\n\u2023 Skrieme\u013cu un starpskrieme\u013cu diski<br \/>\n\u2023 Muguras smadzenes<br \/>\n\u2023 Nervi<br \/>\n\u2023 Simp\u0101tiskie un parasimp\u0101tiskie nervi<br \/>\n\u2023 Art\u0113rijas un v\u0113nas<br \/>\n\u2023 Traheja<br \/>\n\u2023 Balsene<br \/>\n\u2023 Bar\u012bbas vads<br \/>\n\u2023 Vairogdziedzeris<\/ol>\n<h3>\n\t\tPAREIZA NOVIETOJUMA IEMAUKTI, KAS NEKAIT\u0112 SU\u0145A VESEL\u012aBAI:\n\t<\/h3>\n\t<ol>\n\u2023 Y-forma, skatoties no priek\u0161puses zem kakla<br \/>\n\u2023 H-forma, skatoties no aug\u0161as uz muguras<br \/>\n\u2023 Nav siksnas, kas atrastos uz kakla<br \/>\n\u2023 Nav siksnas, kas atrastos diagon\u0101li p\u0101ri plecu loc\u012btav\u0101m<br \/>\n\u2023 Siksna ap kr\u016bt\u012bm atrodas pietiekami t\u0101lu no padus\u0113m, lai nov\u0113rstu nobr\u0101zumus<br \/>\n\u2023 Pavadas piestiprin\u0101\u0161anas punkts atrodas su\u0146a aizmugur\u0113, nevis priek\u0161\u0101<\/ol>\n\t<p>Pareizu iemauktu lieto\u0161ana var nov\u0113rst daudz traumas sunim. Kr\u016b\u0161kurvis un ribas, ap kuriem atrodas Y-tipa iemaukti, aizsarg\u0101 iek\u0161\u0113jos org\u0101nus, ieskaitot plau\u0161as un sirdi. T\u0101pat rib\u0101m ir elast\u012bgi savienojumi, kas pal\u012bdz tiem absorb\u0113t \u0101r\u0113jos sp\u0113kus. Y-tipa iemaukti nodro\u0161ina, ka, \u0137erme\u0146a laukums, uz kuru laiku pa laikam tiek vilkts, ir liel\u0101ks, l\u012bdz ar to vilk\u0161anas sp\u0113ks vienm\u0113r\u012bg\u0101k tiek sadal\u012bts pa visu \u0137ermeni, to netraum\u0113jot.<\/p>\n\t\t\t<a href=\"https:\/\/myperfectdog.lv\/wp-content\/uploads\/2020\/02\/harness_posters_web_LV-1.pdf\" target=\"_blank\" role=\"button\" rel=\"noopener\">\n\t\t\t\t\t\t\tInformat\u012bvs materi\u0101ls par kaklasiksn\u0101m un pareiza novietojuma\/formas iemauktiem. Autore: FreeDogz &#8211; Els Vidts\n\t\t\t<\/a>\n\t<iframe loading=\"lazy\" width=\"560\" height=\"315\" src=\"https:\/\/www.youtube.com\/embed\/mvwv5EffJ6U\" title=\"YouTube video player\" frameborder=\"0\" allow=\"accelerometer; autoplay; clipboard-write; encrypted-media; gyroscope; picture-in-picture\" allowfullscreen><\/iframe>\n\t\t\t<a href=\"https:\/\/myperfectdog.lv\/en\/product-category\/pastaigu-aprikojums\/\" target=\"_blank\" role=\"button\" rel=\"noopener\">\n\t\t\t\t\t\t\tAnatomiski pareizus iemauktus ieg\u0101d\u0101jies \u0161eit!\n\t\t\t<\/a>\n\t\t\t\t<img loading=\"lazy\" decoding=\"async\" src=\"https:\/\/myperfectdog.lv\/wp-content\/uploads\/2020\/02\/Y-tipa-iemaukti_Fonda.jpg\" alt=\"Y-tipa-iemaukti_Fonda\" itemprop=\"image\" height=\"1969\" width=\"1660\" title=\"Y-tipa-iemaukti_Fonda\" onerror=\"this.style.display='none'\"  \/>\n\t\t\t\t<a href=\"https:\/\/myperfectdog.lv\/en\/\" target=\"_self\" itemprop=\"url\">\n\t\t\t\t<img loading=\"lazy\" decoding=\"async\" src=\"https:\/\/myperfectdog.lv\/wp-content\/uploads\/2020\/10\/MyPerfectDog-New-logo_peach_plakans.png\" alt=\"MyPerfectDog-New-logo_peach_plakans\" itemprop=\"image\" height=\"636\" width=\"1200\" title=\"MyPerfectDog-New-logo_peach_plakans\" onerror=\"this.style.display='none'\"  \/>\n\t\t\t\t<\/a>\n<h2>\n\t\tY-tipa iemaukti vs. kaklasiksna\n\t<\/h2>\n\t<p><strong>Vai Tu esi k\u0101dreiz dom\u0101jis par to, kas notiek zem su\u0146a kaklasiksnas?<\/strong><\/p>\n<p>Visi zin\u0101m, k\u0101 tikai viens nelaimes gad\u012bjums, kur traum\u0113jam kaklu, sp\u0113j rad\u012bt mums ilgtermi\u0146a s\u0101pes un cie\u0161anas. Su\u0146a anatomija ir praktiski t\u0101da pati k\u0101 m\u016bs\u0113j\u0101. Kaklasiksna sunim traum\u0113 svar\u012bgus org\u0101nus kakl\u0101 un izraisa s\u0101pes, t\u0101pat k\u0101 cilv\u0113kiem.<\/p>\n<h3>\n\t\tATCERIES! S\u0100PES VIENM\u0112R IETEKM\u0112 UZVED\u012aBU!\n\t<\/h3>\n\tNav noz\u012bmes &#8211; vai suns pats velk pavadu, vai su\u0146a saimnieks to tur p\u0101r\u0101k stingri nostieptu un rauj, t\u0101d\u0101 veid\u0101 iespie\u017eot kaklasiksnu kakl\u0101 &#8211; ietekme uz kakla org\u0101niem b\u016bs t\u0101da pati.<br \/>\nKaklasiksna nospie\u017e un velk kaklu maz\u0101 laukum\u0101, ta\u010du \u0161aj\u0101 mazaj\u0101 laukum\u0101 ir \u013coti daudz vit\u0101li svar\u012bgu organu, kas nav aizsarg\u0101ti pret \u0161\u0101da veida nospiedo\u0161o sp\u0113ku.\n<p>Org\u0101ni zem kaklasiksnas, kas var tikt boj\u0101ti:<\/p>\n<ol>\n\u2023 \u0100da<br \/>\n\u2023 Musku\u013ci<br \/>\n\u2023 Limfvadi un limfmezgls<br \/>\n\u2023 Aizkr\u016btes dziedzeris jeb t\u012bmuss<br \/>\n\u2023 M\u0113les kauls<br \/>\n\u2023 Skrieme\u013cu un starpskrieme\u013cu diski<br \/>\n\u2023 Muguras smadzenes<br \/>\n\u2023 Nervi<br \/>\n\u2023 Simp\u0101tiskie un parasimp\u0101tiskie nervi<br \/>\n\u2023 Art\u0113rijas un v\u0113nas<br \/>\n\u2023 Traheja<br \/>\n\u2023 Balsene<br \/>\n\u2023 Bar\u012bbas vads<br \/>\n\u2023 Vairogdziedzeris<\/ol>\n\t<iframe loading=\"lazy\" width=\"560\" height=\"315\" src=\"https:\/\/www.youtube.com\/embed\/mvwv5EffJ6U\" title=\"YouTube video player\" frameborder=\"0\" allow=\"accelerometer; autoplay; clipboard-write; encrypted-media; gyroscope; picture-in-picture\" allowfullscreen><\/iframe>\n<h3>\n\t\tPAREIZA NOVIETOJUMA IEMAUKTI, KAS NEKAIT\u0112 SU\u0145A VESEL\u012aBAI:\n\t<\/h3>\n\t<ol>\n\u2023 Y-forma, skatoties no priek\u0161puses zem kakla<br \/>\n\u2023 H-forma, skatoties no aug\u0161as uz muguras<br \/>\n\u2023 Nav siksnas, kas atrastos uz kakla<br \/>\n\u2023 Nav siksnas, kas atrastos diagon\u0101li p\u0101ri plecu loc\u012btav\u0101m<br \/>\n\u2023 Siksna ap kr\u016bt\u012bm atrodas pietiekami t\u0101lu no padus\u0113m, lai nov\u0113rstu nobr\u0101zumus<br \/>\n\u2023 Pavadas piestiprin\u0101\u0161anas punkts atrodas su\u0146a aizmugur\u0113, nevis priek\u0161\u0101<\/ol>\n\t\t\t<a href=\"https:\/\/myperfectdog.lv\/en\/product-category\/pastaigu-aprikojums\/\" target=\"_blank\" role=\"button\" rel=\"noopener\">\n\t\t\t\t\t\t\tAnatomiski pareizus iemauktus ieg\u0101d\u0101jies \u0161eit!\n\t\t\t<\/a>\n\t\t\t\t<img loading=\"lazy\" decoding=\"async\" src=\"https:\/\/myperfectdog.lv\/wp-content\/uploads\/2020\/02\/Y-tipa-iemaukti_Fonda.jpg\" alt=\"Y-tipa-iemaukti_Fonda\" itemprop=\"image\" height=\"1969\" width=\"1660\" title=\"Y-tipa-iemaukti_Fonda\" onerror=\"this.style.display='none'\"  \/>\n\t<p>Pareizu iemauktu lieto\u0161ana var nov\u0113rst daudz traumas sunim. Kr\u016b\u0161kurvis un ribas, ap kuriem atrodas Y-tipa iemaukti, aizsarg\u0101 iek\u0161\u0113jos org\u0101nus, ieskaitot plau\u0161as un sirdi. T\u0101pat rib\u0101m ir elast\u012bgi savienojumi, kas pal\u012bdz tiem absorb\u0113t \u0101r\u0113jos sp\u0113kus. Y-tipa iemaukti nodro\u0161ina, ka, \u0137erme\u0146a laukums, uz kuru laiku pa laikam tiek vilkts, ir liel\u0101ks, l\u012bdz ar to vilk\u0161anas sp\u0113ks vienm\u0113r\u012bg\u0101k tiek sadal\u012bts pa visu \u0137ermeni, to netraum\u0113jot.<\/p>\n\t\t\t<a href=\"https:\/\/myperfectdog.lv\/wp-content\/uploads\/2020\/02\/harness_posters_web_LV-1.pdf\" target=\"_blank\" role=\"button\" rel=\"noopener\">\n\t\t\t\t\t\t\tInformat\u012bvs materi\u0101ls par kaklasiksn\u0101m un pareiza novietojuma\/formas iemauktiem. Autore: FreeDogz &#8211; Els Vidts\n\t\t\t<\/a>\n\t<p><strong>Par &#8220;My Perfect Dog&#8221;<\/strong><\/p>\n&#8220;My Perfect Dog&#8221; ir z\u012bmols, kas reprezent\u0113 lieliskas un harmoniskas attiec\u012bbas su\u0146a un saimnieka starp\u0101, kur saimnieks ir izgl\u012btots un zino\u0161s, savuk\u0101rt suns izprasts un atbilsto\u0161i apr\u016bp\u0113ts, socializ\u0113ts un apm\u0101c\u012bts, balstoties uz pret suni \u0113tisku, dabisku un uz motiv\u0101ciju balst\u012btu apm\u0101c\u012bbu.<br \/>\n\n<p> &#8220;My Perfect Dog&#8221; pied\u0101v\u0101 su\u0146u un vi\u0146u saimnieku apm\u0101c\u012bbu, su\u0146u uzved\u012bbas konsult\u0101cijas, socializ\u0101cijas pastaigas su\u0146iem, k\u0101 ar\u012b teor\u0113tiskus un praktiskus semin\u0101rus saimniekiem.<\/p>\n\t<p><strong>Sazi\u0146ai<\/strong><\/p>\n\t+371 27993370<br \/>\nliga@myperfectdog.lv\n\t<p><strong>Seko &#8220;My Perfect Dog&#8221;<\/strong><\/p>\n<h5>\n\t\t<a href=\"https:\/\/myperfectdog.lv\/en\/privatuma-politika\/\" title=\"Priv\u0101tuma politika\" target=\"_self\">\n\t\tPriv\u0101tuma politika\n\t\t<\/a>\n\t<\/h5>\n\t<p><strong>Par &#8220;My Perfect Dog&#8221;<\/strong><\/p>\n&#8220;My Perfect Dog&#8221; ir z\u012bmols, kas reprezent\u0113 lieliskas un harmoniskas attiec\u012bbas su\u0146a un saimnieka starp\u0101, kur saimnieks ir izgl\u012btots un zino\u0161s, savuk\u0101rt suns izprasts un atbilsto\u0161i apr\u016bp\u0113ts, socializ\u0113ts un apm\u0101c\u012bts, balstoties uz pret suni \u0113tisku, dabisku un uz motiv\u0101ciju balst\u012btu apm\u0101c\u012bbu.<br \/>\n\n<p> &#8220;My Perfect Dog&#8221; pied\u0101v\u0101 su\u0146u un vi\u0146u saimnieku apm\u0101c\u012bbu, su\u0146u uzved\u012bbas konsult\u0101cijas, socializ\u0101cijas pastaigas su\u0146iem, k\u0101 ar\u012b teor\u0113tiskus un praktiskus semin\u0101rus saimniekiem.<\/p>\n\t<p><strong>Kategorijas<\/strong><\/p>\n<p><a href=\"https:\/\/myperfectdog.lv\/en\/internetveikals\/\">Internetveikals<\/a><\/p>\n<p><a href=\"https:\/\/myperfectdog.lv\/en\/apmacibu-piedavajums\/\">Apm\u0101c\u012bbu pied\u0101v\u0101jums<\/a><\/p>\n<p><a href=\"https:\/\/myperfectdog.lv\/en\/sunu-aukles\/\">Su\u0146u pieskat\u012b\u0161ana un pastaigas<\/a><\/p>\n<p><a href=\"https:\/\/myperfectdog.lv\/en\/izglitojosi-raksti\/\">Izgl\u012btojo\u0161i materi\u0101li<\/a><\/p>\n<p><a href=\"https:\/\/myperfectdog.lv\/en\/kontakti\/\">Kontakti<\/a><\/p>\n<p><a href=\"https:\/\/myperfectdog.lv\/en\/privatuma-politika\/\">Priv\u0101tuma politika<\/a><\/p>\n\t<p><strong>Sazi\u0146ai<\/strong><\/p>\n\t+371 27993370<br \/>\nliga@myperfectdog.lv\n\t<p><strong>Seko &#8220;My Perfect Dog&#8221;<\/strong><\/p>\n\t\t\t\t<img loading=\"lazy\" decoding=\"async\" src=\"https:\/\/myperfectdog.lv\/wp-content\/uploads\/2020\/09\/PDTE-Logo2-150x150.png\" alt=\"PDTE-Logo2\" itemprop=\"image\" height=\"150\" width=\"150\" title=\"PDTE-Logo2\" onerror=\"this.style.display='none'\"  \/>","protected":false},"excerpt":{"rendered":"<p>Y-tipa iemaukti vs. kaklasiksna Vai Tu esi k\u0101dreiz dom\u0101jis par to, kas notiek zem su\u0146a kaklasiksnas? Visi zin\u0101m, k\u0101 tikai viens nelaimes gad\u012bjums, kur traum\u0113jam kaklu, sp\u0113j rad\u012bt mums ilgtermi\u0146a s\u0101pes un cie\u0161anas. Su\u0146a anatomija ir praktiski t\u0101da pati k\u0101 m\u016bs\u0113j\u0101. Kaklasiksna sunim traum\u0113 svar\u012bgus org\u0101nus kakl\u0101 un izraisa s\u0101pes, t\u0101pat k\u0101 cilv\u0113kiem. ATCERIES! S\u0100PES&hellip;<\/p>","protected":false},"author":1,"featured_media":0,"parent":2210,"menu_order":1,"comment_status":"closed","ping_status":"closed","template":"","meta":{"footnotes":""},"class_list":["post-2996","page","type-page","status-publish","hentry"],"yoast_head":"<!-- This site is optimized with the Yoast SEO plugin v27.5 - https:\/\/yoast.com\/product\/yoast-seo-wordpress\/ -->\n<title>Y-H tipa iemaukti | MyPerfectDog.lv<\/title>\n<meta name=\"robots\" content=\"index, follow, max-snippet:-1, max-image-preview:large, max-video-preview:-1\" \/>\n<link rel=\"canonical\" href=\"https:\/\/myperfectdog.lv\/en\/izglitojosi\/y-h-tipa-iemaukti\/\" \/>\n<meta property=\"og:locale\" content=\"en_GB\" \/>\n<meta property=\"og:type\" content=\"article\" \/>\n<meta property=\"og:title\" content=\"Y-H tipa iemaukti | MyPerfectDog.lv\" \/>\n<meta property=\"og:description\" content=\"Y-tipa iemaukti vs. kaklasiksna Vai Tu esi k\u0101dreiz dom\u0101jis par to, kas notiek zem su\u0146a kaklasiksnas? Visi zin\u0101m, k\u0101 tikai viens nelaimes gad\u012bjums, kur traum\u0113jam kaklu, sp\u0113j rad\u012bt mums ilgtermi\u0146a s\u0101pes un cie\u0161anas. Su\u0146a anatomija ir praktiski t\u0101da pati k\u0101 m\u016bs\u0113j\u0101. Kaklasiksna sunim traum\u0113 svar\u012bgus org\u0101nus kakl\u0101 un izraisa s\u0101pes, t\u0101pat k\u0101 cilv\u0113kiem. ATCERIES! S\u0100PES&hellip;\" \/>\n<meta property=\"og:url\" content=\"https:\/\/myperfectdog.lv\/en\/izglitojosi\/y-h-tipa-iemaukti\/\" \/>\n<meta property=\"og:site_name\" content=\"MyPerfectDog.lv\" \/>\n<meta property=\"article:modified_time\" content=\"2025-02-12T09:27:06+00:00\" \/>\n<meta property=\"og:image\" content=\"https:\/\/myperfectdog.lv\/wp-content\/uploads\/2020\/10\/MyPerfectDog-New-logo_peach_plakans.png\" \/>\n<meta name=\"twitter:card\" content=\"summary_large_image\" \/>\n<meta name=\"twitter:label1\" content=\"Estimated reading time\" \/>\n\t<meta name=\"twitter:data1\" content=\"5 minutes\" \/>\n<script type=\"application\/ld+json\" class=\"yoast-schema-graph\">{\"@context\":\"https:\\\/\\\/schema.org\",\"@graph\":[{\"@type\":\"WebPage\",\"@id\":\"https:\\\/\\\/myperfectdog.lv\\\/izglitojosi\\\/y-h-tipa-iemaukti\\\/\",\"url\":\"https:\\\/\\\/myperfectdog.lv\\\/izglitojosi\\\/y-h-tipa-iemaukti\\\/\",\"name\":\"Y-H tipa iemaukti | MyPerfectDog.lv\",\"isPartOf\":{\"@id\":\"https:\\\/\\\/myperfectdog.lv\\\/#website\"},\"primaryImageOfPage\":{\"@id\":\"https:\\\/\\\/myperfectdog.lv\\\/izglitojosi\\\/y-h-tipa-iemaukti\\\/#primaryimage\"},\"image\":{\"@id\":\"https:\\\/\\\/myperfectdog.lv\\\/izglitojosi\\\/y-h-tipa-iemaukti\\\/#primaryimage\"},\"thumbnailUrl\":\"https:\\\/\\\/myperfectdog.lv\\\/wp-content\\\/uploads\\\/2020\\\/10\\\/MyPerfectDog-New-logo_peach_plakans.png\",\"datePublished\":\"2021-06-10T19:04:08+00:00\",\"dateModified\":\"2025-02-12T09:27:06+00:00\",\"breadcrumb\":{\"@id\":\"https:\\\/\\\/myperfectdog.lv\\\/izglitojosi\\\/y-h-tipa-iemaukti\\\/#breadcrumb\"},\"inLanguage\":\"en-GB\",\"potentialAction\":[{\"@type\":\"ReadAction\",\"target\":[\"https:\\\/\\\/myperfectdog.lv\\\/izglitojosi\\\/y-h-tipa-iemaukti\\\/\"]}]},{\"@type\":\"ImageObject\",\"inLanguage\":\"en-GB\",\"@id\":\"https:\\\/\\\/myperfectdog.lv\\\/izglitojosi\\\/y-h-tipa-iemaukti\\\/#primaryimage\",\"url\":\"https:\\\/\\\/myperfectdog.lv\\\/wp-content\\\/uploads\\\/2020\\\/10\\\/MyPerfectDog-New-logo_peach_plakans.png\",\"contentUrl\":\"https:\\\/\\\/myperfectdog.lv\\\/wp-content\\\/uploads\\\/2020\\\/10\\\/MyPerfectDog-New-logo_peach_plakans.png\"},{\"@type\":\"BreadcrumbList\",\"@id\":\"https:\\\/\\\/myperfectdog.lv\\\/izglitojosi\\\/y-h-tipa-iemaukti\\\/#breadcrumb\",\"itemListElement\":[{\"@type\":\"ListItem\",\"position\":1,\"name\":\"Home\",\"item\":\"https:\\\/\\\/myperfectdog.lv\\\/\"},{\"@type\":\"ListItem\",\"position\":2,\"name\":\"Izgl\u012btojo\u0161i materi\u0101li\",\"item\":\"https:\\\/\\\/myperfectdog.lv\\\/izglitojosi\\\/\"},{\"@type\":\"ListItem\",\"position\":3,\"name\":\"Y-H tipa iemaukti\"}]},{\"@type\":\"WebSite\",\"@id\":\"https:\\\/\\\/myperfectdog.lv\\\/#website\",\"url\":\"https:\\\/\\\/myperfectdog.lv\\\/\",\"name\":\"MyPerfectDog.lv\",\"description\":\"Su\u0146u un saimnieku skola\",\"publisher\":{\"@id\":\"https:\\\/\\\/myperfectdog.lv\\\/#organization\"},\"potentialAction\":[{\"@type\":\"SearchAction\",\"target\":{\"@type\":\"EntryPoint\",\"urlTemplate\":\"https:\\\/\\\/myperfectdog.lv\\\/?s={search_term_string}\"},\"query-input\":{\"@type\":\"PropertyValueSpecification\",\"valueRequired\":true,\"valueName\":\"search_term_string\"}}],\"inLanguage\":\"en-GB\"},{\"@type\":\"Organization\",\"@id\":\"https:\\\/\\\/myperfectdog.lv\\\/#organization\",\"name\":\"Su\u0146u & saimnieku skola \\\"My Perfect Dog\\\"\",\"url\":\"https:\\\/\\\/myperfectdog.lv\\\/\",\"logo\":{\"@type\":\"ImageObject\",\"inLanguage\":\"en-GB\",\"@id\":\"https:\\\/\\\/myperfectdog.lv\\\/#\\\/schema\\\/logo\\\/image\\\/\",\"url\":\"https:\\\/\\\/myperfectdog.lv\\\/wp-content\\\/uploads\\\/2020\\\/10\\\/MyPerfectDog-New-logo_peach_plakans.png\",\"contentUrl\":\"https:\\\/\\\/myperfectdog.lv\\\/wp-content\\\/uploads\\\/2020\\\/10\\\/MyPerfectDog-New-logo_peach_plakans.png\",\"width\":1200,\"height\":636,\"caption\":\"Su\u0146u & saimnieku skola \\\"My Perfect Dog\\\"\"},\"image\":{\"@id\":\"https:\\\/\\\/myperfectdog.lv\\\/#\\\/schema\\\/logo\\\/image\\\/\"}}]}<\/script>\n<!-- \/ Yoast SEO plugin. -->","yoast_head_json":{"title":"Y-H tipa iemaukti | MyPerfectDog.lv","robots":{"index":"index","follow":"follow","max-snippet":"max-snippet:-1","max-image-preview":"max-image-preview:large","max-video-preview":"max-video-preview:-1"},"canonical":"https:\/\/myperfectdog.lv\/en\/izglitojosi\/y-h-tipa-iemaukti\/","og_locale":"en_GB","og_type":"article","og_title":"Y-H tipa iemaukti | MyPerfectDog.lv","og_description":"Y-tipa iemaukti vs. kaklasiksna Vai Tu esi k\u0101dreiz dom\u0101jis par to, kas notiek zem su\u0146a kaklasiksnas? Visi zin\u0101m, k\u0101 tikai viens nelaimes gad\u012bjums, kur traum\u0113jam kaklu, sp\u0113j rad\u012bt mums ilgtermi\u0146a s\u0101pes un cie\u0161anas. Su\u0146a anatomija ir praktiski t\u0101da pati k\u0101 m\u016bs\u0113j\u0101. Kaklasiksna sunim traum\u0113 svar\u012bgus org\u0101nus kakl\u0101 un izraisa s\u0101pes, t\u0101pat k\u0101 cilv\u0113kiem. ATCERIES! S\u0100PES&hellip;","og_url":"https:\/\/myperfectdog.lv\/en\/izglitojosi\/y-h-tipa-iemaukti\/","og_site_name":"MyPerfectDog.lv","article_modified_time":"2025-02-12T09:27:06+00:00","og_image":[{"url":"https:\/\/myperfectdog.lv\/wp-content\/uploads\/2020\/10\/MyPerfectDog-New-logo_peach_plakans.png","type":"","width":"","height":""}],"twitter_card":"summary_large_image","twitter_misc":{"Estimated reading time":"5 minutes"},"schema":{"@context":"https:\/\/schema.org","@graph":[{"@type":"WebPage","@id":"https:\/\/myperfectdog.lv\/izglitojosi\/y-h-tipa-iemaukti\/","url":"https:\/\/myperfectdog.lv\/izglitojosi\/y-h-tipa-iemaukti\/","name":"Y-H tipa iemaukti | MyPerfectDog.lv","isPartOf":{"@id":"https:\/\/myperfectdog.lv\/#website"},"primaryImageOfPage":{"@id":"https:\/\/myperfectdog.lv\/izglitojosi\/y-h-tipa-iemaukti\/#primaryimage"},"image":{"@id":"https:\/\/myperfectdog.lv\/izglitojosi\/y-h-tipa-iemaukti\/#primaryimage"},"thumbnailUrl":"https:\/\/myperfectdog.lv\/wp-content\/uploads\/2020\/10\/MyPerfectDog-New-logo_peach_plakans.png","datePublished":"2021-06-10T19:04:08+00:00","dateModified":"2025-02-12T09:27:06+00:00","breadcrumb":{"@id":"https:\/\/myperfectdog.lv\/izglitojosi\/y-h-tipa-iemaukti\/#breadcrumb"},"inLanguage":"en-GB","potentialAction":[{"@type":"ReadAction","target":["https:\/\/myperfectdog.lv\/izglitojosi\/y-h-tipa-iemaukti\/"]}]},{"@type":"ImageObject","inLanguage":"en-GB","@id":"https:\/\/myperfectdog.lv\/izglitojosi\/y-h-tipa-iemaukti\/#primaryimage","url":"https:\/\/myperfectdog.lv\/wp-content\/uploads\/2020\/10\/MyPerfectDog-New-logo_peach_plakans.png","contentUrl":"https:\/\/myperfectdog.lv\/wp-content\/uploads\/2020\/10\/MyPerfectDog-New-logo_peach_plakans.png"},{"@type":"BreadcrumbList","@id":"https:\/\/myperfectdog.lv\/izglitojosi\/y-h-tipa-iemaukti\/#breadcrumb","itemListElement":[{"@type":"ListItem","position":1,"name":"Home","item":"https:\/\/myperfectdog.lv\/"},{"@type":"ListItem","position":2,"name":"Izgl\u012btojo\u0161i materi\u0101li","item":"https:\/\/myperfectdog.lv\/izglitojosi\/"},{"@type":"ListItem","position":3,"name":"Y-H tipa iemaukti"}]},{"@type":"WebSite","@id":"https:\/\/myperfectdog.lv\/#website","url":"https:\/\/myperfectdog.lv\/","name":"MyPerfectDog.lv","description":"Su\u0146u un saimnieku skola","publisher":{"@id":"https:\/\/myperfectdog.lv\/#organization"},"potentialAction":[{"@type":"SearchAction","target":{"@type":"EntryPoint","urlTemplate":"https:\/\/myperfectdog.lv\/?s={search_term_string}"},"query-input":{"@type":"PropertyValueSpecification","valueRequired":true,"valueName":"search_term_string"}}],"inLanguage":"en-GB"},{"@type":"Organization","@id":"https:\/\/myperfectdog.lv\/#organization","name":"Su\u0146u & saimnieku skola \"My Perfect Dog\"","url":"https:\/\/myperfectdog.lv\/","logo":{"@type":"ImageObject","inLanguage":"en-GB","@id":"https:\/\/myperfectdog.lv\/#\/schema\/logo\/image\/","url":"https:\/\/myperfectdog.lv\/wp-content\/uploads\/2020\/10\/MyPerfectDog-New-logo_peach_plakans.png","contentUrl":"https:\/\/myperfectdog.lv\/wp-content\/uploads\/2020\/10\/MyPerfectDog-New-logo_peach_plakans.png","width":1200,"height":636,"caption":"Su\u0146u & saimnieku skola \"My Perfect Dog\""},"image":{"@id":"https:\/\/myperfectdog.lv\/#\/schema\/logo\/image\/"}}]}},"jetpack_sharing_enabled":true,"_links":{"self":[{"href":"https:\/\/myperfectdog.lv\/en\/wp-json\/wp\/v2\/pages\/2996","targetHints":{"allow":["GET"]}}],"collection":[{"href":"https:\/\/myperfectdog.lv\/en\/wp-json\/wp\/v2\/pages"}],"about":[{"href":"https:\/\/myperfectdog.lv\/en\/wp-json\/wp\/v2\/types\/page"}],"author":[{"embeddable":true,"href":"https:\/\/myperfectdog.lv\/en\/wp-json\/wp\/v2\/users\/1"}],"replies":[{"embeddable":true,"href":"https:\/\/myperfectdog.lv\/en\/wp-json\/wp\/v2\/comments?post=2996"}],"version-history":[{"count":1,"href":"https:\/\/myperfectdog.lv\/en\/wp-json\/wp\/v2\/pages\/2996\/revisions"}],"predecessor-version":[{"id":11278,"href":"https:\/\/myperfectdog.lv\/en\/wp-json\/wp\/v2\/pages\/2996\/revisions\/11278"}],"up":[{"embeddable":true,"href":"https:\/\/myperfectdog.lv\/en\/wp-json\/wp\/v2\/pages\/2210"}],"wp:attachment":[{"href":"https:\/\/myperfectdog.lv\/en\/wp-json\/wp\/v2\/media?parent=2996"}],"curies":[{"name":"wp","href":"https:\/\/api.w.org\/{rel}","templated":true}]}}