{"id":3178,"date":"2021-10-09T22:37:28","date_gmt":"2021-10-09T20:37:28","guid":{"rendered":"https:\/\/myperfectdog.lv\/?page_id=3178"},"modified":"2024-08-08T08:00:20","modified_gmt":"2024-08-08T06:00:20","slug":"suna-dabiskas-pamatvajadzibas","status":"publish","type":"page","link":"https:\/\/myperfectdog.lv\/en\/izglitojosi\/suna-dabiskas-pamatvajadzibas\/","title":{"rendered":"Su\u0146a dabisk\u0101s pamatvajadz\u012bbas"},"content":{"rendered":"<a href=\"https:\/\/myperfectdog.lv\/en\/\" target=\"_self\" itemprop=\"url\" rel=\"noopener\">\n\t\t\t\t<img decoding=\"async\" src=\"https:\/\/myperfectdog.lv\/wp-content\/uploads\/2020\/10\/MyPerfectDog-New-logo_peach_plakans.png\" alt=\"MyPerfectDog-New-logo_peach_plakans\" itemprop=\"image\" title=\"MyPerfectDog-New-logo_peach_plakans\" onerror=\"this.style.display='none'\"  \/>\n\t\t\t\t<\/a>\n\t\t\t\t<img decoding=\"async\" src=\"https:\/\/myperfectdog.lv\/wp-content\/uploads\/2020\/10\/MyPerfectDog-New-logo_peach_plakans.png\" alt=\"MyPerfectDog-New-logo_peach_plakans\" itemprop=\"image\" title=\"MyPerfectDog-New-logo_peach_plakans\" onerror=\"this.style.display='none'\"  \/>\n<h2>\n\t\tSu\u0146a dabisk\u0101s pamatvajadz\u012bbas un to loma su\u0146a apm\u0101c\u012bb\u0101\n\t<\/h2>\n<h2>\n\t\tSu\u0146a dabisk\u0101s pamatvajadz\u012bbas un to loma su\u0146a apm\u0101c\u012bb\u0101\n\t<\/h2>\n\t<p>Su\u0146a dabisk\u0101s pamatvajadz\u012bbas ir t\u0113ma, ko b\u016btu v\u0113rt\u012bgi p\u0101rzin\u0101t ikvienam, kura \u0123imen\u0113 ir suns. Zin\u0101\u0161anas par su\u0146a pamatvajadz\u012bb\u0101m ir noz\u012bm\u012bgs atbalsts harmonisku su\u0146a-saimnieka attiec\u012bbu veido\u0161an\u0101. T\u0101s ir ar\u012b m\u016bsdien\u012bgas, pret suni \u0113tiskas apm\u0101c\u012bbas pamats un l\u012bdzeklis, kas pal\u012bdz\u0113s c\u012b\u0146\u0101 pret t\u0101 d\u0113v\u0113taj\u0101m &#8220;su\u0146u uzved\u012bbas probl\u0113m\u0101m&#8221;, kas bie\u017ei vien \u012bsti nav uzved\u012bbas probl\u0113mas, bet gan dabiska su\u0146a atbildes reakcija neapmierin\u0101t\u0101m pamatvajadz\u012bb\u0101m.<\/p>\n\t<p>\u0160ai rakst\u0101 pied\u0101v\u0101jam jums apkopotu galveno inform\u0101ciju par su\u0146a pamatvajadz\u012bb\u0101m. Rakst\u0101 uzskait\u012bt\u0101s pamatvajadz\u012bbas piem\u012bt katram sunim, neatkar\u012bgi no dzimuma, vecuma, \u0161\u0137irnes un citiem faktoriem. Saimnieka uzdevums ir \u0161\u012bs pamatvajadz\u012bbas apzin\u0101ties un \u0146emt v\u0113r\u0101, ja v\u0113laties veidot k\u0101 \u010detrk\u0101jainajam draugam, t\u0101 sev pat\u012bkamu sadz\u012bvi.  <\/p>\n\t\t\t\t<img decoding=\"async\" src=\"https:\/\/myperfectdog.lv\/wp-content\/uploads\/2021\/10\/pexels-yaroslav-shuraev-8498513.jpg\" alt=\"(pexels-yaroslav-shuraev-8498513)\" itemprop=\"image\" title=\"Su\u0146a dabisk\u0101s pamatvajadz\u012bbas\" onerror=\"this.style.display='none'\"  \/>\n<h2>\n\t\tDro\u0161\u012bbas saj\u016bta\n\t<\/h2>\n\t<p>Su\u0146a, l\u012bdz\u012bgi k\u0101 cilv\u0113ka un citu dz\u012bvo b\u016bt\u0146u, prim\u0101r\u0101 pamatvajadz\u012bba ir dro\u0161\u012bba. Tikai p\u0113c tam, kad suns ir apmierin\u0101jis savu prim\u0101ro pamatvajadz\u012bbu &#8211; b\u016bt dro\u0161\u012bb\u0101 &#8211; tas ir gatavs \u0137erties pie citu vajadz\u012bbu apmierin\u0101\u0161anas, piem\u0113ram, \u0113\u0161anas (\u0161is ir skaidri nov\u0113rojams ar\u012b ikdienas dz\u012bv\u0113 &#8211; iesp\u0113jams, daudzi no jums var atsaukt atmi\u0146\u0101 gad\u012bjumu, kad suns ir non\u0101cis situ\u0101cij\u0101, kas tam rada  stresu un suns ir atteicies pat no iecien\u012bt\u0101kajiem k\u0101rumiem). <\/p>\n\t<p>Dro\u0161\u012bbas saj\u016btu veido virkne faktoru, to skait\u0101:<\/p>\n<p><strong>\u2022 Labas soci\u0101l\u0101s saiknes <\/strong>(pie\u0137er\u0161an\u0101s, kontakts ar saimnieku un socializ\u0101cija)<\/p>\n<p><strong>\u2022 Stabila un paredzama soci\u0101l\u0101 grupa <\/strong>(sunim ikdien\u0101 apk\u0101rt eso\u0161ie cilv\u0113ki, dz\u012bvnieki)<\/p>\n<p><strong>\u2022 Paz\u012bstama un dro\u0161a apk\u0101rt\u0113j\u0101 vide<\/strong><\/p>\n<p><strong>\u2022 Minim\u0101la saskarsme ar bailes rado\u0161\u0101m situ\u0101cij\u0101m, to skait\u0101 sodiem.<\/strong><\/p>\n\t<p>Lai nodro\u0161in\u0101tu sunim dro\u0161\u012bbas saj\u016btu, saimniekam ir j\u0101seko l\u012bdzi su\u0146a emocion\u0101lajam st\u0101voklim un limitiem &#8211; ko un cik liel\u0101 intensit\u0101t\u0113 suns attiec\u012bgaj\u0101 dz\u012bves posm\u0101 ir gatavs uz\u0146emt, kas vi\u0146am rada bailes u.t.t. Lielu lomu dro\u0161\u012bbas saj\u016btas veido\u0161an\u0101 sp\u0113l\u0113 soci\u0101lais aspekts. Suns ir soci\u0101la b\u016btne. Tam ir svar\u012bgi uztur\u0113ties sav\u0101 &#8220;bar\u0101&#8221; (kuram piederam ar\u012b m\u0113s, saimnieki). Sunim ir nepiecie\u0161amas kop\u012bgas aktivit\u0101tes, kontakts ar saimnieku, ar\u012b soci\u0101la gul\u0113\u0161ana (sk. sada\u013cu &#8220;Miegs&#8221;). Labu soci\u0101lo saik\u0146u veido\u0161anai un pa\u0161p\u0101rliecin\u0101t\u012bbas veicin\u0101\u0161anai ir svar\u012bga pareiza un pak\u0101peniska socializ\u0101cija gan ar cilv\u0113kiem, gan citiem dz\u012bvniekiem (uzsvars uz atsl\u0113gv\u0101rdu &#8220;pak\u0101peniska&#8221; &#8211; veicot socializ\u0113\u0161anu, ir b\u016btiski suni nepak\u013caut p\u0101r\u0101k intens\u012bv\u0101m jaun\u0101m pieredz\u0113m uzreiz, pret\u0113j\u0101 gad\u012bjum\u0101 socializ\u0101cija var rad\u012bt pret\u0113ju efektu un suns var k\u013c\u016bt tram\u012bgs, bail\u012bgs!). Str\u0101d\u0101jot ar su\u0146a dro\u0161\u012bbas saj\u016btu, ir b\u016btiski m\u0101c\u012bties &#8220;las\u012bt&#8221; ar\u012b <a href=\"https:\/\/myperfectdog.lv\/en\/product\/izglitojoss-vebinars-2-dala\/\">su\u0146a \u0137erme\u0146a valodu<\/a>, ko su\u0146i akt\u012bvi izmanto, lai komunic\u0113tu savas emocijas.<\/p>\n<p><em><a href=\"https:\/\/myperfectdog.lv\/en\/product\/divas-izglitojosas-lekcijas-toposajiem-un-esosajiem-sunu-saimniekiem\/\">(Par su\u0146u \u0137erme\u0146u valodu padzi\u013cin\u0101ti st\u0101stam &#8220;My Perfect Dog&#8221; teor\u0113tiskaj\u0101 lekcij\u0101, ko vari ieg\u0101d\u0101ties m\u016bsu internetveikal\u0101)<\/a><\/em><\/p>\n<h2>\n\t\tBar\u012bbas uz\u0146em\u0161ana\n\t<\/h2>\n\t<p>Sunim <strong>bar\u012bba ir j\u0101uz\u0146em atbilsto\u0161\u0101 daudzum\u0101<\/strong> &#8211; ne par daudz, ne par maz. \u0112dienam ir <strong>j\u0101satur visas nepiecie\u0161am\u0101s bar\u012bbas vielas su\u0146a vesel\u012bbas uztur\u0113\u0161anai.<\/strong> (Te noder\u0113s konsult\u0101cija ar J\u016bsu su\u0146a vet\u0101rstu, lai izprastu sunim lab\u0101ko bar\u012bbas veidu.) \u0112dienam ir j\u0101b\u016bt daudzveid\u012bgam un t\u0101dam, kas sunim sag\u0101d\u0101 prieku. Svar\u012bgi uztur\u0101 regul\u0101ri <strong>iek\u013caut ar\u012b ko\u0161\u013c\u0101jamu, grau\u017eamu p\u0101rtiku<\/strong> (piem\u0113ram, da\u017e\u0101dus kalt\u0113jumus), jo ar\u012b grau\u0161ana ir su\u0146a dabiska uzved\u012bba. K\u0101 soci\u0101li dz\u012bvnieki, <strong>su\u0146i ir ar\u012b soci\u0101li \u0113d\u0101ji <\/strong>un labpr\u0101t \u0113d, kl\u0101tesot citiem &#8220;bara&#8221; locek\u013ciem.<\/p>\n<p>B\u016btiski ir <strong>nerad\u012bt sunim stresu ap \u0113dienu<\/strong>. Ja to nov\u0113rojat, ir svar\u012bgi izprast c\u0113lo\u0146us un atbilsto\u0161i r\u012bkoties, lai stresa situ\u0101cijas nov\u0113rstu,- piem\u0113ram, ja m\u0101j\u0101s ir vair\u0101ki su\u0146i un l\u012bdz ar to, k\u0101dam no su\u0146iem ir resursu sarg\u0101\u0161anas bailes un suns rij \u0113dienu vai cit\u0101di \u0161o faktu izr\u0101da, tad su\u0146us j\u0101baro ir atsevi\u0161\u0137\u0101s telp\u0101s\/viet\u0101s, lai \u0113\u0161anas process b\u016btu mier\u012bgs un nerad\u012btu lieku stresu.<\/p>\n<h2>\n\t\t\u0136erme\u0146a apr\u016bpe\n\t<\/h2>\n\t<p>N\u0101kam\u0101 su\u0146a pamatvajadz\u012bbu grupa ir saist\u012bta ar \u0137erme\u0146a apr\u016bpi. Sunim ir j\u0101dod <strong>iesp\u0113ja regul\u0101ri nok\u0101rtoties<\/strong>. J\u0101nodro\u0161ina piem\u0113rota <strong>ka\u017eoka apr\u016bpe<\/strong> un <strong>komfortabla temperat\u016bra, nagu un zobu kop\u0161ana un uztur\u0113\u0161ana vesel\u012bg\u0101 st\u0101vokl\u012b<\/strong>.<\/p>\n<p>\u0136ermenisko vajadz\u012bbu apmierin\u0101\u0161an\u0101 liela loma ir ar\u012b saimnieka piesk\u0101rieniem, <strong>su\u0146a glaud\u012b\u0161anai &#8211; mas\u0101\u017eai<\/strong>. Tom\u0113r ar\u012b \u0161eit ir svar\u012bgi \u0146emt v\u0113r\u0101 to, ka katram sunim pat\u012bkamais piesk\u0101rienu daudzums, veids un lok\u0101cija b\u016bs indivudu\u0101la. Tos pal\u012bdz nolas\u012bt su\u0146a <a href=\"https:\/\/myperfectdog.lv\/en\/product\/izglitojoss-vebinars-2-dala\/\">\u0137erme\u0146a valoda<\/a>. Su\u0146i m\u0101k \u013coti izteiksm\u012bgi par\u0101d\u012bt, kuras vietas ir t\u0101s, kur vi\u0146i v\u0113las tikt mas\u0113ti.<\/p>\n\t\t\t\t<img decoding=\"async\" src=\"https:\/\/myperfectdog.lv\/wp-content\/uploads\/2021\/10\/pexels-meruyert-gonullu-6588937.jpg\" alt=\"(pexels-meruyert-gonullu-6588937)\" itemprop=\"image\" title=\"Su\u0146i - soci\u0101lie gul\u0113t\u0101ji\" onerror=\"this.style.display='none'\"  \/>\n<h2>\n\t\tMiegs\n\t<\/h2>\n\t<p>Pieaugu\u0161am sunim <strong>diennakt\u012b ir nepiecie\u0161amas 10-16 miega stundas<\/strong> (vid\u0113ji 14 stunas pieaugu\u0161am sunim). J\u0101atceras turkl\u0101t, ka su\u0146u gul\u0113\u0161anas re\u017e\u012bms ir polif\u0101zisks &#8211; suns nepiecie\u0161amo stundu skaitu diennakt\u012b nogu\u013c &#8220;vair\u0101kos pieg\u0101jienos&#8221;.  P\u0113c savas dabisk\u0101s uzved\u012bbas su\u0146i galvenok\u0101rt ir dienas dz\u012bvnieki. Tas noz\u012bm\u0113, ka diennakts gai\u0161aj\u0101 da\u013c\u0101 tie ir akt\u012bvi, bet tum\u0161aj\u0101 &#8211; gu\u013c. <\/p>\n\t<p><strong>Su\u0146i ir soci\u0101li gul\u0113t\u0101ji un vi\u0146iem ir dabiski gul\u0113t kop\u0101 ar savu &#8220;baru&#8221;. <\/strong>Ja nav v\u0113lmes vai iesp\u0113jas nodro\u0161in\u0101t sunim iesp\u0113ju gul\u0113t ar saimnieku vien\u0101 istab\u0101, v\u0113lams su\u0146a gu\u013cvietu novietot tai p\u0113c iesp\u0113jas tuv\u0101k un nev\u0113rt ciet gu\u013camistabas durvis. Su\u0146a gu\u013cvietai ir j\u0101atrodas viet\u0101, kur tas j\u016btas dro\u0161i un kur ir nodro\u0161in\u0101ta optim\u0101la temperat\u016bra (ne par karstu, ne aukstu). Pa\u0161ai gu\u013cvietai ir j\u0101b\u016bt \u0113rtai un t\u0101d\u0101 izm\u0113r\u0101, lai suns taj\u0101 var\u0113tu komfortabli izstiepties. K\u0101 ar\u012b ieteicams, ka sunim ir nodro\u0161in\u0101tas br\u012bvas izv\u0113les iesp\u0113jas, kur gul\u0113t &#8211; ar to dom\u0101jot, ka suns netiek ielikts gul\u0113\u0161anai sl\u0113gt\u0101 b\u016br\u012b. Su\u0146iem bie\u017ei vien miega laik\u0101 ir v\u0113lme un dabiska nepiecie\u0161am\u012bba p\u0101rvietoties no vienas un citu gu\u013cvietu, lai p\u0101rk\u0101rtotos, izstaip\u012btos vai, piem\u0113ram, ja palicis par karstu, apgultos v\u0113s\u0101k\u0101 vieti\u0146\u0101 vai otr\u0101di.<\/p>\n<p>Kvalitat\u012bvs un pietiekams miegs pal\u012bdz\u0113s sunim b\u016bt mier\u012bgam, nosv\u0113rtam, jo miega laik\u0101 suns tiek gal\u0101 ar sav\u0101m emocij\u0101m, pieredz\u0113m. <\/p>\n<h2>\n\t\tAktivit\u0101tes\n\t<\/h2>\n\t<p>Sunim ir nepiecie\u0161ams nodro\u0161in\u0101t gan fizisk\u0101s, gan ment\u0101l\u0101s aktivit\u0101tes. To nepiecie\u0161amais daudzums ir atkar\u012bgs no su\u0146a vecuma, temperamenta, aktivit\u0101tes l\u012bme\u0146a un vesel\u012bbas st\u0101vok\u013ca, ta\u010du, neatkar\u012bgi no \u0161iem faktoriem, v\u0113lams tur\u0113ties pie sadal\u012bjuma <strong>40 % fizisk\u0101s aktivit\u0101tes<\/strong> un <strong>60 % <a href=\"https:\/\/myperfectdog.lv\/en\/mentalas-aktivitates-suniem\/\">ment\u0101l\u0101s aktivit\u0101tes<\/a><\/strong>. <\/p>\n<p>Run\u0101jot par su\u0146u nodarbin\u0101\u0161anu, ment\u0101l\u0101s aktivit\u0101tes bie\u017ei vien paliek otraj\u0101 pl\u0101n\u0101, ta\u010du paties\u012bb\u0101 t\u0101s sunim ir \u013coti b\u016btiskas, jo pal\u012bdz uzlabot pa\u0161p\u0101rliecin\u0101t\u012bbu, optimismu. Turkl\u0101t pareizi organiz\u0113tas ment\u0101l\u0101s aktivit\u0101tes paties\u012bb\u0101 ir nogurdino\u0161\u0101kas, nek\u0101 fizisk\u0101s &#8211; t\u0101s ir efekt\u012bvs l\u012bdzeklis, k\u0101 sunim izl\u0101d\u0113t ener\u0123iju un nomierin\u0101ties. Fiziskaj\u0101m aktivit\u0101t\u0113m ir j\u0101b\u016bt m\u0113ren\u0101, su\u0146a vecumam un vesel\u012bbai piem\u0113rot\u0101 slodz\u0113, un t\u0101m ir j\u0101nodro\u0161ina su\u0146a vesel\u012bbai dro\u0161a vide (piem\u0113ram, j\u0101izvair\u0101s no rota\u013c\u0101m uz slidena gr\u012bdas seguma, p\u0101r\u0101k akt\u012bv\u0101m un agres\u012bv\u0101m sp\u0113l\u0113m, kas var rad\u012bt traumas).  <\/p>\n\t<p><strong>Par &#8220;My Perfect Dog&#8221;<\/strong><\/p>\n<p>&#8220;My Perfect Dog&#8221; ir z\u012bmols, kas reprezent\u0113 ikvienu suni &#8211; jo ikviens suns ir perfekts, it \u012bpa\u0161i sava m\u012b\u013c\u0101 saimnieka ac\u012bs!<\/p>\n<p>Z\u012bmols &#8220;My Perfect Dog&#8221; pied\u0101v\u0101 su\u0146u un to saimnieku apm\u0101c\u012bbu, su\u0146u uzved\u012bbas konsult\u0101cijas, semin\u0101rus saimniekiem, k\u0101 ar\u012b su\u0146u pieskat\u012b\u0161anas pakalpojumus, ja dodaties atva\u013cin\u0101jum\u0101 un Jums j\u016bsu m\u012bluli nav kam atst\u0101t uz pien\u0101c\u012bgu apr\u016bpi.<\/p>\n\t<p><strong>Kategorijas<\/strong><\/p>\n<p><a href=\"https:\/\/myperfectdog.lv\/en\/apmacibu-piedavajums\/\">Apm\u0101c\u012bbu pied\u0101v\u0101jums<\/a><\/p>\n<p><a href=\"hhttps:\/\/myperfectdog.lv\/izglitojosi-raksti\/\">Izgl\u012btojo\u0161i materi\u0101li<\/a><\/p>\n<p><a href=\"https:\/\/myperfectdog.lv\/en\/kontakti\/\">Kontakti<\/a><\/p>\n<p><a href=\"https:\/\/myperfectdog.lv\/en\/manifests\/\">M\u016aSU MANIFESTS<\/a><\/p>\n\t<p><strong>Sazi\u0146ai<\/strong><\/p>\n<p>Su\u0146u apm\u0101c\u012bbas treneres &amp; uzved\u012bbas speci\u0101listes L\u012bgas tel.nr. <\/p>\n<p>+371 26488490<\/p>\n\t<p><strong>Seko &#8220;My Perfect Dog&#8221;<\/strong><\/p>","protected":false},"excerpt":{"rendered":"<p>Su\u0146a dabisk\u0101s pamatvajadz\u012bbas un to loma su\u0146a apm\u0101c\u012bb\u0101 Su\u0146a dabisk\u0101s pamatvajadz\u012bbas un to loma su\u0146a apm\u0101c\u012bb\u0101 Su\u0146a dabisk\u0101s pamatvajadz\u012bbas ir t\u0113ma, ko b\u016btu v\u0113rt\u012bgi p\u0101rzin\u0101t ikvienam, kura \u0123imen\u0113 ir suns. Zin\u0101\u0161anas par su\u0146a pamatvajadz\u012bb\u0101m ir noz\u012bm\u012bgs atbalsts harmonisku su\u0146a-saimnieka attiec\u012bbu veido\u0161an\u0101. T\u0101s ir ar\u012b m\u016bsdien\u012bgas, pret suni \u0113tiskas apm\u0101c\u012bbas pamats un l\u012bdzeklis, kas pal\u012bdz\u0113s c\u012b\u0146\u0101&hellip;<\/p>","protected":false},"author":1,"featured_media":0,"parent":2210,"menu_order":1,"comment_status":"closed","ping_status":"closed","template":"","meta":{"footnotes":""},"class_list":["post-3178","page","type-page","status-publish","hentry"],"yoast_head":"<!-- This site is optimized with the Yoast SEO plugin v27.5 - https:\/\/yoast.com\/product\/yoast-seo-wordpress\/ -->\n<title>Su\u0146a dabisk\u0101s pamatvajadz\u012bbas | MyPerfectDog.lv<\/title>\n<meta name=\"robots\" content=\"index, follow, max-snippet:-1, max-image-preview:large, max-video-preview:-1\" \/>\n<link rel=\"canonical\" href=\"https:\/\/myperfectdog.lv\/en\/izglitojosi\/suna-dabiskas-pamatvajadzibas\/\" \/>\n<meta property=\"og:locale\" content=\"en_GB\" \/>\n<meta property=\"og:type\" content=\"article\" \/>\n<meta property=\"og:title\" content=\"Su\u0146a dabisk\u0101s pamatvajadz\u012bbas | MyPerfectDog.lv\" \/>\n<meta property=\"og:description\" content=\"Su\u0146a dabisk\u0101s pamatvajadz\u012bbas un to loma su\u0146a apm\u0101c\u012bb\u0101 Su\u0146a dabisk\u0101s pamatvajadz\u012bbas un to loma su\u0146a apm\u0101c\u012bb\u0101 Su\u0146a dabisk\u0101s pamatvajadz\u012bbas ir t\u0113ma, ko b\u016btu v\u0113rt\u012bgi p\u0101rzin\u0101t ikvienam, kura \u0123imen\u0113 ir suns. Zin\u0101\u0161anas par su\u0146a pamatvajadz\u012bb\u0101m ir noz\u012bm\u012bgs atbalsts harmonisku su\u0146a-saimnieka attiec\u012bbu veido\u0161an\u0101. T\u0101s ir ar\u012b m\u016bsdien\u012bgas, pret suni \u0113tiskas apm\u0101c\u012bbas pamats un l\u012bdzeklis, kas pal\u012bdz\u0113s c\u012b\u0146\u0101&hellip;\" \/>\n<meta property=\"og:url\" content=\"https:\/\/myperfectdog.lv\/en\/izglitojosi\/suna-dabiskas-pamatvajadzibas\/\" \/>\n<meta property=\"og:site_name\" content=\"MyPerfectDog.lv\" \/>\n<meta property=\"article:modified_time\" content=\"2024-08-08T06:00:20+00:00\" \/>\n<meta property=\"og:image\" content=\"https:\/\/myperfectdog.lv\/wp-content\/uploads\/2020\/10\/MyPerfectDog-New-logo_peach_plakans.png\" \/>\n<meta name=\"twitter:card\" content=\"summary_large_image\" \/>\n<meta name=\"twitter:label1\" content=\"Estimated reading time\" \/>\n\t<meta name=\"twitter:data1\" content=\"8 minutes\" \/>\n<script type=\"application\/ld+json\" class=\"yoast-schema-graph\">{\"@context\":\"https:\\\/\\\/schema.org\",\"@graph\":[{\"@type\":\"WebPage\",\"@id\":\"https:\\\/\\\/myperfectdog.lv\\\/izglitojosi\\\/suna-dabiskas-pamatvajadzibas\\\/\",\"url\":\"https:\\\/\\\/myperfectdog.lv\\\/izglitojosi\\\/suna-dabiskas-pamatvajadzibas\\\/\",\"name\":\"Su\u0146a dabisk\u0101s pamatvajadz\u012bbas | MyPerfectDog.lv\",\"isPartOf\":{\"@id\":\"https:\\\/\\\/myperfectdog.lv\\\/#website\"},\"primaryImageOfPage\":{\"@id\":\"https:\\\/\\\/myperfectdog.lv\\\/izglitojosi\\\/suna-dabiskas-pamatvajadzibas\\\/#primaryimage\"},\"image\":{\"@id\":\"https:\\\/\\\/myperfectdog.lv\\\/izglitojosi\\\/suna-dabiskas-pamatvajadzibas\\\/#primaryimage\"},\"thumbnailUrl\":\"https:\\\/\\\/myperfectdog.lv\\\/wp-content\\\/uploads\\\/2020\\\/10\\\/MyPerfectDog-New-logo_peach_plakans.png\",\"datePublished\":\"2021-10-09T20:37:28+00:00\",\"dateModified\":\"2024-08-08T06:00:20+00:00\",\"breadcrumb\":{\"@id\":\"https:\\\/\\\/myperfectdog.lv\\\/izglitojosi\\\/suna-dabiskas-pamatvajadzibas\\\/#breadcrumb\"},\"inLanguage\":\"en-GB\",\"potentialAction\":[{\"@type\":\"ReadAction\",\"target\":[\"https:\\\/\\\/myperfectdog.lv\\\/izglitojosi\\\/suna-dabiskas-pamatvajadzibas\\\/\"]}]},{\"@type\":\"ImageObject\",\"inLanguage\":\"en-GB\",\"@id\":\"https:\\\/\\\/myperfectdog.lv\\\/izglitojosi\\\/suna-dabiskas-pamatvajadzibas\\\/#primaryimage\",\"url\":\"https:\\\/\\\/myperfectdog.lv\\\/wp-content\\\/uploads\\\/2020\\\/10\\\/MyPerfectDog-New-logo_peach_plakans.png\",\"contentUrl\":\"https:\\\/\\\/myperfectdog.lv\\\/wp-content\\\/uploads\\\/2020\\\/10\\\/MyPerfectDog-New-logo_peach_plakans.png\"},{\"@type\":\"BreadcrumbList\",\"@id\":\"https:\\\/\\\/myperfectdog.lv\\\/izglitojosi\\\/suna-dabiskas-pamatvajadzibas\\\/#breadcrumb\",\"itemListElement\":[{\"@type\":\"ListItem\",\"position\":1,\"name\":\"Home\",\"item\":\"https:\\\/\\\/myperfectdog.lv\\\/\"},{\"@type\":\"ListItem\",\"position\":2,\"name\":\"Izgl\u012btojo\u0161i materi\u0101li\",\"item\":\"https:\\\/\\\/myperfectdog.lv\\\/izglitojosi\\\/\"},{\"@type\":\"ListItem\",\"position\":3,\"name\":\"Su\u0146a dabisk\u0101s pamatvajadz\u012bbas\"}]},{\"@type\":\"WebSite\",\"@id\":\"https:\\\/\\\/myperfectdog.lv\\\/#website\",\"url\":\"https:\\\/\\\/myperfectdog.lv\\\/\",\"name\":\"MyPerfectDog.lv\",\"description\":\"Su\u0146u un saimnieku skola\",\"publisher\":{\"@id\":\"https:\\\/\\\/myperfectdog.lv\\\/#organization\"},\"potentialAction\":[{\"@type\":\"SearchAction\",\"target\":{\"@type\":\"EntryPoint\",\"urlTemplate\":\"https:\\\/\\\/myperfectdog.lv\\\/?s={search_term_string}\"},\"query-input\":{\"@type\":\"PropertyValueSpecification\",\"valueRequired\":true,\"valueName\":\"search_term_string\"}}],\"inLanguage\":\"en-GB\"},{\"@type\":\"Organization\",\"@id\":\"https:\\\/\\\/myperfectdog.lv\\\/#organization\",\"name\":\"Su\u0146u & saimnieku skola \\\"My Perfect Dog\\\"\",\"url\":\"https:\\\/\\\/myperfectdog.lv\\\/\",\"logo\":{\"@type\":\"ImageObject\",\"inLanguage\":\"en-GB\",\"@id\":\"https:\\\/\\\/myperfectdog.lv\\\/#\\\/schema\\\/logo\\\/image\\\/\",\"url\":\"https:\\\/\\\/myperfectdog.lv\\\/wp-content\\\/uploads\\\/2020\\\/10\\\/MyPerfectDog-New-logo_peach_plakans.png\",\"contentUrl\":\"https:\\\/\\\/myperfectdog.lv\\\/wp-content\\\/uploads\\\/2020\\\/10\\\/MyPerfectDog-New-logo_peach_plakans.png\",\"width\":1200,\"height\":636,\"caption\":\"Su\u0146u & saimnieku skola \\\"My Perfect Dog\\\"\"},\"image\":{\"@id\":\"https:\\\/\\\/myperfectdog.lv\\\/#\\\/schema\\\/logo\\\/image\\\/\"}}]}<\/script>\n<!-- \/ Yoast SEO plugin. -->","yoast_head_json":{"title":"Su\u0146a dabisk\u0101s pamatvajadz\u012bbas | MyPerfectDog.lv","robots":{"index":"index","follow":"follow","max-snippet":"max-snippet:-1","max-image-preview":"max-image-preview:large","max-video-preview":"max-video-preview:-1"},"canonical":"https:\/\/myperfectdog.lv\/en\/izglitojosi\/suna-dabiskas-pamatvajadzibas\/","og_locale":"en_GB","og_type":"article","og_title":"Su\u0146a dabisk\u0101s pamatvajadz\u012bbas | MyPerfectDog.lv","og_description":"Su\u0146a dabisk\u0101s pamatvajadz\u012bbas un to loma su\u0146a apm\u0101c\u012bb\u0101 Su\u0146a dabisk\u0101s pamatvajadz\u012bbas un to loma su\u0146a apm\u0101c\u012bb\u0101 Su\u0146a dabisk\u0101s pamatvajadz\u012bbas ir t\u0113ma, ko b\u016btu v\u0113rt\u012bgi p\u0101rzin\u0101t ikvienam, kura \u0123imen\u0113 ir suns. Zin\u0101\u0161anas par su\u0146a pamatvajadz\u012bb\u0101m ir noz\u012bm\u012bgs atbalsts harmonisku su\u0146a-saimnieka attiec\u012bbu veido\u0161an\u0101. T\u0101s ir ar\u012b m\u016bsdien\u012bgas, pret suni \u0113tiskas apm\u0101c\u012bbas pamats un l\u012bdzeklis, kas pal\u012bdz\u0113s c\u012b\u0146\u0101&hellip;","og_url":"https:\/\/myperfectdog.lv\/en\/izglitojosi\/suna-dabiskas-pamatvajadzibas\/","og_site_name":"MyPerfectDog.lv","article_modified_time":"2024-08-08T06:00:20+00:00","og_image":[{"url":"https:\/\/myperfectdog.lv\/wp-content\/uploads\/2020\/10\/MyPerfectDog-New-logo_peach_plakans.png","type":"","width":"","height":""}],"twitter_card":"summary_large_image","twitter_misc":{"Estimated reading time":"8 minutes"},"schema":{"@context":"https:\/\/schema.org","@graph":[{"@type":"WebPage","@id":"https:\/\/myperfectdog.lv\/izglitojosi\/suna-dabiskas-pamatvajadzibas\/","url":"https:\/\/myperfectdog.lv\/izglitojosi\/suna-dabiskas-pamatvajadzibas\/","name":"Su\u0146a dabisk\u0101s pamatvajadz\u012bbas | MyPerfectDog.lv","isPartOf":{"@id":"https:\/\/myperfectdog.lv\/#website"},"primaryImageOfPage":{"@id":"https:\/\/myperfectdog.lv\/izglitojosi\/suna-dabiskas-pamatvajadzibas\/#primaryimage"},"image":{"@id":"https:\/\/myperfectdog.lv\/izglitojosi\/suna-dabiskas-pamatvajadzibas\/#primaryimage"},"thumbnailUrl":"https:\/\/myperfectdog.lv\/wp-content\/uploads\/2020\/10\/MyPerfectDog-New-logo_peach_plakans.png","datePublished":"2021-10-09T20:37:28+00:00","dateModified":"2024-08-08T06:00:20+00:00","breadcrumb":{"@id":"https:\/\/myperfectdog.lv\/izglitojosi\/suna-dabiskas-pamatvajadzibas\/#breadcrumb"},"inLanguage":"en-GB","potentialAction":[{"@type":"ReadAction","target":["https:\/\/myperfectdog.lv\/izglitojosi\/suna-dabiskas-pamatvajadzibas\/"]}]},{"@type":"ImageObject","inLanguage":"en-GB","@id":"https:\/\/myperfectdog.lv\/izglitojosi\/suna-dabiskas-pamatvajadzibas\/#primaryimage","url":"https:\/\/myperfectdog.lv\/wp-content\/uploads\/2020\/10\/MyPerfectDog-New-logo_peach_plakans.png","contentUrl":"https:\/\/myperfectdog.lv\/wp-content\/uploads\/2020\/10\/MyPerfectDog-New-logo_peach_plakans.png"},{"@type":"BreadcrumbList","@id":"https:\/\/myperfectdog.lv\/izglitojosi\/suna-dabiskas-pamatvajadzibas\/#breadcrumb","itemListElement":[{"@type":"ListItem","position":1,"name":"Home","item":"https:\/\/myperfectdog.lv\/"},{"@type":"ListItem","position":2,"name":"Izgl\u012btojo\u0161i materi\u0101li","item":"https:\/\/myperfectdog.lv\/izglitojosi\/"},{"@type":"ListItem","position":3,"name":"Su\u0146a dabisk\u0101s pamatvajadz\u012bbas"}]},{"@type":"WebSite","@id":"https:\/\/myperfectdog.lv\/#website","url":"https:\/\/myperfectdog.lv\/","name":"MyPerfectDog.lv","description":"Su\u0146u un saimnieku skola","publisher":{"@id":"https:\/\/myperfectdog.lv\/#organization"},"potentialAction":[{"@type":"SearchAction","target":{"@type":"EntryPoint","urlTemplate":"https:\/\/myperfectdog.lv\/?s={search_term_string}"},"query-input":{"@type":"PropertyValueSpecification","valueRequired":true,"valueName":"search_term_string"}}],"inLanguage":"en-GB"},{"@type":"Organization","@id":"https:\/\/myperfectdog.lv\/#organization","name":"Su\u0146u & saimnieku skola \"My Perfect Dog\"","url":"https:\/\/myperfectdog.lv\/","logo":{"@type":"ImageObject","inLanguage":"en-GB","@id":"https:\/\/myperfectdog.lv\/#\/schema\/logo\/image\/","url":"https:\/\/myperfectdog.lv\/wp-content\/uploads\/2020\/10\/MyPerfectDog-New-logo_peach_plakans.png","contentUrl":"https:\/\/myperfectdog.lv\/wp-content\/uploads\/2020\/10\/MyPerfectDog-New-logo_peach_plakans.png","width":1200,"height":636,"caption":"Su\u0146u & saimnieku skola \"My Perfect Dog\""},"image":{"@id":"https:\/\/myperfectdog.lv\/#\/schema\/logo\/image\/"}}]}},"jetpack_sharing_enabled":true,"_links":{"self":[{"href":"https:\/\/myperfectdog.lv\/en\/wp-json\/wp\/v2\/pages\/3178","targetHints":{"allow":["GET"]}}],"collection":[{"href":"https:\/\/myperfectdog.lv\/en\/wp-json\/wp\/v2\/pages"}],"about":[{"href":"https:\/\/myperfectdog.lv\/en\/wp-json\/wp\/v2\/types\/page"}],"author":[{"embeddable":true,"href":"https:\/\/myperfectdog.lv\/en\/wp-json\/wp\/v2\/users\/1"}],"replies":[{"embeddable":true,"href":"https:\/\/myperfectdog.lv\/en\/wp-json\/wp\/v2\/comments?post=3178"}],"version-history":[{"count":0,"href":"https:\/\/myperfectdog.lv\/en\/wp-json\/wp\/v2\/pages\/3178\/revisions"}],"up":[{"embeddable":true,"href":"https:\/\/myperfectdog.lv\/en\/wp-json\/wp\/v2\/pages\/2210"}],"wp:attachment":[{"href":"https:\/\/myperfectdog.lv\/en\/wp-json\/wp\/v2\/media?parent=3178"}],"curies":[{"name":"wp","href":"https:\/\/api.w.org\/{rel}","templated":true}]}}