{"id":3343,"date":"2021-10-28T17:17:00","date_gmt":"2021-10-28T15:17:00","guid":{"rendered":"https:\/\/myperfectdog.lv\/?page_id=3343"},"modified":"2024-08-08T15:48:44","modified_gmt":"2024-08-08T13:48:44","slug":"optimistisks-pasparliecinats-suns","status":"publish","type":"page","link":"https:\/\/myperfectdog.lv\/en\/izglitojosi\/optimistisks-pasparliecinats-suns\/","title":{"rendered":"Koncepts: Optimistisks-pa\u0161p\u0101rliecin\u0101ts suns"},"content":{"rendered":"<a href=\"https:\/\/myperfectdog.lv\/en\/\" target=\"_self\" itemprop=\"url\" rel=\"noopener\">\n\t\t\t\t<img decoding=\"async\" src=\"https:\/\/myperfectdog.lv\/wp-content\/uploads\/2020\/10\/MyPerfectDog-New-logo_peach_plakans.png\" alt=\"MyPerfectDog-New-logo_peach_plakans\" itemprop=\"image\" title=\"MyPerfectDog-New-logo_peach_plakans\" onerror=\"this.style.display='none'\"  \/>\n\t\t\t\t<\/a>\n\t\t\t\t<img decoding=\"async\" src=\"https:\/\/myperfectdog.lv\/wp-content\/uploads\/2020\/10\/MyPerfectDog-New-logo_peach_plakans.png\" alt=\"MyPerfectDog-New-logo_peach_plakans\" itemprop=\"image\" title=\"MyPerfectDog-New-logo_peach_plakans\" onerror=\"this.style.display='none'\"  \/>\n<h2>\n\t\tSU\u0145U APM\u0100C\u012aBAS UN IKDIENAS KONCEPTI:\n\t<\/h2>\n<h2>\n\t\tOPTIMISMS &#038; PA\u0160P\u0100RLIECIN\u0100T\u012aBA\n\t<\/h2>\n\t<p>Su\u0146u un saimnieku skola &#8220;My Perfect Dog&#8221; \u012bsteno pozit\u012bvo konceptu apm\u0101c\u012bbu, kas sunim veido fleksiblu dom\u0101\u0161anu, m\u0101ca mieru, fokusu un sadarb\u012bbu ar saimnieku, t\u0101 pal\u012bdzot pie\u0146emt pareizus l\u0113mumus da\u017e\u0101d\u0101s ikdienas situ\u0101cij\u0101s un motiv\u0113jot v\u0113lamo uzved\u012bbu. \u0160\u012b apm\u0101c\u012bbas pieeja balst\u0101s uz vair\u0101kiem pamatkonceptiem: <a href=\"https:\/\/myperfectdog.lv\/en\/izglitojosi-raksti\/koncepti-emocionalais-miers-suna-ikdiena\/\">emocion\u0101lo mieru,<\/a><a href=\"https:\/\/myperfectdog.lv\/en\/izglitojosi-raksti\/atteiksanas-koncepts\/\"> atteik\u0161anos<\/a>, <a href=\"https:\/\/myperfectdog.lv\/en\/izglitojosi-raksti\/koncepts-fleksibilitate\/\">fleksibilit\u0101ti<\/a>, <a href=\"https:\/\/myperfectdog.lv\/en\/izglitojosi-raksti\/optimistisks-pasparliecinats-suns\/\">optimismu &amp; pa\u0161p\u0101rliecin\u0101t\u012bbu<\/a>, kontaktu ar saimnieku &amp; fokus\u0113\u0161anos, <a href=\"https:\/\/myperfectdog.lv\/en\/koncepts-impulsu-kontrole-aktivitates-maina\/\">impulsu kontroli &amp; aktivit\u0101tes mai\u0146u<\/a>. Vair\u0101k par konceptiem un su\u0146u psiholo\u0123iju uzzin\u0101siet <a href=\"https:\/\/myperfectdog.lv\/en\/product\/divas-izglitojosas-lekcijas-toposajiem-un-esosajiem-sunu-saimniekiem\/\">1.izgl\u012btojo\u0161aj\u0101 vebin\u0101r\u0101 su\u0146u saimniekiem.\u00a0<\/a><\/p>\n<p>\u0160aj\u0101 rakst\u0101 aprakst\u012bsim optimisma un pa\u0161p\u0101rliecin\u0101t\u012bbas konceptu.<\/p>\n<p>Optimistisks un pa\u0161p\u0101rliecin\u0101ts suns ir mier\u012bgs, uztver lietas\/notikumus bez lieka stresa un ir atv\u0113rt\u0101ks apm\u0101c\u012bbai, k\u0101 ar\u012b arvien jaun\u0101m pieredz\u0113m, kas tiek piedz\u012bvotas. Optimistisks un pa\u0161p\u0101rliecin\u0101ts suns \u0101tri neuzvelkas, nek\u013c\u016bst regul\u0101ri bail\u012bgs un reakt\u012bvs vai agres\u012bvs.<\/p>\n\t\t\t\t<img decoding=\"async\" src=\"https:\/\/myperfectdog.lv\/wp-content\/uploads\/2022\/03\/pexels-helena-lopes-3114143-1.jpg\" alt=\"pexels-helena-lopes-3114143 (1)\" itemprop=\"image\" title=\"pexels-helena-lopes-3114143 (1)\" onerror=\"this.style.display='none'\"  \/>\n\t<p>Optimisms un pa\u0161p\u0101rliecin\u0101t\u012bba ir tas koncepts, kas j\u0101pilnveido sun\u012b jau no agra kuc\u0113nu vecuma, tom\u0113r optimismu un pa\u0161p\u0101rliecin\u0101t\u012bbu var celt sunim jebkur\u0101 vecum\u0101.<\/p>\n<p>Saimnieka pien\u0101kums un atbild\u012bba ir nodro\u0161in\u0101t savam sunim daudzveid\u012bgu, pozit\u012bvu vai neitr\u0101lu pieredzi da\u017e\u0101d\u0101s dz\u012bves situ\u0101cij\u0101s, apzinoties, ka suns m\u0101c\u0101s bez apst\u0101jas un tas, ko vi\u0146\u0161 pieredz sav\u0101 ikdien\u0101 veido vi\u0146a optimisma un pa\u0161p\u0101rliecin\u0101t\u012bbas l\u012bmeni.<\/p>\n<h2>\n\t\tK\u0101 veicin\u0101t sun\u012b optimismu un pa\u0161p\u0101rliecin\u0101t\u012bbu?\n\t<\/h2>\n\t<ol>\n<li>Kuc\u0113na pareizai socializ\u0101cijai ir \u013coti b\u016btiska loma optimisma un pa\u0161p\u0101rliecin\u0101t\u012bbas koncepta izveido\u0161anai un nostiprin\u0101\u0161anai sun\u012b. Socializ\u0101ciju parasti s\u0101k m\u0101j\u0101s, pak\u0101peniski p\u0101rejot uz pagalmu un v\u0113l\u0101k dodoties jau pla\u0161\u0101k\u0101 sabiedr\u012bb\u0101, r\u0101dot sunim da\u017e\u0101das daudzveid\u012bgas, jaunas lietas, vietas, cilv\u0113kus, su\u0146us, utt.. Ta\u010du, kas b\u016btiski &#8211; pareiza su\u0146a socializ\u0101cija noz\u012bm\u0113, ka tas tiek dar\u012bts \u013coti pak\u0101peniski, piel\u0101gojoties konkr\u0113tajam sunim &#8211; indiv\u012bdam, v\u0113rojot su\u0146a emocijas un <a href=\"https:\/\/myperfectdog.lv\/en\/product\/divas-izglitojosas-lekcijas-toposajiem-un-esosajiem-sunu-saimniekiem\/\">\u0137erme\u0146a valodu<\/a>.<\/li>\n<li>Jebkur\u0101 vecum\u0101 socializ\u0101ciju ar sunim jaun\u0101m, neierast\u0101m vai pat d\u012bvain\u0101m liet\u0101m, t\u0101d\u0101 veid\u0101 ce\u013cot optimismu un pa\u0161p\u0101rliecin\u0101t\u012bbu, var organiz\u0113t caur sp\u0113li &#8220;Lietu bardaks&#8221;. Tas noz\u012bm\u0113, ka sunim dro\u0161\u0101 vid\u0113, tiek salikti visda\u017e\u0101d\u0101kie priek\u0161meti izp\u0113tei &#8211; piem\u0113ram, kartona kastes, lietussargs, maisi\u0146i, pudeles, katli\u0146i, m\u012bkst\u0101s manti\u0146as, utt. P\u0113c tam tiek telp\u0101 vai pagalm\u0101 ielaist suns, un vi\u0146am tiek dota iesp\u0113ja pa\u0161am sav\u0101 temp\u0101 izzin\u0101t visu. \u0160is uzdevums ar\u012b izteiksm\u012bgi par\u0101da su\u0146a temperamentu un to, cik p\u0101rliecin\u0101ts un optimistisks vi\u0146\u0161 j\u016btas ap da\u017e\u0101diem jauniem objektiem, viet\u0101m utt.\u00a0<\/li>\n<li>Socializ\u0101cijas period\u0101 (2 &#8211; 5 m\u0113ne\u0161i) ir svar\u012bgi sunim nodro\u0161in\u0101t tikai pozit\u012bvas vai neitr\u0101las pieredzes, jo jebkura negat\u012bva pieredze veicin\u0101s pesimismu un nep\u0101rliecin\u0101t\u012bbu sun\u012b, it \u012bpa\u0161i konkr\u0113taj\u0101s situ\u0101cij\u0101s. Attiec\u012bgi, jo vair\u0101k negat\u012bvu piered\u017eu, jo bail\u012bg\u0101ks, nep\u0101rliecin\u0101t\u0101ks suns izaugs. T\u0101p\u0113c b\u016btiski ir atcer\u0113ties \u0161o faktu &#8211; lab\u0101k, lai sunim pieredzes ir maz\u0101k, bet t\u0101s visas ir pozit\u012bvas vai neitr\u0101las, nek\u0101 p\u0101rfors\u0113ta socializ\u0101cija, kad suns bez apst\u0101jas tiek vests uz da\u017e\u0101d\u0101m viet\u0101m un pieredz\u0113jis da\u017e\u0101dus notikumus, kas bie\u017ei vien biju\u0161i daudz par diskomfortablu, nepat\u012bkamu vai bail\u012bgu konkr\u0113tajam sunim.\u00a0<\/li>\n<li>Su\u0146a pa\u0161p\u0101rliecin\u0101t\u012bbu un optimismu motiv\u0113s ar\u012b veiksm\u012bgs, cie\u0161s un uzticams kontakts ar saimnieku. Ja sunim ir labs kontakts ar saimnieku un saimnieks uzticas sunim, savuk\u0101rt suns &#8211; saimniekam, tas b\u016btiski ietekm\u0113s su\u0146a uzved\u012bbu un pa\u0161saj\u016btu.<\/li>\n<li>Form\u0113\u0161ana jeb uzved\u012bbu transform\u0113jo\u0161\u0101s sp\u0113les. Sp\u0113l\u0113jot ar suni t\u0101das ment\u0101l\u0101s sp\u0113les, kur saimnieks sunim nesaka un ner\u0101da neko priek\u0161\u0101, aicinot suni pa\u0161am dom\u0101t un pied\u0101v\u0101t konkr\u0113tu darb\u012bbu \/ uzved\u012bbu. Attiec\u012bgi, kad m\u0113s nov\u0113rojam uzved\u012bbu vai darb\u012bbu, kas m\u016bs apmierina &#8211; m\u0113s apbalvojam suni, t\u0101d\u0101 veid\u0101 ne tikai ce\u013cot su\u0146a pa\u0161p\u0101rliecin\u0101t\u012bbu un veicinot apzi\u0146u, ka suns ir pats sp\u0113j\u012bgs dom\u0101t un pie\u0146emt pareizus l\u0113mumus, bet ar\u012b motiv\u0113jot sun\u012b optimismu ikdien\u0101.<\/li>\n<\/ol>\n<h2>\n\t\tSp\u0113les, kas pal\u012bdz\u0113s celt su\u0146a optimismu &#038; pa\u0161p\u0101rliecin\u0101t\u012bbu:\n\t<\/h2>\n\t1. &#8220;Lietu bardaks&#8221; jeb da\u017e\u0101du objektu (piem\u0113ram, kartona kaste, lietussargs, rota\u013cu l\u0101cis, kr\u0113sls apg\u0101zts otr\u0101di, iepakojumi, veci dr\u0113bju gabali no radiem, kaimi\u0146iem) izvieto\u0161ana vien\u0101 telp\u0101.<br \/>\n2. &#8220;\u0160\u0137\u0113r\u0161\u013cu josla&#8221; jeb da\u017e\u0101du objektu izvieto\u0161ana pa telpu vai pagalm\u0101, lai sunim b\u016btu iesp\u0113ja l\u012bst cauri, virs\u016b, iek\u0101pt iek\u0161\u0101 utt.<br \/>\n3. Priek\u0161k\u0101ju novieto\u0161ana uz paaugstin\u0101juma.<br \/>\n4. Sp\u0113le ar konusu, labpr\u0101t\u012bgi ievietojot su\u0146a purni\u0146u konus\u0101.<br \/>\n5. &#8220;Middle&#8221; jeb nost\u0101\u0161an\u0101s starp saimnieka k\u0101j\u0101m.<br \/>\n6. Pudele vai kaste ar troksni.\n\t<p><strong>Par &#8220;My Perfect Dog&#8221;<\/strong><\/p>\n<p>&#8220;My Perfect Dog&#8221; ir z\u012bmols, kas reprezent\u0113 ikvienu suni &#8211; jo ikviens suns ir perfekts, it \u012bpa\u0161i sava m\u012b\u013c\u0101 saimnieka ac\u012bs!<\/p>\n<p>Z\u012bmols &#8220;My Perfect Dog&#8221; pied\u0101v\u0101 su\u0146u un to saimnieku apm\u0101c\u012bbu, su\u0146u uzved\u012bbas konsult\u0101cijas, semin\u0101rus saimniekiem, k\u0101 ar\u012b su\u0146u pieskat\u012b\u0161anas pakalpojumus, ja dodaties atva\u013cin\u0101jum\u0101 un Jums j\u016bsu m\u012bluli nav kam atst\u0101t uz pien\u0101c\u012bgu apr\u016bpi.<\/p>\n\t<p><strong>Kategorijas<\/strong><\/p>\n<p><a href=\"https:\/\/myperfectdog.lv\/en\/apmacibu-piedavajums\/\">Apm\u0101c\u012bbu pied\u0101v\u0101jums<\/a><\/p>\n<p><a href=\"hhttps:\/\/myperfectdog.lv\/izglitojosi-raksti\/\">Izgl\u012btojo\u0161i materi\u0101li<\/a><\/p>\n<p><a href=\"https:\/\/myperfectdog.lv\/en\/kontakti\/\">Kontakti<\/a><\/p>\n<p><a href=\"https:\/\/myperfectdog.lv\/en\/manifests\/\">M\u016aSU MANIFESTS<\/a><\/p>\n\t<p><strong>Sazi\u0146ai<\/strong><\/p>\n<p>Su\u0146u apm\u0101c\u012bbas treneres &amp; uzved\u012bbas speci\u0101listes L\u012bgas tel.nr. <\/p>\n<p>+371 26488490<\/p>\n\t<p><strong>Seko &#8220;My Perfect Dog&#8221;<\/strong><\/p>","protected":false},"excerpt":{"rendered":"<p>SU\u0145U APM\u0100C\u012aBAS UN IKDIENAS KONCEPTI: OPTIMISMS &#038; PA\u0160P\u0100RLIECIN\u0100T\u012aBA Su\u0146u un saimnieku skola &#8220;My Perfect Dog&#8221; \u012bsteno pozit\u012bvo konceptu apm\u0101c\u012bbu, kas sunim veido fleksiblu dom\u0101\u0161anu, m\u0101ca mieru, fokusu un sadarb\u012bbu ar saimnieku, t\u0101 pal\u012bdzot pie\u0146emt pareizus l\u0113mumus da\u017e\u0101d\u0101s ikdienas situ\u0101cij\u0101s un motiv\u0113jot v\u0113lamo uzved\u012bbu. \u0160\u012b apm\u0101c\u012bbas pieeja balst\u0101s uz vair\u0101kiem pamatkonceptiem: emocion\u0101lo mieru, atteik\u0161anos, fleksibilit\u0101ti, optimismu&hellip;<\/p>","protected":false},"author":1,"featured_media":0,"parent":2210,"menu_order":1,"comment_status":"closed","ping_status":"closed","template":"","meta":{"footnotes":""},"class_list":["post-3343","page","type-page","status-publish","hentry"],"yoast_head":"<!-- This site is optimized with the Yoast SEO plugin v27.5 - https:\/\/yoast.com\/product\/yoast-seo-wordpress\/ -->\n<title>Koncepts: Optimistisks-pa\u0161p\u0101rliecin\u0101ts suns | MyPerfectDog.lv<\/title>\n<meta name=\"robots\" content=\"index, follow, max-snippet:-1, max-image-preview:large, max-video-preview:-1\" \/>\n<link rel=\"canonical\" href=\"https:\/\/myperfectdog.lv\/en\/izglitojosi\/optimistisks-pasparliecinats-suns\/\" \/>\n<meta property=\"og:locale\" content=\"en_GB\" \/>\n<meta property=\"og:type\" content=\"article\" \/>\n<meta property=\"og:title\" content=\"Koncepts: Optimistisks-pa\u0161p\u0101rliecin\u0101ts suns | MyPerfectDog.lv\" \/>\n<meta property=\"og:description\" content=\"SU\u0145U APM\u0100C\u012aBAS UN IKDIENAS KONCEPTI: OPTIMISMS &#038; PA\u0160P\u0100RLIECIN\u0100T\u012aBA Su\u0146u un saimnieku skola &#8220;My Perfect Dog&#8221; \u012bsteno pozit\u012bvo konceptu apm\u0101c\u012bbu, kas sunim veido fleksiblu dom\u0101\u0161anu, m\u0101ca mieru, fokusu un sadarb\u012bbu ar saimnieku, t\u0101 pal\u012bdzot pie\u0146emt pareizus l\u0113mumus da\u017e\u0101d\u0101s ikdienas situ\u0101cij\u0101s un motiv\u0113jot v\u0113lamo uzved\u012bbu. \u0160\u012b apm\u0101c\u012bbas pieeja balst\u0101s uz vair\u0101kiem pamatkonceptiem: emocion\u0101lo mieru, atteik\u0161anos, fleksibilit\u0101ti, optimismu&hellip;\" \/>\n<meta property=\"og:url\" content=\"https:\/\/myperfectdog.lv\/en\/izglitojosi\/optimistisks-pasparliecinats-suns\/\" \/>\n<meta property=\"og:site_name\" content=\"MyPerfectDog.lv\" \/>\n<meta property=\"article:modified_time\" content=\"2024-08-08T13:48:44+00:00\" \/>\n<meta property=\"og:image\" content=\"https:\/\/myperfectdog.lv\/wp-content\/uploads\/2020\/10\/MyPerfectDog-New-logo_peach_plakans.png\" \/>\n<meta name=\"twitter:card\" content=\"summary_large_image\" \/>\n<meta name=\"twitter:label1\" content=\"Estimated reading time\" \/>\n\t<meta name=\"twitter:data1\" content=\"5 minutes\" \/>\n<script type=\"application\/ld+json\" class=\"yoast-schema-graph\">{\"@context\":\"https:\\\/\\\/schema.org\",\"@graph\":[{\"@type\":\"WebPage\",\"@id\":\"https:\\\/\\\/myperfectdog.lv\\\/izglitojosi\\\/optimistisks-pasparliecinats-suns\\\/\",\"url\":\"https:\\\/\\\/myperfectdog.lv\\\/izglitojosi\\\/optimistisks-pasparliecinats-suns\\\/\",\"name\":\"Koncepts: Optimistisks-pa\u0161p\u0101rliecin\u0101ts suns | MyPerfectDog.lv\",\"isPartOf\":{\"@id\":\"https:\\\/\\\/myperfectdog.lv\\\/#website\"},\"primaryImageOfPage\":{\"@id\":\"https:\\\/\\\/myperfectdog.lv\\\/izglitojosi\\\/optimistisks-pasparliecinats-suns\\\/#primaryimage\"},\"image\":{\"@id\":\"https:\\\/\\\/myperfectdog.lv\\\/izglitojosi\\\/optimistisks-pasparliecinats-suns\\\/#primaryimage\"},\"thumbnailUrl\":\"https:\\\/\\\/myperfectdog.lv\\\/wp-content\\\/uploads\\\/2020\\\/10\\\/MyPerfectDog-New-logo_peach_plakans.png\",\"datePublished\":\"2021-10-28T15:17:00+00:00\",\"dateModified\":\"2024-08-08T13:48:44+00:00\",\"breadcrumb\":{\"@id\":\"https:\\\/\\\/myperfectdog.lv\\\/izglitojosi\\\/optimistisks-pasparliecinats-suns\\\/#breadcrumb\"},\"inLanguage\":\"en-GB\",\"potentialAction\":[{\"@type\":\"ReadAction\",\"target\":[\"https:\\\/\\\/myperfectdog.lv\\\/izglitojosi\\\/optimistisks-pasparliecinats-suns\\\/\"]}]},{\"@type\":\"ImageObject\",\"inLanguage\":\"en-GB\",\"@id\":\"https:\\\/\\\/myperfectdog.lv\\\/izglitojosi\\\/optimistisks-pasparliecinats-suns\\\/#primaryimage\",\"url\":\"https:\\\/\\\/myperfectdog.lv\\\/wp-content\\\/uploads\\\/2020\\\/10\\\/MyPerfectDog-New-logo_peach_plakans.png\",\"contentUrl\":\"https:\\\/\\\/myperfectdog.lv\\\/wp-content\\\/uploads\\\/2020\\\/10\\\/MyPerfectDog-New-logo_peach_plakans.png\"},{\"@type\":\"BreadcrumbList\",\"@id\":\"https:\\\/\\\/myperfectdog.lv\\\/izglitojosi\\\/optimistisks-pasparliecinats-suns\\\/#breadcrumb\",\"itemListElement\":[{\"@type\":\"ListItem\",\"position\":1,\"name\":\"Home\",\"item\":\"https:\\\/\\\/myperfectdog.lv\\\/\"},{\"@type\":\"ListItem\",\"position\":2,\"name\":\"Izgl\u012btojo\u0161i materi\u0101li\",\"item\":\"https:\\\/\\\/myperfectdog.lv\\\/izglitojosi\\\/\"},{\"@type\":\"ListItem\",\"position\":3,\"name\":\"Koncepts: Optimistisks-pa\u0161p\u0101rliecin\u0101ts suns\"}]},{\"@type\":\"WebSite\",\"@id\":\"https:\\\/\\\/myperfectdog.lv\\\/#website\",\"url\":\"https:\\\/\\\/myperfectdog.lv\\\/\",\"name\":\"MyPerfectDog.lv\",\"description\":\"Su\u0146u un saimnieku skola\",\"publisher\":{\"@id\":\"https:\\\/\\\/myperfectdog.lv\\\/#organization\"},\"potentialAction\":[{\"@type\":\"SearchAction\",\"target\":{\"@type\":\"EntryPoint\",\"urlTemplate\":\"https:\\\/\\\/myperfectdog.lv\\\/?s={search_term_string}\"},\"query-input\":{\"@type\":\"PropertyValueSpecification\",\"valueRequired\":true,\"valueName\":\"search_term_string\"}}],\"inLanguage\":\"en-GB\"},{\"@type\":\"Organization\",\"@id\":\"https:\\\/\\\/myperfectdog.lv\\\/#organization\",\"name\":\"Su\u0146u & saimnieku skola \\\"My Perfect Dog\\\"\",\"url\":\"https:\\\/\\\/myperfectdog.lv\\\/\",\"logo\":{\"@type\":\"ImageObject\",\"inLanguage\":\"en-GB\",\"@id\":\"https:\\\/\\\/myperfectdog.lv\\\/#\\\/schema\\\/logo\\\/image\\\/\",\"url\":\"https:\\\/\\\/myperfectdog.lv\\\/wp-content\\\/uploads\\\/2020\\\/10\\\/MyPerfectDog-New-logo_peach_plakans.png\",\"contentUrl\":\"https:\\\/\\\/myperfectdog.lv\\\/wp-content\\\/uploads\\\/2020\\\/10\\\/MyPerfectDog-New-logo_peach_plakans.png\",\"width\":1200,\"height\":636,\"caption\":\"Su\u0146u & saimnieku skola \\\"My Perfect Dog\\\"\"},\"image\":{\"@id\":\"https:\\\/\\\/myperfectdog.lv\\\/#\\\/schema\\\/logo\\\/image\\\/\"}}]}<\/script>\n<!-- \/ Yoast SEO plugin. -->","yoast_head_json":{"title":"Koncepts: Optimistisks-pa\u0161p\u0101rliecin\u0101ts suns | MyPerfectDog.lv","robots":{"index":"index","follow":"follow","max-snippet":"max-snippet:-1","max-image-preview":"max-image-preview:large","max-video-preview":"max-video-preview:-1"},"canonical":"https:\/\/myperfectdog.lv\/en\/izglitojosi\/optimistisks-pasparliecinats-suns\/","og_locale":"en_GB","og_type":"article","og_title":"Koncepts: Optimistisks-pa\u0161p\u0101rliecin\u0101ts suns | MyPerfectDog.lv","og_description":"SU\u0145U APM\u0100C\u012aBAS UN IKDIENAS KONCEPTI: OPTIMISMS &#038; PA\u0160P\u0100RLIECIN\u0100T\u012aBA Su\u0146u un saimnieku skola &#8220;My Perfect Dog&#8221; \u012bsteno pozit\u012bvo konceptu apm\u0101c\u012bbu, kas sunim veido fleksiblu dom\u0101\u0161anu, m\u0101ca mieru, fokusu un sadarb\u012bbu ar saimnieku, t\u0101 pal\u012bdzot pie\u0146emt pareizus l\u0113mumus da\u017e\u0101d\u0101s ikdienas situ\u0101cij\u0101s un motiv\u0113jot v\u0113lamo uzved\u012bbu. \u0160\u012b apm\u0101c\u012bbas pieeja balst\u0101s uz vair\u0101kiem pamatkonceptiem: emocion\u0101lo mieru, atteik\u0161anos, fleksibilit\u0101ti, optimismu&hellip;","og_url":"https:\/\/myperfectdog.lv\/en\/izglitojosi\/optimistisks-pasparliecinats-suns\/","og_site_name":"MyPerfectDog.lv","article_modified_time":"2024-08-08T13:48:44+00:00","og_image":[{"url":"https:\/\/myperfectdog.lv\/wp-content\/uploads\/2020\/10\/MyPerfectDog-New-logo_peach_plakans.png","type":"","width":"","height":""}],"twitter_card":"summary_large_image","twitter_misc":{"Estimated reading time":"5 minutes"},"schema":{"@context":"https:\/\/schema.org","@graph":[{"@type":"WebPage","@id":"https:\/\/myperfectdog.lv\/izglitojosi\/optimistisks-pasparliecinats-suns\/","url":"https:\/\/myperfectdog.lv\/izglitojosi\/optimistisks-pasparliecinats-suns\/","name":"Koncepts: Optimistisks-pa\u0161p\u0101rliecin\u0101ts suns | MyPerfectDog.lv","isPartOf":{"@id":"https:\/\/myperfectdog.lv\/#website"},"primaryImageOfPage":{"@id":"https:\/\/myperfectdog.lv\/izglitojosi\/optimistisks-pasparliecinats-suns\/#primaryimage"},"image":{"@id":"https:\/\/myperfectdog.lv\/izglitojosi\/optimistisks-pasparliecinats-suns\/#primaryimage"},"thumbnailUrl":"https:\/\/myperfectdog.lv\/wp-content\/uploads\/2020\/10\/MyPerfectDog-New-logo_peach_plakans.png","datePublished":"2021-10-28T15:17:00+00:00","dateModified":"2024-08-08T13:48:44+00:00","breadcrumb":{"@id":"https:\/\/myperfectdog.lv\/izglitojosi\/optimistisks-pasparliecinats-suns\/#breadcrumb"},"inLanguage":"en-GB","potentialAction":[{"@type":"ReadAction","target":["https:\/\/myperfectdog.lv\/izglitojosi\/optimistisks-pasparliecinats-suns\/"]}]},{"@type":"ImageObject","inLanguage":"en-GB","@id":"https:\/\/myperfectdog.lv\/izglitojosi\/optimistisks-pasparliecinats-suns\/#primaryimage","url":"https:\/\/myperfectdog.lv\/wp-content\/uploads\/2020\/10\/MyPerfectDog-New-logo_peach_plakans.png","contentUrl":"https:\/\/myperfectdog.lv\/wp-content\/uploads\/2020\/10\/MyPerfectDog-New-logo_peach_plakans.png"},{"@type":"BreadcrumbList","@id":"https:\/\/myperfectdog.lv\/izglitojosi\/optimistisks-pasparliecinats-suns\/#breadcrumb","itemListElement":[{"@type":"ListItem","position":1,"name":"Home","item":"https:\/\/myperfectdog.lv\/"},{"@type":"ListItem","position":2,"name":"Izgl\u012btojo\u0161i materi\u0101li","item":"https:\/\/myperfectdog.lv\/izglitojosi\/"},{"@type":"ListItem","position":3,"name":"Koncepts: Optimistisks-pa\u0161p\u0101rliecin\u0101ts suns"}]},{"@type":"WebSite","@id":"https:\/\/myperfectdog.lv\/#website","url":"https:\/\/myperfectdog.lv\/","name":"MyPerfectDog.lv","description":"Su\u0146u un saimnieku skola","publisher":{"@id":"https:\/\/myperfectdog.lv\/#organization"},"potentialAction":[{"@type":"SearchAction","target":{"@type":"EntryPoint","urlTemplate":"https:\/\/myperfectdog.lv\/?s={search_term_string}"},"query-input":{"@type":"PropertyValueSpecification","valueRequired":true,"valueName":"search_term_string"}}],"inLanguage":"en-GB"},{"@type":"Organization","@id":"https:\/\/myperfectdog.lv\/#organization","name":"Su\u0146u & saimnieku skola \"My Perfect Dog\"","url":"https:\/\/myperfectdog.lv\/","logo":{"@type":"ImageObject","inLanguage":"en-GB","@id":"https:\/\/myperfectdog.lv\/#\/schema\/logo\/image\/","url":"https:\/\/myperfectdog.lv\/wp-content\/uploads\/2020\/10\/MyPerfectDog-New-logo_peach_plakans.png","contentUrl":"https:\/\/myperfectdog.lv\/wp-content\/uploads\/2020\/10\/MyPerfectDog-New-logo_peach_plakans.png","width":1200,"height":636,"caption":"Su\u0146u & saimnieku skola \"My Perfect Dog\""},"image":{"@id":"https:\/\/myperfectdog.lv\/#\/schema\/logo\/image\/"}}]}},"jetpack_sharing_enabled":true,"_links":{"self":[{"href":"https:\/\/myperfectdog.lv\/en\/wp-json\/wp\/v2\/pages\/3343","targetHints":{"allow":["GET"]}}],"collection":[{"href":"https:\/\/myperfectdog.lv\/en\/wp-json\/wp\/v2\/pages"}],"about":[{"href":"https:\/\/myperfectdog.lv\/en\/wp-json\/wp\/v2\/types\/page"}],"author":[{"embeddable":true,"href":"https:\/\/myperfectdog.lv\/en\/wp-json\/wp\/v2\/users\/1"}],"replies":[{"embeddable":true,"href":"https:\/\/myperfectdog.lv\/en\/wp-json\/wp\/v2\/comments?post=3343"}],"version-history":[{"count":0,"href":"https:\/\/myperfectdog.lv\/en\/wp-json\/wp\/v2\/pages\/3343\/revisions"}],"up":[{"embeddable":true,"href":"https:\/\/myperfectdog.lv\/en\/wp-json\/wp\/v2\/pages\/2210"}],"wp:attachment":[{"href":"https:\/\/myperfectdog.lv\/en\/wp-json\/wp\/v2\/media?parent=3343"}],"curies":[{"name":"wp","href":"https:\/\/api.w.org\/{rel}","templated":true}]}}