{"id":3346,"date":"2021-11-09T15:25:11","date_gmt":"2021-11-09T13:25:11","guid":{"rendered":"https:\/\/myperfectdog.lv\/?page_id=3346"},"modified":"2024-08-08T15:38:37","modified_gmt":"2024-08-08T13:38:37","slug":"ka-rikoties-ja-suns-nav-ieinteresets-ediena","status":"publish","type":"page","link":"https:\/\/myperfectdog.lv\/en\/izglitojosi\/ka-rikoties-ja-suns-nav-ieinteresets-ediena\/","title":{"rendered":"K\u0101 r\u012bkoties, ja suns nav ieinteres\u0113ts \u0113dien\u0101?"},"content":{"rendered":"<a href=\"https:\/\/myperfectdog.lv\/en\/\" target=\"_self\" itemprop=\"url\" rel=\"noopener\">\n\t\t\t\t<img decoding=\"async\" src=\"https:\/\/myperfectdog.lv\/wp-content\/uploads\/2020\/10\/MyPerfectDog-New-logo_peach_plakans.png\" alt=\"MyPerfectDog-New-logo_peach_plakans\" itemprop=\"image\" title=\"MyPerfectDog-New-logo_peach_plakans\" onerror=\"this.style.display='none'\"  \/>\n\t\t\t\t<\/a>\n\t\t\t\t<img decoding=\"async\" src=\"https:\/\/myperfectdog.lv\/wp-content\/uploads\/2020\/10\/MyPerfectDog-New-logo_peach_plakans.png\" alt=\"MyPerfectDog-New-logo_peach_plakans\" itemprop=\"image\" title=\"MyPerfectDog-New-logo_peach_plakans\" onerror=\"this.style.display='none'\"  \/>\n<h2>\n\t\tK\u0101 r\u012bkoties, ja suns nav ieinteres\u0113ts \u0113dien\u0101?\n\t<\/h2>\n\t<p>Daudziem su\u0146u saimniekiem, v\u0113rojot sava su\u0146a vesel\u012bgo apet\u012bti, \u0113dien\u0101 neieinteres\u0113ts suns var \u0161\u0137ist t\u0113ls no zin\u0101tnisk\u0101s fantastikas, un tom\u0113r su\u0146u saimnieku vid\u016b ir daudzi, kam ir n\u0101cies saskarties ar probl\u0113mu &#8211; mans suns nav ieinteres\u0113ts \u0113dien\u0101. \u0160ai rakst\u0101 parun\u0101sim par iemesliem, k\u0101d\u0113\u013c suns var neb\u016bt ieinteres\u0113ts \u0113dien\u0101 un k\u0101 saimniekam r\u012bkoties attiec\u012bgaj\u0101s situ\u0101cij\u0101s.<\/p>\n\t\t\t\t<img decoding=\"async\" src=\"https:\/\/myperfectdog.lv\/wp-content\/uploads\/2021\/11\/pexels-maksim-goncharenok-4422098.jpg\" alt=\"pexels-maksim-goncharenok-4422098\" itemprop=\"image\" title=\"pexels-maksim-goncharenok-4422098\" onerror=\"this.style.display='none'\"  \/>\n\t<p>S\u0101ksim ar to, ka dzi\u013c\u0101kaj\u0101 b\u016bt\u012bb\u0101 visi su\u0146i ir ieinteres\u0113ti \u0113dien\u0101, jo bar\u012bbas uz\u0146em\u0161ana ir viena no <a href=\"https:\/\/myperfectdog.lv\/en\/suna-dabiskas-pamatvajadzibas\/\" rel=\"noopener\" target=\"_blank\">su\u0146a dabiskaj\u0101m pamatvajadz\u012bb\u0101m<\/a>, lai izdz\u012bvotu. Intereses tr\u016bkumam par \u0113dienu var iz\u0161\u0137irt divus galvenos paveidus &#8211; apet\u012btes zudums ikdien\u0101 vai intereses par \u0113dienu tr\u016bkums specifisk\u0101s situ\u0101cij\u0101s (piem\u0113ram, apm\u0101c\u012bb\u0101s). <\/p>\n\t<p>Ja run\u0101jam par apet\u012btes tr\u016bkumu\/zudumu ikdien\u0101, to nov\u0113rojot, su\u0146a saimniekam nekav\u0113joties ir j\u0101v\u0113r\u0161as pie veterin\u0101r\u0101rsta, jo apet\u012btes tr\u016bkuma pamat\u0101 var b\u016bt nopietnas vesel\u012bbas probl\u0113mas! Su\u0146a apet\u012btes zudumam var b\u016bt saist\u012bba ar\u012b ar su\u0146a ment\u0101lo st\u0101vokli. Suns var atteikties no \u0113diena, ja vi\u0146\u0161 j\u016btas nelaim\u012bgs, nej\u016btas dro\u0161\u012bb\u0101. Dro\u0161\u012bba su\u0146iem, t\u0101pat k\u0101 jebkurai citai dz\u012bvai b\u016btnei, ir prim\u0101r\u0101 pamatvajadz\u012bba. Kam\u0113r suns nej\u016btas dro\u0161\u012bb\u0101, vi\u0146\u0161 bie\u017ei vien nav sp\u0113j\u012bgs dom\u0101t par cit\u0101m pamatvajadz\u012bb\u0101m, to skait\u0101 \u0113dienu. Interese par \u0113dienu var \u012bslaic\u012bgi zust, ja notikusi strauja apk\u0101rt\u0113j\u0101s vides mai\u0146a (piem\u0113ram, suns ir atvests uz jaun\u0101m m\u0101j\u0101m no patversmes), piedz\u012bvotas paaugstin\u0101ta stresa situ\u0101cijas. \u0160\u0101d\u0101 gad\u012bjum\u0101 saimnieka uzdevums ir pal\u012bdz\u0113t sunim sajusties dro\u0161i, suni emocion\u0101li atbalst\u012bt. <\/p>\n\t<p>Past\u0101v ar\u012b situ\u0101cijas, kad sunim ar apet\u012bti ikdien\u0101 nav nek\u0101du probl\u0113mu, ta\u010du apm\u0101c\u012bb\u0101s, pastaig\u0101s un cit\u0101s ikdienas situ\u0101cij\u0101s suns atsak\u0101s no saimnieka sniegt\u0101 garduma. K\u0101d\u0113\u013c t\u0101? Ar\u012b \u0161ai gad\u012bjum\u0101 milz\u012bgu lomu sp\u0113l\u0113 vides ietekme uz suni un stresa l\u012bmenis. Suns nerea\u0123\u0113 uz \u0113dienu tad, kad apk\u0101rt ir p\u0101r\u0101k daudz kairin\u0101t\u0101ju (piem\u0113ram, citi su\u0146i, trok\u0161\u0146i, smar\u017eas), un su\u0146a stresa l\u012bmenis ir p\u0101rlieku augsts. Turkl\u0101t \u0161\u0101ds efekts var b\u016bt ne tikai negat\u012bvajam stresam (sunim ir bail), bet ar\u012b pozit\u012bvajam stresam (suns p\u0101rlieku sapriec\u0101jas). Sunim \u0161\u0101d\u0101s situ\u0101cij\u0101s rodas citas intereses, apk\u0101rt eso\u0161ie kairin\u0101t\u0101ji liekas v\u0113rt\u012bg\u0101ki un satrauco\u0161\u0101ki par \u0113dienu un j\u0101 &#8211; ar\u012b par saimnieku, kas to sniedz. Ja esi attapies \u0161\u0101d\u0101 situ\u0101cij\u0101, zini, ka Tavs prim\u0101rais uzdevums ir nevis aizvien lab\u0101ku un k\u0101rdino\u0161\u0101ku gardumu mekl\u0113\u0161ana, bet gan darbs pie su\u0146a pa\u0161p\u0101rliecin\u0101t\u012bbas un optimisma, k\u0101 ar\u012b savas &#8211; saimnieka &#8211; v\u0113rt\u012bbas cel\u0161anas su\u0146a ac\u012bs.<\/p>\n\t\t\t\t<img decoding=\"async\" src=\"https:\/\/myperfectdog.lv\/wp-content\/uploads\/2021\/11\/pexels-blue-bird-7210628-1.jpg\" alt=\"pexels-blue-bird-7210628 (1)\" itemprop=\"image\" title=\"pexels-blue-bird-7210628 (1)\" onerror=\"this.style.display='none'\"  \/>\n<h2>\n\t\tKo dar\u012bt, lai su\u0146a ac\u012bs celtu gan savu, gan \u0113diena v\u0113rt\u012bbu? \n\t<\/h2>\n\t<p>Pied\u0101v\u0101jam 5 so\u013cus, kuru m\u0113r\u0137tiec\u012bga ievie\u0161ana ikdien\u0101 pal\u012bdz\u0113s pietuvoties m\u0113r\u0137im!<\/p>\n\t<p><strong>1. Nodro\u0161ini sunim vidi, kur\u0101 vi\u0146\u0161 ir sp\u0113j\u012bgs Tevi sadzird\u0113t, fokus\u0113ties, sadarboties un m\u0101c\u012bties!<\/strong> Pastaigas organiz\u0113 maz\u0101k publisk\u0101s viet\u0101s, kas nav ar satrauco\u0161iem kairin\u0101t\u0101jiem p\u0101rpild\u012btas. Ja sunim stresu (vienalga pozit\u012bvu vai negat\u012bvu) rada citi su\u0146i, izv\u0113lies pastaigu vietas, kur citus su\u0146us satiksi ret\u0101k. Ja suni bied\u0113 trok\u0161\u0146i, mekl\u0113 pastaig\u0101m klus\u0101kas vietas u.t.t. Tas pats attiecas ar\u012b uz apm\u0101c\u012bb\u0101m &#8211; ja redzi, ka Tavs suns \u0161obr\u012bd nesp\u0113j fokus\u0113ties citu su\u0146u kl\u0101tb\u016btn\u0113, palielini distanci no citiem su\u0146iem vai ies\u0101kum\u0101 izv\u0113lies individu\u0101l\u0101s apm\u0101c\u012bbas. <\/p>\n<p><strong>2. Iev\u0113ro distanci no satrauco\u0161iem kairin\u0101t\u0101jiem!<\/strong> Sunim piem\u0113roto distances att\u0101lumu suns Tev par\u0101d\u012bs pats ar savu uzved\u012bbu &#8211; kam\u0113r distance starp Tavu suni un kairin\u0101t\u0101ju (piem\u0113ram, citu suni) b\u016bs pietiekami liela, suns b\u016bs sp\u0113j\u012bgs saimnieku sadzird\u0113t, b\u016bs sp\u0113j\u012bgs norea\u0123\u0113t un m\u0101c\u012bties, ar\u012b sa\u0146emt gardumu. V\u0113ro savu suni, piefiks\u0113 vi\u0146am komfortablo distanci un iev\u0113ro to! Nodro\u0161inot konsekventu su\u0146a apm\u0101c\u012bbu, ar laiku att\u0101lumu no kairin\u0101t\u0101ja var\u0113si mazin\u0101t, tom\u0113r nek\u0101d\u0101 gad\u012bjum\u0101 \u0161o procesu nesasteidz. <\/p>\n<p><strong>3. Nodro\u0161ini izdo\u0161anos! <\/strong>Suns atk\u0101rto t\u0101s darb\u012bbas, kas iepriek\u0161 ir izdevu\u0161\u0101s un nesu\u0161as v\u0113lamo rezult\u0101tu. T\u0101p\u0113c nodro\u0161ini izdo\u0161anos apm\u0101c\u012bbas proces\u0101. Neprasi no su\u0146a to, kas pagaid\u0101m ir \u0101rpus vi\u0146a limitiem. Esi paciet\u012bgs &#8211; iev\u0113ro distanci, atrodi pastaig\u0101m\/apm\u0101c\u012bb\u0101m piem\u0113rotu, mier\u012bgu vidi &#8211; un Tu redz\u0113si, ka suns s\u0101ks rea\u0123\u0113t uz \u0113dienu. <\/p>\n<p><strong>4. Cel \u0113diena un savu v\u0113rt\u012bbu! <\/strong>Neizbaro visu \u0113diena dienas devu no b\u013codas. Da\u013cu \u0113diena pasniedz sunim no rokas caur da\u017e\u0101d\u0101m kop\u012bg\u0101m aktivit\u0101t\u0113m, sp\u0113l\u0113m, apm\u0101c\u012bbas uzdevumiem, v\u0113l da\u013cu &#8211; caur <a href=\"https:\/\/myperfectdog.lv\/en\/mentalas-aktivitates-suniem\/\">ment\u0101laj\u0101m aktivit\u0101t\u0113m<\/a>. Nodro\u0161ini ar\u012b to, ka \u0113diens b\u013cod\u0101 nav pieejams 24\/7, bet gan tikai \u0113dienreiz\u0113, jo pret\u0113j\u0101 gad\u012bjum\u0101 m\u0113s pa\u0161i, saimnieki padar\u0101m sunim \u0113dienu nev\u0113rt\u012bgu un neinteresantu (turkl\u0101t paaugstin\u0101m risku, ka ar laiku suns var iedz\u012bvoties liekaj\u0101 svar\u0101). Katrs bar\u012bbas kumoss var b\u016bt Tava iesp\u0113ja sunim kaut ko iem\u0101c\u012bt un stiprin\u0101t savstarp\u0113j\u0101s attiec\u012bbas, celt savu v\u0113rt\u012bbu su\u0146a ac\u012bs! <\/p>\n<p><strong>5. Radi kop\u012bgu, pat\u012bkamu un interesantu \u0113diena pieredzi! <\/strong>Sp\u0113l\u0113 sp\u0113les, pildi jautras un sunim pat\u012bkamas, kust\u012bgas komandas un apbalvo ar \u0113dienu. Nem\u0113\u0123ini dot \u0113dienu tikai, kad prasi sunim ko statisku, priek\u0161 su\u0146a garlaic\u012bgu, piem\u0113ram, st\u0101v\u0113t vai iet blakus. Dod \u0113diena mekl\u0113\u0161anas uzdevumus, iem\u0101ci \u0137ert \u0113dienu gais\u0101, prasi akt\u012bvas komandas, kas sunim rada prieku.  <\/p>\n\t<p><strong>Par &#8220;My Perfect Dog&#8221;<\/strong><\/p>\n&#8220;My Perfect Dog&#8221; ir z\u012bmols, kas reprezent\u0113 lieliskas un harmoniskas attiec\u012bbas su\u0146a un saimnieka starp\u0101, kur saimnieks ir izgl\u012btots un zino\u0161s, savuk\u0101rt suns izprasts un atbilsto\u0161i apr\u016bp\u0113ts, socializ\u0113ts un apm\u0101c\u012bts, balstoties uz pret suni \u0113tisku, dabisku un uz motiv\u0101ciju balst\u012btu apm\u0101c\u012bbu.<br \/>\n\n<p> &#8220;My Perfect Dog&#8221; pied\u0101v\u0101 su\u0146u un vi\u0146u saimnieku apm\u0101c\u012bbu, su\u0146u uzved\u012bbas konsult\u0101cijas, socializ\u0101cijas pastaigas su\u0146iem, k\u0101 ar\u012b teor\u0113tiskus un praktiskus semin\u0101rus saimniekiem.<\/p>\n\t<p><strong>Sazi\u0146ai<\/strong><\/p>\n\t+371 27993370<br \/>\nliga@myperfectdog.lv\n\t<p><strong>Seko &#8220;My Perfect Dog&#8221;<\/strong><\/p>\n<h5>\n\t\t<a href=\"https:\/\/myperfectdog.lv\/en\/privatuma-politika\/\" title=\"Priv\u0101tuma politika\" target=\"_self\" rel=\"noopener\">\n\t\tPriv\u0101tuma politika\n\t\t<\/a>\n\t<\/h5>\n\t<p><strong>Par &#8220;My Perfect Dog&#8221;<\/strong><\/p>\n&#8220;My Perfect Dog&#8221; ir z\u012bmols, kas reprezent\u0113 lieliskas un harmoniskas attiec\u012bbas su\u0146a un saimnieka starp\u0101, kur saimnieks ir izgl\u012btots un zino\u0161s, savuk\u0101rt suns izprasts un atbilsto\u0161i apr\u016bp\u0113ts, socializ\u0113ts un apm\u0101c\u012bts, balstoties uz pret suni \u0113tisku, dabisku un uz motiv\u0101ciju balst\u012btu apm\u0101c\u012bbu.<br \/>\n\n<p> &#8220;My Perfect Dog&#8221; pied\u0101v\u0101 su\u0146u un vi\u0146u saimnieku apm\u0101c\u012bbu, su\u0146u uzved\u012bbas konsult\u0101cijas, socializ\u0101cijas pastaigas su\u0146iem, k\u0101 ar\u012b teor\u0113tiskus un praktiskus semin\u0101rus saimniekiem.<\/p>\n\t<p><strong>Kategorijas<\/strong><\/p>\n<p><a href=\"https:\/\/myperfectdog.lv\/en\/internetveikals\/\">Internetveikals<\/a><\/p>\n<p><a href=\"https:\/\/myperfectdog.lv\/en\/apmacibu-piedavajums\/\">Apm\u0101c\u012bbu pied\u0101v\u0101jums<\/a><\/p>\n<p><a href=\"https:\/\/myperfectdog.lv\/en\/sunu-aukles\/\">Su\u0146u pieskat\u012b\u0161ana un pastaigas<\/a><\/p>\n<p><a href=\"https:\/\/myperfectdog.lv\/en\/izglitojosi-raksti\/\">Izgl\u012btojo\u0161i materi\u0101li<\/a><\/p>\n<p><a href=\"https:\/\/myperfectdog.lv\/en\/kontakti\/\">Kontakti<\/a><\/p>\n<p><a href=\"https:\/\/myperfectdog.lv\/en\/privatuma-politika\/\">Priv\u0101tuma politika<\/a><\/p>\n\t<p><strong>Sazi\u0146ai<\/strong><\/p>\n\t+371 27993370<br \/>\nliga@myperfectdog.lv\n\t<p><strong>Seko &#8220;My Perfect Dog&#8221;<\/strong><\/p>\n\t\t\t\t<img decoding=\"async\" src=\"https:\/\/myperfectdog.lv\/wp-content\/uploads\/2020\/09\/PDTE-Logo2-150x150.png\" alt=\"PDTE-Logo2\" itemprop=\"image\" title=\"PDTE-Logo2\" onerror=\"this.style.display='none'\"  \/>","protected":false},"excerpt":{"rendered":"<p>K\u0101 r\u012bkoties, ja suns nav ieinteres\u0113ts \u0113dien\u0101? Daudziem su\u0146u saimniekiem, v\u0113rojot sava su\u0146a vesel\u012bgo apet\u012bti, \u0113dien\u0101 neieinteres\u0113ts suns var \u0161\u0137ist t\u0113ls no zin\u0101tnisk\u0101s fantastikas, un tom\u0113r su\u0146u saimnieku vid\u016b ir daudzi, kam ir n\u0101cies saskarties ar probl\u0113mu &#8211; mans suns nav ieinteres\u0113ts \u0113dien\u0101. \u0160ai rakst\u0101 parun\u0101sim par iemesliem, k\u0101d\u0113\u013c suns var neb\u016bt ieinteres\u0113ts \u0113dien\u0101 un&hellip;<\/p>","protected":false},"author":1,"featured_media":0,"parent":2210,"menu_order":1,"comment_status":"closed","ping_status":"closed","template":"","meta":{"footnotes":""},"class_list":["post-3346","page","type-page","status-publish","hentry"],"yoast_head":"<!-- This site is optimized with the Yoast SEO plugin v27.6 - https:\/\/yoast.com\/product\/yoast-seo-wordpress\/ -->\n<title>K\u0101 r\u012bkoties, ja suns nav ieinteres\u0113ts \u0113dien\u0101? | MyPerfectDog.lv<\/title>\n<meta name=\"robots\" content=\"index, follow, max-snippet:-1, max-image-preview:large, max-video-preview:-1\" \/>\n<link rel=\"canonical\" href=\"https:\/\/myperfectdog.lv\/en\/izglitojosi\/ka-rikoties-ja-suns-nav-ieinteresets-ediena\/\" \/>\n<meta property=\"og:locale\" content=\"en_GB\" \/>\n<meta property=\"og:type\" content=\"article\" \/>\n<meta property=\"og:title\" content=\"K\u0101 r\u012bkoties, ja suns nav ieinteres\u0113ts \u0113dien\u0101? | MyPerfectDog.lv\" \/>\n<meta property=\"og:description\" content=\"K\u0101 r\u012bkoties, ja suns nav ieinteres\u0113ts \u0113dien\u0101? Daudziem su\u0146u saimniekiem, v\u0113rojot sava su\u0146a vesel\u012bgo apet\u012bti, \u0113dien\u0101 neieinteres\u0113ts suns var \u0161\u0137ist t\u0113ls no zin\u0101tnisk\u0101s fantastikas, un tom\u0113r su\u0146u saimnieku vid\u016b ir daudzi, kam ir n\u0101cies saskarties ar probl\u0113mu &#8211; mans suns nav ieinteres\u0113ts \u0113dien\u0101. \u0160ai rakst\u0101 parun\u0101sim par iemesliem, k\u0101d\u0113\u013c suns var neb\u016bt ieinteres\u0113ts \u0113dien\u0101 un&hellip;\" \/>\n<meta property=\"og:url\" content=\"https:\/\/myperfectdog.lv\/en\/izglitojosi\/ka-rikoties-ja-suns-nav-ieinteresets-ediena\/\" \/>\n<meta property=\"og:site_name\" content=\"MyPerfectDog.lv\" \/>\n<meta property=\"article:modified_time\" content=\"2024-08-08T13:38:37+00:00\" \/>\n<meta property=\"og:image\" content=\"https:\/\/myperfectdog.lv\/wp-content\/uploads\/2020\/10\/MyPerfectDog-New-logo_peach_plakans.png\" \/>\n<meta name=\"twitter:card\" content=\"summary_large_image\" \/>\n<meta name=\"twitter:label1\" content=\"Estimated reading time\" \/>\n\t<meta name=\"twitter:data1\" content=\"7 minutes\" \/>\n<script type=\"application\/ld+json\" class=\"yoast-schema-graph\">{\"@context\":\"https:\\\/\\\/schema.org\",\"@graph\":[{\"@type\":\"WebPage\",\"@id\":\"https:\\\/\\\/myperfectdog.lv\\\/izglitojosi\\\/ka-rikoties-ja-suns-nav-ieinteresets-ediena\\\/\",\"url\":\"https:\\\/\\\/myperfectdog.lv\\\/izglitojosi\\\/ka-rikoties-ja-suns-nav-ieinteresets-ediena\\\/\",\"name\":\"K\u0101 r\u012bkoties, ja suns nav ieinteres\u0113ts \u0113dien\u0101? | MyPerfectDog.lv\",\"isPartOf\":{\"@id\":\"https:\\\/\\\/myperfectdog.lv\\\/#website\"},\"primaryImageOfPage\":{\"@id\":\"https:\\\/\\\/myperfectdog.lv\\\/izglitojosi\\\/ka-rikoties-ja-suns-nav-ieinteresets-ediena\\\/#primaryimage\"},\"image\":{\"@id\":\"https:\\\/\\\/myperfectdog.lv\\\/izglitojosi\\\/ka-rikoties-ja-suns-nav-ieinteresets-ediena\\\/#primaryimage\"},\"thumbnailUrl\":\"https:\\\/\\\/myperfectdog.lv\\\/wp-content\\\/uploads\\\/2020\\\/10\\\/MyPerfectDog-New-logo_peach_plakans.png\",\"datePublished\":\"2021-11-09T13:25:11+00:00\",\"dateModified\":\"2024-08-08T13:38:37+00:00\",\"breadcrumb\":{\"@id\":\"https:\\\/\\\/myperfectdog.lv\\\/izglitojosi\\\/ka-rikoties-ja-suns-nav-ieinteresets-ediena\\\/#breadcrumb\"},\"inLanguage\":\"en-GB\",\"potentialAction\":[{\"@type\":\"ReadAction\",\"target\":[\"https:\\\/\\\/myperfectdog.lv\\\/izglitojosi\\\/ka-rikoties-ja-suns-nav-ieinteresets-ediena\\\/\"]}]},{\"@type\":\"ImageObject\",\"inLanguage\":\"en-GB\",\"@id\":\"https:\\\/\\\/myperfectdog.lv\\\/izglitojosi\\\/ka-rikoties-ja-suns-nav-ieinteresets-ediena\\\/#primaryimage\",\"url\":\"https:\\\/\\\/myperfectdog.lv\\\/wp-content\\\/uploads\\\/2020\\\/10\\\/MyPerfectDog-New-logo_peach_plakans.png\",\"contentUrl\":\"https:\\\/\\\/myperfectdog.lv\\\/wp-content\\\/uploads\\\/2020\\\/10\\\/MyPerfectDog-New-logo_peach_plakans.png\"},{\"@type\":\"BreadcrumbList\",\"@id\":\"https:\\\/\\\/myperfectdog.lv\\\/izglitojosi\\\/ka-rikoties-ja-suns-nav-ieinteresets-ediena\\\/#breadcrumb\",\"itemListElement\":[{\"@type\":\"ListItem\",\"position\":1,\"name\":\"Home\",\"item\":\"https:\\\/\\\/myperfectdog.lv\\\/\"},{\"@type\":\"ListItem\",\"position\":2,\"name\":\"Izgl\u012btojo\u0161i materi\u0101li\",\"item\":\"https:\\\/\\\/myperfectdog.lv\\\/izglitojosi\\\/\"},{\"@type\":\"ListItem\",\"position\":3,\"name\":\"K\u0101 r\u012bkoties, ja suns nav ieinteres\u0113ts \u0113dien\u0101?\"}]},{\"@type\":\"WebSite\",\"@id\":\"https:\\\/\\\/myperfectdog.lv\\\/#website\",\"url\":\"https:\\\/\\\/myperfectdog.lv\\\/\",\"name\":\"MyPerfectDog.lv\",\"description\":\"Su\u0146u un saimnieku skola\",\"publisher\":{\"@id\":\"https:\\\/\\\/myperfectdog.lv\\\/#organization\"},\"potentialAction\":[{\"@type\":\"SearchAction\",\"target\":{\"@type\":\"EntryPoint\",\"urlTemplate\":\"https:\\\/\\\/myperfectdog.lv\\\/?s={search_term_string}\"},\"query-input\":{\"@type\":\"PropertyValueSpecification\",\"valueRequired\":true,\"valueName\":\"search_term_string\"}}],\"inLanguage\":\"en-GB\"},{\"@type\":\"Organization\",\"@id\":\"https:\\\/\\\/myperfectdog.lv\\\/#organization\",\"name\":\"Su\u0146u & saimnieku skola \\\"My Perfect Dog\\\"\",\"url\":\"https:\\\/\\\/myperfectdog.lv\\\/\",\"logo\":{\"@type\":\"ImageObject\",\"inLanguage\":\"en-GB\",\"@id\":\"https:\\\/\\\/myperfectdog.lv\\\/#\\\/schema\\\/logo\\\/image\\\/\",\"url\":\"https:\\\/\\\/myperfectdog.lv\\\/wp-content\\\/uploads\\\/2020\\\/10\\\/MyPerfectDog-New-logo_peach_plakans.png\",\"contentUrl\":\"https:\\\/\\\/myperfectdog.lv\\\/wp-content\\\/uploads\\\/2020\\\/10\\\/MyPerfectDog-New-logo_peach_plakans.png\",\"width\":1200,\"height\":636,\"caption\":\"Su\u0146u & saimnieku skola \\\"My Perfect Dog\\\"\"},\"image\":{\"@id\":\"https:\\\/\\\/myperfectdog.lv\\\/#\\\/schema\\\/logo\\\/image\\\/\"}}]}<\/script>\n<!-- \/ Yoast SEO plugin. -->","yoast_head_json":{"title":"K\u0101 r\u012bkoties, ja suns nav ieinteres\u0113ts \u0113dien\u0101? | MyPerfectDog.lv","robots":{"index":"index","follow":"follow","max-snippet":"max-snippet:-1","max-image-preview":"max-image-preview:large","max-video-preview":"max-video-preview:-1"},"canonical":"https:\/\/myperfectdog.lv\/en\/izglitojosi\/ka-rikoties-ja-suns-nav-ieinteresets-ediena\/","og_locale":"en_GB","og_type":"article","og_title":"K\u0101 r\u012bkoties, ja suns nav ieinteres\u0113ts \u0113dien\u0101? | MyPerfectDog.lv","og_description":"K\u0101 r\u012bkoties, ja suns nav ieinteres\u0113ts \u0113dien\u0101? Daudziem su\u0146u saimniekiem, v\u0113rojot sava su\u0146a vesel\u012bgo apet\u012bti, \u0113dien\u0101 neieinteres\u0113ts suns var \u0161\u0137ist t\u0113ls no zin\u0101tnisk\u0101s fantastikas, un tom\u0113r su\u0146u saimnieku vid\u016b ir daudzi, kam ir n\u0101cies saskarties ar probl\u0113mu &#8211; mans suns nav ieinteres\u0113ts \u0113dien\u0101. \u0160ai rakst\u0101 parun\u0101sim par iemesliem, k\u0101d\u0113\u013c suns var neb\u016bt ieinteres\u0113ts \u0113dien\u0101 un&hellip;","og_url":"https:\/\/myperfectdog.lv\/en\/izglitojosi\/ka-rikoties-ja-suns-nav-ieinteresets-ediena\/","og_site_name":"MyPerfectDog.lv","article_modified_time":"2024-08-08T13:38:37+00:00","og_image":[{"url":"https:\/\/myperfectdog.lv\/wp-content\/uploads\/2020\/10\/MyPerfectDog-New-logo_peach_plakans.png","type":"","width":"","height":""}],"twitter_card":"summary_large_image","twitter_misc":{"Estimated reading time":"7 minutes"},"schema":{"@context":"https:\/\/schema.org","@graph":[{"@type":"WebPage","@id":"https:\/\/myperfectdog.lv\/izglitojosi\/ka-rikoties-ja-suns-nav-ieinteresets-ediena\/","url":"https:\/\/myperfectdog.lv\/izglitojosi\/ka-rikoties-ja-suns-nav-ieinteresets-ediena\/","name":"K\u0101 r\u012bkoties, ja suns nav ieinteres\u0113ts \u0113dien\u0101? | MyPerfectDog.lv","isPartOf":{"@id":"https:\/\/myperfectdog.lv\/#website"},"primaryImageOfPage":{"@id":"https:\/\/myperfectdog.lv\/izglitojosi\/ka-rikoties-ja-suns-nav-ieinteresets-ediena\/#primaryimage"},"image":{"@id":"https:\/\/myperfectdog.lv\/izglitojosi\/ka-rikoties-ja-suns-nav-ieinteresets-ediena\/#primaryimage"},"thumbnailUrl":"https:\/\/myperfectdog.lv\/wp-content\/uploads\/2020\/10\/MyPerfectDog-New-logo_peach_plakans.png","datePublished":"2021-11-09T13:25:11+00:00","dateModified":"2024-08-08T13:38:37+00:00","breadcrumb":{"@id":"https:\/\/myperfectdog.lv\/izglitojosi\/ka-rikoties-ja-suns-nav-ieinteresets-ediena\/#breadcrumb"},"inLanguage":"en-GB","potentialAction":[{"@type":"ReadAction","target":["https:\/\/myperfectdog.lv\/izglitojosi\/ka-rikoties-ja-suns-nav-ieinteresets-ediena\/"]}]},{"@type":"ImageObject","inLanguage":"en-GB","@id":"https:\/\/myperfectdog.lv\/izglitojosi\/ka-rikoties-ja-suns-nav-ieinteresets-ediena\/#primaryimage","url":"https:\/\/myperfectdog.lv\/wp-content\/uploads\/2020\/10\/MyPerfectDog-New-logo_peach_plakans.png","contentUrl":"https:\/\/myperfectdog.lv\/wp-content\/uploads\/2020\/10\/MyPerfectDog-New-logo_peach_plakans.png"},{"@type":"BreadcrumbList","@id":"https:\/\/myperfectdog.lv\/izglitojosi\/ka-rikoties-ja-suns-nav-ieinteresets-ediena\/#breadcrumb","itemListElement":[{"@type":"ListItem","position":1,"name":"Home","item":"https:\/\/myperfectdog.lv\/"},{"@type":"ListItem","position":2,"name":"Izgl\u012btojo\u0161i materi\u0101li","item":"https:\/\/myperfectdog.lv\/izglitojosi\/"},{"@type":"ListItem","position":3,"name":"K\u0101 r\u012bkoties, ja suns nav ieinteres\u0113ts \u0113dien\u0101?"}]},{"@type":"WebSite","@id":"https:\/\/myperfectdog.lv\/#website","url":"https:\/\/myperfectdog.lv\/","name":"MyPerfectDog.lv","description":"Su\u0146u un saimnieku skola","publisher":{"@id":"https:\/\/myperfectdog.lv\/#organization"},"potentialAction":[{"@type":"SearchAction","target":{"@type":"EntryPoint","urlTemplate":"https:\/\/myperfectdog.lv\/?s={search_term_string}"},"query-input":{"@type":"PropertyValueSpecification","valueRequired":true,"valueName":"search_term_string"}}],"inLanguage":"en-GB"},{"@type":"Organization","@id":"https:\/\/myperfectdog.lv\/#organization","name":"Su\u0146u & saimnieku skola \"My Perfect Dog\"","url":"https:\/\/myperfectdog.lv\/","logo":{"@type":"ImageObject","inLanguage":"en-GB","@id":"https:\/\/myperfectdog.lv\/#\/schema\/logo\/image\/","url":"https:\/\/myperfectdog.lv\/wp-content\/uploads\/2020\/10\/MyPerfectDog-New-logo_peach_plakans.png","contentUrl":"https:\/\/myperfectdog.lv\/wp-content\/uploads\/2020\/10\/MyPerfectDog-New-logo_peach_plakans.png","width":1200,"height":636,"caption":"Su\u0146u & saimnieku skola \"My Perfect Dog\""},"image":{"@id":"https:\/\/myperfectdog.lv\/#\/schema\/logo\/image\/"}}]}},"jetpack_sharing_enabled":true,"_links":{"self":[{"href":"https:\/\/myperfectdog.lv\/en\/wp-json\/wp\/v2\/pages\/3346","targetHints":{"allow":["GET"]}}],"collection":[{"href":"https:\/\/myperfectdog.lv\/en\/wp-json\/wp\/v2\/pages"}],"about":[{"href":"https:\/\/myperfectdog.lv\/en\/wp-json\/wp\/v2\/types\/page"}],"author":[{"embeddable":true,"href":"https:\/\/myperfectdog.lv\/en\/wp-json\/wp\/v2\/users\/1"}],"replies":[{"embeddable":true,"href":"https:\/\/myperfectdog.lv\/en\/wp-json\/wp\/v2\/comments?post=3346"}],"version-history":[{"count":0,"href":"https:\/\/myperfectdog.lv\/en\/wp-json\/wp\/v2\/pages\/3346\/revisions"}],"up":[{"embeddable":true,"href":"https:\/\/myperfectdog.lv\/en\/wp-json\/wp\/v2\/pages\/2210"}],"wp:attachment":[{"href":"https:\/\/myperfectdog.lv\/en\/wp-json\/wp\/v2\/media?parent=3346"}],"curies":[{"name":"wp","href":"https:\/\/api.w.org\/{rel}","templated":true}]}}