{"id":3483,"date":"2022-01-12T02:58:06","date_gmt":"2022-01-12T00:58:06","guid":{"rendered":"https:\/\/myperfectdog.lv\/?page_id=3483"},"modified":"2024-10-04T13:47:59","modified_gmt":"2024-10-04T11:47:59","slug":"suns-bara-dzivnieks-sociala-butne","status":"publish","type":"page","link":"https:\/\/myperfectdog.lv\/en\/izglitojosi\/suns-bara-dzivnieks-sociala-butne\/","title":{"rendered":"Suns \u2013 bara dz\u012bvnieks \/ soci\u0101la b\u016btne. Ko tas noz\u012bm\u0113 saimniekam?"},"content":{"rendered":"<a href=\"https:\/\/myperfectdog.lv\/en\/\" target=\"_self\" itemprop=\"url\" rel=\"noopener\">\n\t\t\t\t<img decoding=\"async\" src=\"https:\/\/myperfectdog.lv\/wp-content\/uploads\/2020\/10\/MyPerfectDog-New-logo_peach_plakans.png\" alt=\"MyPerfectDog-New-logo_peach_plakans\" itemprop=\"image\" title=\"MyPerfectDog-New-logo_peach_plakans\" onerror=\"this.style.display='none'\"  \/>\n\t\t\t\t<\/a>\n\t\t\t\t<img decoding=\"async\" src=\"https:\/\/myperfectdog.lv\/wp-content\/uploads\/2020\/10\/MyPerfectDog-New-logo_peach_plakans.png\" alt=\"MyPerfectDog-New-logo_peach_plakans\" itemprop=\"image\" title=\"MyPerfectDog-New-logo_peach_plakans\" onerror=\"this.style.display='none'\"  \/>\n<h2>\n\t\tSuns &#8211; bara dz\u012bvnieks.\n\t<\/h2>\n<h2>\n\t\tKo tas noz\u012bm\u0113 saimniekam?\n\t<\/h2>\n\t<p>Suns ir bara dz\u012bvnieks &#8211; soci\u0101la rad\u012bba. Tas noz\u012bm\u0113, ka su\u0146iem dabiska uzved\u012bba ir dz\u012bvo\u0161ana grup\u0101s, l\u012bdz\u012bgi k\u0101 to savva\u013cas radiniekiem vilkiem. Diem\u017e\u0113l su\u0146a bara dz\u012bvnieka daba un l\u012bdz\u012bbas ar vilku ir rad\u012bju\u0161as daudzus m\u012btus par su\u0146iem un to audzin\u0101\u0161anu. <\/p>\n<p>\u0160aj\u0101 rakst\u0101 parun\u0101sim par svar\u012bg\u0101kajiem m\u012btiem un paties\u012bb\u0101m, kas ir saist\u012btas ar su\u0146a k\u0101 bara dz\u012bvnieka dabu un to, ko noz\u012bm\u0113 dz\u012bvo\u0161ana kop\u0101 ar suni &#8211; bara (soci\u0101lu) dz\u012bvnieku.\u00a0\u00a0<\/p>\n\t\t\t\t<img decoding=\"async\" src=\"https:\/\/myperfectdog.lv\/wp-content\/uploads\/2022\/01\/pexels-blue-bird-7210705.jpg\" alt=\"Photo by Blue Bird from Pexels\" itemprop=\"image\" title=\"suns - bara dz\u012bvnieks soci\u0101la rad\u012bba\" onerror=\"this.style.display='none'\"  \/>\n<h2>\n\t\tSuns NAV vilks\n\t<\/h2>\n\t<p>Ies\u0101kum\u0101 galvenais, kas j\u0101apzin\u0101s katram su\u0146a saimniekam, kas v\u0113las veidot pozit\u012bvas un uz savstarp\u0113ju sapratni balst\u012btas attiec\u012bbas ar suni &#8211; suns nav vilks. J\u0101, su\u0146iem un vilkiem ir l\u012bdz\u012bgs DNS un kop\u012bga izcel\u0161an\u0101s v\u0113sture, un tom\u0113r starp ab\u0101m sug\u0101m ir v\u0113rojamas b\u016btiskas at\u0161\u0137ir\u012bbas. Glu\u017ei k\u0101 starp cilv\u0113kiem un \u0161impanz\u0113m &#8211; lai gan zin\u0101tnieki ir pier\u0101d\u012bju\u0161i, ka cilv\u0113ku un \u0161impan\u017eu DNS atbilst\u012bba ir 98-99%, neviens ta\u010du nem\u0113\u0123ina apgalvot, ka cilv\u0113ku uzved\u012bba ir t\u0101da pati k\u0101 m\u016bsu p\u0113rti\u0137veid\u012bgo radinieku uzved\u012bba!\u00a0<\/p>\n<p>Starp su\u0146iem un vilkiem past\u0101v daudzas at\u0161\u0137ir\u012bbas fiziskaj\u0101 uzb\u016bv\u0113, pr\u0101ta kapacit\u0101t\u0113 un cit\u0101s \u012bpa\u0161\u012bb\u0101s, un tom\u0113r galven\u0101 at\u0161\u0137ir\u012bba, kas j\u0101\u0146em v\u0113r\u0101 su\u0146u saimniekiem, ir tas, ka su\u0146iem un vilkiem ir at\u0161\u0137ir\u012bbas baru soci\u0101l\u0101s sist\u0113mas.\u00a0<\/p>\n<p>Pag\u0101ju\u0161aj\u0101 gadsimt\u0101 p\u0113tnieku vid\u016b vald\u012bja uzskats, ka su\u0146i un vilki dala vienu un to pa\u0161u soci\u0101lo sist\u0113mu, un t\u0101d\u0113\u013c tolaik popul\u0101r\u0101kas su\u0146u apm\u0101c\u012bbas pieejas tika balst\u012btas dominances teorij\u0101. Dominances teorija v\u0113st\u012bja, ka saimniekam suns ir &#8220;j\u0101noliek pie vietas&#8221;, j\u0101b\u016bt &#8220;bara alfai&#8221;, pret\u0113j\u0101 gad\u012bjum\u0101 suns m\u0113\u0123in\u0101s domin\u0113t p\u0101r saviem \u0123imenes locek\u013ciem. M\u016bsdien\u0101s zin\u0101tnieki, p\u0113tot savva\u013cas su\u0146u uzved\u012bbu, \u0161o uzskatu ir apg\u0101zu\u0161i. Ir pier\u0101d\u012bts, ka <b>su\u0146iem un vilkiem ir at\u0161\u0137ir\u012bgas soci\u0101l\u0101s sist\u0113mas. Su\u0146u baros nav tik izteiktas hierarhijas k\u0101 vilku baros, nav rakstur\u012bga ar\u012b domin\u0113jo\u0161\u0101 jeb alfas loma un c\u012b\u0146a par vietu bara hierarhij\u0101. <\/b>Diem\u017e\u0113l nereti var sastap tos, kas ignor\u0113 zin\u0101tnes att\u012bst\u012bbu un savas apm\u0101c\u012bbas joproj\u0101m balsta dominances teorij\u0101.\u00a0<\/p>\n<p>K\u0101ds varb\u016bt teiks &#8211; bet dominances metodes ta\u010du str\u0101d\u0101, su\u0146i k\u013c\u016bst paklaus\u012bgi? J\u0101, bet ar t\u0101m su\u0146a paklaus\u012bba tiek pan\u0101kta caur pak\u013cau\u0161anu, sod\u012b\u0161anu un bail\u0113m, kas noteikti nav pret suni \u0113tiska pieeja un labv\u0113l\u012bgu saimnieks &#8211; suns attiec\u012bbu pamats! Turkl\u0101t dominances metodes iem\u0101ca sunim nev\u0113lamo uzved\u012bbu tikai apspiest, nevis tikt p\u0101ri bail\u0113m, dom\u0101t un pie\u0146emt pareizus l\u0113mumus.<\/p>\n<p>J\u0101atceras, ka suns ir nevis me\u017eon\u012bgs pl\u0113s\u0113js, kas m\u0113\u0123ina domin\u0113t, bet gan m\u0101jas m\u012blulis, kas ir ieinteres\u0113ts veidot draudz\u012bgas attiec\u012bbas. Protams, sunim var izveidoties uzved\u012bbas, kas saimniekam var nepatikt, piem\u0113ram, \u0113diena sarg\u0101\u0161ana, saimnieka aplek\u0161ana un citas, kas bie\u017ei zin\u0101\u0161anu tr\u016bkuma d\u0113\u013c tiek interpret\u0113tas k\u0101 su\u0146a domin\u0113\u0161anas m\u0113\u0123in\u0101jumi, tom\u0113r paties\u012bb\u0101 \u0161\u012bm darb\u012bb\u0101m ir citi c\u0113lo\u0146i, to skait\u0101 stress un nepietiekama socializ\u0101cija. \u0160\u012bs &#8220;uzved\u012bbas probl\u0113mas&#8221; var risin\u0101t ar\u012b ar \u0113tisk\u0101m un pozit\u012bv\u0101m su\u0146a apm\u0101c\u012bb\u0101m, kam nav nek\u0101das saist\u012bbas ar dominances teoriju.<\/p>\n<h2>\n\t\tSaimnieks k\u0101 zino\u0161s un saproto\u0161s vad\u012bt\u0101js, nevis &#8220;bara alfa&#8221;\n\t<\/h2>\n\t<p>Viens no izplat\u012bt\u0101kajiem m\u012btiem par \u0113tisk\u0101m un pozit\u012bv\u0101m su\u0146a apm\u0101c\u012bb\u0101m ir tas, ka \u0161\u012b pieeja noz\u012bm\u0113 visat\u013caut\u012bbu &#8211; suns var dar\u012bt visu, kas tam ien\u0101k pr\u0101t\u0101. Tom\u0113r t\u0101 neb\u016bt nav taisn\u012bba. Ar\u012b, izv\u0113loties suni apm\u0101c\u012bt \u0113tiski un izmantojot pozit\u012bv\u0101 pastiprin\u0101juma (positive reinforcement) metodes, saimniekam ir j\u0101b\u016bt vad\u012bt\u0101jam, kas pal\u012bdz sunim izdar\u012bt pareiz\u0101s izv\u0113les un saprast to, kas nav at\u013cauts, un tom\u0113r ir liela at\u0161\u0137ir\u012bba starp zino\u0161a l\u012bdera un &#8220;bara alfas&#8221; lomu.\u00a0 <\/p>\n<p>Zino\u0161s un saproto\u0161s vad\u012bt\u0101js \u0146em v\u0113r\u0101 su\u0146a individu\u0101los limitus (k\u0101d\u0101m situ\u0101cij\u0101m suns attiec\u012bgaj\u0101 moment\u0101 ir\/nav gatavs), raksturu un temperamentu. Zino\u0161s un saproto\u0161s vad\u012bt\u0101js p\u0101rzina su\u0146a pamatvajadz\u012bbas un apzin\u0101s to, ka &#8220;probl\u0113muzved\u012bbas&#8221; nav su\u0146a sp\u012bt\u012bba vai m\u0113\u0123in\u0101jumi domin\u0113t, bet gan dabiskas atbildes reakcijas uz situ\u0101cij\u0101m, ko iesp\u0113jams risin\u0101t, neizmantojot sodus un domin\u0113\u0161anu.\u00a0 Zino\u0161s un saproto\u0161s vad\u012bt\u0101js saprot, ka suns ir \u0123imenes loceklis ar sav\u0101m vajadz\u012bb\u0101m, nevis robots; ka sunim var iem\u0101c\u012bt robe\u017eas un v\u0113lam\u0101s uzved\u012bbas, bet tam ir j\u0101velta laiks un uzman\u012bba. Apzin\u0101s, ka j\u0101m\u0101c\u0101s ir ne tikai sunim, bet ar\u012b saimniekam.\u00a0<\/p>\n\t\t\t\t<img decoding=\"async\" src=\"https:\/\/myperfectdog.lv\/wp-content\/uploads\/2022\/01\/pexels-sergio-souza-3198016.jpg\" alt=\"Photo by sergio souza from Pexels\" itemprop=\"image\" title=\"Suns - bara dz\u012bvnieks soci\u0101la rad\u012bba\" onerror=\"this.style.display='none'\"  \/>\n<h2>\n\t\tSunim nav dabiski b\u016bt vienam, to j\u0101iem\u0101ca pak\u0101peniski\n\t<\/h2>\n\t<p>V\u0113l viena svar\u012bga \u012bpatn\u012bba, kas ir j\u0101saprot par su\u0146a bara dz\u012bvnieka dabu, ir tas, ka bara dz\u012bvnieki ir &#8220;ieprogramm\u0113ti&#8221; v\u0113l\u0113ties b\u016bt kop\u0101 ar savu baru. Su\u0146u gad\u012bjum\u0101 &#8220;bars&#8221; ne vienm\u0113r noz\u012bm\u0113 grupu ar vair\u0101kiem citiem su\u0146iem. Su\u0146i par savu &#8220;baru&#8221; uztver ar\u012b cilv\u0113kus, ar kuriem tie dz\u012bvot kop\u0101. T\u0101tad ar\u012b m\u0113s, saimnieki, esam savu \u010detrk\u0101jaino m\u012blu\u013cu &#8220;bars&#8221;.\u00a0<\/p>\n<p>Ko tas noz\u012bm\u0113 praktiski?<\/p>\n<p> Pirmk\u0101rt, sunim nav dabiski ilgsto\u0161i palikt vienam. Tas nenoz\u012bm\u0113, ka suni ir j\u0101\u0146em l\u012bdzi uz biroju, pie zob\u0101rsta un citur, kur su\u0146a kl\u0101tb\u016btne, iesp\u0113jams, nemaz nav at\u013cauta. Tas noz\u012bm\u0113 to, ka <b>sunim ir j\u0101m\u0101ca palikt vienam<\/b>, un tas ir j\u0101dara pak\u0101peniski, jo priek\u0161 su\u0146a palik\u0161ana vienam ir liels emocion\u0101ls p\u0101rdz\u012bvojums, sare\u017e\u0123\u012bta uzved\u012bba, kam savu m\u012bluli ir j\u0101sagatavo. <\/p>\n<p>Otrk\u0101rt, saimniekam ir j\u0101nodro\u0161ina, ka suns var pavad\u012bt laiku kop\u0101 ar savu baru. Kvalitat\u012bvs, kop\u012bgi pavad\u012bts laiks su\u0146iem ir \u013coti svar\u012bgs, un tas ir viens no galvenajiem faktoriem, kas veido sp\u0113c\u012bgu su\u0146a-saimnieka saikni. Su\u0146u komunikabl\u0101 daba ir v\u0113l viens arguments tam, k\u0101d\u0113\u013c su\u0146us nedr\u012bkst\u0113tu tur\u0113t att\u0101los volj\u0113ros d\u0101rza nost\u016br\u012b vai pie \u0137\u0113des &#8211; \u0161\u0101dos apst\u0101k\u013cos su\u0146i j\u016btas slikti, jo nav sp\u0113j\u012bgi \u012bstenot savu bara dz\u012bvnieka dabu (tiesa, ir v\u0113l daudzi citi iemesli, k\u0101d\u0113\u013c nevienu suni nevajadz\u0113tu tur\u0113t pie \u0137\u0113des vai sl\u0113gt\u0101 volj\u0113r\u0101!) <\/p>\n<p>Tre\u0161k\u0101rt, j\u0101atceras, ka su\u0146i k\u0101 bara dz\u012bvnieki ir soci\u0101li \u0113d\u0101ji un gul\u0113t\u0101ji. Su\u0146iem ir dabiski \u0113st un gul\u0113t sava bara locek\u013cu tuvum\u0101. T\u0101p\u0113c ir noz\u012bm\u012bgi su\u0146a iek\u0101rtot vair\u0101kas gu\u013cvietas da\u017e\u0101d\u0101s viet\u0101s, ar\u012b saimnieka gu\u013cvietas tuvum\u0101, nevis tikai t\u0101l\u0101kaj\u0101 m\u0101jok\u013ca nost\u016br\u012b, un j\u0101dod iesp\u0113ja sunim pa\u0161am izlemt, kur konkr\u0113taj\u0101 reiz\u0113 vi\u0146\u0161 grib gul\u0113t (iek\u0161\u0101\/\u0101r\u0101, jums tuvum\u0101 vai cit\u0101 t\u0101l\u0101k\u0101 istab\u0101). Tas, vai sunim \u013caut gul\u0113t gult\u0101, ir atkar\u012bgs no katra saimnieka individu\u0101l\u0101s attieksmes, un tom\u0113r vienu m\u0113s varam teikt dro\u0161i &#8211; su\u0146a gul\u0113\u0161anai gult\u0101 nav nek\u0101das saist\u012bbas ar domin\u0113\u0161anu, t\u0101d\u0113\u013c, ja vien j\u016bties komfortabli &#8211; dro\u0161i guliet kop\u0101, Tavs suns to nov\u0113rt\u0113s! <\/p>\n\t<p><a href=\"https:\/\/myperfectdog.lv\/en\/ieteicama-literatura\/\"><b><i>Ieteicam\u0101 papildus literat\u016bra par t\u0113mu:<\/i><\/b><i> Barry Eaton &#8220;Dominance in Dogs: Fact or Fiction?&#8221;<\/i><\/a><\/p>\n\t<p><strong>Par &#8220;My Perfect Dog&#8221;<\/strong><\/p>\n&#8220;My Perfect Dog&#8221; ir z\u012bmols, kas reprezent\u0113 lieliskas un harmoniskas attiec\u012bbas su\u0146a un saimnieka starp\u0101, kur saimnieks ir izgl\u012btots un zino\u0161s, savuk\u0101rt suns izprasts un atbilsto\u0161i apr\u016bp\u0113ts, socializ\u0113ts un apm\u0101c\u012bts, balstoties uz pret suni \u0113tisku, dabisku un uz motiv\u0101ciju balst\u012btu apm\u0101c\u012bbu.<br \/>\n\n<p> &#8220;My Perfect Dog&#8221; pied\u0101v\u0101 su\u0146u un vi\u0146u saimnieku apm\u0101c\u012bbu, su\u0146u uzved\u012bbas konsult\u0101cijas, socializ\u0101cijas pastaigas su\u0146iem, k\u0101 ar\u012b teor\u0113tiskus un praktiskus semin\u0101rus saimniekiem.<\/p>\n\t<p><strong>Kategorijas<\/strong><\/p>\n<p><a href=\"https:\/\/myperfectdog.lv\/en\/internetveikals\/\">Internetveikals<\/a><\/p>\n<p><a href=\"https:\/\/myperfectdog.lv\/en\/apmacibu-piedavajums\/\">Apm\u0101c\u012bbu pied\u0101v\u0101jums<\/a><\/p>\n<p><a href=\"https:\/\/myperfectdog.lv\/en\/sunu-aukles\/\">Su\u0146u pieskat\u012b\u0161ana un pastaigas<\/a><\/p>\n<p><a href=\"https:\/\/myperfectdog.lv\/en\/izglitojosi-raksti\/\">Izgl\u012btojo\u0161i materi\u0101li<\/a><\/p>\n<p><a href=\"https:\/\/myperfectdog.lv\/en\/kontakti\/\">Kontakti<\/a><\/p>\n<p><a href=\"https:\/\/myperfectdog.lv\/en\/privatuma-politika\/\">Priv\u0101tuma politika<\/a><\/p>\n\t<p><strong>Sazi\u0146ai<\/strong><\/p>\n\t+371 27993370<br \/>\nliga@myperfectdog.lv\n\t<p><strong>Seko &#8220;My Perfect Dog&#8221;<\/strong><\/p>\n\t\t\t\t<img decoding=\"async\" src=\"https:\/\/myperfectdog.lv\/wp-content\/uploads\/2020\/09\/PDTE-Logo2-150x150.png\" alt=\"PDTE-Logo2\" itemprop=\"image\" title=\"PDTE-Logo2\" onerror=\"this.style.display='none'\"  \/>\n\t<p><strong>Par &#8220;My Perfect Dog&#8221;<\/strong><\/p>\n&#8220;My Perfect Dog&#8221; ir z\u012bmols, kas reprezent\u0113 lieliskas un harmoniskas attiec\u012bbas su\u0146a un saimnieka starp\u0101, kur saimnieks ir izgl\u012btots un zino\u0161s, savuk\u0101rt suns izprasts un atbilsto\u0161i apr\u016bp\u0113ts, socializ\u0113ts un apm\u0101c\u012bts, balstoties uz pret suni \u0113tisku, dabisku un uz motiv\u0101ciju balst\u012btu apm\u0101c\u012bbu.<br \/>\n\n<p> &#8220;My Perfect Dog&#8221; pied\u0101v\u0101 su\u0146u un vi\u0146u saimnieku apm\u0101c\u012bbu, su\u0146u uzved\u012bbas konsult\u0101cijas, socializ\u0101cijas pastaigas su\u0146iem, k\u0101 ar\u012b teor\u0113tiskus un praktiskus semin\u0101rus saimniekiem.<\/p>\n\t<p><strong>Sazi\u0146ai<\/strong><\/p>\n\t+371 27993370<br \/>\nliga@myperfectdog.lv\n\t<p><strong>Seko &#8220;My Perfect Dog&#8221;<\/strong><\/p>\n<h5>\n\t\t<a href=\"https:\/\/myperfectdog.lv\/en\/privatuma-politika\/\" title=\"Priv\u0101tuma politika\" target=\"_self\" rel=\"noopener\">\n\t\tPriv\u0101tuma politika\n\t\t<\/a>\n\t<\/h5>","protected":false},"excerpt":{"rendered":"<p>Suns &#8211; bara dz\u012bvnieks. Ko tas noz\u012bm\u0113 saimniekam? Suns ir bara dz\u012bvnieks &#8211; soci\u0101la rad\u012bba. Tas noz\u012bm\u0113, ka su\u0146iem dabiska uzved\u012bba ir dz\u012bvo\u0161ana grup\u0101s, l\u012bdz\u012bgi k\u0101 to savva\u013cas radiniekiem vilkiem. Diem\u017e\u0113l su\u0146a bara dz\u012bvnieka daba un l\u012bdz\u012bbas ar vilku ir rad\u012bju\u0161as daudzus m\u012btus par su\u0146iem un to audzin\u0101\u0161anu. \u0160aj\u0101 rakst\u0101 parun\u0101sim par svar\u012bg\u0101kajiem m\u012btiem un&hellip;<\/p>","protected":false},"author":1,"featured_media":0,"parent":2210,"menu_order":1,"comment_status":"closed","ping_status":"closed","template":"","meta":{"footnotes":""},"class_list":["post-3483","page","type-page","status-publish","hentry"],"yoast_head":"<!-- This site is optimized with the Yoast SEO plugin v27.5 - https:\/\/yoast.com\/product\/yoast-seo-wordpress\/ -->\n<title>Suns \u2013 bara dz\u012bvnieks \/ soci\u0101la b\u016btne. Ko tas noz\u012bm\u0113 saimniekam? | MyPerfectDog.lv<\/title>\n<meta name=\"robots\" content=\"index, follow, max-snippet:-1, max-image-preview:large, max-video-preview:-1\" \/>\n<link rel=\"canonical\" href=\"https:\/\/myperfectdog.lv\/en\/izglitojosi\/suns-bara-dzivnieks-sociala-butne\/\" \/>\n<meta property=\"og:locale\" content=\"en_GB\" \/>\n<meta property=\"og:type\" content=\"article\" \/>\n<meta property=\"og:title\" content=\"Suns \u2013 bara dz\u012bvnieks \/ soci\u0101la b\u016btne. Ko tas noz\u012bm\u0113 saimniekam? | MyPerfectDog.lv\" \/>\n<meta property=\"og:description\" content=\"Suns &#8211; bara dz\u012bvnieks. Ko tas noz\u012bm\u0113 saimniekam? Suns ir bara dz\u012bvnieks &#8211; soci\u0101la rad\u012bba. Tas noz\u012bm\u0113, ka su\u0146iem dabiska uzved\u012bba ir dz\u012bvo\u0161ana grup\u0101s, l\u012bdz\u012bgi k\u0101 to savva\u013cas radiniekiem vilkiem. Diem\u017e\u0113l su\u0146a bara dz\u012bvnieka daba un l\u012bdz\u012bbas ar vilku ir rad\u012bju\u0161as daudzus m\u012btus par su\u0146iem un to audzin\u0101\u0161anu. \u0160aj\u0101 rakst\u0101 parun\u0101sim par svar\u012bg\u0101kajiem m\u012btiem un&hellip;\" \/>\n<meta property=\"og:url\" content=\"https:\/\/myperfectdog.lv\/en\/izglitojosi\/suns-bara-dzivnieks-sociala-butne\/\" \/>\n<meta property=\"og:site_name\" content=\"MyPerfectDog.lv\" \/>\n<meta property=\"article:modified_time\" content=\"2024-10-04T11:47:59+00:00\" \/>\n<meta property=\"og:image\" content=\"https:\/\/myperfectdog.lv\/wp-content\/uploads\/2020\/10\/MyPerfectDog-New-logo_peach_plakans.png\" \/>\n<meta name=\"twitter:card\" content=\"summary_large_image\" \/>\n<script type=\"application\/ld+json\" class=\"yoast-schema-graph\">{\"@context\":\"https:\\\/\\\/schema.org\",\"@graph\":[{\"@type\":\"WebPage\",\"@id\":\"https:\\\/\\\/myperfectdog.lv\\\/izglitojosi\\\/suns-bara-dzivnieks-sociala-butne\\\/\",\"url\":\"https:\\\/\\\/myperfectdog.lv\\\/izglitojosi\\\/suns-bara-dzivnieks-sociala-butne\\\/\",\"name\":\"Suns \u2013 bara dz\u012bvnieks \\\/ soci\u0101la b\u016btne. Ko tas noz\u012bm\u0113 saimniekam? | MyPerfectDog.lv\",\"isPartOf\":{\"@id\":\"https:\\\/\\\/myperfectdog.lv\\\/#website\"},\"primaryImageOfPage\":{\"@id\":\"https:\\\/\\\/myperfectdog.lv\\\/izglitojosi\\\/suns-bara-dzivnieks-sociala-butne\\\/#primaryimage\"},\"image\":{\"@id\":\"https:\\\/\\\/myperfectdog.lv\\\/izglitojosi\\\/suns-bara-dzivnieks-sociala-butne\\\/#primaryimage\"},\"thumbnailUrl\":\"https:\\\/\\\/myperfectdog.lv\\\/wp-content\\\/uploads\\\/2020\\\/10\\\/MyPerfectDog-New-logo_peach_plakans.png\",\"datePublished\":\"2022-01-12T00:58:06+00:00\",\"dateModified\":\"2024-10-04T11:47:59+00:00\",\"breadcrumb\":{\"@id\":\"https:\\\/\\\/myperfectdog.lv\\\/izglitojosi\\\/suns-bara-dzivnieks-sociala-butne\\\/#breadcrumb\"},\"inLanguage\":\"en-GB\",\"potentialAction\":[{\"@type\":\"ReadAction\",\"target\":[\"https:\\\/\\\/myperfectdog.lv\\\/izglitojosi\\\/suns-bara-dzivnieks-sociala-butne\\\/\"]}]},{\"@type\":\"ImageObject\",\"inLanguage\":\"en-GB\",\"@id\":\"https:\\\/\\\/myperfectdog.lv\\\/izglitojosi\\\/suns-bara-dzivnieks-sociala-butne\\\/#primaryimage\",\"url\":\"https:\\\/\\\/myperfectdog.lv\\\/wp-content\\\/uploads\\\/2020\\\/10\\\/MyPerfectDog-New-logo_peach_plakans.png\",\"contentUrl\":\"https:\\\/\\\/myperfectdog.lv\\\/wp-content\\\/uploads\\\/2020\\\/10\\\/MyPerfectDog-New-logo_peach_plakans.png\"},{\"@type\":\"BreadcrumbList\",\"@id\":\"https:\\\/\\\/myperfectdog.lv\\\/izglitojosi\\\/suns-bara-dzivnieks-sociala-butne\\\/#breadcrumb\",\"itemListElement\":[{\"@type\":\"ListItem\",\"position\":1,\"name\":\"Home\",\"item\":\"https:\\\/\\\/myperfectdog.lv\\\/\"},{\"@type\":\"ListItem\",\"position\":2,\"name\":\"Izgl\u012btojo\u0161i materi\u0101li\",\"item\":\"https:\\\/\\\/myperfectdog.lv\\\/izglitojosi\\\/\"},{\"@type\":\"ListItem\",\"position\":3,\"name\":\"Suns \u2013 bara dz\u012bvnieks \\\/ soci\u0101la b\u016btne. Ko tas noz\u012bm\u0113 saimniekam?\"}]},{\"@type\":\"WebSite\",\"@id\":\"https:\\\/\\\/myperfectdog.lv\\\/#website\",\"url\":\"https:\\\/\\\/myperfectdog.lv\\\/\",\"name\":\"MyPerfectDog.lv\",\"description\":\"Su\u0146u un saimnieku skola\",\"publisher\":{\"@id\":\"https:\\\/\\\/myperfectdog.lv\\\/#organization\"},\"potentialAction\":[{\"@type\":\"SearchAction\",\"target\":{\"@type\":\"EntryPoint\",\"urlTemplate\":\"https:\\\/\\\/myperfectdog.lv\\\/?s={search_term_string}\"},\"query-input\":{\"@type\":\"PropertyValueSpecification\",\"valueRequired\":true,\"valueName\":\"search_term_string\"}}],\"inLanguage\":\"en-GB\"},{\"@type\":\"Organization\",\"@id\":\"https:\\\/\\\/myperfectdog.lv\\\/#organization\",\"name\":\"Su\u0146u & saimnieku skola \\\"My Perfect Dog\\\"\",\"url\":\"https:\\\/\\\/myperfectdog.lv\\\/\",\"logo\":{\"@type\":\"ImageObject\",\"inLanguage\":\"en-GB\",\"@id\":\"https:\\\/\\\/myperfectdog.lv\\\/#\\\/schema\\\/logo\\\/image\\\/\",\"url\":\"https:\\\/\\\/myperfectdog.lv\\\/wp-content\\\/uploads\\\/2020\\\/10\\\/MyPerfectDog-New-logo_peach_plakans.png\",\"contentUrl\":\"https:\\\/\\\/myperfectdog.lv\\\/wp-content\\\/uploads\\\/2020\\\/10\\\/MyPerfectDog-New-logo_peach_plakans.png\",\"width\":1200,\"height\":636,\"caption\":\"Su\u0146u & saimnieku skola \\\"My Perfect Dog\\\"\"},\"image\":{\"@id\":\"https:\\\/\\\/myperfectdog.lv\\\/#\\\/schema\\\/logo\\\/image\\\/\"}}]}<\/script>\n<!-- \/ Yoast SEO plugin. -->","yoast_head_json":{"title":"Suns \u2013 bara dz\u012bvnieks \/ soci\u0101la b\u016btne. Ko tas noz\u012bm\u0113 saimniekam? | MyPerfectDog.lv","robots":{"index":"index","follow":"follow","max-snippet":"max-snippet:-1","max-image-preview":"max-image-preview:large","max-video-preview":"max-video-preview:-1"},"canonical":"https:\/\/myperfectdog.lv\/en\/izglitojosi\/suns-bara-dzivnieks-sociala-butne\/","og_locale":"en_GB","og_type":"article","og_title":"Suns \u2013 bara dz\u012bvnieks \/ soci\u0101la b\u016btne. Ko tas noz\u012bm\u0113 saimniekam? | MyPerfectDog.lv","og_description":"Suns &#8211; bara dz\u012bvnieks. Ko tas noz\u012bm\u0113 saimniekam? Suns ir bara dz\u012bvnieks &#8211; soci\u0101la rad\u012bba. Tas noz\u012bm\u0113, ka su\u0146iem dabiska uzved\u012bba ir dz\u012bvo\u0161ana grup\u0101s, l\u012bdz\u012bgi k\u0101 to savva\u013cas radiniekiem vilkiem. Diem\u017e\u0113l su\u0146a bara dz\u012bvnieka daba un l\u012bdz\u012bbas ar vilku ir rad\u012bju\u0161as daudzus m\u012btus par su\u0146iem un to audzin\u0101\u0161anu. \u0160aj\u0101 rakst\u0101 parun\u0101sim par svar\u012bg\u0101kajiem m\u012btiem un&hellip;","og_url":"https:\/\/myperfectdog.lv\/en\/izglitojosi\/suns-bara-dzivnieks-sociala-butne\/","og_site_name":"MyPerfectDog.lv","article_modified_time":"2024-10-04T11:47:59+00:00","og_image":[{"url":"https:\/\/myperfectdog.lv\/wp-content\/uploads\/2020\/10\/MyPerfectDog-New-logo_peach_plakans.png","type":"","width":"","height":""}],"twitter_card":"summary_large_image","schema":{"@context":"https:\/\/schema.org","@graph":[{"@type":"WebPage","@id":"https:\/\/myperfectdog.lv\/izglitojosi\/suns-bara-dzivnieks-sociala-butne\/","url":"https:\/\/myperfectdog.lv\/izglitojosi\/suns-bara-dzivnieks-sociala-butne\/","name":"Suns \u2013 bara dz\u012bvnieks \/ soci\u0101la b\u016btne. Ko tas noz\u012bm\u0113 saimniekam? | MyPerfectDog.lv","isPartOf":{"@id":"https:\/\/myperfectdog.lv\/#website"},"primaryImageOfPage":{"@id":"https:\/\/myperfectdog.lv\/izglitojosi\/suns-bara-dzivnieks-sociala-butne\/#primaryimage"},"image":{"@id":"https:\/\/myperfectdog.lv\/izglitojosi\/suns-bara-dzivnieks-sociala-butne\/#primaryimage"},"thumbnailUrl":"https:\/\/myperfectdog.lv\/wp-content\/uploads\/2020\/10\/MyPerfectDog-New-logo_peach_plakans.png","datePublished":"2022-01-12T00:58:06+00:00","dateModified":"2024-10-04T11:47:59+00:00","breadcrumb":{"@id":"https:\/\/myperfectdog.lv\/izglitojosi\/suns-bara-dzivnieks-sociala-butne\/#breadcrumb"},"inLanguage":"en-GB","potentialAction":[{"@type":"ReadAction","target":["https:\/\/myperfectdog.lv\/izglitojosi\/suns-bara-dzivnieks-sociala-butne\/"]}]},{"@type":"ImageObject","inLanguage":"en-GB","@id":"https:\/\/myperfectdog.lv\/izglitojosi\/suns-bara-dzivnieks-sociala-butne\/#primaryimage","url":"https:\/\/myperfectdog.lv\/wp-content\/uploads\/2020\/10\/MyPerfectDog-New-logo_peach_plakans.png","contentUrl":"https:\/\/myperfectdog.lv\/wp-content\/uploads\/2020\/10\/MyPerfectDog-New-logo_peach_plakans.png"},{"@type":"BreadcrumbList","@id":"https:\/\/myperfectdog.lv\/izglitojosi\/suns-bara-dzivnieks-sociala-butne\/#breadcrumb","itemListElement":[{"@type":"ListItem","position":1,"name":"Home","item":"https:\/\/myperfectdog.lv\/"},{"@type":"ListItem","position":2,"name":"Izgl\u012btojo\u0161i materi\u0101li","item":"https:\/\/myperfectdog.lv\/izglitojosi\/"},{"@type":"ListItem","position":3,"name":"Suns \u2013 bara dz\u012bvnieks \/ soci\u0101la b\u016btne. Ko tas noz\u012bm\u0113 saimniekam?"}]},{"@type":"WebSite","@id":"https:\/\/myperfectdog.lv\/#website","url":"https:\/\/myperfectdog.lv\/","name":"MyPerfectDog.lv","description":"Su\u0146u un saimnieku skola","publisher":{"@id":"https:\/\/myperfectdog.lv\/#organization"},"potentialAction":[{"@type":"SearchAction","target":{"@type":"EntryPoint","urlTemplate":"https:\/\/myperfectdog.lv\/?s={search_term_string}"},"query-input":{"@type":"PropertyValueSpecification","valueRequired":true,"valueName":"search_term_string"}}],"inLanguage":"en-GB"},{"@type":"Organization","@id":"https:\/\/myperfectdog.lv\/#organization","name":"Su\u0146u & saimnieku skola \"My Perfect Dog\"","url":"https:\/\/myperfectdog.lv\/","logo":{"@type":"ImageObject","inLanguage":"en-GB","@id":"https:\/\/myperfectdog.lv\/#\/schema\/logo\/image\/","url":"https:\/\/myperfectdog.lv\/wp-content\/uploads\/2020\/10\/MyPerfectDog-New-logo_peach_plakans.png","contentUrl":"https:\/\/myperfectdog.lv\/wp-content\/uploads\/2020\/10\/MyPerfectDog-New-logo_peach_plakans.png","width":1200,"height":636,"caption":"Su\u0146u & saimnieku skola \"My Perfect Dog\""},"image":{"@id":"https:\/\/myperfectdog.lv\/#\/schema\/logo\/image\/"}}]}},"jetpack_sharing_enabled":true,"_links":{"self":[{"href":"https:\/\/myperfectdog.lv\/en\/wp-json\/wp\/v2\/pages\/3483","targetHints":{"allow":["GET"]}}],"collection":[{"href":"https:\/\/myperfectdog.lv\/en\/wp-json\/wp\/v2\/pages"}],"about":[{"href":"https:\/\/myperfectdog.lv\/en\/wp-json\/wp\/v2\/types\/page"}],"author":[{"embeddable":true,"href":"https:\/\/myperfectdog.lv\/en\/wp-json\/wp\/v2\/users\/1"}],"replies":[{"embeddable":true,"href":"https:\/\/myperfectdog.lv\/en\/wp-json\/wp\/v2\/comments?post=3483"}],"version-history":[{"count":0,"href":"https:\/\/myperfectdog.lv\/en\/wp-json\/wp\/v2\/pages\/3483\/revisions"}],"up":[{"embeddable":true,"href":"https:\/\/myperfectdog.lv\/en\/wp-json\/wp\/v2\/pages\/2210"}],"wp:attachment":[{"href":"https:\/\/myperfectdog.lv\/en\/wp-json\/wp\/v2\/media?parent=3483"}],"curies":[{"name":"wp","href":"https:\/\/api.w.org\/{rel}","templated":true}]}}