{"id":3503,"date":"2022-01-20T01:27:41","date_gmt":"2022-01-19T23:27:41","guid":{"rendered":"https:\/\/myperfectdog.lv\/?page_id=3503"},"modified":"2024-08-08T15:51:07","modified_gmt":"2024-08-08T13:51:07","slug":"atteiksanas-koncepts","status":"publish","type":"page","link":"https:\/\/myperfectdog.lv\/en\/izglitojosi\/atteiksanas-koncepts\/","title":{"rendered":"Atteik\u0161an\u0101s koncepts"},"content":{"rendered":"<a href=\"https:\/\/myperfectdog.lv\/en\/\" target=\"_self\" itemprop=\"url\" rel=\"noopener\">\n\t\t\t\t<img decoding=\"async\" src=\"https:\/\/myperfectdog.lv\/wp-content\/uploads\/2020\/10\/MyPerfectDog-New-logo_peach_plakans.png\" alt=\"MyPerfectDog-New-logo_peach_plakans\" itemprop=\"image\" title=\"MyPerfectDog-New-logo_peach_plakans\" onerror=\"this.style.display='none'\"  \/>\n\t\t\t\t<\/a>\n\t\t\t\t<img decoding=\"async\" src=\"https:\/\/myperfectdog.lv\/wp-content\/uploads\/2020\/10\/MyPerfectDog-New-logo_peach_plakans.png\" alt=\"MyPerfectDog-New-logo_peach_plakans\" itemprop=\"image\" title=\"MyPerfectDog-New-logo_peach_plakans\" onerror=\"this.style.display='none'\"  \/>\n<h3>\n\t\tSU\u0145U APM\u0100C\u012aBAS UN IKDIENAS KONCEPTI:\n\t<\/h3>\n<h2>\n\t\tAtteik\u0161an\u0101s\n\t<\/h2>\n\t<p>Su\u0146u un saimnieku skola &#8220;My Perfect Dog&#8221; \u012bsteno pozit\u012bvo konceptu apm\u0101c\u012bbu, kas sunim veido fleksiblu dom\u0101\u0161anu, m\u0101ca mieru, fokusu un sadarb\u012bbu ar saimnieku, t\u0101 pal\u012bdzot pie\u0146emt pareizus l\u0113mumus da\u017e\u0101d\u0101s ikdienas situ\u0101cij\u0101s un motiv\u0113jot v\u0113lamo uzved\u012bbu. \u0160\u012b apm\u0101c\u012bbas pieeja balst\u0101s uz vair\u0101kiem pamatkonceptiem: <a href=\"https:\/\/myperfectdog.lv\/en\/izglitojosi-raksti\/koncepti-emocionalais-miers-suna-ikdiena\/\">emocion\u0101lo mieru,<\/a><a href=\"https:\/\/myperfectdog.lv\/en\/izglitojosi-raksti\/atteiksanas-koncepts\/\"> atteik\u0161anos<\/a>, <a href=\"https:\/\/myperfectdog.lv\/en\/izglitojosi-raksti\/koncepts-fleksibilitate\/\">fleksibilit\u0101ti<\/a>, <a href=\"https:\/\/myperfectdog.lv\/en\/izglitojosi-raksti\/optimistisks-pasparliecinats-suns\/\">optimismu &amp; pa\u0161p\u0101rliecin\u0101t\u012bbu<\/a>, kontaktu ar saimnieku &amp; fokus\u0113\u0161anos, <a href=\"https:\/\/myperfectdog.lv\/en\/koncepts-impulsu-kontrole-aktivitates-maina\/\">impulsu kontroli &amp; aktivit\u0101tes mai\u0146u<\/a>. Vair\u0101k par konceptiem un su\u0146u psiholo\u0123iju uzzin\u0101siet <a href=\"https:\/\/myperfectdog.lv\/en\/product\/divas-izglitojosas-lekcijas-toposajiem-un-esosajiem-sunu-saimniekiem\/\">1.izgl\u012btojo\u0161aj\u0101 vebin\u0101r\u0101 su\u0146u saimniekiem.\u00a0<\/a><\/p>\n<p>\u0160aj\u0101 rakst\u0101 aprakst\u0101m atteik\u0161an\u0101s konceptu.\u00a0<\/p>\n<p>Atteik\u0161an\u0101s koncepts ir saist\u012bts ar su\u0146a sp\u0113ju atlaist vai atteikties no v\u0113rt\u012bg\u0101m liet\u0101m, k\u0101 ar\u012b sp\u0113ju aiziet prom no gan pozit\u012bvi, gan negat\u012bvi satrauco\u0161\u0101m situ\u0101cij\u0101m. Atteik\u0161an\u0101s koncepts ir b\u016btisks da\u017e\u0101d\u0101s ikdienas situ\u0101cij\u0101s, piem\u0113ram, 1) br\u012b\u017eos, kad suns saj\u016bt mednieka instinktus un s\u0101k dz\u012bt p\u0113das me\u017ea dz\u012bvniekam, 2) pastaigas laik\u0101 atrod visk\u0101rdino\u0161\u0101ko nenosak\u0101mas izcelsmes atkritumu, ko \u013coti gribas pagar\u0161ot <em><a href=\"https:\/\/myperfectdog.lv\/en\/izglitojosi-raksti\/ka-iemacit-sunim-neest-izkarnijumus-un-citus-zeme-atrastus-atkritumus\/\">(starp citu &#8211; te raksts par to, k\u0101 r\u012bkoties, ja suns \u0113d no zemes)<\/a><\/em> un 3) situ\u0101cij\u0101s, kad sunim p\u0101r\u0101k lielu (pozit\u012bvo vai negat\u012bvo) stresu rada cilv\u0113ku vai citu su\u0146u satik\u0161ana.\u00a0<\/p>\n\t\t\t\t<img decoding=\"async\" src=\"https:\/\/myperfectdog.lv\/wp-content\/uploads\/2022\/01\/pexels-dariusz-grosa-783260-1.jpg\" alt=\"atteik\u0161an\u0101s koncepts - suns aizgrie\u017e prom galvu\" itemprop=\"image\" title=\"atteik\u0161an\u0101s koncepts - suns aizgrie\u017e prom galvu\" onerror=\"this.style.display='none'\"  \/>\n\t<p>Atteik\u0161an\u0101s, t\u0101pat k\u0101 jebkur\u0161 cits pamatkoncepts, sunim ir j\u0101m\u0101ca pak\u0101peniski, izturoties cie\u0146pilni un saproto\u0161i pret su\u0146a dabiskaj\u0101m pamatvajadz\u012bb\u0101m, <a href=\"https:\/\/myperfectdog.lv\/en\/product\/divas-izglitojosas-lekcijas-toposajiem-un-esosajiem-sunu-saimniekiem\/\">emociju kausi\u0146u<\/a> (emocion\u0101l\u0101 uzbudin\u0101juma pak\u0101pi) un ar\u012b individu\u0101laj\u0101m rakstura iez\u012bm\u0113m.\u00a0 Tas, cik viegli vai gr\u016bti sunim b\u016bs \u012bstenot atteik\u0161an\u0101s konceptu, liel\u0101 m\u0113r\u0101 ir atkar\u012bgs no su\u0146a rakstura un temperamenta. Mier\u012bgiem, nosv\u0113rtiem su\u0146iem atteik\u0161an\u0101s, iesp\u0113jams, n\u0101ks viegl\u0101k, savuk\u0101rt impuls\u012bvu un emocion\u0101lu su\u0146u \u012bpa\u0161niekiem atteik\u0161an\u0101s koncepta stiprin\u0101\u0161an\u0101 var b\u016bt j\u0101iegulda vair\u0101k darba. Un tas ir norm\u0101li, jo katrs suns, t\u0101pat k\u0101 katrs cilv\u0113ks, ir at\u0161\u0137ir\u012bgs! Atrodot pareizu un suni motiv\u0113jo\u0161u individu\u0101lo pieeju, atteik\u0161an\u0101s konceptu var nostiprin\u0101t jebkur\u0101 sun\u012b.\u00a0<\/p>\n<p>Nedaudz par to, kas veido un k\u0101 sunim m\u0101c\u012bt atteik\u0161anos:<\/p>\n\t<ul>\n<li aria-level=\"1\"><b>Saist\u012bba ar citiem apm\u0101c\u012bbas pamatkonceptiem. <\/b>Atteik\u0161an\u0101s koncepts ir cie\u0161i saist\u012bts ar vair\u0101kiem citiem konceptiem, kurus izmanto pozit\u012bvaj\u0101 konceptu apm\u0101c\u012bb\u0101 &#8211; ar mieru, optimismu, pa\u0161p\u0101rliecin\u0101t\u012bbu un impulsu kontroli. Ja v\u0113lamies sun\u012b stiprin\u0101t sp\u0113ju atteikties, ir j\u0101str\u0101d\u0101 ar\u012b ar uzdevumiem, kas stiprina \u0161os konceptus.<\/li>\n<\/ul>\n\t<ul>\n<li aria-level=\"1\"><b>Cel savu v\u0113rt\u012bbu su\u0146a ac\u012bs<\/b>. Atteik\u0161an\u0101s koncepta \u012bsteno\u0161an\u0101 lielu lomu sp\u0113l\u0113 saimnieka v\u0113rt\u012bbas cel\u0161ana su\u0146a ac\u012bs. Atteik\u0161an\u0101s priek\u0161 su\u0146a var b\u016bt \u013coti sare\u017e\u0123\u012bta darb\u012bba, jo t\u0101 bie\u017ei vien noz\u012bm\u0113 instinktu vad\u012btas\/dabiskas uzved\u012bbas aptur\u0113\u0161anu (piem\u0113ram, \u0113\u0161anu no zemes vai me\u017ea dz\u012bvnieku p\u0113du dz\u012b\u0161anu). Saimnieka v\u0113rt\u012bbu su\u0146a ac\u012bs ce\u013c gan kvalitat\u012bvs kop\u012bgi pavad\u012bts laiks, gan pozit\u012bvas, uz motiv\u0101ciju balst\u012btas apm\u0101c\u012bbas uzdevumi, kas ir v\u0113rsti uz kontakta ar saimnieku stiprin\u0101\u0161anu.<\/li>\n<\/ul>\n\t<ul>\n<li aria-level=\"1\"><b>Uzman\u012bbas piev\u0113r\u0161anas ska\u0146a<\/b>. M\u0101ci sunim uzman\u012bbas piev\u0113r\u0161anas ska\u0146u. Izv\u0113lies ska\u0146u, ko izmantosi (piem\u0113ram, &#8220;Hei!&#8221;, svilpienu u.tml., bet ne su\u0146a v\u0101rdu, ko izmantojam ar\u012b daudz\u0101s cit\u0101s ikdienas situ\u0101cij\u0101s!), lai piev\u0113rstu sev su\u0146a uzman\u012bbu un radi sunim ar to pozit\u012bvas asoci\u0101cijas. Uzman\u012bbas piev\u0113r\u0161anas ska\u0146a pal\u012bdz\u0113s sunim p\u0101rsl\u0113gties no viena fokusa (piem\u0113ram, p\u0113du dz\u012b\u0161anas, rie\u0161anas uz citu suni) uz citu fokusu (\u0161ai gad\u012bjum\u0101 saimnieku).\u00a0<\/li>\n<\/ul>\n\t<ul>\n<li aria-level=\"1\"><b>Kust\u012bbas nodro\u0161in\u0101\u0161ana<\/b>. Atteikties pal\u012bdz ar\u012b kust\u012bba prom no pozit\u012bvi\/negat\u012bvi satrauco\u0161\u0101s situ\u0101cijas. \u0160is punkts ir \u012bpa\u0161i b\u016btisks pastaig\u0101s pavad\u0101 &#8211; saimniekam ir j\u0101b\u016bt sp\u0113j\u012bgam \u012bstenot pareizu pavadas mened\u017ementu, pal\u012bdzot sunim aiziet prom no situ\u0101cijas, suni neraujot un nevelkot.<\/li>\n<\/ul>\n\t<ul>\n<li aria-level=\"1\"><b>(Kvalitat\u012bva) pamatpaklaus\u012bbas apm\u0101c\u012bba. <\/b>\u0160eit matem\u0101tika ir pavisam vienk\u0101r\u0161a &#8211; jo suns lab\u0101k rea\u0123\u0113 uz komand\u0101m, jo lab\u0101k sp\u0113j atteikties. Tiesa, j\u0101piebilst, ka ar &#8220;plik\u0101m&#8221; komand\u0101m vien nepietiks. Teiksim, komanda &#8220;\u0160urp!&#8221; parast\u0101, mier\u012bg\u0101 situ\u0101cij\u0101 ir vienk\u0101r\u0161a. Tom\u0113r, kol\u012bdz &#8220;\u0160urp!&#8221; ir j\u0101\u012bsteno situ\u0101cij\u0101s, kas sev\u012b iek\u013cauj aizie\u0161anu prom no sunim interesantas situ\u0101cijas\/nodarbes, tas jau ir daudz sare\u017e\u0123\u012bt\u0101k. T\u0101d\u0113\u013c ir svar\u012bgi piev\u0113rst uzman\u012bbu tam, lai apm\u0101c\u012bb\u0101 suns tiktu m\u0101c\u012bts dom\u0101t un pie\u0146emt pareizus l\u0113mumus, kuri tiek apbalvoti, nevis tikai pild\u012bt pamatpaklaus\u012bbas komandas, kas nesniedz nek\u0101du prieku sunim. Ja suns jut\u012bsies motiv\u0113ts un tam patiks apm\u0101c\u012bbas, tad suns GRIB\u0112S sadarboties ar saimnieku un pild\u012bt pamatpaklaus\u012bbas komandas.<\/li>\n<\/ul>\n\t<ul>\n<li aria-level=\"1\"><b>V\u0113ro savu suni, iesaisties un pal\u012bdzi! <\/b>Saimniekam ir j\u0101saprot, ka katram sunim ir savs individu\u0101lais &#8220;<a href=\"https:\/\/myperfectdog.lv\/en\/product\/divas-izglitojosas-lekcijas-toposajiem-un-esosajiem-sunu-saimniekiem\/\">emociju kausi\u0146\u0161<\/a>&#8221; un stresa notur\u012bba. Ja stress ir p\u0101rk\u0101pis l\u012bmeni, kas sunim attiec\u012bgaj\u0101 dz\u012bves br\u012bd\u012b ir par daudz, suns neb\u016bs gatavs \u012bstenot atteik\u0161anos. \u0160\u0101d\u0101s situ\u0101cij\u0101s saimniekam ir j\u0101iesaist\u0101s un j\u0101pal\u012bdz sunim tikt prom no situ\u0101cijas, turkl\u0101t j\u0101dara tas mier\u012bgi. Jo bie\u017e\u0101k suns non\u0101ks situ\u0101cij\u0101s, kam vi\u0146\u0161 nav gatavs, jo liel\u0101kas probl\u0113mas var rasties atteik\u0161an\u0101s un citu konceptu stiprin\u0101\u0161an\u0101 n\u0101kotn\u0113. Savuk\u0101rt, ja saimnieks \u0146ems v\u0113r\u0101 su\u0146a limitus, apm\u0101c\u012bb\u0101 b\u016bs nov\u0113rojams lielisks, pak\u0101penisks progress. K\u0101 saprast, ka stresa ir par daudz? V\u0113ro su\u0146a <a href=\"https:\/\/myperfectdog.lv\/en\/product\/divas-izglitojosas-lekcijas-toposajiem-un-esosajiem-sunu-saimniekiem\/\">\u0137erme\u0146a valodu<\/a> &#8211; suns pats tev pateiks priek\u0161\u0101, kad situ\u0101cij\u0101 nej\u016btas komfortabli. M\u016bsdien\u0101s ir pieejamas daudz v\u0113rt\u012bgas gr\u0101matas par su\u0146a <a href=\"https:\/\/myperfectdog.lv\/en\/product\/divas-izglitojosas-lekcijas-toposajiem-un-esosajiem-sunu-saimniekiem\/\">\u0137erme\u0146u valodu<\/a>. Piem\u0113ram, <a href=\"https:\/\/myperfectdog.lv\/en\/ieteicama-literatura\/\">Turid Rugaas &#8220;On Talking Terms with Dogs&#8221;<\/a>, kur apskat\u012bti <a href=\"https:\/\/myperfectdog.lv\/en\/product\/divas-izglitojosas-lekcijas-toposajiem-un-esosajiem-sunu-saimniekiem\/\">su\u0146a \u0137erme\u0146a valodas<\/a> pamati, kurus b\u016btu v\u0113rt\u012bgi p\u0101rzin\u0101t katram, kura \u0123imen\u0113 ir suns.<\/li>\n<\/ul>\n\t<p><strong>Par &#8220;My Perfect Dog&#8221;<\/strong><\/p>\n&#8220;My Perfect Dog&#8221; ir z\u012bmols, kas reprezent\u0113 lieliskas un harmoniskas attiec\u012bbas su\u0146a un saimnieka starp\u0101, kur saimnieks ir izgl\u012btots un zino\u0161s, savuk\u0101rt suns izprasts un atbilsto\u0161i apr\u016bp\u0113ts, socializ\u0113ts un apm\u0101c\u012bts, balstoties uz pret suni \u0113tisku, dabisku un uz motiv\u0101ciju balst\u012btu apm\u0101c\u012bbu.<br \/>\n\n<p> &#8220;My Perfect Dog&#8221; pied\u0101v\u0101 su\u0146u un vi\u0146u saimnieku apm\u0101c\u012bbu, su\u0146u uzved\u012bbas konsult\u0101cijas, socializ\u0101cijas pastaigas su\u0146iem, k\u0101 ar\u012b teor\u0113tiskus un praktiskus semin\u0101rus saimniekiem.<\/p>\n\t<p><strong>Kategorijas<\/strong><\/p>\n<p><a href=\"https:\/\/myperfectdog.lv\/en\/internetveikals\/\">Internetveikals<\/a><\/p>\n<p><a href=\"https:\/\/myperfectdog.lv\/en\/apmacibu-piedavajums\/\">Apm\u0101c\u012bbu pied\u0101v\u0101jums<\/a><\/p>\n<p><a href=\"https:\/\/myperfectdog.lv\/en\/sunu-aukles\/\">Su\u0146u pieskat\u012b\u0161ana un pastaigas<\/a><\/p>\n<p><a href=\"https:\/\/myperfectdog.lv\/en\/izglitojosi-raksti\/\">Izgl\u012btojo\u0161i materi\u0101li<\/a><\/p>\n<p><a href=\"https:\/\/myperfectdog.lv\/en\/kontakti\/\">Kontakti<\/a><\/p>\n<p><a href=\"https:\/\/myperfectdog.lv\/en\/privatuma-politika\/\">Priv\u0101tuma politika<\/a><\/p>\n\t<p><strong>Sazi\u0146ai<\/strong><\/p>\n\t+371 27993370<br \/>\nliga@myperfectdog.lv\n\t<p><strong>Seko &#8220;My Perfect Dog&#8221;<\/strong><\/p>\n\t\t\t\t<img decoding=\"async\" src=\"https:\/\/myperfectdog.lv\/wp-content\/uploads\/2020\/09\/PDTE-Logo2-150x150.png\" alt=\"PDTE-Logo2\" itemprop=\"image\" title=\"PDTE-Logo2\" onerror=\"this.style.display='none'\"  \/>\n\t<p><strong>Par &#8220;My Perfect Dog&#8221;<\/strong><\/p>\n&#8220;My Perfect Dog&#8221; ir z\u012bmols, kas reprezent\u0113 lieliskas un harmoniskas attiec\u012bbas su\u0146a un saimnieka starp\u0101, kur saimnieks ir izgl\u012btots un zino\u0161s, savuk\u0101rt suns izprasts un atbilsto\u0161i apr\u016bp\u0113ts, socializ\u0113ts un apm\u0101c\u012bts, balstoties uz pret suni \u0113tisku, dabisku un uz motiv\u0101ciju balst\u012btu apm\u0101c\u012bbu.<br \/>\n\n<p> &#8220;My Perfect Dog&#8221; pied\u0101v\u0101 su\u0146u un vi\u0146u saimnieku apm\u0101c\u012bbu, su\u0146u uzved\u012bbas konsult\u0101cijas, socializ\u0101cijas pastaigas su\u0146iem, k\u0101 ar\u012b teor\u0113tiskus un praktiskus semin\u0101rus saimniekiem.<\/p>\n\t<p><strong>Sazi\u0146ai<\/strong><\/p>\n\t+371 27993370<br \/>\nliga@myperfectdog.lv\n\t<p><strong>Seko &#8220;My Perfect Dog&#8221;<\/strong><\/p>\n<h5>\n\t\t<a href=\"https:\/\/myperfectdog.lv\/en\/privatuma-politika\/\" title=\"Priv\u0101tuma politika\" target=\"_self\" rel=\"noopener\">\n\t\tPriv\u0101tuma politika\n\t\t<\/a>\n\t<\/h5>","protected":false},"excerpt":{"rendered":"<p>SU\u0145U APM\u0100C\u012aBAS UN IKDIENAS KONCEPTI: Atteik\u0161an\u0101s Su\u0146u un saimnieku skola &#8220;My Perfect Dog&#8221; \u012bsteno pozit\u012bvo konceptu apm\u0101c\u012bbu, kas sunim veido fleksiblu dom\u0101\u0161anu, m\u0101ca mieru, fokusu un sadarb\u012bbu ar saimnieku, t\u0101 pal\u012bdzot pie\u0146emt pareizus l\u0113mumus da\u017e\u0101d\u0101s ikdienas situ\u0101cij\u0101s un motiv\u0113jot v\u0113lamo uzved\u012bbu. \u0160\u012b apm\u0101c\u012bbas pieeja balst\u0101s uz vair\u0101kiem pamatkonceptiem: emocion\u0101lo mieru, atteik\u0161anos, fleksibilit\u0101ti, optimismu &amp; pa\u0161p\u0101rliecin\u0101t\u012bbu,&hellip;<\/p>","protected":false},"author":1,"featured_media":0,"parent":2210,"menu_order":1,"comment_status":"closed","ping_status":"closed","template":"","meta":{"footnotes":""},"class_list":["post-3503","page","type-page","status-publish","hentry"],"yoast_head":"<!-- This site is optimized with the Yoast SEO plugin v27.5 - https:\/\/yoast.com\/product\/yoast-seo-wordpress\/ -->\n<title>Atteik\u0161an\u0101s koncepts | MyPerfectDog.lv<\/title>\n<meta name=\"robots\" content=\"index, follow, max-snippet:-1, max-image-preview:large, max-video-preview:-1\" \/>\n<link rel=\"canonical\" href=\"https:\/\/myperfectdog.lv\/en\/izglitojosi\/atteiksanas-koncepts\/\" \/>\n<meta property=\"og:locale\" content=\"en_GB\" \/>\n<meta property=\"og:type\" content=\"article\" \/>\n<meta property=\"og:title\" content=\"Atteik\u0161an\u0101s koncepts | MyPerfectDog.lv\" \/>\n<meta property=\"og:description\" content=\"SU\u0145U APM\u0100C\u012aBAS UN IKDIENAS KONCEPTI: Atteik\u0161an\u0101s Su\u0146u un saimnieku skola &#8220;My Perfect Dog&#8221; \u012bsteno pozit\u012bvo konceptu apm\u0101c\u012bbu, kas sunim veido fleksiblu dom\u0101\u0161anu, m\u0101ca mieru, fokusu un sadarb\u012bbu ar saimnieku, t\u0101 pal\u012bdzot pie\u0146emt pareizus l\u0113mumus da\u017e\u0101d\u0101s ikdienas situ\u0101cij\u0101s un motiv\u0113jot v\u0113lamo uzved\u012bbu. \u0160\u012b apm\u0101c\u012bbas pieeja balst\u0101s uz vair\u0101kiem pamatkonceptiem: emocion\u0101lo mieru, atteik\u0161anos, fleksibilit\u0101ti, optimismu &amp; pa\u0161p\u0101rliecin\u0101t\u012bbu,&hellip;\" \/>\n<meta property=\"og:url\" content=\"https:\/\/myperfectdog.lv\/en\/izglitojosi\/atteiksanas-koncepts\/\" \/>\n<meta property=\"og:site_name\" content=\"MyPerfectDog.lv\" \/>\n<meta property=\"article:modified_time\" content=\"2024-08-08T13:51:07+00:00\" \/>\n<meta property=\"og:image\" content=\"https:\/\/myperfectdog.lv\/wp-content\/uploads\/2020\/10\/MyPerfectDog-New-logo_peach_plakans.png\" \/>\n<meta name=\"twitter:card\" content=\"summary_large_image\" \/>\n<script type=\"application\/ld+json\" class=\"yoast-schema-graph\">{\"@context\":\"https:\\\/\\\/schema.org\",\"@graph\":[{\"@type\":\"WebPage\",\"@id\":\"https:\\\/\\\/myperfectdog.lv\\\/izglitojosi\\\/atteiksanas-koncepts\\\/\",\"url\":\"https:\\\/\\\/myperfectdog.lv\\\/izglitojosi\\\/atteiksanas-koncepts\\\/\",\"name\":\"Atteik\u0161an\u0101s koncepts | MyPerfectDog.lv\",\"isPartOf\":{\"@id\":\"https:\\\/\\\/myperfectdog.lv\\\/#website\"},\"primaryImageOfPage\":{\"@id\":\"https:\\\/\\\/myperfectdog.lv\\\/izglitojosi\\\/atteiksanas-koncepts\\\/#primaryimage\"},\"image\":{\"@id\":\"https:\\\/\\\/myperfectdog.lv\\\/izglitojosi\\\/atteiksanas-koncepts\\\/#primaryimage\"},\"thumbnailUrl\":\"https:\\\/\\\/myperfectdog.lv\\\/wp-content\\\/uploads\\\/2020\\\/10\\\/MyPerfectDog-New-logo_peach_plakans.png\",\"datePublished\":\"2022-01-19T23:27:41+00:00\",\"dateModified\":\"2024-08-08T13:51:07+00:00\",\"breadcrumb\":{\"@id\":\"https:\\\/\\\/myperfectdog.lv\\\/izglitojosi\\\/atteiksanas-koncepts\\\/#breadcrumb\"},\"inLanguage\":\"en-GB\",\"potentialAction\":[{\"@type\":\"ReadAction\",\"target\":[\"https:\\\/\\\/myperfectdog.lv\\\/izglitojosi\\\/atteiksanas-koncepts\\\/\"]}]},{\"@type\":\"ImageObject\",\"inLanguage\":\"en-GB\",\"@id\":\"https:\\\/\\\/myperfectdog.lv\\\/izglitojosi\\\/atteiksanas-koncepts\\\/#primaryimage\",\"url\":\"https:\\\/\\\/myperfectdog.lv\\\/wp-content\\\/uploads\\\/2020\\\/10\\\/MyPerfectDog-New-logo_peach_plakans.png\",\"contentUrl\":\"https:\\\/\\\/myperfectdog.lv\\\/wp-content\\\/uploads\\\/2020\\\/10\\\/MyPerfectDog-New-logo_peach_plakans.png\"},{\"@type\":\"BreadcrumbList\",\"@id\":\"https:\\\/\\\/myperfectdog.lv\\\/izglitojosi\\\/atteiksanas-koncepts\\\/#breadcrumb\",\"itemListElement\":[{\"@type\":\"ListItem\",\"position\":1,\"name\":\"Home\",\"item\":\"https:\\\/\\\/myperfectdog.lv\\\/\"},{\"@type\":\"ListItem\",\"position\":2,\"name\":\"Izgl\u012btojo\u0161i materi\u0101li\",\"item\":\"https:\\\/\\\/myperfectdog.lv\\\/izglitojosi\\\/\"},{\"@type\":\"ListItem\",\"position\":3,\"name\":\"Atteik\u0161an\u0101s koncepts\"}]},{\"@type\":\"WebSite\",\"@id\":\"https:\\\/\\\/myperfectdog.lv\\\/#website\",\"url\":\"https:\\\/\\\/myperfectdog.lv\\\/\",\"name\":\"MyPerfectDog.lv\",\"description\":\"Su\u0146u un saimnieku skola\",\"publisher\":{\"@id\":\"https:\\\/\\\/myperfectdog.lv\\\/#organization\"},\"potentialAction\":[{\"@type\":\"SearchAction\",\"target\":{\"@type\":\"EntryPoint\",\"urlTemplate\":\"https:\\\/\\\/myperfectdog.lv\\\/?s={search_term_string}\"},\"query-input\":{\"@type\":\"PropertyValueSpecification\",\"valueRequired\":true,\"valueName\":\"search_term_string\"}}],\"inLanguage\":\"en-GB\"},{\"@type\":\"Organization\",\"@id\":\"https:\\\/\\\/myperfectdog.lv\\\/#organization\",\"name\":\"Su\u0146u & saimnieku skola \\\"My Perfect Dog\\\"\",\"url\":\"https:\\\/\\\/myperfectdog.lv\\\/\",\"logo\":{\"@type\":\"ImageObject\",\"inLanguage\":\"en-GB\",\"@id\":\"https:\\\/\\\/myperfectdog.lv\\\/#\\\/schema\\\/logo\\\/image\\\/\",\"url\":\"https:\\\/\\\/myperfectdog.lv\\\/wp-content\\\/uploads\\\/2020\\\/10\\\/MyPerfectDog-New-logo_peach_plakans.png\",\"contentUrl\":\"https:\\\/\\\/myperfectdog.lv\\\/wp-content\\\/uploads\\\/2020\\\/10\\\/MyPerfectDog-New-logo_peach_plakans.png\",\"width\":1200,\"height\":636,\"caption\":\"Su\u0146u & saimnieku skola \\\"My Perfect Dog\\\"\"},\"image\":{\"@id\":\"https:\\\/\\\/myperfectdog.lv\\\/#\\\/schema\\\/logo\\\/image\\\/\"}}]}<\/script>\n<!-- \/ Yoast SEO plugin. -->","yoast_head_json":{"title":"Atteik\u0161an\u0101s koncepts | MyPerfectDog.lv","robots":{"index":"index","follow":"follow","max-snippet":"max-snippet:-1","max-image-preview":"max-image-preview:large","max-video-preview":"max-video-preview:-1"},"canonical":"https:\/\/myperfectdog.lv\/en\/izglitojosi\/atteiksanas-koncepts\/","og_locale":"en_GB","og_type":"article","og_title":"Atteik\u0161an\u0101s koncepts | MyPerfectDog.lv","og_description":"SU\u0145U APM\u0100C\u012aBAS UN IKDIENAS KONCEPTI: Atteik\u0161an\u0101s Su\u0146u un saimnieku skola &#8220;My Perfect Dog&#8221; \u012bsteno pozit\u012bvo konceptu apm\u0101c\u012bbu, kas sunim veido fleksiblu dom\u0101\u0161anu, m\u0101ca mieru, fokusu un sadarb\u012bbu ar saimnieku, t\u0101 pal\u012bdzot pie\u0146emt pareizus l\u0113mumus da\u017e\u0101d\u0101s ikdienas situ\u0101cij\u0101s un motiv\u0113jot v\u0113lamo uzved\u012bbu. \u0160\u012b apm\u0101c\u012bbas pieeja balst\u0101s uz vair\u0101kiem pamatkonceptiem: emocion\u0101lo mieru, atteik\u0161anos, fleksibilit\u0101ti, optimismu &amp; pa\u0161p\u0101rliecin\u0101t\u012bbu,&hellip;","og_url":"https:\/\/myperfectdog.lv\/en\/izglitojosi\/atteiksanas-koncepts\/","og_site_name":"MyPerfectDog.lv","article_modified_time":"2024-08-08T13:51:07+00:00","og_image":[{"url":"https:\/\/myperfectdog.lv\/wp-content\/uploads\/2020\/10\/MyPerfectDog-New-logo_peach_plakans.png","type":"","width":"","height":""}],"twitter_card":"summary_large_image","schema":{"@context":"https:\/\/schema.org","@graph":[{"@type":"WebPage","@id":"https:\/\/myperfectdog.lv\/izglitojosi\/atteiksanas-koncepts\/","url":"https:\/\/myperfectdog.lv\/izglitojosi\/atteiksanas-koncepts\/","name":"Atteik\u0161an\u0101s koncepts | MyPerfectDog.lv","isPartOf":{"@id":"https:\/\/myperfectdog.lv\/#website"},"primaryImageOfPage":{"@id":"https:\/\/myperfectdog.lv\/izglitojosi\/atteiksanas-koncepts\/#primaryimage"},"image":{"@id":"https:\/\/myperfectdog.lv\/izglitojosi\/atteiksanas-koncepts\/#primaryimage"},"thumbnailUrl":"https:\/\/myperfectdog.lv\/wp-content\/uploads\/2020\/10\/MyPerfectDog-New-logo_peach_plakans.png","datePublished":"2022-01-19T23:27:41+00:00","dateModified":"2024-08-08T13:51:07+00:00","breadcrumb":{"@id":"https:\/\/myperfectdog.lv\/izglitojosi\/atteiksanas-koncepts\/#breadcrumb"},"inLanguage":"en-GB","potentialAction":[{"@type":"ReadAction","target":["https:\/\/myperfectdog.lv\/izglitojosi\/atteiksanas-koncepts\/"]}]},{"@type":"ImageObject","inLanguage":"en-GB","@id":"https:\/\/myperfectdog.lv\/izglitojosi\/atteiksanas-koncepts\/#primaryimage","url":"https:\/\/myperfectdog.lv\/wp-content\/uploads\/2020\/10\/MyPerfectDog-New-logo_peach_plakans.png","contentUrl":"https:\/\/myperfectdog.lv\/wp-content\/uploads\/2020\/10\/MyPerfectDog-New-logo_peach_plakans.png"},{"@type":"BreadcrumbList","@id":"https:\/\/myperfectdog.lv\/izglitojosi\/atteiksanas-koncepts\/#breadcrumb","itemListElement":[{"@type":"ListItem","position":1,"name":"Home","item":"https:\/\/myperfectdog.lv\/"},{"@type":"ListItem","position":2,"name":"Izgl\u012btojo\u0161i materi\u0101li","item":"https:\/\/myperfectdog.lv\/izglitojosi\/"},{"@type":"ListItem","position":3,"name":"Atteik\u0161an\u0101s koncepts"}]},{"@type":"WebSite","@id":"https:\/\/myperfectdog.lv\/#website","url":"https:\/\/myperfectdog.lv\/","name":"MyPerfectDog.lv","description":"Su\u0146u un saimnieku skola","publisher":{"@id":"https:\/\/myperfectdog.lv\/#organization"},"potentialAction":[{"@type":"SearchAction","target":{"@type":"EntryPoint","urlTemplate":"https:\/\/myperfectdog.lv\/?s={search_term_string}"},"query-input":{"@type":"PropertyValueSpecification","valueRequired":true,"valueName":"search_term_string"}}],"inLanguage":"en-GB"},{"@type":"Organization","@id":"https:\/\/myperfectdog.lv\/#organization","name":"Su\u0146u & saimnieku skola \"My Perfect Dog\"","url":"https:\/\/myperfectdog.lv\/","logo":{"@type":"ImageObject","inLanguage":"en-GB","@id":"https:\/\/myperfectdog.lv\/#\/schema\/logo\/image\/","url":"https:\/\/myperfectdog.lv\/wp-content\/uploads\/2020\/10\/MyPerfectDog-New-logo_peach_plakans.png","contentUrl":"https:\/\/myperfectdog.lv\/wp-content\/uploads\/2020\/10\/MyPerfectDog-New-logo_peach_plakans.png","width":1200,"height":636,"caption":"Su\u0146u & saimnieku skola \"My Perfect Dog\""},"image":{"@id":"https:\/\/myperfectdog.lv\/#\/schema\/logo\/image\/"}}]}},"jetpack_sharing_enabled":true,"_links":{"self":[{"href":"https:\/\/myperfectdog.lv\/en\/wp-json\/wp\/v2\/pages\/3503","targetHints":{"allow":["GET"]}}],"collection":[{"href":"https:\/\/myperfectdog.lv\/en\/wp-json\/wp\/v2\/pages"}],"about":[{"href":"https:\/\/myperfectdog.lv\/en\/wp-json\/wp\/v2\/types\/page"}],"author":[{"embeddable":true,"href":"https:\/\/myperfectdog.lv\/en\/wp-json\/wp\/v2\/users\/1"}],"replies":[{"embeddable":true,"href":"https:\/\/myperfectdog.lv\/en\/wp-json\/wp\/v2\/comments?post=3503"}],"version-history":[{"count":0,"href":"https:\/\/myperfectdog.lv\/en\/wp-json\/wp\/v2\/pages\/3503\/revisions"}],"up":[{"embeddable":true,"href":"https:\/\/myperfectdog.lv\/en\/wp-json\/wp\/v2\/pages\/2210"}],"wp:attachment":[{"href":"https:\/\/myperfectdog.lv\/en\/wp-json\/wp\/v2\/media?parent=3503"}],"curies":[{"name":"wp","href":"https:\/\/api.w.org\/{rel}","templated":true}]}}