{"id":3759,"date":"2022-03-03T23:35:14","date_gmt":"2022-03-03T21:35:14","guid":{"rendered":"https:\/\/myperfectdog.lv\/?page_id=3759"},"modified":"2024-08-08T15:52:08","modified_gmt":"2024-08-08T13:52:08","slug":"koncepts-fleksibilitate","status":"publish","type":"page","link":"https:\/\/myperfectdog.lv\/en\/izglitojosi\/koncepts-fleksibilitate\/","title":{"rendered":"Koncepts: Fleksibilit\u0101te"},"content":{"rendered":"<a href=\"https:\/\/myperfectdog.lv\/en\/\" target=\"_self\" itemprop=\"url\" rel=\"noopener\">\n\t\t\t\t<img decoding=\"async\" src=\"https:\/\/myperfectdog.lv\/wp-content\/uploads\/2020\/10\/MyPerfectDog-New-logo_peach_plakans.png\" alt=\"MyPerfectDog-New-logo_peach_plakans\" itemprop=\"image\" title=\"MyPerfectDog-New-logo_peach_plakans\" onerror=\"this.style.display='none'\"  \/>\n\t\t\t\t<\/a>\n\t\t\t\t<img decoding=\"async\" src=\"https:\/\/myperfectdog.lv\/wp-content\/uploads\/2020\/10\/MyPerfectDog-New-logo_peach_plakans.png\" alt=\"MyPerfectDog-New-logo_peach_plakans\" itemprop=\"image\" title=\"MyPerfectDog-New-logo_peach_plakans\" onerror=\"this.style.display='none'\"  \/>\n<h2>\n\t\tSu\u0146u apm\u0101c\u012bbas un ikdienas koncepti:\n\t<\/h2>\n<h2>\n\t\tFLEKSIBILIT\u0100TE\n\t<\/h2>\n\t<p>Su\u0146u un saimnieku skola &#8220;My Perfect Dog&#8221; \u012bsteno pozit\u012bvo konceptu apm\u0101c\u012bbu, kas sunim veido fleksiblu dom\u0101\u0161anu, m\u0101ca mieru, fokusu un sadarb\u012bbu ar saimnieku, t\u0101 pal\u012bdzot pie\u0146emt pareizus l\u0113mumus da\u017e\u0101d\u0101s ikdienas situ\u0101cij\u0101s un motiv\u0113jot v\u0113lamo uzved\u012bbu. \u0160\u012b apm\u0101c\u012bbas pieeja balst\u0101s uz vair\u0101kiem pamatkonceptiem: <a href=\"https:\/\/myperfectdog.lv\/en\/izglitojosi-raksti\/koncepti-emocionalais-miers-suna-ikdiena\/\">emocion\u0101lo mieru,<\/a><a href=\"https:\/\/myperfectdog.lv\/en\/izglitojosi-raksti\/atteiksanas-koncepts\/\"> atteik\u0161anos<\/a>, <a href=\"https:\/\/myperfectdog.lv\/en\/izglitojosi-raksti\/koncepts-fleksibilitate\/\">fleksibilit\u0101ti<\/a>, <a href=\"https:\/\/myperfectdog.lv\/en\/izglitojosi-raksti\/optimistisks-pasparliecinats-suns\/\">optimismu &amp; pa\u0161p\u0101rliecin\u0101t\u012bbu<\/a>, kontaktu ar saimnieku &amp; fokus\u0113\u0161anos, <a href=\"https:\/\/myperfectdog.lv\/en\/koncepts-impulsu-kontrole-aktivitates-maina\/\">impulsu kontroli &amp; aktivit\u0101tes mai\u0146u<\/a>. Vair\u0101k par konceptiem un su\u0146u psiholo\u0123iju uzzin\u0101siet <a href=\"https:\/\/myperfectdog.lv\/en\/product\/divas-izglitojosas-lekcijas-toposajiem-un-esosajiem-sunu-saimniekiem\/\">1.izgl\u012btojo\u0161aj\u0101 vebin\u0101r\u0101 su\u0146u saimniekiem.\u00a0<\/a><\/p>\n<p>\u0160aj\u0101 rakst\u0101 st\u0101st\u012bsim par fleksibilit\u0101tes konceptu.<\/p>\n\t\t\t\t<img decoding=\"async\" src=\"https:\/\/myperfectdog.lv\/wp-content\/uploads\/2022\/03\/pexels-pixabay-35638-1.jpg\" alt=\"pexels-pixabay-35638 (1)\" itemprop=\"image\" title=\"pexels-pixabay-35638 (1)\" onerror=\"this.style.display='none'\"  \/>\n\t<p>Fleksibilit\u0101te ir su\u0146a sp\u0113ja mier\u012bgi, bez stresa piel\u0101goties da\u017e\u0101d\u0101m situ\u0101cij\u0101m. T\u0101 ir svar\u012bga gan situ\u0101cij\u0101s, kad su\u0146a ikdien\u0101 notiek izmai\u0146as (piem\u0113ram, tiek main\u012bts baro\u0161anas laiks vai suns uz laiku tiek atst\u0101ts pieskat\u012b\u0161anai pie draugiem\/radiem), gan ar\u012b tie\u0161i pret\u0113ji &#8211; situ\u0101cij\u0101s, kad nemain\u012bg\u0101 rut\u012bna tiek \u012bstenota, bet t\u0101 sunim rada stresu (piem\u0113ram, saimnieks pa\u0146em rok\u0101s pavadu, lai dotos pastaig\u0101). Sp\u0113ja b\u016bt fleksiblam un piel\u0101goties daudzveid\u012bg\u0101m situ\u0101cij\u0101m ir svar\u012bga jebkuram sunim, tom\u0113r \u012bpa\u0161i noz\u012bm\u012bga t\u0101 b\u016bs tiem su\u0146iem, kuru saimniekiem ir daudzveid\u012bga un dinamiska ikdiena &#8211; piem\u0113ram, ja pl\u0101no \u010detrk\u0101jaino m\u012bluli \u0146emt l\u012bdzi ciemos, kop\u012bgos piedz\u012bvojumus u.tml.\u00a0<\/p>\n\t<p><b>Nedaudz vair\u0101k par to, kas veido fleksibilit\u0101ti un k\u0101 to m\u0101c\u012bt savam sunim:<\/b><\/p>\n\t<ul>\n<li aria-level=\"1\"><b>Saist\u012bba ar citiem apm\u0101c\u012bbas pamatkonceptiem<\/b>. Fleksibilit\u0101tes koncepts ir cie\u0161i saist\u012bts ar emocion\u0101l\u0101 miera konceptu, k\u0101 ar\u012b ar pa\u0161p\u0101rliecin\u0101t\u012bbas un optimisma konceptiem. Ja v\u0113lies stiprin\u0101t sav\u0101 sun\u012b fleksibilit\u0101ti, v\u0113lams str\u0101d\u0101t ar visiem iepriek\u0161min\u0113tajiem konceptiem, jo tie visi ir savstarp\u0113ji papildino\u0161i.<\/li>\n<\/ul>\n\t<ul>\n<li aria-level=\"1\"><b>Maini rut\u012bnu.<\/b> S\u0101c ar su\u0146a ikdienas anal\u012bzi. M\u0113\u0123ini saprast, kuras ikdienas rut\u012bnas sunim sag\u0101d\u0101 stresu un kuras ne. Rut\u012bnas mai\u0146a ir j\u0101veic taj\u0101s darb\u012bb\u0101s, kas sunim rada stresu. Piev\u0113rs uzman\u012bbu gan pozit\u012bvajam stresam, gan negat\u012bvajam stresam. S\u0101c ar nelielu izmai\u0146u ievie\u0161anu stresu rado\u0161aj\u0101s rut\u012bn\u0101s. Piem\u0113ram, ja suns p\u0101rlieku sapriec\u0101jas un s\u0101k trakot, ieraugot saimnieka rok\u0101s pavadu (pozit\u012bvais stress), s\u0101c pa br\u012bdim \u0146emt rok\u0101s pavadu bez nol\u016bka iet \u0101r\u0101, pan\u0113s\u0101 to apk\u0101rt un noliec viet\u0101. Savuk\u0101rt, ja suns s\u0101k smilkst\u0113t un cit\u0101di izr\u0101d\u012bt satraukumu, kol\u012bdz kaut nedaudz aizkav\u0113jies baro\u0161anas laiks (negat\u012bvais stress), maini \u0113din\u0101\u0161anas laiku, rut\u012bnu (pla\u0161\u0101k lasi zem\u0101k, punkt\u0101 &#8211; Atsakies no \u0113diena b\u013codas).<\/li>\n<\/ul>\n\t<ul>\n<li aria-level=\"1\"><b>Ievies su\u0146a ikdien\u0101 daudzveid\u012bbu<\/b>. Pieradini suni pie daudzveid\u012bbas. Maini pastaigu mar\u0161rutus, \u0113diena izbaro\u0161anas veidus un laikus, iepaz\u012bstini suni ar saviem draugiem, citiem dz\u012bvniekiem u.t.t.\u00a0 Vislab\u0101k s\u0101kt apm\u0101c\u012bbu jau kuc\u0113na vecum\u0101, tom\u0113r nekas nav nokav\u0113ts ar\u012b tad, ja tev m\u0101j\u0101s ir jau pieaudzis suns. Galvenais su\u0146a socializ\u0113\u0161an\u0101 ar viet\u0101m\/cilv\u0113kiem\/dz\u012bvniekiem\/situ\u0101cij\u0101m iev\u0113ro pak\u0101peniskumu un respekt\u0113 su\u0146a limitus. Nepak\u013cauj suni pieredz\u0113m, kam vi\u0146\u0161 nav gatavs!\u00a0<\/li>\n<\/ul>\n\t<ul>\n<li aria-level=\"1\"><b>Atsakies no \u0113diena b\u013codas.<\/b> Daudzveid\u012bga dienas \u0113diena devas izbaro\u0161ana ir viens no efekt\u012bv\u0101kajiem veidiem, k\u0101 ieviest izmai\u0146as su\u0146a ikdienas rut\u012bn\u0101. Izmanto iesp\u0113ju ar katru \u0113diena kumosu sunim kaut ko iem\u0101c\u012bt. Baro \u0113dienu caur ment\u0101laj\u0101m aktivit\u0101t\u0113m, dod grauzt, apbalvo ar \u0113dienu par pareizi pie\u0146emtiem l\u0113mumiem pastaig\u0101s, apm\u0101c\u012bb\u0101s u.tml. Protams, da\u013cu \u0113diena vari izbarot no \u0113diena b\u013codas, tom\u0113r centies vismaz da\u013cu no dienas devas pasniegt daudzveid\u012bg\u0101k. \u012apa\u0161i b\u016btiski tas ir su\u0146iem ar izteikti labu \u0113stgribu, kam stresu rada jau \u0113dienreizes tuvo\u0161an\u0101s laiks.<\/li>\n<\/ul>\n\t<ul>\n<li aria-level=\"1\"><b>Apbalvo su\u0146a pareizi pie\u0146emtos l\u0113mumus<\/b>. Su\u0146a sp\u0113ja dom\u0101t un pie\u0146emt l\u0113mumus ir viens no fleksibilit\u0101tes st\u016brakme\u0146iem. \u013bauj sunim dom\u0101t pa\u0161am &#8211; gan risinot ment\u0101l\u0101s aktivit\u0101tes, gan apm\u0101c\u012bb\u0101s un ikdienas situ\u0101cij\u0101s. Apbalvo suni, kad vi\u0146\u0161 ir pie\u0146\u0113mis pareizu l\u0113mumu. Piem\u0113ram, nomierin\u0101jies un aizg\u0101jis sav\u0101 vieti\u0146\u0101, kad m\u0101j\u0101s ierodas ciemi\u0146i, nav meties pie sve\u0161a su\u0146a u.tml. Ar\u012b pamatpaklaus\u012bbas apm\u0101c\u012bba var b\u016bt dom\u0101\u0161anas treni\u0146\u0161, pie nosac\u012bjuma, ka t\u0101 tiek atbilsto\u0161i \u012bstenota.<\/li>\n<\/ul>\n\t<p><b>Atceries &#8211; stress neizgaist!<\/b><\/p>\n\t<p>Paturi pr\u0101t\u0101, ka stress, kas rodas ikdienas rut\u012bnu d\u0113\u013c, neizz\u016bd, l\u012bdzko situ\u0101cija ir beigusies. Tas uzkr\u0101jas t\u0101 d\u0113v\u0113taj\u0101 su\u0146a &#8220;<a href=\"https:\/\/myperfectdog.lv\/en\/product\/divas-izglitojosas-lekcijas-toposajiem-un-esosajiem-sunu-saimniekiem\/\">emociju kausi\u0146\u0101<\/a>&#8220;, un <a href=\"https:\/\/myperfectdog.lv\/en\/product\/divas-izglitojosas-lekcijas-toposajiem-un-esosajiem-sunu-saimniekiem\/\">emociju kausi\u0146\u0161<\/a> att\u012br\u0101s pak\u0101peniski, \u012bpa\u0161i &#8211; miega laik\u0101. Jo &#8220;<a href=\"https:\/\/myperfectdog.lv\/en\/product\/divas-izglitojosas-lekcijas-toposajiem-un-esosajiem-sunu-saimniekiem\/\">emociju kausi\u0146\u0161<\/a>&#8221; ir piln\u0101ks, jo suns b\u016bs stresain\u0101ks, nemier\u012bg\u0101ks. Rut\u012bnu rad\u012btajam stresam ir b\u016btiska ietekme uz su\u0146a kop\u0113jo emocion\u0101lo st\u0101vokli.<\/p>\n\t<p><strong>Par &#8220;My Perfect Dog&#8221;<\/strong><\/p>\n&#8220;My Perfect Dog&#8221; ir z\u012bmols, kas reprezent\u0113 lieliskas un harmoniskas attiec\u012bbas su\u0146a un saimnieka starp\u0101, kur saimnieks ir izgl\u012btots un zino\u0161s, savuk\u0101rt suns izprasts un atbilsto\u0161i apr\u016bp\u0113ts, socializ\u0113ts un apm\u0101c\u012bts, balstoties uz pret suni \u0113tisku, dabisku un uz motiv\u0101ciju balst\u012btu apm\u0101c\u012bbu.<br \/>\n\n<p> &#8220;My Perfect Dog&#8221; pied\u0101v\u0101 su\u0146u un vi\u0146u saimnieku apm\u0101c\u012bbu, su\u0146u uzved\u012bbas konsult\u0101cijas, socializ\u0101cijas pastaigas su\u0146iem, k\u0101 ar\u012b teor\u0113tiskus un praktiskus semin\u0101rus saimniekiem.<\/p>\n\t<p><strong>Kategorijas<\/strong><\/p>\n<p><a href=\"https:\/\/myperfectdog.lv\/en\/internetveikals\/\">Internetveikals<\/a><\/p>\n<p><a href=\"https:\/\/myperfectdog.lv\/en\/apmacibu-piedavajums\/\">Apm\u0101c\u012bbu pied\u0101v\u0101jums<\/a><\/p>\n<p><a href=\"https:\/\/myperfectdog.lv\/en\/sunu-aukles\/\">Su\u0146u pieskat\u012b\u0161ana un pastaigas<\/a><\/p>\n<p><a href=\"https:\/\/myperfectdog.lv\/en\/izglitojosi-raksti\/\">Izgl\u012btojo\u0161i materi\u0101li<\/a><\/p>\n<p><a href=\"https:\/\/myperfectdog.lv\/en\/kontakti\/\">Kontakti<\/a><\/p>\n<p><a href=\"https:\/\/myperfectdog.lv\/en\/privatuma-politika\/\">Priv\u0101tuma politika<\/a><\/p>\n\t<p><strong>Sazi\u0146ai<\/strong><\/p>\n\t+371 27993370<br \/>\nliga@myperfectdog.lv\n\t<p><strong>Seko &#8220;My Perfect Dog&#8221;<\/strong><\/p>\n\t\t\t\t<img decoding=\"async\" src=\"https:\/\/myperfectdog.lv\/wp-content\/uploads\/2020\/09\/PDTE-Logo2-150x150.png\" alt=\"PDTE-Logo2\" itemprop=\"image\" title=\"PDTE-Logo2\" onerror=\"this.style.display='none'\"  \/>\n\t<p><strong>Par &#8220;My Perfect Dog&#8221;<\/strong><\/p>\n&#8220;My Perfect Dog&#8221; ir z\u012bmols, kas reprezent\u0113 lieliskas un harmoniskas attiec\u012bbas su\u0146a un saimnieka starp\u0101, kur saimnieks ir izgl\u012btots un zino\u0161s, savuk\u0101rt suns izprasts un atbilsto\u0161i apr\u016bp\u0113ts, socializ\u0113ts un apm\u0101c\u012bts, balstoties uz pret suni \u0113tisku, dabisku un uz motiv\u0101ciju balst\u012btu apm\u0101c\u012bbu.<br \/>\n\n<p> &#8220;My Perfect Dog&#8221; pied\u0101v\u0101 su\u0146u un vi\u0146u saimnieku apm\u0101c\u012bbu, su\u0146u uzved\u012bbas konsult\u0101cijas, socializ\u0101cijas pastaigas su\u0146iem, k\u0101 ar\u012b teor\u0113tiskus un praktiskus semin\u0101rus saimniekiem.<\/p>\n\t<p><strong>Sazi\u0146ai<\/strong><\/p>\n\t+371 27993370<br \/>\nliga@myperfectdog.lv\n\t<p><strong>Seko &#8220;My Perfect Dog&#8221;<\/strong><\/p>\n<h5>\n\t\t<a href=\"https:\/\/myperfectdog.lv\/en\/privatuma-politika\/\" title=\"Priv\u0101tuma politika\" target=\"_self\" rel=\"noopener\">\n\t\tPriv\u0101tuma politika\n\t\t<\/a>\n\t<\/h5>","protected":false},"excerpt":{"rendered":"<p>Su\u0146u apm\u0101c\u012bbas un ikdienas koncepti: FLEKSIBILIT\u0100TE Su\u0146u un saimnieku skola &#8220;My Perfect Dog&#8221; \u012bsteno pozit\u012bvo konceptu apm\u0101c\u012bbu, kas sunim veido fleksiblu dom\u0101\u0161anu, m\u0101ca mieru, fokusu un sadarb\u012bbu ar saimnieku, t\u0101 pal\u012bdzot pie\u0146emt pareizus l\u0113mumus da\u017e\u0101d\u0101s ikdienas situ\u0101cij\u0101s un motiv\u0113jot v\u0113lamo uzved\u012bbu. \u0160\u012b apm\u0101c\u012bbas pieeja balst\u0101s uz vair\u0101kiem pamatkonceptiem: emocion\u0101lo mieru, atteik\u0161anos, fleksibilit\u0101ti, optimismu &amp; pa\u0161p\u0101rliecin\u0101t\u012bbu,&hellip;<\/p>","protected":false},"author":1,"featured_media":0,"parent":2210,"menu_order":1,"comment_status":"closed","ping_status":"closed","template":"","meta":{"footnotes":""},"class_list":["post-3759","page","type-page","status-publish","hentry"],"yoast_head":"<!-- This site is optimized with the Yoast SEO plugin v27.5 - https:\/\/yoast.com\/product\/yoast-seo-wordpress\/ -->\n<title>Koncepts: Fleksibilit\u0101te | MyPerfectDog.lv<\/title>\n<meta name=\"robots\" content=\"index, follow, max-snippet:-1, max-image-preview:large, max-video-preview:-1\" \/>\n<link rel=\"canonical\" href=\"https:\/\/myperfectdog.lv\/en\/izglitojosi\/koncepts-fleksibilitate\/\" \/>\n<meta property=\"og:locale\" content=\"en_GB\" \/>\n<meta property=\"og:type\" content=\"article\" \/>\n<meta property=\"og:title\" content=\"Koncepts: Fleksibilit\u0101te | MyPerfectDog.lv\" \/>\n<meta property=\"og:description\" content=\"Su\u0146u apm\u0101c\u012bbas un ikdienas koncepti: FLEKSIBILIT\u0100TE Su\u0146u un saimnieku skola &#8220;My Perfect Dog&#8221; \u012bsteno pozit\u012bvo konceptu apm\u0101c\u012bbu, kas sunim veido fleksiblu dom\u0101\u0161anu, m\u0101ca mieru, fokusu un sadarb\u012bbu ar saimnieku, t\u0101 pal\u012bdzot pie\u0146emt pareizus l\u0113mumus da\u017e\u0101d\u0101s ikdienas situ\u0101cij\u0101s un motiv\u0113jot v\u0113lamo uzved\u012bbu. \u0160\u012b apm\u0101c\u012bbas pieeja balst\u0101s uz vair\u0101kiem pamatkonceptiem: emocion\u0101lo mieru, atteik\u0161anos, fleksibilit\u0101ti, optimismu &amp; pa\u0161p\u0101rliecin\u0101t\u012bbu,&hellip;\" \/>\n<meta property=\"og:url\" content=\"https:\/\/myperfectdog.lv\/en\/izglitojosi\/koncepts-fleksibilitate\/\" \/>\n<meta property=\"og:site_name\" content=\"MyPerfectDog.lv\" \/>\n<meta property=\"article:modified_time\" content=\"2024-08-08T13:52:08+00:00\" \/>\n<meta property=\"og:image\" content=\"https:\/\/myperfectdog.lv\/wp-content\/uploads\/2020\/10\/MyPerfectDog-New-logo_peach_plakans.png\" \/>\n<meta name=\"twitter:card\" content=\"summary_large_image\" \/>\n<script type=\"application\/ld+json\" class=\"yoast-schema-graph\">{\"@context\":\"https:\\\/\\\/schema.org\",\"@graph\":[{\"@type\":\"WebPage\",\"@id\":\"https:\\\/\\\/myperfectdog.lv\\\/izglitojosi\\\/koncepts-fleksibilitate\\\/\",\"url\":\"https:\\\/\\\/myperfectdog.lv\\\/izglitojosi\\\/koncepts-fleksibilitate\\\/\",\"name\":\"Koncepts: Fleksibilit\u0101te | MyPerfectDog.lv\",\"isPartOf\":{\"@id\":\"https:\\\/\\\/myperfectdog.lv\\\/#website\"},\"primaryImageOfPage\":{\"@id\":\"https:\\\/\\\/myperfectdog.lv\\\/izglitojosi\\\/koncepts-fleksibilitate\\\/#primaryimage\"},\"image\":{\"@id\":\"https:\\\/\\\/myperfectdog.lv\\\/izglitojosi\\\/koncepts-fleksibilitate\\\/#primaryimage\"},\"thumbnailUrl\":\"https:\\\/\\\/myperfectdog.lv\\\/wp-content\\\/uploads\\\/2020\\\/10\\\/MyPerfectDog-New-logo_peach_plakans.png\",\"datePublished\":\"2022-03-03T21:35:14+00:00\",\"dateModified\":\"2024-08-08T13:52:08+00:00\",\"breadcrumb\":{\"@id\":\"https:\\\/\\\/myperfectdog.lv\\\/izglitojosi\\\/koncepts-fleksibilitate\\\/#breadcrumb\"},\"inLanguage\":\"en-GB\",\"potentialAction\":[{\"@type\":\"ReadAction\",\"target\":[\"https:\\\/\\\/myperfectdog.lv\\\/izglitojosi\\\/koncepts-fleksibilitate\\\/\"]}]},{\"@type\":\"ImageObject\",\"inLanguage\":\"en-GB\",\"@id\":\"https:\\\/\\\/myperfectdog.lv\\\/izglitojosi\\\/koncepts-fleksibilitate\\\/#primaryimage\",\"url\":\"https:\\\/\\\/myperfectdog.lv\\\/wp-content\\\/uploads\\\/2020\\\/10\\\/MyPerfectDog-New-logo_peach_plakans.png\",\"contentUrl\":\"https:\\\/\\\/myperfectdog.lv\\\/wp-content\\\/uploads\\\/2020\\\/10\\\/MyPerfectDog-New-logo_peach_plakans.png\"},{\"@type\":\"BreadcrumbList\",\"@id\":\"https:\\\/\\\/myperfectdog.lv\\\/izglitojosi\\\/koncepts-fleksibilitate\\\/#breadcrumb\",\"itemListElement\":[{\"@type\":\"ListItem\",\"position\":1,\"name\":\"Home\",\"item\":\"https:\\\/\\\/myperfectdog.lv\\\/\"},{\"@type\":\"ListItem\",\"position\":2,\"name\":\"Izgl\u012btojo\u0161i materi\u0101li\",\"item\":\"https:\\\/\\\/myperfectdog.lv\\\/izglitojosi\\\/\"},{\"@type\":\"ListItem\",\"position\":3,\"name\":\"Koncepts: Fleksibilit\u0101te\"}]},{\"@type\":\"WebSite\",\"@id\":\"https:\\\/\\\/myperfectdog.lv\\\/#website\",\"url\":\"https:\\\/\\\/myperfectdog.lv\\\/\",\"name\":\"MyPerfectDog.lv\",\"description\":\"Su\u0146u un saimnieku skola\",\"publisher\":{\"@id\":\"https:\\\/\\\/myperfectdog.lv\\\/#organization\"},\"potentialAction\":[{\"@type\":\"SearchAction\",\"target\":{\"@type\":\"EntryPoint\",\"urlTemplate\":\"https:\\\/\\\/myperfectdog.lv\\\/?s={search_term_string}\"},\"query-input\":{\"@type\":\"PropertyValueSpecification\",\"valueRequired\":true,\"valueName\":\"search_term_string\"}}],\"inLanguage\":\"en-GB\"},{\"@type\":\"Organization\",\"@id\":\"https:\\\/\\\/myperfectdog.lv\\\/#organization\",\"name\":\"Su\u0146u & saimnieku skola \\\"My Perfect Dog\\\"\",\"url\":\"https:\\\/\\\/myperfectdog.lv\\\/\",\"logo\":{\"@type\":\"ImageObject\",\"inLanguage\":\"en-GB\",\"@id\":\"https:\\\/\\\/myperfectdog.lv\\\/#\\\/schema\\\/logo\\\/image\\\/\",\"url\":\"https:\\\/\\\/myperfectdog.lv\\\/wp-content\\\/uploads\\\/2020\\\/10\\\/MyPerfectDog-New-logo_peach_plakans.png\",\"contentUrl\":\"https:\\\/\\\/myperfectdog.lv\\\/wp-content\\\/uploads\\\/2020\\\/10\\\/MyPerfectDog-New-logo_peach_plakans.png\",\"width\":1200,\"height\":636,\"caption\":\"Su\u0146u & saimnieku skola \\\"My Perfect Dog\\\"\"},\"image\":{\"@id\":\"https:\\\/\\\/myperfectdog.lv\\\/#\\\/schema\\\/logo\\\/image\\\/\"}}]}<\/script>\n<!-- \/ Yoast SEO plugin. -->","yoast_head_json":{"title":"Koncepts: Fleksibilit\u0101te | MyPerfectDog.lv","robots":{"index":"index","follow":"follow","max-snippet":"max-snippet:-1","max-image-preview":"max-image-preview:large","max-video-preview":"max-video-preview:-1"},"canonical":"https:\/\/myperfectdog.lv\/en\/izglitojosi\/koncepts-fleksibilitate\/","og_locale":"en_GB","og_type":"article","og_title":"Koncepts: Fleksibilit\u0101te | MyPerfectDog.lv","og_description":"Su\u0146u apm\u0101c\u012bbas un ikdienas koncepti: FLEKSIBILIT\u0100TE Su\u0146u un saimnieku skola &#8220;My Perfect Dog&#8221; \u012bsteno pozit\u012bvo konceptu apm\u0101c\u012bbu, kas sunim veido fleksiblu dom\u0101\u0161anu, m\u0101ca mieru, fokusu un sadarb\u012bbu ar saimnieku, t\u0101 pal\u012bdzot pie\u0146emt pareizus l\u0113mumus da\u017e\u0101d\u0101s ikdienas situ\u0101cij\u0101s un motiv\u0113jot v\u0113lamo uzved\u012bbu. \u0160\u012b apm\u0101c\u012bbas pieeja balst\u0101s uz vair\u0101kiem pamatkonceptiem: emocion\u0101lo mieru, atteik\u0161anos, fleksibilit\u0101ti, optimismu &amp; pa\u0161p\u0101rliecin\u0101t\u012bbu,&hellip;","og_url":"https:\/\/myperfectdog.lv\/en\/izglitojosi\/koncepts-fleksibilitate\/","og_site_name":"MyPerfectDog.lv","article_modified_time":"2024-08-08T13:52:08+00:00","og_image":[{"url":"https:\/\/myperfectdog.lv\/wp-content\/uploads\/2020\/10\/MyPerfectDog-New-logo_peach_plakans.png","type":"","width":"","height":""}],"twitter_card":"summary_large_image","schema":{"@context":"https:\/\/schema.org","@graph":[{"@type":"WebPage","@id":"https:\/\/myperfectdog.lv\/izglitojosi\/koncepts-fleksibilitate\/","url":"https:\/\/myperfectdog.lv\/izglitojosi\/koncepts-fleksibilitate\/","name":"Koncepts: Fleksibilit\u0101te | MyPerfectDog.lv","isPartOf":{"@id":"https:\/\/myperfectdog.lv\/#website"},"primaryImageOfPage":{"@id":"https:\/\/myperfectdog.lv\/izglitojosi\/koncepts-fleksibilitate\/#primaryimage"},"image":{"@id":"https:\/\/myperfectdog.lv\/izglitojosi\/koncepts-fleksibilitate\/#primaryimage"},"thumbnailUrl":"https:\/\/myperfectdog.lv\/wp-content\/uploads\/2020\/10\/MyPerfectDog-New-logo_peach_plakans.png","datePublished":"2022-03-03T21:35:14+00:00","dateModified":"2024-08-08T13:52:08+00:00","breadcrumb":{"@id":"https:\/\/myperfectdog.lv\/izglitojosi\/koncepts-fleksibilitate\/#breadcrumb"},"inLanguage":"en-GB","potentialAction":[{"@type":"ReadAction","target":["https:\/\/myperfectdog.lv\/izglitojosi\/koncepts-fleksibilitate\/"]}]},{"@type":"ImageObject","inLanguage":"en-GB","@id":"https:\/\/myperfectdog.lv\/izglitojosi\/koncepts-fleksibilitate\/#primaryimage","url":"https:\/\/myperfectdog.lv\/wp-content\/uploads\/2020\/10\/MyPerfectDog-New-logo_peach_plakans.png","contentUrl":"https:\/\/myperfectdog.lv\/wp-content\/uploads\/2020\/10\/MyPerfectDog-New-logo_peach_plakans.png"},{"@type":"BreadcrumbList","@id":"https:\/\/myperfectdog.lv\/izglitojosi\/koncepts-fleksibilitate\/#breadcrumb","itemListElement":[{"@type":"ListItem","position":1,"name":"Home","item":"https:\/\/myperfectdog.lv\/"},{"@type":"ListItem","position":2,"name":"Izgl\u012btojo\u0161i materi\u0101li","item":"https:\/\/myperfectdog.lv\/izglitojosi\/"},{"@type":"ListItem","position":3,"name":"Koncepts: Fleksibilit\u0101te"}]},{"@type":"WebSite","@id":"https:\/\/myperfectdog.lv\/#website","url":"https:\/\/myperfectdog.lv\/","name":"MyPerfectDog.lv","description":"Su\u0146u un saimnieku skola","publisher":{"@id":"https:\/\/myperfectdog.lv\/#organization"},"potentialAction":[{"@type":"SearchAction","target":{"@type":"EntryPoint","urlTemplate":"https:\/\/myperfectdog.lv\/?s={search_term_string}"},"query-input":{"@type":"PropertyValueSpecification","valueRequired":true,"valueName":"search_term_string"}}],"inLanguage":"en-GB"},{"@type":"Organization","@id":"https:\/\/myperfectdog.lv\/#organization","name":"Su\u0146u & saimnieku skola \"My Perfect Dog\"","url":"https:\/\/myperfectdog.lv\/","logo":{"@type":"ImageObject","inLanguage":"en-GB","@id":"https:\/\/myperfectdog.lv\/#\/schema\/logo\/image\/","url":"https:\/\/myperfectdog.lv\/wp-content\/uploads\/2020\/10\/MyPerfectDog-New-logo_peach_plakans.png","contentUrl":"https:\/\/myperfectdog.lv\/wp-content\/uploads\/2020\/10\/MyPerfectDog-New-logo_peach_plakans.png","width":1200,"height":636,"caption":"Su\u0146u & saimnieku skola \"My Perfect Dog\""},"image":{"@id":"https:\/\/myperfectdog.lv\/#\/schema\/logo\/image\/"}}]}},"jetpack_sharing_enabled":true,"_links":{"self":[{"href":"https:\/\/myperfectdog.lv\/en\/wp-json\/wp\/v2\/pages\/3759","targetHints":{"allow":["GET"]}}],"collection":[{"href":"https:\/\/myperfectdog.lv\/en\/wp-json\/wp\/v2\/pages"}],"about":[{"href":"https:\/\/myperfectdog.lv\/en\/wp-json\/wp\/v2\/types\/page"}],"author":[{"embeddable":true,"href":"https:\/\/myperfectdog.lv\/en\/wp-json\/wp\/v2\/users\/1"}],"replies":[{"embeddable":true,"href":"https:\/\/myperfectdog.lv\/en\/wp-json\/wp\/v2\/comments?post=3759"}],"version-history":[{"count":0,"href":"https:\/\/myperfectdog.lv\/en\/wp-json\/wp\/v2\/pages\/3759\/revisions"}],"up":[{"embeddable":true,"href":"https:\/\/myperfectdog.lv\/en\/wp-json\/wp\/v2\/pages\/2210"}],"wp:attachment":[{"href":"https:\/\/myperfectdog.lv\/en\/wp-json\/wp\/v2\/media?parent=3759"}],"curies":[{"name":"wp","href":"https:\/\/api.w.org\/{rel}","templated":true}]}}