{"id":3772,"date":"2022-03-04T01:07:17","date_gmt":"2022-03-03T23:07:17","guid":{"rendered":"https:\/\/myperfectdog.lv\/?page_id=3772"},"modified":"2024-08-08T15:50:12","modified_gmt":"2024-08-08T13:50:12","slug":"koncepts-impulsu-kontrole-aktivitates-maina","status":"publish","type":"page","link":"https:\/\/myperfectdog.lv\/en\/koncepts-impulsu-kontrole-aktivitates-maina\/","title":{"rendered":"Koncepts: Impulsu kontrole &#038; aktivit\u0101tes mai\u0146a"},"content":{"rendered":"<a href=\"https:\/\/myperfectdog.lv\/en\/\" target=\"_self\" itemprop=\"url\" rel=\"noopener\">\n\t\t\t\t<img decoding=\"async\" src=\"https:\/\/myperfectdog.lv\/wp-content\/uploads\/2020\/10\/MyPerfectDog-New-logo_peach_plakans.png\" alt=\"MyPerfectDog-New-logo_peach_plakans\" itemprop=\"image\" title=\"MyPerfectDog-New-logo_peach_plakans\" onerror=\"this.style.display='none'\"  \/>\n\t\t\t\t<\/a>\n\t\t\t\t<img decoding=\"async\" src=\"https:\/\/myperfectdog.lv\/wp-content\/uploads\/2020\/10\/MyPerfectDog-New-logo_peach_plakans.png\" alt=\"MyPerfectDog-New-logo_peach_plakans\" itemprop=\"image\" title=\"MyPerfectDog-New-logo_peach_plakans\" onerror=\"this.style.display='none'\"  \/>\n<h2>\n\t\tSU\u0145U APM\u0100C\u012aBAS UN IKDIENAS KONCEPTI:\n\t<\/h2>\n<h2>\n\t\tIMPULSU KONTROLE &#038; AKTIVIT\u0100TES MAI\u0145A\n\t<\/h2>\n\t<p>Su\u0146u un saimnieku skola &#8220;My Perfect Dog&#8221; \u012bsteno pozit\u012bvo konceptu apm\u0101c\u012bbu, kas sunim veido fleksiblu dom\u0101\u0161anu, m\u0101ca mieru, fokusu un sadarb\u012bbu ar saimnieku, t\u0101 pal\u012bdzot pie\u0146emt pareizus l\u0113mumus da\u017e\u0101d\u0101s ikdienas situ\u0101cij\u0101s un motiv\u0113jot v\u0113lamo uzved\u012bbu. \u0160\u012b apm\u0101c\u012bbas pieeja balst\u0101s uz vair\u0101kiem pamatkonceptiem: <a href=\"https:\/\/myperfectdog.lv\/en\/izglitojosi-raksti\/koncepti-emocionalais-miers-suna-ikdiena\/\">emocion\u0101lo mieru,<\/a><a href=\"https:\/\/myperfectdog.lv\/en\/izglitojosi-raksti\/atteiksanas-koncepts\/\"> atteik\u0161anos<\/a>, <a href=\"https:\/\/myperfectdog.lv\/en\/izglitojosi-raksti\/koncepts-fleksibilitate\/\">fleksibilit\u0101ti<\/a>, <a href=\"https:\/\/myperfectdog.lv\/en\/izglitojosi-raksti\/optimistisks-pasparliecinats-suns\/\">optimismu &amp; pa\u0161p\u0101rliecin\u0101t\u012bbu<\/a>, kontaktu ar saimnieku &amp; fokus\u0113\u0161anos, impulsu kontroli &amp; aktivit\u0101tes mai\u0146u. Vair\u0101k par konceptiem un su\u0146u psiholo\u0123iju uzzin\u0101siet <a href=\"https:\/\/myperfectdog.lv\/en\/product\/divas-izglitojosas-lekcijas-toposajiem-un-esosajiem-sunu-saimniekiem\/\">1.izgl\u012btojo\u0161aj\u0101 vebin\u0101r\u0101 su\u0146u saimniekiem.\u00a0<\/a><\/p>\n<p>\u0160aj\u0101 rakst\u0101 st\u0101st\u012bsim par \u012bpa\u0161i b\u016btisku, bet diezgan sare\u017e\u0123\u012btu konceptu &#8211; impulsu kontroli un aktivit\u0101tes mai\u0146u.<\/p>\n<p>Impulsu kontroles un aktivit\u0101tes mai\u0146as koncepts ietver sev\u012b intens\u012bvu darbu ar suni, t\u0101p\u0113c \u0161eit ir svar\u012bga pareiza un uz motiv\u0101ciju balst\u012bta apm\u0101c\u012bba. Lai pan\u0101ktu lab\u0101kus rezult\u0101tus un zin\u0101\u0161anas nostiprin\u0101tos, ir svar\u012bgi regul\u0101ri darboties ar suni ne tikai esot nodarb\u012bb\u0101s, bet ar\u012b ikdien\u0101 (gan iek\u0161telp\u0101s, gan esot \u0101r\u0101).<\/p>\n\t\t\t\t<img decoding=\"async\" src=\"https:\/\/myperfectdog.lv\/wp-content\/uploads\/2022\/03\/pexels-janko-ferlic-2886043.jpg\" alt=\"pexels-janko-ferlic-2886043\" itemprop=\"image\" title=\"pexels-janko-ferlic-2886043\" onerror=\"this.style.display='none'\"  \/>\n<h2>\n\t\tKas ir impulsu kontrole?\n\t<\/h2>\n\t<p>Impulsivit\u0101te ir strauja mirk\u013ca r\u012bc\u012bba, neapdom\u0101jot darb\u012bbas sekas. At\u0161\u0137ir\u012bb\u0101 no mums cilv\u0113kiem, su\u0146i ir oport\u016bnisti un vi\u0146i parasti darbojas dabisku instinktu vad\u012bti. Instinkti sunim liek \u012bstenot t\u0101du uzved\u012bbu k\u0101 skrie\u0161ana paka\u013c kust\u012bgiem objektiem, p\u0113das sao\u0161ana un dz\u012b\u0161an\u0101s tai paka\u013c, \u0113\u0161ana no zemes, skrie\u0161ana virs\u016b aiz bail\u0113m, dzenot prom no sevis vai skrie\u0161ana virs\u016b aiz prieka, ieraugot k\u0101du paz\u012bstamu cilv\u0113ku vai dz\u012bvnieku.<\/p>\n<p>T\u0101p\u0113c su\u0146a saimniekiem ir svar\u012bgi iem\u0101c\u012bties, k\u0101 motiv\u0113t savu suni p\u0101rsl\u0113gties no konkr\u0113t\u0101 impulsa uz citu tam v\u0113rt\u012bgu un pat\u012bkamu aktivit\u0101ti, k\u0101 ar\u012b apm\u0101c\u012bbas proces\u0101 jau prevent\u012bvi sagatavot suni da\u017e\u0101d\u0101m situ\u0101cij\u0101m, kur suns ar laiku pats iem\u0101c\u012bsies kontrol\u0113t savus impulsus un nomierin\u0101ties da\u017e\u0101d\u0101s izaicino\u0161\u0101s situ\u0101cij\u0101s, lai veidotu cie\u0146pilnas un uzticamas savstarp\u0113j\u0101s attiec\u012bbas. Impulsu kontrole noz\u012bm\u0113 aptur\u0113t suni, esot kaut k\u0101d\u0101 proces\u0101, piem\u0113ram, komandas &#8220;STOP&#8221; izpild\u012b\u0161ana, br\u012bd\u012b, kad suns bija uzs\u0101cis med\u012bt vai skriet pret\u012b k\u0101dam sunim.\u00a0<\/p>\n<p>Med\u012bbas ir vajadz\u012bba, kas padara suni laim\u012bgu un \u0161\u012b dabisk\u0101 instinkta apspie\u0161ana var tikai saboj\u0101t j\u016bsu savstarp\u0113j\u0101s attiec\u012bbas ar suni. V\u0113lme dz\u012bt med\u012bjumu ir piln\u012bgi norm\u0101la un dabiska sunim, ta\u010du cilv\u0113ku pasaul\u0113 t\u0101 tiek uzskat\u012bta par probl\u0113muzved\u012bbu t\u0101s da\u017e\u0101do iesp\u0113jamo b\u012bstamo izn\u0101kumu d\u0113\u013c. Med\u012bbu su\u0146iem un dzin\u0113jsu\u0146iem, kuru darba specifika ir str\u0101d\u0101t pa\u0161iem par sevi, ir \u012bpa\u0161i gr\u016bti izpild\u012bt &#8220;STOP&#8221;, jo tas ir pret vi\u0146u dabu. T\u0101p\u0113c ir svar\u012bgi apzin\u0101ties, k\u0101ds ir m\u016bsu suns, vi\u0146a dabiskie impulsi, nem\u0113\u0123in\u0101t no t\u0101 visa &#8220;tikt va\u013c\u0101&#8221;, bet pagriezt to sev v\u0113lam\u0101 rakurs\u0101, str\u0101d\u0101jot uz regul\u0101ru apm\u0101c\u012bbu, sp\u0113l\u0113joties ar suni un \u0161o visu apvienojot kop\u0101.\u00a0<\/p>\n<h2>\n\t\tKas ir aktivit\u0101tes mai\u0146a?\n\t<\/h2>\n\t<p>Uzbudin\u0101jums ir fiziolo\u0123isks un psiholo\u0123isks st\u0101voklis, esot nomod\u0101 un rea\u0123\u0113jot uz da\u017e\u0101diem kairin\u0101t\u0101jiem, k\u0101 rezult\u0101t\u0101 palielin\u0101s sirdsdarb\u012bba, asinsspiediens, ma\u0146u modr\u012bba, mobilit\u0101te un sp\u0113ja rea\u0123\u0113t uz da\u017e\u0101d\u0101m situ\u0101cij\u0101m. Aktivit\u0101tes mai\u0146a noz\u012bm\u0113 m\u0101c\u012bt sunim l\u012bdzsvarot sevi un kontrol\u0113t savas emocijas, lai vienl\u012bdz m\u0101c\u0113tu k\u0101 uzbudin\u0101ties, t\u0101 ar\u012b nomierin\u0101ties.<\/p>\n<h2>\n\t\t\u012asum\u0101 par to, k\u0101 m\u0101c\u012bt un motiv\u0113t sunim impulsu kontroli un aktivit\u0101tes mai\u0146u:\n\t<\/h2>\n\t<ul>\n<li><b>Iev\u0113ro pastaigu strukt\u016bru. <\/b>Struktur\u0113 pastaigas, lai veicin\u0101tu sunim situ\u0101cijas ar izdo\u0161anos. Katr\u0101 pastaig\u0101 b\u016btu j\u0101ietver t\u0101das sada\u013cas k\u0101 nok\u0101rto\u0161an\u0101s, miera osta, ost\u012b\u0161an\u0101s sp\u0113les un dz\u012b\u0161anas sp\u0113les.<\/li>\n<\/ul>\n\t<ul>\n<li><b>Nec\u012bnies pret su\u0146a dabu, bet p\u0101rvirzi instinktu. <\/b>Pal\u012bdzi sunim kontrol\u0113t t\u0101 v\u0113lmi med\u012bt vesel\u012bg\u0101k\u0101 veid\u0101, nodro\u0161inot kop\u012bgas aktivit\u0101tes un sp\u0113les, kas ietver gaisa ost\u012b\u0161anu med\u012bjuma virzien\u0101, med\u012bjuma p\u0113t\u012b\u0161anu un pielav\u012b\u0161anos med\u012bjumam, ta\u010du neietver re\u0101lu med\u012bjuma \u0137er\u0161anu un pl\u0113\u0161anu.<\/li>\n<\/ul>\n\t<ul>\n<li aria-level=\"1\"><b>Atkl\u0101j jaunus veidus, k\u0101 izpaust su\u0146a v\u0113lmi med\u012bt dro\u0161\u0101 un kontrol\u0113t\u0101 veid\u0101<\/b>, pielietojot t\u0101das med\u012bbu aizst\u0101j\u0113jsp\u0113les k\u0101 \u0113diena vai manti\u0146as mekl\u0113\u0161ana koka miz\u0101 vai z\u0101lien\u0101, acu kontakta sp\u0113le vai pa ce\u013cam nozaud\u0113tas manti\u0146as mekl\u0113\u0161ana, cilv\u0113ku (saimnieka) mekl\u0113\u0161ana, manti\u0146as \u0137er\u0161ana p\u0113c konkr\u0113tas komandas, saimnieka \u0137er\u0161ana p\u0113c komandas, manti\u0146u c\u012b\u0146as sp\u0113les.<\/li>\n<\/ul>\n\t<ul>\n<li aria-level=\"1\"><b>Uzb\u016bv\u0113 savstarp\u0113j\u0101s attiec\u012bb\u0101s sp\u0113c\u012bgu &#8220;av\u0101rijas sign\u0101la pogu&#8221;<\/b>, lai b\u012bstam\u0101s situ\u0101cij\u0101s p\u0101rtrauktu med\u012bjuma dz\u012b\u0161anu &#8211; komanda &#8220;STOP&#8221;.<\/li>\n<\/ul>\n\t<ul>\n<li aria-level=\"1\"><b>Izveido s\u0101kuma un beigu fr\u0101zes.<\/b> M\u0101ci sunim aktivit\u0101tes mai\u0146u, s\u0101kot un beidzot sp\u0113li ar komand\u0101m &#8220;Aiziet&#8221; un &#8220;Viss&#8221;, iem\u0101ci nomierin\u0101ties p\u0113c akt\u012bvas sp\u0113les.\u00a0<\/li>\n<\/ul>\n\t<ul>\n<li aria-level=\"1\"><b>Piel\u0101gojies sunim &#8211; kas motiv\u0113 tie\u0161i vi\u0146u?<\/b> Ir nepiecie\u0161ama veiksm\u012bga pieredze, lai sunim neizdotos \u012bstenot dz\u012b\u0161anos, b\u0113g\u0161anu vai \u0137er\u0161anu, bet t\u0101 viet\u0101 apst\u0101ties, norea\u0123\u0113t uz saimnieku un atgriezties, t\u0101p\u0113c sunim ir svar\u012bga motiv\u0101cija un saimnieka v\u0113rt\u012bba, balstoties uz savstarp\u0113j\u0101m uzticam\u0101m attiec\u012bb\u0101m.\u00a0<\/li>\n<\/ul>\n\t<ul>\n<li aria-level=\"1\"><b>Str\u0101d\u0101 pie pamatkomandu apguves, <\/b>lai ar laiku sp\u0113les var\u0113tu papildin\u0101t ar k\u0101du komandu izpildi, kas noved suni pie v\u0113lam\u0101 rezult\u0101ta, t\u0101d\u0101 veid\u0101 m\u0101cot sunim sadzird\u0113t saimnieka dot\u0101s komandas ar\u012b tad, kad adrenal\u012bna l\u012bmenis ir augsts un apk\u0101rt\u0113jo impulsu uztver\u0161anas sp\u0113ja ir samazin\u0101ta.<\/li>\n<\/ul>\n\t<ul>\n<li aria-level=\"1\"><b>Esi pozit\u012bvs, slav\u0113 suni par pareizu uzved\u012bbu, <\/b>lai sunim ir pat\u012bkami visi augst\u0101k min\u0113tie impulsu kontroles uzdevumi. \u0160ie uzdevumi str\u0101d\u0101s efekt\u012bvi tikai tad, kad sunim tie sag\u0101d\u0101s prieku un b\u016bs k\u0101 da\u013ca no sp\u0113les nevis aprobe\u017eojums.<\/li>\n<\/ul>\n\t<p><strong>Par &#8220;My Perfect Dog&#8221;<\/strong><\/p>\n&#8220;My Perfect Dog&#8221; ir z\u012bmols, kas reprezent\u0113 lieliskas un harmoniskas attiec\u012bbas su\u0146a un saimnieka starp\u0101, kur saimnieks ir izgl\u012btots un zino\u0161s, savuk\u0101rt suns izprasts un atbilsto\u0161i apr\u016bp\u0113ts, socializ\u0113ts un apm\u0101c\u012bts, balstoties uz pret suni \u0113tisku, dabisku un uz motiv\u0101ciju balst\u012btu apm\u0101c\u012bbu.<br \/>\n\n<p> &#8220;My Perfect Dog&#8221; pied\u0101v\u0101 su\u0146u un vi\u0146u saimnieku apm\u0101c\u012bbu, su\u0146u uzved\u012bbas konsult\u0101cijas, socializ\u0101cijas pastaigas su\u0146iem, k\u0101 ar\u012b teor\u0113tiskus un praktiskus semin\u0101rus saimniekiem.<\/p>\n\t<p><strong>Kategorijas<\/strong><\/p>\n<p><a href=\"https:\/\/myperfectdog.lv\/en\/internetveikals\/\">Internetveikals<\/a><\/p>\n<p><a href=\"https:\/\/myperfectdog.lv\/en\/apmacibu-piedavajums\/\">Apm\u0101c\u012bbu pied\u0101v\u0101jums<\/a><\/p>\n<p><a href=\"https:\/\/myperfectdog.lv\/en\/sunu-aukles\/\">Su\u0146u pieskat\u012b\u0161ana un pastaigas<\/a><\/p>\n<p><a href=\"https:\/\/myperfectdog.lv\/en\/izglitojosi-raksti\/\">Izgl\u012btojo\u0161i materi\u0101li<\/a><\/p>\n<p><a href=\"https:\/\/myperfectdog.lv\/en\/kontakti\/\">Kontakti<\/a><\/p>\n<p><a href=\"https:\/\/myperfectdog.lv\/en\/privatuma-politika\/\">Priv\u0101tuma politika<\/a><\/p>\n\t<p><strong>Sazi\u0146ai<\/strong><\/p>\n\t+371 27993370<br \/>\nliga@myperfectdog.lv\n\t<p><strong>Seko &#8220;My Perfect Dog&#8221;<\/strong><\/p>\n\t\t\t\t<img decoding=\"async\" src=\"https:\/\/myperfectdog.lv\/wp-content\/uploads\/2020\/09\/PDTE-Logo2-150x150.png\" alt=\"PDTE-Logo2\" itemprop=\"image\" title=\"PDTE-Logo2\" onerror=\"this.style.display='none'\"  \/>\n\t<p><strong>Par &#8220;My Perfect Dog&#8221;<\/strong><\/p>\n&#8220;My Perfect Dog&#8221; ir z\u012bmols, kas reprezent\u0113 lieliskas un harmoniskas attiec\u012bbas su\u0146a un saimnieka starp\u0101, kur saimnieks ir izgl\u012btots un zino\u0161s, savuk\u0101rt suns izprasts un atbilsto\u0161i apr\u016bp\u0113ts, socializ\u0113ts un apm\u0101c\u012bts, balstoties uz pret suni \u0113tisku, dabisku un uz motiv\u0101ciju balst\u012btu apm\u0101c\u012bbu.<br \/>\n\n<p> &#8220;My Perfect Dog&#8221; pied\u0101v\u0101 su\u0146u un vi\u0146u saimnieku apm\u0101c\u012bbu, su\u0146u uzved\u012bbas konsult\u0101cijas, socializ\u0101cijas pastaigas su\u0146iem, k\u0101 ar\u012b teor\u0113tiskus un praktiskus semin\u0101rus saimniekiem.<\/p>\n\t<p><strong>Sazi\u0146ai<\/strong><\/p>\n\t+371 27993370<br \/>\nliga@myperfectdog.lv\n\t<p><strong>Seko &#8220;My Perfect Dog&#8221;<\/strong><\/p>\n<h5>\n\t\t<a href=\"https:\/\/myperfectdog.lv\/en\/privatuma-politika\/\" title=\"Priv\u0101tuma politika\" target=\"_self\" rel=\"noopener\">\n\t\tPriv\u0101tuma politika\n\t\t<\/a>\n\t<\/h5>","protected":false},"excerpt":{"rendered":"<p>SU\u0145U APM\u0100C\u012aBAS UN IKDIENAS KONCEPTI: IMPULSU KONTROLE &#038; AKTIVIT\u0100TES MAI\u0145A Su\u0146u un saimnieku skola &#8220;My Perfect Dog&#8221; \u012bsteno pozit\u012bvo konceptu apm\u0101c\u012bbu, kas sunim veido fleksiblu dom\u0101\u0161anu, m\u0101ca mieru, fokusu un sadarb\u012bbu ar saimnieku, t\u0101 pal\u012bdzot pie\u0146emt pareizus l\u0113mumus da\u017e\u0101d\u0101s ikdienas situ\u0101cij\u0101s un motiv\u0113jot v\u0113lamo uzved\u012bbu. \u0160\u012b apm\u0101c\u012bbas pieeja balst\u0101s uz vair\u0101kiem pamatkonceptiem: emocion\u0101lo mieru, atteik\u0161anos,&hellip;<\/p>","protected":false},"author":1,"featured_media":0,"parent":0,"menu_order":0,"comment_status":"closed","ping_status":"closed","template":"","meta":{"footnotes":""},"class_list":["post-3772","page","type-page","status-publish","hentry"],"yoast_head":"<!-- This site is optimized with the Yoast SEO plugin v27.5 - https:\/\/yoast.com\/product\/yoast-seo-wordpress\/ -->\n<title>Koncepts: Impulsu kontrole &amp; aktivit\u0101tes mai\u0146a | MyPerfectDog.lv<\/title>\n<meta name=\"robots\" content=\"index, follow, max-snippet:-1, max-image-preview:large, max-video-preview:-1\" \/>\n<link rel=\"canonical\" href=\"https:\/\/myperfectdog.lv\/en\/koncepts-impulsu-kontrole-aktivitates-maina\/\" \/>\n<meta property=\"og:locale\" content=\"en_GB\" \/>\n<meta property=\"og:type\" content=\"article\" \/>\n<meta property=\"og:title\" content=\"Koncepts: Impulsu kontrole &amp; aktivit\u0101tes mai\u0146a | MyPerfectDog.lv\" \/>\n<meta property=\"og:description\" content=\"SU\u0145U APM\u0100C\u012aBAS UN IKDIENAS KONCEPTI: IMPULSU KONTROLE &#038; AKTIVIT\u0100TES MAI\u0145A Su\u0146u un saimnieku skola &#8220;My Perfect Dog&#8221; \u012bsteno pozit\u012bvo konceptu apm\u0101c\u012bbu, kas sunim veido fleksiblu dom\u0101\u0161anu, m\u0101ca mieru, fokusu un sadarb\u012bbu ar saimnieku, t\u0101 pal\u012bdzot pie\u0146emt pareizus l\u0113mumus da\u017e\u0101d\u0101s ikdienas situ\u0101cij\u0101s un motiv\u0113jot v\u0113lamo uzved\u012bbu. \u0160\u012b apm\u0101c\u012bbas pieeja balst\u0101s uz vair\u0101kiem pamatkonceptiem: emocion\u0101lo mieru, atteik\u0161anos,&hellip;\" \/>\n<meta property=\"og:url\" content=\"https:\/\/myperfectdog.lv\/en\/koncepts-impulsu-kontrole-aktivitates-maina\/\" \/>\n<meta property=\"og:site_name\" content=\"MyPerfectDog.lv\" \/>\n<meta property=\"article:modified_time\" content=\"2024-08-08T13:50:12+00:00\" \/>\n<meta property=\"og:image\" content=\"https:\/\/myperfectdog.lv\/wp-content\/uploads\/2020\/10\/MyPerfectDog-New-logo_peach_plakans.png\" \/>\n<meta name=\"twitter:card\" content=\"summary_large_image\" \/>\n<script type=\"application\/ld+json\" class=\"yoast-schema-graph\">{\"@context\":\"https:\\\/\\\/schema.org\",\"@graph\":[{\"@type\":\"WebPage\",\"@id\":\"https:\\\/\\\/myperfectdog.lv\\\/koncepts-impulsu-kontrole-aktivitates-maina\\\/\",\"url\":\"https:\\\/\\\/myperfectdog.lv\\\/koncepts-impulsu-kontrole-aktivitates-maina\\\/\",\"name\":\"Koncepts: Impulsu kontrole & aktivit\u0101tes mai\u0146a | MyPerfectDog.lv\",\"isPartOf\":{\"@id\":\"https:\\\/\\\/myperfectdog.lv\\\/#website\"},\"primaryImageOfPage\":{\"@id\":\"https:\\\/\\\/myperfectdog.lv\\\/koncepts-impulsu-kontrole-aktivitates-maina\\\/#primaryimage\"},\"image\":{\"@id\":\"https:\\\/\\\/myperfectdog.lv\\\/koncepts-impulsu-kontrole-aktivitates-maina\\\/#primaryimage\"},\"thumbnailUrl\":\"https:\\\/\\\/myperfectdog.lv\\\/wp-content\\\/uploads\\\/2020\\\/10\\\/MyPerfectDog-New-logo_peach_plakans.png\",\"datePublished\":\"2022-03-03T23:07:17+00:00\",\"dateModified\":\"2024-08-08T13:50:12+00:00\",\"breadcrumb\":{\"@id\":\"https:\\\/\\\/myperfectdog.lv\\\/koncepts-impulsu-kontrole-aktivitates-maina\\\/#breadcrumb\"},\"inLanguage\":\"en-GB\",\"potentialAction\":[{\"@type\":\"ReadAction\",\"target\":[\"https:\\\/\\\/myperfectdog.lv\\\/koncepts-impulsu-kontrole-aktivitates-maina\\\/\"]}]},{\"@type\":\"ImageObject\",\"inLanguage\":\"en-GB\",\"@id\":\"https:\\\/\\\/myperfectdog.lv\\\/koncepts-impulsu-kontrole-aktivitates-maina\\\/#primaryimage\",\"url\":\"https:\\\/\\\/myperfectdog.lv\\\/wp-content\\\/uploads\\\/2020\\\/10\\\/MyPerfectDog-New-logo_peach_plakans.png\",\"contentUrl\":\"https:\\\/\\\/myperfectdog.lv\\\/wp-content\\\/uploads\\\/2020\\\/10\\\/MyPerfectDog-New-logo_peach_plakans.png\"},{\"@type\":\"BreadcrumbList\",\"@id\":\"https:\\\/\\\/myperfectdog.lv\\\/koncepts-impulsu-kontrole-aktivitates-maina\\\/#breadcrumb\",\"itemListElement\":[{\"@type\":\"ListItem\",\"position\":1,\"name\":\"Home\",\"item\":\"https:\\\/\\\/myperfectdog.lv\\\/\"},{\"@type\":\"ListItem\",\"position\":2,\"name\":\"Koncepts: Impulsu kontrole &#038; aktivit\u0101tes mai\u0146a\"}]},{\"@type\":\"WebSite\",\"@id\":\"https:\\\/\\\/myperfectdog.lv\\\/#website\",\"url\":\"https:\\\/\\\/myperfectdog.lv\\\/\",\"name\":\"MyPerfectDog.lv\",\"description\":\"Su\u0146u un saimnieku skola\",\"publisher\":{\"@id\":\"https:\\\/\\\/myperfectdog.lv\\\/#organization\"},\"potentialAction\":[{\"@type\":\"SearchAction\",\"target\":{\"@type\":\"EntryPoint\",\"urlTemplate\":\"https:\\\/\\\/myperfectdog.lv\\\/?s={search_term_string}\"},\"query-input\":{\"@type\":\"PropertyValueSpecification\",\"valueRequired\":true,\"valueName\":\"search_term_string\"}}],\"inLanguage\":\"en-GB\"},{\"@type\":\"Organization\",\"@id\":\"https:\\\/\\\/myperfectdog.lv\\\/#organization\",\"name\":\"Su\u0146u & saimnieku skola \\\"My Perfect Dog\\\"\",\"url\":\"https:\\\/\\\/myperfectdog.lv\\\/\",\"logo\":{\"@type\":\"ImageObject\",\"inLanguage\":\"en-GB\",\"@id\":\"https:\\\/\\\/myperfectdog.lv\\\/#\\\/schema\\\/logo\\\/image\\\/\",\"url\":\"https:\\\/\\\/myperfectdog.lv\\\/wp-content\\\/uploads\\\/2020\\\/10\\\/MyPerfectDog-New-logo_peach_plakans.png\",\"contentUrl\":\"https:\\\/\\\/myperfectdog.lv\\\/wp-content\\\/uploads\\\/2020\\\/10\\\/MyPerfectDog-New-logo_peach_plakans.png\",\"width\":1200,\"height\":636,\"caption\":\"Su\u0146u & saimnieku skola \\\"My Perfect Dog\\\"\"},\"image\":{\"@id\":\"https:\\\/\\\/myperfectdog.lv\\\/#\\\/schema\\\/logo\\\/image\\\/\"}}]}<\/script>\n<!-- \/ Yoast SEO plugin. -->","yoast_head_json":{"title":"Koncepts: Impulsu kontrole & aktivit\u0101tes mai\u0146a | MyPerfectDog.lv","robots":{"index":"index","follow":"follow","max-snippet":"max-snippet:-1","max-image-preview":"max-image-preview:large","max-video-preview":"max-video-preview:-1"},"canonical":"https:\/\/myperfectdog.lv\/en\/koncepts-impulsu-kontrole-aktivitates-maina\/","og_locale":"en_GB","og_type":"article","og_title":"Koncepts: Impulsu kontrole & aktivit\u0101tes mai\u0146a | MyPerfectDog.lv","og_description":"SU\u0145U APM\u0100C\u012aBAS UN IKDIENAS KONCEPTI: IMPULSU KONTROLE &#038; AKTIVIT\u0100TES MAI\u0145A Su\u0146u un saimnieku skola &#8220;My Perfect Dog&#8221; \u012bsteno pozit\u012bvo konceptu apm\u0101c\u012bbu, kas sunim veido fleksiblu dom\u0101\u0161anu, m\u0101ca mieru, fokusu un sadarb\u012bbu ar saimnieku, t\u0101 pal\u012bdzot pie\u0146emt pareizus l\u0113mumus da\u017e\u0101d\u0101s ikdienas situ\u0101cij\u0101s un motiv\u0113jot v\u0113lamo uzved\u012bbu. \u0160\u012b apm\u0101c\u012bbas pieeja balst\u0101s uz vair\u0101kiem pamatkonceptiem: emocion\u0101lo mieru, atteik\u0161anos,&hellip;","og_url":"https:\/\/myperfectdog.lv\/en\/koncepts-impulsu-kontrole-aktivitates-maina\/","og_site_name":"MyPerfectDog.lv","article_modified_time":"2024-08-08T13:50:12+00:00","og_image":[{"url":"https:\/\/myperfectdog.lv\/wp-content\/uploads\/2020\/10\/MyPerfectDog-New-logo_peach_plakans.png","type":"","width":"","height":""}],"twitter_card":"summary_large_image","schema":{"@context":"https:\/\/schema.org","@graph":[{"@type":"WebPage","@id":"https:\/\/myperfectdog.lv\/koncepts-impulsu-kontrole-aktivitates-maina\/","url":"https:\/\/myperfectdog.lv\/koncepts-impulsu-kontrole-aktivitates-maina\/","name":"Koncepts: Impulsu kontrole & aktivit\u0101tes mai\u0146a | MyPerfectDog.lv","isPartOf":{"@id":"https:\/\/myperfectdog.lv\/#website"},"primaryImageOfPage":{"@id":"https:\/\/myperfectdog.lv\/koncepts-impulsu-kontrole-aktivitates-maina\/#primaryimage"},"image":{"@id":"https:\/\/myperfectdog.lv\/koncepts-impulsu-kontrole-aktivitates-maina\/#primaryimage"},"thumbnailUrl":"https:\/\/myperfectdog.lv\/wp-content\/uploads\/2020\/10\/MyPerfectDog-New-logo_peach_plakans.png","datePublished":"2022-03-03T23:07:17+00:00","dateModified":"2024-08-08T13:50:12+00:00","breadcrumb":{"@id":"https:\/\/myperfectdog.lv\/koncepts-impulsu-kontrole-aktivitates-maina\/#breadcrumb"},"inLanguage":"en-GB","potentialAction":[{"@type":"ReadAction","target":["https:\/\/myperfectdog.lv\/koncepts-impulsu-kontrole-aktivitates-maina\/"]}]},{"@type":"ImageObject","inLanguage":"en-GB","@id":"https:\/\/myperfectdog.lv\/koncepts-impulsu-kontrole-aktivitates-maina\/#primaryimage","url":"https:\/\/myperfectdog.lv\/wp-content\/uploads\/2020\/10\/MyPerfectDog-New-logo_peach_plakans.png","contentUrl":"https:\/\/myperfectdog.lv\/wp-content\/uploads\/2020\/10\/MyPerfectDog-New-logo_peach_plakans.png"},{"@type":"BreadcrumbList","@id":"https:\/\/myperfectdog.lv\/koncepts-impulsu-kontrole-aktivitates-maina\/#breadcrumb","itemListElement":[{"@type":"ListItem","position":1,"name":"Home","item":"https:\/\/myperfectdog.lv\/"},{"@type":"ListItem","position":2,"name":"Koncepts: Impulsu kontrole &#038; aktivit\u0101tes mai\u0146a"}]},{"@type":"WebSite","@id":"https:\/\/myperfectdog.lv\/#website","url":"https:\/\/myperfectdog.lv\/","name":"MyPerfectDog.lv","description":"Su\u0146u un saimnieku skola","publisher":{"@id":"https:\/\/myperfectdog.lv\/#organization"},"potentialAction":[{"@type":"SearchAction","target":{"@type":"EntryPoint","urlTemplate":"https:\/\/myperfectdog.lv\/?s={search_term_string}"},"query-input":{"@type":"PropertyValueSpecification","valueRequired":true,"valueName":"search_term_string"}}],"inLanguage":"en-GB"},{"@type":"Organization","@id":"https:\/\/myperfectdog.lv\/#organization","name":"Su\u0146u & saimnieku skola \"My Perfect Dog\"","url":"https:\/\/myperfectdog.lv\/","logo":{"@type":"ImageObject","inLanguage":"en-GB","@id":"https:\/\/myperfectdog.lv\/#\/schema\/logo\/image\/","url":"https:\/\/myperfectdog.lv\/wp-content\/uploads\/2020\/10\/MyPerfectDog-New-logo_peach_plakans.png","contentUrl":"https:\/\/myperfectdog.lv\/wp-content\/uploads\/2020\/10\/MyPerfectDog-New-logo_peach_plakans.png","width":1200,"height":636,"caption":"Su\u0146u & saimnieku skola \"My Perfect Dog\""},"image":{"@id":"https:\/\/myperfectdog.lv\/#\/schema\/logo\/image\/"}}]}},"jetpack_sharing_enabled":true,"_links":{"self":[{"href":"https:\/\/myperfectdog.lv\/en\/wp-json\/wp\/v2\/pages\/3772","targetHints":{"allow":["GET"]}}],"collection":[{"href":"https:\/\/myperfectdog.lv\/en\/wp-json\/wp\/v2\/pages"}],"about":[{"href":"https:\/\/myperfectdog.lv\/en\/wp-json\/wp\/v2\/types\/page"}],"author":[{"embeddable":true,"href":"https:\/\/myperfectdog.lv\/en\/wp-json\/wp\/v2\/users\/1"}],"replies":[{"embeddable":true,"href":"https:\/\/myperfectdog.lv\/en\/wp-json\/wp\/v2\/comments?post=3772"}],"version-history":[{"count":0,"href":"https:\/\/myperfectdog.lv\/en\/wp-json\/wp\/v2\/pages\/3772\/revisions"}],"wp:attachment":[{"href":"https:\/\/myperfectdog.lv\/en\/wp-json\/wp\/v2\/media?parent=3772"}],"curies":[{"name":"wp","href":"https:\/\/api.w.org\/{rel}","templated":true}]}}