{"id":4137,"date":"2022-05-06T12:27:07","date_gmt":"2022-05-06T10:27:07","guid":{"rendered":"https:\/\/myperfectdog.lv\/?page_id=4137"},"modified":"2024-08-08T15:43:57","modified_gmt":"2024-08-08T13:43:57","slug":"suni-un-dominance","status":"publish","type":"page","link":"https:\/\/myperfectdog.lv\/en\/izglitojosi\/suni-un-dominance\/","title":{"rendered":"Su\u0146i un dominance &#8211; kas t\u0101 ir un kas nav?"},"content":{"rendered":"<a href=\"https:\/\/myperfectdog.lv\/en\/\" target=\"_self\" itemprop=\"url\" rel=\"noopener\">\n\t\t\t\t<img decoding=\"async\" src=\"https:\/\/myperfectdog.lv\/wp-content\/uploads\/2020\/10\/MyPerfectDog-New-logo_peach_plakans.png\" alt=\"MyPerfectDog-New-logo_peach_plakans\" itemprop=\"image\" title=\"MyPerfectDog-New-logo_peach_plakans\" onerror=\"this.style.display='none'\"  \/>\n\t\t\t\t<\/a>\n\t\t\t\t<img decoding=\"async\" src=\"https:\/\/myperfectdog.lv\/wp-content\/uploads\/2020\/10\/MyPerfectDog-New-logo_peach_plakans.png\" alt=\"MyPerfectDog-New-logo_peach_plakans\" itemprop=\"image\" title=\"MyPerfectDog-New-logo_peach_plakans\" onerror=\"this.style.display='none'\"  \/>\n<h2>\n\t\tKas ir un kas nav dominance su\u0146os?\n\t<\/h2>\n\t<p>Zin\u0101tnes pasaul\u0113 jau sen ir pier\u0101d\u012bts, ka dominances teorijas izmanto\u0161anai su\u0146u apm\u0101c\u012bb\u0101 nav nek\u0101da pamatojuma, tom\u0113r, neskatoties uz to, dominances teorija un t\u0101s pielieto\u0161ana su\u0146u apm\u0101c\u012bb\u0101 ir viena no t\u0113m\u0101m, kas su\u0146u treneru un saimnieku vid\u016b joproj\u0101m rada visas\u0101k\u0101s diskusijas. \u0160ai rakst\u0101 \u012bsum\u0101 apskat\u012bsim to, k\u0101 v\u0101rds &#8220;dominance&#8221; su\u0146u apm\u0101c\u012bb\u0101 ieguva savu slikto slavu un kas ir zin\u0101ms par to, kas ir un kas nav dominance su\u0146os.\u00a0<\/p>\n\t\t\t\t<img decoding=\"async\" src=\"https:\/\/myperfectdog.lv\/wp-content\/uploads\/2022\/05\/pexels-musicfactory-lehmannsound-215957.jpg\" alt=\"pexels-musicfactory-lehmannsound-215957\" itemprop=\"image\" title=\"pexels-musicfactory-lehmannsound-215957\" onerror=\"this.style.display='none'\"  \/>\n\t<p>Lai saprastu, k\u0101 veidojusies termina &#8220;dominance&#8221; slikt\u0101 slava, j\u0101s\u0101k ar nelielu ieskatu v\u0113stur\u0113. 20. gadsimta vid\u016b p\u0113tnieku vid\u016b vald\u012bja uzskats, ka su\u0146iem un vilkiem vi\u0146u radniec\u012bbas d\u0113\u013c ir rakstur\u012bgas l\u012bdz\u012bgas soci\u0101l\u0101s sist\u0113mas. Zin\u0101tnieki uzskat\u012bja, ka vilku bar\u0101 ir stingra line\u0101ra hierarhija, kuras aug\u0161da\u013c\u0101 ir dominantais p\u0101ris jeb alfa t\u0113vi\u0146\u0161 un m\u0101t\u012bte un apak\u0161\u0101 &#8211;\u00a0 zem\u0101ku soci\u0101lo hierarhiju ie\u0146emo\u0161ie bara locek\u013ci, kas ir iesaist\u012bti nep\u0101rtraukt\u0101 c\u012b\u0146\u0101 par varu. \u0160\u012b ideja par vilku bara uzb\u016bvi bija balst\u012bta nebr\u012bv\u0113 dz\u012bvojo\u0161a vilku bara nov\u0113rojumos. Pamatojoties uz \u0161o teoriju, tika att\u012bst\u012bta dominances teorij\u0101 balst\u012bta su\u0146u apm\u0101c\u012bbas pieeja. \u0160\u012b pieeja sludin\u0101ja, ka saimniekam suns ir &#8220;j\u0101noliek pie vietas&#8221; un j\u0101b\u016bt &#8220;bara alfai&#8221;, pret\u0113j\u0101 gad\u012bjum\u0101 suns m\u0113\u0123in\u0101s domin\u0113t p\u0101r saviem \u0123imenes locek\u013ciem. M\u016bsdien\u0101s zin\u0101tnieki ir apg\u0101zu\u0161i daudzus uzskatus gan par to, k\u0101 tiek organiz\u0113ta sadz\u012bve vilku bar\u0101 (piem\u0113ram, neskatoties uz alfa p\u0101ra eksistenci bar\u0101, savva\u013cas apst\u0101k\u013cos vilki sadz\u012bvo diezgan satic\u012bgi, konflikti notiek reti, pak\u013cau\u0161an\u0101s hierarhijai notiek br\u012bvpr\u0101t\u012bgi un bar\u0101 nenorit nep\u0101rtraukta c\u012b\u0146a par varu), gan par \u0161\u0137ietamaj\u0101m vilku un su\u0146u l\u012bdz\u012bb\u0101m. Nav \u0161aubu par vilku un su\u0146u radniec\u012bbu, tom\u0113r evol\u016bcijas gait\u0101 tie ir izveidoju\u0161ies par div\u0101m at\u0161\u0137ir\u012bg\u0101m sug\u0101m ar at\u0161\u0137ir\u012bg\u0101m soci\u0101laj\u0101m sist\u0113m\u0101m. Tiesa, gan vilki, gan su\u0146i ir soci\u0101li dz\u012bvnieki, un savva\u013c\u0101 su\u0146i m\u0113dz dz\u012bvot barveid\u012bg\u0101s grup\u0101s (lai uzsv\u0113rtu at\u0161\u0137ir\u012bbu starp vilku un su\u0146u soci\u0101laj\u0101m sist\u0113m\u0101m, reiz\u0113m autori izv\u0113las lietot terminu &#8220;soci\u0101la grupa&#8221; termina &#8220;bars&#8221; viet\u0101), ta\u010du su\u0146u bar\u0101\/soci\u0101laj\u0101 grup\u0101 nav rakstur\u012bga line\u0101ra hierarhija. Turkl\u0101t su\u0146u &#8220;bars&#8221; ir daudz nenotur\u012bg\u0101ks un main\u012bg\u0101ks, nek\u0101 vilku bars &#8211; su\u0146i grupai pievienojas br\u012bvpr\u0101t\u012bgi un ar\u012b to pamest var br\u012bvpr\u0101t\u012bgi.\u00a0<\/p>\n<p>Run\u0101jot par termina &#8220;dominance&#8221; slikto slavu, t\u0101 ir saist\u0101ma &#8220;dominances teorijas&#8221; pielieto\u0161ana apm\u0101c\u012bb\u0101, kas bie\u017ei iek\u013c\u0101va vardarb\u012bgas apm\u0101c\u012bbas metodes, fiziskus un emocion\u0101lus sodus, lai &#8220;pazemin\u0101tu su\u0146a vietu soci\u0101laj\u0101 hierarhij\u0101&#8221;, ka ar\u012b da\u017e\u0101du norm\u0101lu su\u0146a uzved\u012bbu nepareizu interpret\u0101cija k\u0101 &#8220;domin\u0113\u0161anas m\u0113\u0123in\u0101jumu&#8221;. \u0160\u012b iemesla d\u0113\u013c daudzi speci\u0101listi, kas atbalsta pozit\u012bvo su\u0146u apm\u0101c\u012bbu, bie\u017ei izv\u0113las terminu &#8220;dominance&#8221; neizmantot nemaz vai pat noliegt t\u0101s eksistenci. M\u016bsupr\u0101t, pozit\u012bvas un zin\u0101tn\u0113 balst\u012btas su\u0146u apm\u0101c\u012bbas \u012bsteno\u0161anai un populariz\u0113\u0161anai ir svar\u012bgi run\u0101t par to, kas ir un kas nav dominance, izgl\u012btot su\u0146u saimniekus.\u00a0<\/p>\n<p>K\u0101 gr\u0101mat\u0101 <i>Canine Confidential: Why Dogs Do What They Do <\/i>rakst\u012bjis zin\u0101tnieks, dz\u012bvnieku uzved\u012bbas p\u0113tnieks Marks Bekofs, dominance ir pavisam norm\u0101la dz\u012bvnieka uzved\u012bbas iez\u012bme, kas da\u017e\u0101d\u0101s form\u0101s ir rakstur\u012bga praktiski vis\u0101m z\u012bd\u012bt\u0101ju sug\u0101m, to skait\u0101 su\u0146iem, tom\u0113r <b>m\u0113s bie\u017ei p\u0101rprotam t\u0101s b\u016bt\u012bbu<\/b>.\u00a0 K\u0101 nor\u0101d\u012bjis Bekofs, liel\u0101k\u0101 probl\u0113ma ar dominances konceptu ir t\u0101 nepareiz\u0101 pielieto\u0161ana &#8211; reiz\u0113m cilv\u0113ki m\u0113\u0123ina ar dominances pal\u012bdz\u012bbu izskaidrot teju jebkuru uzved\u012bbu, kas mums nepat\u012bk un v\u0113l papildus tam ar to pamatot vardarb\u012bgas apm\u0101c\u012bbas metodes. Piem\u0113ram, &#8220;suns velk pavadu, jo grib domin\u0113t&#8221;, &#8220;ja suns m\u0113\u0123ina aplekt saimnieku, tas noz\u012bm\u0113, ka vi\u0146\u0161 m\u0113\u0123ina domin\u0113t&#8221;, &#8220;ja suns grib gul\u0113t saimnieka gult\u0101\/d\u012bv\u0101n\u0101, vi\u0146\u0161 m\u0113\u0123ina ieg\u016bt augst\u0101ku soci\u0101lo statusu &#8211; to nedr\u012bkst at\u013caut&#8221;. <b>Visi augst\u0101k min\u0113tie apgalvojumi ir zin\u0101tniski nepamatotas aplam\u012bbas<\/b>. Suns velk pavadu, jo vi\u0146\u0161 nav m\u0101c\u012bts staig\u0101t pavad\u0101 vai pavada ir p\u0101r\u0101k \u012bsa, vai ir p\u0101rlieku liel\u0101 stres\u0101. Aplek\u0161anas m\u0113\u0123in\u0101jumi ir stresa izpausmes vai uzman\u012bbas piev\u0113r\u0161anas m\u0113\u0123in\u0101jumi. Suns grib gul\u0113t saimnieka gult\u0101 vai d\u012bv\u0101n\u0101, jo t\u0101s ir \u0113rtas vietas saimnieka tuvum\u0101. Visas \u0161\u012bs situ\u0101cijas ir risin\u0101mas ar apm\u0101c\u012bbas metod\u0113m, kas neiek\u013cauj sodus un &#8220;statusa pazemin\u0101\u0161anu&#8221; (piem\u0113ram, \u0113\u0161anu pirms su\u0146a, izie\u0161anu pirms su\u0146a pa durv\u012bm vai v\u0113l absurd\u0101k &#8211; t\u0113lo\u0161anu, ka saimnieks \u0113d no su\u0146a b\u013codas).\u00a0<\/p>\n<h2>\n\t\tKad esam sapratu\u0161i, kas nav dominance, \u012bsum\u0101 parun\u0101sim par to, kas ir dominance su\u0146os.\n\t<\/h2>\n\t<p>Pirmk\u0101rt, dominance nav saist\u012bta ar soci\u0101lo statusu, t\u0101d\u0101 noz\u012bm\u0113, k\u0101 to visbie\u017e\u0101k saprot cilv\u0113ki. T\u0101 ir saist\u012bta ar <b>piek\u013cuvi resursiem<\/b>. Papildus tam, dominances izpausm\u0113m ir daudz liel\u0101ka noz\u012bme su\u0146u savstarp\u0113j\u0101s attiec\u012bb\u0101s, nevis attiec\u012bb\u0101s starp suni un cilv\u0113ku. Lai gan su\u0146i labi lasa cilv\u0113ku emocijas un <a href=\"https:\/\/myperfectdog.lv\/en\/product\/izglitojoss-vebinars-2-dala\/\">\u0137erme\u0146u valodu<\/a>, vi\u0146i neuzskata cilv\u0113kus par &#8220;nedaudz cita izskata su\u0146iem&#8221;, un l\u012bdz ar to ar\u012b attiec\u012bbas ar mums veido cit\u0101di, nek\u0101 ar su\u0146iem. M\u0113s esam svar\u012bga su\u0146u soci\u0101l\u0101s grupas sast\u0101vda\u013ca, tom\u0113r vi\u0146i neuzskata, ka esam viens &#8220;bars&#8221;. Pat ja m\u0113s m\u0113\u0123in\u0101tu izpaust &#8220;dominanci&#8221; t\u0101d\u0101 veid\u0101, k\u0101 to dara su\u0146i vai vilki, su\u0146i \u0161\u012bs m\u016bsu darb\u012bbas nesaprastu. Interesanti ar\u012b, ka, pret\u0113ji izplat\u012btajiem m\u012btiem, dominances izpausmes parasti nav saist\u012btas ar fizisku saskarsmi starp su\u0146iem un &#8220;vietas ier\u0101d\u012b\u0161anu&#8221;. Suns sp\u0113j ietekm\u0113t cita su\u0146a uzved\u012bbu da\u017e\u0101dos, reiz\u0113m cilv\u0113ka acij praktiski neman\u0101mos veidos, kas neiek\u013cauj ne fizisku kontaktu, ne p\u0101ridar\u012bjumu otram sunim. Piem\u0113ram, izmantojot m\u012bmiku, skatienu vai \u0137erme\u0146a poz\u012bciju. Turkl\u0101t pat \u0161\u012bs dominances izpausmes var b\u016bt \u013coti retas un nav pier\u0101d\u012bts, ka t\u0101s rada diskomfortu citiem su\u0146iem.\u00a0<\/p>\n\t\t\t\t<img decoding=\"async\" src=\"https:\/\/myperfectdog.lv\/wp-content\/uploads\/2022\/05\/pexels-bekka-mongeau-1452717-1.jpg\" alt=\"pexels-bekka-mongeau-1452717\" itemprop=\"image\" title=\"pexels-bekka-mongeau-1452717\" onerror=\"this.style.display='none'\"  \/>\n<h2>\n\t\tRun\u0101jot par dominanci su\u0146u-saimnieku attiec\u012bbu kontekst\u0101, ir v\u0113rts piev\u0113rst uzman\u012bbu diviem aspektiem:\u00a0\n\t<\/h2>\n\t<p>Pirmk\u0101rt, ja sunim netiek nodro\u0161in\u0101ta pietiekama pieeja resursiem vai ar\u012b, ja suns nav atbilsto\u0161i apm\u0101c\u012bts, suns var iem\u0101c\u012bties, r\u016bcot vai pat ko\u017eot, sarg\u0101t pieeju konkr\u0113tam resursam, piem\u0113ram, \u0113diena b\u013codai, rota\u013clietai vai d\u012bv\u0101nam. \u0160aj\u0101s situ\u0101cij\u0101s su\u0146i patie\u0161\u0101m izpau\u017e resursu sarg\u0101\u0161anas uzved\u012bbu, lai nepie\u013cautu cita su\u0146a vai cilv\u0113ka piek\u013cuvi. Ta\u010du j\u0101uzver, ka \u0161\u012b situ\u0101cija <b>nav<\/b> risin\u0101ma ar &#8220;statusa pazemin\u0101\u0161anas&#8221; metod\u0113m, dominances teorijas pielieto\u0161anu, jo atceramies &#8211; dominancei nav saist\u012bbas ar soci\u0101lo statusu. Ja resursu sarg\u0101\u0161ana ir par\u0101d\u012bjusies, to var atrisin\u0101t ar adekv\u0101tu apm\u0101c\u012bbu bez sodiem, stiprinot su\u0146a attiec\u012bbas ar saimnieku.<\/p>\n<p>Otrs aspekts k\u013c\u016bst noz\u012bm\u012bgs, ja saimnieks ir izv\u0113l\u0113jies veidot attiec\u012bbas uz dominances teorijas pamata un jau ir m\u0113\u0123in\u0101jis par\u0101d\u012bt savu &#8220;alfas statusu&#8221;, izmantojot sodus, vardarb\u012bbu, piek\u013cuves resursiem ierobe\u017eo\u0161anu. \u0160\u0101da r\u012bc\u012bba no saimnieka puses var novest pie nom\u0101kta, neuztic\u012bbas pilna su\u0146a, kas nesp\u0113j norm\u0101li izr\u0101d\u012bt savas emocijas. \u0160\u0101ds izn\u0101kums savuk\u0101rt var rezult\u0113ties iem\u0101c\u012bt\u0101 agresij\u0101 (<em>learned aggression<\/em>) pret saimnieku. Tas noz\u012bm\u0113, ka suns, balstoties uz pieredzi, ir iem\u0101c\u012bjies, ka sevi no saimnieka ir j\u0101sarg\u0101, nevis, ka suns m\u0113\u0123ina izc\u012bn\u012bt &#8220;alfas statusu&#8221;. \u0160\u0101d\u0101s attiec\u012bb\u0101s neveidojas vesel\u012bga savstarp\u0113j\u0101 saikne un izpratne, attiec\u012bbas k\u013c\u016bst destrukt\u012bvas. Ja \u0161\u0101da situ\u0101cija ir izveidojusies, to ir iesp\u0113jams risin\u0101t tikai mainot su\u0146a-saimnieka attiec\u012bbu modeli un veicinot savstarp\u0113ju izpratni un uztic\u0113\u0161anos.\u00a0<\/p>\n<h2>\n\t\tRezum\u0113jot&#8230;\n\t<\/h2>\n\t<p>J\u0101, dominance su\u0146os past\u0101v, BET t\u0101 nenoz\u012bm\u0113 c\u012b\u0146u par &#8220;vietu hierarhij\u0101&#8221; un ne maz\u0101kaj\u0101m m\u0113r\u0101 neattaisno sodu un &#8220;statusa pazemin\u0101\u0161anas&#8221; meto\u017eu pielieto\u0161anu su\u0146u apm\u0101c\u012bb\u0101! Liel\u0101k\u0101 da\u013ca inform\u0101cijas, ko reiz\u0113m medijos las\u0101m par &#8220;dominanci su\u0146os&#8221;, ir m\u012bti. Dominancei ir saist\u012bba ar pieeju resursiem, nevis soci\u0101lo statusu. Turkl\u0101t tai ir liel\u0101ka noz\u012bme su\u0146u savstarp\u0113j\u0101s attiec\u012bb\u0101s, nevis attiec\u012bb\u0101s starp suni un saimnieku.<\/p>\n\t<p><b>Raksta tap\u0161an\u0101 izmantotie avoti:\u00a0<\/b><\/p>\n<p>Barry Eaton. 2010. <i>Dominance in Dogs: Fact or Fiction<\/i>.\u00a0<\/p>\n<p>Marc Bekoff. 2018. <i>Canine Confidential: Why Dogs Do What They Do. <\/i><\/p>\n\t<p><strong>Par &#8220;My Perfect Dog&#8221;<\/strong><\/p>\n&#8220;My Perfect Dog&#8221; ir z\u012bmols, kas reprezent\u0113 lieliskas un harmoniskas attiec\u012bbas su\u0146a un saimnieka starp\u0101, kur saimnieks ir izgl\u012btots un zino\u0161s, savuk\u0101rt suns izprasts un atbilsto\u0161i apr\u016bp\u0113ts, socializ\u0113ts un apm\u0101c\u012bts, balstoties uz pret suni \u0113tisku, dabisku un uz motiv\u0101ciju balst\u012btu apm\u0101c\u012bbu.<br \/>\n\n<p> &#8220;My Perfect Dog&#8221; pied\u0101v\u0101 su\u0146u un vi\u0146u saimnieku apm\u0101c\u012bbu, su\u0146u uzved\u012bbas konsult\u0101cijas, socializ\u0101cijas pastaigas su\u0146iem, k\u0101 ar\u012b teor\u0113tiskus un praktiskus semin\u0101rus saimniekiem.<\/p>\n\t<p><strong>Kategorijas<\/strong><\/p>\n<p><a href=\"https:\/\/myperfectdog.lv\/en\/internetveikals\/\">Internetveikals<\/a><\/p>\n<p><a href=\"https:\/\/myperfectdog.lv\/en\/apmacibu-piedavajums\/\">Apm\u0101c\u012bbu pied\u0101v\u0101jums<\/a><\/p>\n<p><a href=\"https:\/\/myperfectdog.lv\/en\/sunu-aukles\/\">Su\u0146u pieskat\u012b\u0161ana un pastaigas<\/a><\/p>\n<p><a href=\"https:\/\/myperfectdog.lv\/en\/izglitojosi-raksti\/\">Izgl\u012btojo\u0161i materi\u0101li<\/a><\/p>\n<p><a href=\"https:\/\/myperfectdog.lv\/en\/kontakti\/\">Kontakti<\/a><\/p>\n<p><a href=\"https:\/\/myperfectdog.lv\/en\/privatuma-politika\/\">Priv\u0101tuma politika<\/a><\/p>\n\t<p><strong>Sazi\u0146ai<\/strong><\/p>\n\t+371 27993370<br \/>\nliga@myperfectdog.lv\n\t<p><strong>Seko &#8220;My Perfect Dog&#8221;<\/strong><\/p>\n\t\t\t\t<img decoding=\"async\" src=\"https:\/\/myperfectdog.lv\/wp-content\/uploads\/2020\/09\/PDTE-Logo2-150x150.png\" alt=\"PDTE-Logo2\" itemprop=\"image\" title=\"PDTE-Logo2\" onerror=\"this.style.display='none'\"  \/>\n\t<p><strong>Par &#8220;My Perfect Dog&#8221;<\/strong><\/p>\n&#8220;My Perfect Dog&#8221; ir z\u012bmols, kas reprezent\u0113 lieliskas un harmoniskas attiec\u012bbas su\u0146a un saimnieka starp\u0101, kur saimnieks ir izgl\u012btots un zino\u0161s, savuk\u0101rt suns izprasts un atbilsto\u0161i apr\u016bp\u0113ts, socializ\u0113ts un apm\u0101c\u012bts, balstoties uz pret suni \u0113tisku, dabisku un uz motiv\u0101ciju balst\u012btu apm\u0101c\u012bbu.<br \/>\n\n<p> &#8220;My Perfect Dog&#8221; pied\u0101v\u0101 su\u0146u un vi\u0146u saimnieku apm\u0101c\u012bbu, su\u0146u uzved\u012bbas konsult\u0101cijas, socializ\u0101cijas pastaigas su\u0146iem, k\u0101 ar\u012b teor\u0113tiskus un praktiskus semin\u0101rus saimniekiem.<\/p>\n\t<p><strong>Sazi\u0146ai<\/strong><\/p>\n\t+371 27993370<br \/>\nliga@myperfectdog.lv\n\t<p><strong>Seko &#8220;My Perfect Dog&#8221;<\/strong><\/p>\n<h5>\n\t\t<a href=\"https:\/\/myperfectdog.lv\/en\/privatuma-politika\/\" title=\"Priv\u0101tuma politika\" target=\"_self\" rel=\"noopener\">\n\t\tPriv\u0101tuma politika\n\t\t<\/a>\n\t<\/h5>","protected":false},"excerpt":{"rendered":"<p>Kas ir un kas nav dominance su\u0146os? Zin\u0101tnes pasaul\u0113 jau sen ir pier\u0101d\u012bts, ka dominances teorijas izmanto\u0161anai su\u0146u apm\u0101c\u012bb\u0101 nav nek\u0101da pamatojuma, tom\u0113r, neskatoties uz to, dominances teorija un t\u0101s pielieto\u0161ana su\u0146u apm\u0101c\u012bb\u0101 ir viena no t\u0113m\u0101m, kas su\u0146u treneru un saimnieku vid\u016b joproj\u0101m rada visas\u0101k\u0101s diskusijas. \u0160ai rakst\u0101 \u012bsum\u0101 apskat\u012bsim to, k\u0101 v\u0101rds &#8220;dominance&#8221;&hellip;<\/p>","protected":false},"author":1,"featured_media":0,"parent":2210,"menu_order":1,"comment_status":"closed","ping_status":"closed","template":"","meta":{"footnotes":""},"class_list":["post-4137","page","type-page","status-publish","hentry"],"yoast_head":"<!-- This site is optimized with the Yoast SEO plugin v27.5 - https:\/\/yoast.com\/product\/yoast-seo-wordpress\/ -->\n<title>Su\u0146i un dominance - kas t\u0101 ir un kas nav? | MyPerfectDog.lv<\/title>\n<meta name=\"robots\" content=\"index, follow, max-snippet:-1, max-image-preview:large, max-video-preview:-1\" \/>\n<link rel=\"canonical\" href=\"https:\/\/myperfectdog.lv\/en\/izglitojosi\/suni-un-dominance\/\" \/>\n<meta property=\"og:locale\" content=\"en_GB\" \/>\n<meta property=\"og:type\" content=\"article\" \/>\n<meta property=\"og:title\" content=\"Su\u0146i un dominance - kas t\u0101 ir un kas nav? | MyPerfectDog.lv\" \/>\n<meta property=\"og:description\" content=\"Kas ir un kas nav dominance su\u0146os? Zin\u0101tnes pasaul\u0113 jau sen ir pier\u0101d\u012bts, ka dominances teorijas izmanto\u0161anai su\u0146u apm\u0101c\u012bb\u0101 nav nek\u0101da pamatojuma, tom\u0113r, neskatoties uz to, dominances teorija un t\u0101s pielieto\u0161ana su\u0146u apm\u0101c\u012bb\u0101 ir viena no t\u0113m\u0101m, kas su\u0146u treneru un saimnieku vid\u016b joproj\u0101m rada visas\u0101k\u0101s diskusijas. \u0160ai rakst\u0101 \u012bsum\u0101 apskat\u012bsim to, k\u0101 v\u0101rds &#8220;dominance&#8221;&hellip;\" \/>\n<meta property=\"og:url\" content=\"https:\/\/myperfectdog.lv\/en\/izglitojosi\/suni-un-dominance\/\" \/>\n<meta property=\"og:site_name\" content=\"MyPerfectDog.lv\" \/>\n<meta property=\"article:modified_time\" content=\"2024-08-08T13:43:57+00:00\" \/>\n<meta property=\"og:image\" content=\"https:\/\/myperfectdog.lv\/wp-content\/uploads\/2020\/10\/MyPerfectDog-New-logo_peach_plakans.png\" \/>\n<meta name=\"twitter:card\" content=\"summary_large_image\" \/>\n<meta name=\"twitter:label1\" content=\"Estimated reading time\" \/>\n\t<meta name=\"twitter:data1\" content=\"8 minutes\" \/>\n<script type=\"application\/ld+json\" class=\"yoast-schema-graph\">{\"@context\":\"https:\\\/\\\/schema.org\",\"@graph\":[{\"@type\":\"WebPage\",\"@id\":\"https:\\\/\\\/myperfectdog.lv\\\/izglitojosi\\\/suni-un-dominance\\\/\",\"url\":\"https:\\\/\\\/myperfectdog.lv\\\/izglitojosi\\\/suni-un-dominance\\\/\",\"name\":\"Su\u0146i un dominance - kas t\u0101 ir un kas nav? | MyPerfectDog.lv\",\"isPartOf\":{\"@id\":\"https:\\\/\\\/myperfectdog.lv\\\/#website\"},\"primaryImageOfPage\":{\"@id\":\"https:\\\/\\\/myperfectdog.lv\\\/izglitojosi\\\/suni-un-dominance\\\/#primaryimage\"},\"image\":{\"@id\":\"https:\\\/\\\/myperfectdog.lv\\\/izglitojosi\\\/suni-un-dominance\\\/#primaryimage\"},\"thumbnailUrl\":\"https:\\\/\\\/myperfectdog.lv\\\/wp-content\\\/uploads\\\/2020\\\/10\\\/MyPerfectDog-New-logo_peach_plakans.png\",\"datePublished\":\"2022-05-06T10:27:07+00:00\",\"dateModified\":\"2024-08-08T13:43:57+00:00\",\"breadcrumb\":{\"@id\":\"https:\\\/\\\/myperfectdog.lv\\\/izglitojosi\\\/suni-un-dominance\\\/#breadcrumb\"},\"inLanguage\":\"en-GB\",\"potentialAction\":[{\"@type\":\"ReadAction\",\"target\":[\"https:\\\/\\\/myperfectdog.lv\\\/izglitojosi\\\/suni-un-dominance\\\/\"]}]},{\"@type\":\"ImageObject\",\"inLanguage\":\"en-GB\",\"@id\":\"https:\\\/\\\/myperfectdog.lv\\\/izglitojosi\\\/suni-un-dominance\\\/#primaryimage\",\"url\":\"https:\\\/\\\/myperfectdog.lv\\\/wp-content\\\/uploads\\\/2020\\\/10\\\/MyPerfectDog-New-logo_peach_plakans.png\",\"contentUrl\":\"https:\\\/\\\/myperfectdog.lv\\\/wp-content\\\/uploads\\\/2020\\\/10\\\/MyPerfectDog-New-logo_peach_plakans.png\"},{\"@type\":\"BreadcrumbList\",\"@id\":\"https:\\\/\\\/myperfectdog.lv\\\/izglitojosi\\\/suni-un-dominance\\\/#breadcrumb\",\"itemListElement\":[{\"@type\":\"ListItem\",\"position\":1,\"name\":\"Home\",\"item\":\"https:\\\/\\\/myperfectdog.lv\\\/\"},{\"@type\":\"ListItem\",\"position\":2,\"name\":\"Izgl\u012btojo\u0161i materi\u0101li\",\"item\":\"https:\\\/\\\/myperfectdog.lv\\\/izglitojosi\\\/\"},{\"@type\":\"ListItem\",\"position\":3,\"name\":\"Su\u0146i un dominance &#8211; kas t\u0101 ir un kas nav?\"}]},{\"@type\":\"WebSite\",\"@id\":\"https:\\\/\\\/myperfectdog.lv\\\/#website\",\"url\":\"https:\\\/\\\/myperfectdog.lv\\\/\",\"name\":\"MyPerfectDog.lv\",\"description\":\"Su\u0146u un saimnieku skola\",\"publisher\":{\"@id\":\"https:\\\/\\\/myperfectdog.lv\\\/#organization\"},\"potentialAction\":[{\"@type\":\"SearchAction\",\"target\":{\"@type\":\"EntryPoint\",\"urlTemplate\":\"https:\\\/\\\/myperfectdog.lv\\\/?s={search_term_string}\"},\"query-input\":{\"@type\":\"PropertyValueSpecification\",\"valueRequired\":true,\"valueName\":\"search_term_string\"}}],\"inLanguage\":\"en-GB\"},{\"@type\":\"Organization\",\"@id\":\"https:\\\/\\\/myperfectdog.lv\\\/#organization\",\"name\":\"Su\u0146u & saimnieku skola \\\"My Perfect Dog\\\"\",\"url\":\"https:\\\/\\\/myperfectdog.lv\\\/\",\"logo\":{\"@type\":\"ImageObject\",\"inLanguage\":\"en-GB\",\"@id\":\"https:\\\/\\\/myperfectdog.lv\\\/#\\\/schema\\\/logo\\\/image\\\/\",\"url\":\"https:\\\/\\\/myperfectdog.lv\\\/wp-content\\\/uploads\\\/2020\\\/10\\\/MyPerfectDog-New-logo_peach_plakans.png\",\"contentUrl\":\"https:\\\/\\\/myperfectdog.lv\\\/wp-content\\\/uploads\\\/2020\\\/10\\\/MyPerfectDog-New-logo_peach_plakans.png\",\"width\":1200,\"height\":636,\"caption\":\"Su\u0146u & saimnieku skola \\\"My Perfect Dog\\\"\"},\"image\":{\"@id\":\"https:\\\/\\\/myperfectdog.lv\\\/#\\\/schema\\\/logo\\\/image\\\/\"}}]}<\/script>\n<!-- \/ Yoast SEO plugin. -->","yoast_head_json":{"title":"Su\u0146i un dominance - kas t\u0101 ir un kas nav? | MyPerfectDog.lv","robots":{"index":"index","follow":"follow","max-snippet":"max-snippet:-1","max-image-preview":"max-image-preview:large","max-video-preview":"max-video-preview:-1"},"canonical":"https:\/\/myperfectdog.lv\/en\/izglitojosi\/suni-un-dominance\/","og_locale":"en_GB","og_type":"article","og_title":"Su\u0146i un dominance - kas t\u0101 ir un kas nav? | MyPerfectDog.lv","og_description":"Kas ir un kas nav dominance su\u0146os? Zin\u0101tnes pasaul\u0113 jau sen ir pier\u0101d\u012bts, ka dominances teorijas izmanto\u0161anai su\u0146u apm\u0101c\u012bb\u0101 nav nek\u0101da pamatojuma, tom\u0113r, neskatoties uz to, dominances teorija un t\u0101s pielieto\u0161ana su\u0146u apm\u0101c\u012bb\u0101 ir viena no t\u0113m\u0101m, kas su\u0146u treneru un saimnieku vid\u016b joproj\u0101m rada visas\u0101k\u0101s diskusijas. \u0160ai rakst\u0101 \u012bsum\u0101 apskat\u012bsim to, k\u0101 v\u0101rds &#8220;dominance&#8221;&hellip;","og_url":"https:\/\/myperfectdog.lv\/en\/izglitojosi\/suni-un-dominance\/","og_site_name":"MyPerfectDog.lv","article_modified_time":"2024-08-08T13:43:57+00:00","og_image":[{"url":"https:\/\/myperfectdog.lv\/wp-content\/uploads\/2020\/10\/MyPerfectDog-New-logo_peach_plakans.png","type":"","width":"","height":""}],"twitter_card":"summary_large_image","twitter_misc":{"Estimated reading time":"8 minutes"},"schema":{"@context":"https:\/\/schema.org","@graph":[{"@type":"WebPage","@id":"https:\/\/myperfectdog.lv\/izglitojosi\/suni-un-dominance\/","url":"https:\/\/myperfectdog.lv\/izglitojosi\/suni-un-dominance\/","name":"Su\u0146i un dominance - kas t\u0101 ir un kas nav? | MyPerfectDog.lv","isPartOf":{"@id":"https:\/\/myperfectdog.lv\/#website"},"primaryImageOfPage":{"@id":"https:\/\/myperfectdog.lv\/izglitojosi\/suni-un-dominance\/#primaryimage"},"image":{"@id":"https:\/\/myperfectdog.lv\/izglitojosi\/suni-un-dominance\/#primaryimage"},"thumbnailUrl":"https:\/\/myperfectdog.lv\/wp-content\/uploads\/2020\/10\/MyPerfectDog-New-logo_peach_plakans.png","datePublished":"2022-05-06T10:27:07+00:00","dateModified":"2024-08-08T13:43:57+00:00","breadcrumb":{"@id":"https:\/\/myperfectdog.lv\/izglitojosi\/suni-un-dominance\/#breadcrumb"},"inLanguage":"en-GB","potentialAction":[{"@type":"ReadAction","target":["https:\/\/myperfectdog.lv\/izglitojosi\/suni-un-dominance\/"]}]},{"@type":"ImageObject","inLanguage":"en-GB","@id":"https:\/\/myperfectdog.lv\/izglitojosi\/suni-un-dominance\/#primaryimage","url":"https:\/\/myperfectdog.lv\/wp-content\/uploads\/2020\/10\/MyPerfectDog-New-logo_peach_plakans.png","contentUrl":"https:\/\/myperfectdog.lv\/wp-content\/uploads\/2020\/10\/MyPerfectDog-New-logo_peach_plakans.png"},{"@type":"BreadcrumbList","@id":"https:\/\/myperfectdog.lv\/izglitojosi\/suni-un-dominance\/#breadcrumb","itemListElement":[{"@type":"ListItem","position":1,"name":"Home","item":"https:\/\/myperfectdog.lv\/"},{"@type":"ListItem","position":2,"name":"Izgl\u012btojo\u0161i materi\u0101li","item":"https:\/\/myperfectdog.lv\/izglitojosi\/"},{"@type":"ListItem","position":3,"name":"Su\u0146i un dominance &#8211; kas t\u0101 ir un kas nav?"}]},{"@type":"WebSite","@id":"https:\/\/myperfectdog.lv\/#website","url":"https:\/\/myperfectdog.lv\/","name":"MyPerfectDog.lv","description":"Su\u0146u un saimnieku skola","publisher":{"@id":"https:\/\/myperfectdog.lv\/#organization"},"potentialAction":[{"@type":"SearchAction","target":{"@type":"EntryPoint","urlTemplate":"https:\/\/myperfectdog.lv\/?s={search_term_string}"},"query-input":{"@type":"PropertyValueSpecification","valueRequired":true,"valueName":"search_term_string"}}],"inLanguage":"en-GB"},{"@type":"Organization","@id":"https:\/\/myperfectdog.lv\/#organization","name":"Su\u0146u & saimnieku skola \"My Perfect Dog\"","url":"https:\/\/myperfectdog.lv\/","logo":{"@type":"ImageObject","inLanguage":"en-GB","@id":"https:\/\/myperfectdog.lv\/#\/schema\/logo\/image\/","url":"https:\/\/myperfectdog.lv\/wp-content\/uploads\/2020\/10\/MyPerfectDog-New-logo_peach_plakans.png","contentUrl":"https:\/\/myperfectdog.lv\/wp-content\/uploads\/2020\/10\/MyPerfectDog-New-logo_peach_plakans.png","width":1200,"height":636,"caption":"Su\u0146u & saimnieku skola \"My Perfect Dog\""},"image":{"@id":"https:\/\/myperfectdog.lv\/#\/schema\/logo\/image\/"}}]}},"jetpack_sharing_enabled":true,"_links":{"self":[{"href":"https:\/\/myperfectdog.lv\/en\/wp-json\/wp\/v2\/pages\/4137","targetHints":{"allow":["GET"]}}],"collection":[{"href":"https:\/\/myperfectdog.lv\/en\/wp-json\/wp\/v2\/pages"}],"about":[{"href":"https:\/\/myperfectdog.lv\/en\/wp-json\/wp\/v2\/types\/page"}],"author":[{"embeddable":true,"href":"https:\/\/myperfectdog.lv\/en\/wp-json\/wp\/v2\/users\/1"}],"replies":[{"embeddable":true,"href":"https:\/\/myperfectdog.lv\/en\/wp-json\/wp\/v2\/comments?post=4137"}],"version-history":[{"count":0,"href":"https:\/\/myperfectdog.lv\/en\/wp-json\/wp\/v2\/pages\/4137\/revisions"}],"up":[{"embeddable":true,"href":"https:\/\/myperfectdog.lv\/en\/wp-json\/wp\/v2\/pages\/2210"}],"wp:attachment":[{"href":"https:\/\/myperfectdog.lv\/en\/wp-json\/wp\/v2\/media?parent=4137"}],"curies":[{"name":"wp","href":"https:\/\/api.w.org\/{rel}","templated":true}]}}