{"id":4149,"date":"2022-05-16T02:37:45","date_gmt":"2022-05-16T00:37:45","guid":{"rendered":"https:\/\/myperfectdog.lv\/?page_id=4149"},"modified":"2024-08-08T08:06:56","modified_gmt":"2024-08-08T06:06:56","slug":"kucena-pirmas-dienas-majas","status":"publish","type":"page","link":"https:\/\/myperfectdog.lv\/en\/izglitojosi\/kucena-pirmas-dienas-majas\/","title":{"rendered":"Kuc\u0113na socializ\u0101cija un pirm\u0101s dienas m\u0101j\u0101s"},"content":{"rendered":"<a href=\"https:\/\/myperfectdog.lv\/en\/\" target=\"_self\" itemprop=\"url\" rel=\"noopener\">\n\t\t\t\t<img decoding=\"async\" src=\"https:\/\/myperfectdog.lv\/wp-content\/uploads\/2020\/10\/MyPerfectDog-New-logo_peach_plakans.png\" alt=\"MyPerfectDog-New-logo_peach_plakans\" itemprop=\"image\" title=\"MyPerfectDog-New-logo_peach_plakans\" onerror=\"this.style.display='none'\"  \/>\n\t\t\t\t<\/a>\n\t\t\t\t<img decoding=\"async\" src=\"https:\/\/myperfectdog.lv\/wp-content\/uploads\/2020\/10\/MyPerfectDog-New-logo_peach_plakans.png\" alt=\"MyPerfectDog-New-logo_peach_plakans\" itemprop=\"image\" title=\"MyPerfectDog-New-logo_peach_plakans\" onerror=\"this.style.display='none'\"  \/>\n<h2>\n\t\tKuc\u0113nu socializ\u0101cija &#8211; do\u0161an\u0101s uz jaunaj\u0101m m\u0101j\u0101m un pirm\u0101s dienas kop\u0101\n\t<\/h2>\n\t<p>Kad esi pie\u0146\u0113mis lielo un atbild\u012bgo l\u0113mumu m\u0101j\u0101s vest kuc\u0113nu, ir svar\u012bgi zin\u0101t vair\u0101kas lietas, lai j\u016bsu kopdz\u012bve s\u0101ktu veidoties pozit\u012bvi jau no pirm\u0101s dienas. Viena no \u0161\u012bm liet\u0101m ir kuc\u0113nu socializ\u0101cija. \u0160ai rakst\u0101 past\u0101st\u012bsim par pirmo kuc\u0113na socializ\u0101cijas soli &#8211; kuc\u0113na ve\u0161anu m\u0101j\u0101s un ieju\u0161anos jaunaj\u0101 dz\u012bvesviet\u0101.\u00a0<\/p>\n\t\t\t\t<img decoding=\"async\" src=\"https:\/\/myperfectdog.lv\/wp-content\/uploads\/2022\/05\/pexels-daniel-bendig-846083.jpg\" alt=\"pexels-daniel-bendig-846083\" itemprop=\"image\" title=\"pexels-daniel-bendig-846083\" onerror=\"this.style.display='none'\"  \/>\n\t<p>Dz\u012bves s\u0101kum\u0101 par to, k\u0101 kuc\u0113ns izzina pasauli, ir atbild\u012bga vi\u0146a mamma. P\u0113c tam, kad kuc\u0113ns ir non\u0101cis pie jaunajiem saimniekiem, \u0161\u012b loma ir j\u0101uz\u0146emas vi\u0146iem. Lai socializ\u0101cija p\u0113c kuc\u0113na no\u0161\u0137ir\u0161anas no mammas turpin\u0101tos veiksm\u012bgi, saimniekam ir svar\u012bgi saprast <a href=\"https:\/\/myperfectdog.lv\/en\/izglitojosi-raksti\/suna-dabiskas-pamatvajadzibas\/\">su\u0146a dabisk\u0101s pamatvajadz\u012bbas<\/a>, <a href=\"https:\/\/myperfectdog.lv\/en\/product\/divas-izglitojosas-lekcijas-toposajiem-un-esosajiem-sunu-saimniekiem\/\">\u0137erme\u0146a valodu<\/a>, k\u0101 ar\u012b to, ka socializ\u0113\u0161ana ir j\u0101veic pak\u0101peniski, iev\u0113rojot su\u0146a limitus (sasteigta socializ\u0101cija var novest pie pret\u0113j\u0101 efekta gaid\u012btajam &#8211; kuc\u0113ns paliks nevis aizvien dro\u0161\u0101ks, bet gan bail\u012bg\u0101ks!). Limitus saprast pal\u012bdz\u0113s jau piemin\u0113t\u0101 <a href=\"https:\/\/myperfectdog.lv\/en\/product\/divas-izglitojosas-lekcijas-toposajiem-un-esosajiem-sunu-saimniekiem\/\">\u0137erme\u0146a valoda<\/a>, par ko ir atrodami da\u017e\u0101di inform\u0101cijas avoti &#8211; gan gr\u0101matas (piem\u0113ram, gr\u0101mata ang\u013cu valod\u0101 <i>Turid Rugaas &#8220;On Talking Terms With Dogs&#8221;<\/i>), gan ar\u012b m\u016bsu &#8211; su\u0146u &amp; saimnieku skolas &#8220;My Perfect Dog&#8221; &#8211; izveidotas teorijas nodarb\u012bbas, kas sast\u0101v no 2 da\u013c\u0101m (latvie\u0161u valod\u0101, katra ap 2h ilga). <a href=\"https:\/\/myperfectdog.lv\/en\/product\/divas-izglitojosas-lekcijas-toposajiem-un-esosajiem-sunu-saimniekiem\/\">\u0160\u012bs divas teor\u0113tisk\u0101s lekcijas vari ieg\u0101d\u0101ties ieraksta form\u0101t\u0101, rakstot \u0161eit!<\/a><\/p>\n<h4>\n\t\t\u012asum\u0101 par to, kas j\u0101\u0146em v\u0113r\u0101, vedot kuc\u0113nu m\u0101j\u0101s un pavadot kop\u0101 pirm\u0101s dienas jaunaj\u0101s m\u0101j\u0101s:\n\t<\/h4>\n\t<ul>\n<li aria-level=\"1\">Ja tas ir iesp\u0113jams, pirms ve\u0161anas m\u0101j\u0101s b\u016btu v\u0113lams braukt ar kuc\u0113nu <b>iepaz\u012bties vair\u0101kas reizes<\/b>. Ja kuc\u0113ns ar jaunajiem saimniekiem jau b\u016bs paz\u012bstams, tas padar\u012bs piera\u0161anu pie p\u0101rmai\u0146\u0101m viegl\u0101ku.\u00a0<\/li>\n<\/ul>\n\t<ul>\n<li aria-level=\"1\">V\u0113lams no kuc\u0113na iepriek\u0161\u0113j\u0101s dz\u012bvesvietas (audz\u0113t\u0101ja, patversmes) <b>pa\u0146emt l\u012bdzi k\u0101du<\/b> <b>kuc\u0113na sedzi\u0146u vai manti\u0146u<\/b>. Ar\u012b tas pal\u012bdz\u0113s sajusties dro\u0161\u0101k jaunaj\u0101s m\u0101j\u0101s. Pa\u0146emto priek\u0161metu s\u0101kum\u0101 noteikti nevajag mazg\u0101t, lai uz t\u0101 saglab\u0101jas kuc\u0113nam pierast\u0101 smar\u017ea.<\/li>\n<\/ul>\n\t<ul>\n<li aria-level=\"1\">Ma\u0161\u012bn\u0101 kuc\u0113nu lab\u0101k <b>tur\u0113t kl\u0113p\u012b vai vismaz sav\u0101 tuvum\u0101<\/b> un nodro\u0161in\u0101t <b>\u0113rtu, m\u012bkstu un siltu s\u0113d\u0113\u0161anas\/gul\u0113\u0161anas vietu<\/b> (segu vai su\u0146a gulti\u0146u). Ja kuc\u0113nu uzreiz ieliksiet b\u016br\u012b bag\u0101\u017eniek\u0101, tas var rad\u012bt papildus stresu.\u00a0<\/li>\n<\/ul>\n\t<ul>\n<li>Stresa mazin\u0101\u0161anai automa\u0161\u012bn\u0101 var izsmidzin\u0101t su\u0146iem <b>paredz\u0113to nomierino\u0161o feromonu aerosolu<\/b> (dif\u016bzera veid\u0101 to var lietot ar\u012b m\u0101j\u0101s adapt\u0101cijas period\u0101).\u00a0<\/li>\n<\/ul>\n\t<ul>\n<li>Pirms kuc\u0113na ieve\u0161anas m\u0101j\u0101s v\u0113rt\u012bg\u0101s (piem\u0113ram, d\u0101rgas kurpes, somas) un kuc\u0113nam b\u012bstam\u0101s lietas (piem\u0113ram, ind\u012bgus augus, asus priek\u0161metus) <b>j\u0101noliek nepieejam\u0101 viet\u0101<\/b>. <\/li>\n<\/ul>\n\t<ul>\n<li>Kuc\u0113nam <b>j\u0101\u013cauj jaun\u0101 m\u0101jvieta iepaz\u012bt pa\u0161am<\/b> &#8211; ost\u012bties, pas\u0113d\u0113t, nogulties, kur vi\u0146am lab\u0101k gribas. Ja ir k\u0101da vieta, kur suni noteikti nev\u0113lies laist, to vajadz\u0113tu padar\u012bt nepieejamu jau iepriek\u0161. <\/li>\n<\/ul>\n\t<ul>\n<li aria-level=\"1\">Pirmaj\u0101s dien\u0101s kuc\u0113nam ir <b>j\u0101nodro\u0161ina miers<\/b>. Nevajag kuc\u0113nu mazg\u0101t vai pak\u013caut cit\u0101m iesp\u0113jami satrauco\u0161\u0101m manipul\u0101cij\u0101m.\u00a0<\/li>\n<\/ul>\n\t<ul>\n<li aria-level=\"1\">Svar\u012bgi kuc\u0113nu pirmaj\u0101s dien\u0101s <b>neatst\u0101t m\u0101j\u0101s vienu<\/b>. Suns ir soci\u0101ls dz\u012bvnieks, un vi\u0146am ir j\u0101m\u0101ca palikt vienam, turkl\u0101t tas j\u0101dara \u013coti pak\u0101peniski. Pak\u0101peniskuma neiev\u0113ro\u0161ana var novest pie at\u0161\u0137irt\u012bbas sindroma izveido\u0161an\u0101s.<\/li>\n<\/ul>\n\t<ul>\n<li aria-level=\"1\">Saimnieka galvenais uzdevums pirmaj\u0101s dien\u0101s &#8211; <b>v\u0113rot kuc\u0113nu<\/b>. Skat\u012bties, kas vi\u0146am pat\u012bk un kas &#8211; nepat\u012bk. Cik dro\u0161i vai nedro\u0161i vi\u0146\u0161 j\u016btas. Visi nov\u0113rojumi noder\u0113s v\u0113l\u0101kaj\u0101 socializ\u0101cijas proces\u0101 un apm\u0101c\u012bb\u0101.\u00a0\u00a0<\/li>\n<\/ul>\n\t<ul>\n<li aria-level=\"1\">Ja kuc\u0113ns j\u016btas gana dro\u0161i, vari s\u0101kt ar vi\u0146u ar\u012b <b>sp\u0113l\u0113ties,<\/b> piem\u0113ram, izmantojot garen\u0101s virves tipa mantas. Ta\u010du b\u016btu svar\u012bgi nodro\u0161in\u0101t ar\u012b t\u0101das rota\u013clietas, ar kur\u0101m kuc\u0113ns var dro\u0161i sp\u0113l\u0113ties pats, bez saimnieka iesaistes (piem\u0113ram, kongi, \u0113diena bumbas u.t.t. &#8211; galvenais, lai mantas nav viegli sagrau\u017eamas, norijamas). \u0160\u0101das mantas pal\u012bdz\u0113s kuc\u0113nam pak\u0101peniski k\u013c\u016bt patst\u0101v\u012bg\u0101kam, darboties sav\u0101 nodab\u0101.\u00a0<\/li>\n<\/ul>\n\t<ul>\n<li>Galvenais atceries &#8211; <b>nesal\u012bdzini savu kuc\u0113nu ar citiem.<\/b> Katrs suns ir individu\u0101ls, ar savu raksturu un temperamentu. Tas, cik \u0101tri kuc\u0113ns iejut\u012bsies jaunaj\u0101s m\u0101j\u0101s, b\u016bs liel\u0101 m\u0113r\u0101 atkar\u012bgs no vi\u0146a individu\u0101laj\u0101m iez\u012bm\u0113m (pa\u0161p\u0101rliecin\u0101t\u012bbas, optimisma). <b>Neuztraucies, ja tas nenotiek tik strauji, k\u0101 biji iecer\u0113jis!\u00a0<\/b><\/li>\n<\/ul>\n\t<p><strong>Par &#8220;My Perfect Dog&#8221;<\/strong><\/p>\n<p>&#8220;My Perfect Dog&#8221; ir z\u012bmols, kas reprezent\u0113 ikvienu suni &#8211; jo ikviens suns ir perfekts, it \u012bpa\u0161i sava m\u012b\u013c\u0101 saimnieka ac\u012bs!<\/p>\n<p>Z\u012bmols &#8220;My Perfect Dog&#8221; pied\u0101v\u0101 su\u0146u un to saimnieku apm\u0101c\u012bbu, su\u0146u uzved\u012bbas konsult\u0101cijas, semin\u0101rus saimniekiem, k\u0101 ar\u012b su\u0146u pieskat\u012b\u0161anas pakalpojumus, ja dodaties atva\u013cin\u0101jum\u0101 un Jums j\u016bsu m\u012bluli nav kam atst\u0101t uz pien\u0101c\u012bgu apr\u016bpi.<\/p>\n\t<p><strong>Kategorijas<\/strong><\/p>\n<p><a href=\"https:\/\/myperfectdog.lv\/en\/apmacibu-piedavajums\/\">Apm\u0101c\u012bbu pied\u0101v\u0101jums<\/a><\/p>\n<p><a href=\"hhttps:\/\/myperfectdog.lv\/izglitojosi-raksti\/\">Izgl\u012btojo\u0161i materi\u0101li<\/a><\/p>\n<p><a href=\"https:\/\/myperfectdog.lv\/en\/kontakti\/\">Kontakti<\/a><\/p>\n<p><a href=\"https:\/\/myperfectdog.lv\/en\/manifests\/\">M\u016aSU MANIFESTS<\/a><\/p>\n\t<p><strong>Sazi\u0146ai<\/strong><\/p>\n<p>Su\u0146u apm\u0101c\u012bbas treneres &amp; uzved\u012bbas speci\u0101listes L\u012bgas tel.nr. <\/p>\n<p>+371 26488490<\/p>\n\t<p><strong>Seko &#8220;My Perfect Dog&#8221;<\/strong><\/p>","protected":false},"excerpt":{"rendered":"<p>Kuc\u0113nu socializ\u0101cija &#8211; do\u0161an\u0101s uz jaunaj\u0101m m\u0101j\u0101m un pirm\u0101s dienas kop\u0101 Kad esi pie\u0146\u0113mis lielo un atbild\u012bgo l\u0113mumu m\u0101j\u0101s vest kuc\u0113nu, ir svar\u012bgi zin\u0101t vair\u0101kas lietas, lai j\u016bsu kopdz\u012bve s\u0101ktu veidoties pozit\u012bvi jau no pirm\u0101s dienas. Viena no \u0161\u012bm liet\u0101m ir kuc\u0113nu socializ\u0101cija. \u0160ai rakst\u0101 past\u0101st\u012bsim par pirmo kuc\u0113na socializ\u0101cijas soli &#8211; kuc\u0113na ve\u0161anu m\u0101j\u0101s&hellip;<\/p>","protected":false},"author":1,"featured_media":0,"parent":2210,"menu_order":1,"comment_status":"closed","ping_status":"closed","template":"","meta":{"footnotes":""},"class_list":["post-4149","page","type-page","status-publish","hentry"],"yoast_head":"<!-- This site is optimized with the Yoast SEO plugin v27.5 - https:\/\/yoast.com\/product\/yoast-seo-wordpress\/ -->\n<title>Kuc\u0113na socializ\u0101cija un pirm\u0101s dienas m\u0101j\u0101s | MyPerfectDog.lv<\/title>\n<meta name=\"robots\" content=\"index, follow, max-snippet:-1, max-image-preview:large, max-video-preview:-1\" \/>\n<link rel=\"canonical\" href=\"https:\/\/myperfectdog.lv\/en\/izglitojosi\/kucena-pirmas-dienas-majas\/\" \/>\n<meta property=\"og:locale\" content=\"en_GB\" \/>\n<meta property=\"og:type\" content=\"article\" \/>\n<meta property=\"og:title\" content=\"Kuc\u0113na socializ\u0101cija un pirm\u0101s dienas m\u0101j\u0101s | MyPerfectDog.lv\" \/>\n<meta property=\"og:description\" content=\"Kuc\u0113nu socializ\u0101cija &#8211; do\u0161an\u0101s uz jaunaj\u0101m m\u0101j\u0101m un pirm\u0101s dienas kop\u0101 Kad esi pie\u0146\u0113mis lielo un atbild\u012bgo l\u0113mumu m\u0101j\u0101s vest kuc\u0113nu, ir svar\u012bgi zin\u0101t vair\u0101kas lietas, lai j\u016bsu kopdz\u012bve s\u0101ktu veidoties pozit\u012bvi jau no pirm\u0101s dienas. Viena no \u0161\u012bm liet\u0101m ir kuc\u0113nu socializ\u0101cija. \u0160ai rakst\u0101 past\u0101st\u012bsim par pirmo kuc\u0113na socializ\u0101cijas soli &#8211; kuc\u0113na ve\u0161anu m\u0101j\u0101s&hellip;\" \/>\n<meta property=\"og:url\" content=\"https:\/\/myperfectdog.lv\/en\/izglitojosi\/kucena-pirmas-dienas-majas\/\" \/>\n<meta property=\"og:site_name\" content=\"MyPerfectDog.lv\" \/>\n<meta property=\"article:modified_time\" content=\"2024-08-08T06:06:56+00:00\" \/>\n<meta property=\"og:image\" content=\"https:\/\/myperfectdog.lv\/wp-content\/uploads\/2020\/10\/MyPerfectDog-New-logo_peach_plakans.png\" \/>\n<meta name=\"twitter:card\" content=\"summary_large_image\" \/>\n<meta name=\"twitter:label1\" content=\"Estimated reading time\" \/>\n\t<meta name=\"twitter:data1\" content=\"4 minutes\" \/>\n<script type=\"application\/ld+json\" class=\"yoast-schema-graph\">{\"@context\":\"https:\\\/\\\/schema.org\",\"@graph\":[{\"@type\":\"WebPage\",\"@id\":\"https:\\\/\\\/myperfectdog.lv\\\/izglitojosi\\\/kucena-pirmas-dienas-majas\\\/\",\"url\":\"https:\\\/\\\/myperfectdog.lv\\\/izglitojosi\\\/kucena-pirmas-dienas-majas\\\/\",\"name\":\"Kuc\u0113na socializ\u0101cija un pirm\u0101s dienas m\u0101j\u0101s | MyPerfectDog.lv\",\"isPartOf\":{\"@id\":\"https:\\\/\\\/myperfectdog.lv\\\/#website\"},\"primaryImageOfPage\":{\"@id\":\"https:\\\/\\\/myperfectdog.lv\\\/izglitojosi\\\/kucena-pirmas-dienas-majas\\\/#primaryimage\"},\"image\":{\"@id\":\"https:\\\/\\\/myperfectdog.lv\\\/izglitojosi\\\/kucena-pirmas-dienas-majas\\\/#primaryimage\"},\"thumbnailUrl\":\"https:\\\/\\\/myperfectdog.lv\\\/wp-content\\\/uploads\\\/2020\\\/10\\\/MyPerfectDog-New-logo_peach_plakans.png\",\"datePublished\":\"2022-05-16T00:37:45+00:00\",\"dateModified\":\"2024-08-08T06:06:56+00:00\",\"breadcrumb\":{\"@id\":\"https:\\\/\\\/myperfectdog.lv\\\/izglitojosi\\\/kucena-pirmas-dienas-majas\\\/#breadcrumb\"},\"inLanguage\":\"en-GB\",\"potentialAction\":[{\"@type\":\"ReadAction\",\"target\":[\"https:\\\/\\\/myperfectdog.lv\\\/izglitojosi\\\/kucena-pirmas-dienas-majas\\\/\"]}]},{\"@type\":\"ImageObject\",\"inLanguage\":\"en-GB\",\"@id\":\"https:\\\/\\\/myperfectdog.lv\\\/izglitojosi\\\/kucena-pirmas-dienas-majas\\\/#primaryimage\",\"url\":\"https:\\\/\\\/myperfectdog.lv\\\/wp-content\\\/uploads\\\/2020\\\/10\\\/MyPerfectDog-New-logo_peach_plakans.png\",\"contentUrl\":\"https:\\\/\\\/myperfectdog.lv\\\/wp-content\\\/uploads\\\/2020\\\/10\\\/MyPerfectDog-New-logo_peach_plakans.png\"},{\"@type\":\"BreadcrumbList\",\"@id\":\"https:\\\/\\\/myperfectdog.lv\\\/izglitojosi\\\/kucena-pirmas-dienas-majas\\\/#breadcrumb\",\"itemListElement\":[{\"@type\":\"ListItem\",\"position\":1,\"name\":\"Home\",\"item\":\"https:\\\/\\\/myperfectdog.lv\\\/\"},{\"@type\":\"ListItem\",\"position\":2,\"name\":\"Izgl\u012btojo\u0161i materi\u0101li\",\"item\":\"https:\\\/\\\/myperfectdog.lv\\\/izglitojosi\\\/\"},{\"@type\":\"ListItem\",\"position\":3,\"name\":\"Kuc\u0113na socializ\u0101cija un pirm\u0101s dienas m\u0101j\u0101s\"}]},{\"@type\":\"WebSite\",\"@id\":\"https:\\\/\\\/myperfectdog.lv\\\/#website\",\"url\":\"https:\\\/\\\/myperfectdog.lv\\\/\",\"name\":\"MyPerfectDog.lv\",\"description\":\"Su\u0146u un saimnieku skola\",\"publisher\":{\"@id\":\"https:\\\/\\\/myperfectdog.lv\\\/#organization\"},\"potentialAction\":[{\"@type\":\"SearchAction\",\"target\":{\"@type\":\"EntryPoint\",\"urlTemplate\":\"https:\\\/\\\/myperfectdog.lv\\\/?s={search_term_string}\"},\"query-input\":{\"@type\":\"PropertyValueSpecification\",\"valueRequired\":true,\"valueName\":\"search_term_string\"}}],\"inLanguage\":\"en-GB\"},{\"@type\":\"Organization\",\"@id\":\"https:\\\/\\\/myperfectdog.lv\\\/#organization\",\"name\":\"Su\u0146u & saimnieku skola \\\"My Perfect Dog\\\"\",\"url\":\"https:\\\/\\\/myperfectdog.lv\\\/\",\"logo\":{\"@type\":\"ImageObject\",\"inLanguage\":\"en-GB\",\"@id\":\"https:\\\/\\\/myperfectdog.lv\\\/#\\\/schema\\\/logo\\\/image\\\/\",\"url\":\"https:\\\/\\\/myperfectdog.lv\\\/wp-content\\\/uploads\\\/2020\\\/10\\\/MyPerfectDog-New-logo_peach_plakans.png\",\"contentUrl\":\"https:\\\/\\\/myperfectdog.lv\\\/wp-content\\\/uploads\\\/2020\\\/10\\\/MyPerfectDog-New-logo_peach_plakans.png\",\"width\":1200,\"height\":636,\"caption\":\"Su\u0146u & saimnieku skola \\\"My Perfect Dog\\\"\"},\"image\":{\"@id\":\"https:\\\/\\\/myperfectdog.lv\\\/#\\\/schema\\\/logo\\\/image\\\/\"}}]}<\/script>\n<!-- \/ Yoast SEO plugin. -->","yoast_head_json":{"title":"Kuc\u0113na socializ\u0101cija un pirm\u0101s dienas m\u0101j\u0101s | MyPerfectDog.lv","robots":{"index":"index","follow":"follow","max-snippet":"max-snippet:-1","max-image-preview":"max-image-preview:large","max-video-preview":"max-video-preview:-1"},"canonical":"https:\/\/myperfectdog.lv\/en\/izglitojosi\/kucena-pirmas-dienas-majas\/","og_locale":"en_GB","og_type":"article","og_title":"Kuc\u0113na socializ\u0101cija un pirm\u0101s dienas m\u0101j\u0101s | MyPerfectDog.lv","og_description":"Kuc\u0113nu socializ\u0101cija &#8211; do\u0161an\u0101s uz jaunaj\u0101m m\u0101j\u0101m un pirm\u0101s dienas kop\u0101 Kad esi pie\u0146\u0113mis lielo un atbild\u012bgo l\u0113mumu m\u0101j\u0101s vest kuc\u0113nu, ir svar\u012bgi zin\u0101t vair\u0101kas lietas, lai j\u016bsu kopdz\u012bve s\u0101ktu veidoties pozit\u012bvi jau no pirm\u0101s dienas. Viena no \u0161\u012bm liet\u0101m ir kuc\u0113nu socializ\u0101cija. \u0160ai rakst\u0101 past\u0101st\u012bsim par pirmo kuc\u0113na socializ\u0101cijas soli &#8211; kuc\u0113na ve\u0161anu m\u0101j\u0101s&hellip;","og_url":"https:\/\/myperfectdog.lv\/en\/izglitojosi\/kucena-pirmas-dienas-majas\/","og_site_name":"MyPerfectDog.lv","article_modified_time":"2024-08-08T06:06:56+00:00","og_image":[{"url":"https:\/\/myperfectdog.lv\/wp-content\/uploads\/2020\/10\/MyPerfectDog-New-logo_peach_plakans.png","type":"","width":"","height":""}],"twitter_card":"summary_large_image","twitter_misc":{"Estimated reading time":"4 minutes"},"schema":{"@context":"https:\/\/schema.org","@graph":[{"@type":"WebPage","@id":"https:\/\/myperfectdog.lv\/izglitojosi\/kucena-pirmas-dienas-majas\/","url":"https:\/\/myperfectdog.lv\/izglitojosi\/kucena-pirmas-dienas-majas\/","name":"Kuc\u0113na socializ\u0101cija un pirm\u0101s dienas m\u0101j\u0101s | MyPerfectDog.lv","isPartOf":{"@id":"https:\/\/myperfectdog.lv\/#website"},"primaryImageOfPage":{"@id":"https:\/\/myperfectdog.lv\/izglitojosi\/kucena-pirmas-dienas-majas\/#primaryimage"},"image":{"@id":"https:\/\/myperfectdog.lv\/izglitojosi\/kucena-pirmas-dienas-majas\/#primaryimage"},"thumbnailUrl":"https:\/\/myperfectdog.lv\/wp-content\/uploads\/2020\/10\/MyPerfectDog-New-logo_peach_plakans.png","datePublished":"2022-05-16T00:37:45+00:00","dateModified":"2024-08-08T06:06:56+00:00","breadcrumb":{"@id":"https:\/\/myperfectdog.lv\/izglitojosi\/kucena-pirmas-dienas-majas\/#breadcrumb"},"inLanguage":"en-GB","potentialAction":[{"@type":"ReadAction","target":["https:\/\/myperfectdog.lv\/izglitojosi\/kucena-pirmas-dienas-majas\/"]}]},{"@type":"ImageObject","inLanguage":"en-GB","@id":"https:\/\/myperfectdog.lv\/izglitojosi\/kucena-pirmas-dienas-majas\/#primaryimage","url":"https:\/\/myperfectdog.lv\/wp-content\/uploads\/2020\/10\/MyPerfectDog-New-logo_peach_plakans.png","contentUrl":"https:\/\/myperfectdog.lv\/wp-content\/uploads\/2020\/10\/MyPerfectDog-New-logo_peach_plakans.png"},{"@type":"BreadcrumbList","@id":"https:\/\/myperfectdog.lv\/izglitojosi\/kucena-pirmas-dienas-majas\/#breadcrumb","itemListElement":[{"@type":"ListItem","position":1,"name":"Home","item":"https:\/\/myperfectdog.lv\/"},{"@type":"ListItem","position":2,"name":"Izgl\u012btojo\u0161i materi\u0101li","item":"https:\/\/myperfectdog.lv\/izglitojosi\/"},{"@type":"ListItem","position":3,"name":"Kuc\u0113na socializ\u0101cija un pirm\u0101s dienas m\u0101j\u0101s"}]},{"@type":"WebSite","@id":"https:\/\/myperfectdog.lv\/#website","url":"https:\/\/myperfectdog.lv\/","name":"MyPerfectDog.lv","description":"Su\u0146u un saimnieku skola","publisher":{"@id":"https:\/\/myperfectdog.lv\/#organization"},"potentialAction":[{"@type":"SearchAction","target":{"@type":"EntryPoint","urlTemplate":"https:\/\/myperfectdog.lv\/?s={search_term_string}"},"query-input":{"@type":"PropertyValueSpecification","valueRequired":true,"valueName":"search_term_string"}}],"inLanguage":"en-GB"},{"@type":"Organization","@id":"https:\/\/myperfectdog.lv\/#organization","name":"Su\u0146u & saimnieku skola \"My Perfect Dog\"","url":"https:\/\/myperfectdog.lv\/","logo":{"@type":"ImageObject","inLanguage":"en-GB","@id":"https:\/\/myperfectdog.lv\/#\/schema\/logo\/image\/","url":"https:\/\/myperfectdog.lv\/wp-content\/uploads\/2020\/10\/MyPerfectDog-New-logo_peach_plakans.png","contentUrl":"https:\/\/myperfectdog.lv\/wp-content\/uploads\/2020\/10\/MyPerfectDog-New-logo_peach_plakans.png","width":1200,"height":636,"caption":"Su\u0146u & saimnieku skola \"My Perfect Dog\""},"image":{"@id":"https:\/\/myperfectdog.lv\/#\/schema\/logo\/image\/"}}]}},"jetpack_sharing_enabled":true,"_links":{"self":[{"href":"https:\/\/myperfectdog.lv\/en\/wp-json\/wp\/v2\/pages\/4149","targetHints":{"allow":["GET"]}}],"collection":[{"href":"https:\/\/myperfectdog.lv\/en\/wp-json\/wp\/v2\/pages"}],"about":[{"href":"https:\/\/myperfectdog.lv\/en\/wp-json\/wp\/v2\/types\/page"}],"author":[{"embeddable":true,"href":"https:\/\/myperfectdog.lv\/en\/wp-json\/wp\/v2\/users\/1"}],"replies":[{"embeddable":true,"href":"https:\/\/myperfectdog.lv\/en\/wp-json\/wp\/v2\/comments?post=4149"}],"version-history":[{"count":0,"href":"https:\/\/myperfectdog.lv\/en\/wp-json\/wp\/v2\/pages\/4149\/revisions"}],"up":[{"embeddable":true,"href":"https:\/\/myperfectdog.lv\/en\/wp-json\/wp\/v2\/pages\/2210"}],"wp:attachment":[{"href":"https:\/\/myperfectdog.lv\/en\/wp-json\/wp\/v2\/media?parent=4149"}],"curies":[{"name":"wp","href":"https:\/\/api.w.org\/{rel}","templated":true}]}}