{"id":4176,"date":"2023-03-23T14:27:25","date_gmt":"2023-03-23T12:27:25","guid":{"rendered":"https:\/\/myperfectdog.lv\/?page_id=4176"},"modified":"2024-08-08T08:05:31","modified_gmt":"2024-08-08T06:05:31","slug":"vai-esmu-gatavs-sunim","status":"publish","type":"page","link":"https:\/\/myperfectdog.lv\/en\/izglitojosi\/vai-esmu-gatavs-sunim\/","title":{"rendered":"Vai esmu gatavs sunim?"},"content":{"rendered":"<a href=\"https:\/\/myperfectdog.lv\/en\/\" target=\"_self\" itemprop=\"url\" rel=\"noopener\">\n\t\t\t\t<img decoding=\"async\" src=\"https:\/\/myperfectdog.lv\/wp-content\/uploads\/2020\/10\/MyPerfectDog-New-logo_peach_plakans.png\" alt=\"MyPerfectDog-New-logo_peach_plakans\" itemprop=\"image\" title=\"MyPerfectDog-New-logo_peach_plakans\" onerror=\"this.style.display='none'\"  \/>\n\t\t\t\t<\/a>\n\t\t\t\t<img decoding=\"async\" src=\"https:\/\/myperfectdog.lv\/wp-content\/uploads\/2020\/10\/MyPerfectDog-New-logo_peach_plakans.png\" alt=\"MyPerfectDog-New-logo_peach_plakans\" itemprop=\"image\" title=\"MyPerfectDog-New-logo_peach_plakans\" onerror=\"this.style.display='none'\"  \/>\n<h2>\n\t\tVai esmu gatavs sunim?\n\t<\/h2>\n\t<p>Su\u0146a ien\u0101k\u0161ana \u0123imen\u0113 ir liels un atbild\u012bgs l\u0113mums. \u0160ai rakst\u0101 apkopojam galvenos jaut\u0101jumus, kas k\u0101rt\u012bgi j\u0101apdom\u0101, lai saprastu &#8211; vai pa\u0161laik esmu gatavs k\u013c\u016bt par su\u0146a saimnieku? <\/p>\n\t\t\t\t<img decoding=\"async\" src=\"https:\/\/myperfectdog.lv\/wp-content\/uploads\/2023\/03\/fotoieva-myperfectdog-aug-2022-102.jpeg\" alt=\"My perfect dog\" itemprop=\"image\" title=\"My perfect dog\" onerror=\"this.style.display='none'\"  \/>\n<h4>\n\t\tVai man ir pietiekami laika resursi?\n\t<\/h4>\n\t<p>Viens no svar\u012bg\u0101kajiem jaut\u0101jumiem, ko apdom\u0101t, pirms l\u0113muma par su\u0146a pie\u0146em\u0161anu \u0123imen\u0113 &#8211; laika resursi. Laiks ir nepiecie\u0161ams ne tikai pastaig\u0101m un kop\u012bg\u0101m sp\u0113l\u0113m, bet ar\u012b apm\u0101c\u012bbai, jo sevi\u0161\u0137i s\u0101kuma period\u0101. Papildus tam, j\u0101r\u0113\u0137in\u0101s, ka s\u0101kum\u0101 suni nevar\u0113s atst\u0101t vienu (jo \u012bpa\u0161i kuc\u0113nus, ta\u010du ar\u012b pieaugu\u0161us su\u0146us). Sunim palikt vienam ir j\u0101m\u0101ca pak\u0101peniski, pret\u0113j\u0101 gad\u012bjum\u0101 rad\u0101m risku, ka var izveidoties at\u0161\u0137irt\u012bbas trauksme, jo b\u016b\u0161ana vienam nav sunim dabisks st\u0101voklis. Ar pareizu apm\u0101c\u012bbu sunim var iem\u0101c\u012bt mier\u012bgi\u00a0uztvert palik\u0161anu m\u0101j\u0101s vienam, ta\u010du t\u0101pat j\u0101atceras, ka suns ir soci\u0101ls dz\u012bvnieks un vi\u0146am m\u016bsu komp\u0101nija ir svar\u012bga. Su\u0146i nav rad\u012bti, lai diendien\u0101 b\u016btu vieni padsmit stundas, t\u0101p\u0113c ir svar\u012bgi apdom\u0101t ar\u012b savu dz\u012bvesveidu un t\u0101 piem\u0113rot\u012bbu sunim.\u00a0<\/p>\n<h4>\n\t\tVai visi \u0123imenes locek\u013ci atbalsta l\u0113mumu par su\u0146a ien\u0101k\u0161anu \u0123imen\u0113?\n\t<\/h4>\n\t<p>Su\u0146a ien\u0101k\u0161ana \u0123imen\u0113 ir l\u0113mums, kas nopietni j\u0101p\u0101rrun\u0101 \u0123imenes locek\u013cu starp\u0101. Svar\u012bgi, lai visi \u0123imenes locek\u013ci \u0161o l\u0113mumu atbalsta, k\u0101 ar\u012b pan\u0101k vieno\u0161anos &#8211; k\u0101das b\u016bs katra atbild\u012bbas, k\u0101 suni audzin\u0101sim, k\u0101di b\u016bs m\u0101jas noteikumi. Noteikumos ir svar\u012bgi iev\u0113rot nemain\u012bbu. Piem\u0113ram, ja vienojaties, ka suni no galda nebarosiet vai ne\u013causiet k\u0101pt uz d\u012bv\u0101na, \u0161is noteikums ir j\u0101iev\u0113ro visiem, lai nerad\u012btu sunim apjukumu par to, kas tad \u012bsti ir at\u013cauts un kas n\u0113.<\/p>\n<h4>\n\t\tVai man ir pietiekami finansi\u0101lie resursi?\n\t<\/h4>\n\t<p>Kvalitat\u012bva su\u0146a baro\u0161ana, apm\u0101c\u012bba, vakcin\u0101cija, vesel\u012bbas p\u0101rbaudes, pareizs pastaigu ekip\u0113jums, atbilsto\u0161a gulta, rota\u013clietas u.c. &#8211; tas viss prasa finansi\u0101los l\u012bdzek\u013cus. Turkl\u0101t j\u0101r\u0113\u0137in\u0101s, ka var gad\u012bties ar\u012b nepl\u0101noti izdevumi, piem\u0113ram, par veterin\u0101rajiem pakalpojumiem.<\/p>\n<h4>\n\t\tVai man ir pietiekamas zin\u0101\u0161anas (ja n\u0113 &#8211; vai esmu gatavs m\u0101c\u012bties)?\n\t<\/h4>\n\t<p>&#8220;Ko tad sunim daudz vajag &#8211; pa\u0113st, pagul\u0113t, nok\u0101rtoties un pasp\u0113l\u0113ties?&#8221; Neb\u016bt ne! Lai nodro\u0161in\u0101tu kvalitat\u012bvu dz\u012bvi savam sunim, ir nepiecie\u0161amas (m\u016bsdien\u012bgas!) zin\u0101\u0161anas par su\u0146u uzved\u012bbu, psiholo\u0123iju, dabiskaj\u0101m pamatvajadz\u012bb\u0101m, \u0137erme\u0146a valodu. Uz\u0146emot \u0123imen\u0113 citas sugas p\u0101rst\u0101vi, m\u0113s uz\u0146emamies pien\u0101kumu saprast vi\u0146a uzved\u012bbu un vajadz\u012bbas. J\u0101atceras, ka suns nav cilv\u0113ks un vi\u0146a emocijas, psiholo\u0123ija un \u0137erme\u0146a valoda at\u0161\u0137iras no m\u016bs\u0113j\u0101m! <a href=\"https:\/\/myperfectdog.lv\/en\/product\/divas-izglitojosas-lekcijas-toposajiem-un-esosajiem-sunu-saimniekiem\/\"><em>\/Te pieejamas noder\u012bgas izgl\u012btojo\u0161as lekcijas!\/<\/em><\/a><\/p>\n<p>Papildus tam, pirms su\u0146a uz\u0146em\u0161anas \u0123imen\u0113, ir svar\u012bgi k\u0101rt\u012bgi izp\u0113t\u012bt izv\u0113l\u0113to \u0161\u0137irni un t\u0101s \u012bpatn\u012bbas. Piem\u0113rot\u0101ko \u0161\u0137irni izv\u0113l\u0113ties tikai p\u0113c izskata vai izm\u0113ra -tas nav atbild\u012bgs l\u0113mums! J\u0101izv\u0113rt\u0113 ar\u012b \u0161\u0137irnei rakstur\u012bgais temperaments, aktivit\u0101tes l\u012bmenis un citi faktori. Ja izv\u0113lies dot m\u0101jas bez\u0161\u0137irnes sunim, dro\u0161\u0101kais veids ir mekl\u0113t jauno \u0123imenes locekli patversm\u0113s, kur ar suni ir iesp\u0113jams iepaz\u012bties, izv\u0113rt\u0113t j\u016bsu temperamentu sader\u012bbu.\u00a0<\/p>\n<p>Apdom\u0101 ar\u012b iesp\u0113ju dot m\u0101jas pieaugu\u0161am sunim vai senioram. Patversm\u0113s ir neskait\u0101mi su\u0146i, kas gaida savas m\u0101jas un ir gatavi b\u016bt vislab\u0101kie draugi! Pieaudzis suns vai suns seniors var b\u016bt piem\u0113rota izv\u0113le cilv\u0113kiem, kas v\u0113las mier\u012bg\u0101ku, nobriedu\u0161\u0101ku suni. Starp citu, par sp\u012bti m\u012btiem, suni m\u0101c\u012bt var jebkur\u0101 vecum\u0101, t\u0101p\u0113c nebaidies apmekl\u0113t su\u0146u skolu ar\u012b ar pieaugu\u0161u suni vai senioru.\u00a0\u00a0<\/p>\nPiem\u0113rot\u0101k\u0101 su\u0146a izv\u0113l\u0113 patie\u0161\u0101m ir v\u0113rts ieguld\u012bt laiku, jo tas ir l\u0113mums, kas noteiks &#8211; k\u0101da b\u016bs j\u016bsu kopdz\u012bve turpm\u0101ko daudzu gadu garum\u0101.<br \/>\n<a href=\"https:\/\/myperfectdog.lv\/en\/kontakti\/\"><em>\/Starp citu &#8211; pie mums vari pieteikties uz konsult\u0101ciju pirms su\u0146a ien\u0101k\u0161anas \u0123imen\u0113!\/<\/em><\/a>\n<h4>\n\t\tVai apzinos, ka t\u0101 ir atbild\u012bba ilgu gadu garum\u0101?\n\t<\/h4>\n\t<p>Uz\u0146emot suni \u0123imen\u0113, tu uz\u0146emies par vi\u0146u atbild\u012bbu visa m\u016b\u017ea garum\u0101. Neatkar\u012bgi no t\u0101, k\u0101 main\u012bsies dz\u012bves apst\u0101k\u013ci, darba vieta, dz\u012bvesvieta u.t.t., suns b\u016bs un paliks tava atbild\u012bba.\u00a0<\/p>\n<h4>\n\t\tVai esmu gatavs tam, ka pieredze ar suni var ar\u012b neb\u016bt t\u0101da k\u0101 esmu izt\u0113lojies?\n\t<\/h4>\n\t<p>Reiz\u0113m, jo \u012bpa\u0161i mekl\u0113jot pirmo suni vai atk\u0101rtoti \u0146emot k\u0101das konkr\u0113tas \u0161\u0137irnes suni, cilv\u0113kiem jau ir konkr\u0113tas ekspekt\u0101cijas, k\u0101da b\u016bs vi\u0146u ikdiena ar suni un k\u0101ds b\u016bs pats suns. Tom\u0113r j\u0101patur pr\u0101t\u0101, ka katrs suns ir unik\u0101ls un tikpat unik\u0101las b\u016bs attiec\u012bbas un kopdz\u012bve, kas veidosies starp suni un saimnieku un ar\u012b\u00a0starp suni un apk\u0101rt\u0113jo pasauli. Ar apm\u0101c\u012bbu ir iesp\u0113jams pan\u0101kt daudz, tom\u0113r ir j\u0101respekt\u0113 ar\u012b katra individu\u0101l\u0101 su\u0146a temperaments un person\u012bba. B\u016bs lietas, kas saimniekam patiks un, iesp\u0113jams, b\u016bs ar\u012b negaid\u012bti izaicin\u0101jumi, kuriem kop\u0101 b\u016bs j\u0101tiek cauri.Tas viss piederas pie su\u0146a uz\u0146em\u0161anas \u0123imen\u0113.\u00a0<\/p>\n\t<p><strong>Par &#8220;My Perfect Dog&#8221;<\/strong><\/p>\n<p>&#8220;My Perfect Dog&#8221; ir z\u012bmols, kas reprezent\u0113 ikvienu suni &#8211; jo ikviens suns ir perfekts, it \u012bpa\u0161i sava m\u012b\u013c\u0101 saimnieka ac\u012bs!<\/p>\n<p>Z\u012bmols &#8220;My Perfect Dog&#8221; pied\u0101v\u0101 su\u0146u un to saimnieku apm\u0101c\u012bbu, su\u0146u uzved\u012bbas konsult\u0101cijas, semin\u0101rus saimniekiem, k\u0101 ar\u012b su\u0146u pieskat\u012b\u0161anas pakalpojumus, ja dodaties atva\u013cin\u0101jum\u0101 un Jums j\u016bsu m\u012bluli nav kam atst\u0101t uz pien\u0101c\u012bgu apr\u016bpi.<\/p>\n\t<p><strong>Kategorijas<\/strong><\/p>\n<p><a href=\"https:\/\/myperfectdog.lv\/en\/apmacibu-piedavajums\/\">Apm\u0101c\u012bbu pied\u0101v\u0101jums<\/a><\/p>\n<p><a href=\"hhttps:\/\/myperfectdog.lv\/izglitojosi-raksti\/\">Izgl\u012btojo\u0161i materi\u0101li<\/a><\/p>\n<p><a href=\"https:\/\/myperfectdog.lv\/en\/kontakti\/\">Kontakti<\/a><\/p>\n<p><a href=\"https:\/\/myperfectdog.lv\/en\/manifests\/\">M\u016aSU MANIFESTS<\/a><\/p>\n\t<p><strong>Sazi\u0146ai<\/strong><\/p>\n<p>Su\u0146u apm\u0101c\u012bbas treneres &amp; uzved\u012bbas speci\u0101listes L\u012bgas tel.nr. <\/p>\n<p>+371 26488490<\/p>\n\t<p><strong>Seko &#8220;My Perfect Dog&#8221;<\/strong><\/p>","protected":false},"excerpt":{"rendered":"<p>Vai esmu gatavs sunim? Su\u0146a ien\u0101k\u0161ana \u0123imen\u0113 ir liels un atbild\u012bgs l\u0113mums. \u0160ai rakst\u0101 apkopojam galvenos jaut\u0101jumus, kas k\u0101rt\u012bgi j\u0101apdom\u0101, lai saprastu &#8211; vai pa\u0161laik esmu gatavs k\u013c\u016bt par su\u0146a saimnieku? Vai man ir pietiekami laika resursi? Viens no svar\u012bg\u0101kajiem jaut\u0101jumiem, ko apdom\u0101t, pirms l\u0113muma par su\u0146a pie\u0146em\u0161anu \u0123imen\u0113 &#8211; laika resursi. Laiks ir nepiecie\u0161ams&hellip;<\/p>","protected":false},"author":1,"featured_media":0,"parent":2210,"menu_order":1,"comment_status":"closed","ping_status":"closed","template":"","meta":{"footnotes":""},"class_list":["post-4176","page","type-page","status-publish","hentry"],"yoast_head":"<!-- This site is optimized with the Yoast SEO plugin v27.5 - https:\/\/yoast.com\/product\/yoast-seo-wordpress\/ -->\n<title>Vai esmu gatavs sunim? | MyPerfectDog.lv<\/title>\n<meta name=\"robots\" content=\"index, follow, max-snippet:-1, max-image-preview:large, max-video-preview:-1\" \/>\n<link rel=\"canonical\" href=\"https:\/\/myperfectdog.lv\/en\/izglitojosi\/vai-esmu-gatavs-sunim\/\" \/>\n<meta property=\"og:locale\" content=\"en_GB\" \/>\n<meta property=\"og:type\" content=\"article\" \/>\n<meta property=\"og:title\" content=\"Vai esmu gatavs sunim? | MyPerfectDog.lv\" \/>\n<meta property=\"og:description\" content=\"Vai esmu gatavs sunim? Su\u0146a ien\u0101k\u0161ana \u0123imen\u0113 ir liels un atbild\u012bgs l\u0113mums. \u0160ai rakst\u0101 apkopojam galvenos jaut\u0101jumus, kas k\u0101rt\u012bgi j\u0101apdom\u0101, lai saprastu &#8211; vai pa\u0161laik esmu gatavs k\u013c\u016bt par su\u0146a saimnieku? Vai man ir pietiekami laika resursi? Viens no svar\u012bg\u0101kajiem jaut\u0101jumiem, ko apdom\u0101t, pirms l\u0113muma par su\u0146a pie\u0146em\u0161anu \u0123imen\u0113 &#8211; laika resursi. Laiks ir nepiecie\u0161ams&hellip;\" \/>\n<meta property=\"og:url\" content=\"https:\/\/myperfectdog.lv\/en\/izglitojosi\/vai-esmu-gatavs-sunim\/\" \/>\n<meta property=\"og:site_name\" content=\"MyPerfectDog.lv\" \/>\n<meta property=\"article:modified_time\" content=\"2024-08-08T06:05:31+00:00\" \/>\n<meta property=\"og:image\" content=\"https:\/\/myperfectdog.lv\/wp-content\/uploads\/2020\/10\/MyPerfectDog-New-logo_peach_plakans.png\" \/>\n<meta name=\"twitter:card\" content=\"summary_large_image\" \/>\n<meta name=\"twitter:label1\" content=\"Estimated reading time\" \/>\n\t<meta name=\"twitter:data1\" content=\"5 minutes\" \/>\n<script type=\"application\/ld+json\" class=\"yoast-schema-graph\">{\"@context\":\"https:\\\/\\\/schema.org\",\"@graph\":[{\"@type\":\"WebPage\",\"@id\":\"https:\\\/\\\/myperfectdog.lv\\\/izglitojosi\\\/vai-esmu-gatavs-sunim\\\/\",\"url\":\"https:\\\/\\\/myperfectdog.lv\\\/izglitojosi\\\/vai-esmu-gatavs-sunim\\\/\",\"name\":\"Vai esmu gatavs sunim? | MyPerfectDog.lv\",\"isPartOf\":{\"@id\":\"https:\\\/\\\/myperfectdog.lv\\\/#website\"},\"primaryImageOfPage\":{\"@id\":\"https:\\\/\\\/myperfectdog.lv\\\/izglitojosi\\\/vai-esmu-gatavs-sunim\\\/#primaryimage\"},\"image\":{\"@id\":\"https:\\\/\\\/myperfectdog.lv\\\/izglitojosi\\\/vai-esmu-gatavs-sunim\\\/#primaryimage\"},\"thumbnailUrl\":\"https:\\\/\\\/myperfectdog.lv\\\/wp-content\\\/uploads\\\/2020\\\/10\\\/MyPerfectDog-New-logo_peach_plakans.png\",\"datePublished\":\"2023-03-23T12:27:25+00:00\",\"dateModified\":\"2024-08-08T06:05:31+00:00\",\"breadcrumb\":{\"@id\":\"https:\\\/\\\/myperfectdog.lv\\\/izglitojosi\\\/vai-esmu-gatavs-sunim\\\/#breadcrumb\"},\"inLanguage\":\"en-GB\",\"potentialAction\":[{\"@type\":\"ReadAction\",\"target\":[\"https:\\\/\\\/myperfectdog.lv\\\/izglitojosi\\\/vai-esmu-gatavs-sunim\\\/\"]}]},{\"@type\":\"ImageObject\",\"inLanguage\":\"en-GB\",\"@id\":\"https:\\\/\\\/myperfectdog.lv\\\/izglitojosi\\\/vai-esmu-gatavs-sunim\\\/#primaryimage\",\"url\":\"https:\\\/\\\/myperfectdog.lv\\\/wp-content\\\/uploads\\\/2020\\\/10\\\/MyPerfectDog-New-logo_peach_plakans.png\",\"contentUrl\":\"https:\\\/\\\/myperfectdog.lv\\\/wp-content\\\/uploads\\\/2020\\\/10\\\/MyPerfectDog-New-logo_peach_plakans.png\"},{\"@type\":\"BreadcrumbList\",\"@id\":\"https:\\\/\\\/myperfectdog.lv\\\/izglitojosi\\\/vai-esmu-gatavs-sunim\\\/#breadcrumb\",\"itemListElement\":[{\"@type\":\"ListItem\",\"position\":1,\"name\":\"Home\",\"item\":\"https:\\\/\\\/myperfectdog.lv\\\/\"},{\"@type\":\"ListItem\",\"position\":2,\"name\":\"Izgl\u012btojo\u0161i materi\u0101li\",\"item\":\"https:\\\/\\\/myperfectdog.lv\\\/izglitojosi\\\/\"},{\"@type\":\"ListItem\",\"position\":3,\"name\":\"Vai esmu gatavs sunim?\"}]},{\"@type\":\"WebSite\",\"@id\":\"https:\\\/\\\/myperfectdog.lv\\\/#website\",\"url\":\"https:\\\/\\\/myperfectdog.lv\\\/\",\"name\":\"MyPerfectDog.lv\",\"description\":\"Su\u0146u un saimnieku skola\",\"publisher\":{\"@id\":\"https:\\\/\\\/myperfectdog.lv\\\/#organization\"},\"potentialAction\":[{\"@type\":\"SearchAction\",\"target\":{\"@type\":\"EntryPoint\",\"urlTemplate\":\"https:\\\/\\\/myperfectdog.lv\\\/?s={search_term_string}\"},\"query-input\":{\"@type\":\"PropertyValueSpecification\",\"valueRequired\":true,\"valueName\":\"search_term_string\"}}],\"inLanguage\":\"en-GB\"},{\"@type\":\"Organization\",\"@id\":\"https:\\\/\\\/myperfectdog.lv\\\/#organization\",\"name\":\"Su\u0146u & saimnieku skola \\\"My Perfect Dog\\\"\",\"url\":\"https:\\\/\\\/myperfectdog.lv\\\/\",\"logo\":{\"@type\":\"ImageObject\",\"inLanguage\":\"en-GB\",\"@id\":\"https:\\\/\\\/myperfectdog.lv\\\/#\\\/schema\\\/logo\\\/image\\\/\",\"url\":\"https:\\\/\\\/myperfectdog.lv\\\/wp-content\\\/uploads\\\/2020\\\/10\\\/MyPerfectDog-New-logo_peach_plakans.png\",\"contentUrl\":\"https:\\\/\\\/myperfectdog.lv\\\/wp-content\\\/uploads\\\/2020\\\/10\\\/MyPerfectDog-New-logo_peach_plakans.png\",\"width\":1200,\"height\":636,\"caption\":\"Su\u0146u & saimnieku skola \\\"My Perfect Dog\\\"\"},\"image\":{\"@id\":\"https:\\\/\\\/myperfectdog.lv\\\/#\\\/schema\\\/logo\\\/image\\\/\"}}]}<\/script>\n<!-- \/ Yoast SEO plugin. -->","yoast_head_json":{"title":"Vai esmu gatavs sunim? | MyPerfectDog.lv","robots":{"index":"index","follow":"follow","max-snippet":"max-snippet:-1","max-image-preview":"max-image-preview:large","max-video-preview":"max-video-preview:-1"},"canonical":"https:\/\/myperfectdog.lv\/en\/izglitojosi\/vai-esmu-gatavs-sunim\/","og_locale":"en_GB","og_type":"article","og_title":"Vai esmu gatavs sunim? | MyPerfectDog.lv","og_description":"Vai esmu gatavs sunim? Su\u0146a ien\u0101k\u0161ana \u0123imen\u0113 ir liels un atbild\u012bgs l\u0113mums. \u0160ai rakst\u0101 apkopojam galvenos jaut\u0101jumus, kas k\u0101rt\u012bgi j\u0101apdom\u0101, lai saprastu &#8211; vai pa\u0161laik esmu gatavs k\u013c\u016bt par su\u0146a saimnieku? Vai man ir pietiekami laika resursi? Viens no svar\u012bg\u0101kajiem jaut\u0101jumiem, ko apdom\u0101t, pirms l\u0113muma par su\u0146a pie\u0146em\u0161anu \u0123imen\u0113 &#8211; laika resursi. Laiks ir nepiecie\u0161ams&hellip;","og_url":"https:\/\/myperfectdog.lv\/en\/izglitojosi\/vai-esmu-gatavs-sunim\/","og_site_name":"MyPerfectDog.lv","article_modified_time":"2024-08-08T06:05:31+00:00","og_image":[{"url":"https:\/\/myperfectdog.lv\/wp-content\/uploads\/2020\/10\/MyPerfectDog-New-logo_peach_plakans.png","type":"","width":"","height":""}],"twitter_card":"summary_large_image","twitter_misc":{"Estimated reading time":"5 minutes"},"schema":{"@context":"https:\/\/schema.org","@graph":[{"@type":"WebPage","@id":"https:\/\/myperfectdog.lv\/izglitojosi\/vai-esmu-gatavs-sunim\/","url":"https:\/\/myperfectdog.lv\/izglitojosi\/vai-esmu-gatavs-sunim\/","name":"Vai esmu gatavs sunim? | MyPerfectDog.lv","isPartOf":{"@id":"https:\/\/myperfectdog.lv\/#website"},"primaryImageOfPage":{"@id":"https:\/\/myperfectdog.lv\/izglitojosi\/vai-esmu-gatavs-sunim\/#primaryimage"},"image":{"@id":"https:\/\/myperfectdog.lv\/izglitojosi\/vai-esmu-gatavs-sunim\/#primaryimage"},"thumbnailUrl":"https:\/\/myperfectdog.lv\/wp-content\/uploads\/2020\/10\/MyPerfectDog-New-logo_peach_plakans.png","datePublished":"2023-03-23T12:27:25+00:00","dateModified":"2024-08-08T06:05:31+00:00","breadcrumb":{"@id":"https:\/\/myperfectdog.lv\/izglitojosi\/vai-esmu-gatavs-sunim\/#breadcrumb"},"inLanguage":"en-GB","potentialAction":[{"@type":"ReadAction","target":["https:\/\/myperfectdog.lv\/izglitojosi\/vai-esmu-gatavs-sunim\/"]}]},{"@type":"ImageObject","inLanguage":"en-GB","@id":"https:\/\/myperfectdog.lv\/izglitojosi\/vai-esmu-gatavs-sunim\/#primaryimage","url":"https:\/\/myperfectdog.lv\/wp-content\/uploads\/2020\/10\/MyPerfectDog-New-logo_peach_plakans.png","contentUrl":"https:\/\/myperfectdog.lv\/wp-content\/uploads\/2020\/10\/MyPerfectDog-New-logo_peach_plakans.png"},{"@type":"BreadcrumbList","@id":"https:\/\/myperfectdog.lv\/izglitojosi\/vai-esmu-gatavs-sunim\/#breadcrumb","itemListElement":[{"@type":"ListItem","position":1,"name":"Home","item":"https:\/\/myperfectdog.lv\/"},{"@type":"ListItem","position":2,"name":"Izgl\u012btojo\u0161i materi\u0101li","item":"https:\/\/myperfectdog.lv\/izglitojosi\/"},{"@type":"ListItem","position":3,"name":"Vai esmu gatavs sunim?"}]},{"@type":"WebSite","@id":"https:\/\/myperfectdog.lv\/#website","url":"https:\/\/myperfectdog.lv\/","name":"MyPerfectDog.lv","description":"Su\u0146u un saimnieku skola","publisher":{"@id":"https:\/\/myperfectdog.lv\/#organization"},"potentialAction":[{"@type":"SearchAction","target":{"@type":"EntryPoint","urlTemplate":"https:\/\/myperfectdog.lv\/?s={search_term_string}"},"query-input":{"@type":"PropertyValueSpecification","valueRequired":true,"valueName":"search_term_string"}}],"inLanguage":"en-GB"},{"@type":"Organization","@id":"https:\/\/myperfectdog.lv\/#organization","name":"Su\u0146u & saimnieku skola \"My Perfect Dog\"","url":"https:\/\/myperfectdog.lv\/","logo":{"@type":"ImageObject","inLanguage":"en-GB","@id":"https:\/\/myperfectdog.lv\/#\/schema\/logo\/image\/","url":"https:\/\/myperfectdog.lv\/wp-content\/uploads\/2020\/10\/MyPerfectDog-New-logo_peach_plakans.png","contentUrl":"https:\/\/myperfectdog.lv\/wp-content\/uploads\/2020\/10\/MyPerfectDog-New-logo_peach_plakans.png","width":1200,"height":636,"caption":"Su\u0146u & saimnieku skola \"My Perfect Dog\""},"image":{"@id":"https:\/\/myperfectdog.lv\/#\/schema\/logo\/image\/"}}]}},"jetpack_sharing_enabled":true,"_links":{"self":[{"href":"https:\/\/myperfectdog.lv\/en\/wp-json\/wp\/v2\/pages\/4176","targetHints":{"allow":["GET"]}}],"collection":[{"href":"https:\/\/myperfectdog.lv\/en\/wp-json\/wp\/v2\/pages"}],"about":[{"href":"https:\/\/myperfectdog.lv\/en\/wp-json\/wp\/v2\/types\/page"}],"author":[{"embeddable":true,"href":"https:\/\/myperfectdog.lv\/en\/wp-json\/wp\/v2\/users\/1"}],"replies":[{"embeddable":true,"href":"https:\/\/myperfectdog.lv\/en\/wp-json\/wp\/v2\/comments?post=4176"}],"version-history":[{"count":0,"href":"https:\/\/myperfectdog.lv\/en\/wp-json\/wp\/v2\/pages\/4176\/revisions"}],"up":[{"embeddable":true,"href":"https:\/\/myperfectdog.lv\/en\/wp-json\/wp\/v2\/pages\/2210"}],"wp:attachment":[{"href":"https:\/\/myperfectdog.lv\/en\/wp-json\/wp\/v2\/media?parent=4176"}],"curies":[{"name":"wp","href":"https:\/\/api.w.org\/{rel}","templated":true}]}}