{"id":4240,"date":"2022-07-12T16:23:04","date_gmt":"2022-07-12T14:23:04","guid":{"rendered":"https:\/\/myperfectdog.lv\/?page_id=4240"},"modified":"2025-02-11T10:41:10","modified_gmt":"2025-02-11T08:41:10","slug":"grausanas-opcijas-sunim","status":"publish","type":"page","link":"https:\/\/myperfectdog.lv\/en\/izglitojosi\/grausanas-opcijas-sunim\/","title":{"rendered":"Grau\u0161anas opcijas sunim"},"content":{"rendered":"<a href=\"https:\/\/myperfectdog.lv\/en\/\" target=\"_self\" itemprop=\"url\">\n\t\t\t\t<img loading=\"lazy\" decoding=\"async\" src=\"https:\/\/myperfectdog.lv\/wp-content\/uploads\/2020\/10\/MyPerfectDog-New-logo_peach_plakans.png\" alt=\"MyPerfectDog-New-logo_peach_plakans\" itemprop=\"image\" height=\"636\" width=\"1200\" title=\"MyPerfectDog-New-logo_peach_plakans\" onerror=\"this.style.display='none'\"  \/>\n\t\t\t\t<\/a>\n\t\t\t\t<img loading=\"lazy\" decoding=\"async\" src=\"https:\/\/myperfectdog.lv\/wp-content\/uploads\/2020\/10\/MyPerfectDog-New-logo_peach_plakans.png\" alt=\"MyPerfectDog-New-logo_peach_plakans\" itemprop=\"image\" height=\"636\" width=\"1200\" title=\"MyPerfectDog-New-logo_peach_plakans\" onerror=\"this.style.display='none'\"  \/>\n<h2>\n\t\tGrau\u0161anas opcijas sunim\n\t<\/h2>\n\t<p>P\u0101rsvar\u0101 visi kuc\u0113nu\u00a0saimnieki vismaz vienu reizi dz\u012bv\u0113 noteikti ir sask\u0101ru\u0161ies ar sagrauztiem apaviem vai cit\u0101m v\u0113rt\u012bg\u0101m liet\u0101m. Ir svar\u012bgi saprast, ka grau\u0161ana ir kuc\u0113na pamatvajadz\u012bba, jo caur grau\u0161anu suns iepaz\u012bst pasauli, k\u0101 ar\u012b, grau\u017eot, suns sevi nomierina.<\/p>\n<p>Ir vair\u0101kas opcijas, ko pied\u0101v\u0101t kuc\u0113nam grau\u0161anas aktivit\u0101t\u0113m, ta\u010du ir svar\u012bgi piel\u0101goties konkr\u0113tam indiv\u012bdam.<\/p>\n\t\t\t\t<img loading=\"lazy\" decoding=\"async\" src=\"https:\/\/myperfectdog.lv\/wp-content\/uploads\/2025\/02\/56FEC594-C494-47CA-9203-D4707B180CD8-scaled.jpg\" alt=\"56FEC594-C494-47CA-9203-D4707B180CD8\" itemprop=\"image\" height=\"2560\" width=\"2048\" title=\"56FEC594-C494-47CA-9203-D4707B180CD8\" onerror=\"this.style.display='none'\"  \/>\n<h2>\n\t\t1. Kalt\u0113jumi\n\t<\/h2>\n\t<p>Kalt\u0113jumus ir j\u0101piemekl\u0113 katram indiv\u012bdam atkar\u012bb\u0101 no su\u0146a izm\u0113ra, gar\u0161as \u012bpatn\u012bb\u0101m un grau\u0161anas aktivit\u0101tes l\u012bme\u0146a. \u012as\u0101kam laikam lieliski der\u0113s t\u0101di kalt\u0113jumi k\u0101 liellopa tesmenis vai plau\u0161as, ta\u010du ilg\u0101kam laikam var izmantot liellopa peni, \u0101du, nagu vai c\u016bku ausis. Ir svar\u012bgi izv\u0113rt\u0113t sava su\u0146a temperamentu un grau\u0161anas aktivit\u0101ti pirms kalt\u0113jumu do\u0161anas, jo su\u0146i, kuriem nepat\u012bk ilgi un k\u0101rt\u012bgi grauzt, var sar\u012bties lielus gabalus un tie var v\u0113l\u0101k nosprostot gremo\u0161anas traktu.<\/p>\n<h2>\n\t\t2. Kauli\n\t<\/h2>\n\t<p>J\u0101, kaulus su\u0146iem dot dr\u012bkst, ta\u010du ir svar\u012bgi dot SVAIGUS, termiski neapstr\u0101d\u0101tus kaulus, pareiz\u0101 daudzum\u0101. Vienk\u0101r\u0161\u0101kais variants ir z\u0101\u0123\u0113ti stobra kauli, kuriem vid\u016b ir paliku\u0161as kaulu smadzenes un t\u0101da diametra, lai konkr\u0113tajam sunim tie neuzv\u0113rtos uz apak\u0161\u017eok\u013ca. Liel\u0101ka izm\u0113ra su\u0146iem var dot lielos, garos stobrkaulus, kurus su\u0146i var apgrauzt no vis\u0101m pus\u0113m, bet nesagrauzt. Su\u0146iem, kas ir svaig\u0113d\u0101ji, kauli jau ietilpst katr\u0101 ikdienas porcij\u0101. \u0160eit atkal ir svar\u012bgi piel\u0101goties konkr\u0113tam indiv\u012bdam ar t\u0101 \u012bpatn\u012bb\u0101m, jo, p\u0101rdoz\u0113jot kaulus, sunim var rad\u012bt gremo\u0161anas trakta nosprostojumu.<\/p>\n<h2>\n\t\t3. Ment\u0101l\u0101s grau\u0161anas aktivit\u0101tes\n\t<\/h2>\n\t<p>Lielisks veids, k\u0101 nodro\u0161in\u0101t sunim grau\u0161anas opciju ir ment\u0101l\u0101s aktivit\u0101tes ar \u0113dienu jeb \u0113diena puzles. Uz doto br\u012bdi zooveikalos ir pieejamas visda\u017e\u0101d\u0101ko firmu rota\u013clietas, ta\u010du popul\u0101r\u0101k\u0101s no t\u0101m ir &#8220;KONG&#8221; un &#8220;West Paw&#8221;. T\u0101s ir pieejamas da\u017e\u0101d\u0101s form\u0101s un izm\u0113ros, k\u0101 ar\u012b t\u0101s ir izgatavotas no da\u017e\u0101da materi\u0101la un stipruma gumijas, piel\u0101gojoties katra su\u0146a \u017eok\u013ca izm\u0113ram un grau\u0161anas aktivit\u0101tes l\u012bmenim.<\/p>\n\t<blockquote>\n<p>! ! !<\/p>\n<p><strong>Neatst\u0101jiet suni vienu pa\u0161u grau\u0161anas aktivit\u0101\u0161u laik\u0101, nodro\u0161iniet grau\u017eam\u0101s aktivit\u0101tes pietiekam\u0101 daudzum\u0101, izm\u0113r\u0101 un piel\u0101gojieties sava su\u0146a grau\u0161anas aktivit\u0101tes l\u012bmenim!<\/strong><\/p>\n<\/blockquote>\n\t<p><strong>Par &#8220;My Perfect Dog&#8221;<\/strong><\/p>\n&#8220;My Perfect Dog&#8221; ir z\u012bmols, kas reprezent\u0113 lieliskas un harmoniskas attiec\u012bbas su\u0146a un saimnieka starp\u0101, kur saimnieks ir izgl\u012btots un zino\u0161s, savuk\u0101rt suns izprasts un atbilsto\u0161i apr\u016bp\u0113ts, socializ\u0113ts un apm\u0101c\u012bts, balstoties uz pret suni \u0113tisku, dabisku un uz motiv\u0101ciju balst\u012btu apm\u0101c\u012bbu.<br \/>\n\n<p> &#8220;My Perfect Dog&#8221; pied\u0101v\u0101 su\u0146u un vi\u0146u saimnieku apm\u0101c\u012bbu, su\u0146u uzved\u012bbas konsult\u0101cijas, socializ\u0101cijas pastaigas su\u0146iem, k\u0101 ar\u012b teor\u0113tiskus un praktiskus semin\u0101rus saimniekiem.<\/p>\n\t<p><strong>Kategorijas<\/strong><\/p>\n<p><a href=\"https:\/\/myperfectdog.lv\/en\/internetveikals\/\">Internetveikals<\/a><\/p>\n<p><a href=\"https:\/\/myperfectdog.lv\/en\/apmacibu-piedavajums\/\">Apm\u0101c\u012bbu pied\u0101v\u0101jums<\/a><\/p>\n<p><a href=\"https:\/\/myperfectdog.lv\/en\/sunu-aukles\/\">Su\u0146u pieskat\u012b\u0161ana un pastaigas<\/a><\/p>\n<p><a href=\"https:\/\/myperfectdog.lv\/en\/izglitojosi-raksti\/\">Izgl\u012btojo\u0161i materi\u0101li<\/a><\/p>\n<p><a href=\"https:\/\/myperfectdog.lv\/en\/kontakti\/\">Kontakti<\/a><\/p>\n<p><a href=\"https:\/\/myperfectdog.lv\/en\/privatuma-politika\/\">Priv\u0101tuma politika<\/a><\/p>\n\t<p><strong>Sazi\u0146ai<\/strong><\/p>\n\t+371 27993370<br \/>\nliga@myperfectdog.lv\n\t<p><strong>Seko &#8220;My Perfect Dog&#8221;<\/strong><\/p>\n\t\t\t\t<img loading=\"lazy\" decoding=\"async\" src=\"https:\/\/myperfectdog.lv\/wp-content\/uploads\/2020\/09\/PDTE-Logo2-150x150.png\" alt=\"PDTE-Logo2\" itemprop=\"image\" height=\"150\" width=\"150\" title=\"PDTE-Logo2\" onerror=\"this.style.display='none'\"  \/>\n\t<p><strong>Par &#8220;My Perfect Dog&#8221;<\/strong><\/p>\n&#8220;My Perfect Dog&#8221; ir z\u012bmols, kas reprezent\u0113 lieliskas un harmoniskas attiec\u012bbas su\u0146a un saimnieka starp\u0101, kur saimnieks ir izgl\u012btots un zino\u0161s, savuk\u0101rt suns izprasts un atbilsto\u0161i apr\u016bp\u0113ts, socializ\u0113ts un apm\u0101c\u012bts, balstoties uz pret suni \u0113tisku, dabisku un uz motiv\u0101ciju balst\u012btu apm\u0101c\u012bbu.<br \/>\n\n<p> &#8220;My Perfect Dog&#8221; pied\u0101v\u0101 su\u0146u un vi\u0146u saimnieku apm\u0101c\u012bbu, su\u0146u uzved\u012bbas konsult\u0101cijas, socializ\u0101cijas pastaigas su\u0146iem, k\u0101 ar\u012b teor\u0113tiskus un praktiskus semin\u0101rus saimniekiem.<\/p>\n\t<p><strong>Sazi\u0146ai<\/strong><\/p>\n\t+371 27993370<br \/>\nliga@myperfectdog.lv\n\t<p><strong>Seko &#8220;My Perfect Dog&#8221;<\/strong><\/p>\n<h5>\n\t\t<a href=\"https:\/\/myperfectdog.lv\/en\/privatuma-politika\/\" title=\"Priv\u0101tuma politika\" target=\"_self\">\n\t\tPriv\u0101tuma politika\n\t\t<\/a>\n\t<\/h5>","protected":false},"excerpt":{"rendered":"<p>Grau\u0161anas opcijas sunim P\u0101rsvar\u0101 visi kuc\u0113nu\u00a0saimnieki vismaz vienu reizi dz\u012bv\u0113 noteikti ir sask\u0101ru\u0161ies ar sagrauztiem apaviem vai cit\u0101m v\u0113rt\u012bg\u0101m liet\u0101m. Ir svar\u012bgi saprast, ka grau\u0161ana ir kuc\u0113na pamatvajadz\u012bba, jo caur grau\u0161anu suns iepaz\u012bst pasauli, k\u0101 ar\u012b, grau\u017eot, suns sevi nomierina. Ir vair\u0101kas opcijas, ko pied\u0101v\u0101t kuc\u0113nam grau\u0161anas aktivit\u0101t\u0113m, ta\u010du ir svar\u012bgi piel\u0101goties konkr\u0113tam indiv\u012bdam. 1.&hellip;<\/p>","protected":false},"author":1,"featured_media":0,"parent":2210,"menu_order":1,"comment_status":"closed","ping_status":"closed","template":"","meta":{"footnotes":""},"class_list":["post-4240","page","type-page","status-publish","hentry"],"yoast_head":"<!-- This site is optimized with the Yoast SEO plugin v27.6 - https:\/\/yoast.com\/product\/yoast-seo-wordpress\/ -->\n<title>Grau\u0161anas opcijas sunim | MyPerfectDog.lv<\/title>\n<meta name=\"robots\" content=\"index, follow, max-snippet:-1, max-image-preview:large, max-video-preview:-1\" \/>\n<link rel=\"canonical\" href=\"https:\/\/myperfectdog.lv\/en\/izglitojosi\/grausanas-opcijas-sunim\/\" \/>\n<meta property=\"og:locale\" content=\"en_GB\" \/>\n<meta property=\"og:type\" content=\"article\" \/>\n<meta property=\"og:title\" content=\"Grau\u0161anas opcijas sunim | MyPerfectDog.lv\" \/>\n<meta property=\"og:description\" content=\"Grau\u0161anas opcijas sunim P\u0101rsvar\u0101 visi kuc\u0113nu\u00a0saimnieki vismaz vienu reizi dz\u012bv\u0113 noteikti ir sask\u0101ru\u0161ies ar sagrauztiem apaviem vai cit\u0101m v\u0113rt\u012bg\u0101m liet\u0101m. Ir svar\u012bgi saprast, ka grau\u0161ana ir kuc\u0113na pamatvajadz\u012bba, jo caur grau\u0161anu suns iepaz\u012bst pasauli, k\u0101 ar\u012b, grau\u017eot, suns sevi nomierina. Ir vair\u0101kas opcijas, ko pied\u0101v\u0101t kuc\u0113nam grau\u0161anas aktivit\u0101t\u0113m, ta\u010du ir svar\u012bgi piel\u0101goties konkr\u0113tam indiv\u012bdam. 1.&hellip;\" \/>\n<meta property=\"og:url\" content=\"https:\/\/myperfectdog.lv\/en\/izglitojosi\/grausanas-opcijas-sunim\/\" \/>\n<meta property=\"og:site_name\" content=\"MyPerfectDog.lv\" \/>\n<meta property=\"article:modified_time\" content=\"2025-02-11T08:41:10+00:00\" \/>\n<meta property=\"og:image\" content=\"https:\/\/myperfectdog.lv\/wp-content\/uploads\/2020\/10\/MyPerfectDog-New-logo_peach_plakans.png\" \/>\n<meta name=\"twitter:card\" content=\"summary_large_image\" \/>\n<meta name=\"twitter:label1\" content=\"Estimated reading time\" \/>\n\t<meta name=\"twitter:data1\" content=\"4 minutes\" \/>\n<script type=\"application\/ld+json\" class=\"yoast-schema-graph\">{\"@context\":\"https:\\\/\\\/schema.org\",\"@graph\":[{\"@type\":\"WebPage\",\"@id\":\"https:\\\/\\\/myperfectdog.lv\\\/izglitojosi\\\/grausanas-opcijas-sunim\\\/\",\"url\":\"https:\\\/\\\/myperfectdog.lv\\\/izglitojosi\\\/grausanas-opcijas-sunim\\\/\",\"name\":\"Grau\u0161anas opcijas sunim | MyPerfectDog.lv\",\"isPartOf\":{\"@id\":\"https:\\\/\\\/myperfectdog.lv\\\/#website\"},\"primaryImageOfPage\":{\"@id\":\"https:\\\/\\\/myperfectdog.lv\\\/izglitojosi\\\/grausanas-opcijas-sunim\\\/#primaryimage\"},\"image\":{\"@id\":\"https:\\\/\\\/myperfectdog.lv\\\/izglitojosi\\\/grausanas-opcijas-sunim\\\/#primaryimage\"},\"thumbnailUrl\":\"https:\\\/\\\/myperfectdog.lv\\\/wp-content\\\/uploads\\\/2020\\\/10\\\/MyPerfectDog-New-logo_peach_plakans.png\",\"datePublished\":\"2022-07-12T14:23:04+00:00\",\"dateModified\":\"2025-02-11T08:41:10+00:00\",\"breadcrumb\":{\"@id\":\"https:\\\/\\\/myperfectdog.lv\\\/izglitojosi\\\/grausanas-opcijas-sunim\\\/#breadcrumb\"},\"inLanguage\":\"en-GB\",\"potentialAction\":[{\"@type\":\"ReadAction\",\"target\":[\"https:\\\/\\\/myperfectdog.lv\\\/izglitojosi\\\/grausanas-opcijas-sunim\\\/\"]}]},{\"@type\":\"ImageObject\",\"inLanguage\":\"en-GB\",\"@id\":\"https:\\\/\\\/myperfectdog.lv\\\/izglitojosi\\\/grausanas-opcijas-sunim\\\/#primaryimage\",\"url\":\"https:\\\/\\\/myperfectdog.lv\\\/wp-content\\\/uploads\\\/2020\\\/10\\\/MyPerfectDog-New-logo_peach_plakans.png\",\"contentUrl\":\"https:\\\/\\\/myperfectdog.lv\\\/wp-content\\\/uploads\\\/2020\\\/10\\\/MyPerfectDog-New-logo_peach_plakans.png\"},{\"@type\":\"BreadcrumbList\",\"@id\":\"https:\\\/\\\/myperfectdog.lv\\\/izglitojosi\\\/grausanas-opcijas-sunim\\\/#breadcrumb\",\"itemListElement\":[{\"@type\":\"ListItem\",\"position\":1,\"name\":\"Home\",\"item\":\"https:\\\/\\\/myperfectdog.lv\\\/\"},{\"@type\":\"ListItem\",\"position\":2,\"name\":\"Izgl\u012btojo\u0161i materi\u0101li\",\"item\":\"https:\\\/\\\/myperfectdog.lv\\\/izglitojosi\\\/\"},{\"@type\":\"ListItem\",\"position\":3,\"name\":\"Grau\u0161anas opcijas sunim\"}]},{\"@type\":\"WebSite\",\"@id\":\"https:\\\/\\\/myperfectdog.lv\\\/#website\",\"url\":\"https:\\\/\\\/myperfectdog.lv\\\/\",\"name\":\"MyPerfectDog.lv\",\"description\":\"Su\u0146u un saimnieku skola\",\"publisher\":{\"@id\":\"https:\\\/\\\/myperfectdog.lv\\\/#organization\"},\"potentialAction\":[{\"@type\":\"SearchAction\",\"target\":{\"@type\":\"EntryPoint\",\"urlTemplate\":\"https:\\\/\\\/myperfectdog.lv\\\/?s={search_term_string}\"},\"query-input\":{\"@type\":\"PropertyValueSpecification\",\"valueRequired\":true,\"valueName\":\"search_term_string\"}}],\"inLanguage\":\"en-GB\"},{\"@type\":\"Organization\",\"@id\":\"https:\\\/\\\/myperfectdog.lv\\\/#organization\",\"name\":\"Su\u0146u & saimnieku skola \\\"My Perfect Dog\\\"\",\"url\":\"https:\\\/\\\/myperfectdog.lv\\\/\",\"logo\":{\"@type\":\"ImageObject\",\"inLanguage\":\"en-GB\",\"@id\":\"https:\\\/\\\/myperfectdog.lv\\\/#\\\/schema\\\/logo\\\/image\\\/\",\"url\":\"https:\\\/\\\/myperfectdog.lv\\\/wp-content\\\/uploads\\\/2020\\\/10\\\/MyPerfectDog-New-logo_peach_plakans.png\",\"contentUrl\":\"https:\\\/\\\/myperfectdog.lv\\\/wp-content\\\/uploads\\\/2020\\\/10\\\/MyPerfectDog-New-logo_peach_plakans.png\",\"width\":1200,\"height\":636,\"caption\":\"Su\u0146u & saimnieku skola \\\"My Perfect Dog\\\"\"},\"image\":{\"@id\":\"https:\\\/\\\/myperfectdog.lv\\\/#\\\/schema\\\/logo\\\/image\\\/\"}}]}<\/script>\n<!-- \/ Yoast SEO plugin. -->","yoast_head_json":{"title":"Grau\u0161anas opcijas sunim | MyPerfectDog.lv","robots":{"index":"index","follow":"follow","max-snippet":"max-snippet:-1","max-image-preview":"max-image-preview:large","max-video-preview":"max-video-preview:-1"},"canonical":"https:\/\/myperfectdog.lv\/en\/izglitojosi\/grausanas-opcijas-sunim\/","og_locale":"en_GB","og_type":"article","og_title":"Grau\u0161anas opcijas sunim | MyPerfectDog.lv","og_description":"Grau\u0161anas opcijas sunim P\u0101rsvar\u0101 visi kuc\u0113nu\u00a0saimnieki vismaz vienu reizi dz\u012bv\u0113 noteikti ir sask\u0101ru\u0161ies ar sagrauztiem apaviem vai cit\u0101m v\u0113rt\u012bg\u0101m liet\u0101m. Ir svar\u012bgi saprast, ka grau\u0161ana ir kuc\u0113na pamatvajadz\u012bba, jo caur grau\u0161anu suns iepaz\u012bst pasauli, k\u0101 ar\u012b, grau\u017eot, suns sevi nomierina. Ir vair\u0101kas opcijas, ko pied\u0101v\u0101t kuc\u0113nam grau\u0161anas aktivit\u0101t\u0113m, ta\u010du ir svar\u012bgi piel\u0101goties konkr\u0113tam indiv\u012bdam. 1.&hellip;","og_url":"https:\/\/myperfectdog.lv\/en\/izglitojosi\/grausanas-opcijas-sunim\/","og_site_name":"MyPerfectDog.lv","article_modified_time":"2025-02-11T08:41:10+00:00","og_image":[{"url":"https:\/\/myperfectdog.lv\/wp-content\/uploads\/2020\/10\/MyPerfectDog-New-logo_peach_plakans.png","type":"","width":"","height":""}],"twitter_card":"summary_large_image","twitter_misc":{"Estimated reading time":"4 minutes"},"schema":{"@context":"https:\/\/schema.org","@graph":[{"@type":"WebPage","@id":"https:\/\/myperfectdog.lv\/izglitojosi\/grausanas-opcijas-sunim\/","url":"https:\/\/myperfectdog.lv\/izglitojosi\/grausanas-opcijas-sunim\/","name":"Grau\u0161anas opcijas sunim | MyPerfectDog.lv","isPartOf":{"@id":"https:\/\/myperfectdog.lv\/#website"},"primaryImageOfPage":{"@id":"https:\/\/myperfectdog.lv\/izglitojosi\/grausanas-opcijas-sunim\/#primaryimage"},"image":{"@id":"https:\/\/myperfectdog.lv\/izglitojosi\/grausanas-opcijas-sunim\/#primaryimage"},"thumbnailUrl":"https:\/\/myperfectdog.lv\/wp-content\/uploads\/2020\/10\/MyPerfectDog-New-logo_peach_plakans.png","datePublished":"2022-07-12T14:23:04+00:00","dateModified":"2025-02-11T08:41:10+00:00","breadcrumb":{"@id":"https:\/\/myperfectdog.lv\/izglitojosi\/grausanas-opcijas-sunim\/#breadcrumb"},"inLanguage":"en-GB","potentialAction":[{"@type":"ReadAction","target":["https:\/\/myperfectdog.lv\/izglitojosi\/grausanas-opcijas-sunim\/"]}]},{"@type":"ImageObject","inLanguage":"en-GB","@id":"https:\/\/myperfectdog.lv\/izglitojosi\/grausanas-opcijas-sunim\/#primaryimage","url":"https:\/\/myperfectdog.lv\/wp-content\/uploads\/2020\/10\/MyPerfectDog-New-logo_peach_plakans.png","contentUrl":"https:\/\/myperfectdog.lv\/wp-content\/uploads\/2020\/10\/MyPerfectDog-New-logo_peach_plakans.png"},{"@type":"BreadcrumbList","@id":"https:\/\/myperfectdog.lv\/izglitojosi\/grausanas-opcijas-sunim\/#breadcrumb","itemListElement":[{"@type":"ListItem","position":1,"name":"Home","item":"https:\/\/myperfectdog.lv\/"},{"@type":"ListItem","position":2,"name":"Izgl\u012btojo\u0161i materi\u0101li","item":"https:\/\/myperfectdog.lv\/izglitojosi\/"},{"@type":"ListItem","position":3,"name":"Grau\u0161anas opcijas sunim"}]},{"@type":"WebSite","@id":"https:\/\/myperfectdog.lv\/#website","url":"https:\/\/myperfectdog.lv\/","name":"MyPerfectDog.lv","description":"Su\u0146u un saimnieku skola","publisher":{"@id":"https:\/\/myperfectdog.lv\/#organization"},"potentialAction":[{"@type":"SearchAction","target":{"@type":"EntryPoint","urlTemplate":"https:\/\/myperfectdog.lv\/?s={search_term_string}"},"query-input":{"@type":"PropertyValueSpecification","valueRequired":true,"valueName":"search_term_string"}}],"inLanguage":"en-GB"},{"@type":"Organization","@id":"https:\/\/myperfectdog.lv\/#organization","name":"Su\u0146u & saimnieku skola \"My Perfect Dog\"","url":"https:\/\/myperfectdog.lv\/","logo":{"@type":"ImageObject","inLanguage":"en-GB","@id":"https:\/\/myperfectdog.lv\/#\/schema\/logo\/image\/","url":"https:\/\/myperfectdog.lv\/wp-content\/uploads\/2020\/10\/MyPerfectDog-New-logo_peach_plakans.png","contentUrl":"https:\/\/myperfectdog.lv\/wp-content\/uploads\/2020\/10\/MyPerfectDog-New-logo_peach_plakans.png","width":1200,"height":636,"caption":"Su\u0146u & saimnieku skola \"My Perfect Dog\""},"image":{"@id":"https:\/\/myperfectdog.lv\/#\/schema\/logo\/image\/"}}]}},"jetpack_sharing_enabled":true,"_links":{"self":[{"href":"https:\/\/myperfectdog.lv\/en\/wp-json\/wp\/v2\/pages\/4240","targetHints":{"allow":["GET"]}}],"collection":[{"href":"https:\/\/myperfectdog.lv\/en\/wp-json\/wp\/v2\/pages"}],"about":[{"href":"https:\/\/myperfectdog.lv\/en\/wp-json\/wp\/v2\/types\/page"}],"author":[{"embeddable":true,"href":"https:\/\/myperfectdog.lv\/en\/wp-json\/wp\/v2\/users\/1"}],"replies":[{"embeddable":true,"href":"https:\/\/myperfectdog.lv\/en\/wp-json\/wp\/v2\/comments?post=4240"}],"version-history":[{"count":1,"href":"https:\/\/myperfectdog.lv\/en\/wp-json\/wp\/v2\/pages\/4240\/revisions"}],"predecessor-version":[{"id":11271,"href":"https:\/\/myperfectdog.lv\/en\/wp-json\/wp\/v2\/pages\/4240\/revisions\/11271"}],"up":[{"embeddable":true,"href":"https:\/\/myperfectdog.lv\/en\/wp-json\/wp\/v2\/pages\/2210"}],"wp:attachment":[{"href":"https:\/\/myperfectdog.lv\/en\/wp-json\/wp\/v2\/media?parent=4240"}],"curies":[{"name":"wp","href":"https:\/\/api.w.org\/{rel}","templated":true}]}}