{"id":4814,"date":"2022-08-27T00:35:07","date_gmt":"2022-08-26T22:35:07","guid":{"rendered":"https:\/\/myperfectdog.lv\/?page_id=4814"},"modified":"2024-07-24T15:43:50","modified_gmt":"2024-07-24T13:43:50","slug":"%d0%ba%d0%be%d0%bd%d1%82%d0%b0%d0%ba%d1%82%d1%8b","status":"publish","type":"page","link":"https:\/\/myperfectdog.lv\/en\/%d0%ba%d0%be%d0%bd%d1%82%d0%b0%d0%ba%d1%82%d1%8b\/","title":{"rendered":"\u041a\u041e\u041d\u0422\u0410\u041a\u0422\u042b"},"content":{"rendered":"<a href=\"https:\/\/myperfectdog.lv\/en\/\" target=\"_self\" itemprop=\"url\" rel=\"noopener\">\n\t\t\t\t<img decoding=\"async\" src=\"https:\/\/myperfectdog.lv\/wp-content\/uploads\/2020\/10\/MyPerfectDog-New-logo_peach_plakans.png\" alt=\"MyPerfectDog-New-logo_peach_plakans\" itemprop=\"image\" title=\"MyPerfectDog-New-logo_peach_plakans\" onerror=\"this.style.display='none'\"  \/>\n\t\t\t\t<\/a>\n\t\t\t\t<a href=\"https:\/\/myperfectdog.lv\/en\/\" target=\"_self\" itemprop=\"url\" rel=\"noopener\">\n\t\t\t\t<img decoding=\"async\" src=\"https:\/\/myperfectdog.lv\/wp-content\/uploads\/2020\/10\/MyPerfectDog-New-logo_peach_plakans.png\" alt=\"MyPerfectDog-New-logo_peach_plakans\" itemprop=\"image\" title=\"MyPerfectDog-New-logo_peach_plakans\" onerror=\"this.style.display='none'\"  \/>\n\t\t\t\t<\/a>\n<h1>\n\t\t\u0414\u041b\u042f \u0421\u0412\u042f\u0417\u0418\n\t<\/h1>\n<h2>\n\t\t\u0417\u0430 \u0433\u0430\u0440\u043c\u043e\u043d\u0438\u0447\u043d\u044b\u0435 \u043e\u0442\u043d\u043e\u0448\u0435\u043d\u0438\u044f \u043c\u0435\u0436\u0434\u0443 \u0441\u043e\u0431\u0430\u043a\u043e\u0439 \u0438 \u0432\u043b\u0430\u0434\u0435\u043b\u044c\u0446\u0435\u043c!\n\t<\/h2>\n\t<p>Su\u0146u &amp; saimnieku skolas<\/p>\n<p>&#8220;My Perfect Dog&#8221; telefona numurs:<\/p>\n\t<p>+371 27993370<\/p>\n\t<p>\u0428\u043a\u043e\u043b\u0430 \u0441\u043e\u0431\u0430\u043a \u0438 \u0438\u0445 \u0432\u043b\u0430\u0434\u0435\u043b\u044c\u0446\u0435\u0432 &#8220;My Perfect Dog&#8221;\u00a0\u043d\u043e\u043c\u0435\u0440 \u0442\u0435\u043b\u0435\u0444\u043e\u043d\u0430:<\/p>\n\t<p>+371 27993370<\/p>\n\t<p>NODARB\u012aB\u0100M VARI PIETEIKTIES, RAKSTOT \u0160EIT:<\/p>\n\t\t\t<a href=\"https:\/\/www.facebook.com\/myperfectdog\" target=\"_blank\" role=\"button\" rel=\"noopener\">\n\t\t\t\t\t\tFacebook\n\t\t\t\t\t<\/a>\n\t\t\t<a href=\"https:\/\/www.instagram.com\/myperfectdoglv\/\" target=\"_self\" role=\"button\" rel=\"noopener\">\n\t\t\t\t\t\tInstagram\n\t\t\t\t\t<\/a>\n<h2>\n\t\t\u0424\u041e\u0420\u041c\u0423\u041b\u0410 \u0423\u0421\u041f\u0415\u0425\u0410\n\t<\/h2>\n<h3>\n\t\t\u041e\u0411\u0420\u0410\u0417\u041e\u0412\u0410\u041d\u041d\u042b\u0419 \u0412\u041b\u0410\u0414\u0415\u041b\u0415\u0426\n\t<\/h3>\n<h3>\n\t\t\u041f\u041e\u041d\u0418\u041c\u0410\u042e\u0429\u0410\u042f \u0421\u041e\u0411\u0410\u041a\u0410\n\t<\/h3>\n<h3>\n\t\t\u041e\u0411\u0423\u0427\u0415\u041d\u0418\u0415 \u041f\u0420\u0418\u0421\u041f\u041e\u0421\u041e\u0411\u041b\u0415\u041d\u041e\u0415 \u0414\u041b\u042f \u0421\u041e\u0411\u0410\u041a \u0418 \u0415\u0416\u0415\u0414\u041d\u0415\u0412\u041d\u041e\u0415 \u0423\u041f\u0420\u0410\u0412\u041b\u0415\u041d\u0418\u0415\n\t<\/h3>\n<h3>\n\t\t\u0423\u0421\u041f\u0415\u0428\u041d\u041e\u0415 \u0412\u0417\u0410\u0418\u041c\u041e\u0414\u0415\u0419\u0421\u0422\u0412\u0418\u0415 \u041c\u0415\u0416\u0414\u0423 \u0412\u041b\u0410\u0414\u0415\u041b\u042c\u0426\u0415\u041c \u0418 \u0421\u041e\u0411\u0410\u041a\u041e\u0419\n\t<\/h3>\n\t<p><strong>Par &#8220;My Perfect Dog&#8221;<\/strong><\/p>\n&#8220;My Perfect Dog&#8221; ir z\u012bmols, kas reprezent\u0113 lieliskas un harmoniskas attiec\u012bbas su\u0146a un saimnieka starp\u0101, kur saimnieks ir izgl\u012btots un zino\u0161s, savuk\u0101rt suns izprasts un atbilsto\u0161i apr\u016bp\u0113ts, socializ\u0113ts un apm\u0101c\u012bts, balstoties uz pret suni \u0113tisku, dabisku un uz motiv\u0101ciju balst\u012btu apm\u0101c\u012bbu.<br \/>\n\n<p> &#8220;My Perfect Dog&#8221; pied\u0101v\u0101 su\u0146u un vi\u0146u saimnieku apm\u0101c\u012bbu, su\u0146u uzved\u012bbas konsult\u0101cijas, socializ\u0101cijas pastaigas su\u0146iem, k\u0101 ar\u012b teor\u0113tiskus un praktiskus semin\u0101rus saimniekiem.<\/p>\n\t<p><strong>Kategorijas<\/strong><\/p>\n<p><a href=\"https:\/\/myperfectdog.lv\/en\/internetveikals\/\">Internetveikals<\/a><\/p>\n<p><a href=\"https:\/\/myperfectdog.lv\/en\/apmacibu-piedavajums\/\">Apm\u0101c\u012bbu pied\u0101v\u0101jums<\/a><\/p>\n<p><a href=\"https:\/\/myperfectdog.lv\/en\/sunu-aukles\/\">Su\u0146u pieskat\u012b\u0161ana un pastaigas<\/a><\/p>\n<p><a href=\"https:\/\/myperfectdog.lv\/en\/izglitojosi-raksti\/\">Izgl\u012btojo\u0161i materi\u0101li<\/a><\/p>\n<p><a href=\"https:\/\/myperfectdog.lv\/en\/kontakti\/\">Kontakti<\/a><\/p>\n<p><a href=\"https:\/\/myperfectdog.lv\/en\/manifests\/\">M\u016bsu manifests<\/a><\/p>\n<p><a href=\"https:\/\/myperfectdog.lv\/en\/privatuma-politika\/\">Priv\u0101tuma politika<\/a><\/p>\n\t<p><strong>Sazi\u0146ai<\/strong><\/p>\n\t+371 27993370<br \/>\nliga@myperfectdog.lv\n\t<p><strong>Seko &#8220;My Perfect Dog&#8221;<\/strong><\/p>\n\t\t\t\t<img decoding=\"async\" src=\"https:\/\/myperfectdog.lv\/wp-content\/uploads\/2020\/09\/PDTE-Logo2-150x150.png\" alt=\"PDTE-Logo2\" itemprop=\"image\" title=\"PDTE-Logo2\" onerror=\"this.style.display='none'\"  \/>\n\t<p><strong>Par &#8220;My Perfect Dog&#8221;<\/strong><\/p>\n&#8220;My Perfect Dog&#8221; ir z\u012bmols, kas reprezent\u0113 lieliskas un harmoniskas attiec\u012bbas su\u0146a un saimnieka starp\u0101, kur saimnieks ir izgl\u012btots un zino\u0161s, savuk\u0101rt suns izprasts un atbilsto\u0161i apr\u016bp\u0113ts, socializ\u0113ts un apm\u0101c\u012bts, balstoties uz pret suni \u0113tisku, dabisku un uz motiv\u0101ciju balst\u012btu apm\u0101c\u012bbu.<br \/>\n\n<p> &#8220;My Perfect Dog&#8221; pied\u0101v\u0101 su\u0146u un vi\u0146u saimnieku apm\u0101c\u012bbu, su\u0146u uzved\u012bbas konsult\u0101cijas, socializ\u0101cijas pastaigas su\u0146iem, k\u0101 ar\u012b teor\u0113tiskus un praktiskus semin\u0101rus saimniekiem.<\/p>\n\t<p><strong>Sazi\u0146ai<\/strong><\/p>\n\t+371 27993370<br \/>\nliga@myperfectdog.lv\n\t<p><strong>Seko &#8220;My Perfect Dog&#8221;<\/strong><\/p>\n<h5>\n\t\t<a href=\"https:\/\/myperfectdog.lv\/en\/privatuma-politika\/\" title=\"Priv\u0101tuma politika\" target=\"_self\" rel=\"noopener\">\n\t\tPriv\u0101tuma politika\n\t\t<\/a>\n\t<\/h5>","protected":false},"excerpt":{"rendered":"<p>\u0414\u041b\u042f \u0421\u0412\u042f\u0417\u0418 \u0417\u0430 \u0433\u0430\u0440\u043c\u043e\u043d\u0438\u0447\u043d\u044b\u0435 \u043e\u0442\u043d\u043e\u0448\u0435\u043d\u0438\u044f \u043c\u0435\u0436\u0434\u0443 \u0441\u043e\u0431\u0430\u043a\u043e\u0439 \u0438 \u0432\u043b\u0430\u0434\u0435\u043b\u044c\u0446\u0435\u043c! Su\u0146u &amp; saimnieku skolas &#8220;My Perfect Dog&#8221; telefona numurs: +371 27993370 \u0428\u043a\u043e\u043b\u0430 \u0441\u043e\u0431\u0430\u043a \u0438 \u0438\u0445 \u0432\u043b\u0430\u0434\u0435\u043b\u044c\u0446\u0435\u0432 &#8220;My Perfect Dog&#8221;\u00a0\u043d\u043e\u043c\u0435\u0440 \u0442\u0435\u043b\u0435\u0444\u043e\u043d\u0430: +371 27993370 NODARB\u012aB\u0100M VARI PIETEIKTIES, RAKSTOT \u0160EIT: Facebook Instagram \u0424\u041e\u0420\u041c\u0423\u041b\u0410 \u0423\u0421\u041f\u0415\u0425\u0410 \u041e\u0411\u0420\u0410\u0417\u041e\u0412\u0410\u041d\u041d\u042b\u0419 \u0412\u041b\u0410\u0414\u0415\u041b\u0415\u0426 \u041f\u041e\u041d\u0418\u041c\u0410\u042e\u0429\u0410\u042f \u0421\u041e\u0411\u0410\u041a\u0410 \u041e\u0411\u0423\u0427\u0415\u041d\u0418\u0415 \u041f\u0420\u0418\u0421\u041f\u041e\u0421\u041e\u0411\u041b\u0415\u041d\u041e\u0415 \u0414\u041b\u042f \u0421\u041e\u0411\u0410\u041a \u0418 \u0415\u0416\u0415\u0414\u041d\u0415\u0412\u041d\u041e\u0415 \u0423\u041f\u0420\u0410\u0412\u041b\u0415\u041d\u0418\u0415 \u0423\u0421\u041f\u0415\u0428\u041d\u041e\u0415 \u0412\u0417\u0410\u0418\u041c\u041e\u0414\u0415\u0419\u0421\u0422\u0412\u0418\u0415 \u041c\u0415\u0416\u0414\u0423 \u0412\u041b\u0410\u0414\u0415\u041b\u042c\u0426\u0415\u041c&hellip;<\/p>","protected":false},"author":1,"featured_media":0,"parent":0,"menu_order":0,"comment_status":"closed","ping_status":"closed","template":"","meta":{"footnotes":""},"class_list":["post-4814","page","type-page","status-publish","hentry"],"yoast_head":"<!-- This site is optimized with the Yoast SEO plugin v27.5 - https:\/\/yoast.com\/product\/yoast-seo-wordpress\/ -->\n<title>\u041a\u041e\u041d\u0422\u0410\u041a\u0422\u042b | MyPerfectDog.lv<\/title>\n<meta name=\"robots\" content=\"index, follow, max-snippet:-1, max-image-preview:large, max-video-preview:-1\" \/>\n<link rel=\"canonical\" href=\"https:\/\/myperfectdog.lv\/en\/\u043a\u043e\u043d\u0442\u0430\u043a\u0442\u044b\/\" \/>\n<meta property=\"og:locale\" content=\"en_GB\" \/>\n<meta property=\"og:type\" content=\"article\" \/>\n<meta property=\"og:title\" content=\"\u041a\u041e\u041d\u0422\u0410\u041a\u0422\u042b | MyPerfectDog.lv\" \/>\n<meta property=\"og:description\" content=\"\u0414\u041b\u042f \u0421\u0412\u042f\u0417\u0418 \u0417\u0430 \u0433\u0430\u0440\u043c\u043e\u043d\u0438\u0447\u043d\u044b\u0435 \u043e\u0442\u043d\u043e\u0448\u0435\u043d\u0438\u044f \u043c\u0435\u0436\u0434\u0443 \u0441\u043e\u0431\u0430\u043a\u043e\u0439 \u0438 \u0432\u043b\u0430\u0434\u0435\u043b\u044c\u0446\u0435\u043c! Su\u0146u &amp; saimnieku skolas &#8220;My Perfect Dog&#8221; telefona numurs: +371 27993370 \u0428\u043a\u043e\u043b\u0430 \u0441\u043e\u0431\u0430\u043a \u0438 \u0438\u0445 \u0432\u043b\u0430\u0434\u0435\u043b\u044c\u0446\u0435\u0432 &#8220;My Perfect Dog&#8221;\u00a0\u043d\u043e\u043c\u0435\u0440 \u0442\u0435\u043b\u0435\u0444\u043e\u043d\u0430: +371 27993370 NODARB\u012aB\u0100M VARI PIETEIKTIES, RAKSTOT \u0160EIT: Facebook Instagram \u0424\u041e\u0420\u041c\u0423\u041b\u0410 \u0423\u0421\u041f\u0415\u0425\u0410 \u041e\u0411\u0420\u0410\u0417\u041e\u0412\u0410\u041d\u041d\u042b\u0419 \u0412\u041b\u0410\u0414\u0415\u041b\u0415\u0426 \u041f\u041e\u041d\u0418\u041c\u0410\u042e\u0429\u0410\u042f \u0421\u041e\u0411\u0410\u041a\u0410 \u041e\u0411\u0423\u0427\u0415\u041d\u0418\u0415 \u041f\u0420\u0418\u0421\u041f\u041e\u0421\u041e\u0411\u041b\u0415\u041d\u041e\u0415 \u0414\u041b\u042f \u0421\u041e\u0411\u0410\u041a \u0418 \u0415\u0416\u0415\u0414\u041d\u0415\u0412\u041d\u041e\u0415 \u0423\u041f\u0420\u0410\u0412\u041b\u0415\u041d\u0418\u0415 \u0423\u0421\u041f\u0415\u0428\u041d\u041e\u0415 \u0412\u0417\u0410\u0418\u041c\u041e\u0414\u0415\u0419\u0421\u0422\u0412\u0418\u0415 \u041c\u0415\u0416\u0414\u0423 \u0412\u041b\u0410\u0414\u0415\u041b\u042c\u0426\u0415\u041c&hellip;\" \/>\n<meta property=\"og:url\" content=\"https:\/\/myperfectdog.lv\/en\/\u043a\u043e\u043d\u0442\u0430\u043a\u0442\u044b\/\" \/>\n<meta property=\"og:site_name\" content=\"MyPerfectDog.lv\" \/>\n<meta property=\"article:modified_time\" content=\"2024-07-24T13:43:50+00:00\" \/>\n<meta property=\"og:image\" content=\"https:\/\/myperfectdog.lv\/wp-content\/uploads\/2020\/10\/MyPerfectDog-New-logo_peach_plakans.png\" \/>\n<meta name=\"twitter:card\" content=\"summary_large_image\" \/>\n<meta name=\"twitter:label1\" content=\"Estimated reading time\" \/>\n\t<meta name=\"twitter:data1\" content=\"1 minute\" \/>\n<script type=\"application\/ld+json\" class=\"yoast-schema-graph\">{\"@context\":\"https:\\\/\\\/schema.org\",\"@graph\":[{\"@type\":\"WebPage\",\"@id\":\"https:\\\/\\\/myperfectdog.lv\\\/%d0%ba%d0%be%d0%bd%d1%82%d0%b0%d0%ba%d1%82%d1%8b\\\/\",\"url\":\"https:\\\/\\\/myperfectdog.lv\\\/%d0%ba%d0%be%d0%bd%d1%82%d0%b0%d0%ba%d1%82%d1%8b\\\/\",\"name\":\"\u041a\u041e\u041d\u0422\u0410\u041a\u0422\u042b | MyPerfectDog.lv\",\"isPartOf\":{\"@id\":\"https:\\\/\\\/myperfectdog.lv\\\/#website\"},\"primaryImageOfPage\":{\"@id\":\"https:\\\/\\\/myperfectdog.lv\\\/%d0%ba%d0%be%d0%bd%d1%82%d0%b0%d0%ba%d1%82%d1%8b\\\/#primaryimage\"},\"image\":{\"@id\":\"https:\\\/\\\/myperfectdog.lv\\\/%d0%ba%d0%be%d0%bd%d1%82%d0%b0%d0%ba%d1%82%d1%8b\\\/#primaryimage\"},\"thumbnailUrl\":\"https:\\\/\\\/myperfectdog.lv\\\/wp-content\\\/uploads\\\/2020\\\/10\\\/MyPerfectDog-New-logo_peach_plakans.png\",\"datePublished\":\"2022-08-26T22:35:07+00:00\",\"dateModified\":\"2024-07-24T13:43:50+00:00\",\"breadcrumb\":{\"@id\":\"https:\\\/\\\/myperfectdog.lv\\\/%d0%ba%d0%be%d0%bd%d1%82%d0%b0%d0%ba%d1%82%d1%8b\\\/#breadcrumb\"},\"inLanguage\":\"en-GB\",\"potentialAction\":[{\"@type\":\"ReadAction\",\"target\":[\"https:\\\/\\\/myperfectdog.lv\\\/%d0%ba%d0%be%d0%bd%d1%82%d0%b0%d0%ba%d1%82%d1%8b\\\/\"]}]},{\"@type\":\"ImageObject\",\"inLanguage\":\"en-GB\",\"@id\":\"https:\\\/\\\/myperfectdog.lv\\\/%d0%ba%d0%be%d0%bd%d1%82%d0%b0%d0%ba%d1%82%d1%8b\\\/#primaryimage\",\"url\":\"https:\\\/\\\/myperfectdog.lv\\\/wp-content\\\/uploads\\\/2020\\\/10\\\/MyPerfectDog-New-logo_peach_plakans.png\",\"contentUrl\":\"https:\\\/\\\/myperfectdog.lv\\\/wp-content\\\/uploads\\\/2020\\\/10\\\/MyPerfectDog-New-logo_peach_plakans.png\"},{\"@type\":\"BreadcrumbList\",\"@id\":\"https:\\\/\\\/myperfectdog.lv\\\/%d0%ba%d0%be%d0%bd%d1%82%d0%b0%d0%ba%d1%82%d1%8b\\\/#breadcrumb\",\"itemListElement\":[{\"@type\":\"ListItem\",\"position\":1,\"name\":\"Home\",\"item\":\"https:\\\/\\\/myperfectdog.lv\\\/\"},{\"@type\":\"ListItem\",\"position\":2,\"name\":\"\u041a\u041e\u041d\u0422\u0410\u041a\u0422\u042b\"}]},{\"@type\":\"WebSite\",\"@id\":\"https:\\\/\\\/myperfectdog.lv\\\/#website\",\"url\":\"https:\\\/\\\/myperfectdog.lv\\\/\",\"name\":\"MyPerfectDog.lv\",\"description\":\"Su\u0146u un saimnieku skola\",\"publisher\":{\"@id\":\"https:\\\/\\\/myperfectdog.lv\\\/#organization\"},\"potentialAction\":[{\"@type\":\"SearchAction\",\"target\":{\"@type\":\"EntryPoint\",\"urlTemplate\":\"https:\\\/\\\/myperfectdog.lv\\\/?s={search_term_string}\"},\"query-input\":{\"@type\":\"PropertyValueSpecification\",\"valueRequired\":true,\"valueName\":\"search_term_string\"}}],\"inLanguage\":\"en-GB\"},{\"@type\":\"Organization\",\"@id\":\"https:\\\/\\\/myperfectdog.lv\\\/#organization\",\"name\":\"Su\u0146u & saimnieku skola \\\"My Perfect Dog\\\"\",\"url\":\"https:\\\/\\\/myperfectdog.lv\\\/\",\"logo\":{\"@type\":\"ImageObject\",\"inLanguage\":\"en-GB\",\"@id\":\"https:\\\/\\\/myperfectdog.lv\\\/#\\\/schema\\\/logo\\\/image\\\/\",\"url\":\"https:\\\/\\\/myperfectdog.lv\\\/wp-content\\\/uploads\\\/2020\\\/10\\\/MyPerfectDog-New-logo_peach_plakans.png\",\"contentUrl\":\"https:\\\/\\\/myperfectdog.lv\\\/wp-content\\\/uploads\\\/2020\\\/10\\\/MyPerfectDog-New-logo_peach_plakans.png\",\"width\":1200,\"height\":636,\"caption\":\"Su\u0146u & saimnieku skola \\\"My Perfect Dog\\\"\"},\"image\":{\"@id\":\"https:\\\/\\\/myperfectdog.lv\\\/#\\\/schema\\\/logo\\\/image\\\/\"}}]}<\/script>\n<!-- \/ Yoast SEO plugin. -->","yoast_head_json":{"title":"\u041a\u041e\u041d\u0422\u0410\u041a\u0422\u042b | MyPerfectDog.lv","robots":{"index":"index","follow":"follow","max-snippet":"max-snippet:-1","max-image-preview":"max-image-preview:large","max-video-preview":"max-video-preview:-1"},"canonical":"https:\/\/myperfectdog.lv\/en\/\u043a\u043e\u043d\u0442\u0430\u043a\u0442\u044b\/","og_locale":"en_GB","og_type":"article","og_title":"\u041a\u041e\u041d\u0422\u0410\u041a\u0422\u042b | MyPerfectDog.lv","og_description":"\u0414\u041b\u042f \u0421\u0412\u042f\u0417\u0418 \u0417\u0430 \u0433\u0430\u0440\u043c\u043e\u043d\u0438\u0447\u043d\u044b\u0435 \u043e\u0442\u043d\u043e\u0448\u0435\u043d\u0438\u044f \u043c\u0435\u0436\u0434\u0443 \u0441\u043e\u0431\u0430\u043a\u043e\u0439 \u0438 \u0432\u043b\u0430\u0434\u0435\u043b\u044c\u0446\u0435\u043c! Su\u0146u &amp; saimnieku skolas &#8220;My Perfect Dog&#8221; telefona numurs: +371 27993370 \u0428\u043a\u043e\u043b\u0430 \u0441\u043e\u0431\u0430\u043a \u0438 \u0438\u0445 \u0432\u043b\u0430\u0434\u0435\u043b\u044c\u0446\u0435\u0432 &#8220;My Perfect Dog&#8221;\u00a0\u043d\u043e\u043c\u0435\u0440 \u0442\u0435\u043b\u0435\u0444\u043e\u043d\u0430: +371 27993370 NODARB\u012aB\u0100M VARI PIETEIKTIES, RAKSTOT \u0160EIT: Facebook Instagram \u0424\u041e\u0420\u041c\u0423\u041b\u0410 \u0423\u0421\u041f\u0415\u0425\u0410 \u041e\u0411\u0420\u0410\u0417\u041e\u0412\u0410\u041d\u041d\u042b\u0419 \u0412\u041b\u0410\u0414\u0415\u041b\u0415\u0426 \u041f\u041e\u041d\u0418\u041c\u0410\u042e\u0429\u0410\u042f \u0421\u041e\u0411\u0410\u041a\u0410 \u041e\u0411\u0423\u0427\u0415\u041d\u0418\u0415 \u041f\u0420\u0418\u0421\u041f\u041e\u0421\u041e\u0411\u041b\u0415\u041d\u041e\u0415 \u0414\u041b\u042f \u0421\u041e\u0411\u0410\u041a \u0418 \u0415\u0416\u0415\u0414\u041d\u0415\u0412\u041d\u041e\u0415 \u0423\u041f\u0420\u0410\u0412\u041b\u0415\u041d\u0418\u0415 \u0423\u0421\u041f\u0415\u0428\u041d\u041e\u0415 \u0412\u0417\u0410\u0418\u041c\u041e\u0414\u0415\u0419\u0421\u0422\u0412\u0418\u0415 \u041c\u0415\u0416\u0414\u0423 \u0412\u041b\u0410\u0414\u0415\u041b\u042c\u0426\u0415\u041c&hellip;","og_url":"https:\/\/myperfectdog.lv\/en\/\u043a\u043e\u043d\u0442\u0430\u043a\u0442\u044b\/","og_site_name":"MyPerfectDog.lv","article_modified_time":"2024-07-24T13:43:50+00:00","og_image":[{"url":"https:\/\/myperfectdog.lv\/wp-content\/uploads\/2020\/10\/MyPerfectDog-New-logo_peach_plakans.png","type":"","width":"","height":""}],"twitter_card":"summary_large_image","twitter_misc":{"Estimated reading time":"1 minute"},"schema":{"@context":"https:\/\/schema.org","@graph":[{"@type":"WebPage","@id":"https:\/\/myperfectdog.lv\/%d0%ba%d0%be%d0%bd%d1%82%d0%b0%d0%ba%d1%82%d1%8b\/","url":"https:\/\/myperfectdog.lv\/%d0%ba%d0%be%d0%bd%d1%82%d0%b0%d0%ba%d1%82%d1%8b\/","name":"\u041a\u041e\u041d\u0422\u0410\u041a\u0422\u042b | MyPerfectDog.lv","isPartOf":{"@id":"https:\/\/myperfectdog.lv\/#website"},"primaryImageOfPage":{"@id":"https:\/\/myperfectdog.lv\/%d0%ba%d0%be%d0%bd%d1%82%d0%b0%d0%ba%d1%82%d1%8b\/#primaryimage"},"image":{"@id":"https:\/\/myperfectdog.lv\/%d0%ba%d0%be%d0%bd%d1%82%d0%b0%d0%ba%d1%82%d1%8b\/#primaryimage"},"thumbnailUrl":"https:\/\/myperfectdog.lv\/wp-content\/uploads\/2020\/10\/MyPerfectDog-New-logo_peach_plakans.png","datePublished":"2022-08-26T22:35:07+00:00","dateModified":"2024-07-24T13:43:50+00:00","breadcrumb":{"@id":"https:\/\/myperfectdog.lv\/%d0%ba%d0%be%d0%bd%d1%82%d0%b0%d0%ba%d1%82%d1%8b\/#breadcrumb"},"inLanguage":"en-GB","potentialAction":[{"@type":"ReadAction","target":["https:\/\/myperfectdog.lv\/%d0%ba%d0%be%d0%bd%d1%82%d0%b0%d0%ba%d1%82%d1%8b\/"]}]},{"@type":"ImageObject","inLanguage":"en-GB","@id":"https:\/\/myperfectdog.lv\/%d0%ba%d0%be%d0%bd%d1%82%d0%b0%d0%ba%d1%82%d1%8b\/#primaryimage","url":"https:\/\/myperfectdog.lv\/wp-content\/uploads\/2020\/10\/MyPerfectDog-New-logo_peach_plakans.png","contentUrl":"https:\/\/myperfectdog.lv\/wp-content\/uploads\/2020\/10\/MyPerfectDog-New-logo_peach_plakans.png"},{"@type":"BreadcrumbList","@id":"https:\/\/myperfectdog.lv\/%d0%ba%d0%be%d0%bd%d1%82%d0%b0%d0%ba%d1%82%d1%8b\/#breadcrumb","itemListElement":[{"@type":"ListItem","position":1,"name":"Home","item":"https:\/\/myperfectdog.lv\/"},{"@type":"ListItem","position":2,"name":"\u041a\u041e\u041d\u0422\u0410\u041a\u0422\u042b"}]},{"@type":"WebSite","@id":"https:\/\/myperfectdog.lv\/#website","url":"https:\/\/myperfectdog.lv\/","name":"MyPerfectDog.lv","description":"Su\u0146u un saimnieku skola","publisher":{"@id":"https:\/\/myperfectdog.lv\/#organization"},"potentialAction":[{"@type":"SearchAction","target":{"@type":"EntryPoint","urlTemplate":"https:\/\/myperfectdog.lv\/?s={search_term_string}"},"query-input":{"@type":"PropertyValueSpecification","valueRequired":true,"valueName":"search_term_string"}}],"inLanguage":"en-GB"},{"@type":"Organization","@id":"https:\/\/myperfectdog.lv\/#organization","name":"Su\u0146u & saimnieku skola \"My Perfect Dog\"","url":"https:\/\/myperfectdog.lv\/","logo":{"@type":"ImageObject","inLanguage":"en-GB","@id":"https:\/\/myperfectdog.lv\/#\/schema\/logo\/image\/","url":"https:\/\/myperfectdog.lv\/wp-content\/uploads\/2020\/10\/MyPerfectDog-New-logo_peach_plakans.png","contentUrl":"https:\/\/myperfectdog.lv\/wp-content\/uploads\/2020\/10\/MyPerfectDog-New-logo_peach_plakans.png","width":1200,"height":636,"caption":"Su\u0146u & saimnieku skola \"My Perfect Dog\""},"image":{"@id":"https:\/\/myperfectdog.lv\/#\/schema\/logo\/image\/"}}]}},"jetpack_sharing_enabled":true,"_links":{"self":[{"href":"https:\/\/myperfectdog.lv\/en\/wp-json\/wp\/v2\/pages\/4814","targetHints":{"allow":["GET"]}}],"collection":[{"href":"https:\/\/myperfectdog.lv\/en\/wp-json\/wp\/v2\/pages"}],"about":[{"href":"https:\/\/myperfectdog.lv\/en\/wp-json\/wp\/v2\/types\/page"}],"author":[{"embeddable":true,"href":"https:\/\/myperfectdog.lv\/en\/wp-json\/wp\/v2\/users\/1"}],"replies":[{"embeddable":true,"href":"https:\/\/myperfectdog.lv\/en\/wp-json\/wp\/v2\/comments?post=4814"}],"version-history":[{"count":0,"href":"https:\/\/myperfectdog.lv\/en\/wp-json\/wp\/v2\/pages\/4814\/revisions"}],"wp:attachment":[{"href":"https:\/\/myperfectdog.lv\/en\/wp-json\/wp\/v2\/media?parent=4814"}],"curies":[{"name":"wp","href":"https:\/\/api.w.org\/{rel}","templated":true}]}}