{"id":6589,"date":"2023-03-13T08:08:29","date_gmt":"2023-03-13T06:08:29","guid":{"rendered":"https:\/\/myperfectdog.lv\/?page_id=6589"},"modified":"2024-08-08T15:36:16","modified_gmt":"2024-08-08T13:36:16","slug":"berna-un-suna-sadarbiba","status":"publish","type":"page","link":"https:\/\/myperfectdog.lv\/en\/izglitojosi\/berna-un-suna-sadarbiba\/","title":{"rendered":"Praktiski padomi, k\u0101 veidot b\u0113rna un su\u0146a sadarb\u012bbu un savstarp\u0113j\u0101s attiec\u012bbas"},"content":{"rendered":"<a href=\"https:\/\/myperfectdog.lv\/en\/\" target=\"_self\" itemprop=\"url\" rel=\"noopener\">\n\t\t\t\t<img decoding=\"async\" src=\"https:\/\/myperfectdog.lv\/wp-content\/uploads\/2020\/10\/MyPerfectDog-New-logo_peach_plakans.png\" alt=\"MyPerfectDog-New-logo_peach_plakans\" itemprop=\"image\" title=\"MyPerfectDog-New-logo_peach_plakans\" onerror=\"this.style.display='none'\"  \/>\n\t\t\t\t<\/a>\n\t\t\t\t<img decoding=\"async\" src=\"https:\/\/myperfectdog.lv\/wp-content\/uploads\/2020\/10\/MyPerfectDog-New-logo_peach_plakans.png\" alt=\"MyPerfectDog-New-logo_peach_plakans\" itemprop=\"image\" title=\"MyPerfectDog-New-logo_peach_plakans\" onerror=\"this.style.display='none'\"  \/>\n<h2>\n\t\tPraktiski padomi,\n\t<\/h2>\n<h3>\n\t\tk\u0101 veidot b\u0113rna un su\u0146a sadarb\u012bbu un savstarp\u0113j\u0101s attiec\u012bbas\n\t<\/h3>\n\t<p>Par to, k\u0101 sagatavoties su\u0146a vai b\u0113rna ien\u0101k\u0161anai \u0123imen\u0113 un visp\u0101r\u012bgiem pamatprincipiem, kas j\u0101\u0146em v\u0113r\u0101, organiz\u0113jot b\u0113rna un su\u0146a kopdz\u012bvi, <a href=\"https:\/\/myperfectdog.lv\/en\/izglitojosi-raksti\/suns-un-berns\/\">rakst\u012bj\u0101m \u0161ai rakst\u0101<\/a>. \u0160oreiz piev\u0113rs\u012bsimies su\u0146a un b\u0113rna attiec\u012bbu veido\u0161anas praktiskajiem aspektiem jeb noteikumiem, ko m\u0101c\u012bt b\u0113rnam par sadarb\u012bbu ar suni un sunim &#8211; par sadarb\u012bbu ar b\u0113rnu.<\/p>\n\t\t\t\t<img decoding=\"async\" src=\"https:\/\/myperfectdog.lv\/wp-content\/uploads\/2023\/03\/fotoieva-myperfectdog-aug-2022-2dala-291.jpg\" alt=\"My perfect dog\" itemprop=\"image\" title=\"My perfect dog\" onerror=\"this.style.display='none'\"  \/>\n<h2>\n\t\tKo m\u0101c\u012bt b\u0113rnam par sadarb\u012bbu ar suni:\n\t<\/h2>\n\t<ul>\n<li aria-level=\"1\">M\u0101ci b\u0113rnam atpaz\u012bst <a href=\"https:\/\/myperfectdog.lv\/en\/product\/divas-izglitojosas-lekcijas-toposajiem-un-esosajiem-sunu-saimniekiem\/\">su\u0146a nomierino\u0161os un stresa sign\u0101lus<\/a>, lai b\u0113rns jau agr\u0101 vecum\u0101 m\u0101c\u0101s izprast su\u0146a saj\u016btas un attiec\u012bgi rea\u0123\u0113t (p\u0101rtraukt savu r\u012bc\u012bbu, ja sunim t\u0101 sag\u0101d\u0101 diskomfortu, stresu).\u00a0<\/li>\n<li aria-level=\"1\">M\u0101ci netrauc\u0113t suni, kam\u0113r vi\u0146\u0161 \u0113d un neaiztikt vi\u0146a \u0113dienu. Ar\u012b tad, ja suns to sp\u0113j paciest un samierin\u0101ties ar b\u0113rna kl\u0101tb\u016btni, jo m\u0113s nevaram 100% prec\u012bzi prognoz\u0113t katra su\u0146a paciet\u012bbas limitus. Un k\u0101p\u0113c gan rad\u012bt potenci\u0101li b\u012bstamas situ\u0101cijas, ja varam no t\u0101m izvair\u012bties?\u00a0<\/li>\n<li aria-level=\"1\">M\u0101ci neaiztikt gu\u013co\u0161u suni. Iesp\u0113ja netrauc\u0113ti izgul\u0113ties ir dabiska su\u0146a pamatvajadz\u012bba. M\u0101ci b\u0113rnam &#8211;\u00a0 ja v\u0113lies komunic\u0113t ar suni, pasauc suni. Ja suns izv\u0113l\u0113sies iziet uz komunik\u0101ciju ar b\u0113rnu &#8211; lieliski, lai s\u0101kas vi\u0146u kop\u012bgais laiks! Tom\u0113r, ja suns nev\u0113las n\u0101kt, nevajag vi\u0146am \u0161o komunik\u0101ciju uzspiest. Suns nav b\u0113rnu aukle un ar\u012b ne rota\u013clieta, suns ir dz\u012bva b\u016btne ar sav\u0101m emocij\u0101m un vajadz\u012bb\u0101m. T\u0101s neiev\u0113rojot, m\u0113s varam izprovoc\u0113t potenci\u0101li nepat\u012bkamas un b\u012bstamas situ\u0101cijas.<\/li>\n<li aria-level=\"1\">M\u0101ci b\u0113rnam, ka sunim ir ties\u012bbas nev\u0113l\u0113ties sp\u0113l\u0113ties. Ja suns m\u0113\u0123ina atk\u0101pties vai k\u0101 cit\u0101di izr\u0101da savu nev\u0113l\u0113\u0161anos komunic\u0113t ar b\u0113rnu, nepie\u013cauj, ka tavs b\u0113rns turpina sunim akt\u012bvi pied\u0101v\u0101t savu uzman\u012bbu &#8211; skriet vi\u0146am paka\u013c, gulties virs\u016b u.t.t.\u00a0<\/li>\n<li aria-level=\"1\">Dod iesp\u0113ju b\u0113rnam v\u0113rot un piedal\u012bties su\u0146a apm\u0101c\u012bb\u0101 (ta\u010du su\u0146a apm\u0101c\u012bba nevar b\u016bt b\u0113rna pien\u0101kums un atbild\u012bba!), kop\u012bgi izklaid\u0113ties caur da\u017e\u0101diem apm\u0101c\u012bbu uzdevumiem (komandu izpildi), ment\u0101laj\u0101m aktivit\u0101t\u0113m.\u00a0<\/li>\n<li aria-level=\"1\">M\u0101ci b\u0113rnam, k\u0101 motiv\u0113t suni uz v\u0113lamu r\u012bc\u012bbu. M\u0101ci, ka uz suni nedr\u012bkst b\u013caut, vi\u0146am nedr\u012bkst sist, kniebt vai k\u0101 cit\u0101di dar\u012bt p\u0101ri.\u00a0\u00a0<\/li>\n<li aria-level=\"1\">M\u0101ci piekl\u0101j\u012bgi un mier\u012bgi sveicin\u0101ties ar su\u0146iem &#8211; no tupus st\u0101vok\u013ca vai st\u0101vot ar nedaudz pagrieztu s\u0101nu pret suni un pastieptu roku. Ja suns iet kl\u0101t uz sasveicin\u0101\u0161anos &#8211; lieliski! Ja suns atsak\u0101s no komunik\u0101cijas, tad m\u0101ci turpm\u0101k \u0161im sunim ar savu uzman\u012bbu neuzb\u0101sties.<\/li>\n<li aria-level=\"1\">M\u0101ci neiet kl\u0101t sve\u0161iem su\u0146iem! <b>Nekad<\/b> bez sve\u0161u su\u0146u saimnieku at\u013caujas pajaut\u0101\u0161anas &#8211; nedr\u012bkst iet pie cita su\u0146a &#8211; ne pieaugu\u0161ie, ne b\u0113rni! Ne visiem su\u0146iem ir pat\u012bkama sve\u0161inieku uzman\u012bba. Sve\u0161a su\u0146a komforta zonas p\u0101rk\u0101p\u0161ana var beigties ar su\u0146a uzbrukumu, pie kura turkl\u0101t vain\u012bgs ir kl\u0101t n\u0101ko\u0161ais cilv\u0113ks, nevis suns, kam tas ir dabisks distanci palielino\u0161s sign\u0101ls, ko izprovoc\u0113jusi m\u016bsu neatbilsto\u0161\u0101 uzved\u012bba!\u00a0<\/li>\n<li aria-level=\"1\">Pats galvenais \u0146em v\u0113r\u0101 &#8211; b\u0113rns v\u0113ros j\u016bsu sadarb\u012bbu ar suni un to kop\u0113s &#8211; piedom\u0101, k\u0101 tu pats sadarbojies un komunic\u0113 ar suni da\u017e\u0101d\u0101s ikdienas situ\u0101cij\u0101s!<\/li>\n<\/ul>\n<h2>\n\t\tKo m\u0101c\u012bt sunim par sadarb\u012bbu ar b\u0113rnu: \n\t<\/h2>\n\t<ul>\n<li aria-level=\"1\">M\u0101ci sunim b\u016bt mier\u012bgam, kam\u0113r b\u0113rns skraida, l\u0113k\u0101, sp\u0113l\u0113j\u0101s ar manti\u0146\u0101m, jums vai citiem b\u0113rniem. \u0160eit noder\u0113s uzdevums &#8220;miers uz paaugstin\u0101juma&#8221;, kur suns tiek motiv\u0113ts palikt mier\u0101 sav\u0101 vieti\u0146\u0101 caur gardumu do\u0161anu periodiski par iztur\u012bbu vai grau\u017eamo aktivit\u0101ti, kam\u0113r b\u0113rns sp\u0113l\u0113jas. <a href=\"https:\/\/myperfectdog.lv\/en\/izglitojosi-raksti\/koncepti-emocionalais-miers-suna-ikdiena\/\">Vair\u0101k par miera m\u0101c\u012b\u0161anu lasi te<\/a>.\u00a0<\/li>\n<li aria-level=\"1\">M\u0101ci sunim b\u016bt mier\u012bgam un nediedel\u0113t, kam\u0113r b\u0113rns \u0113d, k\u0101 ar\u012b m\u0101ci nes\u0113d\u0113t zem\/pie b\u0113rna kr\u0113sla, lai gaid\u012btu zem\u0113 nokr\u012bto\u0161o \u0113dienu. Ar\u012b \u0161o uzved\u012bbu var m\u0101c\u012bt, izmantojot uzdevumu &#8220;miers uz paaugstin\u0101juma&#8221;, k\u0101 ar\u012b m\u0101cot sunim ne\u0113st no zemes bez at\u013caujas (sunim j\u0101iem\u0101c\u0101s ne\u0146emt \u0113dienu, kas atrodas \/ nokr\u012bt uz zemes, kam\u0113r nav dota komanda &#8220;dr\u012bkst&#8221;).\u00a0<\/li>\n<li aria-level=\"1\">M\u0101ci sunim sadarboties ar b\u0113rnu, kad b\u0113rns pied\u0101v\u0101 sunim iziet uz komunik\u0101ciju caur ment\u0101laj\u0101m aktivit\u0101t\u0113m, sadarb\u012bbas uzdevumiem (komandu izpildi). Veidojot su\u0146a un b\u0113rna sadarb\u012bbu, s\u0101kotn\u0113ji vienm\u0113r paliec blakus un velti nedal\u012btu uzman\u012bbu su\u0146a un b\u0113rna uzved\u012bbas v\u0113ro\u0161anai. Ja nepiecie\u0161ams, abu komunik\u0101ciju mier\u012bgi p\u0101rtrauc. Ja sadarb\u012bbas laik\u0101 suns m\u0113\u0123ina b\u0113rnam \u0113dienu raut \u0101r\u0101 no rok\u0101m, pal\u012bdzi sunim palikt mier\u012bgam, izmantojot rokas sign\u0101lu, kas aicina nomierin\u0101ties, atteikties.\u00a0<\/li>\n<li aria-level=\"1\">M\u0101ci sunim nel\u0113kt b\u0113rnam virs\u016b, moment\u0101 su\u0146a uzved\u012bbu caur mieru p\u0101rtraucot un p\u0101rvirzot uz citu v\u0113lamu uzved\u012bbu. Paral\u0113li m\u0101ci b\u0113rnam, k\u0101 r\u012bkoties, ja suns lec virs\u016b &#8211; neskriet, nekliegt, bet t\u0101 viet\u0101 mier\u012bgi griezt sunim muguru.<\/li>\n<\/ul>\n\t<blockquote><p>Vienm\u0113r atceries &#8211; <strong>par su\u0146a un b\u0113rnu uzved\u012bbu atbild\u012bgs ir pieaugu\u0161ais!<\/strong> Atbild\u012bbu par savstarp\u0113jo attiec\u012bbu veido\u0161anu nevar atst\u0101t &#8220;pa\u0161pl\u016bsm\u0101&#8221;. Jo r\u016bp\u012bg\u0101k str\u0101d\u0101si pie b\u0113rna un su\u0146a attiec\u012bbu veido\u0161anas, jo mier\u012bg\u0101ka un veiksm\u012bg\u0101ka b\u016bs j\u016bsu ikdiena.\u00a0<\/p><\/blockquote>\n\t\t\t\t<img decoding=\"async\" src=\"https:\/\/myperfectdog.lv\/wp-content\/uploads\/2022\/09\/Berna-un-mazul\u0327a-drosibai.jpg\" alt=\"Berna-un-mazul\u0327a-drosibai\" itemprop=\"image\" title=\"Berna-un-mazul\u0327a-drosibai\" onerror=\"this.style.display='none'\"  \/>\n\t\t\t\t<img decoding=\"async\" src=\"https:\/\/myperfectdog.lv\/wp-content\/uploads\/2022\/09\/Berna-un-suna-drosibai.jpg\" alt=\"Berna-un-suna-drosibai\" itemprop=\"image\" title=\"Berna-un-suna-drosibai\" onerror=\"this.style.display='none'\"  \/>\n\t\t\t\t<img decoding=\"async\" src=\"https:\/\/myperfectdog.lv\/wp-content\/uploads\/2022\/09\/5-uzraudzibas-veidi.jpg\" alt=\"5-uzraudzibas-veidi\" itemprop=\"image\" title=\"5-uzraudzibas-veidi\" onerror=\"this.style.display='none'\"  \/>\n\t<p><strong>Par &#8220;My Perfect Dog&#8221;<\/strong><\/p>\n&#8220;My Perfect Dog&#8221; ir z\u012bmols, kas reprezent\u0113 lieliskas un harmoniskas attiec\u012bbas su\u0146a un saimnieka starp\u0101, kur saimnieks ir izgl\u012btots un zino\u0161s, savuk\u0101rt suns izprasts un atbilsto\u0161i apr\u016bp\u0113ts, socializ\u0113ts un apm\u0101c\u012bts, balstoties uz pret suni \u0113tisku, dabisku un uz motiv\u0101ciju balst\u012btu apm\u0101c\u012bbu.<br \/>\n\n<p> &#8220;My Perfect Dog&#8221; pied\u0101v\u0101 su\u0146u un vi\u0146u saimnieku apm\u0101c\u012bbu, su\u0146u uzved\u012bbas konsult\u0101cijas, socializ\u0101cijas pastaigas su\u0146iem, k\u0101 ar\u012b teor\u0113tiskus un praktiskus semin\u0101rus saimniekiem.<\/p>\n\t<p><strong>Kategorijas<\/strong><\/p>\n<p><a href=\"https:\/\/myperfectdog.lv\/en\/internetveikals\/\">Internetveikals<\/a><\/p>\n<p><a href=\"https:\/\/myperfectdog.lv\/en\/apmacibu-piedavajums\/\">Apm\u0101c\u012bbu pied\u0101v\u0101jums<\/a><\/p>\n<p><a href=\"https:\/\/myperfectdog.lv\/en\/sunu-aukles\/\">Su\u0146u pieskat\u012b\u0161ana un pastaigas<\/a><\/p>\n<p><a href=\"https:\/\/myperfectdog.lv\/en\/izglitojosi-raksti\/\">Izgl\u012btojo\u0161i materi\u0101li<\/a><\/p>\n<p><a href=\"https:\/\/myperfectdog.lv\/en\/kontakti\/\">Kontakti<\/a><\/p>\n<p><a href=\"https:\/\/myperfectdog.lv\/en\/privatuma-politika\/\">Priv\u0101tuma politika<\/a><\/p>\n\t<p><strong>Sazi\u0146ai<\/strong><\/p>\n\t+371 27993370<br \/>\nliga@myperfectdog.lv\n\t<p><strong>Seko &#8220;My Perfect Dog&#8221;<\/strong><\/p>\n\t\t\t\t<img decoding=\"async\" src=\"https:\/\/myperfectdog.lv\/wp-content\/uploads\/2020\/09\/PDTE-Logo2-150x150.png\" alt=\"PDTE-Logo2\" itemprop=\"image\" title=\"PDTE-Logo2\" onerror=\"this.style.display='none'\"  \/>\n\t<p><strong>Par &#8220;My Perfect Dog&#8221;<\/strong><\/p>\n&#8220;My Perfect Dog&#8221; ir z\u012bmols, kas reprezent\u0113 lieliskas un harmoniskas attiec\u012bbas su\u0146a un saimnieka starp\u0101, kur saimnieks ir izgl\u012btots un zino\u0161s, savuk\u0101rt suns izprasts un atbilsto\u0161i apr\u016bp\u0113ts, socializ\u0113ts un apm\u0101c\u012bts, balstoties uz pret suni \u0113tisku, dabisku un uz motiv\u0101ciju balst\u012btu apm\u0101c\u012bbu.<br \/>\n\n<p> &#8220;My Perfect Dog&#8221; pied\u0101v\u0101 su\u0146u un vi\u0146u saimnieku apm\u0101c\u012bbu, su\u0146u uzved\u012bbas konsult\u0101cijas, socializ\u0101cijas pastaigas su\u0146iem, k\u0101 ar\u012b teor\u0113tiskus un praktiskus semin\u0101rus saimniekiem.<\/p>\n\t<p><strong>Sazi\u0146ai<\/strong><\/p>\n\t+371 27993370<br \/>\nliga@myperfectdog.lv\n\t<p><strong>Seko &#8220;My Perfect Dog&#8221;<\/strong><\/p>\n<h5>\n\t\t<a href=\"https:\/\/myperfectdog.lv\/en\/privatuma-politika\/\" title=\"Priv\u0101tuma politika\" target=\"_self\" rel=\"noopener\">\n\t\tPriv\u0101tuma politika\n\t\t<\/a>\n\t<\/h5>","protected":false},"excerpt":{"rendered":"<p>Praktiski padomi, k\u0101 veidot b\u0113rna un su\u0146a sadarb\u012bbu un savstarp\u0113j\u0101s attiec\u012bbas Par to, k\u0101 sagatavoties su\u0146a vai b\u0113rna ien\u0101k\u0161anai \u0123imen\u0113 un visp\u0101r\u012bgiem pamatprincipiem, kas j\u0101\u0146em v\u0113r\u0101, organiz\u0113jot b\u0113rna un su\u0146a kopdz\u012bvi, rakst\u012bj\u0101m \u0161ai rakst\u0101. \u0160oreiz piev\u0113rs\u012bsimies su\u0146a un b\u0113rna attiec\u012bbu veido\u0161anas praktiskajiem aspektiem jeb noteikumiem, ko m\u0101c\u012bt b\u0113rnam par sadarb\u012bbu ar suni un sunim &#8211;&hellip;<\/p>","protected":false},"author":1,"featured_media":0,"parent":2210,"menu_order":1,"comment_status":"closed","ping_status":"closed","template":"","meta":{"footnotes":""},"class_list":["post-6589","page","type-page","status-publish","hentry"],"yoast_head":"<!-- This site is optimized with the Yoast SEO plugin v27.6 - https:\/\/yoast.com\/product\/yoast-seo-wordpress\/ -->\n<title>Praktiski padomi, k\u0101 veidot b\u0113rna un su\u0146a sadarb\u012bbu un savstarp\u0113j\u0101s attiec\u012bbas | MyPerfectDog.lv<\/title>\n<meta name=\"robots\" content=\"index, follow, max-snippet:-1, max-image-preview:large, max-video-preview:-1\" \/>\n<link rel=\"canonical\" href=\"https:\/\/myperfectdog.lv\/en\/izglitojosi\/berna-un-suna-sadarbiba\/\" \/>\n<meta property=\"og:locale\" content=\"en_GB\" \/>\n<meta property=\"og:type\" content=\"article\" \/>\n<meta property=\"og:title\" content=\"Praktiski padomi, k\u0101 veidot b\u0113rna un su\u0146a sadarb\u012bbu un savstarp\u0113j\u0101s attiec\u012bbas | MyPerfectDog.lv\" \/>\n<meta property=\"og:description\" content=\"Praktiski padomi, k\u0101 veidot b\u0113rna un su\u0146a sadarb\u012bbu un savstarp\u0113j\u0101s attiec\u012bbas Par to, k\u0101 sagatavoties su\u0146a vai b\u0113rna ien\u0101k\u0161anai \u0123imen\u0113 un visp\u0101r\u012bgiem pamatprincipiem, kas j\u0101\u0146em v\u0113r\u0101, organiz\u0113jot b\u0113rna un su\u0146a kopdz\u012bvi, rakst\u012bj\u0101m \u0161ai rakst\u0101. \u0160oreiz piev\u0113rs\u012bsimies su\u0146a un b\u0113rna attiec\u012bbu veido\u0161anas praktiskajiem aspektiem jeb noteikumiem, ko m\u0101c\u012bt b\u0113rnam par sadarb\u012bbu ar suni un sunim &#8211;&hellip;\" \/>\n<meta property=\"og:url\" content=\"https:\/\/myperfectdog.lv\/en\/izglitojosi\/berna-un-suna-sadarbiba\/\" \/>\n<meta property=\"og:site_name\" content=\"MyPerfectDog.lv\" \/>\n<meta property=\"article:modified_time\" content=\"2024-08-08T13:36:16+00:00\" \/>\n<meta property=\"og:image\" content=\"https:\/\/myperfectdog.lv\/wp-content\/uploads\/2020\/10\/MyPerfectDog-New-logo_peach_plakans.png\" \/>\n<meta name=\"twitter:card\" content=\"summary_large_image\" \/>\n<meta name=\"twitter:label1\" content=\"Estimated reading time\" \/>\n\t<meta name=\"twitter:data1\" content=\"6 minutes\" \/>\n<script type=\"application\/ld+json\" class=\"yoast-schema-graph\">{\"@context\":\"https:\\\/\\\/schema.org\",\"@graph\":[{\"@type\":\"WebPage\",\"@id\":\"https:\\\/\\\/myperfectdog.lv\\\/izglitojosi\\\/berna-un-suna-sadarbiba\\\/\",\"url\":\"https:\\\/\\\/myperfectdog.lv\\\/izglitojosi\\\/berna-un-suna-sadarbiba\\\/\",\"name\":\"Praktiski padomi, k\u0101 veidot b\u0113rna un su\u0146a sadarb\u012bbu un savstarp\u0113j\u0101s attiec\u012bbas | MyPerfectDog.lv\",\"isPartOf\":{\"@id\":\"https:\\\/\\\/myperfectdog.lv\\\/#website\"},\"primaryImageOfPage\":{\"@id\":\"https:\\\/\\\/myperfectdog.lv\\\/izglitojosi\\\/berna-un-suna-sadarbiba\\\/#primaryimage\"},\"image\":{\"@id\":\"https:\\\/\\\/myperfectdog.lv\\\/izglitojosi\\\/berna-un-suna-sadarbiba\\\/#primaryimage\"},\"thumbnailUrl\":\"https:\\\/\\\/myperfectdog.lv\\\/wp-content\\\/uploads\\\/2020\\\/10\\\/MyPerfectDog-New-logo_peach_plakans.png\",\"datePublished\":\"2023-03-13T06:08:29+00:00\",\"dateModified\":\"2024-08-08T13:36:16+00:00\",\"breadcrumb\":{\"@id\":\"https:\\\/\\\/myperfectdog.lv\\\/izglitojosi\\\/berna-un-suna-sadarbiba\\\/#breadcrumb\"},\"inLanguage\":\"en-GB\",\"potentialAction\":[{\"@type\":\"ReadAction\",\"target\":[\"https:\\\/\\\/myperfectdog.lv\\\/izglitojosi\\\/berna-un-suna-sadarbiba\\\/\"]}]},{\"@type\":\"ImageObject\",\"inLanguage\":\"en-GB\",\"@id\":\"https:\\\/\\\/myperfectdog.lv\\\/izglitojosi\\\/berna-un-suna-sadarbiba\\\/#primaryimage\",\"url\":\"https:\\\/\\\/myperfectdog.lv\\\/wp-content\\\/uploads\\\/2020\\\/10\\\/MyPerfectDog-New-logo_peach_plakans.png\",\"contentUrl\":\"https:\\\/\\\/myperfectdog.lv\\\/wp-content\\\/uploads\\\/2020\\\/10\\\/MyPerfectDog-New-logo_peach_plakans.png\"},{\"@type\":\"BreadcrumbList\",\"@id\":\"https:\\\/\\\/myperfectdog.lv\\\/izglitojosi\\\/berna-un-suna-sadarbiba\\\/#breadcrumb\",\"itemListElement\":[{\"@type\":\"ListItem\",\"position\":1,\"name\":\"Home\",\"item\":\"https:\\\/\\\/myperfectdog.lv\\\/\"},{\"@type\":\"ListItem\",\"position\":2,\"name\":\"Izgl\u012btojo\u0161i materi\u0101li\",\"item\":\"https:\\\/\\\/myperfectdog.lv\\\/izglitojosi\\\/\"},{\"@type\":\"ListItem\",\"position\":3,\"name\":\"Praktiski padomi, k\u0101 veidot b\u0113rna un su\u0146a sadarb\u012bbu un savstarp\u0113j\u0101s attiec\u012bbas\"}]},{\"@type\":\"WebSite\",\"@id\":\"https:\\\/\\\/myperfectdog.lv\\\/#website\",\"url\":\"https:\\\/\\\/myperfectdog.lv\\\/\",\"name\":\"MyPerfectDog.lv\",\"description\":\"Su\u0146u un saimnieku skola\",\"publisher\":{\"@id\":\"https:\\\/\\\/myperfectdog.lv\\\/#organization\"},\"potentialAction\":[{\"@type\":\"SearchAction\",\"target\":{\"@type\":\"EntryPoint\",\"urlTemplate\":\"https:\\\/\\\/myperfectdog.lv\\\/?s={search_term_string}\"},\"query-input\":{\"@type\":\"PropertyValueSpecification\",\"valueRequired\":true,\"valueName\":\"search_term_string\"}}],\"inLanguage\":\"en-GB\"},{\"@type\":\"Organization\",\"@id\":\"https:\\\/\\\/myperfectdog.lv\\\/#organization\",\"name\":\"Su\u0146u & saimnieku skola \\\"My Perfect Dog\\\"\",\"url\":\"https:\\\/\\\/myperfectdog.lv\\\/\",\"logo\":{\"@type\":\"ImageObject\",\"inLanguage\":\"en-GB\",\"@id\":\"https:\\\/\\\/myperfectdog.lv\\\/#\\\/schema\\\/logo\\\/image\\\/\",\"url\":\"https:\\\/\\\/myperfectdog.lv\\\/wp-content\\\/uploads\\\/2020\\\/10\\\/MyPerfectDog-New-logo_peach_plakans.png\",\"contentUrl\":\"https:\\\/\\\/myperfectdog.lv\\\/wp-content\\\/uploads\\\/2020\\\/10\\\/MyPerfectDog-New-logo_peach_plakans.png\",\"width\":1200,\"height\":636,\"caption\":\"Su\u0146u & saimnieku skola \\\"My Perfect Dog\\\"\"},\"image\":{\"@id\":\"https:\\\/\\\/myperfectdog.lv\\\/#\\\/schema\\\/logo\\\/image\\\/\"}}]}<\/script>\n<!-- \/ Yoast SEO plugin. -->","yoast_head_json":{"title":"Praktiski padomi, k\u0101 veidot b\u0113rna un su\u0146a sadarb\u012bbu un savstarp\u0113j\u0101s attiec\u012bbas | MyPerfectDog.lv","robots":{"index":"index","follow":"follow","max-snippet":"max-snippet:-1","max-image-preview":"max-image-preview:large","max-video-preview":"max-video-preview:-1"},"canonical":"https:\/\/myperfectdog.lv\/en\/izglitojosi\/berna-un-suna-sadarbiba\/","og_locale":"en_GB","og_type":"article","og_title":"Praktiski padomi, k\u0101 veidot b\u0113rna un su\u0146a sadarb\u012bbu un savstarp\u0113j\u0101s attiec\u012bbas | MyPerfectDog.lv","og_description":"Praktiski padomi, k\u0101 veidot b\u0113rna un su\u0146a sadarb\u012bbu un savstarp\u0113j\u0101s attiec\u012bbas Par to, k\u0101 sagatavoties su\u0146a vai b\u0113rna ien\u0101k\u0161anai \u0123imen\u0113 un visp\u0101r\u012bgiem pamatprincipiem, kas j\u0101\u0146em v\u0113r\u0101, organiz\u0113jot b\u0113rna un su\u0146a kopdz\u012bvi, rakst\u012bj\u0101m \u0161ai rakst\u0101. \u0160oreiz piev\u0113rs\u012bsimies su\u0146a un b\u0113rna attiec\u012bbu veido\u0161anas praktiskajiem aspektiem jeb noteikumiem, ko m\u0101c\u012bt b\u0113rnam par sadarb\u012bbu ar suni un sunim &#8211;&hellip;","og_url":"https:\/\/myperfectdog.lv\/en\/izglitojosi\/berna-un-suna-sadarbiba\/","og_site_name":"MyPerfectDog.lv","article_modified_time":"2024-08-08T13:36:16+00:00","og_image":[{"url":"https:\/\/myperfectdog.lv\/wp-content\/uploads\/2020\/10\/MyPerfectDog-New-logo_peach_plakans.png","type":"","width":"","height":""}],"twitter_card":"summary_large_image","twitter_misc":{"Estimated reading time":"6 minutes"},"schema":{"@context":"https:\/\/schema.org","@graph":[{"@type":"WebPage","@id":"https:\/\/myperfectdog.lv\/izglitojosi\/berna-un-suna-sadarbiba\/","url":"https:\/\/myperfectdog.lv\/izglitojosi\/berna-un-suna-sadarbiba\/","name":"Praktiski padomi, k\u0101 veidot b\u0113rna un su\u0146a sadarb\u012bbu un savstarp\u0113j\u0101s attiec\u012bbas | MyPerfectDog.lv","isPartOf":{"@id":"https:\/\/myperfectdog.lv\/#website"},"primaryImageOfPage":{"@id":"https:\/\/myperfectdog.lv\/izglitojosi\/berna-un-suna-sadarbiba\/#primaryimage"},"image":{"@id":"https:\/\/myperfectdog.lv\/izglitojosi\/berna-un-suna-sadarbiba\/#primaryimage"},"thumbnailUrl":"https:\/\/myperfectdog.lv\/wp-content\/uploads\/2020\/10\/MyPerfectDog-New-logo_peach_plakans.png","datePublished":"2023-03-13T06:08:29+00:00","dateModified":"2024-08-08T13:36:16+00:00","breadcrumb":{"@id":"https:\/\/myperfectdog.lv\/izglitojosi\/berna-un-suna-sadarbiba\/#breadcrumb"},"inLanguage":"en-GB","potentialAction":[{"@type":"ReadAction","target":["https:\/\/myperfectdog.lv\/izglitojosi\/berna-un-suna-sadarbiba\/"]}]},{"@type":"ImageObject","inLanguage":"en-GB","@id":"https:\/\/myperfectdog.lv\/izglitojosi\/berna-un-suna-sadarbiba\/#primaryimage","url":"https:\/\/myperfectdog.lv\/wp-content\/uploads\/2020\/10\/MyPerfectDog-New-logo_peach_plakans.png","contentUrl":"https:\/\/myperfectdog.lv\/wp-content\/uploads\/2020\/10\/MyPerfectDog-New-logo_peach_plakans.png"},{"@type":"BreadcrumbList","@id":"https:\/\/myperfectdog.lv\/izglitojosi\/berna-un-suna-sadarbiba\/#breadcrumb","itemListElement":[{"@type":"ListItem","position":1,"name":"Home","item":"https:\/\/myperfectdog.lv\/"},{"@type":"ListItem","position":2,"name":"Izgl\u012btojo\u0161i materi\u0101li","item":"https:\/\/myperfectdog.lv\/izglitojosi\/"},{"@type":"ListItem","position":3,"name":"Praktiski padomi, k\u0101 veidot b\u0113rna un su\u0146a sadarb\u012bbu un savstarp\u0113j\u0101s attiec\u012bbas"}]},{"@type":"WebSite","@id":"https:\/\/myperfectdog.lv\/#website","url":"https:\/\/myperfectdog.lv\/","name":"MyPerfectDog.lv","description":"Su\u0146u un saimnieku skola","publisher":{"@id":"https:\/\/myperfectdog.lv\/#organization"},"potentialAction":[{"@type":"SearchAction","target":{"@type":"EntryPoint","urlTemplate":"https:\/\/myperfectdog.lv\/?s={search_term_string}"},"query-input":{"@type":"PropertyValueSpecification","valueRequired":true,"valueName":"search_term_string"}}],"inLanguage":"en-GB"},{"@type":"Organization","@id":"https:\/\/myperfectdog.lv\/#organization","name":"Su\u0146u & saimnieku skola \"My Perfect Dog\"","url":"https:\/\/myperfectdog.lv\/","logo":{"@type":"ImageObject","inLanguage":"en-GB","@id":"https:\/\/myperfectdog.lv\/#\/schema\/logo\/image\/","url":"https:\/\/myperfectdog.lv\/wp-content\/uploads\/2020\/10\/MyPerfectDog-New-logo_peach_plakans.png","contentUrl":"https:\/\/myperfectdog.lv\/wp-content\/uploads\/2020\/10\/MyPerfectDog-New-logo_peach_plakans.png","width":1200,"height":636,"caption":"Su\u0146u & saimnieku skola \"My Perfect Dog\""},"image":{"@id":"https:\/\/myperfectdog.lv\/#\/schema\/logo\/image\/"}}]}},"jetpack_sharing_enabled":true,"_links":{"self":[{"href":"https:\/\/myperfectdog.lv\/en\/wp-json\/wp\/v2\/pages\/6589","targetHints":{"allow":["GET"]}}],"collection":[{"href":"https:\/\/myperfectdog.lv\/en\/wp-json\/wp\/v2\/pages"}],"about":[{"href":"https:\/\/myperfectdog.lv\/en\/wp-json\/wp\/v2\/types\/page"}],"author":[{"embeddable":true,"href":"https:\/\/myperfectdog.lv\/en\/wp-json\/wp\/v2\/users\/1"}],"replies":[{"embeddable":true,"href":"https:\/\/myperfectdog.lv\/en\/wp-json\/wp\/v2\/comments?post=6589"}],"version-history":[{"count":0,"href":"https:\/\/myperfectdog.lv\/en\/wp-json\/wp\/v2\/pages\/6589\/revisions"}],"up":[{"embeddable":true,"href":"https:\/\/myperfectdog.lv\/en\/wp-json\/wp\/v2\/pages\/2210"}],"wp:attachment":[{"href":"https:\/\/myperfectdog.lv\/en\/wp-json\/wp\/v2\/media?parent=6589"}],"curies":[{"name":"wp","href":"https:\/\/api.w.org\/{rel}","templated":true}]}}