{"id":6679,"date":"2023-03-29T14:17:10","date_gmt":"2023-03-29T12:17:10","guid":{"rendered":"https:\/\/myperfectdog.lv\/?page_id=6679"},"modified":"2024-08-08T08:06:16","modified_gmt":"2024-08-08T06:06:16","slug":"suna-socializacija","status":"publish","type":"page","link":"https:\/\/myperfectdog.lv\/en\/izglitojosi\/suna-socializacija\/","title":{"rendered":"Su\u0146a socializ\u0101cija"},"content":{"rendered":"<a href=\"https:\/\/myperfectdog.lv\/en\/\" target=\"_self\" itemprop=\"url\" rel=\"noopener\">\n\t\t\t\t<img decoding=\"async\" src=\"https:\/\/myperfectdog.lv\/wp-content\/uploads\/2020\/10\/MyPerfectDog-New-logo_peach_plakans.png\" alt=\"MyPerfectDog-New-logo_peach_plakans\" itemprop=\"image\" title=\"MyPerfectDog-New-logo_peach_plakans\" onerror=\"this.style.display='none'\"  \/>\n\t\t\t\t<\/a>\n\t\t\t\t<img decoding=\"async\" src=\"https:\/\/myperfectdog.lv\/wp-content\/uploads\/2020\/10\/MyPerfectDog-New-logo_peach_plakans.png\" alt=\"MyPerfectDog-New-logo_peach_plakans\" itemprop=\"image\" title=\"MyPerfectDog-New-logo_peach_plakans\" onerror=\"this.style.display='none'\"  \/>\n<h3>\n\t\tSvar\u012bg\u0101kais par su\u0146a socializ\u0101ciju\n\t<\/h3>\n\t<p><i>Socializ\u0101cija ir viens no svar\u012bg\u0101kajiem procesiem su\u0146a m\u016b\u017e\u0101, kas liel\u0101 m\u0113r\u0101 nosaka to, k\u0101das b\u016bs su\u0146a attiec\u012bbas ar apk\u0101rt\u0113jo pasauli. \u0160ai ierakst\u0101 past\u0101st\u012bsim par galvenaj\u0101m liet\u0101m, kas par socializ\u0101ciju j\u0101zina katram eso\u0161ajam un topo\u0161ajam su\u0146a saimniekam.\u00a0<\/i><\/p>\n\t\t\t\t<img decoding=\"async\" src=\"https:\/\/myperfectdog.lv\/wp-content\/uploads\/2023\/03\/fotoieva-myperfectdog-aug-2022-2dala-341-scaled.jpg\" alt=\"My perfect dog\" itemprop=\"image\" title=\"My perfect dog\" onerror=\"this.style.display='none'\"  \/>\n<h2>\n\t\tKas ir su\u0146a socializ\u0101cija?\n\t<\/h2>\n\t<p>Socializ\u0101cijas m\u0113r\u0137is ir sagatavot suni mier\u012bgai saskarsmei ar apk\u0101rt\u0113jo vidi &#8211; citiem dz\u012bvniekiem, cilv\u0113kiem, viet\u0101m, situ\u0101cij\u0101m un aktivit\u0101t\u0113m. Par to, ko noz\u012bm\u0113 &#8220;socializ\u0113ts suns&#8221; sabiedr\u012bb\u0101 v\u0113rojami da\u017e\u0101di m\u012bti. Piem\u0113ram, nereti par &#8220;socializ\u0113tiem su\u0146iem&#8221; tiek saukti tie su\u0146i, kas ar visiem grib draudz\u0113ties. Paties\u012bb\u0101 veiksm\u012bgi socializ\u0113ts suns ir pa\u0161p\u0101rliecin\u0101ts, optimistiski noska\u0146ots suns, kur\u0161 sp\u0113j mier\u012bgi uztvert apk\u0101rt\u0113jo pasauli. Doties pastaig\u0101s gan klus\u0101s, gan trok\u0161\u0146ain\u0101s, gan neparast\u0101s un kairin\u0101t\u0101jiem p\u0101rbag\u0101t\u0101s viet\u0101s, j\u016btoties komfortabli un mier\u012bgi. Veiksm\u012bgi socializ\u0113ts suns sp\u0113j pastaigu laik\u0101 ilgsto\u0161i ost\u012bties un iepaz\u012bt apk\u0101rtni sav\u0101 nodab\u0101, nepiev\u0113r\u0161ot uzman\u012bbu apk\u0101rt\u0113jiem cilv\u0113kiem, su\u0146iem un citiem dz\u012bvniekiem. Sp\u0113j mier\u012bgi, bez izie\u0161anas uz kontaktu paiet gar\u0101m gan cilv\u0113kiem, gan su\u0146iem. Sp\u0113j mier\u012bgi turpin\u0101t ce\u013cu, kad gar\u0101m pabrauc ska\u013c\u0101ks motocikls, smagais kravas auto, vilciens vai cits neierasts kairin\u0101t\u0101js.\u00a0<\/p>\n<h2>\n\t\tK\u0101ds NAV veiksm\u012bgi socializ\u0113ts suns?\n\t<\/h2>\n\t<p><b>Veiksm\u012bgi socializ\u0113ts, pa\u0161p\u0101rliecin\u0101ts un optimistiski noska\u0146ots suns NAV:<\/b><\/p>\n<p>1) bail\u012bgs, nervozs citu cilv\u0113ku un su\u0146u kl\u0101tb\u016btn\u0113, satraucies par trok\u0161\u0146iem, p\u0101rpiln\u0101m publisk\u0101m viet\u0101m;<\/p>\n<p>2) hiperakt\u012bvs un t\u0101ds, kas v\u0113las front\u0101li skriet virs\u016b katram satiktajam sunim un cilv\u0113kam, lai iepaz\u012btos.\u00a0<\/p>\n<p>P\u0101rlieku draudz\u012bgi un uzb\u0101z\u012bgi su\u0146i NAV veiksm\u012bgi socializ\u0113ti su\u0146i. \u0160\u0101di su\u0146i nem\u0101k mier\u012bgi un piekl\u0101j\u012bgi komunic\u0113t ar citiem cilv\u0113kiem un\/vai su\u0146iem. Front\u0101la skrie\u0161ana virs\u016b, nesp\u0113ja atsaukties uz saimnieka komandu atgriezties &#8211; t\u0101s ir paz\u012bmes, ka liecina, ka suns nesp\u0113j vald\u012bt p\u0101r saviem impulsiem un atrodas p\u0101r\u0101k liel\u0101 uzbudin\u0101jum\u0101, nekontrol\u0113 savu r\u012bc\u012bbu, k\u0101 ar\u012b neanaliz\u0113 citu su\u0146u \/ cilv\u0113ku m\u0113\u0123in\u0101jumus ar vi\u0146u komunic\u0113t (t.sk. v\u0113lmi atteikties no komunik\u0101cijas).\u00a0<\/p>\n<p>J\u0101\u0146em v\u0113r\u0101, ka front\u0101la un nekontrol\u0113ta virs\u016b skrie\u0161ana citiem su\u0146iem un cilv\u0113kiem var rad\u012bt \u013coti nepat\u012bkamas ar\u012b draudz\u012bgajam sunim, jo otr\u0101 pus\u0113 st\u0101vo\u0161ais suns vai cilv\u0113ks no \u0161\u0101das komunik\u0101cijas var nob\u012bties un attiec\u012bgi rea\u0123\u0113t, lai sevi pasarg\u0101tu. J\u0101atceras, ka ne visiem su\u0146iem un cilv\u0113kiem ir pat\u012bkama komunik\u0101cija ar sve\u0161iem su\u0146iem. Saimnieka pien\u0101kums ir m\u0101c\u012bt savu suni t\u0101, lai vi\u0146\u0161 to respekt\u0113tu. Turkl\u0101t reiz\u0113m viens vien\u012bgs &#8220;mans suns ir draudz\u012bgs&#8221; nekontrol\u0113ts kl\u0101t skrie\u0161anas gad\u012bjums var saboj\u0101t ilgas apm\u0101c\u012bbas rezult\u0101tus sunim, kam ir izveidojusies bai\u013cu reaktivit\u0101te pret citiem su\u0146iem &#8211; b\u016bsim respektabli pret citu cilv\u0113ku darbu ar savu suni!\u00a0<\/p>\n<h2>\n\t\tK\u0101 izaudzin\u0101t veiksm\u012bgi socializ\u0113tu, pa\u0161p\u0101rliecin\u0101tu un optimistisku suni?\n\t<\/h2>\n\t<p>Su\u0146a socializ\u0101cija un asoci\u0101ciju veido\u0161an\u0101s notiek visa su\u0146a m\u016b\u017ea garum\u0101, tom\u0113r vislab\u0101k socializ\u0101ciju ir s\u0101kt jau kuc\u0113na vecum\u0101, kad su\u0146a pr\u0101ts un uztvere ir visfleksibl\u0101k\u0101. Socializ\u0113jot kuc\u0113nu, svar\u012bgi piev\u0113rst uzman\u012bbu socializ\u0101cijas intensit\u0101tei, jo pie ne-soci\u0101las uzved\u012bbas var novest gan nepietiekama socializ\u0101cija, gan p\u0101rlieku intens\u012bva un strauja socializ\u0101cija (\u013coti izplat\u012bta k\u013c\u016bda su\u0146u audzin\u0101\u0161an\u0101!). Pak\u013cauj kuc\u0113nu jaun\u0101m pieredz\u0113m un situ\u0101cij\u0101m pak\u0101peniski, v\u0113rojot vi\u0146a \u0137erme\u0146a valodas un sekojot &#8220;emociju kausi\u0146a&#8221; piepild\u012bjumam.\u00a0<\/p>\n<p>Veiksm\u012bgas su\u0146a socializ\u0101cijas priek\u0161nosac\u012bjums &#8211; saimnieka zin\u0101\u0161anas par su\u0146a dabiskaj\u0101m pamatvajadz\u012bb\u0101m, psiholo\u0123iju, emocij\u0101m un \u0137erme\u0146a valodu. Uzzin\u0101t vair\u0101k par \u0161\u012bm t\u0113m\u0101m vari su\u0146u &amp; saimnieku skolas &#8220;My Perfect Dog&#8221; <a href=\"https:\/\/myperfectdog.lv\/en\/product\/divas-izglitojosas-lekcijas-toposajiem-un-esosajiem-sunu-saimniekiem\/\">pamata lekcij\u0101s<\/a> su\u0146u saimniekiem.\u00a0<\/p>\n<p>Neatkar\u012bgi no su\u0146a vecuma, saimniekam ikdien\u0101 prim\u0101ri ir j\u0101str\u0101d\u0101 pie <a href=\"https:\/\/myperfectdog.lv\/en\/product\/divas-izglitojosas-lekcijas-toposajiem-un-esosajiem-sunu-saimniekiem\/\">miera koncepta<\/a> m\u0101c\u012b\u0161anas un kontakta ar saimnieku stiprin\u0101\u0161anas, lai prim\u0101ri visa socializ\u0101cija ar apk\u0101rt\u0113jo pasauli \u0101rpus m\u0101j\u0101m sunim notiktu kop\u0101 ar saimnieku &#8211; sadarbojoties, fokus\u0113joties, pak\u013caujoties uz saimnieku. Liec uzsvaru uz mier\u012bgu, neitr\u0101lu piered\u017eu veido\u0161anas &#8211; m\u0101ci mier\u0101, pak\u0101peniski (!), piel\u0101gojoties su\u0146a emocionalit\u0101tei, uztvert apk\u0101rt eso\u0161os kairin\u0101t\u0101jus, apst\u0101k\u013cus, vietas, dz\u012bv\u0101s b\u016btnes. Atceries, ja str\u0101d\u0101 ar su\u0146a socializ\u0113\u0161anu, kam jau ir izveidojusies bai\u013cu reaktivit\u0101te vai hiperaktivit\u0101te konkr\u0113tu kairin\u0101t\u0101ju (piem\u0113ram, sve\u0161u cilv\u0113ku vai su\u0146u) kl\u0101tb\u016btn\u0113, socializ\u0101cijas process pras\u012bs laiku un paciet\u012bbu &#8211; asoci\u0101ciju mai\u0146a un reakcijas p\u0101rveide nav \u0101trs process, turkl\u0101t tas prasa piel\u0101go\u0161anos konkr\u0113t\u0101 su\u0146a limitiem! Lai no t\u0101 izvair\u012btos, socializ\u0113 suni jau laikus!\u00a0<\/p>\n<p>Ja neesi dro\u0161s par to, k\u0101 pareizi socializ\u0113t savu suni, nebaidies konsult\u0113ties ar su\u0146u uzved\u012bbas speci\u0101listu.\u00a0<\/p>\n\t<p><strong>Par &#8220;My Perfect Dog&#8221;<\/strong><\/p>\n&#8220;My Perfect Dog&#8221; ir z\u012bmols, kas reprezent\u0113 lieliskas un harmoniskas attiec\u012bbas su\u0146a un saimnieka starp\u0101, kur saimnieks ir izgl\u012btots un zino\u0161s, savuk\u0101rt suns izprasts un atbilsto\u0161i apr\u016bp\u0113ts, socializ\u0113ts un apm\u0101c\u012bts, balstoties uz pret suni \u0113tisku, dabisku un uz motiv\u0101ciju balst\u012btu apm\u0101c\u012bbu.<br \/>\n\n<p> &#8220;My Perfect Dog&#8221; pied\u0101v\u0101 su\u0146u un vi\u0146u saimnieku apm\u0101c\u012bbu, su\u0146u uzved\u012bbas konsult\u0101cijas, socializ\u0101cijas pastaigas su\u0146iem, k\u0101 ar\u012b teor\u0113tiskus un praktiskus semin\u0101rus saimniekiem.<\/p>\n\t<p><strong>Kategorijas<\/strong><\/p>\n<p><a href=\"https:\/\/myperfectdog.lv\/en\/internetveikals\/\">Internetveikals<\/a><\/p>\n<p><a href=\"https:\/\/myperfectdog.lv\/en\/apmacibu-piedavajums\/\">Apm\u0101c\u012bbu pied\u0101v\u0101jums<\/a><\/p>\n<p><a href=\"https:\/\/myperfectdog.lv\/en\/sunu-aukles\/\">Su\u0146u pieskat\u012b\u0161ana un pastaigas<\/a><\/p>\n<p><a href=\"https:\/\/myperfectdog.lv\/en\/izglitojosi-raksti\/\">Izgl\u012btojo\u0161i materi\u0101li<\/a><\/p>\n<p><a href=\"https:\/\/myperfectdog.lv\/en\/kontakti\/\">Kontakti<\/a><\/p>\n<p><a href=\"https:\/\/myperfectdog.lv\/en\/privatuma-politika\/\">Priv\u0101tuma politika<\/a><\/p>\n\t<p><strong>Sazi\u0146ai<\/strong><\/p>\n\t+371 27993370<br \/>\nliga@myperfectdog.lv\n\t<p><strong>Seko &#8220;My Perfect Dog&#8221;<\/strong><\/p>\n\t\t\t\t<img decoding=\"async\" src=\"https:\/\/myperfectdog.lv\/wp-content\/uploads\/2020\/09\/PDTE-Logo2-150x150.png\" alt=\"PDTE-Logo2\" itemprop=\"image\" title=\"PDTE-Logo2\" onerror=\"this.style.display='none'\"  \/>\n\t<p><strong>Par &#8220;My Perfect Dog&#8221;<\/strong><\/p>\n&#8220;My Perfect Dog&#8221; ir z\u012bmols, kas reprezent\u0113 lieliskas un harmoniskas attiec\u012bbas su\u0146a un saimnieka starp\u0101, kur saimnieks ir izgl\u012btots un zino\u0161s, savuk\u0101rt suns izprasts un atbilsto\u0161i apr\u016bp\u0113ts, socializ\u0113ts un apm\u0101c\u012bts, balstoties uz pret suni \u0113tisku, dabisku un uz motiv\u0101ciju balst\u012btu apm\u0101c\u012bbu.<br \/>\n\n<p> &#8220;My Perfect Dog&#8221; pied\u0101v\u0101 su\u0146u un vi\u0146u saimnieku apm\u0101c\u012bbu, su\u0146u uzved\u012bbas konsult\u0101cijas, socializ\u0101cijas pastaigas su\u0146iem, k\u0101 ar\u012b teor\u0113tiskus un praktiskus semin\u0101rus saimniekiem.<\/p>\n\t<p><strong>Sazi\u0146ai<\/strong><\/p>\n\t+371 27993370<br \/>\nliga@myperfectdog.lv\n\t<p><strong>Seko &#8220;My Perfect Dog&#8221;<\/strong><\/p>\n<h5>\n\t\t<a href=\"https:\/\/myperfectdog.lv\/en\/privatuma-politika\/\" title=\"Priv\u0101tuma politika\" target=\"_self\" rel=\"noopener\">\n\t\tPriv\u0101tuma politika\n\t\t<\/a>\n\t<\/h5>","protected":false},"excerpt":{"rendered":"<p>Svar\u012bg\u0101kais par su\u0146a socializ\u0101ciju Socializ\u0101cija ir viens no svar\u012bg\u0101kajiem procesiem su\u0146a m\u016b\u017e\u0101, kas liel\u0101 m\u0113r\u0101 nosaka to, k\u0101das b\u016bs su\u0146a attiec\u012bbas ar apk\u0101rt\u0113jo pasauli. \u0160ai ierakst\u0101 past\u0101st\u012bsim par galvenaj\u0101m liet\u0101m, kas par socializ\u0101ciju j\u0101zina katram eso\u0161ajam un topo\u0161ajam su\u0146a saimniekam.\u00a0 Kas ir su\u0146a socializ\u0101cija? Socializ\u0101cijas m\u0113r\u0137is ir sagatavot suni mier\u012bgai saskarsmei ar apk\u0101rt\u0113jo vidi &#8211;&hellip;<\/p>","protected":false},"author":1,"featured_media":0,"parent":2210,"menu_order":1,"comment_status":"closed","ping_status":"closed","template":"","meta":{"footnotes":""},"class_list":["post-6679","page","type-page","status-publish","hentry"],"yoast_head":"<!-- This site is optimized with the Yoast SEO plugin v27.5 - https:\/\/yoast.com\/product\/yoast-seo-wordpress\/ -->\n<title>Su\u0146a socializ\u0101cija | MyPerfectDog.lv<\/title>\n<meta name=\"robots\" content=\"index, follow, max-snippet:-1, max-image-preview:large, max-video-preview:-1\" \/>\n<link rel=\"canonical\" href=\"https:\/\/myperfectdog.lv\/en\/izglitojosi\/suna-socializacija\/\" \/>\n<meta property=\"og:locale\" content=\"en_GB\" \/>\n<meta property=\"og:type\" content=\"article\" \/>\n<meta property=\"og:title\" content=\"Su\u0146a socializ\u0101cija | MyPerfectDog.lv\" \/>\n<meta property=\"og:description\" content=\"Svar\u012bg\u0101kais par su\u0146a socializ\u0101ciju Socializ\u0101cija ir viens no svar\u012bg\u0101kajiem procesiem su\u0146a m\u016b\u017e\u0101, kas liel\u0101 m\u0113r\u0101 nosaka to, k\u0101das b\u016bs su\u0146a attiec\u012bbas ar apk\u0101rt\u0113jo pasauli. \u0160ai ierakst\u0101 past\u0101st\u012bsim par galvenaj\u0101m liet\u0101m, kas par socializ\u0101ciju j\u0101zina katram eso\u0161ajam un topo\u0161ajam su\u0146a saimniekam.\u00a0 Kas ir su\u0146a socializ\u0101cija? Socializ\u0101cijas m\u0113r\u0137is ir sagatavot suni mier\u012bgai saskarsmei ar apk\u0101rt\u0113jo vidi &#8211;&hellip;\" \/>\n<meta property=\"og:url\" content=\"https:\/\/myperfectdog.lv\/en\/izglitojosi\/suna-socializacija\/\" \/>\n<meta property=\"og:site_name\" content=\"MyPerfectDog.lv\" \/>\n<meta property=\"article:modified_time\" content=\"2024-08-08T06:06:16+00:00\" \/>\n<meta property=\"og:image\" content=\"https:\/\/myperfectdog.lv\/wp-content\/uploads\/2020\/10\/MyPerfectDog-New-logo_peach_plakans.png\" \/>\n<meta name=\"twitter:card\" content=\"summary_large_image\" \/>\n<meta name=\"twitter:label1\" content=\"Estimated reading time\" \/>\n\t<meta name=\"twitter:data1\" content=\"5 minutes\" \/>\n<script type=\"application\/ld+json\" class=\"yoast-schema-graph\">{\"@context\":\"https:\\\/\\\/schema.org\",\"@graph\":[{\"@type\":\"WebPage\",\"@id\":\"https:\\\/\\\/myperfectdog.lv\\\/izglitojosi\\\/suna-socializacija\\\/\",\"url\":\"https:\\\/\\\/myperfectdog.lv\\\/izglitojosi\\\/suna-socializacija\\\/\",\"name\":\"Su\u0146a socializ\u0101cija | MyPerfectDog.lv\",\"isPartOf\":{\"@id\":\"https:\\\/\\\/myperfectdog.lv\\\/#website\"},\"primaryImageOfPage\":{\"@id\":\"https:\\\/\\\/myperfectdog.lv\\\/izglitojosi\\\/suna-socializacija\\\/#primaryimage\"},\"image\":{\"@id\":\"https:\\\/\\\/myperfectdog.lv\\\/izglitojosi\\\/suna-socializacija\\\/#primaryimage\"},\"thumbnailUrl\":\"https:\\\/\\\/myperfectdog.lv\\\/wp-content\\\/uploads\\\/2020\\\/10\\\/MyPerfectDog-New-logo_peach_plakans.png\",\"datePublished\":\"2023-03-29T12:17:10+00:00\",\"dateModified\":\"2024-08-08T06:06:16+00:00\",\"breadcrumb\":{\"@id\":\"https:\\\/\\\/myperfectdog.lv\\\/izglitojosi\\\/suna-socializacija\\\/#breadcrumb\"},\"inLanguage\":\"en-GB\",\"potentialAction\":[{\"@type\":\"ReadAction\",\"target\":[\"https:\\\/\\\/myperfectdog.lv\\\/izglitojosi\\\/suna-socializacija\\\/\"]}]},{\"@type\":\"ImageObject\",\"inLanguage\":\"en-GB\",\"@id\":\"https:\\\/\\\/myperfectdog.lv\\\/izglitojosi\\\/suna-socializacija\\\/#primaryimage\",\"url\":\"https:\\\/\\\/myperfectdog.lv\\\/wp-content\\\/uploads\\\/2020\\\/10\\\/MyPerfectDog-New-logo_peach_plakans.png\",\"contentUrl\":\"https:\\\/\\\/myperfectdog.lv\\\/wp-content\\\/uploads\\\/2020\\\/10\\\/MyPerfectDog-New-logo_peach_plakans.png\"},{\"@type\":\"BreadcrumbList\",\"@id\":\"https:\\\/\\\/myperfectdog.lv\\\/izglitojosi\\\/suna-socializacija\\\/#breadcrumb\",\"itemListElement\":[{\"@type\":\"ListItem\",\"position\":1,\"name\":\"Home\",\"item\":\"https:\\\/\\\/myperfectdog.lv\\\/\"},{\"@type\":\"ListItem\",\"position\":2,\"name\":\"Izgl\u012btojo\u0161i materi\u0101li\",\"item\":\"https:\\\/\\\/myperfectdog.lv\\\/izglitojosi\\\/\"},{\"@type\":\"ListItem\",\"position\":3,\"name\":\"Su\u0146a socializ\u0101cija\"}]},{\"@type\":\"WebSite\",\"@id\":\"https:\\\/\\\/myperfectdog.lv\\\/#website\",\"url\":\"https:\\\/\\\/myperfectdog.lv\\\/\",\"name\":\"MyPerfectDog.lv\",\"description\":\"Su\u0146u un saimnieku skola\",\"publisher\":{\"@id\":\"https:\\\/\\\/myperfectdog.lv\\\/#organization\"},\"potentialAction\":[{\"@type\":\"SearchAction\",\"target\":{\"@type\":\"EntryPoint\",\"urlTemplate\":\"https:\\\/\\\/myperfectdog.lv\\\/?s={search_term_string}\"},\"query-input\":{\"@type\":\"PropertyValueSpecification\",\"valueRequired\":true,\"valueName\":\"search_term_string\"}}],\"inLanguage\":\"en-GB\"},{\"@type\":\"Organization\",\"@id\":\"https:\\\/\\\/myperfectdog.lv\\\/#organization\",\"name\":\"Su\u0146u & saimnieku skola \\\"My Perfect Dog\\\"\",\"url\":\"https:\\\/\\\/myperfectdog.lv\\\/\",\"logo\":{\"@type\":\"ImageObject\",\"inLanguage\":\"en-GB\",\"@id\":\"https:\\\/\\\/myperfectdog.lv\\\/#\\\/schema\\\/logo\\\/image\\\/\",\"url\":\"https:\\\/\\\/myperfectdog.lv\\\/wp-content\\\/uploads\\\/2020\\\/10\\\/MyPerfectDog-New-logo_peach_plakans.png\",\"contentUrl\":\"https:\\\/\\\/myperfectdog.lv\\\/wp-content\\\/uploads\\\/2020\\\/10\\\/MyPerfectDog-New-logo_peach_plakans.png\",\"width\":1200,\"height\":636,\"caption\":\"Su\u0146u & saimnieku skola \\\"My Perfect Dog\\\"\"},\"image\":{\"@id\":\"https:\\\/\\\/myperfectdog.lv\\\/#\\\/schema\\\/logo\\\/image\\\/\"}}]}<\/script>\n<!-- \/ Yoast SEO plugin. -->","yoast_head_json":{"title":"Su\u0146a socializ\u0101cija | MyPerfectDog.lv","robots":{"index":"index","follow":"follow","max-snippet":"max-snippet:-1","max-image-preview":"max-image-preview:large","max-video-preview":"max-video-preview:-1"},"canonical":"https:\/\/myperfectdog.lv\/en\/izglitojosi\/suna-socializacija\/","og_locale":"en_GB","og_type":"article","og_title":"Su\u0146a socializ\u0101cija | MyPerfectDog.lv","og_description":"Svar\u012bg\u0101kais par su\u0146a socializ\u0101ciju Socializ\u0101cija ir viens no svar\u012bg\u0101kajiem procesiem su\u0146a m\u016b\u017e\u0101, kas liel\u0101 m\u0113r\u0101 nosaka to, k\u0101das b\u016bs su\u0146a attiec\u012bbas ar apk\u0101rt\u0113jo pasauli. \u0160ai ierakst\u0101 past\u0101st\u012bsim par galvenaj\u0101m liet\u0101m, kas par socializ\u0101ciju j\u0101zina katram eso\u0161ajam un topo\u0161ajam su\u0146a saimniekam.\u00a0 Kas ir su\u0146a socializ\u0101cija? Socializ\u0101cijas m\u0113r\u0137is ir sagatavot suni mier\u012bgai saskarsmei ar apk\u0101rt\u0113jo vidi &#8211;&hellip;","og_url":"https:\/\/myperfectdog.lv\/en\/izglitojosi\/suna-socializacija\/","og_site_name":"MyPerfectDog.lv","article_modified_time":"2024-08-08T06:06:16+00:00","og_image":[{"url":"https:\/\/myperfectdog.lv\/wp-content\/uploads\/2020\/10\/MyPerfectDog-New-logo_peach_plakans.png","type":"","width":"","height":""}],"twitter_card":"summary_large_image","twitter_misc":{"Estimated reading time":"5 minutes"},"schema":{"@context":"https:\/\/schema.org","@graph":[{"@type":"WebPage","@id":"https:\/\/myperfectdog.lv\/izglitojosi\/suna-socializacija\/","url":"https:\/\/myperfectdog.lv\/izglitojosi\/suna-socializacija\/","name":"Su\u0146a socializ\u0101cija | MyPerfectDog.lv","isPartOf":{"@id":"https:\/\/myperfectdog.lv\/#website"},"primaryImageOfPage":{"@id":"https:\/\/myperfectdog.lv\/izglitojosi\/suna-socializacija\/#primaryimage"},"image":{"@id":"https:\/\/myperfectdog.lv\/izglitojosi\/suna-socializacija\/#primaryimage"},"thumbnailUrl":"https:\/\/myperfectdog.lv\/wp-content\/uploads\/2020\/10\/MyPerfectDog-New-logo_peach_plakans.png","datePublished":"2023-03-29T12:17:10+00:00","dateModified":"2024-08-08T06:06:16+00:00","breadcrumb":{"@id":"https:\/\/myperfectdog.lv\/izglitojosi\/suna-socializacija\/#breadcrumb"},"inLanguage":"en-GB","potentialAction":[{"@type":"ReadAction","target":["https:\/\/myperfectdog.lv\/izglitojosi\/suna-socializacija\/"]}]},{"@type":"ImageObject","inLanguage":"en-GB","@id":"https:\/\/myperfectdog.lv\/izglitojosi\/suna-socializacija\/#primaryimage","url":"https:\/\/myperfectdog.lv\/wp-content\/uploads\/2020\/10\/MyPerfectDog-New-logo_peach_plakans.png","contentUrl":"https:\/\/myperfectdog.lv\/wp-content\/uploads\/2020\/10\/MyPerfectDog-New-logo_peach_plakans.png"},{"@type":"BreadcrumbList","@id":"https:\/\/myperfectdog.lv\/izglitojosi\/suna-socializacija\/#breadcrumb","itemListElement":[{"@type":"ListItem","position":1,"name":"Home","item":"https:\/\/myperfectdog.lv\/"},{"@type":"ListItem","position":2,"name":"Izgl\u012btojo\u0161i materi\u0101li","item":"https:\/\/myperfectdog.lv\/izglitojosi\/"},{"@type":"ListItem","position":3,"name":"Su\u0146a socializ\u0101cija"}]},{"@type":"WebSite","@id":"https:\/\/myperfectdog.lv\/#website","url":"https:\/\/myperfectdog.lv\/","name":"MyPerfectDog.lv","description":"Su\u0146u un saimnieku skola","publisher":{"@id":"https:\/\/myperfectdog.lv\/#organization"},"potentialAction":[{"@type":"SearchAction","target":{"@type":"EntryPoint","urlTemplate":"https:\/\/myperfectdog.lv\/?s={search_term_string}"},"query-input":{"@type":"PropertyValueSpecification","valueRequired":true,"valueName":"search_term_string"}}],"inLanguage":"en-GB"},{"@type":"Organization","@id":"https:\/\/myperfectdog.lv\/#organization","name":"Su\u0146u & saimnieku skola \"My Perfect Dog\"","url":"https:\/\/myperfectdog.lv\/","logo":{"@type":"ImageObject","inLanguage":"en-GB","@id":"https:\/\/myperfectdog.lv\/#\/schema\/logo\/image\/","url":"https:\/\/myperfectdog.lv\/wp-content\/uploads\/2020\/10\/MyPerfectDog-New-logo_peach_plakans.png","contentUrl":"https:\/\/myperfectdog.lv\/wp-content\/uploads\/2020\/10\/MyPerfectDog-New-logo_peach_plakans.png","width":1200,"height":636,"caption":"Su\u0146u & saimnieku skola \"My Perfect Dog\""},"image":{"@id":"https:\/\/myperfectdog.lv\/#\/schema\/logo\/image\/"}}]}},"jetpack_sharing_enabled":true,"_links":{"self":[{"href":"https:\/\/myperfectdog.lv\/en\/wp-json\/wp\/v2\/pages\/6679","targetHints":{"allow":["GET"]}}],"collection":[{"href":"https:\/\/myperfectdog.lv\/en\/wp-json\/wp\/v2\/pages"}],"about":[{"href":"https:\/\/myperfectdog.lv\/en\/wp-json\/wp\/v2\/types\/page"}],"author":[{"embeddable":true,"href":"https:\/\/myperfectdog.lv\/en\/wp-json\/wp\/v2\/users\/1"}],"replies":[{"embeddable":true,"href":"https:\/\/myperfectdog.lv\/en\/wp-json\/wp\/v2\/comments?post=6679"}],"version-history":[{"count":0,"href":"https:\/\/myperfectdog.lv\/en\/wp-json\/wp\/v2\/pages\/6679\/revisions"}],"up":[{"embeddable":true,"href":"https:\/\/myperfectdog.lv\/en\/wp-json\/wp\/v2\/pages\/2210"}],"wp:attachment":[{"href":"https:\/\/myperfectdog.lv\/en\/wp-json\/wp\/v2\/media?parent=6679"}],"curies":[{"name":"wp","href":"https:\/\/api.w.org\/{rel}","templated":true}]}}