{"id":6763,"date":"2023-04-14T12:54:24","date_gmt":"2023-04-14T10:54:24","guid":{"rendered":"https:\/\/myperfectdog.lv\/?page_id=6763"},"modified":"2024-08-08T15:38:05","modified_gmt":"2024-08-08T13:38:05","slug":"sunu-cilveciskosana","status":"publish","type":"page","link":"https:\/\/myperfectdog.lv\/en\/izglitojosi\/sunu-cilveciskosana\/","title":{"rendered":"Su\u0146u cilv\u0113cisko\u0161ana un k\u0101p\u0113c to nedar\u012bt"},"content":{"rendered":"<a href=\"https:\/\/myperfectdog.lv\/en\/\" target=\"_self\" itemprop=\"url\" rel=\"noopener\">\n\t\t\t\t<img decoding=\"async\" src=\"https:\/\/myperfectdog.lv\/wp-content\/uploads\/2020\/10\/MyPerfectDog-New-logo_peach_plakans.png\" alt=\"MyPerfectDog-New-logo_peach_plakans\" itemprop=\"image\" title=\"MyPerfectDog-New-logo_peach_plakans\" onerror=\"this.style.display='none'\"  \/>\n\t\t\t\t<\/a>\n\t\t\t\t<img decoding=\"async\" src=\"https:\/\/myperfectdog.lv\/wp-content\/uploads\/2020\/10\/MyPerfectDog-New-logo_peach_plakans.png\" alt=\"MyPerfectDog-New-logo_peach_plakans\" itemprop=\"image\" title=\"MyPerfectDog-New-logo_peach_plakans\" onerror=\"this.style.display='none'\"  \/>\n<h3>\n\t\tSu\u0146u cilv\u0113cisko\u0161ana un k\u0101p\u0113c to nedar\u012bt?\n\t<\/h3>\n\t<p>Su\u0146u cilv\u0113cisko\u0161ana jeb cilv\u0113ka \u012bpa\u0161\u012bbu pied\u0113v\u0113\u0161ana sunim ir lieta, ar ko daudzi su\u0146u saimnieki, pa\u0161i to neapzinoties, nodarbojas bie\u017ei. \u0160ai rakst\u0101 past\u0101st\u012bsim par rakstur\u012bg\u0101kajiem gad\u012bjumiem, kad su\u0146us cilv\u0113ciskojam un par iemesliem, k\u0101d\u0113\u013c to nedar\u012bt.<\/p>\n\t\t\t\t<img decoding=\"async\" src=\"https:\/\/myperfectdog.lv\/wp-content\/uploads\/2023\/04\/fotoieva-myperfectdog-aug-2022-2dala-100-1.jpg\" alt=\"My perfect dog\" itemprop=\"image\" title=\"My perfect dog\" onerror=\"this.style.display='none'\"  \/>\n<h2>\n\t\tVai suns var sp\u012bt\u0113ties un atriebties?\n\t<\/h2>\n\t<p>&#8220;Mans suns t\u0101 dara, jo grib man atriebties!&#8221; &#8220;Ai, vi\u0146\u0161 jau tikai sp\u012bt\u0113jas!&#8221; &#8220;Mans suns t\u0101 uzvedas tikai, lai mani nokaitin\u0101tu!&#8221; &#8220;Vi\u0146\u0161 ir greizsird\u012bgs.&#8221; &#8211; visticam\u0101k kaut vienu no \u0161\u012bm fr\u0101z\u0113m katrs esam dzird\u0113ju\u0161i vai k\u0101dreiz m\u016b\u017e\u0101 teiku\u0161i pa\u0161i. Tom\u0113r \u0161ie ir tipiski su\u0146u cilv\u0113cisko\u0161anas gad\u012bjumi.\u00a0<\/p>\n<p>Gan su\u0146i, gan cilv\u0113ki ir dom\u0101jo\u0161as, emocion\u0101las b\u016btnes, tom\u0113r emocion\u0101l\u0101 kapacit\u0101te un dom\u0101\u0161anas \u012bpatn\u012bbas, ar k\u0101d\u0101m esam apvelt\u012bti, su\u0146iem un cilv\u0113kiem ir \u013coti at\u0161\u0137ir\u012bgas. Cilv\u0113ki ir apd\u0101vin\u0101ti ar daudz da\u017e\u0101d\u0101m emocij\u0101m un to izpausm\u0113m &#8211; prieks, laime, b\u0113das, bailes, dusmas, naids, skaud\u012bba, atrieb\u012bba, sp\u012bt\u012bba u.t.t. J\u0101, ar\u012b su\u0146i izj\u016bt daudzas pamata emocijas, piem\u0113ram, prieku, b\u0113das un bailes, ta\u010du ir daudzas emociju izpausmes, kas su\u0146iem nepiem\u012bt. <b>Tipisk\u0101kie piem\u0113ri &#8211; atrieb\u012bba, sp\u012bts, v\u0113lme ieriebt vai nokaitin\u0101t. Uz \u0161\u012bm emociju izpausm\u0113m su\u0146i nav sp\u0113j\u012bgi.<\/b> Su\u0146i neatriebjas, nesp\u012bt\u0113jas, neko nedara, lai k\u0101dam speci\u0101li ieriebtu vai nokaitin\u0101tu. T\u0101pat su\u0146i neizj\u016bt greizsird\u012bbu t\u0101d\u0101 form\u0101, k\u0101 to izj\u016bt cilv\u0113ki. <\/p>\n<h2>\n\t\tK\u0101d\u0113\u013c izvair\u012bties no su\u0146a cilv\u0113cisko\u0161anas?\n\t<\/h2>\n\t<p>Jebkuru su\u0146a r\u012bc\u012bbu vada k\u0101ds no \u0161iem faktoriem:<\/p>\n<ol>\n<li aria-level=\"1\">T\u0101 apmierina k\u0101du no su\u0146a dabiskaj\u0101m pamatvajadz\u012bb\u0101m,<\/li>\n<li aria-level=\"1\">Konkr\u0113t\u0101 r\u012bc\u012bba iepriek\u0161 ir nesusi sunim v\u0113lamo rezult\u0101tu, l\u012bdz ar to suns \u0161o uzved\u012bbu ir iem\u0101c\u012bjies un atk\u0101rto.\u00a0<\/li>\n<\/ol>\n<p>Cilv\u0113ciskojot su\u0146us, m\u0113s varam kait\u0113t gan su\u0146iem, gan pa\u0161i sev. Su\u0146iem &#8211;\u00a0 jo vi\u0146i neb\u016bs izprasti un neb\u016bs apmierin\u0101tas vi\u0146u dabisk\u0101s pamatvajadz\u012bbas, pa\u0161i sev &#8211; jo neizprotot korektus r\u012bc\u012bbas c\u0113lo\u0146us visticam\u0101k su\u0146a uzved\u012bba, kas mums nepat\u012bk vai kaitina, nekur nepazud\u012bs.\u00a0<\/p>\n<p>Katrai su\u0146a r\u012bc\u012bbai pamat\u0101 ir k\u0101ds c\u0113lonis. Su\u0146a saimniekam ir j\u0101b\u016bt gana zino\u0161am su\u0146u uzved\u012bbas jaut\u0101jumos, lai \u0161o c\u0113loni saprastu un attiec\u012bgi r\u012bkotos, nevis noveltu uz k\u0101d\u0101m cilv\u0113kiem piem\u012bto\u0161\u0101m \u012bpa\u0161\u012bb\u0101m.\u00a0<\/p>\n<p>Ilustr\u0113sim \u0161o ar klasisku piem\u0113ru &#8211; suns, paliekot m\u0101j\u0101s viens, \u0101rd\u0101s, sagrau\u017e da\u017e\u0101das mantas, un v\u0113l ie\u010dur\u0101 saimnieka gult\u0101. Bie\u017ei vien cilv\u0113ki m\u0113\u0123ina \u0161o uzved\u012bbu skaidrot ar cilv\u0113kam rakstur\u012bgu emociju izpausmi &#8211; v\u0113lmi ieriebt &#8211; &#8220;suns t\u0101 r\u012bkojas, jo grib saimniekam atriebties par to, ka ir atst\u0101ts viens!&#8221; Tom\u0113r zino\u0161s saimnieks atcer\u0113sies &#8211; n\u0113, su\u0146i nav sp\u0113j\u012bgi izjust v\u0113lmi ieriebt vai atriebties. Ar ko tad ir saist\u012bta \u0161\u0101da su\u0146a uzved\u012bba? Su\u0146i ir soci\u0101li dz\u012bvnieki un vi\u0146iem nav dabiski b\u016bt vieniem. Ja suns nav m\u0101c\u012bts palikt viens, daudziem su\u0146iem var att\u012bst\u012bties t\u0101 d\u0113v\u0113t\u0101 at\u0161\u0137irt\u012bbas panika &#8211; panikas l\u0113kme, paliekot vienam. \u0160\u0101d\u0101 st\u0101vokl\u012b suns nav sp\u0113j\u012bgs kontrol\u0113t savu r\u012bc\u012bbu, un ne vi\u0146a rie\u0161ana, ne grau\u0161ana, ne gaudo\u0161ana vai \u010dur\u0101\u0161ana nav apzin\u0101tas r\u012bc\u012bbas, lai ieriebtu! Lai tiktu gal\u0101 ar at\u0161\u0137irt\u012bbas paniku, nel\u012bdz\u0113s ne su\u0146a sod\u012b\u0161ana, ne b\u0101r\u0161ana. Pal\u012bdz\u0113s tikai un vien\u012bgi atbilsto\u0161a apm\u0101c\u012bba.<\/p>\n<p>V\u0113l viens piem\u0113rs &#8211; nereti dzirdam no saimniekiem, ka suns &#8220;sp\u012bt\u0113joties&#8221;, jo neiet uz priek\u0161u pastaigu laik\u0101. Jau atkal &#8211; atsaucam atmi\u0146\u0101, ka su\u0146i nesp\u0113j izjust v\u0113lmi sp\u012bt\u0113ties tikai t\u0101d\u0113\u013c, lai k\u0101dam ieriebtu &#8211; un mekl\u0113jam c\u0113lo\u0146us. \u0160ai gad\u012bjum\u0101 aicin\u0101m saimniekus padom\u0101t: k\u0101da ir su\u0146a \u0137erme\u0146a valoda br\u012b\u017eos, kad suns vairs nev\u0113las turpin\u0101t pastaigu? K\u0101d\u0101s viet\u0101s, laikapst\u0101k\u013cos vai diennakts laikos tas notiek? Kad tas s\u0101k\u0101s? \u0160ie jaut\u0101jumi pal\u012bdz\u0113s saprast uzved\u012bbas patieso c\u0113loni, kas pavisam noteikti nav vienk\u0101r\u0161a sp\u012bt\u012bba. Ir su\u0146i, kas negrib turpin\u0101t kust\u012bbu, jo nej\u016btas komfortabli doties konkr\u0113tu kairin\u0101t\u0101ju virzien\u0101. Apst\u0101joties suns r\u0101da, ka vi\u0146am ir nepiecie\u0161ama dro\u0161\u012bba un distanc\u0113\u0161an\u0101s no konkr\u0113t\u0101 kairin\u0101t\u0101ja.\u00a0 Ir su\u0146i, kas neiet, jo visp\u0101r nej\u016btas labi \u0101r\u0101 vai nu p\u0101rlieku lielo trok\u0161\u0146u d\u0113\u013c (pils\u0113tvid\u0113), vai liel\u0101 daudzum\u0101 eso\u0161o cilv\u0113ku \/ su\u0146u \/ ma\u0161\u012bnu d\u0113\u013c. Tikpat labi sunim diskomfortu var rad\u012bt laikapst\u0101k\u013ci, piem\u0113ram, aukstums vai lietus. Ar\u012b \u0161ai gad\u012bjum\u0101 t\u0101 nav sp\u012bt\u012bba, bet su\u0146a v\u0113lme apmierin\u0101t vienu no vi\u0146a dabiskaj\u0101m pamatvajadz\u012bb\u0101m &#8211; \u0137erme\u0146a apr\u016bpe un komforts.\u00a0\u00a0<\/p>\n<p>Ne vienm\u0113r su\u0146a r\u012bc\u012bbas c\u0113lo\u0146i ir vienk\u0101r\u0161i izprotami, \u012bpa\u0161i bez padzi\u013cin\u0101t\u0101m zin\u0101\u0161an\u0101m par su\u0146a psiholo\u0123iju, emocij\u0101m. T\u0101d\u0113\u013c, ja ikdien\u0101 saskaries ar k\u0101du sev nepat\u012bkamu vai nesaprotamu su\u0146a r\u012bc\u012bbu, nebaidies v\u0113rsties pie su\u0146u uzved\u012bbas speci\u0101lista &#8211; jo \u0101tr\u0101k probl\u0113mu izprat\u012bsi, jo \u0101tr\u0101k non\u0101ksi l\u012bdz risin\u0101jumam.\u00a0<\/p>\n<h2>\n\t\tAt\u0161\u0137ir\u012bbas su\u0146u un cilv\u0113ku \u0137erme\u0146a valod\u0101\n\t<\/h2>\n\t<p>Saimniekam ir svar\u012bgi saprast su\u0146a \u0137erme\u0146a valodu, jo tas ir galvenais su\u0146a komunik\u0101cijas veids ar apk\u0101rt\u0113jo pasauli, to skait\u0101 cilv\u0113kiem.<\/p>\n<p>Ta\u010du starp su\u0146iem un cilv\u0113kiem ir b\u016btiskas at\u0161\u0137ir\u012bbas ne tikai emocij\u0101s, bet ar\u012b \u0137erme\u0146a valod\u0101. Piem\u0113ram, mums komunic\u0113jot ir piekl\u0101j\u012bgi veidot acu kontaktu, bet sunim ilgsto\u0161a un tie\u0161a ac\u012bs skat\u012b\u0161an\u0101s var rad\u012bt satraukumu, jo su\u0146u \u0137erme\u0146a valod\u0101 cie\u0161s, ilgsto\u0161s skatiens ir stresa sign\u0101ls un pirmsuzbrukuma st\u0101voklis. T\u0101pat suns k\u0101 uzbrukumu var uztvert front\u0101lu ie\u0161anu pretim un tie\u0161u, strauju liek\u0161anos virs\u016b, lai sasveicin\u0101tos, jo su\u0146iem t\u0101 nav piekl\u0101j\u012bga \u0137erme\u0146a valoda. Ja \u0161\u0101di pietuvosimies sunim, suns aizst\u0101voties var pied\u0101v\u0101t k\u0101du no sav\u0101m dabiskaj\u0101m atbildes reakcij\u0101m &#8211; l\u0113k\u0161anu virs\u016b, r\u016bk\u0161anu, atk\u0101p\u0161anos, b\u0113g\u0161anu, sasting\u0161anu, galvas ierau\u0161anu, pat zobu r\u0101d\u012b\u0161anu un uzbrukumu. Un \u0161ai gad\u012bjum\u0101 su\u0146a agresijas c\u0113lonis b\u016bs nevis vi\u0146a raksturs, neaudzin\u0101t\u012bba vai taml\u012bdz\u012bgi, bet gan cilv\u0113ka neizpratne par su\u0146a \u0137erme\u0146a valodu.<\/p>\n<p>V\u0113l viens bie\u017ei p\u0101rprasts su\u0146a \u0137erme\u0146a valodas sign\u0101ls &#8211; \u017e\u0101v\u0101\u0161an\u0101s. \u017d\u0101v\u0101\u0161an\u0101s su\u0146iem ir nomierino\u0161ais sign\u0101ls, kas noz\u012bm\u0113, ka sunim ir bijis diskomforts, pozit\u012bvs vai negat\u012bvs satraukums, s\u0101pes vai bailes. Suns \u017e\u0101v\u0101joties neinform\u0113 par to, ka ir noguris un grib gul\u0113t. \u017d\u0101v\u0101\u0161an\u0101s ir saist\u012bta ar miegu, tikai tad, kad suns gu\u013cot staip\u0101s.<\/p>\n<p>Visbeidzot, par \u0137erme\u0146a valodu run\u0101jot, der atcer\u0113ties, ka vairumam su\u0146u neb\u016bs pat\u012bkams ar\u012b p\u0101r\u0101k cie\u0161s fiziskais kontakts &#8211; apsk\u0101vieni, bu\u010das, galvas glaud\u012b\u0161ana. Ja suns grib\u0113s ar sam\u012b\u013coties un b\u016bt kop\u0101 &#8211; vi\u0146\u0161 pats pien\u0101ks un pagriez\u012bs to \u0137erme\u0146a vietu, ko grib\u0113s, lai cilv\u0113ks pamas\u0113 &#8211; piem\u0113ram, muguru, v\u0113deru, galvu vai sprandu. Ja v\u0113lamies ar suni iziet uz kontaktu, lab\u0101kais variants ir suni piesaukt pie sevis un tikai tad uzs\u0101kt m\u012b\u013co\u0161anu, ja suns ir pien\u0101cis, t\u0101tad izr\u0101dot v\u0113lmi uz \u0137erme\u0146a kontaktu. K\u0101 ar\u012b v\u0113rot su\u0146a \u0137erme\u0146a valodu m\u012b\u013co\u0161anas laik\u0101, lai saprastu, vai piesk\u0101rieni sunim patie\u0161\u0101m ir pat\u012bkami. Ar\u012b sunim ir vajadz\u012bga sava priv\u0101t\u0101 telpa un cie\u0146a pret vi\u0146u k\u0101 dz\u012bvu b\u016btni, sav\u0101m vajadz\u012bb\u0101m un izpratni par vi\u0146a \u0137erme\u0146a valodu. Stingri m\u0101ciet \u0161o ar\u012b b\u0113rniem &#8211; suns nav rota\u013clieta, ko \u010damd\u012bt un m\u012bc\u012bt bez apst\u0101jas.\u00a0<\/p>\n\t<p><strong>Par &#8220;My Perfect Dog&#8221;<\/strong><\/p>\n&#8220;My Perfect Dog&#8221; ir z\u012bmols, kas reprezent\u0113 lieliskas un harmoniskas attiec\u012bbas su\u0146a un saimnieka starp\u0101, kur saimnieks ir izgl\u012btots un zino\u0161s, savuk\u0101rt suns izprasts un atbilsto\u0161i apr\u016bp\u0113ts, socializ\u0113ts un apm\u0101c\u012bts, balstoties uz pret suni \u0113tisku, dabisku un uz motiv\u0101ciju balst\u012btu apm\u0101c\u012bbu.<br \/>\n\n<p> &#8220;My Perfect Dog&#8221; pied\u0101v\u0101 su\u0146u un vi\u0146u saimnieku apm\u0101c\u012bbu, su\u0146u uzved\u012bbas konsult\u0101cijas, socializ\u0101cijas pastaigas su\u0146iem, k\u0101 ar\u012b teor\u0113tiskus un praktiskus semin\u0101rus saimniekiem.<\/p>\n\t<p><strong>Kategorijas<\/strong><\/p>\n<p><a href=\"https:\/\/myperfectdog.lv\/en\/internetveikals\/\">Internetveikals<\/a><\/p>\n<p><a href=\"https:\/\/myperfectdog.lv\/en\/apmacibu-piedavajums\/\">Apm\u0101c\u012bbu pied\u0101v\u0101jums<\/a><\/p>\n<p><a href=\"https:\/\/myperfectdog.lv\/en\/sunu-aukles\/\">Su\u0146u pieskat\u012b\u0161ana un pastaigas<\/a><\/p>\n<p><a href=\"https:\/\/myperfectdog.lv\/en\/izglitojosi-raksti\/\">Izgl\u012btojo\u0161i materi\u0101li<\/a><\/p>\n<p><a href=\"https:\/\/myperfectdog.lv\/en\/kontakti\/\">Kontakti<\/a><\/p>\n<p><a href=\"https:\/\/myperfectdog.lv\/en\/privatuma-politika\/\">Priv\u0101tuma politika<\/a><\/p>\n\t<p><strong>Sazi\u0146ai<\/strong><\/p>\n\t+371 27993370<br \/>\nliga@myperfectdog.lv\n\t<p><strong>Seko &#8220;My Perfect Dog&#8221;<\/strong><\/p>\n\t\t\t\t<img decoding=\"async\" src=\"https:\/\/myperfectdog.lv\/wp-content\/uploads\/2020\/09\/PDTE-Logo2-150x150.png\" alt=\"PDTE-Logo2\" itemprop=\"image\" title=\"PDTE-Logo2\" onerror=\"this.style.display='none'\"  \/>\n\t<p><strong>Par &#8220;My Perfect Dog&#8221;<\/strong><\/p>\n&#8220;My Perfect Dog&#8221; ir z\u012bmols, kas reprezent\u0113 lieliskas un harmoniskas attiec\u012bbas su\u0146a un saimnieka starp\u0101, kur saimnieks ir izgl\u012btots un zino\u0161s, savuk\u0101rt suns izprasts un atbilsto\u0161i apr\u016bp\u0113ts, socializ\u0113ts un apm\u0101c\u012bts, balstoties uz pret suni \u0113tisku, dabisku un uz motiv\u0101ciju balst\u012btu apm\u0101c\u012bbu.<br \/>\n\n<p> &#8220;My Perfect Dog&#8221; pied\u0101v\u0101 su\u0146u un vi\u0146u saimnieku apm\u0101c\u012bbu, su\u0146u uzved\u012bbas konsult\u0101cijas, socializ\u0101cijas pastaigas su\u0146iem, k\u0101 ar\u012b teor\u0113tiskus un praktiskus semin\u0101rus saimniekiem.<\/p>\n\t<p><strong>Sazi\u0146ai<\/strong><\/p>\n\t+371 27993370<br \/>\nliga@myperfectdog.lv\n\t<p><strong>Seko &#8220;My Perfect Dog&#8221;<\/strong><\/p>\n<h5>\n\t\t<a href=\"https:\/\/myperfectdog.lv\/en\/privatuma-politika\/\" title=\"Priv\u0101tuma politika\" target=\"_self\" rel=\"noopener\">\n\t\tPriv\u0101tuma politika\n\t\t<\/a>\n\t<\/h5>","protected":false},"excerpt":{"rendered":"<p>Su\u0146u cilv\u0113cisko\u0161ana un k\u0101p\u0113c to nedar\u012bt? Su\u0146u cilv\u0113cisko\u0161ana jeb cilv\u0113ka \u012bpa\u0161\u012bbu pied\u0113v\u0113\u0161ana sunim ir lieta, ar ko daudzi su\u0146u saimnieki, pa\u0161i to neapzinoties, nodarbojas bie\u017ei. \u0160ai rakst\u0101 past\u0101st\u012bsim par rakstur\u012bg\u0101kajiem gad\u012bjumiem, kad su\u0146us cilv\u0113ciskojam un par iemesliem, k\u0101d\u0113\u013c to nedar\u012bt. Vai suns var sp\u012bt\u0113ties un atriebties? &#8220;Mans suns t\u0101 dara, jo grib man atriebties!&#8221; &#8220;Ai,&hellip;<\/p>","protected":false},"author":1,"featured_media":0,"parent":2210,"menu_order":1,"comment_status":"closed","ping_status":"closed","template":"","meta":{"footnotes":""},"class_list":["post-6763","page","type-page","status-publish","hentry"],"yoast_head":"<!-- This site is optimized with the Yoast SEO plugin v27.5 - https:\/\/yoast.com\/product\/yoast-seo-wordpress\/ -->\n<title>Su\u0146u cilv\u0113cisko\u0161ana un k\u0101p\u0113c to nedar\u012bt | MyPerfectDog.lv<\/title>\n<meta name=\"robots\" content=\"index, follow, max-snippet:-1, max-image-preview:large, max-video-preview:-1\" \/>\n<link rel=\"canonical\" href=\"https:\/\/myperfectdog.lv\/en\/izglitojosi\/sunu-cilveciskosana\/\" \/>\n<meta property=\"og:locale\" content=\"en_GB\" \/>\n<meta property=\"og:type\" content=\"article\" \/>\n<meta property=\"og:title\" content=\"Su\u0146u cilv\u0113cisko\u0161ana un k\u0101p\u0113c to nedar\u012bt | MyPerfectDog.lv\" \/>\n<meta property=\"og:description\" content=\"Su\u0146u cilv\u0113cisko\u0161ana un k\u0101p\u0113c to nedar\u012bt? Su\u0146u cilv\u0113cisko\u0161ana jeb cilv\u0113ka \u012bpa\u0161\u012bbu pied\u0113v\u0113\u0161ana sunim ir lieta, ar ko daudzi su\u0146u saimnieki, pa\u0161i to neapzinoties, nodarbojas bie\u017ei. \u0160ai rakst\u0101 past\u0101st\u012bsim par rakstur\u012bg\u0101kajiem gad\u012bjumiem, kad su\u0146us cilv\u0113ciskojam un par iemesliem, k\u0101d\u0113\u013c to nedar\u012bt. Vai suns var sp\u012bt\u0113ties un atriebties? &#8220;Mans suns t\u0101 dara, jo grib man atriebties!&#8221; &#8220;Ai,&hellip;\" \/>\n<meta property=\"og:url\" content=\"https:\/\/myperfectdog.lv\/en\/izglitojosi\/sunu-cilveciskosana\/\" \/>\n<meta property=\"og:site_name\" content=\"MyPerfectDog.lv\" \/>\n<meta property=\"article:modified_time\" content=\"2024-08-08T13:38:05+00:00\" \/>\n<meta property=\"og:image\" content=\"https:\/\/myperfectdog.lv\/wp-content\/uploads\/2020\/10\/MyPerfectDog-New-logo_peach_plakans.png\" \/>\n<meta name=\"twitter:card\" content=\"summary_large_image\" \/>\n<meta name=\"twitter:label1\" content=\"Estimated reading time\" \/>\n\t<meta name=\"twitter:data1\" content=\"6 minutes\" \/>\n<script type=\"application\/ld+json\" class=\"yoast-schema-graph\">{\"@context\":\"https:\\\/\\\/schema.org\",\"@graph\":[{\"@type\":\"WebPage\",\"@id\":\"https:\\\/\\\/myperfectdog.lv\\\/izglitojosi\\\/sunu-cilveciskosana\\\/\",\"url\":\"https:\\\/\\\/myperfectdog.lv\\\/izglitojosi\\\/sunu-cilveciskosana\\\/\",\"name\":\"Su\u0146u cilv\u0113cisko\u0161ana un k\u0101p\u0113c to nedar\u012bt | MyPerfectDog.lv\",\"isPartOf\":{\"@id\":\"https:\\\/\\\/myperfectdog.lv\\\/#website\"},\"primaryImageOfPage\":{\"@id\":\"https:\\\/\\\/myperfectdog.lv\\\/izglitojosi\\\/sunu-cilveciskosana\\\/#primaryimage\"},\"image\":{\"@id\":\"https:\\\/\\\/myperfectdog.lv\\\/izglitojosi\\\/sunu-cilveciskosana\\\/#primaryimage\"},\"thumbnailUrl\":\"https:\\\/\\\/myperfectdog.lv\\\/wp-content\\\/uploads\\\/2020\\\/10\\\/MyPerfectDog-New-logo_peach_plakans.png\",\"datePublished\":\"2023-04-14T10:54:24+00:00\",\"dateModified\":\"2024-08-08T13:38:05+00:00\",\"breadcrumb\":{\"@id\":\"https:\\\/\\\/myperfectdog.lv\\\/izglitojosi\\\/sunu-cilveciskosana\\\/#breadcrumb\"},\"inLanguage\":\"en-GB\",\"potentialAction\":[{\"@type\":\"ReadAction\",\"target\":[\"https:\\\/\\\/myperfectdog.lv\\\/izglitojosi\\\/sunu-cilveciskosana\\\/\"]}]},{\"@type\":\"ImageObject\",\"inLanguage\":\"en-GB\",\"@id\":\"https:\\\/\\\/myperfectdog.lv\\\/izglitojosi\\\/sunu-cilveciskosana\\\/#primaryimage\",\"url\":\"https:\\\/\\\/myperfectdog.lv\\\/wp-content\\\/uploads\\\/2020\\\/10\\\/MyPerfectDog-New-logo_peach_plakans.png\",\"contentUrl\":\"https:\\\/\\\/myperfectdog.lv\\\/wp-content\\\/uploads\\\/2020\\\/10\\\/MyPerfectDog-New-logo_peach_plakans.png\"},{\"@type\":\"BreadcrumbList\",\"@id\":\"https:\\\/\\\/myperfectdog.lv\\\/izglitojosi\\\/sunu-cilveciskosana\\\/#breadcrumb\",\"itemListElement\":[{\"@type\":\"ListItem\",\"position\":1,\"name\":\"Home\",\"item\":\"https:\\\/\\\/myperfectdog.lv\\\/\"},{\"@type\":\"ListItem\",\"position\":2,\"name\":\"Izgl\u012btojo\u0161i materi\u0101li\",\"item\":\"https:\\\/\\\/myperfectdog.lv\\\/izglitojosi\\\/\"},{\"@type\":\"ListItem\",\"position\":3,\"name\":\"Su\u0146u cilv\u0113cisko\u0161ana un k\u0101p\u0113c to nedar\u012bt\"}]},{\"@type\":\"WebSite\",\"@id\":\"https:\\\/\\\/myperfectdog.lv\\\/#website\",\"url\":\"https:\\\/\\\/myperfectdog.lv\\\/\",\"name\":\"MyPerfectDog.lv\",\"description\":\"Su\u0146u un saimnieku skola\",\"publisher\":{\"@id\":\"https:\\\/\\\/myperfectdog.lv\\\/#organization\"},\"potentialAction\":[{\"@type\":\"SearchAction\",\"target\":{\"@type\":\"EntryPoint\",\"urlTemplate\":\"https:\\\/\\\/myperfectdog.lv\\\/?s={search_term_string}\"},\"query-input\":{\"@type\":\"PropertyValueSpecification\",\"valueRequired\":true,\"valueName\":\"search_term_string\"}}],\"inLanguage\":\"en-GB\"},{\"@type\":\"Organization\",\"@id\":\"https:\\\/\\\/myperfectdog.lv\\\/#organization\",\"name\":\"Su\u0146u & saimnieku skola \\\"My Perfect Dog\\\"\",\"url\":\"https:\\\/\\\/myperfectdog.lv\\\/\",\"logo\":{\"@type\":\"ImageObject\",\"inLanguage\":\"en-GB\",\"@id\":\"https:\\\/\\\/myperfectdog.lv\\\/#\\\/schema\\\/logo\\\/image\\\/\",\"url\":\"https:\\\/\\\/myperfectdog.lv\\\/wp-content\\\/uploads\\\/2020\\\/10\\\/MyPerfectDog-New-logo_peach_plakans.png\",\"contentUrl\":\"https:\\\/\\\/myperfectdog.lv\\\/wp-content\\\/uploads\\\/2020\\\/10\\\/MyPerfectDog-New-logo_peach_plakans.png\",\"width\":1200,\"height\":636,\"caption\":\"Su\u0146u & saimnieku skola \\\"My Perfect Dog\\\"\"},\"image\":{\"@id\":\"https:\\\/\\\/myperfectdog.lv\\\/#\\\/schema\\\/logo\\\/image\\\/\"}}]}<\/script>\n<!-- \/ Yoast SEO plugin. -->","yoast_head_json":{"title":"Su\u0146u cilv\u0113cisko\u0161ana un k\u0101p\u0113c to nedar\u012bt | MyPerfectDog.lv","robots":{"index":"index","follow":"follow","max-snippet":"max-snippet:-1","max-image-preview":"max-image-preview:large","max-video-preview":"max-video-preview:-1"},"canonical":"https:\/\/myperfectdog.lv\/en\/izglitojosi\/sunu-cilveciskosana\/","og_locale":"en_GB","og_type":"article","og_title":"Su\u0146u cilv\u0113cisko\u0161ana un k\u0101p\u0113c to nedar\u012bt | MyPerfectDog.lv","og_description":"Su\u0146u cilv\u0113cisko\u0161ana un k\u0101p\u0113c to nedar\u012bt? Su\u0146u cilv\u0113cisko\u0161ana jeb cilv\u0113ka \u012bpa\u0161\u012bbu pied\u0113v\u0113\u0161ana sunim ir lieta, ar ko daudzi su\u0146u saimnieki, pa\u0161i to neapzinoties, nodarbojas bie\u017ei. \u0160ai rakst\u0101 past\u0101st\u012bsim par rakstur\u012bg\u0101kajiem gad\u012bjumiem, kad su\u0146us cilv\u0113ciskojam un par iemesliem, k\u0101d\u0113\u013c to nedar\u012bt. Vai suns var sp\u012bt\u0113ties un atriebties? &#8220;Mans suns t\u0101 dara, jo grib man atriebties!&#8221; &#8220;Ai,&hellip;","og_url":"https:\/\/myperfectdog.lv\/en\/izglitojosi\/sunu-cilveciskosana\/","og_site_name":"MyPerfectDog.lv","article_modified_time":"2024-08-08T13:38:05+00:00","og_image":[{"url":"https:\/\/myperfectdog.lv\/wp-content\/uploads\/2020\/10\/MyPerfectDog-New-logo_peach_plakans.png","type":"","width":"","height":""}],"twitter_card":"summary_large_image","twitter_misc":{"Estimated reading time":"6 minutes"},"schema":{"@context":"https:\/\/schema.org","@graph":[{"@type":"WebPage","@id":"https:\/\/myperfectdog.lv\/izglitojosi\/sunu-cilveciskosana\/","url":"https:\/\/myperfectdog.lv\/izglitojosi\/sunu-cilveciskosana\/","name":"Su\u0146u cilv\u0113cisko\u0161ana un k\u0101p\u0113c to nedar\u012bt | MyPerfectDog.lv","isPartOf":{"@id":"https:\/\/myperfectdog.lv\/#website"},"primaryImageOfPage":{"@id":"https:\/\/myperfectdog.lv\/izglitojosi\/sunu-cilveciskosana\/#primaryimage"},"image":{"@id":"https:\/\/myperfectdog.lv\/izglitojosi\/sunu-cilveciskosana\/#primaryimage"},"thumbnailUrl":"https:\/\/myperfectdog.lv\/wp-content\/uploads\/2020\/10\/MyPerfectDog-New-logo_peach_plakans.png","datePublished":"2023-04-14T10:54:24+00:00","dateModified":"2024-08-08T13:38:05+00:00","breadcrumb":{"@id":"https:\/\/myperfectdog.lv\/izglitojosi\/sunu-cilveciskosana\/#breadcrumb"},"inLanguage":"en-GB","potentialAction":[{"@type":"ReadAction","target":["https:\/\/myperfectdog.lv\/izglitojosi\/sunu-cilveciskosana\/"]}]},{"@type":"ImageObject","inLanguage":"en-GB","@id":"https:\/\/myperfectdog.lv\/izglitojosi\/sunu-cilveciskosana\/#primaryimage","url":"https:\/\/myperfectdog.lv\/wp-content\/uploads\/2020\/10\/MyPerfectDog-New-logo_peach_plakans.png","contentUrl":"https:\/\/myperfectdog.lv\/wp-content\/uploads\/2020\/10\/MyPerfectDog-New-logo_peach_plakans.png"},{"@type":"BreadcrumbList","@id":"https:\/\/myperfectdog.lv\/izglitojosi\/sunu-cilveciskosana\/#breadcrumb","itemListElement":[{"@type":"ListItem","position":1,"name":"Home","item":"https:\/\/myperfectdog.lv\/"},{"@type":"ListItem","position":2,"name":"Izgl\u012btojo\u0161i materi\u0101li","item":"https:\/\/myperfectdog.lv\/izglitojosi\/"},{"@type":"ListItem","position":3,"name":"Su\u0146u cilv\u0113cisko\u0161ana un k\u0101p\u0113c to nedar\u012bt"}]},{"@type":"WebSite","@id":"https:\/\/myperfectdog.lv\/#website","url":"https:\/\/myperfectdog.lv\/","name":"MyPerfectDog.lv","description":"Su\u0146u un saimnieku skola","publisher":{"@id":"https:\/\/myperfectdog.lv\/#organization"},"potentialAction":[{"@type":"SearchAction","target":{"@type":"EntryPoint","urlTemplate":"https:\/\/myperfectdog.lv\/?s={search_term_string}"},"query-input":{"@type":"PropertyValueSpecification","valueRequired":true,"valueName":"search_term_string"}}],"inLanguage":"en-GB"},{"@type":"Organization","@id":"https:\/\/myperfectdog.lv\/#organization","name":"Su\u0146u & saimnieku skola \"My Perfect Dog\"","url":"https:\/\/myperfectdog.lv\/","logo":{"@type":"ImageObject","inLanguage":"en-GB","@id":"https:\/\/myperfectdog.lv\/#\/schema\/logo\/image\/","url":"https:\/\/myperfectdog.lv\/wp-content\/uploads\/2020\/10\/MyPerfectDog-New-logo_peach_plakans.png","contentUrl":"https:\/\/myperfectdog.lv\/wp-content\/uploads\/2020\/10\/MyPerfectDog-New-logo_peach_plakans.png","width":1200,"height":636,"caption":"Su\u0146u & saimnieku skola \"My Perfect Dog\""},"image":{"@id":"https:\/\/myperfectdog.lv\/#\/schema\/logo\/image\/"}}]}},"jetpack_sharing_enabled":true,"_links":{"self":[{"href":"https:\/\/myperfectdog.lv\/en\/wp-json\/wp\/v2\/pages\/6763","targetHints":{"allow":["GET"]}}],"collection":[{"href":"https:\/\/myperfectdog.lv\/en\/wp-json\/wp\/v2\/pages"}],"about":[{"href":"https:\/\/myperfectdog.lv\/en\/wp-json\/wp\/v2\/types\/page"}],"author":[{"embeddable":true,"href":"https:\/\/myperfectdog.lv\/en\/wp-json\/wp\/v2\/users\/1"}],"replies":[{"embeddable":true,"href":"https:\/\/myperfectdog.lv\/en\/wp-json\/wp\/v2\/comments?post=6763"}],"version-history":[{"count":0,"href":"https:\/\/myperfectdog.lv\/en\/wp-json\/wp\/v2\/pages\/6763\/revisions"}],"up":[{"embeddable":true,"href":"https:\/\/myperfectdog.lv\/en\/wp-json\/wp\/v2\/pages\/2210"}],"wp:attachment":[{"href":"https:\/\/myperfectdog.lv\/en\/wp-json\/wp\/v2\/media?parent=6763"}],"curies":[{"name":"wp","href":"https:\/\/api.w.org\/{rel}","templated":true}]}}