{"id":6849,"date":"2023-05-15T11:05:52","date_gmt":"2023-05-15T09:05:52","guid":{"rendered":"https:\/\/myperfectdog.lv\/?page_id=6849"},"modified":"2025-08-22T11:28:57","modified_gmt":"2025-08-22T09:28:57","slug":"tehniska-informacija-pamatkonceptu-apmaciba","status":"publish","type":"page","link":"https:\/\/myperfectdog.lv\/en\/tehniska-informacija-pamatkonceptu-apmaciba\/","title":{"rendered":"Tehnisk\u0101 inform\u0101cija Pamatkonceptu apm\u0101c\u012bb\u0101m"},"content":{"rendered":"<a href=\"https:\/\/myperfectdog.lv\/en\/\" target=\"_self\" itemprop=\"url\">\n\t\t\t\t<img loading=\"lazy\" decoding=\"async\" src=\"https:\/\/myperfectdog.lv\/wp-content\/uploads\/2020\/10\/MyPerfectDog-New-logo_peach_plakans.png\" alt=\"MyPerfectDog-New-logo_peach_plakans\" itemprop=\"image\" height=\"636\" width=\"1200\" title=\"MyPerfectDog-New-logo_peach_plakans\" onerror=\"this.style.display='none'\"  \/>\n\t\t\t\t<\/a>\n\t\t\t\t<img loading=\"lazy\" decoding=\"async\" src=\"https:\/\/myperfectdog.lv\/wp-content\/uploads\/2020\/10\/MyPerfectDog-New-logo_peach_plakans.png\" alt=\"MyPerfectDog-New-logo_peach_plakans\" itemprop=\"image\" height=\"636\" width=\"1200\" title=\"MyPerfectDog-New-logo_peach_plakans\" onerror=\"this.style.display='none'\"  \/>\n<h2>\n\t\tTEHNISK\u0100 INFORM\u0100CIJA PAR PAMATKONCEPTU APM\u0100C\u012aBAS GRUPU NODARB\u012aB\u0100M\n\t<\/h2>\n\t<h2><strong>Nodarb\u012bbas paredz\u0113tas ikvienam sunim neatkar\u012bgi no su\u0146a vecuma, izm\u0113ra un \u0161\u0137irnes!<\/strong><\/h2>\n<h2>\n\t\tTEOR\u0112TISK\u0100S NODARB\u012aBAS\n\t<\/h2>\n\t<p>Kursa ietvaros lielu uzsvaru piev\u0113r\u0161am tie\u0161i saimnieku izgl\u012bto\u0161anai, jo viss s\u0101kas ar mums &#8211; su\u0146u saimniekiem, &#8211; cik izgl\u012btoti un zino\u0161i m\u0113s esam un vai izprotam su\u0146us un vi\u0146u r\u012bc\u012bbu c\u0113lo\u0146us un sekas?! T\u0101p\u0113c pamatkoncepta kursa ietvaros ir paredz\u0113ts Jums noklaus\u012bties izgl\u012btojo\u0161\u0101s lekcijas. Tur s\u012bki past\u0101st\u0101m pa\u0161us pamatu pamatus par su\u0146iem, lai vi\u0146us izprastu un var\u0113tu veidot kop\u012bgu, abpus\u0113ji pat\u012bkamu kopdz\u012bvi.<\/p>\n\t<p>Izgl\u012btojo\u0161o lekciju saturs:<\/p>\n<ul>\n<li>su\u0146u psiholo\u0123ija,<\/li>\n<li>apm\u0101c\u012bbas un ikdienas koncepti,<\/li>\n<li>mened\u017ementa noz\u012bme audzin\u0101\u0161anas proces\u0101,<\/li>\n<li>su\u0146u dabisk\u0101s pamatvajadz\u012bbas,<\/li>\n<li>su\u0146u \u0137erme\u0146a valoda &#8211; nomierino\u0161ie, stresa, distanci palielino\u0161ie un agresijas sign\u0101li,<\/li>\n<li>su\u0146u emocijas un emociju ietekme uz uzved\u012bbu,<\/li>\n<li>k\u0101 su\u0146i m\u0101c\u0101s un k\u0101 m\u0113s to izprotot varam veicin\u0101t veiksm\u012bgu su\u0146u apm\u0101c\u012bbu.<\/li>\n<\/ul>\n<p>Teorijas nodarb\u012bbu beig\u0101s Jums b\u016bs iesp\u0113ja uzdot sev interes\u0113jo\u0161os jaut\u0101jumus!<\/p>\n<p>Izgl\u012btojo\u0161\u0101s lekcijas katra ilgs ~2,5-3h.<\/p>\n<p>T\u0101s notiks att\u0101lin\u0101ti online &#8211; video sazvan\u0101 Google Meet platform\u0101 vai tiks nos\u016bt\u012bts vair\u0101ku maz\u0101ku lekciju video materi\u0101li.<\/p>\n\t<p>Teoriju apmekl\u0113jums ir OBLIG\u0100TS, lai veiksm\u012bgi var\u0113tu turpin\u0101t darboties praktiskaj\u0101s nodarb\u012bb\u0101s. Ta\u010du, ja nu tie\u0161\u0101m nek\u0101di netiekat \u0161aj\u0101 laik\u0101, tad nos\u016bt\u012b\u0161u Jums konkr\u0113to lekciju ieraksta versiju, kas b\u016bs p\u0101ris dienas v\u0113l pieejama.<\/p>\n<p>Uzaicin\u0101juma linku uz lekcij\u0101m J\u016bs sa\u0146emsiet dienu pirms vai tie\u0161raides dien\u0101 savos epastos!<\/p>\n\t\n<p>Ja teor\u0113tisk\u0101s lekcijas neb\u016bs online, tad nos\u016bt\u012bsi piek\u013cuves vair\u0101ku \u012bsu lekciju sagatavotiem video materi\u0101liem, kuri b\u016bs Jums pieejami 2 ned\u0113\u013cas. Bet neuztraucies, ja nepasp\u0113j noskat\u012bties vai v\u0113lies noskat\u012bties atk\u0101rtoti v\u0113lreiz, raksti mums un nos\u016bt\u012bsim Jums piek\u013cuves v\u0113lreiz! \ud83d\ude42<\/p>\n<h2>\n\t\tPRAKTISK\u0100S NODARB\u012aBAS\n\t<\/h2>\n\t<p>Pirms nodarb\u012bb\u0101m l\u016bgums su\u0146us kop\u0101 nelaist. Atn\u0101kot, ieturat distanci t\u0101du, lai J\u016bsu suns ir sp\u0113j\u012bgs kaut cik nomierin\u0101ties un v\u0113rot no att\u0101luma citus su\u0146us, nevis uzreiz p\u0101rstimul\u0113jas \/ sastresojas. \u013baujiet su\u0146iem ost\u012bties, lai izzina nodarb\u012bbu vietu un nomierin\u0101s \u0161aj\u0101 proces\u0101. Veidosim pozit\u012bvas un dro\u0161as asoci\u0101cijas ar konkr\u0113to nodarb\u012bbu vietu jau no pirm\u0101s tik\u0161an\u0101s reizes! Nodarb\u012bbu ietvar\u0101 vai p\u0113c t\u0101m \u013causim su\u0146iem savstarp\u0113ji komunic\u0113t un sp\u0113l\u0113ties, bet ne pirms nodarb\u012bb\u0101m, bet gan p\u0113c.<\/p>\n\t<p>Uz nodarbi\u0304b\u0101m li\u0304dzi ja\u0304n\u0327em:<\/p>\n<p>Sunim vesel\u012bgs un augstas kvalit\u0101tes \u0113diens\/gardumi, kas ir mi\u0304ksti, viegli lau\u017eami, viegli sako\u0161\u013c\u0101jami un mazos gabalin\u0327os. Piem\u0113ram:<\/p>\n<ul>\n<li>Prins Treats <a href=\"https:\/\/myperfectdog.lv\/en\/product-category\/gardumi-suniem\/\">https:\/\/myperfectdog.lv\/product-category\/gardumi-suniem\/<\/a><\/li>\n<li>Prins Nature Care desa <a href=\"https:\/\/myperfectdog.lv\/en\/product\/prins-naturecare-dog-lamb\/\">https:\/\/myperfectdog.lv\/product\/prins-naturecare-dog-lamb\/<\/a><\/li>\n<li>DemBites dab\u012bgos su\u0146u k\u0101rumus <a href=\"https:\/\/www.instagram.com\/dembites.lv\/\">https:\/\/www.instagram.com\/dembites.lv\/<\/a><\/li>\n<li>V\u0101r\u012btu vistas fileju, aknas, sirdis sagrieztus mazos gabali\u0146os<\/li>\n<\/ul>\n<p>Vair\u0101k par pilnv\u0113rt\u012bgiem treni\u0146u gardumiem inform\u0101ciju variet ieg\u016bt &#8211; <a href=\"https:\/\/myperfectdog.lv\/en\/izglitojosi-raksti\/gardumi-sunim\/\">https:\/\/myperfectdog.lv\/izglitojosi-raksti\/gardumi-sunim\/<\/a><\/p>\n<p>Gardumus\/\u0113dienu liekam jostas somi\u0146\u0101s vai speci\u0101laj\u0101s gardumu somi\u0146\u0101s, vai \u0101rjakas kabat\u0101, t\u0101, lai gardumi ir \u0101tri pieejami (nevis maisi\u0146os vai gardumu iepakojumos, ar kuriem ilgi j\u0101bakst\u0101s l\u012bdz gardumu iz\u0137eks\u0113 lauk\u0101)<\/p>\n<p>Garenu mantin\u0327u &#8211; virvjveidi\u0304ga mantin\u0327a vai cita gara mi\u0304ksta\u0304 mantin\u0327a, vai manta k\u0101t\u0101, bez p\u012bkstu\u013ca.<\/p>\n<p>Parasta pavada vismaz 3m (flexi pavadas nedere\u0304s)<\/p>\n<p>Paaugstin\u0101jumu sunim, s\u0101kot ar 2.nodarb\u012bbu<\/p>\n<p>Ieteicami Y-H tipa iemaukti.<\/p>\n<p><a href=\"https:\/\/myperfectdog.lv\/en\/tehniska-informacija-pamatkonceptu-apmaciba\/myperfectdog-izglitojosi-posti-3\/\" rel=\"attachment wp-att-11449\"><img loading=\"lazy\" decoding=\"async\" src=\"https:\/\/myperfectdog.lv\/wp-content\/uploads\/2025\/03\/MyPerfectDog-izglitojosi-posti--e1742460623471-300x161.jpg\" alt=\"\" width=\"300\" height=\"161\" \/><\/a><\/p>\n<p>&nbsp;<\/p>\n\t<p>L\u016bgums m\u016bs grupas Whatsapp sarakst\u0113 inform\u0113t, ja uz k\u0101du no nodarb\u012bb\u0101m netiekat, lai trenere var r\u0113\u0137in\u0101ties ar dal\u012bbnieku skaitu katr\u0101 konkr\u0113taj\u0101 nodarb\u012bb\u0101 un, ja nepiecie\u0161ams, var ko pamain\u012bt!<\/p>\n<p>Viena praktisk\u0101 nodarb\u012bba ilgst 50min &#8211; 1h.<\/p>\n<h2>\n\t\tATSKAITES, M\u0100JASDARBI, IZGL\u012aTOJO\u0160I MATERI\u0100LI, Q&#038;A \n\t<\/h2>\n\t<p>P\u0113c katras nodarb\u012bbas grupas Whatsapp sarakst\u0113 s\u016bt\u012bsim nodarb\u012bb\u0101 \u0146emto vielu un izgl\u012btojo\u0161us materi\u0101lus, lai varat tren\u0113ties m\u0101j\u0101s.<\/p>\n<p>S\u016bt\u012bsim ne tikai aprakstu, bet ar\u012b instrukciju video form\u0101t\u0101 tiem uzdevumiem, kas tiks m\u0101c\u012bti nodarb\u012bb\u0101s. Tas noz\u012bm\u0113, ka, ja ar\u012b uz k\u0101du nodarb\u012bbu kl\u0101tien\u0113 neb\u016bsiet tiku\u0161i &#8211; neko neb\u016bsiet nokav\u0113ju\u0161i, jo visus apm\u0101c\u012bbu uzdevumus redz\u0113siet un katras nodarb\u012bbas vielai var\u0113siet iziet cauri m\u0101j\u0101s un\/vai pastaigu laik\u0101.<\/p>\n<p>T\u0101pat dro\u0161i kursa ietvaros grupas Whatsapp sarakst\u0113 J\u016bs varat uzdot sev interes\u0113jo\u0161os, aktu\u0101los jaut\u0101jumus, regul\u0101ri sekosim l\u012bdzi un sniegsim Jums atbildes.<\/p>\n<h2>\n\t\tAPMAKSA!\n\t<\/h2>\n\t<p>Viss kurss kop\u0101 maks\u0101 <strong>180\u20ac<\/strong> vai <strong>210\u20ac<\/strong> iek\u0161telp\u0101s <strong>Pi\u0146\u0137os<\/strong>, <strong>Jelgav\u0101, Carnikav\u0101<\/strong> (Teor\u0113tisko lekciju maksa 30\u20ac, savuk\u0101rt katra praktisk\u0101 nodarb\u012bba 15\u20ac (18\u20ac).\u2028\u2028Ta\u010du t\u0101 k\u0101 apm\u0101c\u012bbu viela b\u016bs pieejama gan kl\u0101tien\u0113, gan video form\u0101t\u0101, k\u0101 ar\u012b skolas vad\u012bt\u0101ja un ar\u012b grupas trenere visa kursa ietvaros b\u016bs gatavas atbild\u0113t uz visiem J\u016bsu jaut\u0101jumiem grupas Whatsapp sarakst\u0113: apmaksa ir j\u0101veic par visu kursu kop\u0101, neskatoties uz to, ka k\u0101du kl\u0101tienes nodarb\u012bbu Jums san\u0101ks izlaist.<\/p>\n<p>Apmaksu var veikt m\u016bsu internetveikal\u0101 caur \u0161o linku: <a href=\"https:\/\/myperfectdog.lv\/en\/product\/pamatkonceptu-apmacibas-kurss-riga\/\">https:\/\/myperfectdog.lv\/products\/pamatkonceptu-apmacibas-kurss-riga\/<\/a><\/p>\n<p>Apmaksas links iek\u0161telp\u0101m- <a href=\"https:\/\/myperfectdog.lv\/en\/product\/pamatkonceptu-apmacibas-kurss\/\">https:\/\/myperfectdog.lv\/products\/pamatkonceptu-apmacibas-kurss\/<\/a><\/p>\n<p>Ja teor\u0113tisk\u0101s lekcijas jau esat ieg\u0101d\u0101ju\u0161ies un klaus\u012bju\u0161ies iepriek\u0161, apmaksu veiciet 150\u20ac vai 170\u20ac apm\u0113r\u0101.<\/p>\n\t<p><strong>Par &#8220;My Perfect Dog&#8221;<\/strong><\/p>\n&#8220;My Perfect Dog&#8221; ir z\u012bmols, kas reprezent\u0113 lieliskas un harmoniskas attiec\u012bbas su\u0146a un saimnieka starp\u0101, kur saimnieks ir izgl\u012btots un zino\u0161s, savuk\u0101rt suns izprasts un atbilsto\u0161i apr\u016bp\u0113ts, socializ\u0113ts un apm\u0101c\u012bts, balstoties uz pret suni \u0113tisku, dabisku un uz motiv\u0101ciju balst\u012btu apm\u0101c\u012bbu.<br \/>\n\n<p> &#8220;My Perfect Dog&#8221; pied\u0101v\u0101 su\u0146u un vi\u0146u saimnieku apm\u0101c\u012bbu, su\u0146u uzved\u012bbas konsult\u0101cijas, socializ\u0101cijas pastaigas su\u0146iem, k\u0101 ar\u012b teor\u0113tiskus un praktiskus semin\u0101rus saimniekiem.<\/p>\n\t<p><strong>Kategorijas<\/strong><\/p>\n<p><a href=\"https:\/\/myperfectdog.lv\/en\/internetveikals\/\">Internetveikals<\/a><\/p>\n<p><a href=\"https:\/\/myperfectdog.lv\/en\/apmacibu-piedavajums\/\">Apm\u0101c\u012bbu pied\u0101v\u0101jums<\/a><\/p>\n<p><a href=\"https:\/\/myperfectdog.lv\/en\/sunu-aukles\/\">Su\u0146u pieskat\u012b\u0161ana un pastaigas<\/a><\/p>\n<p><a href=\"https:\/\/myperfectdog.lv\/en\/izglitojosi-raksti\/\">Izgl\u012btojo\u0161i materi\u0101li<\/a><\/p>\n<p><a href=\"https:\/\/myperfectdog.lv\/en\/kontakti\/\">Kontakti<\/a><\/p>\n<p><a href=\"https:\/\/myperfectdog.lv\/en\/privatuma-politika\/\">Priv\u0101tuma politika<\/a><\/p>\n\t<p><strong>Sazi\u0146ai<\/strong><\/p>\n\t+371 27993370<br \/>\nliga@myperfectdog.lv\n\t<p><strong>Seko &#8220;My Perfect Dog&#8221;<\/strong><\/p>\n\t<p><strong>Par &#8220;My Perfect Dog&#8221;<\/strong><\/p>\n&#8220;My Perfect Dog&#8221; ir z\u012bmols, kas reprezent\u0113 lieliskas un harmoniskas attiec\u012bbas su\u0146a un saimnieka starp\u0101, kur saimnieks ir izgl\u012btots un zino\u0161s, savuk\u0101rt suns izprasts un atbilsto\u0161i apr\u016bp\u0113ts, socializ\u0113ts un apm\u0101c\u012bts, balstoties uz pret suni \u0113tisku, dabisku un uz motiv\u0101ciju balst\u012btu apm\u0101c\u012bbu.<br \/>\n\n<p> &#8220;My Perfect Dog&#8221; pied\u0101v\u0101 su\u0146u un vi\u0146u saimnieku apm\u0101c\u012bbu, su\u0146u uzved\u012bbas konsult\u0101cijas, socializ\u0101cijas pastaigas su\u0146iem, k\u0101 ar\u012b teor\u0113tiskus un praktiskus semin\u0101rus saimniekiem.<\/p>\n\t<p><strong>Sazi\u0146ai<\/strong><\/p>\n\t+371 27993370<br \/>\nliga@myperfectdog.lv\n\t<p><strong>Seko &#8220;My Perfect Dog&#8221;<\/strong><\/p>\n<h5>\n\t\t<a href=\"https:\/\/myperfectdog.lv\/en\/privatuma-politika\/\" title=\"Priv\u0101tuma politika\" target=\"_self\">\n\t\tPriv\u0101tuma politika\n\t\t<\/a>\n\t<\/h5>","protected":false},"excerpt":{"rendered":"<p>TEHNISK\u0100 INFORM\u0100CIJA PAR PAMATKONCEPTU APM\u0100C\u012aBAS GRUPU NODARB\u012aB\u0100M Nodarb\u012bbas paredz\u0113tas ikvienam sunim neatkar\u012bgi no su\u0146a vecuma, izm\u0113ra un \u0161\u0137irnes! TEOR\u0112TISK\u0100S NODARB\u012aBAS Kursa ietvaros lielu uzsvaru piev\u0113r\u0161am tie\u0161i saimnieku izgl\u012bto\u0161anai, jo viss s\u0101kas ar mums &#8211; su\u0146u saimniekiem, &#8211; cik izgl\u012btoti un zino\u0161i m\u0113s esam un vai izprotam su\u0146us un vi\u0146u r\u012bc\u012bbu c\u0113lo\u0146us un sekas?! T\u0101p\u0113c pamatkoncepta&hellip;<\/p>","protected":false},"author":1,"featured_media":0,"parent":0,"menu_order":0,"comment_status":"closed","ping_status":"closed","template":"","meta":{"footnotes":""},"class_list":["post-6849","page","type-page","status-publish","hentry"],"yoast_head":"<!-- This site is optimized with the Yoast SEO plugin v27.5 - https:\/\/yoast.com\/product\/yoast-seo-wordpress\/ -->\n<title>Tehnisk\u0101 inform\u0101cija Pamatkonceptu apm\u0101c\u012bb\u0101m | MyPerfectDog.lv<\/title>\n<meta name=\"robots\" content=\"index, follow, max-snippet:-1, max-image-preview:large, max-video-preview:-1\" \/>\n<link rel=\"canonical\" href=\"https:\/\/myperfectdog.lv\/en\/tehniska-informacija-pamatkonceptu-apmaciba\/\" \/>\n<meta property=\"og:locale\" content=\"en_GB\" \/>\n<meta property=\"og:type\" content=\"article\" \/>\n<meta property=\"og:title\" content=\"Tehnisk\u0101 inform\u0101cija Pamatkonceptu apm\u0101c\u012bb\u0101m | MyPerfectDog.lv\" \/>\n<meta property=\"og:description\" content=\"TEHNISK\u0100 INFORM\u0100CIJA PAR PAMATKONCEPTU APM\u0100C\u012aBAS GRUPU NODARB\u012aB\u0100M Nodarb\u012bbas paredz\u0113tas ikvienam sunim neatkar\u012bgi no su\u0146a vecuma, izm\u0113ra un \u0161\u0137irnes! TEOR\u0112TISK\u0100S NODARB\u012aBAS Kursa ietvaros lielu uzsvaru piev\u0113r\u0161am tie\u0161i saimnieku izgl\u012bto\u0161anai, jo viss s\u0101kas ar mums &#8211; su\u0146u saimniekiem, &#8211; cik izgl\u012btoti un zino\u0161i m\u0113s esam un vai izprotam su\u0146us un vi\u0146u r\u012bc\u012bbu c\u0113lo\u0146us un sekas?! T\u0101p\u0113c pamatkoncepta&hellip;\" \/>\n<meta property=\"og:url\" content=\"https:\/\/myperfectdog.lv\/en\/tehniska-informacija-pamatkonceptu-apmaciba\/\" \/>\n<meta property=\"og:site_name\" content=\"MyPerfectDog.lv\" \/>\n<meta property=\"article:modified_time\" content=\"2025-08-22T09:28:57+00:00\" \/>\n<meta property=\"og:image\" content=\"https:\/\/myperfectdog.lv\/wp-content\/uploads\/2020\/10\/MyPerfectDog-New-logo_peach_plakans.png\" \/>\n<meta name=\"twitter:card\" content=\"summary_large_image\" \/>\n<meta name=\"twitter:label1\" content=\"Estimated reading time\" \/>\n\t<meta name=\"twitter:data1\" content=\"6 minutes\" \/>\n<script type=\"application\/ld+json\" class=\"yoast-schema-graph\">{\"@context\":\"https:\\\/\\\/schema.org\",\"@graph\":[{\"@type\":\"WebPage\",\"@id\":\"https:\\\/\\\/myperfectdog.lv\\\/tehniska-informacija-pamatkonceptu-apmaciba\\\/\",\"url\":\"https:\\\/\\\/myperfectdog.lv\\\/tehniska-informacija-pamatkonceptu-apmaciba\\\/\",\"name\":\"Tehnisk\u0101 inform\u0101cija Pamatkonceptu apm\u0101c\u012bb\u0101m | MyPerfectDog.lv\",\"isPartOf\":{\"@id\":\"https:\\\/\\\/myperfectdog.lv\\\/#website\"},\"primaryImageOfPage\":{\"@id\":\"https:\\\/\\\/myperfectdog.lv\\\/tehniska-informacija-pamatkonceptu-apmaciba\\\/#primaryimage\"},\"image\":{\"@id\":\"https:\\\/\\\/myperfectdog.lv\\\/tehniska-informacija-pamatkonceptu-apmaciba\\\/#primaryimage\"},\"thumbnailUrl\":\"https:\\\/\\\/myperfectdog.lv\\\/wp-content\\\/uploads\\\/2020\\\/10\\\/MyPerfectDog-New-logo_peach_plakans.png\",\"datePublished\":\"2023-05-15T09:05:52+00:00\",\"dateModified\":\"2025-08-22T09:28:57+00:00\",\"breadcrumb\":{\"@id\":\"https:\\\/\\\/myperfectdog.lv\\\/tehniska-informacija-pamatkonceptu-apmaciba\\\/#breadcrumb\"},\"inLanguage\":\"en-GB\",\"potentialAction\":[{\"@type\":\"ReadAction\",\"target\":[\"https:\\\/\\\/myperfectdog.lv\\\/tehniska-informacija-pamatkonceptu-apmaciba\\\/\"]}]},{\"@type\":\"ImageObject\",\"inLanguage\":\"en-GB\",\"@id\":\"https:\\\/\\\/myperfectdog.lv\\\/tehniska-informacija-pamatkonceptu-apmaciba\\\/#primaryimage\",\"url\":\"https:\\\/\\\/myperfectdog.lv\\\/wp-content\\\/uploads\\\/2020\\\/10\\\/MyPerfectDog-New-logo_peach_plakans.png\",\"contentUrl\":\"https:\\\/\\\/myperfectdog.lv\\\/wp-content\\\/uploads\\\/2020\\\/10\\\/MyPerfectDog-New-logo_peach_plakans.png\"},{\"@type\":\"BreadcrumbList\",\"@id\":\"https:\\\/\\\/myperfectdog.lv\\\/tehniska-informacija-pamatkonceptu-apmaciba\\\/#breadcrumb\",\"itemListElement\":[{\"@type\":\"ListItem\",\"position\":1,\"name\":\"Home\",\"item\":\"https:\\\/\\\/myperfectdog.lv\\\/\"},{\"@type\":\"ListItem\",\"position\":2,\"name\":\"Tehnisk\u0101 inform\u0101cija Pamatkonceptu apm\u0101c\u012bb\u0101m\"}]},{\"@type\":\"WebSite\",\"@id\":\"https:\\\/\\\/myperfectdog.lv\\\/#website\",\"url\":\"https:\\\/\\\/myperfectdog.lv\\\/\",\"name\":\"MyPerfectDog.lv\",\"description\":\"Su\u0146u un saimnieku skola\",\"publisher\":{\"@id\":\"https:\\\/\\\/myperfectdog.lv\\\/#organization\"},\"potentialAction\":[{\"@type\":\"SearchAction\",\"target\":{\"@type\":\"EntryPoint\",\"urlTemplate\":\"https:\\\/\\\/myperfectdog.lv\\\/?s={search_term_string}\"},\"query-input\":{\"@type\":\"PropertyValueSpecification\",\"valueRequired\":true,\"valueName\":\"search_term_string\"}}],\"inLanguage\":\"en-GB\"},{\"@type\":\"Organization\",\"@id\":\"https:\\\/\\\/myperfectdog.lv\\\/#organization\",\"name\":\"Su\u0146u & saimnieku skola \\\"My Perfect Dog\\\"\",\"url\":\"https:\\\/\\\/myperfectdog.lv\\\/\",\"logo\":{\"@type\":\"ImageObject\",\"inLanguage\":\"en-GB\",\"@id\":\"https:\\\/\\\/myperfectdog.lv\\\/#\\\/schema\\\/logo\\\/image\\\/\",\"url\":\"https:\\\/\\\/myperfectdog.lv\\\/wp-content\\\/uploads\\\/2020\\\/10\\\/MyPerfectDog-New-logo_peach_plakans.png\",\"contentUrl\":\"https:\\\/\\\/myperfectdog.lv\\\/wp-content\\\/uploads\\\/2020\\\/10\\\/MyPerfectDog-New-logo_peach_plakans.png\",\"width\":1200,\"height\":636,\"caption\":\"Su\u0146u & saimnieku skola \\\"My Perfect Dog\\\"\"},\"image\":{\"@id\":\"https:\\\/\\\/myperfectdog.lv\\\/#\\\/schema\\\/logo\\\/image\\\/\"}}]}<\/script>\n<!-- \/ Yoast SEO plugin. -->","yoast_head_json":{"title":"Tehnisk\u0101 inform\u0101cija Pamatkonceptu apm\u0101c\u012bb\u0101m | MyPerfectDog.lv","robots":{"index":"index","follow":"follow","max-snippet":"max-snippet:-1","max-image-preview":"max-image-preview:large","max-video-preview":"max-video-preview:-1"},"canonical":"https:\/\/myperfectdog.lv\/en\/tehniska-informacija-pamatkonceptu-apmaciba\/","og_locale":"en_GB","og_type":"article","og_title":"Tehnisk\u0101 inform\u0101cija Pamatkonceptu apm\u0101c\u012bb\u0101m | MyPerfectDog.lv","og_description":"TEHNISK\u0100 INFORM\u0100CIJA PAR PAMATKONCEPTU APM\u0100C\u012aBAS GRUPU NODARB\u012aB\u0100M Nodarb\u012bbas paredz\u0113tas ikvienam sunim neatkar\u012bgi no su\u0146a vecuma, izm\u0113ra un \u0161\u0137irnes! TEOR\u0112TISK\u0100S NODARB\u012aBAS Kursa ietvaros lielu uzsvaru piev\u0113r\u0161am tie\u0161i saimnieku izgl\u012bto\u0161anai, jo viss s\u0101kas ar mums &#8211; su\u0146u saimniekiem, &#8211; cik izgl\u012btoti un zino\u0161i m\u0113s esam un vai izprotam su\u0146us un vi\u0146u r\u012bc\u012bbu c\u0113lo\u0146us un sekas?! T\u0101p\u0113c pamatkoncepta&hellip;","og_url":"https:\/\/myperfectdog.lv\/en\/tehniska-informacija-pamatkonceptu-apmaciba\/","og_site_name":"MyPerfectDog.lv","article_modified_time":"2025-08-22T09:28:57+00:00","og_image":[{"url":"https:\/\/myperfectdog.lv\/wp-content\/uploads\/2020\/10\/MyPerfectDog-New-logo_peach_plakans.png","type":"","width":"","height":""}],"twitter_card":"summary_large_image","twitter_misc":{"Estimated reading time":"6 minutes"},"schema":{"@context":"https:\/\/schema.org","@graph":[{"@type":"WebPage","@id":"https:\/\/myperfectdog.lv\/tehniska-informacija-pamatkonceptu-apmaciba\/","url":"https:\/\/myperfectdog.lv\/tehniska-informacija-pamatkonceptu-apmaciba\/","name":"Tehnisk\u0101 inform\u0101cija Pamatkonceptu apm\u0101c\u012bb\u0101m | MyPerfectDog.lv","isPartOf":{"@id":"https:\/\/myperfectdog.lv\/#website"},"primaryImageOfPage":{"@id":"https:\/\/myperfectdog.lv\/tehniska-informacija-pamatkonceptu-apmaciba\/#primaryimage"},"image":{"@id":"https:\/\/myperfectdog.lv\/tehniska-informacija-pamatkonceptu-apmaciba\/#primaryimage"},"thumbnailUrl":"https:\/\/myperfectdog.lv\/wp-content\/uploads\/2020\/10\/MyPerfectDog-New-logo_peach_plakans.png","datePublished":"2023-05-15T09:05:52+00:00","dateModified":"2025-08-22T09:28:57+00:00","breadcrumb":{"@id":"https:\/\/myperfectdog.lv\/tehniska-informacija-pamatkonceptu-apmaciba\/#breadcrumb"},"inLanguage":"en-GB","potentialAction":[{"@type":"ReadAction","target":["https:\/\/myperfectdog.lv\/tehniska-informacija-pamatkonceptu-apmaciba\/"]}]},{"@type":"ImageObject","inLanguage":"en-GB","@id":"https:\/\/myperfectdog.lv\/tehniska-informacija-pamatkonceptu-apmaciba\/#primaryimage","url":"https:\/\/myperfectdog.lv\/wp-content\/uploads\/2020\/10\/MyPerfectDog-New-logo_peach_plakans.png","contentUrl":"https:\/\/myperfectdog.lv\/wp-content\/uploads\/2020\/10\/MyPerfectDog-New-logo_peach_plakans.png"},{"@type":"BreadcrumbList","@id":"https:\/\/myperfectdog.lv\/tehniska-informacija-pamatkonceptu-apmaciba\/#breadcrumb","itemListElement":[{"@type":"ListItem","position":1,"name":"Home","item":"https:\/\/myperfectdog.lv\/"},{"@type":"ListItem","position":2,"name":"Tehnisk\u0101 inform\u0101cija Pamatkonceptu apm\u0101c\u012bb\u0101m"}]},{"@type":"WebSite","@id":"https:\/\/myperfectdog.lv\/#website","url":"https:\/\/myperfectdog.lv\/","name":"MyPerfectDog.lv","description":"Su\u0146u un saimnieku skola","publisher":{"@id":"https:\/\/myperfectdog.lv\/#organization"},"potentialAction":[{"@type":"SearchAction","target":{"@type":"EntryPoint","urlTemplate":"https:\/\/myperfectdog.lv\/?s={search_term_string}"},"query-input":{"@type":"PropertyValueSpecification","valueRequired":true,"valueName":"search_term_string"}}],"inLanguage":"en-GB"},{"@type":"Organization","@id":"https:\/\/myperfectdog.lv\/#organization","name":"Su\u0146u & saimnieku skola \"My Perfect Dog\"","url":"https:\/\/myperfectdog.lv\/","logo":{"@type":"ImageObject","inLanguage":"en-GB","@id":"https:\/\/myperfectdog.lv\/#\/schema\/logo\/image\/","url":"https:\/\/myperfectdog.lv\/wp-content\/uploads\/2020\/10\/MyPerfectDog-New-logo_peach_plakans.png","contentUrl":"https:\/\/myperfectdog.lv\/wp-content\/uploads\/2020\/10\/MyPerfectDog-New-logo_peach_plakans.png","width":1200,"height":636,"caption":"Su\u0146u & saimnieku skola \"My Perfect Dog\""},"image":{"@id":"https:\/\/myperfectdog.lv\/#\/schema\/logo\/image\/"}}]}},"jetpack_sharing_enabled":true,"_links":{"self":[{"href":"https:\/\/myperfectdog.lv\/en\/wp-json\/wp\/v2\/pages\/6849","targetHints":{"allow":["GET"]}}],"collection":[{"href":"https:\/\/myperfectdog.lv\/en\/wp-json\/wp\/v2\/pages"}],"about":[{"href":"https:\/\/myperfectdog.lv\/en\/wp-json\/wp\/v2\/types\/page"}],"author":[{"embeddable":true,"href":"https:\/\/myperfectdog.lv\/en\/wp-json\/wp\/v2\/users\/1"}],"replies":[{"embeddable":true,"href":"https:\/\/myperfectdog.lv\/en\/wp-json\/wp\/v2\/comments?post=6849"}],"version-history":[{"count":7,"href":"https:\/\/myperfectdog.lv\/en\/wp-json\/wp\/v2\/pages\/6849\/revisions"}],"predecessor-version":[{"id":12295,"href":"https:\/\/myperfectdog.lv\/en\/wp-json\/wp\/v2\/pages\/6849\/revisions\/12295"}],"wp:attachment":[{"href":"https:\/\/myperfectdog.lv\/en\/wp-json\/wp\/v2\/media?parent=6849"}],"curies":[{"name":"wp","href":"https:\/\/api.w.org\/{rel}","templated":true}]}}