{"id":7946,"date":"2023-11-08T14:22:49","date_gmt":"2023-11-08T12:22:49","guid":{"rendered":"https:\/\/myperfectdog.lv\/?page_id=7946"},"modified":"2024-08-08T15:36:57","modified_gmt":"2024-08-08T13:36:57","slug":"berns-un-suns-pastaiga","status":"publish","type":"page","link":"https:\/\/myperfectdog.lv\/en\/izglitojosi\/berns-un-suns-pastaiga\/","title":{"rendered":"Vai b\u0113rnam var uztic\u0113t su\u0146a izve\u0161anu pastaig\u0101s?"},"content":{"rendered":"<a href=\"https:\/\/myperfectdog.lv\/en\/\" target=\"_self\" itemprop=\"url\" rel=\"noopener\">\n\t\t\t\t<img decoding=\"async\" src=\"https:\/\/myperfectdog.lv\/wp-content\/uploads\/2020\/10\/MyPerfectDog-New-logo_peach_plakans.png\" alt=\"MyPerfectDog-New-logo_peach_plakans\" itemprop=\"image\" title=\"MyPerfectDog-New-logo_peach_plakans\" onerror=\"this.style.display='none'\"  \/>\n\t\t\t\t<\/a>\n\t\t\t\t<img decoding=\"async\" src=\"https:\/\/myperfectdog.lv\/wp-content\/uploads\/2020\/10\/MyPerfectDog-New-logo_peach_plakans.png\" alt=\"MyPerfectDog-New-logo_peach_plakans\" itemprop=\"image\" title=\"MyPerfectDog-New-logo_peach_plakans\" onerror=\"this.style.display='none'\"  \/>\n<h3>\n\t\tVai b\u0113rnam var uztic\u0113t su\u0146a izve\u0161anu pastaig\u0101s?\n\t<\/h3>\n\t<p>&#8220;Mammu, t\u0113ti, l\u016bdzu, pa\u0146emsim sun\u012bti! Es apsolu, ka pats suni ved\u012b\u0161u pastaig\u0101s!&#8221; \u0160\u0101dus v\u0101rdus ir dzird\u0113jis ne viens vien vec\u0101ks. Bet vai tie\u0161\u0101m b\u0113rns var uz\u0146emties atbild\u012bbu par suni un vi\u0146a ikdienas pastaig\u0101m? Skaidrojam &#8211; k\u0101d\u0101s situ\u0101cij\u0101s b\u0113rnam dr\u012bkst uztic\u0113t su\u0146a pastaigas un k\u0101d\u0101s t\u0101 nav laba ideja.\u00a0Par to, k\u0101 sagatavoties su\u0146a vai b\u0113rna ien\u0101k\u0161anai \u0123imen\u0113 un visp\u0101r\u012bgiem pamatprincipiem, kas j\u0101\u0146em v\u0113r\u0101, organiz\u0113jot b\u0113rna un su\u0146a kopdz\u012bvi, <a href=\"https:\/\/myperfectdog.lv\/en\/izglitojosi-raksti\/suns-un-berns\/\">rakst\u012bj\u0101m \u0161ai rakst\u0101<\/a>. \u0160oreiz piev\u0113rs\u012bsimies su\u0146a un b\u0113rna attiec\u012bbu veido\u0161anas praktiskajiem aspektiem jeb noteikumiem, ko m\u0101c\u012bt b\u0113rnam par sadarb\u012bbu ar suni un sunim &#8211; par sadarb\u012bbu ar b\u0113rnu.<\/p>\n\t\t\t\t<img decoding=\"async\" src=\"https:\/\/myperfectdog.lv\/wp-content\/uploads\/2023\/11\/CAU00410-scaled.jpg\" alt=\"&quot;My Perfect Dog&quot; su\u0146u &amp; saimnieku skola - b\u0113rns un suns\" itemprop=\"image\" title=\"&quot;My Perfect Dog&quot; su\u0146u &amp; saimnieku skola - b\u0113rns un suns\" onerror=\"this.style.display='none'\"  \/>\n\t<p>Pirmk\u0101rt, run\u0101jot par pastaig\u0101m vai jebkuru citu aspektu su\u0146a dz\u012bv\u0113, j\u0101atceras, ka pilnu atbild\u012bbu par dz\u012bvu b\u016btni var uz\u0146emties tikai pieaudzis, nobriedis cilv\u0113ks. Su\u0146a &#8220;galvenais saimnieks&#8221; vienm\u0113r b\u016bs pieaugu\u0161ais. Uz\u0146emt \u0123imen\u0113 suni ar prim\u0101ro domu &#8211; &#8220;iem\u0101c\u012bt b\u0113rnam uz\u0146emties atbild\u012bbu&#8221; &#8211; ir bezatbild\u012bgi no pieaugu\u0161\u0101 puses. Ja v\u0113lies b\u0113rnam iem\u0101c\u012bt r\u016bpes, bet neesi dro\u0161s, ka pats sp\u0113j un v\u0113lies uz\u0146emties pilnu atbild\u012bbu par suni, lab\u0101k dodies kop\u0101 ar b\u0113rnu pal\u012bdz\u0113t dz\u012bvnieku patversm\u0113s.\u00a0<\/p>\n<p>B\u0113rns var iesaist\u012bties su\u0146a apr\u016bp\u0113, bet pieaugu\u0161ajam ir stingri j\u0101izv\u0113rt\u0113 tas, k\u0101dus pien\u0101kumus b\u0113rnam uztic\u0113t ir dro\u0161i un atbild\u012bgi. \u0160oreiz tuv\u0101k apskat\u012bsim pastaigu ar suni t\u0113mu.\u00a0<\/p>\n<h2>\n\t\tK\u0101d\u0101 gad\u012bjum\u0101 b\u0113rns (jaunietis) NEDR\u012aKST viens pats doties pastaig\u0101s ar suni:\n\t<\/h2>\n\t<ul>\n<li>Ja b\u0113rns nav sasniedzis vecumu un brieduma pak\u0101pi, kur\u0101 vi\u0146\u0161 zina, k\u0101 adekv\u0101ti rea\u0123\u0113t situ\u0101cij\u0101s, kas var notikt pastaigu laik\u0101. Ja pastaigas laik\u0101 notiks ar suni saist\u012bts incidents (piem\u0113ram, suns izrausies un uzbruks citam sunim vai cilv\u0113kam), likumisk\u0101 atbild\u012bba par to b\u016bs j\u0101uz\u0146emas ofici\u0101lajam su\u0146a \u012bpa\u0161niekam &#8211; pieaugu\u0161ajam.\u00a0<\/li>\n<li aria-level=\"1\">Ja b\u0113rns ir viegl\u0101ks par suni. \u0160\u0101d\u0101 gad\u012bjum\u0101 p\u0113k\u0161\u0146a pavadas r\u0101viena gad\u012bjum\u0101 b\u0113rns suni nesp\u0113s notur\u0113t un var gan g\u016bt traumas pats, gan ar\u012b rad\u012bt apdraud\u0113jumu apk\u0101rt\u0113jiem.<\/li>\n<li aria-level=\"1\">Ja b\u0113rns ar suni regul\u0101ri nestr\u0101d\u0101 &#8211; ar paklaus\u012bbas treni\u0146iem, savstarp\u0113j\u0101s sadarb\u012bbas nostiprin\u0101\u0161anu.\u00a0<\/li>\n<li aria-level=\"1\">Ja b\u0113rns suni m\u0101j\u0101s tren\u0113, bet \u0101r\u0101 redzi, ka suns b\u0113rnu ignor\u0113 un neklausa komand\u0101m.<\/li>\n<li aria-level=\"1\">Ja b\u0113rns izved suni pastaig\u0101 &#8220;pie reizes&#8221;, kam\u0113r prim\u0101ri iet pavad\u012bt laiku ar saviem draugiem.<\/li>\n<li aria-level=\"1\">Ja suns ir izteikti bail\u012bgs. Ja suns nob\u012bsies un panik\u0101 b\u0113gs, past\u0101v liela iesp\u0113ja, ka suns izrausies. Iz\u0146\u0113mums &#8211; ja b\u0113rns ir sasniedzis atbilsto\u0161u brieduma pak\u0101pi, suns b\u0113rnam uzticas un ar vi\u0146u sadarbojas, k\u0101 ar\u012b b\u0113rns zina, k\u0101 veiksm\u012bgi pal\u012bdz\u0113t bail\u012bgam sunim &#8211; kur iet\/neiet pastaig\u0101s, k\u0101 atk\u0101pties no situ\u0101cij\u0101m, kuras sunim rada bailes u.tml.<\/li>\n<li aria-level=\"1\">Ja suns ir hiperakt\u012bvs, &#8220;bez bremz\u0113m un limitiem&#8221;. Iz\u0146\u0113mums &#8211; ja b\u0113rns ir sasniedzis atbilsto\u0161u brieduma pak\u0101pi, sp\u0113j suni notur\u0113t un suns b\u0113rnam uzticas un ar vi\u0146u sadarbojas, k\u0101 ar\u012b b\u0113rns zina, k\u0101 veiksm\u012bgi nomierin\u0101t suni un saprot, ka suni nedr\u012bkst laist kl\u0101t sve\u0161iem su\u0146iem un cilv\u0113kiem.\u00a0<\/li>\n<li aria-level=\"1\">Ja suns ir reakt\u012bvs, agres\u012bvs &#8211; var r\u016bkt, riet, rauties pie citiem (cilv\u0113kiem, su\u0146iem, ma\u0161\u012bn\u0101m, utt.), uzbrukt.\u00a0<\/li>\n<\/ul>\n<h2>\n\t\tK\u0101dos gad\u012bjumos b\u0113rns dr\u012bkst vest suni pastaig\u0101? \n\t<\/h2>\n\t<ul>\n<li aria-level=\"1\"><b>Mazi b\u0113rni<\/b> &#8211; tikai un vien\u012bgi, ja blakus ir vec\u0101ki, kuri sunim un b\u0113rnam velta nedal\u012btu uzman\u012bbu un ir gatavi jebkur\u0101 br\u012bd\u012b p\u0101r\u0146emt situ\u0101cijas vad\u012bbu.\u00a0<\/li>\n<li aria-level=\"1\"><b>Pusaud\u017ei\/jaunie\u0161i<\/b> (lai patst\u0101v\u012bgi uztic\u0113tu suni, j\u0101izpildas visiem punktiem):\n<ul>\n<li aria-level=\"1\">Ja pusaudzis\/jaunietis ir sasniedzis vecumu, kur\u0101 ir pietiekami sp\u0113c\u012bgs, lai suni notur\u0113tu, k\u0101 ar\u012b saprot su\u0146a \u0137erme\u0146a valodu un dro\u0161i zina, k\u0101da ir pareiza r\u012bc\u012bba da\u017e\u0101d\u0101s situ\u0101cij\u0101s.\u00a0<\/li>\n<li aria-level=\"1\">Ja suns pastaig\u0101 ar pusaudzi\/jaunieti nerauj pavadu, pastaig\u0101jas mier\u012bgi.\u00a0<\/li>\n<li aria-level=\"1\">Ja suns ir nostiprin\u0101jis sadarb\u012bbu ar pusaudzi\/jaunieti un rea\u0123\u0113 uz vi\u0146a izteiktaj\u0101m komand\u0101m.<\/li>\n<li aria-level=\"1\">\u00a0Ja dodas uz mier\u012bg\u0101m pastaigu viet\u0101m, kur nav apk\u0101rt daudz kairin\u0101t\u0101ju un sare\u017e\u0123\u012btu, neparedzamu apst\u0101k\u013cu (k\u0101 tas ir, piem\u0113ram, pils\u0113tvid\u0113).\u00a0<\/li>\n<li aria-level=\"1\">Ja suns ir mier\u012bgs, neitr\u0101ls pret apk\u0101rt\u0113jiem kairin\u0101t\u0101jiem, p\u0101rzina paklaus\u012bbas komandas un klausa pusaudzim\/jaunietim.\u00a0<\/li>\n<\/ul>\n<\/li>\n<\/ul>\n\t<blockquote><p>Vienm\u0113r atceries &#8211; <strong>par su\u0146a un b\u0113rnu uzved\u012bbu atbild\u012bgs ir pieaugu\u0161ais!<\/strong> Atbild\u012bbu par savstarp\u0113jo attiec\u012bbu veido\u0161anu nevar atst\u0101t &#8220;pa\u0161pl\u016bsm\u0101&#8221;. Jo r\u016bp\u012bg\u0101k str\u0101d\u0101si pie b\u0113rna un su\u0146a attiec\u012bbu veido\u0161anas, jo mier\u012bg\u0101ka un veiksm\u012bg\u0101ka b\u016bs j\u016bsu ikdiena.\u00a0<\/p><\/blockquote>\n\t\t\t\t<img decoding=\"async\" src=\"https:\/\/myperfectdog.lv\/wp-content\/uploads\/2022\/09\/Berna-un-mazul\u0327a-drosibai.jpg\" alt=\"Berna-un-mazul\u0327a-drosibai\" itemprop=\"image\" title=\"Berna-un-mazul\u0327a-drosibai\" onerror=\"this.style.display='none'\"  \/>\n\t\t\t\t<img decoding=\"async\" src=\"https:\/\/myperfectdog.lv\/wp-content\/uploads\/2022\/09\/Berna-un-suna-drosibai.jpg\" alt=\"Berna-un-suna-drosibai\" itemprop=\"image\" title=\"Berna-un-suna-drosibai\" onerror=\"this.style.display='none'\"  \/>\n\t\t\t\t<img decoding=\"async\" src=\"https:\/\/myperfectdog.lv\/wp-content\/uploads\/2022\/09\/5-uzraudzibas-veidi.jpg\" alt=\"5-uzraudzibas-veidi\" itemprop=\"image\" title=\"5-uzraudzibas-veidi\" onerror=\"this.style.display='none'\"  \/>\n\t<p><strong>Par &#8220;My Perfect Dog&#8221;<\/strong><\/p>\n&#8220;My Perfect Dog&#8221; ir z\u012bmols, kas reprezent\u0113 lieliskas un harmoniskas attiec\u012bbas su\u0146a un saimnieka starp\u0101, kur saimnieks ir izgl\u012btots un zino\u0161s, savuk\u0101rt suns izprasts un atbilsto\u0161i apr\u016bp\u0113ts, socializ\u0113ts un apm\u0101c\u012bts, balstoties uz pret suni \u0113tisku, dabisku un uz motiv\u0101ciju balst\u012btu apm\u0101c\u012bbu.<br \/>\n\n<p> &#8220;My Perfect Dog&#8221; pied\u0101v\u0101 su\u0146u un vi\u0146u saimnieku apm\u0101c\u012bbu, su\u0146u uzved\u012bbas konsult\u0101cijas, socializ\u0101cijas pastaigas su\u0146iem, k\u0101 ar\u012b teor\u0113tiskus un praktiskus semin\u0101rus saimniekiem.<\/p>\n\t<p><strong>Kategorijas<\/strong><\/p>\n<p><a href=\"https:\/\/myperfectdog.lv\/en\/internetveikals\/\">Internetveikals<\/a><\/p>\n<p><a href=\"https:\/\/myperfectdog.lv\/en\/apmacibu-piedavajums\/\">Apm\u0101c\u012bbu pied\u0101v\u0101jums<\/a><\/p>\n<p><a href=\"https:\/\/myperfectdog.lv\/en\/sunu-aukles\/\">Su\u0146u pieskat\u012b\u0161ana un pastaigas<\/a><\/p>\n<p><a href=\"https:\/\/myperfectdog.lv\/en\/izglitojosi-raksti\/\">Izgl\u012btojo\u0161i materi\u0101li<\/a><\/p>\n<p><a href=\"https:\/\/myperfectdog.lv\/en\/kontakti\/\">Kontakti<\/a><\/p>\n<p><a href=\"https:\/\/myperfectdog.lv\/en\/privatuma-politika\/\">Priv\u0101tuma politika<\/a><\/p>\n\t<p><strong>Sazi\u0146ai<\/strong><\/p>\n\t+371 27993370<br \/>\nliga@myperfectdog.lv\n\t<p><strong>Seko &#8220;My Perfect Dog&#8221;<\/strong><\/p>\n\t\t\t\t<img decoding=\"async\" src=\"https:\/\/myperfectdog.lv\/wp-content\/uploads\/2020\/09\/PDTE-Logo2-150x150.png\" alt=\"PDTE-Logo2\" itemprop=\"image\" title=\"PDTE-Logo2\" onerror=\"this.style.display='none'\"  \/>\n\t<p><strong>Par &#8220;My Perfect Dog&#8221;<\/strong><\/p>\n&#8220;My Perfect Dog&#8221; ir z\u012bmols, kas reprezent\u0113 lieliskas un harmoniskas attiec\u012bbas su\u0146a un saimnieka starp\u0101, kur saimnieks ir izgl\u012btots un zino\u0161s, savuk\u0101rt suns izprasts un atbilsto\u0161i apr\u016bp\u0113ts, socializ\u0113ts un apm\u0101c\u012bts, balstoties uz pret suni \u0113tisku, dabisku un uz motiv\u0101ciju balst\u012btu apm\u0101c\u012bbu.<br \/>\n\n<p> &#8220;My Perfect Dog&#8221; pied\u0101v\u0101 su\u0146u un vi\u0146u saimnieku apm\u0101c\u012bbu, su\u0146u uzved\u012bbas konsult\u0101cijas, socializ\u0101cijas pastaigas su\u0146iem, k\u0101 ar\u012b teor\u0113tiskus un praktiskus semin\u0101rus saimniekiem.<\/p>\n\t<p><strong>Sazi\u0146ai<\/strong><\/p>\n\t+371 27993370<br \/>\nliga@myperfectdog.lv\n\t<p><strong>Seko &#8220;My Perfect Dog&#8221;<\/strong><\/p>\n<h5>\n\t\t<a href=\"https:\/\/myperfectdog.lv\/en\/privatuma-politika\/\" title=\"Priv\u0101tuma politika\" target=\"_self\" rel=\"noopener\">\n\t\tPriv\u0101tuma politika\n\t\t<\/a>\n\t<\/h5>","protected":false},"excerpt":{"rendered":"<p>Vai b\u0113rnam var uztic\u0113t su\u0146a izve\u0161anu pastaig\u0101s? &#8220;Mammu, t\u0113ti, l\u016bdzu, pa\u0146emsim sun\u012bti! Es apsolu, ka pats suni ved\u012b\u0161u pastaig\u0101s!&#8221; \u0160\u0101dus v\u0101rdus ir dzird\u0113jis ne viens vien vec\u0101ks. Bet vai tie\u0161\u0101m b\u0113rns var uz\u0146emties atbild\u012bbu par suni un vi\u0146a ikdienas pastaig\u0101m? Skaidrojam &#8211; k\u0101d\u0101s situ\u0101cij\u0101s b\u0113rnam dr\u012bkst uztic\u0113t su\u0146a pastaigas un k\u0101d\u0101s t\u0101 nav laba ideja.\u00a0Par&hellip;<\/p>","protected":false},"author":1,"featured_media":7957,"parent":2210,"menu_order":1,"comment_status":"closed","ping_status":"closed","template":"","meta":{"footnotes":""},"class_list":["post-7946","page","type-page","status-publish","has-post-thumbnail","hentry"],"yoast_head":"<!-- This site is optimized with the Yoast SEO plugin v27.5 - https:\/\/yoast.com\/product\/yoast-seo-wordpress\/ -->\n<title>Vai b\u0113rnam var uztic\u0113t su\u0146a izve\u0161anu pastaig\u0101s? | MyPerfectDog.lv<\/title>\n<meta name=\"robots\" content=\"index, follow, max-snippet:-1, max-image-preview:large, max-video-preview:-1\" \/>\n<link rel=\"canonical\" href=\"https:\/\/myperfectdog.lv\/en\/izglitojosi\/berns-un-suns-pastaiga\/\" \/>\n<meta property=\"og:locale\" content=\"en_GB\" \/>\n<meta property=\"og:type\" content=\"article\" \/>\n<meta property=\"og:title\" content=\"Vai b\u0113rnam var uztic\u0113t su\u0146a izve\u0161anu pastaig\u0101s? | MyPerfectDog.lv\" \/>\n<meta property=\"og:description\" content=\"Vai b\u0113rnam var uztic\u0113t su\u0146a izve\u0161anu pastaig\u0101s? &#8220;Mammu, t\u0113ti, l\u016bdzu, pa\u0146emsim sun\u012bti! Es apsolu, ka pats suni ved\u012b\u0161u pastaig\u0101s!&#8221; \u0160\u0101dus v\u0101rdus ir dzird\u0113jis ne viens vien vec\u0101ks. Bet vai tie\u0161\u0101m b\u0113rns var uz\u0146emties atbild\u012bbu par suni un vi\u0146a ikdienas pastaig\u0101m? Skaidrojam &#8211; k\u0101d\u0101s situ\u0101cij\u0101s b\u0113rnam dr\u012bkst uztic\u0113t su\u0146a pastaigas un k\u0101d\u0101s t\u0101 nav laba ideja.\u00a0Par&hellip;\" \/>\n<meta property=\"og:url\" content=\"https:\/\/myperfectdog.lv\/en\/izglitojosi\/berns-un-suns-pastaiga\/\" \/>\n<meta property=\"og:site_name\" content=\"MyPerfectDog.lv\" \/>\n<meta property=\"article:modified_time\" content=\"2024-08-08T13:36:57+00:00\" \/>\n<meta property=\"og:image\" content=\"https:\/\/myperfectdog.lv\/wp-content\/uploads\/2023\/11\/CAU00411-1.jpg\" \/>\n\t<meta property=\"og:image:width\" content=\"2148\" \/>\n\t<meta property=\"og:image:height\" content=\"2355\" \/>\n\t<meta property=\"og:image:type\" content=\"image\/jpeg\" \/>\n<meta name=\"twitter:card\" content=\"summary_large_image\" \/>\n<meta name=\"twitter:label1\" content=\"Estimated reading time\" \/>\n\t<meta name=\"twitter:data1\" content=\"6 minutes\" \/>\n<script type=\"application\/ld+json\" class=\"yoast-schema-graph\">{\"@context\":\"https:\\\/\\\/schema.org\",\"@graph\":[{\"@type\":\"WebPage\",\"@id\":\"https:\\\/\\\/myperfectdog.lv\\\/izglitojosi\\\/berns-un-suns-pastaiga\\\/\",\"url\":\"https:\\\/\\\/myperfectdog.lv\\\/izglitojosi\\\/berns-un-suns-pastaiga\\\/\",\"name\":\"Vai b\u0113rnam var uztic\u0113t su\u0146a izve\u0161anu pastaig\u0101s? | MyPerfectDog.lv\",\"isPartOf\":{\"@id\":\"https:\\\/\\\/myperfectdog.lv\\\/#website\"},\"primaryImageOfPage\":{\"@id\":\"https:\\\/\\\/myperfectdog.lv\\\/izglitojosi\\\/berns-un-suns-pastaiga\\\/#primaryimage\"},\"image\":{\"@id\":\"https:\\\/\\\/myperfectdog.lv\\\/izglitojosi\\\/berns-un-suns-pastaiga\\\/#primaryimage\"},\"thumbnailUrl\":\"https:\\\/\\\/myperfectdog.lv\\\/wp-content\\\/uploads\\\/2023\\\/11\\\/CAU00411-1.jpg\",\"datePublished\":\"2023-11-08T12:22:49+00:00\",\"dateModified\":\"2024-08-08T13:36:57+00:00\",\"breadcrumb\":{\"@id\":\"https:\\\/\\\/myperfectdog.lv\\\/izglitojosi\\\/berns-un-suns-pastaiga\\\/#breadcrumb\"},\"inLanguage\":\"en-GB\",\"potentialAction\":[{\"@type\":\"ReadAction\",\"target\":[\"https:\\\/\\\/myperfectdog.lv\\\/izglitojosi\\\/berns-un-suns-pastaiga\\\/\"]}]},{\"@type\":\"ImageObject\",\"inLanguage\":\"en-GB\",\"@id\":\"https:\\\/\\\/myperfectdog.lv\\\/izglitojosi\\\/berns-un-suns-pastaiga\\\/#primaryimage\",\"url\":\"https:\\\/\\\/myperfectdog.lv\\\/wp-content\\\/uploads\\\/2023\\\/11\\\/CAU00411-1.jpg\",\"contentUrl\":\"https:\\\/\\\/myperfectdog.lv\\\/wp-content\\\/uploads\\\/2023\\\/11\\\/CAU00411-1.jpg\",\"width\":2148,\"height\":2355},{\"@type\":\"BreadcrumbList\",\"@id\":\"https:\\\/\\\/myperfectdog.lv\\\/izglitojosi\\\/berns-un-suns-pastaiga\\\/#breadcrumb\",\"itemListElement\":[{\"@type\":\"ListItem\",\"position\":1,\"name\":\"Home\",\"item\":\"https:\\\/\\\/myperfectdog.lv\\\/\"},{\"@type\":\"ListItem\",\"position\":2,\"name\":\"Izgl\u012btojo\u0161i materi\u0101li\",\"item\":\"https:\\\/\\\/myperfectdog.lv\\\/izglitojosi\\\/\"},{\"@type\":\"ListItem\",\"position\":3,\"name\":\"Vai b\u0113rnam var uztic\u0113t su\u0146a izve\u0161anu pastaig\u0101s?\"}]},{\"@type\":\"WebSite\",\"@id\":\"https:\\\/\\\/myperfectdog.lv\\\/#website\",\"url\":\"https:\\\/\\\/myperfectdog.lv\\\/\",\"name\":\"MyPerfectDog.lv\",\"description\":\"Su\u0146u un saimnieku skola\",\"publisher\":{\"@id\":\"https:\\\/\\\/myperfectdog.lv\\\/#organization\"},\"potentialAction\":[{\"@type\":\"SearchAction\",\"target\":{\"@type\":\"EntryPoint\",\"urlTemplate\":\"https:\\\/\\\/myperfectdog.lv\\\/?s={search_term_string}\"},\"query-input\":{\"@type\":\"PropertyValueSpecification\",\"valueRequired\":true,\"valueName\":\"search_term_string\"}}],\"inLanguage\":\"en-GB\"},{\"@type\":\"Organization\",\"@id\":\"https:\\\/\\\/myperfectdog.lv\\\/#organization\",\"name\":\"Su\u0146u & saimnieku skola \\\"My Perfect Dog\\\"\",\"url\":\"https:\\\/\\\/myperfectdog.lv\\\/\",\"logo\":{\"@type\":\"ImageObject\",\"inLanguage\":\"en-GB\",\"@id\":\"https:\\\/\\\/myperfectdog.lv\\\/#\\\/schema\\\/logo\\\/image\\\/\",\"url\":\"https:\\\/\\\/myperfectdog.lv\\\/wp-content\\\/uploads\\\/2020\\\/10\\\/MyPerfectDog-New-logo_peach_plakans.png\",\"contentUrl\":\"https:\\\/\\\/myperfectdog.lv\\\/wp-content\\\/uploads\\\/2020\\\/10\\\/MyPerfectDog-New-logo_peach_plakans.png\",\"width\":1200,\"height\":636,\"caption\":\"Su\u0146u & saimnieku skola \\\"My Perfect Dog\\\"\"},\"image\":{\"@id\":\"https:\\\/\\\/myperfectdog.lv\\\/#\\\/schema\\\/logo\\\/image\\\/\"}}]}<\/script>\n<!-- \/ Yoast SEO plugin. -->","yoast_head_json":{"title":"Vai b\u0113rnam var uztic\u0113t su\u0146a izve\u0161anu pastaig\u0101s? | MyPerfectDog.lv","robots":{"index":"index","follow":"follow","max-snippet":"max-snippet:-1","max-image-preview":"max-image-preview:large","max-video-preview":"max-video-preview:-1"},"canonical":"https:\/\/myperfectdog.lv\/en\/izglitojosi\/berns-un-suns-pastaiga\/","og_locale":"en_GB","og_type":"article","og_title":"Vai b\u0113rnam var uztic\u0113t su\u0146a izve\u0161anu pastaig\u0101s? | MyPerfectDog.lv","og_description":"Vai b\u0113rnam var uztic\u0113t su\u0146a izve\u0161anu pastaig\u0101s? &#8220;Mammu, t\u0113ti, l\u016bdzu, pa\u0146emsim sun\u012bti! Es apsolu, ka pats suni ved\u012b\u0161u pastaig\u0101s!&#8221; \u0160\u0101dus v\u0101rdus ir dzird\u0113jis ne viens vien vec\u0101ks. Bet vai tie\u0161\u0101m b\u0113rns var uz\u0146emties atbild\u012bbu par suni un vi\u0146a ikdienas pastaig\u0101m? Skaidrojam &#8211; k\u0101d\u0101s situ\u0101cij\u0101s b\u0113rnam dr\u012bkst uztic\u0113t su\u0146a pastaigas un k\u0101d\u0101s t\u0101 nav laba ideja.\u00a0Par&hellip;","og_url":"https:\/\/myperfectdog.lv\/en\/izglitojosi\/berns-un-suns-pastaiga\/","og_site_name":"MyPerfectDog.lv","article_modified_time":"2024-08-08T13:36:57+00:00","og_image":[{"width":2148,"height":2355,"url":"https:\/\/myperfectdog.lv\/wp-content\/uploads\/2023\/11\/CAU00411-1.jpg","type":"image\/jpeg"}],"twitter_card":"summary_large_image","twitter_misc":{"Estimated reading time":"6 minutes"},"schema":{"@context":"https:\/\/schema.org","@graph":[{"@type":"WebPage","@id":"https:\/\/myperfectdog.lv\/izglitojosi\/berns-un-suns-pastaiga\/","url":"https:\/\/myperfectdog.lv\/izglitojosi\/berns-un-suns-pastaiga\/","name":"Vai b\u0113rnam var uztic\u0113t su\u0146a izve\u0161anu pastaig\u0101s? | MyPerfectDog.lv","isPartOf":{"@id":"https:\/\/myperfectdog.lv\/#website"},"primaryImageOfPage":{"@id":"https:\/\/myperfectdog.lv\/izglitojosi\/berns-un-suns-pastaiga\/#primaryimage"},"image":{"@id":"https:\/\/myperfectdog.lv\/izglitojosi\/berns-un-suns-pastaiga\/#primaryimage"},"thumbnailUrl":"https:\/\/myperfectdog.lv\/wp-content\/uploads\/2023\/11\/CAU00411-1.jpg","datePublished":"2023-11-08T12:22:49+00:00","dateModified":"2024-08-08T13:36:57+00:00","breadcrumb":{"@id":"https:\/\/myperfectdog.lv\/izglitojosi\/berns-un-suns-pastaiga\/#breadcrumb"},"inLanguage":"en-GB","potentialAction":[{"@type":"ReadAction","target":["https:\/\/myperfectdog.lv\/izglitojosi\/berns-un-suns-pastaiga\/"]}]},{"@type":"ImageObject","inLanguage":"en-GB","@id":"https:\/\/myperfectdog.lv\/izglitojosi\/berns-un-suns-pastaiga\/#primaryimage","url":"https:\/\/myperfectdog.lv\/wp-content\/uploads\/2023\/11\/CAU00411-1.jpg","contentUrl":"https:\/\/myperfectdog.lv\/wp-content\/uploads\/2023\/11\/CAU00411-1.jpg","width":2148,"height":2355},{"@type":"BreadcrumbList","@id":"https:\/\/myperfectdog.lv\/izglitojosi\/berns-un-suns-pastaiga\/#breadcrumb","itemListElement":[{"@type":"ListItem","position":1,"name":"Home","item":"https:\/\/myperfectdog.lv\/"},{"@type":"ListItem","position":2,"name":"Izgl\u012btojo\u0161i materi\u0101li","item":"https:\/\/myperfectdog.lv\/izglitojosi\/"},{"@type":"ListItem","position":3,"name":"Vai b\u0113rnam var uztic\u0113t su\u0146a izve\u0161anu pastaig\u0101s?"}]},{"@type":"WebSite","@id":"https:\/\/myperfectdog.lv\/#website","url":"https:\/\/myperfectdog.lv\/","name":"MyPerfectDog.lv","description":"Su\u0146u un saimnieku skola","publisher":{"@id":"https:\/\/myperfectdog.lv\/#organization"},"potentialAction":[{"@type":"SearchAction","target":{"@type":"EntryPoint","urlTemplate":"https:\/\/myperfectdog.lv\/?s={search_term_string}"},"query-input":{"@type":"PropertyValueSpecification","valueRequired":true,"valueName":"search_term_string"}}],"inLanguage":"en-GB"},{"@type":"Organization","@id":"https:\/\/myperfectdog.lv\/#organization","name":"Su\u0146u & saimnieku skola \"My Perfect Dog\"","url":"https:\/\/myperfectdog.lv\/","logo":{"@type":"ImageObject","inLanguage":"en-GB","@id":"https:\/\/myperfectdog.lv\/#\/schema\/logo\/image\/","url":"https:\/\/myperfectdog.lv\/wp-content\/uploads\/2020\/10\/MyPerfectDog-New-logo_peach_plakans.png","contentUrl":"https:\/\/myperfectdog.lv\/wp-content\/uploads\/2020\/10\/MyPerfectDog-New-logo_peach_plakans.png","width":1200,"height":636,"caption":"Su\u0146u & saimnieku skola \"My Perfect Dog\""},"image":{"@id":"https:\/\/myperfectdog.lv\/#\/schema\/logo\/image\/"}}]}},"jetpack_sharing_enabled":true,"_links":{"self":[{"href":"https:\/\/myperfectdog.lv\/en\/wp-json\/wp\/v2\/pages\/7946","targetHints":{"allow":["GET"]}}],"collection":[{"href":"https:\/\/myperfectdog.lv\/en\/wp-json\/wp\/v2\/pages"}],"about":[{"href":"https:\/\/myperfectdog.lv\/en\/wp-json\/wp\/v2\/types\/page"}],"author":[{"embeddable":true,"href":"https:\/\/myperfectdog.lv\/en\/wp-json\/wp\/v2\/users\/1"}],"replies":[{"embeddable":true,"href":"https:\/\/myperfectdog.lv\/en\/wp-json\/wp\/v2\/comments?post=7946"}],"version-history":[{"count":0,"href":"https:\/\/myperfectdog.lv\/en\/wp-json\/wp\/v2\/pages\/7946\/revisions"}],"up":[{"embeddable":true,"href":"https:\/\/myperfectdog.lv\/en\/wp-json\/wp\/v2\/pages\/2210"}],"wp:featuredmedia":[{"embeddable":true,"href":"https:\/\/myperfectdog.lv\/en\/wp-json\/wp\/v2\/media\/7957"}],"wp:attachment":[{"href":"https:\/\/myperfectdog.lv\/en\/wp-json\/wp\/v2\/media?parent=7946"}],"curies":[{"name":"wp","href":"https:\/\/api.w.org\/{rel}","templated":true}]}}