{"id":8214,"date":"2023-12-04T10:19:37","date_gmt":"2023-12-04T08:19:37","guid":{"rendered":"https:\/\/myperfectdog.lv\/?page_id=8214"},"modified":"2024-10-04T13:50:35","modified_gmt":"2024-10-04T11:50:35","slug":"vestule-tev-no-reaktiva-suna","status":"publish","type":"page","link":"https:\/\/myperfectdog.lv\/en\/izglitojosi\/vestule-tev-no-reaktiva-suna\/","title":{"rendered":"V\u0113stule TEV no reakt\u012bva su\u0146a"},"content":{"rendered":"<a href=\"https:\/\/myperfectdog.lv\/en\/\" target=\"_self\" itemprop=\"url\" rel=\"noopener\">\n\t\t\t\t<img decoding=\"async\" src=\"https:\/\/myperfectdog.lv\/wp-content\/uploads\/2020\/10\/MyPerfectDog-New-logo_peach_plakans.png\" alt=\"MyPerfectDog-New-logo_peach_plakans\" itemprop=\"image\" title=\"MyPerfectDog-New-logo_peach_plakans\" onerror=\"this.style.display='none'\"  \/>\n\t\t\t\t<\/a>\n\t\t\t\t<img decoding=\"async\" src=\"https:\/\/myperfectdog.lv\/wp-content\/uploads\/2020\/10\/MyPerfectDog-New-logo_peach_plakans.png\" alt=\"MyPerfectDog-New-logo_peach_plakans\" itemprop=\"image\" title=\"MyPerfectDog-New-logo_peach_plakans\" onerror=\"this.style.display='none'\"  \/>\n\t\t\t\t<img decoding=\"async\" src=\"https:\/\/myperfectdog.lv\/wp-content\/uploads\/2023\/12\/Introduction-2.png\" alt=\"&quot;My Perfect Dog&quot; su\u0146u &amp; saimnieku skola  reakt\u012bvs suns\" itemprop=\"image\" title=\"&quot;My Perfect Dog&quot; su\u0146u &amp; saimnieku skola  reakt\u012bvs suns\" onerror=\"this.style.display='none'\"  \/>\n<h2>\n\t\tV\u0113stule Tev no reakt\u012bva su\u0146a\n\t<\/h2>\n\t<p>Es esmu apjucis&#8230; <\/p>\n<p>Kad esmu kop\u0101 ar saviem saimniekiem un m\u0113s esam vieni, viss p\u0101r\u0113jais pasaul\u0113 paliek maznoz\u012bm\u012bgs. Esam tikai m\u0113s. Saimnieki mani m\u012b\u013ci uzl\u016bko, glauda manas ausis un saka, ka esmu lab\u0101kais suns pasaul\u0113.\u00a0<\/p>\n<p>Es vi\u0146iem ticu. Mana aste priek\u0101 luncin\u0101s, es esmu laim\u012bgs.\u00a0<\/p>\n<p><strong>ES ESMU LAB\u0100KAIS SUNS.\u00a0<\/strong><\/p>\n<p>Bet da\u017ereiz es t\u0101ds neesmu. Es vi\u0146us bied\u0113ju vai kaitinu, jo esmu nobijies, satraukts un nej\u016btos komfortabli. Da\u017ereiz mani p\u0101r\u0146em bailes, satraukums vai diskomforts. Saimnieki dusmojas, kad es reju, r\u016bcu, skrienu virs\u016b un da\u017ereiz ar\u012b m\u0113\u0123inu iekost. Vi\u0146i ir neapmierin\u0101ti, ka esmu nemier\u012bgs un jut\u012bgs pret ska\u0146\u0101m un kust\u012bb\u0101m apk\u0101rt\u0113j\u0101 pasaul\u0113.\u00a0<\/p>\n<p>Es dzirdu, ka cilv\u0113ki saka &#8211; esmu &#8220;reakt\u012bvs suns&#8221; &#8211; un ka maniem saimniekiem vajadz\u0113tu kaut ko ies\u0101kt. Ka es valdu p\u0101r vi\u0146u m\u0101j\u0101m un dz\u012bvi. Vai es to daru? Es vienk\u0101r\u0161i nej\u016btos komfortabli. Es nezinu, ko dar\u012bt un k\u0101 uzvesties, lai no nepat\u012bkamaj\u0101m situ\u0101cij\u0101m izvair\u012btos. Es vienk\u0101r\u0161i gribu justies dro\u0161i.\u00a0<\/p>\n<p>Kad biju jaun\u0101ks, m\u0113s ar saimniekiem visur g\u0101j\u0101m kop\u0101. Pasaule \u0161\u0137ita liela un draud\u012bga, uzb\u0101z\u012bga un bied\u0113jo\u0161a. Cilv\u0113ki mani aiztika, citi su\u0146i skr\u0113ja man kl\u0101t kop\u0101 ar saviem saimniekiem, kuri izmis\u012bgi kliedza: &#8220;Mans suns ir draudz\u012bgs!!!&#8221;. S\u0101kum\u0101 es biju mier\u012bgs un kluss&#8230; bet tad man n\u0101c\u0101s s\u0101kt par sevi past\u0101v\u0113t! Man vajadz\u0113ja pateikt pasaulei, lai t\u0101 p\u0101rst\u0101j ielauzties man\u0101 priv\u0101taj\u0101 telp\u0101, man\u0101 komforta zon\u0101. L\u016bdzu, l\u016bdzu, lieciet mani mier\u0101!\u00a0<\/p>\n<p>Es v\u0113los atsl\u0101bin\u0101ties, piedz\u012bvot un izzin\u0101t pasauli. Es gribu sajust visas br\u012bni\u0161\u0137\u012bg\u0101s smar\u017eas &#8211; k\u0101 smar\u017eo z\u0101le, koki, citu dz\u012bvnieku atst\u0101t\u0101s &#8220;p\u0113das&#8221; un viss p\u0101r\u0113jais tur, \u0101r\u0101 eso\u0161ais! Es nesp\u0113ju tam tur\u0113ties pret\u012b. Bet t\u0101 viet\u0101 \u0101r\u0101 esmu hiperuzman\u012bgs un nep\u0101rtraukti sken\u0113ju apk\u0101rtni, lai paman\u012btu, vai taj\u0101 nesl\u0113pjas cilv\u0113ki, su\u0146i vai citi bied\u0113jo\u0161i rad\u012bjumi, kas, \u0161\u0137iet, nep\u0101rtraukti metas man pret\u012b.\u00a0<\/p>\n<p>Es dar\u012btu jebko, lai visu laiku b\u016btu VISLAB\u0100KAIS SUNS PASAUL\u0112.\u00a0<\/p>\n<p>Es nesaprotu, k\u0101p\u0113c reiz\u0113s, kad es saviem saimniekiem saku, ka j\u016btos nedro\u0161i, vi\u0146i mani nesaprot. Da\u017ereiz vi\u0146i mani mierina. Da\u017ereiz vi\u0146i sadusmojas un soda mani par to, ka nej\u016btos labi.\u00a0<\/p>\n<p>Vi\u0146i ir izm\u0113\u0123in\u0101ju\u0161i tik daudz apm\u0101c\u012bbas pieeju, ka doma par t\u0101m vien jau liek manam pr\u0101tam griezties. Vi\u0146i met man manus m\u012b\u013c\u0101kos gardumus, m\u0113\u0123ina b\u0101zt man tos sej\u0101. Es tagad nevaru \u0113st, es cen\u0161os izdz\u012bvot! Tad sekoja durst\u012bg\u0101 kaklasiksna, no kuras es nevar\u0113ju izb\u0113gt&#8230; Kaklasiksna, kas reiz\u0113m ne\u013c\u0101va man br\u012bvi elpot&#8230; Ier\u012bce uz kakla, kas s\u0101kum\u0101 satrauco\u0161i p\u012bkst\u0113ja un p\u0113c tam rad\u012bja man s\u0101pes ik reizi, kad es r\u0113ju, m\u0113\u0123inot pateikt: &#8220;Man vajag distanci! Man ir bail!\u00a0<\/p>\n<p>Es zinu, ka saimnieki mani m\u012bl no visas sirds un \u013coti, \u013coti cen\u0161as. Es gribu b\u016bt t\u0101ds suns, k\u0101du vi\u0146i mani v\u0113las redz\u0113t. Es gribu atbr\u012bvoties no bail\u0113m un trauksmes, no emocion\u0101l\u0101s p\u0101rslodzes, es gribu b\u016bt perfekts. Es tik \u013coti cen\u0161os, t\u0101pat k\u0101 vi\u0146i.\u00a0<\/p>\n<p>Ja satiec uz ielas t\u0101dus su\u0146us k\u0101 es, vai vari, l\u016bdzu, dot mums distanci? <\/p>\n<p>Vai vari dot mums laiku? L\u012bdzj\u016bt\u012bbu? <\/p>\n<p>L\u016bdzu, ne\u013caujiet savam sunim n\u0101kt man kl\u0101t. L\u016bdzu, neglaudiet mani.\u00a0 <\/p>\n<p>Es \u013coti cen\u0161os, goda v\u0101rds. <\/p>\n<p>Es no sirds v\u0113los b\u016bt LAB\u0100KAIS SUNS.\u00a0<\/p>\n\t<p>***<\/p>\n<p>Reaktivit\u0101te ir izplat\u012bts un noz\u012bm\u012bgs sazi\u0146as l\u012bdzeklis, ko su\u0146i izmanto, kad j\u016btas nedro\u0161i, satrauku\u0161ies vai nobiju\u0161ies. Tas ir veids, k\u0101 vi\u0146i pau\u017e diskomfortu vai s\u0101pes.\u00a0<\/p>\n<p>Reaktivit\u0101te NAV:<\/p>\n<ul>\n<li>Agresija<\/li>\n<li>Su\u0146a m\u0113\u0123in\u0101jums st\u0101ties pret\u012b sav\u0101m bail\u0113m.<\/li>\n<li>Su\u0146a m\u0113\u0123in\u0101jums izr\u0101d\u012bt necie\u0146u pret saimnieku vai v\u0113lme domin\u0113t.<\/li>\n<li>Nepaklaus\u012bba vai sp\u012bt\u012bba.<\/li>\n<li>Su\u0146a &#8220;slikta uzved\u012bba&#8221;.<\/li>\n<li>Su\u0146a v\u0113lme rad\u012bt saimniekam ne\u0113rt\u012bbas.<\/li>\n<\/ul>\n<p>Reaktivit\u0101te ir tava su\u0146a m\u0113\u0123in\u0101jums pateikt, ka vi\u0146\u0161 izj\u016bt diskomfortu, j\u016btas satraucies vai nobijies. Tas ir sign\u0101ls, ka sunim ir gr\u016bti, vi\u0146\u0161 j\u016btas emocion\u0101li p\u0101rslogots, p\u0101rlieku satraukts vai noguris. Reaktivit\u0101te ir sign\u0101ls, ka tavs suns nesp\u0113j tikt gal\u0101 ar situ\u0101ciju un vi\u0146am ir nepiecie\u0161ams tavs atbalsts.\u00a0<\/p>\n<p>Reakt\u012bvam sunim ir nepiecie\u0161ams, lai vi\u0146a \u0123imene vi\u0146u saprastu un aizst\u0101v\u0113tu. Vi\u0146am ir nepiecie\u0161ams atbalsts, m\u012blest\u012bba un pal\u012bdz\u012bba, lai iem\u0101c\u012btos tikt gal\u0101 ar izaicino\u0161aj\u0101m situ\u0101cij\u0101m.<\/p>\n<blockquote><p><strong>Vai Tavam lab\u0101kajam sunim iet gr\u016bti? <\/strong><\/p>\n<p><strong>Vai Tu zini, k\u0101 vi\u0146am pal\u012bdz\u0113t bez emocion\u0101lu un fizisku s\u0101pju nodar\u012b\u0161anas?<\/strong><\/p><\/blockquote>\n\t<p><em>*V\u0113stule tulkota un ideja \u0146emta no <a href=\"https:\/\/absolute-dogs.com\/\">AbsoluteDogs<\/a>.<\/em><\/p>\n\t<p><strong>Par &#8220;My Perfect Dog&#8221;<\/strong><\/p>\n&#8220;My Perfect Dog&#8221; ir z\u012bmols, kas reprezent\u0113 lieliskas un harmoniskas attiec\u012bbas su\u0146a un saimnieka starp\u0101, kur saimnieks ir izgl\u012btots un zino\u0161s, savuk\u0101rt suns izprasts un atbilsto\u0161i apr\u016bp\u0113ts, socializ\u0113ts un apm\u0101c\u012bts, balstoties uz pret suni \u0113tisku, dabisku un uz motiv\u0101ciju balst\u012btu apm\u0101c\u012bbu.<br \/>\n\n<p> &#8220;My Perfect Dog&#8221; pied\u0101v\u0101 su\u0146u un vi\u0146u saimnieku apm\u0101c\u012bbu, su\u0146u uzved\u012bbas konsult\u0101cijas, socializ\u0101cijas pastaigas su\u0146iem, k\u0101 ar\u012b teor\u0113tiskus un praktiskus semin\u0101rus saimniekiem.<\/p>\n\t<p><strong>Kategorijas<\/strong><\/p>\n<p><a href=\"https:\/\/myperfectdog.lv\/en\/internetveikals\/\">Internetveikals<\/a><\/p>\n<p><a href=\"https:\/\/myperfectdog.lv\/en\/apmacibu-piedavajums\/\">Apm\u0101c\u012bbu pied\u0101v\u0101jums<\/a><\/p>\n<p><a href=\"https:\/\/myperfectdog.lv\/en\/sunu-aukles\/\">Su\u0146u pieskat\u012b\u0161ana un pastaigas<\/a><\/p>\n<p><a href=\"https:\/\/myperfectdog.lv\/en\/izglitojosi-raksti\/\">Izgl\u012btojo\u0161i materi\u0101li<\/a><\/p>\n<p><a href=\"https:\/\/myperfectdog.lv\/en\/kontakti\/\">Kontakti<\/a><\/p>\n<p><a href=\"https:\/\/myperfectdog.lv\/en\/privatuma-politika\/\">Priv\u0101tuma politika<\/a><\/p>\n\t<p><strong>Sazi\u0146ai<\/strong><\/p>\n\t+371 27993370<br \/>\nliga@myperfectdog.lv\n\t<p><strong>Seko &#8220;My Perfect Dog&#8221;<\/strong><\/p>\n\t\t\t\t<img decoding=\"async\" src=\"https:\/\/myperfectdog.lv\/wp-content\/uploads\/2020\/09\/PDTE-Logo2-150x150.png\" alt=\"PDTE-Logo2\" itemprop=\"image\" title=\"PDTE-Logo2\" onerror=\"this.style.display='none'\"  \/>\n\t<p><strong>Par &#8220;My Perfect Dog&#8221;<\/strong><\/p>\n&#8220;My Perfect Dog&#8221; ir z\u012bmols, kas reprezent\u0113 lieliskas un harmoniskas attiec\u012bbas su\u0146a un saimnieka starp\u0101, kur saimnieks ir izgl\u012btots un zino\u0161s, savuk\u0101rt suns izprasts un atbilsto\u0161i apr\u016bp\u0113ts, socializ\u0113ts un apm\u0101c\u012bts, balstoties uz pret suni \u0113tisku, dabisku un uz motiv\u0101ciju balst\u012btu apm\u0101c\u012bbu.<br \/>\n\n<p> &#8220;My Perfect Dog&#8221; pied\u0101v\u0101 su\u0146u un vi\u0146u saimnieku apm\u0101c\u012bbu, su\u0146u uzved\u012bbas konsult\u0101cijas, socializ\u0101cijas pastaigas su\u0146iem, k\u0101 ar\u012b teor\u0113tiskus un praktiskus semin\u0101rus saimniekiem.<\/p>\n\t<p><strong>Sazi\u0146ai<\/strong><\/p>\n\t+371 27993370<br \/>\nliga@myperfectdog.lv\n\t<p><strong>Seko &#8220;My Perfect Dog&#8221;<\/strong><\/p>\n<h5>\n\t\t<a href=\"https:\/\/myperfectdog.lv\/en\/privatuma-politika\/\" title=\"Priv\u0101tuma politika\" target=\"_self\" rel=\"noopener\">\n\t\tPriv\u0101tuma politika\n\t\t<\/a>\n\t<\/h5>","protected":false},"excerpt":{"rendered":"<p>V\u0113stule Tev no reakt\u012bva su\u0146a Es esmu apjucis&#8230; Kad esmu kop\u0101 ar saviem saimniekiem un m\u0113s esam vieni, viss p\u0101r\u0113jais pasaul\u0113 paliek maznoz\u012bm\u012bgs. Esam tikai m\u0113s. Saimnieki mani m\u012b\u013ci uzl\u016bko, glauda manas ausis un saka, ka esmu lab\u0101kais suns pasaul\u0113.\u00a0 Es vi\u0146iem ticu. Mana aste priek\u0101 luncin\u0101s, es esmu laim\u012bgs.\u00a0 ES ESMU LAB\u0100KAIS SUNS.\u00a0 Bet&hellip;<\/p>","protected":false},"author":1,"featured_media":8218,"parent":2210,"menu_order":1,"comment_status":"closed","ping_status":"closed","template":"","meta":{"footnotes":""},"class_list":["post-8214","page","type-page","status-publish","has-post-thumbnail","hentry"],"yoast_head":"<!-- This site is optimized with the Yoast SEO plugin v27.5 - https:\/\/yoast.com\/product\/yoast-seo-wordpress\/ -->\n<title>V\u0113stule TEV no reakt\u012bva su\u0146a | MyPerfectDog.lv<\/title>\n<meta name=\"description\" content=\"Vai esi dom\u0101jis par to, k\u0101 j\u016btas reakt\u012bvs suns un ko vi\u0146\u0161 teiktu, ja sp\u0113tu run\u0101t?\u00a0Aicin\u0101jums reakt\u012bviem su\u0146iem dot laiku, atbalstu un distanci.\" \/>\n<meta name=\"robots\" content=\"index, follow, max-snippet:-1, max-image-preview:large, max-video-preview:-1\" \/>\n<link rel=\"canonical\" href=\"https:\/\/myperfectdog.lv\/en\/izglitojosi\/vestule-tev-no-reaktiva-suna\/\" \/>\n<meta property=\"og:locale\" content=\"en_GB\" \/>\n<meta property=\"og:type\" content=\"article\" \/>\n<meta property=\"og:title\" content=\"V\u0113stule TEV no reakt\u012bva su\u0146a | MyPerfectDog.lv\" \/>\n<meta property=\"og:description\" content=\"Vai esi dom\u0101jis par to, k\u0101 j\u016btas reakt\u012bvs suns un ko vi\u0146\u0161 teiktu, ja sp\u0113tu run\u0101t?\u00a0Aicin\u0101jums reakt\u012bviem su\u0146iem dot laiku, atbalstu un distanci.\" \/>\n<meta property=\"og:url\" content=\"https:\/\/myperfectdog.lv\/en\/izglitojosi\/vestule-tev-no-reaktiva-suna\/\" \/>\n<meta property=\"og:site_name\" content=\"MyPerfectDog.lv\" \/>\n<meta property=\"article:modified_time\" content=\"2024-10-04T11:50:35+00:00\" \/>\n<meta property=\"og:image\" content=\"https:\/\/myperfectdog.lv\/wp-content\/uploads\/2023\/12\/Introduction-2.png\" \/>\n\t<meta property=\"og:image:width\" content=\"1080\" \/>\n\t<meta property=\"og:image:height\" content=\"1080\" \/>\n\t<meta property=\"og:image:type\" content=\"image\/png\" \/>\n<meta name=\"twitter:card\" content=\"summary_large_image\" \/>\n<meta name=\"twitter:label1\" content=\"Estimated reading time\" \/>\n\t<meta name=\"twitter:data1\" content=\"11 minutes\" \/>\n<script type=\"application\/ld+json\" class=\"yoast-schema-graph\">{\"@context\":\"https:\\\/\\\/schema.org\",\"@graph\":[{\"@type\":\"WebPage\",\"@id\":\"https:\\\/\\\/myperfectdog.lv\\\/izglitojosi\\\/vestule-tev-no-reaktiva-suna\\\/\",\"url\":\"https:\\\/\\\/myperfectdog.lv\\\/izglitojosi\\\/vestule-tev-no-reaktiva-suna\\\/\",\"name\":\"V\u0113stule TEV no reakt\u012bva su\u0146a | MyPerfectDog.lv\",\"isPartOf\":{\"@id\":\"https:\\\/\\\/myperfectdog.lv\\\/#website\"},\"primaryImageOfPage\":{\"@id\":\"https:\\\/\\\/myperfectdog.lv\\\/izglitojosi\\\/vestule-tev-no-reaktiva-suna\\\/#primaryimage\"},\"image\":{\"@id\":\"https:\\\/\\\/myperfectdog.lv\\\/izglitojosi\\\/vestule-tev-no-reaktiva-suna\\\/#primaryimage\"},\"thumbnailUrl\":\"https:\\\/\\\/myperfectdog.lv\\\/wp-content\\\/uploads\\\/2023\\\/12\\\/Introduction-2.png\",\"datePublished\":\"2023-12-04T08:19:37+00:00\",\"dateModified\":\"2024-10-04T11:50:35+00:00\",\"description\":\"Vai esi dom\u0101jis par to, k\u0101 j\u016btas reakt\u012bvs suns un ko vi\u0146\u0161 teiktu, ja sp\u0113tu run\u0101t?\u00a0Aicin\u0101jums reakt\u012bviem su\u0146iem dot laiku, atbalstu un distanci.\",\"breadcrumb\":{\"@id\":\"https:\\\/\\\/myperfectdog.lv\\\/izglitojosi\\\/vestule-tev-no-reaktiva-suna\\\/#breadcrumb\"},\"inLanguage\":\"en-GB\",\"potentialAction\":[{\"@type\":\"ReadAction\",\"target\":[\"https:\\\/\\\/myperfectdog.lv\\\/izglitojosi\\\/vestule-tev-no-reaktiva-suna\\\/\"]}]},{\"@type\":\"ImageObject\",\"inLanguage\":\"en-GB\",\"@id\":\"https:\\\/\\\/myperfectdog.lv\\\/izglitojosi\\\/vestule-tev-no-reaktiva-suna\\\/#primaryimage\",\"url\":\"https:\\\/\\\/myperfectdog.lv\\\/wp-content\\\/uploads\\\/2023\\\/12\\\/Introduction-2.png\",\"contentUrl\":\"https:\\\/\\\/myperfectdog.lv\\\/wp-content\\\/uploads\\\/2023\\\/12\\\/Introduction-2.png\",\"width\":1080,\"height\":1080},{\"@type\":\"BreadcrumbList\",\"@id\":\"https:\\\/\\\/myperfectdog.lv\\\/izglitojosi\\\/vestule-tev-no-reaktiva-suna\\\/#breadcrumb\",\"itemListElement\":[{\"@type\":\"ListItem\",\"position\":1,\"name\":\"Home\",\"item\":\"https:\\\/\\\/myperfectdog.lv\\\/\"},{\"@type\":\"ListItem\",\"position\":2,\"name\":\"Izgl\u012btojo\u0161i materi\u0101li\",\"item\":\"https:\\\/\\\/myperfectdog.lv\\\/izglitojosi\\\/\"},{\"@type\":\"ListItem\",\"position\":3,\"name\":\"V\u0113stule TEV no reakt\u012bva su\u0146a\"}]},{\"@type\":\"WebSite\",\"@id\":\"https:\\\/\\\/myperfectdog.lv\\\/#website\",\"url\":\"https:\\\/\\\/myperfectdog.lv\\\/\",\"name\":\"MyPerfectDog.lv\",\"description\":\"Su\u0146u un saimnieku skola\",\"publisher\":{\"@id\":\"https:\\\/\\\/myperfectdog.lv\\\/#organization\"},\"potentialAction\":[{\"@type\":\"SearchAction\",\"target\":{\"@type\":\"EntryPoint\",\"urlTemplate\":\"https:\\\/\\\/myperfectdog.lv\\\/?s={search_term_string}\"},\"query-input\":{\"@type\":\"PropertyValueSpecification\",\"valueRequired\":true,\"valueName\":\"search_term_string\"}}],\"inLanguage\":\"en-GB\"},{\"@type\":\"Organization\",\"@id\":\"https:\\\/\\\/myperfectdog.lv\\\/#organization\",\"name\":\"Su\u0146u & saimnieku skola \\\"My Perfect Dog\\\"\",\"url\":\"https:\\\/\\\/myperfectdog.lv\\\/\",\"logo\":{\"@type\":\"ImageObject\",\"inLanguage\":\"en-GB\",\"@id\":\"https:\\\/\\\/myperfectdog.lv\\\/#\\\/schema\\\/logo\\\/image\\\/\",\"url\":\"https:\\\/\\\/myperfectdog.lv\\\/wp-content\\\/uploads\\\/2020\\\/10\\\/MyPerfectDog-New-logo_peach_plakans.png\",\"contentUrl\":\"https:\\\/\\\/myperfectdog.lv\\\/wp-content\\\/uploads\\\/2020\\\/10\\\/MyPerfectDog-New-logo_peach_plakans.png\",\"width\":1200,\"height\":636,\"caption\":\"Su\u0146u & saimnieku skola \\\"My Perfect Dog\\\"\"},\"image\":{\"@id\":\"https:\\\/\\\/myperfectdog.lv\\\/#\\\/schema\\\/logo\\\/image\\\/\"}}]}<\/script>\n<!-- \/ Yoast SEO plugin. -->","yoast_head_json":{"title":"V\u0113stule TEV no reakt\u012bva su\u0146a | MyPerfectDog.lv","description":"Vai esi dom\u0101jis par to, k\u0101 j\u016btas reakt\u012bvs suns un ko vi\u0146\u0161 teiktu, ja sp\u0113tu run\u0101t?\u00a0Aicin\u0101jums reakt\u012bviem su\u0146iem dot laiku, atbalstu un distanci.","robots":{"index":"index","follow":"follow","max-snippet":"max-snippet:-1","max-image-preview":"max-image-preview:large","max-video-preview":"max-video-preview:-1"},"canonical":"https:\/\/myperfectdog.lv\/en\/izglitojosi\/vestule-tev-no-reaktiva-suna\/","og_locale":"en_GB","og_type":"article","og_title":"V\u0113stule TEV no reakt\u012bva su\u0146a | MyPerfectDog.lv","og_description":"Vai esi dom\u0101jis par to, k\u0101 j\u016btas reakt\u012bvs suns un ko vi\u0146\u0161 teiktu, ja sp\u0113tu run\u0101t?\u00a0Aicin\u0101jums reakt\u012bviem su\u0146iem dot laiku, atbalstu un distanci.","og_url":"https:\/\/myperfectdog.lv\/en\/izglitojosi\/vestule-tev-no-reaktiva-suna\/","og_site_name":"MyPerfectDog.lv","article_modified_time":"2024-10-04T11:50:35+00:00","og_image":[{"width":1080,"height":1080,"url":"https:\/\/myperfectdog.lv\/wp-content\/uploads\/2023\/12\/Introduction-2.png","type":"image\/png"}],"twitter_card":"summary_large_image","twitter_misc":{"Estimated reading time":"11 minutes"},"schema":{"@context":"https:\/\/schema.org","@graph":[{"@type":"WebPage","@id":"https:\/\/myperfectdog.lv\/izglitojosi\/vestule-tev-no-reaktiva-suna\/","url":"https:\/\/myperfectdog.lv\/izglitojosi\/vestule-tev-no-reaktiva-suna\/","name":"V\u0113stule TEV no reakt\u012bva su\u0146a | MyPerfectDog.lv","isPartOf":{"@id":"https:\/\/myperfectdog.lv\/#website"},"primaryImageOfPage":{"@id":"https:\/\/myperfectdog.lv\/izglitojosi\/vestule-tev-no-reaktiva-suna\/#primaryimage"},"image":{"@id":"https:\/\/myperfectdog.lv\/izglitojosi\/vestule-tev-no-reaktiva-suna\/#primaryimage"},"thumbnailUrl":"https:\/\/myperfectdog.lv\/wp-content\/uploads\/2023\/12\/Introduction-2.png","datePublished":"2023-12-04T08:19:37+00:00","dateModified":"2024-10-04T11:50:35+00:00","description":"Vai esi dom\u0101jis par to, k\u0101 j\u016btas reakt\u012bvs suns un ko vi\u0146\u0161 teiktu, ja sp\u0113tu run\u0101t?\u00a0Aicin\u0101jums reakt\u012bviem su\u0146iem dot laiku, atbalstu un distanci.","breadcrumb":{"@id":"https:\/\/myperfectdog.lv\/izglitojosi\/vestule-tev-no-reaktiva-suna\/#breadcrumb"},"inLanguage":"en-GB","potentialAction":[{"@type":"ReadAction","target":["https:\/\/myperfectdog.lv\/izglitojosi\/vestule-tev-no-reaktiva-suna\/"]}]},{"@type":"ImageObject","inLanguage":"en-GB","@id":"https:\/\/myperfectdog.lv\/izglitojosi\/vestule-tev-no-reaktiva-suna\/#primaryimage","url":"https:\/\/myperfectdog.lv\/wp-content\/uploads\/2023\/12\/Introduction-2.png","contentUrl":"https:\/\/myperfectdog.lv\/wp-content\/uploads\/2023\/12\/Introduction-2.png","width":1080,"height":1080},{"@type":"BreadcrumbList","@id":"https:\/\/myperfectdog.lv\/izglitojosi\/vestule-tev-no-reaktiva-suna\/#breadcrumb","itemListElement":[{"@type":"ListItem","position":1,"name":"Home","item":"https:\/\/myperfectdog.lv\/"},{"@type":"ListItem","position":2,"name":"Izgl\u012btojo\u0161i materi\u0101li","item":"https:\/\/myperfectdog.lv\/izglitojosi\/"},{"@type":"ListItem","position":3,"name":"V\u0113stule TEV no reakt\u012bva su\u0146a"}]},{"@type":"WebSite","@id":"https:\/\/myperfectdog.lv\/#website","url":"https:\/\/myperfectdog.lv\/","name":"MyPerfectDog.lv","description":"Su\u0146u un saimnieku skola","publisher":{"@id":"https:\/\/myperfectdog.lv\/#organization"},"potentialAction":[{"@type":"SearchAction","target":{"@type":"EntryPoint","urlTemplate":"https:\/\/myperfectdog.lv\/?s={search_term_string}"},"query-input":{"@type":"PropertyValueSpecification","valueRequired":true,"valueName":"search_term_string"}}],"inLanguage":"en-GB"},{"@type":"Organization","@id":"https:\/\/myperfectdog.lv\/#organization","name":"Su\u0146u & saimnieku skola \"My Perfect Dog\"","url":"https:\/\/myperfectdog.lv\/","logo":{"@type":"ImageObject","inLanguage":"en-GB","@id":"https:\/\/myperfectdog.lv\/#\/schema\/logo\/image\/","url":"https:\/\/myperfectdog.lv\/wp-content\/uploads\/2020\/10\/MyPerfectDog-New-logo_peach_plakans.png","contentUrl":"https:\/\/myperfectdog.lv\/wp-content\/uploads\/2020\/10\/MyPerfectDog-New-logo_peach_plakans.png","width":1200,"height":636,"caption":"Su\u0146u & saimnieku skola \"My Perfect Dog\""},"image":{"@id":"https:\/\/myperfectdog.lv\/#\/schema\/logo\/image\/"}}]}},"jetpack_sharing_enabled":true,"_links":{"self":[{"href":"https:\/\/myperfectdog.lv\/en\/wp-json\/wp\/v2\/pages\/8214","targetHints":{"allow":["GET"]}}],"collection":[{"href":"https:\/\/myperfectdog.lv\/en\/wp-json\/wp\/v2\/pages"}],"about":[{"href":"https:\/\/myperfectdog.lv\/en\/wp-json\/wp\/v2\/types\/page"}],"author":[{"embeddable":true,"href":"https:\/\/myperfectdog.lv\/en\/wp-json\/wp\/v2\/users\/1"}],"replies":[{"embeddable":true,"href":"https:\/\/myperfectdog.lv\/en\/wp-json\/wp\/v2\/comments?post=8214"}],"version-history":[{"count":0,"href":"https:\/\/myperfectdog.lv\/en\/wp-json\/wp\/v2\/pages\/8214\/revisions"}],"up":[{"embeddable":true,"href":"https:\/\/myperfectdog.lv\/en\/wp-json\/wp\/v2\/pages\/2210"}],"wp:featuredmedia":[{"embeddable":true,"href":"https:\/\/myperfectdog.lv\/en\/wp-json\/wp\/v2\/media\/8218"}],"wp:attachment":[{"href":"https:\/\/myperfectdog.lv\/en\/wp-json\/wp\/v2\/media?parent=8214"}],"curies":[{"name":"wp","href":"https:\/\/api.w.org\/{rel}","templated":true}]}}