{"id":8437,"date":"2024-01-24T11:21:30","date_gmt":"2024-01-24T09:21:30","guid":{"rendered":"https:\/\/myperfectdog.lv\/?page_id=8437"},"modified":"2024-09-11T15:20:24","modified_gmt":"2024-09-11T13:20:24","slug":"dog-care-walk-service","status":"publish","type":"page","link":"https:\/\/myperfectdog.lv\/en\/dog-care-walk-service\/","title":{"rendered":"Dog care service"},"content":{"rendered":"<a href=\"https:\/\/myperfectdog.lv\/en\/\" target=\"_self\" itemprop=\"url\" rel=\"noopener\">\n\t\t\t\t<img loading=\"lazy\" decoding=\"async\" src=\"https:\/\/myperfectdog.lv\/wp-content\/uploads\/2020\/10\/MyPerfectDog-New-logo_peach_plakans.png\" alt=\"MyPerfectDog-New-logo_peach_plakans\" itemprop=\"image\" height=\"636\" width=\"1200\" title=\"MyPerfectDog-New-logo_peach_plakans\" onerror=\"this.style.display='none'\"  \/>\n\t\t\t\t<\/a>\n\t\t\t\t<a href=\"https:\/\/myperfectdog.lv\/en\/sunu-aukles-sunu-pieskatisana-sunu-pastaigas\/\" target=\"_self\" itemprop=\"url\" rel=\"noopener\">\n\t\t\t\t<img loading=\"lazy\" decoding=\"async\" src=\"https:\/\/myperfectdog.lv\/wp-content\/uploads\/2024\/02\/LV.webp\" alt=\"LV\" itemprop=\"image\" height=\"320\" width=\"640\" title=\"LV\" onerror=\"this.style.display='none'\"  \/>\n\t\t\t\t<\/a>\n\t\t\t\t<a href=\"https:\/\/myperfectdog.lv\/en\/dog-care-walk-service\/\" target=\"_self\" itemprop=\"url\" rel=\"noopener\">\n\t\t\t\t<img loading=\"lazy\" decoding=\"async\" src=\"https:\/\/myperfectdog.lv\/wp-content\/uploads\/2024\/02\/ENG.webp\" alt=\"ENG\" itemprop=\"image\" height=\"600\" width=\"1200\" title=\"ENG\" onerror=\"this.style.display='none'\"  \/>\n\t\t\t\t<\/a>\n\t\t\t\t<a href=\"https:\/\/myperfectdog.lv\/en\/eng\/\" target=\"_self\" itemprop=\"url\" rel=\"noopener\">\n\t\t\t\t<img loading=\"lazy\" decoding=\"async\" src=\"https:\/\/myperfectdog.lv\/wp-content\/uploads\/2020\/10\/MyPerfectDog-New-logo_peach_plakans.png\" alt=\"MyPerfectDog-New-logo_peach_plakans\" itemprop=\"image\" height=\"636\" width=\"1200\" title=\"MyPerfectDog-New-logo_peach_plakans\" onerror=\"this.style.display='none'\"  \/>\n\t\t\t\t<\/a>\n<h1>\n\t\tDOG SITTING &#038; WALKING SERVICE\n\t<\/h1>\n<h2>\n\t\tEducated dog-sitters will take care of your pet!\n\t<\/h2>\n\t\t\t<a href=\"https:\/\/myperfectdog.lv\/en\/contact-us\/\" target=\"_self\" role=\"button\" rel=\"noopener\">\n\t\t\t\t\t\t\tAPPLY HERE\n\t\t\t<\/a>\n\t\t\t\t<img loading=\"lazy\" decoding=\"async\" src=\"https:\/\/myperfectdog.lv\/wp-content\/uploads\/2022\/08\/myperfectdog-20-1024x1024.png\" alt=\"myperfectdog-20\" itemprop=\"image\" height=\"1024\" width=\"1024\" title=\"myperfectdog-20\" onerror=\"this.style.display='none'\"  \/>\n\t\t<h3><a href=\"https:\/\/myperfectdog.lv\/en\/kontakti\/\" target=\"_self\" rel=\"noopener\">Dog care<\/a><\/h3>\t\t\n\t\t\t<p>If you&#8217;re going on vacation, on a business trip, to an event or simply you don&#8217;t want your dog to stay alone at home while you&#8217;re working late, &#8221;My Perfect Dog&#8221; dog sitters will help you!<\/p>\n<p>Our dog sitters can look after your dog both at the dog sitters place or at your home.<\/p>\n<p>This service is available for long-term care and occasionally &#8211; for a few hours for example.<\/p>\n<p>You tell us the date and time and one of our dog sitters will take care of your dogs well-being!<\/p>\n\t<p><strong>THIS SERVICE IS AVAILABLE IN:<\/strong><\/p>\n<ul>\n<li>Riga<\/li>\n<li>J\u016brmala<\/li>\n<li>Ogre<\/li>\n<li>Salaspils<\/li>\n<\/ul>\n<p>(and also near these cities)<\/p>\n\t<p><strong>DOG CARE SERVICE PRICE:<\/strong><\/p>\n<ul>\n<li>Day care (up to 12 hours) &#8211; 18 euros per one dog (+5 euros for each additional dog if there are several dogs in the family)<\/li>\n<li>24 hour care (12-24 hours) &#8211; 25 euros per one dog (+5 euros for each additional dog if there are several dogs in the family)<\/li>\n<\/ul>\n<p>*If dog care is at the clients home or on Latvia&#8217;s holiday date &#8211; it will cost +5 euros for each dog care day.<\/p>\n\t\t\t\t<img loading=\"lazy\" decoding=\"async\" src=\"https:\/\/myperfectdog.lv\/wp-content\/uploads\/2022\/08\/myperfectdog-15-1024x1024.png\" alt=\"myperfectdog-15\" itemprop=\"image\" height=\"1024\" width=\"1024\" title=\"myperfectdog-15\" onerror=\"this.style.display='none'\"  \/>\n\t\t<h3><a href=\"https:\/\/myperfectdog.lv\/en\/kontakti\/\" target=\"_self\" rel=\"noopener\">Dog walking service<\/a><\/h3>\t\t\n\t\t\t<p>If you have a sudden or a long-term need for a reliable person to take your dog for a walk during the day while you&#8217;re at work or to take your dog on a walk in the morning or evening when you have an event, &#8221;My Perfect Dog&#8221; dog sitters will surely help you!<\/p>\n<p>You set the date, time and duration of walk and the dog sitter will come to take your pet for a walk.<\/p>\n<p>The dog sitter can also feed your dog or help with other things in your dog&#8217;s daily routine, if necessary.<\/p>\n<p>You set the date, time and duration of the walk and the dog sitter will come to take your dog for a walk.<\/p>\n<p>If necessary, we can also feed the dog or perform some other daily routine for the dog.<\/p>\n\t<p><strong>THIS SERVICE IS AVAILABLE IN:<\/strong><\/p>\n<ul>\n<li>Riga<\/li>\n<li>Jurmala<\/li>\n<li>Ogre<\/li>\n<li>Salaspils<\/li>\n<\/ul>\n<p>(and also near these cities)<\/p>\n\t<p><strong>DOG WALKING SERVICE PRICE:<\/strong><\/p>\n<ul>\n<li>30 minute walk &#8211; 10 euros per one dog (+3 euros for each additional dog if there are several dogs in the family)<\/li>\n<li>1 hour walk &#8211; 15 euros per one dog (+3 euros for each additional dog if there are several dogs in the family)<\/li>\n<\/ul>\n<p>If the dog walking takes place in Latvia&#8217;s holiday date &#8211; it will cost +5 euros for each walk.<\/p>\n\t\t\t<a href=\"#\" id=\"fl-accordion--label-0\" tabindex=\"0\" aria-controls=\"fl-accordion--panel-0\">\ud83d\udc3e Why choose &#8221;My Perfect Dog&#8221; dog care service?<\/a>\n\t\t\t\t\t\t\t<a href=\"#\" id=\"fl-accordion--icon-0\" tabindex=\"0\" aria-controls=\"fl-accordion--panel-0\"><i>Expand<\/i><\/a>\n\t\t<p>&#8221;My Perfect Dog&#8221; dog sitters are not only very responsible, but also trained dog sitters. They understand the body language as well as the basic natural needs of dogs. They respect dogs. With our dog sitters your dog will feel loved and cared for. He will be provided with daily walks, both mental and physical activities as well as quality sleep.<\/p>\n\t\t\t<a href=\"#\" id=\"fl-accordion--label-1\" tabindex=\"0\" aria-controls=\"fl-accordion--panel-1\">\ud83d\udc3e When will be our first meet up with the dog sitter?<\/a>\n\t\t\t\t\t\t\t<a href=\"#\" id=\"fl-accordion--icon-1\" tabindex=\"0\" aria-controls=\"fl-accordion--panel-1\"><i>Expand<\/i><\/a>\n\t\t<p>A few days before the actual dog care you and your dog will meet for a 30 minute walk with one of our dog sitters to get to know each other and to discuss the details of the dog care\/walk.<\/p>\n<p>If your dog is fearful we advise to apply for dog sitting as early as possible before the actual dog care\/dog walk so that we could arrange a meet up and also a dog care for a few hours so that your dog can successfully stay with his sitter for a longer period of time without stress.<\/p>\n\t\t\t<a href=\"#\" id=\"fl-accordion--label-2\" tabindex=\"0\" aria-controls=\"fl-accordion--panel-2\">\ud83d\udc3e Is dog sitting service available at clients home?<\/a>\n\t\t\t\t\t\t\t<a href=\"#\" id=\"fl-accordion--icon-2\" tabindex=\"0\" aria-controls=\"fl-accordion--panel-2\"><i>Expand<\/i><\/a>\n\t\t<p>Yes! Our dog sitters can take care of your dogs both at sitters house or at clients home.<\/p>\n\t\t\t<a href=\"#\" id=\"fl-accordion--label-3\" tabindex=\"0\" aria-controls=\"fl-accordion--panel-3\">\ud83d\udc3e Photo and video reports from dog care and dog walks<\/a>\n\t\t\t\t\t\t\t<a href=\"#\" id=\"fl-accordion--icon-3\" tabindex=\"0\" aria-controls=\"fl-accordion--panel-3\"><i>Expand<\/i><\/a>\n\t\t<p>You will regularly receive not only information about how&#8217;s your dog and what he is doing, but also you&#8217;ll receive photos and videos of their adventures while your beloved pet is at the day care.<\/p>\n\t\t\t<a href=\"#\" id=\"fl-accordion--label-4\" tabindex=\"0\" aria-controls=\"fl-accordion--panel-4\">\ud83d\udc3e Do we accept fearful\/reactive dogs at the dog care?<\/a>\n\t\t\t\t\t\t\t<a href=\"#\" id=\"fl-accordion--icon-4\" tabindex=\"0\" aria-controls=\"fl-accordion--panel-4\"><i>Expand<\/i><\/a>\n\t\t<p>Yes, our dog sitters also look after fearful and\/or reactive dogs.<\/p>\n<p>For fearful\/reactive dog owners &#8211; please, apply for dog care in time, so your dog can get to know both the sitter and sitter&#8217;s pets. We recommend to meet with our dog sitter several times before long-term care, and after that it is also preferable to leave your dog with the sitter for a few hours first, so that he gets used to staying at different place.<\/p>\n<p>*Dog care fee can be increased by 5 euros per one dog sitting day if the dog is emotional\/fearful\/reactive and the sitter will therefore need more intensive day-to-day management and in that case some training will be provided from the sitter as well.<\/p>\n\t\t\t<a href=\"#\" id=\"fl-accordion--label-5\" tabindex=\"0\" aria-controls=\"fl-accordion--panel-5\">\ud83d\udc3e Should I bring also my dog&#8217;s toys and other accessories to daycare with him?<\/a>\n\t\t\t\t\t\t\t<a href=\"#\" id=\"fl-accordion--icon-5\" tabindex=\"0\" aria-controls=\"fl-accordion--panel-5\"><i>Expand<\/i><\/a>\n\t\t<p>Bring everything your dog is used to in his daily routine, such as dog bed or blanket, his food bowls and clothes to make your dog feel at home with the sitter. Don&#8217;t forget to bring a harness and a leash (if you have different lengths and types of leashes you can also bring those too) and dog poop collecting bags.<\/p>\n<p>Make sure that the food will be enough for all days at the dog care. Don&#8217;t forget vitamins or any medicine if your dog needs it.<\/p>\n\t\t\t<a href=\"#\" id=\"fl-accordion--label-6\" tabindex=\"0\" aria-controls=\"fl-accordion--panel-6\">\ud83d\udc3e Our dog sitters can also take your dog to the vet if necessary<\/a>\n\t\t\t\t\t\t\t<a href=\"#\" id=\"fl-accordion--icon-6\" tabindex=\"0\" aria-controls=\"fl-accordion--panel-6\"><i>Expand<\/i><\/a>\n\t\t<p>Our dog sitters will lovingly take care of your pet, but in case something has happened or if you have already scheduled a visit to the vet, our sitters will take dog to the vet for a check up!<\/p>\n<h3>\n\t\tYOU WILL FIND THE BEST DOG SITTER FOR YOUR DOG AT &#8220;MY PERFECT DOG&#8221;\n\t<\/h3>\n\t\t\t<a href=\"https:\/\/myperfectdog.lv\/en\/contact-us\/\" target=\"_self\" role=\"button\" rel=\"noopener\">\n\t\t\t\t\t\t\tAPPLY HERE\n\t\t\t<\/a>\n\t<p><b>About &#8221;My Perfect Dog&#8221;<\/b><\/p>\n<p>&#8220;My Perfect Dog&#8221; is an organisation that represents a great and harmonious relationship between the dog and his care-taker, where the care-taker is educated while the dog is understood and properly cared for, socialised and trained, based on ethical, natural and motivational training for dog.<\/p>\n<p>&#8220;My Perfect Dog&#8221; offers training for dogs and their care-takers, dog behaviour consultations, social walks for dogs as well as theoretical and practical seminars for dog care-takers.<\/p>\n\t<p><strong>Category<\/strong><\/p>\n<p><a href=\"https:\/\/myperfectdog.lv\/en\/internetveikals\/\">E-shop<\/a><\/p>\n<p><a href=\"https:\/\/myperfectdog.lv\/en\/apmacibu-piedavajums\/\">What we offer<\/a><\/p>\n<p><a href=\"https:\/\/myperfectdog.lv\/en\/sunu-aukles\/\">Dog-sitting and walking<\/a><\/p>\n<p><a href=\"https:\/\/myperfectdog.lv\/en\/izglitojosi-raksti\/\">Educational materials in latvian<\/a><\/p>\n<p><a href=\"https:\/\/myperfectdog.lv\/en\/kontakti\/\">Contact us<\/a><\/p>\n<p><a href=\"https:\/\/myperfectdog.lv\/en\/privatuma-politika\/\">Privacy policy<\/a><\/p>\n\t<p><strong>Contact us<\/strong><\/p>\n\t+371 27993370<br \/>\nliga@myperfectdog.lv\n\t<p><strong>Follow &#8220;My Perfect Dog&#8221;<\/strong><\/p>\n\t\t\t\t<img decoding=\"async\" src=\"https:\/\/myperfectdog.lv\/wp-content\/uploads\/2020\/09\/PDTE-Logo2-150x150.png\" alt=\"PDTE-Logo2\" itemprop=\"image\" title=\"PDTE-Logo2\" onerror=\"this.style.display='none'\"  \/>","protected":false},"excerpt":{"rendered":"<p>DOG SITTING &#038; WALKING SERVICE Educated dog-sitters will take care of your pet! APPLY HERE Dog care If you&#8217;re going on vacation, on a business trip, to an event or simply you don&#8217;t want your dog to stay alone at home while you&#8217;re working late, &#8221;My Perfect Dog&#8221; dog sitters will help you! Our dog&hellip;<\/p>","protected":false},"author":1,"featured_media":3094,"parent":0,"menu_order":0,"comment_status":"closed","ping_status":"closed","template":"","meta":{"footnotes":""},"class_list":["post-8437","page","type-page","status-publish","has-post-thumbnail","hentry"],"yoast_head":"<!-- This site is optimized with the Yoast SEO plugin v27.5 - https:\/\/yoast.com\/product\/yoast-seo-wordpress\/ -->\n<title>Dog care service | MyPerfectDog.lv<\/title>\n<meta name=\"description\" content=\"Pied\u0101v\u0101jam su\u0146u pieskat\u012b\u0161anu, kad dodaties atva\u013cin\u0101jum\u0101, vai, ja Tavs suns nem\u0101k palikt viens un vi\u0146am nepiecie\u0161ama komp\u0101nija Tavas promb\u016btnes laik\u0101.\" \/>\n<meta name=\"robots\" content=\"index, follow, max-snippet:-1, max-image-preview:large, max-video-preview:-1\" \/>\n<link rel=\"canonical\" href=\"https:\/\/myperfectdog.lv\/en\/dog-care-walk-service\/\" \/>\n<meta property=\"og:locale\" content=\"en_GB\" \/>\n<meta property=\"og:type\" content=\"article\" \/>\n<meta property=\"og:title\" content=\"Dog care service | MyPerfectDog.lv\" \/>\n<meta property=\"og:description\" content=\"Pied\u0101v\u0101jam su\u0146u pieskat\u012b\u0161anu, kad dodaties atva\u013cin\u0101jum\u0101, vai, ja Tavs suns nem\u0101k palikt viens un vi\u0146am nepiecie\u0161ama komp\u0101nija Tavas promb\u016btnes laik\u0101.\" \/>\n<meta property=\"og:url\" content=\"https:\/\/myperfectdog.lv\/en\/dog-care-walk-service\/\" \/>\n<meta property=\"og:site_name\" content=\"MyPerfectDog.lv\" \/>\n<meta property=\"article:modified_time\" content=\"2024-09-11T13:20:24+00:00\" \/>\n<meta property=\"og:image\" content=\"https:\/\/myperfectdog.lv\/wp-content\/uploads\/2021\/08\/119789643_3439453862758766_9176429353944854770_n.jpeg\" \/>\n\t<meta property=\"og:image:width\" content=\"1536\" \/>\n\t<meta property=\"og:image:height\" content=\"2048\" \/>\n\t<meta property=\"og:image:type\" content=\"image\/jpeg\" \/>\n<meta name=\"twitter:card\" content=\"summary_large_image\" \/>\n<meta name=\"twitter:label1\" content=\"Estimated reading time\" \/>\n\t<meta name=\"twitter:data1\" content=\"4 minutes\" \/>\n<script type=\"application\/ld+json\" class=\"yoast-schema-graph\">{\"@context\":\"https:\\\/\\\/schema.org\",\"@graph\":[{\"@type\":\"WebPage\",\"@id\":\"https:\\\/\\\/myperfectdog.lv\\\/dog-care-walk-service\\\/\",\"url\":\"https:\\\/\\\/myperfectdog.lv\\\/dog-care-walk-service\\\/\",\"name\":\"Dog care service | MyPerfectDog.lv\",\"isPartOf\":{\"@id\":\"https:\\\/\\\/myperfectdog.lv\\\/#website\"},\"primaryImageOfPage\":{\"@id\":\"https:\\\/\\\/myperfectdog.lv\\\/dog-care-walk-service\\\/#primaryimage\"},\"image\":{\"@id\":\"https:\\\/\\\/myperfectdog.lv\\\/dog-care-walk-service\\\/#primaryimage\"},\"thumbnailUrl\":\"https:\\\/\\\/myperfectdog.lv\\\/wp-content\\\/uploads\\\/2021\\\/08\\\/119789643_3439453862758766_9176429353944854770_n.jpeg\",\"datePublished\":\"2024-01-24T09:21:30+00:00\",\"dateModified\":\"2024-09-11T13:20:24+00:00\",\"description\":\"Pied\u0101v\u0101jam su\u0146u pieskat\u012b\u0161anu, kad dodaties atva\u013cin\u0101jum\u0101, vai, ja Tavs suns nem\u0101k palikt viens un vi\u0146am nepiecie\u0161ama komp\u0101nija Tavas promb\u016btnes laik\u0101.\",\"breadcrumb\":{\"@id\":\"https:\\\/\\\/myperfectdog.lv\\\/dog-care-walk-service\\\/#breadcrumb\"},\"inLanguage\":\"en-GB\",\"potentialAction\":[{\"@type\":\"ReadAction\",\"target\":[\"https:\\\/\\\/myperfectdog.lv\\\/dog-care-walk-service\\\/\"]}]},{\"@type\":\"ImageObject\",\"inLanguage\":\"en-GB\",\"@id\":\"https:\\\/\\\/myperfectdog.lv\\\/dog-care-walk-service\\\/#primaryimage\",\"url\":\"https:\\\/\\\/myperfectdog.lv\\\/wp-content\\\/uploads\\\/2021\\\/08\\\/119789643_3439453862758766_9176429353944854770_n.jpeg\",\"contentUrl\":\"https:\\\/\\\/myperfectdog.lv\\\/wp-content\\\/uploads\\\/2021\\\/08\\\/119789643_3439453862758766_9176429353944854770_n.jpeg\",\"width\":1536,\"height\":2048},{\"@type\":\"BreadcrumbList\",\"@id\":\"https:\\\/\\\/myperfectdog.lv\\\/dog-care-walk-service\\\/#breadcrumb\",\"itemListElement\":[{\"@type\":\"ListItem\",\"position\":1,\"name\":\"Home\",\"item\":\"https:\\\/\\\/myperfectdog.lv\\\/\"},{\"@type\":\"ListItem\",\"position\":2,\"name\":\"Dog care service\"}]},{\"@type\":\"WebSite\",\"@id\":\"https:\\\/\\\/myperfectdog.lv\\\/#website\",\"url\":\"https:\\\/\\\/myperfectdog.lv\\\/\",\"name\":\"MyPerfectDog.lv\",\"description\":\"Su\u0146u un saimnieku skola\",\"publisher\":{\"@id\":\"https:\\\/\\\/myperfectdog.lv\\\/#organization\"},\"potentialAction\":[{\"@type\":\"SearchAction\",\"target\":{\"@type\":\"EntryPoint\",\"urlTemplate\":\"https:\\\/\\\/myperfectdog.lv\\\/?s={search_term_string}\"},\"query-input\":{\"@type\":\"PropertyValueSpecification\",\"valueRequired\":true,\"valueName\":\"search_term_string\"}}],\"inLanguage\":\"en-GB\"},{\"@type\":\"Organization\",\"@id\":\"https:\\\/\\\/myperfectdog.lv\\\/#organization\",\"name\":\"Su\u0146u & saimnieku skola \\\"My Perfect Dog\\\"\",\"url\":\"https:\\\/\\\/myperfectdog.lv\\\/\",\"logo\":{\"@type\":\"ImageObject\",\"inLanguage\":\"en-GB\",\"@id\":\"https:\\\/\\\/myperfectdog.lv\\\/#\\\/schema\\\/logo\\\/image\\\/\",\"url\":\"https:\\\/\\\/myperfectdog.lv\\\/wp-content\\\/uploads\\\/2020\\\/10\\\/MyPerfectDog-New-logo_peach_plakans.png\",\"contentUrl\":\"https:\\\/\\\/myperfectdog.lv\\\/wp-content\\\/uploads\\\/2020\\\/10\\\/MyPerfectDog-New-logo_peach_plakans.png\",\"width\":1200,\"height\":636,\"caption\":\"Su\u0146u & saimnieku skola \\\"My Perfect Dog\\\"\"},\"image\":{\"@id\":\"https:\\\/\\\/myperfectdog.lv\\\/#\\\/schema\\\/logo\\\/image\\\/\"}}]}<\/script>\n<!-- \/ Yoast SEO plugin. -->","yoast_head_json":{"title":"Dog care service | MyPerfectDog.lv","description":"Pied\u0101v\u0101jam su\u0146u pieskat\u012b\u0161anu, kad dodaties atva\u013cin\u0101jum\u0101, vai, ja Tavs suns nem\u0101k palikt viens un vi\u0146am nepiecie\u0161ama komp\u0101nija Tavas promb\u016btnes laik\u0101.","robots":{"index":"index","follow":"follow","max-snippet":"max-snippet:-1","max-image-preview":"max-image-preview:large","max-video-preview":"max-video-preview:-1"},"canonical":"https:\/\/myperfectdog.lv\/en\/dog-care-walk-service\/","og_locale":"en_GB","og_type":"article","og_title":"Dog care service | MyPerfectDog.lv","og_description":"Pied\u0101v\u0101jam su\u0146u pieskat\u012b\u0161anu, kad dodaties atva\u013cin\u0101jum\u0101, vai, ja Tavs suns nem\u0101k palikt viens un vi\u0146am nepiecie\u0161ama komp\u0101nija Tavas promb\u016btnes laik\u0101.","og_url":"https:\/\/myperfectdog.lv\/en\/dog-care-walk-service\/","og_site_name":"MyPerfectDog.lv","article_modified_time":"2024-09-11T13:20:24+00:00","og_image":[{"width":1536,"height":2048,"url":"https:\/\/myperfectdog.lv\/wp-content\/uploads\/2021\/08\/119789643_3439453862758766_9176429353944854770_n.jpeg","type":"image\/jpeg"}],"twitter_card":"summary_large_image","twitter_misc":{"Estimated reading time":"4 minutes"},"schema":{"@context":"https:\/\/schema.org","@graph":[{"@type":"WebPage","@id":"https:\/\/myperfectdog.lv\/dog-care-walk-service\/","url":"https:\/\/myperfectdog.lv\/dog-care-walk-service\/","name":"Dog care service | MyPerfectDog.lv","isPartOf":{"@id":"https:\/\/myperfectdog.lv\/#website"},"primaryImageOfPage":{"@id":"https:\/\/myperfectdog.lv\/dog-care-walk-service\/#primaryimage"},"image":{"@id":"https:\/\/myperfectdog.lv\/dog-care-walk-service\/#primaryimage"},"thumbnailUrl":"https:\/\/myperfectdog.lv\/wp-content\/uploads\/2021\/08\/119789643_3439453862758766_9176429353944854770_n.jpeg","datePublished":"2024-01-24T09:21:30+00:00","dateModified":"2024-09-11T13:20:24+00:00","description":"Pied\u0101v\u0101jam su\u0146u pieskat\u012b\u0161anu, kad dodaties atva\u013cin\u0101jum\u0101, vai, ja Tavs suns nem\u0101k palikt viens un vi\u0146am nepiecie\u0161ama komp\u0101nija Tavas promb\u016btnes laik\u0101.","breadcrumb":{"@id":"https:\/\/myperfectdog.lv\/dog-care-walk-service\/#breadcrumb"},"inLanguage":"en-GB","potentialAction":[{"@type":"ReadAction","target":["https:\/\/myperfectdog.lv\/dog-care-walk-service\/"]}]},{"@type":"ImageObject","inLanguage":"en-GB","@id":"https:\/\/myperfectdog.lv\/dog-care-walk-service\/#primaryimage","url":"https:\/\/myperfectdog.lv\/wp-content\/uploads\/2021\/08\/119789643_3439453862758766_9176429353944854770_n.jpeg","contentUrl":"https:\/\/myperfectdog.lv\/wp-content\/uploads\/2021\/08\/119789643_3439453862758766_9176429353944854770_n.jpeg","width":1536,"height":2048},{"@type":"BreadcrumbList","@id":"https:\/\/myperfectdog.lv\/dog-care-walk-service\/#breadcrumb","itemListElement":[{"@type":"ListItem","position":1,"name":"Home","item":"https:\/\/myperfectdog.lv\/"},{"@type":"ListItem","position":2,"name":"Dog care service"}]},{"@type":"WebSite","@id":"https:\/\/myperfectdog.lv\/#website","url":"https:\/\/myperfectdog.lv\/","name":"MyPerfectDog.lv","description":"Su\u0146u un saimnieku skola","publisher":{"@id":"https:\/\/myperfectdog.lv\/#organization"},"potentialAction":[{"@type":"SearchAction","target":{"@type":"EntryPoint","urlTemplate":"https:\/\/myperfectdog.lv\/?s={search_term_string}"},"query-input":{"@type":"PropertyValueSpecification","valueRequired":true,"valueName":"search_term_string"}}],"inLanguage":"en-GB"},{"@type":"Organization","@id":"https:\/\/myperfectdog.lv\/#organization","name":"Su\u0146u & saimnieku skola \"My Perfect Dog\"","url":"https:\/\/myperfectdog.lv\/","logo":{"@type":"ImageObject","inLanguage":"en-GB","@id":"https:\/\/myperfectdog.lv\/#\/schema\/logo\/image\/","url":"https:\/\/myperfectdog.lv\/wp-content\/uploads\/2020\/10\/MyPerfectDog-New-logo_peach_plakans.png","contentUrl":"https:\/\/myperfectdog.lv\/wp-content\/uploads\/2020\/10\/MyPerfectDog-New-logo_peach_plakans.png","width":1200,"height":636,"caption":"Su\u0146u & saimnieku skola \"My Perfect Dog\""},"image":{"@id":"https:\/\/myperfectdog.lv\/#\/schema\/logo\/image\/"}}]}},"jetpack_sharing_enabled":true,"_links":{"self":[{"href":"https:\/\/myperfectdog.lv\/en\/wp-json\/wp\/v2\/pages\/8437","targetHints":{"allow":["GET"]}}],"collection":[{"href":"https:\/\/myperfectdog.lv\/en\/wp-json\/wp\/v2\/pages"}],"about":[{"href":"https:\/\/myperfectdog.lv\/en\/wp-json\/wp\/v2\/types\/page"}],"author":[{"embeddable":true,"href":"https:\/\/myperfectdog.lv\/en\/wp-json\/wp\/v2\/users\/1"}],"replies":[{"embeddable":true,"href":"https:\/\/myperfectdog.lv\/en\/wp-json\/wp\/v2\/comments?post=8437"}],"version-history":[{"count":0,"href":"https:\/\/myperfectdog.lv\/en\/wp-json\/wp\/v2\/pages\/8437\/revisions"}],"wp:featuredmedia":[{"embeddable":true,"href":"https:\/\/myperfectdog.lv\/en\/wp-json\/wp\/v2\/media\/3094"}],"wp:attachment":[{"href":"https:\/\/myperfectdog.lv\/en\/wp-json\/wp\/v2\/media?parent=8437"}],"curies":[{"name":"wp","href":"https:\/\/api.w.org\/{rel}","templated":true}]}}