{"id":8648,"date":"2024-02-09T12:34:56","date_gmt":"2024-02-09T10:34:56","guid":{"rendered":"https:\/\/myperfectdog.lv\/?page_id=8648"},"modified":"2024-08-08T15:56:10","modified_gmt":"2024-08-08T13:56:10","slug":"uzpurni-suniem","status":"publish","type":"page","link":"https:\/\/myperfectdog.lv\/en\/izglitojosi\/uzpurni-suniem\/","title":{"rendered":"Uzpur\u0146i su\u0146iem"},"content":{"rendered":"<a href=\"https:\/\/myperfectdog.lv\/en\/\" target=\"_self\" itemprop=\"url\" rel=\"noopener\">\n\t\t\t\t<img decoding=\"async\" src=\"https:\/\/myperfectdog.lv\/wp-content\/uploads\/2020\/10\/MyPerfectDog-New-logo_peach_plakans.png\" alt=\"MyPerfectDog-New-logo_peach_plakans\" itemprop=\"image\" title=\"MyPerfectDog-New-logo_peach_plakans\" onerror=\"this.style.display='none'\"  \/>\n\t\t\t\t<\/a>\n\t\t\t\t<img decoding=\"async\" src=\"https:\/\/myperfectdog.lv\/wp-content\/uploads\/2020\/10\/MyPerfectDog-New-logo_peach_plakans.png\" alt=\"MyPerfectDog-New-logo_peach_plakans\" itemprop=\"image\" title=\"MyPerfectDog-New-logo_peach_plakans\" onerror=\"this.style.display='none'\"  \/>\n<h2>\n\t\tUzpur\u0146a lieto\u0161ana su\u0146a apm\u0101c\u012bb\u0101 un ikdienas mened\u017ement\u0101\n\t<\/h2>\n\t<p>Uzpurnis ir r\u012bks, kas nepeln\u012bti ieguvis negat\u012bvu slavu un pamat\u0101 tiek asoci\u0113ts ar agres\u012bviem, neapm\u0101c\u012btiem un b\u012bstamiem su\u0146iem. Paties\u012bb\u0101 tas daudz\u0101s situ\u0101cij\u0101s viennoz\u012bm\u012bgi ir sunim draudz\u012bg\u0101kais un \u0113tisk\u0101kais risin\u0101jums, sal\u012bdzinot ar da\u017e\u0101d\u0101m &#8220;korekcijas&#8221; ier\u012bc\u0113m (savelko\u0161aj\u0101m kaklasiksn\u0101m, asaj\u0101m jeb prong kaklasiksn\u0101m, elektro\u0161oka siksn\u0101m u.tml.). At\u0161\u0137ir\u012bb\u0101 no &#8220;korekcijas&#8221; siksn\u0101m, uzpurnis nerada diskomfortu, ja vien ir izv\u0113l\u0113ts sunim atbilsto\u0161s modelis un suns pie uzpur\u0146a ir pieradin\u0101ts. K\u0101 ar\u012b uzpurnis nesniedz negat\u012bvas pieredzes, diskomfortu vai s\u0101pes, k\u0101 to dara augst\u0101kmin\u0113t\u0101s ier\u012bces to izmanto\u0161anas laik\u0101.<\/p>\n<p>\u0160ai rakst\u0101 apskat\u012bsim, k\u0101d\u0101s situ\u0101cij\u0101s uzpurnis var b\u016bt noder\u012bgs un pat ieteicams, k\u0101 ar\u012b to, k\u0101 pareizi pieradin\u0101t suni pie uzpur\u0146a n\u0113s\u0101\u0161anas, lai tas vi\u0146am nerad\u012btu stresu un diskomfortu.<\/p>\n\t\t\t\t<img decoding=\"async\" src=\"https:\/\/myperfectdog.lv\/wp-content\/uploads\/2024\/02\/annie-spratt-rzqecC64d6o-unsplash-scaled.jpg\" alt=\"annie-spratt-rzqecC64d6o-unsplash\" itemprop=\"image\" title=\"annie-spratt-rzqecC64d6o-unsplash\" onerror=\"this.style.display='none'\"  \/>\n<h2>\n\t\tUzpur\u0146a izv\u0113le un su\u0146a pieradin\u0101\u0161ana pie t\u0101 n\u0113s\u0101\u0161anas\n\t<\/h2>\n\t<p>Pirmais priek\u0161nosac\u012bjums, kas j\u0101\u0146em v\u0113r\u0101 &#8211; j\u0101izv\u0113las sunim \u0113rts uzpur\u0146a modelis. Tam j\u0101b\u016bt gana platam, lai suns var\u0113tu atv\u0113rt muti un vajadz\u012bbas gad\u012bjum\u0101 elsot, padzerties, k\u0101 ar\u012b pa\u0146emt saimnieka doto \u0113dienu. Uzpurnis nedr\u012bkst spiest, berzt, aizsegt su\u0146a redzeslauku vai k\u0101d\u0101 cit\u0101 veid\u0101 rad\u012bt sunim diskomfortu. Su\u0146u purnu formas ir \u013coti at\u0161\u0137ir\u012bgas, t\u0101d\u0113\u013c katram sunim piem\u0113rot\u0101kais uzpur\u0146a modelis var nedaudz at\u0161\u0137irties. Ilgsto\u0161ai lieto\u0161anai nek\u0101d\u0101 gad\u012bjum\u0101 neizv\u0113lies uzpurni, kas su\u0146a muti tur ciet &#8211; tas var b\u016bt b\u012bstami su\u0146a vesel\u012bbai un pat dz\u012bv\u012bbai, jo suns, kas nevar atv\u0113rt muti, var \u013coti \u0101tri p\u0101rkarst!\u00a0<\/p>\n<p>Otrais priek\u0161nosac\u012bjums &#8211; suns pie uzpur\u0146a ir j\u0101pieradina pak\u0101peniski. Pat vis\u0113rt\u0101kais uzpurnis sunim var rad\u012bt stresu, ja suns netiek ar to iepaz\u012bstin\u0101ts pamaz\u0101m, b\u016bv\u0113jot pozit\u012bvas asoci\u0101cijas.<\/p>\n<p>Uzzini, k\u0101 pieradin\u0101t suni pie uzpur\u0146a lieto\u0161anas \u0161aj\u0101 video:<\/p>\n\t<iframe loading=\"lazy\" src=\"https:\/\/drive.google.com\/file\/d\/1NZhc6vPsbIAXOFdyDmxuoIebiAw8YQpd\/preview\" width=\"840\" height=\"380\" allow=\"autoplay\"><\/iframe>\n<h2>\n\t\tSitu\u0101cijas, kur\u0101s uzpur\u0146a lieto\u0161ana ir ieteicama vai pat oblig\u0101ta:\n\t<\/h2>\n\t<ul>\n<li aria-level=\"1\"><b>Veterin\u0101r\u0101rsta apmekl\u0113jumi: <\/b>it \u012bpa\u0161i, ja zini, ka sunim \u0101rsta apmekl\u0113jums rada stresu vai ar\u012b ir paredz\u0113tas proced\u016bras, kas potenci\u0101li sunim var rad\u012bt s\u0101pes. Atceries, ka piln\u012bgi vis\u0101m dz\u012bv\u0101m b\u016btn\u0113m s\u0101pju ietekm\u0113 var iesl\u0113gties pa\u0161aizsardz\u012bbas meh\u0101nisms &#8211; pat tiem, kas ikdien\u0101 ir \u013coti draudz\u012bgi un nekad iepriek\u0161 nav izr\u0101d\u012bju\u0161i agresiju. <b>Piln\u012bgi jebkur\u0161 suns var iekost<\/b> un incidentu gad\u012bjum\u0101 par to atbild\u012bba ir j\u0101uz\u0146emas saimniekam.\u00a0<\/li>\n<\/ul>\n\t<ul>\n<li aria-level=\"1\"><b>Suns \u0113d no zemes nev\u0113lamas lietas\/\u0113dienus: <\/b>lai gan pamat\u0101 \u0161\u012b probl\u0113ma ir risin\u0101ma ar apm\u0101c\u012bbu, j\u0101\u0146em v\u0113r\u0101, ka apm\u0101c\u012bbas process aiz\u0146em laiku &#8211; nav iesp\u0113jams pan\u0101kt to, ka suns piln\u012bb\u0101 atsak\u0101s no \u0113\u0161anas no zemes p\u0101ris dienu laik\u0101! Uzpurnis pal\u012bdz\u0113s pasarg\u0101t suni no nev\u0113lamu lietu ap\u0113\u0161anas apm\u0101c\u012bbu laik\u0101. It \u012bpa\u0161i svar\u012bgi tas ir su\u0146iem, kam ir aler\u0123ija vai citas vesel\u012bbas probl\u0113mas, kuru d\u0113\u013c ir stingri j\u0101seko l\u012bdzi tam, lai suns neap\u0113stu neko, iz\u0146emot vi\u0146iem paredz\u0113to bar\u012bbu.\u00a0<\/li>\n<\/ul>\n\t<ul>\n<li aria-level=\"1\"><b>Sabiedriskaj\u0101 transport\u0101:<\/b> daudzviet, tai skait\u0101 Latvij\u0101, sabiedrisk\u0101 transporta lieto\u0161anas noteikumi paredz, ka sunim, neatkar\u012bgi no uzved\u012bbas, ir j\u0101valk\u0101 uzpurnis.\u00a0<\/li>\n<\/ul>\n\t<ul>\n<li aria-level=\"1\"><b>Su\u0146u friz\u0113tavas apmekl\u0113jumi: <\/b>kop\u0161anas proced\u016bras sunim var rad\u012bt bailes un diskomfortu, \u012bpa\u0161i su\u0146iem, kas nav saj\u016bsm\u0101 par da\u017e\u0101diem neierastiem piesk\u0101rieniem \u0137ermenim. Ar\u012b bailes var inici\u0113t su\u0146a ko\u0161anu.\u00a0<\/li>\n<\/ul>\n\t<ul>\n<li aria-level=\"1\"><b>Tavam sunim pat\u012bk sp\u0113l\u0113s ar citiem su\u0146iem daudz kost: <\/b>ja Tavs suns m\u0113dz ar citiem su\u0146iem sp\u0113l\u0113ties p\u0101r\u0101k aizraut\u012bgi, rota\u013c\u0101s daudz ko\u017eot un bie\u017ei aizmirstot kontrol\u0113t ko\u0161anas stiprumu &#8211; ne visi satiktie su\u0146i var justies komfortabli ar \u0161\u0101du sp\u0113les pieeju!<\/li>\n<\/ul>\n\t<ul>\n<li aria-level=\"1\"><b>Izteikts mednieka instinkts:<\/b> ja tavs suns izr\u0101da v\u0113lmi \u0137ert un kost ka\u0137iem, putniem, savva\u013cas zv\u0113riem, uzpur\u0146a lieto\u0161ana pal\u012bdz\u0113s nodro\u0161in\u0101t tik svar\u012bgo neizdo\u0161anos apm\u0101c\u012bbas laik\u0101 (atceries &#8211; suns atk\u0101rto darb\u012bbas, kas izdodas jeb nes v\u0113lamo rezult\u0101tu!), k\u0101 ar\u012b pasarg\u0101s citas dz\u012bv\u0101s b\u016btnes.<\/li>\n<\/ul>\n\t<ul>\n<li aria-level=\"1\"><b>Jebkur\u0101s paaugstin\u0101ta stresa, neikdieni\u0161\u0137\u0101s situ\u0101cij\u0101s: <\/b>suns no stresa un bail\u0113m\/diskomforta var norea\u0123\u0113t ar m\u0113\u0123in\u0101jumu kost jebkuram, kas ir vi\u0146a tuvum\u0101, ar\u012b saimniekam.<\/li>\n<\/ul>\n\t<ul>\n<li aria-level=\"1\"><b>Suns nej\u016btas komfortabli kop\u0101 ar citiem su\u0146iem\/cilv\u0113kiem, m\u0113dz b\u016bt reakt\u012bvs vai pat agres\u012bvs:<\/b> ja Tavs suns v\u0113l nav iem\u0101c\u012bjies veiksm\u012bgi komunic\u0113t ar sve\u0161iem cilv\u0113kiem vai su\u0146iem, bet zini, ka no saskarsmes izvair\u012bties var nesan\u0101kt, uzpurnis ir dro\u0161\u0101kais veids, k\u0101 pasarg\u0101t sevi un savu suni, k\u0101 ar\u012b citus iesaist\u012btos cilv\u0113kus\/dz\u012bvniekus no b\u012bstam\u0101m situ\u0101cij\u0101m.\u00a0<\/li>\n<\/ul>\n\t<ul>\n<li><b>Ja suns ar zobiem \u0137eras dr\u0113b\u0113s, rok\u0101s, k\u0101j\u0101s: <\/b>ar\u012b gad\u012bjumos, ja suns to dara pozit\u012bva satraukuma d\u0113\u013c, Tavs pien\u0101kums ir nodro\u0161in\u0101t, lai suns nerada kait\u0113jumu citiem cilv\u0113kiem.\u00a0\u00a0<\/li>\n<\/ul>\n\t<blockquote><p><b>Atceries &#8211; pat, ja Tev \u0161\u0137iet, ka Tavam sunim pa\u0161laik nav aktu\u0101la uzpur\u0146a lieto\u0161ana, nav iesp\u0113jams prognoz\u0113t to, kad \u0161\u0101da iesp\u0113ja var negaid\u012bti rasties.<\/b> \u0160\u012b iemesla d\u0113\u013c rekomend\u0113jam pieradin\u0101t pie uzpur\u0146a valk\u0101\u0161anas jebkuru suni, lai vajadz\u012bbas gad\u012bjum\u0101 suns \u0161o darb\u012bbu uztvertu mier\u012bgi.\u00a0<\/p>\n<p>K\u0101 ar\u012b <b>uzpur\u0146a lieto\u0161ana neatce\u013c su\u0146a apm\u0101c\u012bbu un su\u0146a ikdienas mened\u017emetu<\/b>, iesp\u0113ju robe\u017e\u0101s nepak\u013caujot suni situ\u0101cij\u0101m, kam vi\u0146\u0161 nav gatavs.\u00a0<\/p><\/blockquote>\n\t<p><strong>Par &#8220;My Perfect Dog&#8221;<\/strong><\/p>\n&#8220;My Perfect Dog&#8221; ir z\u012bmols, kas reprezent\u0113 lieliskas un harmoniskas attiec\u012bbas su\u0146a un saimnieka starp\u0101, kur saimnieks ir izgl\u012btots un zino\u0161s, savuk\u0101rt suns izprasts un atbilsto\u0161i apr\u016bp\u0113ts, socializ\u0113ts un apm\u0101c\u012bts, balstoties uz pret suni \u0113tisku, dabisku un uz motiv\u0101ciju balst\u012btu apm\u0101c\u012bbu.<br \/>\n\n<p> &#8220;My Perfect Dog&#8221; pied\u0101v\u0101 su\u0146u un vi\u0146u saimnieku apm\u0101c\u012bbu, su\u0146u uzved\u012bbas konsult\u0101cijas, socializ\u0101cijas pastaigas su\u0146iem, k\u0101 ar\u012b teor\u0113tiskus un praktiskus semin\u0101rus saimniekiem.<\/p>\n\t<p><strong>Kategorijas<\/strong><\/p>\n<p><a href=\"https:\/\/myperfectdog.lv\/en\/internetveikals\/\">Internetveikals<\/a><\/p>\n<p><a href=\"https:\/\/myperfectdog.lv\/en\/apmacibu-piedavajums\/\">Apm\u0101c\u012bbu pied\u0101v\u0101jums<\/a><\/p>\n<p><a href=\"https:\/\/myperfectdog.lv\/en\/sunu-aukles\/\">Su\u0146u pieskat\u012b\u0161ana un pastaigas<\/a><\/p>\n<p><a href=\"https:\/\/myperfectdog.lv\/en\/izglitojosi-raksti\/\">Izgl\u012btojo\u0161i materi\u0101li<\/a><\/p>\n<p><a href=\"https:\/\/myperfectdog.lv\/en\/kontakti\/\">Kontakti<\/a><\/p>\n<p><a href=\"https:\/\/myperfectdog.lv\/en\/privatuma-politika\/\">Priv\u0101tuma politika<\/a><\/p>\n\t<p><strong>Sazi\u0146ai<\/strong><\/p>\n\t+371 27993370<br \/>\nliga@myperfectdog.lv\n\t<p><strong>Seko &#8220;My Perfect Dog&#8221;<\/strong><\/p>\n\t\t\t\t<img decoding=\"async\" src=\"https:\/\/myperfectdog.lv\/wp-content\/uploads\/2020\/09\/PDTE-Logo2-150x150.png\" alt=\"PDTE-Logo2\" itemprop=\"image\" title=\"PDTE-Logo2\" onerror=\"this.style.display='none'\"  \/>\n\t<p><strong>Par &#8220;My Perfect Dog&#8221;<\/strong><\/p>\n&#8220;My Perfect Dog&#8221; ir z\u012bmols, kas reprezent\u0113 lieliskas un harmoniskas attiec\u012bbas su\u0146a un saimnieka starp\u0101, kur saimnieks ir izgl\u012btots un zino\u0161s, savuk\u0101rt suns izprasts un atbilsto\u0161i apr\u016bp\u0113ts, socializ\u0113ts un apm\u0101c\u012bts, balstoties uz pret suni \u0113tisku, dabisku un uz motiv\u0101ciju balst\u012btu apm\u0101c\u012bbu.<br \/>\n\n<p> &#8220;My Perfect Dog&#8221; pied\u0101v\u0101 su\u0146u un vi\u0146u saimnieku apm\u0101c\u012bbu, su\u0146u uzved\u012bbas konsult\u0101cijas, socializ\u0101cijas pastaigas su\u0146iem, k\u0101 ar\u012b teor\u0113tiskus un praktiskus semin\u0101rus saimniekiem.<\/p>\n\t<p><strong>Sazi\u0146ai<\/strong><\/p>\n\t+371 27993370<br \/>\nliga@myperfectdog.lv\n\t<p><strong>Seko &#8220;My Perfect Dog&#8221;<\/strong><\/p>\n<h5>\n\t\t<a href=\"https:\/\/myperfectdog.lv\/en\/privatuma-politika\/\" title=\"Priv\u0101tuma politika\" target=\"_self\" rel=\"noopener\">\n\t\tPriv\u0101tuma politika\n\t\t<\/a>\n\t<\/h5>","protected":false},"excerpt":{"rendered":"<p>Uzpur\u0146a lieto\u0161ana su\u0146a apm\u0101c\u012bb\u0101 un ikdienas mened\u017ement\u0101 Uzpurnis ir r\u012bks, kas nepeln\u012bti ieguvis negat\u012bvu slavu un pamat\u0101 tiek asoci\u0113ts ar agres\u012bviem, neapm\u0101c\u012btiem un b\u012bstamiem su\u0146iem. Paties\u012bb\u0101 tas daudz\u0101s situ\u0101cij\u0101s viennoz\u012bm\u012bgi ir sunim draudz\u012bg\u0101kais un \u0113tisk\u0101kais risin\u0101jums, sal\u012bdzinot ar da\u017e\u0101d\u0101m &#8220;korekcijas&#8221; ier\u012bc\u0113m (savelko\u0161aj\u0101m kaklasiksn\u0101m, asaj\u0101m jeb prong kaklasiksn\u0101m, elektro\u0161oka siksn\u0101m u.tml.). At\u0161\u0137ir\u012bb\u0101 no &#8220;korekcijas&#8221; siksn\u0101m, uzpurnis&hellip;<\/p>","protected":false},"author":1,"featured_media":0,"parent":2210,"menu_order":1,"comment_status":"closed","ping_status":"closed","template":"","meta":{"footnotes":""},"class_list":["post-8648","page","type-page","status-publish","hentry"],"yoast_head":"<!-- This site is optimized with the Yoast SEO plugin v27.5 - https:\/\/yoast.com\/product\/yoast-seo-wordpress\/ -->\n<title>Uzpur\u0146i su\u0146iem | MyPerfectDog.lv<\/title>\n<meta name=\"robots\" content=\"index, follow, max-snippet:-1, max-image-preview:large, max-video-preview:-1\" \/>\n<link rel=\"canonical\" href=\"https:\/\/myperfectdog.lv\/en\/izglitojosi\/uzpurni-suniem\/\" \/>\n<meta property=\"og:locale\" content=\"en_GB\" \/>\n<meta property=\"og:type\" content=\"article\" \/>\n<meta property=\"og:title\" content=\"Uzpur\u0146i su\u0146iem | MyPerfectDog.lv\" \/>\n<meta property=\"og:description\" content=\"Uzpur\u0146a lieto\u0161ana su\u0146a apm\u0101c\u012bb\u0101 un ikdienas mened\u017ement\u0101 Uzpurnis ir r\u012bks, kas nepeln\u012bti ieguvis negat\u012bvu slavu un pamat\u0101 tiek asoci\u0113ts ar agres\u012bviem, neapm\u0101c\u012btiem un b\u012bstamiem su\u0146iem. Paties\u012bb\u0101 tas daudz\u0101s situ\u0101cij\u0101s viennoz\u012bm\u012bgi ir sunim draudz\u012bg\u0101kais un \u0113tisk\u0101kais risin\u0101jums, sal\u012bdzinot ar da\u017e\u0101d\u0101m &#8220;korekcijas&#8221; ier\u012bc\u0113m (savelko\u0161aj\u0101m kaklasiksn\u0101m, asaj\u0101m jeb prong kaklasiksn\u0101m, elektro\u0161oka siksn\u0101m u.tml.). At\u0161\u0137ir\u012bb\u0101 no &#8220;korekcijas&#8221; siksn\u0101m, uzpurnis&hellip;\" \/>\n<meta property=\"og:url\" content=\"https:\/\/myperfectdog.lv\/en\/izglitojosi\/uzpurni-suniem\/\" \/>\n<meta property=\"og:site_name\" content=\"MyPerfectDog.lv\" \/>\n<meta property=\"article:modified_time\" content=\"2024-08-08T13:56:10+00:00\" \/>\n<meta property=\"og:image\" content=\"https:\/\/myperfectdog.lv\/wp-content\/uploads\/2020\/10\/MyPerfectDog-New-logo_peach_plakans.png\" \/>\n<meta name=\"twitter:card\" content=\"summary_large_image\" \/>\n<meta name=\"twitter:label1\" content=\"Estimated reading time\" \/>\n\t<meta name=\"twitter:data1\" content=\"6 minutes\" \/>\n<script type=\"application\/ld+json\" class=\"yoast-schema-graph\">{\"@context\":\"https:\\\/\\\/schema.org\",\"@graph\":[{\"@type\":\"WebPage\",\"@id\":\"https:\\\/\\\/myperfectdog.lv\\\/izglitojosi\\\/uzpurni-suniem\\\/\",\"url\":\"https:\\\/\\\/myperfectdog.lv\\\/izglitojosi\\\/uzpurni-suniem\\\/\",\"name\":\"Uzpur\u0146i su\u0146iem | MyPerfectDog.lv\",\"isPartOf\":{\"@id\":\"https:\\\/\\\/myperfectdog.lv\\\/#website\"},\"primaryImageOfPage\":{\"@id\":\"https:\\\/\\\/myperfectdog.lv\\\/izglitojosi\\\/uzpurni-suniem\\\/#primaryimage\"},\"image\":{\"@id\":\"https:\\\/\\\/myperfectdog.lv\\\/izglitojosi\\\/uzpurni-suniem\\\/#primaryimage\"},\"thumbnailUrl\":\"https:\\\/\\\/myperfectdog.lv\\\/wp-content\\\/uploads\\\/2020\\\/10\\\/MyPerfectDog-New-logo_peach_plakans.png\",\"datePublished\":\"2024-02-09T10:34:56+00:00\",\"dateModified\":\"2024-08-08T13:56:10+00:00\",\"breadcrumb\":{\"@id\":\"https:\\\/\\\/myperfectdog.lv\\\/izglitojosi\\\/uzpurni-suniem\\\/#breadcrumb\"},\"inLanguage\":\"en-GB\",\"potentialAction\":[{\"@type\":\"ReadAction\",\"target\":[\"https:\\\/\\\/myperfectdog.lv\\\/izglitojosi\\\/uzpurni-suniem\\\/\"]}]},{\"@type\":\"ImageObject\",\"inLanguage\":\"en-GB\",\"@id\":\"https:\\\/\\\/myperfectdog.lv\\\/izglitojosi\\\/uzpurni-suniem\\\/#primaryimage\",\"url\":\"https:\\\/\\\/myperfectdog.lv\\\/wp-content\\\/uploads\\\/2020\\\/10\\\/MyPerfectDog-New-logo_peach_plakans.png\",\"contentUrl\":\"https:\\\/\\\/myperfectdog.lv\\\/wp-content\\\/uploads\\\/2020\\\/10\\\/MyPerfectDog-New-logo_peach_plakans.png\"},{\"@type\":\"BreadcrumbList\",\"@id\":\"https:\\\/\\\/myperfectdog.lv\\\/izglitojosi\\\/uzpurni-suniem\\\/#breadcrumb\",\"itemListElement\":[{\"@type\":\"ListItem\",\"position\":1,\"name\":\"Home\",\"item\":\"https:\\\/\\\/myperfectdog.lv\\\/\"},{\"@type\":\"ListItem\",\"position\":2,\"name\":\"Izgl\u012btojo\u0161i materi\u0101li\",\"item\":\"https:\\\/\\\/myperfectdog.lv\\\/izglitojosi\\\/\"},{\"@type\":\"ListItem\",\"position\":3,\"name\":\"Uzpur\u0146i su\u0146iem\"}]},{\"@type\":\"WebSite\",\"@id\":\"https:\\\/\\\/myperfectdog.lv\\\/#website\",\"url\":\"https:\\\/\\\/myperfectdog.lv\\\/\",\"name\":\"MyPerfectDog.lv\",\"description\":\"Su\u0146u un saimnieku skola\",\"publisher\":{\"@id\":\"https:\\\/\\\/myperfectdog.lv\\\/#organization\"},\"potentialAction\":[{\"@type\":\"SearchAction\",\"target\":{\"@type\":\"EntryPoint\",\"urlTemplate\":\"https:\\\/\\\/myperfectdog.lv\\\/?s={search_term_string}\"},\"query-input\":{\"@type\":\"PropertyValueSpecification\",\"valueRequired\":true,\"valueName\":\"search_term_string\"}}],\"inLanguage\":\"en-GB\"},{\"@type\":\"Organization\",\"@id\":\"https:\\\/\\\/myperfectdog.lv\\\/#organization\",\"name\":\"Su\u0146u & saimnieku skola \\\"My Perfect Dog\\\"\",\"url\":\"https:\\\/\\\/myperfectdog.lv\\\/\",\"logo\":{\"@type\":\"ImageObject\",\"inLanguage\":\"en-GB\",\"@id\":\"https:\\\/\\\/myperfectdog.lv\\\/#\\\/schema\\\/logo\\\/image\\\/\",\"url\":\"https:\\\/\\\/myperfectdog.lv\\\/wp-content\\\/uploads\\\/2020\\\/10\\\/MyPerfectDog-New-logo_peach_plakans.png\",\"contentUrl\":\"https:\\\/\\\/myperfectdog.lv\\\/wp-content\\\/uploads\\\/2020\\\/10\\\/MyPerfectDog-New-logo_peach_plakans.png\",\"width\":1200,\"height\":636,\"caption\":\"Su\u0146u & saimnieku skola \\\"My Perfect Dog\\\"\"},\"image\":{\"@id\":\"https:\\\/\\\/myperfectdog.lv\\\/#\\\/schema\\\/logo\\\/image\\\/\"}}]}<\/script>\n<!-- \/ Yoast SEO plugin. -->","yoast_head_json":{"title":"Uzpur\u0146i su\u0146iem | MyPerfectDog.lv","robots":{"index":"index","follow":"follow","max-snippet":"max-snippet:-1","max-image-preview":"max-image-preview:large","max-video-preview":"max-video-preview:-1"},"canonical":"https:\/\/myperfectdog.lv\/en\/izglitojosi\/uzpurni-suniem\/","og_locale":"en_GB","og_type":"article","og_title":"Uzpur\u0146i su\u0146iem | MyPerfectDog.lv","og_description":"Uzpur\u0146a lieto\u0161ana su\u0146a apm\u0101c\u012bb\u0101 un ikdienas mened\u017ement\u0101 Uzpurnis ir r\u012bks, kas nepeln\u012bti ieguvis negat\u012bvu slavu un pamat\u0101 tiek asoci\u0113ts ar agres\u012bviem, neapm\u0101c\u012btiem un b\u012bstamiem su\u0146iem. Paties\u012bb\u0101 tas daudz\u0101s situ\u0101cij\u0101s viennoz\u012bm\u012bgi ir sunim draudz\u012bg\u0101kais un \u0113tisk\u0101kais risin\u0101jums, sal\u012bdzinot ar da\u017e\u0101d\u0101m &#8220;korekcijas&#8221; ier\u012bc\u0113m (savelko\u0161aj\u0101m kaklasiksn\u0101m, asaj\u0101m jeb prong kaklasiksn\u0101m, elektro\u0161oka siksn\u0101m u.tml.). At\u0161\u0137ir\u012bb\u0101 no &#8220;korekcijas&#8221; siksn\u0101m, uzpurnis&hellip;","og_url":"https:\/\/myperfectdog.lv\/en\/izglitojosi\/uzpurni-suniem\/","og_site_name":"MyPerfectDog.lv","article_modified_time":"2024-08-08T13:56:10+00:00","og_image":[{"url":"https:\/\/myperfectdog.lv\/wp-content\/uploads\/2020\/10\/MyPerfectDog-New-logo_peach_plakans.png","type":"","width":"","height":""}],"twitter_card":"summary_large_image","twitter_misc":{"Estimated reading time":"6 minutes"},"schema":{"@context":"https:\/\/schema.org","@graph":[{"@type":"WebPage","@id":"https:\/\/myperfectdog.lv\/izglitojosi\/uzpurni-suniem\/","url":"https:\/\/myperfectdog.lv\/izglitojosi\/uzpurni-suniem\/","name":"Uzpur\u0146i su\u0146iem | MyPerfectDog.lv","isPartOf":{"@id":"https:\/\/myperfectdog.lv\/#website"},"primaryImageOfPage":{"@id":"https:\/\/myperfectdog.lv\/izglitojosi\/uzpurni-suniem\/#primaryimage"},"image":{"@id":"https:\/\/myperfectdog.lv\/izglitojosi\/uzpurni-suniem\/#primaryimage"},"thumbnailUrl":"https:\/\/myperfectdog.lv\/wp-content\/uploads\/2020\/10\/MyPerfectDog-New-logo_peach_plakans.png","datePublished":"2024-02-09T10:34:56+00:00","dateModified":"2024-08-08T13:56:10+00:00","breadcrumb":{"@id":"https:\/\/myperfectdog.lv\/izglitojosi\/uzpurni-suniem\/#breadcrumb"},"inLanguage":"en-GB","potentialAction":[{"@type":"ReadAction","target":["https:\/\/myperfectdog.lv\/izglitojosi\/uzpurni-suniem\/"]}]},{"@type":"ImageObject","inLanguage":"en-GB","@id":"https:\/\/myperfectdog.lv\/izglitojosi\/uzpurni-suniem\/#primaryimage","url":"https:\/\/myperfectdog.lv\/wp-content\/uploads\/2020\/10\/MyPerfectDog-New-logo_peach_plakans.png","contentUrl":"https:\/\/myperfectdog.lv\/wp-content\/uploads\/2020\/10\/MyPerfectDog-New-logo_peach_plakans.png"},{"@type":"BreadcrumbList","@id":"https:\/\/myperfectdog.lv\/izglitojosi\/uzpurni-suniem\/#breadcrumb","itemListElement":[{"@type":"ListItem","position":1,"name":"Home","item":"https:\/\/myperfectdog.lv\/"},{"@type":"ListItem","position":2,"name":"Izgl\u012btojo\u0161i materi\u0101li","item":"https:\/\/myperfectdog.lv\/izglitojosi\/"},{"@type":"ListItem","position":3,"name":"Uzpur\u0146i su\u0146iem"}]},{"@type":"WebSite","@id":"https:\/\/myperfectdog.lv\/#website","url":"https:\/\/myperfectdog.lv\/","name":"MyPerfectDog.lv","description":"Su\u0146u un saimnieku skola","publisher":{"@id":"https:\/\/myperfectdog.lv\/#organization"},"potentialAction":[{"@type":"SearchAction","target":{"@type":"EntryPoint","urlTemplate":"https:\/\/myperfectdog.lv\/?s={search_term_string}"},"query-input":{"@type":"PropertyValueSpecification","valueRequired":true,"valueName":"search_term_string"}}],"inLanguage":"en-GB"},{"@type":"Organization","@id":"https:\/\/myperfectdog.lv\/#organization","name":"Su\u0146u & saimnieku skola \"My Perfect Dog\"","url":"https:\/\/myperfectdog.lv\/","logo":{"@type":"ImageObject","inLanguage":"en-GB","@id":"https:\/\/myperfectdog.lv\/#\/schema\/logo\/image\/","url":"https:\/\/myperfectdog.lv\/wp-content\/uploads\/2020\/10\/MyPerfectDog-New-logo_peach_plakans.png","contentUrl":"https:\/\/myperfectdog.lv\/wp-content\/uploads\/2020\/10\/MyPerfectDog-New-logo_peach_plakans.png","width":1200,"height":636,"caption":"Su\u0146u & saimnieku skola \"My Perfect Dog\""},"image":{"@id":"https:\/\/myperfectdog.lv\/#\/schema\/logo\/image\/"}}]}},"jetpack_sharing_enabled":true,"_links":{"self":[{"href":"https:\/\/myperfectdog.lv\/en\/wp-json\/wp\/v2\/pages\/8648","targetHints":{"allow":["GET"]}}],"collection":[{"href":"https:\/\/myperfectdog.lv\/en\/wp-json\/wp\/v2\/pages"}],"about":[{"href":"https:\/\/myperfectdog.lv\/en\/wp-json\/wp\/v2\/types\/page"}],"author":[{"embeddable":true,"href":"https:\/\/myperfectdog.lv\/en\/wp-json\/wp\/v2\/users\/1"}],"replies":[{"embeddable":true,"href":"https:\/\/myperfectdog.lv\/en\/wp-json\/wp\/v2\/comments?post=8648"}],"version-history":[{"count":0,"href":"https:\/\/myperfectdog.lv\/en\/wp-json\/wp\/v2\/pages\/8648\/revisions"}],"up":[{"embeddable":true,"href":"https:\/\/myperfectdog.lv\/en\/wp-json\/wp\/v2\/pages\/2210"}],"wp:attachment":[{"href":"https:\/\/myperfectdog.lv\/en\/wp-json\/wp\/v2\/media?parent=8648"}],"curies":[{"name":"wp","href":"https:\/\/api.w.org\/{rel}","templated":true}]}}