{"id":10559,"date":"2025-01-29T20:19:00","date_gmt":"2025-01-29T18:19:00","guid":{"rendered":"https:\/\/myperfectdog.lv\/?post_type=product&#038;p=10559"},"modified":"2025-10-01T15:31:47","modified_gmt":"2025-10-01T13:31:47","slug":"izturigas-pvc-pavadas-pastaigam-un-treniniem","status":"publish","type":"product","link":"https:\/\/myperfectdog.lv\/en\/product\/izturigas-pvc-pavadas-pastaigam-un-treniniem\/","title":{"rendered":"Iztur\u012bg\u0101s PVC pavadas pastaig\u0101m un treni\u0146iem"},"content":{"rendered":"<p>Alum\u012bnija maz\u0101 karab\u012bne ir 16g viegla, 7cm gara un ar 400 kg iztur\u012bbu. Neiestr\u0113gst un pati nejau\u0161i neatveras, ja karab\u012bn\u0113 iek\u013c\u016bst smiltis.<\/p>\n<p>Alum\u012bnija autom\u0101tisk\u0101 karab\u012bne ir 8.6cm gara, 23 g viegla un ar 400kg iztur\u012bbu, neatveras smil\u0161u ietekm\u0113 un nevar atv\u0113rties aiz\u0137eroties zaros vai sp\u0113l\u0113joties ar citiem su\u0146iem. Karab\u012bnei ir autom\u0101tisks aizv\u0113r\u0161an\u0101s meh\u0101nisms, t\u0101 aizskr\u016bv\u0113jas pati! Ja meh\u0101nism\u0101 iek\u013c\u016bst smiltis, j\u0101noskalo ar \u016bdeni.<\/p>\n<p>&nbsp;<\/p>","protected":false},"excerpt":{"rendered":"<p>Iztur\u012bg\u0101s pavadas ir veidotas no PVC p\u0101rkl\u0101juma. Svar\u012bg\u0101kie ieguvumi- liela iztur\u012bba, glud\u0101 materi\u0101la d\u0113\u013c ne\u0137eras zaros un sakn\u0113s, k\u0101 ar\u012b viegla kop\u0161ana- tikai j\u0101noskalo zem teko\u0161a \u016bdens un to var lietot atkal. Nav nepiecie\u0161ams berzt. \u0112rti izmantojama, ja laid suni izskrieties ar visu pavadu.<\/p>\n<p>Izgatavo\u0161anas laiks 2 dienas.<\/p>","protected":false},"featured_media":10788,"comment_status":"closed","ping_status":"closed","template":"","meta":[],"product_brand":[],"product_cat":[47],"product_tag":[],"class_list":{"0":"post-10559","1":"product","2":"type-product","3":"status-publish","4":"has-post-thumbnail","6":"product_cat-pastaigu-aprikojums","8":"first","9":"instock","10":"taxable","11":"shipping-taxable","12":"purchasable","13":"product-type-variable"},"yoast_head":"<!-- This site is optimized with the Yoast SEO plugin v27.5 - https:\/\/yoast.com\/product\/yoast-seo-wordpress\/ -->\n<title>Iztur\u012bg\u0101s PVC pavadas pastaig\u0101m un treni\u0146iem | MyPerfectDog.lv<\/title>\n<meta name=\"robots\" content=\"index, follow, max-snippet:-1, max-image-preview:large, max-video-preview:-1\" \/>\n<link rel=\"canonical\" href=\"https:\/\/myperfectdog.lv\/en\/product\/izturigas-pvc-pavadas-pastaigam-un-treniniem\/\" \/>\n<meta property=\"og:locale\" content=\"en_GB\" \/>\n<meta property=\"og:type\" content=\"article\" \/>\n<meta property=\"og:title\" content=\"Iztur\u012bg\u0101s PVC pavadas pastaig\u0101m un treni\u0146iem | MyPerfectDog.lv\" \/>\n<meta property=\"og:description\" content=\"Iztur\u012bg\u0101s pavadas ir veidotas no PVC p\u0101rkl\u0101juma. Svar\u012bg\u0101kie ieguvumi- liela iztur\u012bba, glud\u0101 materi\u0101la d\u0113\u013c ne\u0137eras zaros un sakn\u0113s, k\u0101 ar\u012b viegla kop\u0161ana- tikai j\u0101noskalo zem teko\u0161a \u016bdens un to var lietot atkal. Nav nepiecie\u0161ams berzt. \u0112rti izmantojama, ja laid suni izskrieties ar visu pavadu.  Izgatavo\u0161anas laiks 2 dienas.\" \/>\n<meta property=\"og:url\" content=\"https:\/\/myperfectdog.lv\/en\/product\/izturigas-pvc-pavadas-pastaigam-un-treniniem\/\" \/>\n<meta property=\"og:site_name\" content=\"MyPerfectDog.lv\" \/>\n<meta property=\"article:modified_time\" content=\"2025-10-01T13:31:47+00:00\" \/>\n<meta property=\"og:image\" content=\"https:\/\/myperfectdog.lv\/wp-content\/uploads\/2025\/01\/cieta-4-scaled.jpg\" \/>\n\t<meta property=\"og:image:width\" content=\"1810\" \/>\n\t<meta property=\"og:image:height\" content=\"2560\" \/>\n\t<meta property=\"og:image:type\" content=\"image\/jpeg\" \/>\n<meta name=\"twitter:card\" content=\"summary_large_image\" \/>\n<meta name=\"twitter:label1\" content=\"Estimated reading time\" \/>\n\t<meta name=\"twitter:data1\" content=\"1 minute\" \/>\n<script type=\"application\/ld+json\" class=\"yoast-schema-graph\">{\"@context\":\"https:\\\/\\\/schema.org\",\"@graph\":[{\"@type\":\"WebPage\",\"@id\":\"https:\\\/\\\/myperfectdog.lv\\\/products\\\/izturigas-pvc-pavadas-pastaigam-un-treniniem\\\/\",\"url\":\"https:\\\/\\\/myperfectdog.lv\\\/products\\\/izturigas-pvc-pavadas-pastaigam-un-treniniem\\\/\",\"name\":\"Iztur\u012bg\u0101s PVC pavadas pastaig\u0101m un treni\u0146iem | MyPerfectDog.lv\",\"isPartOf\":{\"@id\":\"https:\\\/\\\/myperfectdog.lv\\\/#website\"},\"primaryImageOfPage\":{\"@id\":\"https:\\\/\\\/myperfectdog.lv\\\/products\\\/izturigas-pvc-pavadas-pastaigam-un-treniniem\\\/#primaryimage\"},\"image\":{\"@id\":\"https:\\\/\\\/myperfectdog.lv\\\/products\\\/izturigas-pvc-pavadas-pastaigam-un-treniniem\\\/#primaryimage\"},\"thumbnailUrl\":\"https:\\\/\\\/myperfectdog.lv\\\/wp-content\\\/uploads\\\/2025\\\/01\\\/cieta-4-scaled.jpg\",\"datePublished\":\"2025-01-29T18:19:00+00:00\",\"dateModified\":\"2025-10-01T13:31:47+00:00\",\"breadcrumb\":{\"@id\":\"https:\\\/\\\/myperfectdog.lv\\\/products\\\/izturigas-pvc-pavadas-pastaigam-un-treniniem\\\/#breadcrumb\"},\"inLanguage\":\"en-GB\",\"potentialAction\":[{\"@type\":\"ReadAction\",\"target\":[\"https:\\\/\\\/myperfectdog.lv\\\/products\\\/izturigas-pvc-pavadas-pastaigam-un-treniniem\\\/\"]}]},{\"@type\":\"ImageObject\",\"inLanguage\":\"en-GB\",\"@id\":\"https:\\\/\\\/myperfectdog.lv\\\/products\\\/izturigas-pvc-pavadas-pastaigam-un-treniniem\\\/#primaryimage\",\"url\":\"https:\\\/\\\/myperfectdog.lv\\\/wp-content\\\/uploads\\\/2025\\\/01\\\/cieta-4-scaled.jpg\",\"contentUrl\":\"https:\\\/\\\/myperfectdog.lv\\\/wp-content\\\/uploads\\\/2025\\\/01\\\/cieta-4-scaled.jpg\",\"width\":1810,\"height\":2560},{\"@type\":\"BreadcrumbList\",\"@id\":\"https:\\\/\\\/myperfectdog.lv\\\/products\\\/izturigas-pvc-pavadas-pastaigam-un-treniniem\\\/#breadcrumb\",\"itemListElement\":[{\"@type\":\"ListItem\",\"position\":1,\"name\":\"Home\",\"item\":\"https:\\\/\\\/myperfectdog.lv\\\/\"},{\"@type\":\"ListItem\",\"position\":2,\"name\":\"Internetveikals\",\"item\":\"https:\\\/\\\/myperfectdog.lv\\\/internetveikals\\\/\"},{\"@type\":\"ListItem\",\"position\":3,\"name\":\"Iztur\u012bg\u0101s PVC pavadas pastaig\u0101m un treni\u0146iem\"}]},{\"@type\":\"WebSite\",\"@id\":\"https:\\\/\\\/myperfectdog.lv\\\/#website\",\"url\":\"https:\\\/\\\/myperfectdog.lv\\\/\",\"name\":\"MyPerfectDog.lv\",\"description\":\"Su\u0146u un saimnieku skola\",\"publisher\":{\"@id\":\"https:\\\/\\\/myperfectdog.lv\\\/#organization\"},\"potentialAction\":[{\"@type\":\"SearchAction\",\"target\":{\"@type\":\"EntryPoint\",\"urlTemplate\":\"https:\\\/\\\/myperfectdog.lv\\\/?s={search_term_string}\"},\"query-input\":{\"@type\":\"PropertyValueSpecification\",\"valueRequired\":true,\"valueName\":\"search_term_string\"}}],\"inLanguage\":\"en-GB\"},{\"@type\":\"Organization\",\"@id\":\"https:\\\/\\\/myperfectdog.lv\\\/#organization\",\"name\":\"Su\u0146u & saimnieku skola \\\"My Perfect Dog\\\"\",\"url\":\"https:\\\/\\\/myperfectdog.lv\\\/\",\"logo\":{\"@type\":\"ImageObject\",\"inLanguage\":\"en-GB\",\"@id\":\"https:\\\/\\\/myperfectdog.lv\\\/#\\\/schema\\\/logo\\\/image\\\/\",\"url\":\"https:\\\/\\\/myperfectdog.lv\\\/wp-content\\\/uploads\\\/2020\\\/10\\\/MyPerfectDog-New-logo_peach_plakans.png\",\"contentUrl\":\"https:\\\/\\\/myperfectdog.lv\\\/wp-content\\\/uploads\\\/2020\\\/10\\\/MyPerfectDog-New-logo_peach_plakans.png\",\"width\":1200,\"height\":636,\"caption\":\"Su\u0146u & saimnieku skola \\\"My Perfect Dog\\\"\"},\"image\":{\"@id\":\"https:\\\/\\\/myperfectdog.lv\\\/#\\\/schema\\\/logo\\\/image\\\/\"}}]}<\/script>\n<!-- \/ Yoast SEO plugin. -->","yoast_head_json":{"title":"Iztur\u012bg\u0101s PVC pavadas pastaig\u0101m un treni\u0146iem | MyPerfectDog.lv","robots":{"index":"index","follow":"follow","max-snippet":"max-snippet:-1","max-image-preview":"max-image-preview:large","max-video-preview":"max-video-preview:-1"},"canonical":"https:\/\/myperfectdog.lv\/en\/product\/izturigas-pvc-pavadas-pastaigam-un-treniniem\/","og_locale":"en_GB","og_type":"article","og_title":"Iztur\u012bg\u0101s PVC pavadas pastaig\u0101m un treni\u0146iem | MyPerfectDog.lv","og_description":"Iztur\u012bg\u0101s pavadas ir veidotas no PVC p\u0101rkl\u0101juma. Svar\u012bg\u0101kie ieguvumi- liela iztur\u012bba, glud\u0101 materi\u0101la d\u0113\u013c ne\u0137eras zaros un sakn\u0113s, k\u0101 ar\u012b viegla kop\u0161ana- tikai j\u0101noskalo zem teko\u0161a \u016bdens un to var lietot atkal. Nav nepiecie\u0161ams berzt. \u0112rti izmantojama, ja laid suni izskrieties ar visu pavadu.  Izgatavo\u0161anas laiks 2 dienas.","og_url":"https:\/\/myperfectdog.lv\/en\/product\/izturigas-pvc-pavadas-pastaigam-un-treniniem\/","og_site_name":"MyPerfectDog.lv","article_modified_time":"2025-10-01T13:31:47+00:00","og_image":[{"width":1810,"height":2560,"url":"https:\/\/myperfectdog.lv\/wp-content\/uploads\/2025\/01\/cieta-4-scaled.jpg","type":"image\/jpeg"}],"twitter_card":"summary_large_image","twitter_misc":{"Estimated reading time":"1 minute"},"schema":{"@context":"https:\/\/schema.org","@graph":[{"@type":"WebPage","@id":"https:\/\/myperfectdog.lv\/products\/izturigas-pvc-pavadas-pastaigam-un-treniniem\/","url":"https:\/\/myperfectdog.lv\/products\/izturigas-pvc-pavadas-pastaigam-un-treniniem\/","name":"Iztur\u012bg\u0101s PVC pavadas pastaig\u0101m un treni\u0146iem | MyPerfectDog.lv","isPartOf":{"@id":"https:\/\/myperfectdog.lv\/#website"},"primaryImageOfPage":{"@id":"https:\/\/myperfectdog.lv\/products\/izturigas-pvc-pavadas-pastaigam-un-treniniem\/#primaryimage"},"image":{"@id":"https:\/\/myperfectdog.lv\/products\/izturigas-pvc-pavadas-pastaigam-un-treniniem\/#primaryimage"},"thumbnailUrl":"https:\/\/myperfectdog.lv\/wp-content\/uploads\/2025\/01\/cieta-4-scaled.jpg","datePublished":"2025-01-29T18:19:00+00:00","dateModified":"2025-10-01T13:31:47+00:00","breadcrumb":{"@id":"https:\/\/myperfectdog.lv\/products\/izturigas-pvc-pavadas-pastaigam-un-treniniem\/#breadcrumb"},"inLanguage":"en-GB","potentialAction":[{"@type":"ReadAction","target":["https:\/\/myperfectdog.lv\/products\/izturigas-pvc-pavadas-pastaigam-un-treniniem\/"]}]},{"@type":"ImageObject","inLanguage":"en-GB","@id":"https:\/\/myperfectdog.lv\/products\/izturigas-pvc-pavadas-pastaigam-un-treniniem\/#primaryimage","url":"https:\/\/myperfectdog.lv\/wp-content\/uploads\/2025\/01\/cieta-4-scaled.jpg","contentUrl":"https:\/\/myperfectdog.lv\/wp-content\/uploads\/2025\/01\/cieta-4-scaled.jpg","width":1810,"height":2560},{"@type":"BreadcrumbList","@id":"https:\/\/myperfectdog.lv\/products\/izturigas-pvc-pavadas-pastaigam-un-treniniem\/#breadcrumb","itemListElement":[{"@type":"ListItem","position":1,"name":"Home","item":"https:\/\/myperfectdog.lv\/"},{"@type":"ListItem","position":2,"name":"Internetveikals","item":"https:\/\/myperfectdog.lv\/internetveikals\/"},{"@type":"ListItem","position":3,"name":"Iztur\u012bg\u0101s PVC pavadas pastaig\u0101m un treni\u0146iem"}]},{"@type":"WebSite","@id":"https:\/\/myperfectdog.lv\/#website","url":"https:\/\/myperfectdog.lv\/","name":"MyPerfectDog.lv","description":"Su\u0146u un saimnieku skola","publisher":{"@id":"https:\/\/myperfectdog.lv\/#organization"},"potentialAction":[{"@type":"SearchAction","target":{"@type":"EntryPoint","urlTemplate":"https:\/\/myperfectdog.lv\/?s={search_term_string}"},"query-input":{"@type":"PropertyValueSpecification","valueRequired":true,"valueName":"search_term_string"}}],"inLanguage":"en-GB"},{"@type":"Organization","@id":"https:\/\/myperfectdog.lv\/#organization","name":"Su\u0146u & saimnieku skola \"My Perfect Dog\"","url":"https:\/\/myperfectdog.lv\/","logo":{"@type":"ImageObject","inLanguage":"en-GB","@id":"https:\/\/myperfectdog.lv\/#\/schema\/logo\/image\/","url":"https:\/\/myperfectdog.lv\/wp-content\/uploads\/2020\/10\/MyPerfectDog-New-logo_peach_plakans.png","contentUrl":"https:\/\/myperfectdog.lv\/wp-content\/uploads\/2020\/10\/MyPerfectDog-New-logo_peach_plakans.png","width":1200,"height":636,"caption":"Su\u0146u & saimnieku skola \"My Perfect Dog\""},"image":{"@id":"https:\/\/myperfectdog.lv\/#\/schema\/logo\/image\/"}}]}},"jetpack_sharing_enabled":true,"_links":{"self":[{"href":"https:\/\/myperfectdog.lv\/en\/wp-json\/wp\/v2\/product\/10559","targetHints":{"allow":["GET"]}}],"collection":[{"href":"https:\/\/myperfectdog.lv\/en\/wp-json\/wp\/v2\/product"}],"about":[{"href":"https:\/\/myperfectdog.lv\/en\/wp-json\/wp\/v2\/types\/product"}],"replies":[{"embeddable":true,"href":"https:\/\/myperfectdog.lv\/en\/wp-json\/wp\/v2\/comments?post=10559"}],"wp:featuredmedia":[{"embeddable":true,"href":"https:\/\/myperfectdog.lv\/en\/wp-json\/wp\/v2\/media\/10788"}],"wp:attachment":[{"href":"https:\/\/myperfectdog.lv\/en\/wp-json\/wp\/v2\/media?parent=10559"}],"wp:term":[{"taxonomy":"product_brand","embeddable":true,"href":"https:\/\/myperfectdog.lv\/en\/wp-json\/wp\/v2\/product_brand?post=10559"},{"taxonomy":"product_cat","embeddable":true,"href":"https:\/\/myperfectdog.lv\/en\/wp-json\/wp\/v2\/product_cat?post=10559"},{"taxonomy":"product_tag","embeddable":true,"href":"https:\/\/myperfectdog.lv\/en\/wp-json\/wp\/v2\/product_tag?post=10559"}],"curies":[{"name":"wp","href":"https:\/\/api.w.org\/{rel}","templated":true}]}}