{"id":11096,"date":"2025-02-04T07:56:07","date_gmt":"2025-02-04T05:56:07","guid":{"rendered":"https:\/\/myperfectdog.lv\/?post_type=product&#038;p=11096"},"modified":"2026-02-04T13:41:50","modified_gmt":"2026-02-04T11:41:50","slug":"cilveku-meklesanas-trenini-nosework-iekstelpu-trenini","status":"publish","type":"product","link":"https:\/\/myperfectdog.lv\/en\/product\/cilveku-meklesanas-trenini-nosework-iekstelpu-trenini\/","title":{"rendered":"Cilv\u0113ku mekl\u0113\u0161anas treni\u0146i &#038; nosework treni\u0146i"},"content":{"rendered":"","protected":false},"excerpt":{"rendered":"<p>\u0160is b\u016bs Tava su\u0146a m\u012b\u013c\u0101kais treni\u0146\u0161! Apsolam 100%.<br \/>\nTreni\u0146os su\u0146iem \u013caujam str\u0101d\u0101t, izmantojot savu galveno &#8220;darba r\u012bku&#8221; &#8211; degunu, dodoties me\u017e\u0101 mekl\u0113t pasl\u0113pu\u0161os cilv\u0113kus vai iek\u0161telp\u0101s mekl\u0113t naudu.<\/p>","protected":false},"featured_media":11097,"comment_status":"closed","ping_status":"closed","template":"","meta":[],"product_brand":[],"product_cat":[43],"product_tag":[],"class_list":{"0":"post-11096","1":"product","2":"type-product","3":"status-publish","4":"has-post-thumbnail","6":"product_cat-izglitojosi","8":"first","9":"instock","10":"taxable","11":"shipping-taxable","12":"purchasable","13":"product-type-variable"},"yoast_head":"<!-- This site is optimized with the Yoast SEO plugin v27.6 - https:\/\/yoast.com\/product\/yoast-seo-wordpress\/ -->\n<title>Cilv\u0113ku mekl\u0113\u0161anas treni\u0146i &amp; nosework treni\u0146i | MyPerfectDog.lv<\/title>\n<meta name=\"robots\" content=\"index, follow, max-snippet:-1, max-image-preview:large, max-video-preview:-1\" \/>\n<link rel=\"canonical\" href=\"https:\/\/myperfectdog.lv\/en\/product\/cilveku-meklesanas-trenini-nosework-iekstelpu-trenini\/\" \/>\n<meta property=\"og:locale\" content=\"en_GB\" \/>\n<meta property=\"og:type\" content=\"article\" \/>\n<meta property=\"og:title\" content=\"Cilv\u0113ku mekl\u0113\u0161anas treni\u0146i &amp; nosework treni\u0146i | MyPerfectDog.lv\" \/>\n<meta property=\"og:description\" content=\"\u0160is b\u016bs Tava su\u0146a m\u012b\u013c\u0101kais treni\u0146\u0161! Apsolam 100%. Treni\u0146os su\u0146iem \u013caujam str\u0101d\u0101t, izmantojot savu galveno &quot;darba r\u012bku&quot; - degunu, dodoties me\u017e\u0101 mekl\u0113t pasl\u0113pu\u0161os cilv\u0113kus vai iek\u0161telp\u0101s mekl\u0113t naudu.\" \/>\n<meta property=\"og:url\" content=\"https:\/\/myperfectdog.lv\/en\/product\/cilveku-meklesanas-trenini-nosework-iekstelpu-trenini\/\" \/>\n<meta property=\"og:site_name\" content=\"MyPerfectDog.lv\" \/>\n<meta property=\"article:modified_time\" content=\"2026-02-04T11:41:50+00:00\" \/>\n<meta property=\"og:image\" content=\"https:\/\/myperfectdog.lv\/wp-content\/uploads\/2025\/02\/MyPerfectDog-izglitojosi-posti-.jpg\" \/>\n\t<meta property=\"og:image:width\" content=\"1080\" \/>\n\t<meta property=\"og:image:height\" content=\"1080\" \/>\n\t<meta property=\"og:image:type\" content=\"image\/jpeg\" \/>\n<meta name=\"twitter:card\" content=\"summary_large_image\" \/>\n<meta name=\"twitter:label1\" content=\"Estimated reading time\" \/>\n\t<meta name=\"twitter:data1\" content=\"1 minute\" \/>\n<script type=\"application\/ld+json\" class=\"yoast-schema-graph\">{\"@context\":\"https:\\\/\\\/schema.org\",\"@graph\":[{\"@type\":\"WebPage\",\"@id\":\"https:\\\/\\\/myperfectdog.lv\\\/products\\\/cilveku-meklesanas-trenini-nosework-iekstelpu-trenini\\\/\",\"url\":\"https:\\\/\\\/myperfectdog.lv\\\/products\\\/cilveku-meklesanas-trenini-nosework-iekstelpu-trenini\\\/\",\"name\":\"Cilv\u0113ku mekl\u0113\u0161anas treni\u0146i & nosework treni\u0146i | MyPerfectDog.lv\",\"isPartOf\":{\"@id\":\"https:\\\/\\\/myperfectdog.lv\\\/#website\"},\"primaryImageOfPage\":{\"@id\":\"https:\\\/\\\/myperfectdog.lv\\\/products\\\/cilveku-meklesanas-trenini-nosework-iekstelpu-trenini\\\/#primaryimage\"},\"image\":{\"@id\":\"https:\\\/\\\/myperfectdog.lv\\\/products\\\/cilveku-meklesanas-trenini-nosework-iekstelpu-trenini\\\/#primaryimage\"},\"thumbnailUrl\":\"https:\\\/\\\/myperfectdog.lv\\\/wp-content\\\/uploads\\\/2025\\\/02\\\/MyPerfectDog-izglitojosi-posti-.jpg\",\"datePublished\":\"2025-02-04T05:56:07+00:00\",\"dateModified\":\"2026-02-04T11:41:50+00:00\",\"breadcrumb\":{\"@id\":\"https:\\\/\\\/myperfectdog.lv\\\/products\\\/cilveku-meklesanas-trenini-nosework-iekstelpu-trenini\\\/#breadcrumb\"},\"inLanguage\":\"en-GB\",\"potentialAction\":[{\"@type\":\"ReadAction\",\"target\":[\"https:\\\/\\\/myperfectdog.lv\\\/products\\\/cilveku-meklesanas-trenini-nosework-iekstelpu-trenini\\\/\"]}]},{\"@type\":\"ImageObject\",\"inLanguage\":\"en-GB\",\"@id\":\"https:\\\/\\\/myperfectdog.lv\\\/products\\\/cilveku-meklesanas-trenini-nosework-iekstelpu-trenini\\\/#primaryimage\",\"url\":\"https:\\\/\\\/myperfectdog.lv\\\/wp-content\\\/uploads\\\/2025\\\/02\\\/MyPerfectDog-izglitojosi-posti-.jpg\",\"contentUrl\":\"https:\\\/\\\/myperfectdog.lv\\\/wp-content\\\/uploads\\\/2025\\\/02\\\/MyPerfectDog-izglitojosi-posti-.jpg\",\"width\":1080,\"height\":1080},{\"@type\":\"BreadcrumbList\",\"@id\":\"https:\\\/\\\/myperfectdog.lv\\\/products\\\/cilveku-meklesanas-trenini-nosework-iekstelpu-trenini\\\/#breadcrumb\",\"itemListElement\":[{\"@type\":\"ListItem\",\"position\":1,\"name\":\"Home\",\"item\":\"https:\\\/\\\/myperfectdog.lv\\\/\"},{\"@type\":\"ListItem\",\"position\":2,\"name\":\"Internetveikals\",\"item\":\"https:\\\/\\\/myperfectdog.lv\\\/internetveikals\\\/\"},{\"@type\":\"ListItem\",\"position\":3,\"name\":\"Cilv\u0113ku mekl\u0113\u0161anas treni\u0146i &#038; nosework treni\u0146i\"}]},{\"@type\":\"WebSite\",\"@id\":\"https:\\\/\\\/myperfectdog.lv\\\/#website\",\"url\":\"https:\\\/\\\/myperfectdog.lv\\\/\",\"name\":\"MyPerfectDog.lv\",\"description\":\"Su\u0146u un saimnieku skola\",\"publisher\":{\"@id\":\"https:\\\/\\\/myperfectdog.lv\\\/#organization\"},\"potentialAction\":[{\"@type\":\"SearchAction\",\"target\":{\"@type\":\"EntryPoint\",\"urlTemplate\":\"https:\\\/\\\/myperfectdog.lv\\\/?s={search_term_string}\"},\"query-input\":{\"@type\":\"PropertyValueSpecification\",\"valueRequired\":true,\"valueName\":\"search_term_string\"}}],\"inLanguage\":\"en-GB\"},{\"@type\":\"Organization\",\"@id\":\"https:\\\/\\\/myperfectdog.lv\\\/#organization\",\"name\":\"Su\u0146u & saimnieku skola \\\"My Perfect Dog\\\"\",\"url\":\"https:\\\/\\\/myperfectdog.lv\\\/\",\"logo\":{\"@type\":\"ImageObject\",\"inLanguage\":\"en-GB\",\"@id\":\"https:\\\/\\\/myperfectdog.lv\\\/#\\\/schema\\\/logo\\\/image\\\/\",\"url\":\"https:\\\/\\\/myperfectdog.lv\\\/wp-content\\\/uploads\\\/2020\\\/10\\\/MyPerfectDog-New-logo_peach_plakans.png\",\"contentUrl\":\"https:\\\/\\\/myperfectdog.lv\\\/wp-content\\\/uploads\\\/2020\\\/10\\\/MyPerfectDog-New-logo_peach_plakans.png\",\"width\":1200,\"height\":636,\"caption\":\"Su\u0146u & saimnieku skola \\\"My Perfect Dog\\\"\"},\"image\":{\"@id\":\"https:\\\/\\\/myperfectdog.lv\\\/#\\\/schema\\\/logo\\\/image\\\/\"}}]}<\/script>\n<!-- \/ Yoast SEO plugin. -->","yoast_head_json":{"title":"Cilv\u0113ku mekl\u0113\u0161anas treni\u0146i & nosework treni\u0146i | MyPerfectDog.lv","robots":{"index":"index","follow":"follow","max-snippet":"max-snippet:-1","max-image-preview":"max-image-preview:large","max-video-preview":"max-video-preview:-1"},"canonical":"https:\/\/myperfectdog.lv\/en\/product\/cilveku-meklesanas-trenini-nosework-iekstelpu-trenini\/","og_locale":"en_GB","og_type":"article","og_title":"Cilv\u0113ku mekl\u0113\u0161anas treni\u0146i & nosework treni\u0146i | MyPerfectDog.lv","og_description":"\u0160is b\u016bs Tava su\u0146a m\u012b\u013c\u0101kais treni\u0146\u0161! Apsolam 100%. Treni\u0146os su\u0146iem \u013caujam str\u0101d\u0101t, izmantojot savu galveno \"darba r\u012bku\" - degunu, dodoties me\u017e\u0101 mekl\u0113t pasl\u0113pu\u0161os cilv\u0113kus vai iek\u0161telp\u0101s mekl\u0113t naudu.","og_url":"https:\/\/myperfectdog.lv\/en\/product\/cilveku-meklesanas-trenini-nosework-iekstelpu-trenini\/","og_site_name":"MyPerfectDog.lv","article_modified_time":"2026-02-04T11:41:50+00:00","og_image":[{"width":1080,"height":1080,"url":"https:\/\/myperfectdog.lv\/wp-content\/uploads\/2025\/02\/MyPerfectDog-izglitojosi-posti-.jpg","type":"image\/jpeg"}],"twitter_card":"summary_large_image","twitter_misc":{"Estimated reading time":"1 minute"},"schema":{"@context":"https:\/\/schema.org","@graph":[{"@type":"WebPage","@id":"https:\/\/myperfectdog.lv\/products\/cilveku-meklesanas-trenini-nosework-iekstelpu-trenini\/","url":"https:\/\/myperfectdog.lv\/products\/cilveku-meklesanas-trenini-nosework-iekstelpu-trenini\/","name":"Cilv\u0113ku mekl\u0113\u0161anas treni\u0146i & nosework treni\u0146i | MyPerfectDog.lv","isPartOf":{"@id":"https:\/\/myperfectdog.lv\/#website"},"primaryImageOfPage":{"@id":"https:\/\/myperfectdog.lv\/products\/cilveku-meklesanas-trenini-nosework-iekstelpu-trenini\/#primaryimage"},"image":{"@id":"https:\/\/myperfectdog.lv\/products\/cilveku-meklesanas-trenini-nosework-iekstelpu-trenini\/#primaryimage"},"thumbnailUrl":"https:\/\/myperfectdog.lv\/wp-content\/uploads\/2025\/02\/MyPerfectDog-izglitojosi-posti-.jpg","datePublished":"2025-02-04T05:56:07+00:00","dateModified":"2026-02-04T11:41:50+00:00","breadcrumb":{"@id":"https:\/\/myperfectdog.lv\/products\/cilveku-meklesanas-trenini-nosework-iekstelpu-trenini\/#breadcrumb"},"inLanguage":"en-GB","potentialAction":[{"@type":"ReadAction","target":["https:\/\/myperfectdog.lv\/products\/cilveku-meklesanas-trenini-nosework-iekstelpu-trenini\/"]}]},{"@type":"ImageObject","inLanguage":"en-GB","@id":"https:\/\/myperfectdog.lv\/products\/cilveku-meklesanas-trenini-nosework-iekstelpu-trenini\/#primaryimage","url":"https:\/\/myperfectdog.lv\/wp-content\/uploads\/2025\/02\/MyPerfectDog-izglitojosi-posti-.jpg","contentUrl":"https:\/\/myperfectdog.lv\/wp-content\/uploads\/2025\/02\/MyPerfectDog-izglitojosi-posti-.jpg","width":1080,"height":1080},{"@type":"BreadcrumbList","@id":"https:\/\/myperfectdog.lv\/products\/cilveku-meklesanas-trenini-nosework-iekstelpu-trenini\/#breadcrumb","itemListElement":[{"@type":"ListItem","position":1,"name":"Home","item":"https:\/\/myperfectdog.lv\/"},{"@type":"ListItem","position":2,"name":"Internetveikals","item":"https:\/\/myperfectdog.lv\/internetveikals\/"},{"@type":"ListItem","position":3,"name":"Cilv\u0113ku mekl\u0113\u0161anas treni\u0146i &#038; nosework treni\u0146i"}]},{"@type":"WebSite","@id":"https:\/\/myperfectdog.lv\/#website","url":"https:\/\/myperfectdog.lv\/","name":"MyPerfectDog.lv","description":"Su\u0146u un saimnieku skola","publisher":{"@id":"https:\/\/myperfectdog.lv\/#organization"},"potentialAction":[{"@type":"SearchAction","target":{"@type":"EntryPoint","urlTemplate":"https:\/\/myperfectdog.lv\/?s={search_term_string}"},"query-input":{"@type":"PropertyValueSpecification","valueRequired":true,"valueName":"search_term_string"}}],"inLanguage":"en-GB"},{"@type":"Organization","@id":"https:\/\/myperfectdog.lv\/#organization","name":"Su\u0146u & saimnieku skola \"My Perfect Dog\"","url":"https:\/\/myperfectdog.lv\/","logo":{"@type":"ImageObject","inLanguage":"en-GB","@id":"https:\/\/myperfectdog.lv\/#\/schema\/logo\/image\/","url":"https:\/\/myperfectdog.lv\/wp-content\/uploads\/2020\/10\/MyPerfectDog-New-logo_peach_plakans.png","contentUrl":"https:\/\/myperfectdog.lv\/wp-content\/uploads\/2020\/10\/MyPerfectDog-New-logo_peach_plakans.png","width":1200,"height":636,"caption":"Su\u0146u & saimnieku skola \"My Perfect Dog\""},"image":{"@id":"https:\/\/myperfectdog.lv\/#\/schema\/logo\/image\/"}}]}},"jetpack_sharing_enabled":true,"_links":{"self":[{"href":"https:\/\/myperfectdog.lv\/en\/wp-json\/wp\/v2\/product\/11096","targetHints":{"allow":["GET"]}}],"collection":[{"href":"https:\/\/myperfectdog.lv\/en\/wp-json\/wp\/v2\/product"}],"about":[{"href":"https:\/\/myperfectdog.lv\/en\/wp-json\/wp\/v2\/types\/product"}],"replies":[{"embeddable":true,"href":"https:\/\/myperfectdog.lv\/en\/wp-json\/wp\/v2\/comments?post=11096"}],"wp:featuredmedia":[{"embeddable":true,"href":"https:\/\/myperfectdog.lv\/en\/wp-json\/wp\/v2\/media\/11097"}],"wp:attachment":[{"href":"https:\/\/myperfectdog.lv\/en\/wp-json\/wp\/v2\/media?parent=11096"}],"wp:term":[{"taxonomy":"product_brand","embeddable":true,"href":"https:\/\/myperfectdog.lv\/en\/wp-json\/wp\/v2\/product_brand?post=11096"},{"taxonomy":"product_cat","embeddable":true,"href":"https:\/\/myperfectdog.lv\/en\/wp-json\/wp\/v2\/product_cat?post=11096"},{"taxonomy":"product_tag","embeddable":true,"href":"https:\/\/myperfectdog.lv\/en\/wp-json\/wp\/v2\/product_tag?post=11096"}],"curies":[{"name":"wp","href":"https:\/\/api.w.org\/{rel}","templated":true}]}}