{"id":11438,"date":"2025-03-20T07:39:10","date_gmt":"2025-03-20T05:39:10","guid":{"rendered":"https:\/\/myperfectdog.lv\/?post_type=product&#038;p=11438"},"modified":"2025-10-03T20:08:16","modified_gmt":"2025-10-03T18:08:16","slug":"seminars-pirma-palidziba-sunim","status":"publish","type":"product","link":"https:\/\/myperfectdog.lv\/en\/product\/seminars-pirma-palidziba-sunim\/","title":{"rendered":"SEMIN\u0100RS \u201cPIRM\u0100 PAL\u012aDZ\u012aBA SUNIM\u201d"},"content":{"rendered":"<p class=\"p1\"><strong>SATURS:<\/strong><\/p>\n<p><strong><span style=\"color: #ff6600;\">Su\u0146u pirm\u0101s pal\u012bdz\u012bbas apm\u0101c\u012bba: prim\u0101r\u0101s dz\u012bv\u012bbas gl\u0101b\u0161anas prasmes<\/span><\/strong><\/p>\n<p>Veterin\u0101r\u0101rste un su\u0146u uzved\u012bbas speci\u0101liste Anna Lapo\u0161ka pied\u0101v\u0101 ekskluz\u012bvu praktisko pirm\u0101s pal\u012bdz\u012bbas snieg\u0161anas semin\u0101ru su\u0146u \u012bpa\u0161niekiem, kuri v\u0113las b\u016bt gatavi \u0101rk\u0101rtas situ\u0101cij\u0101m.<\/p>\n<p>Tikai vien\u0101 nodarb\u012bb\u0101 j\u016bs uzzin\u0101siet, k\u0101 r\u012bkoties t\u0101d\u0101s izplat\u012bt\u0101s, bet kritisk\u0101s situ\u0101cij\u0101s k\u0101:<\/p>\n<div class=\"fl-module fl-module-rich-text fl-node-67dae44f3e24f\" data-node=\"67dae44f3e24f\">\n<div class=\"fl-module-content fl-node-content\">\n<div class=\"fl-rich-text\">\n<p><strong>1.\u00a0<\/strong><strong>P\u0100RSIE\u0160ANA: <\/strong>K\u0101 pareizi p\u0101rsiet br\u016bces, lai nov\u0113rstu infekciju un veicin\u0101tu dz\u012b\u0161anu.<\/p>\n<div class=\"fl-module fl-module-rich-text fl-node-67dae44f3e251\" data-node=\"67dae44f3e251\">\n<div class=\"fl-module-content fl-node-content\">\n<div class=\"fl-rich-text\">\n<p><strong>2. ASI\u0145O\u0160ANAS KONTROLE: <\/strong>Metodes asi\u0146o\u0161anas aptur\u0113\u0161anai un \u0161oka nov\u0113r\u0161anai.<\/p>\n<div class=\"fl-module fl-module-rich-text fl-node-67dae44f3e253\" data-node=\"67dae44f3e253\">\n<div class=\"fl-module-content fl-node-content\">\n<div class=\"fl-rich-text\">\n<p><strong>3. TRAUMU P\u0100RVALD\u012aBA: <\/strong>K\u0101 r\u012bkoties, ja j\u016bsu suns g\u016bst smagu traumu vai negad\u012bjumu.<\/p>\n<div class=\"fl-module fl-module-rich-text fl-node-67dae44f3e255\" data-node=\"67dae44f3e255\">\n<div class=\"fl-module-content fl-node-content\">\n<div class=\"fl-rich-text\">\n<p><strong>4. \u0122\u012aBONIS:\u00a0 <\/strong>Izpratne par to, k\u0101 r\u012bkoties, kad suns no\u0123\u012bbst un k\u0101 vi\u0146u atdz\u012bvin\u0101t.<\/p>\n<div class=\"fl-module fl-module-rich-text fl-node-67dae73edfbf9\" data-node=\"67dae73edfbf9\">\n<div class=\"fl-module-content fl-node-content\">\n<div class=\"fl-rich-text\">\n<p><strong>5. SIRDS MAS\u0100\u017dA UN ELPIN\u0100\u0160ANA: <\/strong>Dz\u012bv\u012bbas gl\u0101b\u0161anas metodes, lai atjaunotu elpo\u0161anu un asinsriti \u0101rk\u0101rtas situ\u0101cij\u0101s.<\/p>\n<\/div>\n<\/div>\n<\/div>\n<\/div>\n<\/div>\n<\/div>\n<\/div>\n<\/div>\n<\/div>\n<\/div>\n<\/div>\n<\/div>\n<\/div>\n<\/div>\n<\/div>\n<p><strong>K\u0101p\u0113c jums nepiecie\u0161ama \u0161\u012b apm\u0101c\u012bba:<\/strong>\u00a0 \u0100rk\u0101rtas situ\u0101cij\u0101s katra sekunde ir svar\u012bga. Neatkar\u012bgi no t\u0101, vai j\u016bsu suns ir ievainots, cie\u0161 s\u0101pes vai saskaras ar dz\u012bv\u012bbai b\u012bstamu situ\u0101ciju, zinot, k\u0101 r\u012bkoties, var gl\u0101bt J\u016bsu su\u0146a dz\u012bv\u012bbu.<\/p>\n<p>&nbsp;<\/p>","protected":false},"excerpt":{"rendered":"<p><strong>\u0100RK\u0100RTAS SITU\u0100CIJ\u0100S KATRA SEKUNDE IR SVAR\u012aGA!<\/strong><br \/>\nNeatkar\u012bgi no t\u0101, vai Tavs suns ir ievainots, cie\u0161 s\u0101pes vai saskaras ar dz\u012bv\u012bbai b\u012bstamu situ\u0101ciju, Tev zinot, k\u0101 r\u012bkoties, tas var gl\u0101bt Tava su\u0146a dz\u012bv\u012bbu.<\/p>\n<p><strong><span style=\"color: #ff6600;\">\u0160is praktiskais semin\u0101rs sniegs Tev prasmes un zin\u0101\u0161anas, k\u0101 r\u012bkoties \u0101tri un p\u0101rliecino\u0161i!<\/span><\/strong><\/p>\n<p>Semin\u0101rs kl\u0101tien\u0113<\/p>\n<p><b>Kad:<\/b> 13. apr\u012bl\u012b (sv\u0113tdien\u0101)<\/p>\n<p><b>Semin\u0101ra norises laiks:<\/b> plkst. 16:00-19:00<\/p>\n<p><b>Semin\u0101ra norises lok\u0101cija:<\/b><\/p>\n<ul>\n<li>Priedaines iela 11, Pi\u0146\u0137i<\/li>\n<\/ul>\n<p><b>Dal\u012bbas iesp\u0113jas un maksa:<\/b><\/p>\n<ul>\n<li>Kl\u0101tien\u0113 ar suni: <strong>50\u20ac\/1 personai <\/strong><em>(Ierobe\u017eots vietu skaits: 10 dal\u012bbnieki)<\/em><\/li>\n<li>Kl\u0101tien\u0113 bez su\u0146a:<strong> 50\u20ac\/1 personai <\/strong><em>(Ierobe\u017eots vietu skaits: 10 dal\u012bbnieki)<\/em><\/li>\n<\/ul>","protected":false},"featured_media":11445,"comment_status":"closed","ping_status":"closed","template":"","meta":[],"product_brand":[],"product_cat":[43],"product_tag":[],"class_list":{"0":"post-11438","1":"product","2":"type-product","3":"status-publish","4":"has-post-thumbnail","6":"product_cat-izglitojosi","8":"first","9":"outofstock","10":"taxable","11":"shipping-taxable","12":"purchasable","13":"product-type-variable"},"yoast_head":"<!-- This site is optimized with the Yoast SEO plugin v27.5 - https:\/\/yoast.com\/product\/yoast-seo-wordpress\/ -->\n<title>SEMIN\u0100RS \u201cPIRM\u0100 PAL\u012aDZ\u012aBA SUNIM\u201d | MyPerfectDog.lv<\/title>\n<meta name=\"robots\" content=\"index, follow, max-snippet:-1, max-image-preview:large, max-video-preview:-1\" \/>\n<link rel=\"canonical\" href=\"https:\/\/myperfectdog.lv\/en\/product\/seminars-pirma-palidziba-sunim\/\" \/>\n<meta property=\"og:locale\" content=\"en_GB\" \/>\n<meta property=\"og:type\" content=\"article\" \/>\n<meta property=\"og:title\" content=\"SEMIN\u0100RS \u201cPIRM\u0100 PAL\u012aDZ\u012aBA SUNIM\u201d | MyPerfectDog.lv\" \/>\n<meta property=\"og:description\" content=\"\u0100RK\u0100RTAS SITU\u0100CIJ\u0100S KATRA SEKUNDE IR SVAR\u012aGA! Neatkar\u012bgi no t\u0101, vai Tavs suns ir ievainots, cie\u0161 s\u0101pes vai saskaras ar dz\u012bv\u012bbai b\u012bstamu situ\u0101ciju, Tev zinot, k\u0101 r\u012bkoties, tas var gl\u0101bt Tava su\u0146a dz\u012bv\u012bbu.  \u0160is praktiskais semin\u0101rs sniegs Tev prasmes un zin\u0101\u0161anas, k\u0101 r\u012bkoties \u0101tri un p\u0101rliecino\u0161i!  Semin\u0101rs kl\u0101tien\u0113  Kad: 13. apr\u012bl\u012b (sv\u0113tdien\u0101)  Semin\u0101ra norises laiks: plkst. 16:00-19:00  Semin\u0101ra norises lok\u0101cija:   Priedaines iela 11, Pi\u0146\u0137i  Dal\u012bbas iesp\u0113jas un maksa:   Kl\u0101tien\u0113 ar suni: 50\u20ac\/1 personai (Ierobe\u017eots vietu skaits: 10 dal\u012bbnieki)  Kl\u0101tien\u0113 bez su\u0146a: 50\u20ac\/1 personai (Ierobe\u017eots vietu skaits: 10 dal\u012bbnieki)\" \/>\n<meta property=\"og:url\" content=\"https:\/\/myperfectdog.lv\/en\/product\/seminars-pirma-palidziba-sunim\/\" \/>\n<meta property=\"og:site_name\" content=\"MyPerfectDog.lv\" \/>\n<meta property=\"article:modified_time\" content=\"2025-10-03T18:08:16+00:00\" \/>\n<meta property=\"og:image\" content=\"https:\/\/myperfectdog.lv\/wp-content\/uploads\/2025\/03\/MyPerfectDog-nodarbibas-1.jpg\" \/>\n\t<meta property=\"og:image:width\" content=\"1080\" \/>\n\t<meta property=\"og:image:height\" content=\"1080\" \/>\n\t<meta property=\"og:image:type\" content=\"image\/jpeg\" \/>\n<meta name=\"twitter:card\" content=\"summary_large_image\" \/>\n<meta name=\"twitter:label1\" content=\"Estimated reading time\" \/>\n\t<meta name=\"twitter:data1\" content=\"1 minute\" \/>\n<script type=\"application\/ld+json\" class=\"yoast-schema-graph\">{\"@context\":\"https:\\\/\\\/schema.org\",\"@graph\":[{\"@type\":\"WebPage\",\"@id\":\"https:\\\/\\\/myperfectdog.lv\\\/products\\\/seminars-pirma-palidziba-sunim\\\/\",\"url\":\"https:\\\/\\\/myperfectdog.lv\\\/products\\\/seminars-pirma-palidziba-sunim\\\/\",\"name\":\"SEMIN\u0100RS \u201cPIRM\u0100 PAL\u012aDZ\u012aBA SUNIM\u201d | MyPerfectDog.lv\",\"isPartOf\":{\"@id\":\"https:\\\/\\\/myperfectdog.lv\\\/#website\"},\"primaryImageOfPage\":{\"@id\":\"https:\\\/\\\/myperfectdog.lv\\\/products\\\/seminars-pirma-palidziba-sunim\\\/#primaryimage\"},\"image\":{\"@id\":\"https:\\\/\\\/myperfectdog.lv\\\/products\\\/seminars-pirma-palidziba-sunim\\\/#primaryimage\"},\"thumbnailUrl\":\"https:\\\/\\\/myperfectdog.lv\\\/wp-content\\\/uploads\\\/2025\\\/03\\\/MyPerfectDog-nodarbibas-1.jpg\",\"datePublished\":\"2025-03-20T05:39:10+00:00\",\"dateModified\":\"2025-10-03T18:08:16+00:00\",\"breadcrumb\":{\"@id\":\"https:\\\/\\\/myperfectdog.lv\\\/products\\\/seminars-pirma-palidziba-sunim\\\/#breadcrumb\"},\"inLanguage\":\"en-GB\",\"potentialAction\":[{\"@type\":\"ReadAction\",\"target\":[\"https:\\\/\\\/myperfectdog.lv\\\/products\\\/seminars-pirma-palidziba-sunim\\\/\"]}]},{\"@type\":\"ImageObject\",\"inLanguage\":\"en-GB\",\"@id\":\"https:\\\/\\\/myperfectdog.lv\\\/products\\\/seminars-pirma-palidziba-sunim\\\/#primaryimage\",\"url\":\"https:\\\/\\\/myperfectdog.lv\\\/wp-content\\\/uploads\\\/2025\\\/03\\\/MyPerfectDog-nodarbibas-1.jpg\",\"contentUrl\":\"https:\\\/\\\/myperfectdog.lv\\\/wp-content\\\/uploads\\\/2025\\\/03\\\/MyPerfectDog-nodarbibas-1.jpg\",\"width\":1080,\"height\":1080},{\"@type\":\"BreadcrumbList\",\"@id\":\"https:\\\/\\\/myperfectdog.lv\\\/products\\\/seminars-pirma-palidziba-sunim\\\/#breadcrumb\",\"itemListElement\":[{\"@type\":\"ListItem\",\"position\":1,\"name\":\"Home\",\"item\":\"https:\\\/\\\/myperfectdog.lv\\\/\"},{\"@type\":\"ListItem\",\"position\":2,\"name\":\"Internetveikals\",\"item\":\"https:\\\/\\\/myperfectdog.lv\\\/internetveikals\\\/\"},{\"@type\":\"ListItem\",\"position\":3,\"name\":\"SEMIN\u0100RS \u201cPIRM\u0100 PAL\u012aDZ\u012aBA SUNIM\u201d\"}]},{\"@type\":\"WebSite\",\"@id\":\"https:\\\/\\\/myperfectdog.lv\\\/#website\",\"url\":\"https:\\\/\\\/myperfectdog.lv\\\/\",\"name\":\"MyPerfectDog.lv\",\"description\":\"Su\u0146u un saimnieku skola\",\"publisher\":{\"@id\":\"https:\\\/\\\/myperfectdog.lv\\\/#organization\"},\"potentialAction\":[{\"@type\":\"SearchAction\",\"target\":{\"@type\":\"EntryPoint\",\"urlTemplate\":\"https:\\\/\\\/myperfectdog.lv\\\/?s={search_term_string}\"},\"query-input\":{\"@type\":\"PropertyValueSpecification\",\"valueRequired\":true,\"valueName\":\"search_term_string\"}}],\"inLanguage\":\"en-GB\"},{\"@type\":\"Organization\",\"@id\":\"https:\\\/\\\/myperfectdog.lv\\\/#organization\",\"name\":\"Su\u0146u & saimnieku skola \\\"My Perfect Dog\\\"\",\"url\":\"https:\\\/\\\/myperfectdog.lv\\\/\",\"logo\":{\"@type\":\"ImageObject\",\"inLanguage\":\"en-GB\",\"@id\":\"https:\\\/\\\/myperfectdog.lv\\\/#\\\/schema\\\/logo\\\/image\\\/\",\"url\":\"https:\\\/\\\/myperfectdog.lv\\\/wp-content\\\/uploads\\\/2020\\\/10\\\/MyPerfectDog-New-logo_peach_plakans.png\",\"contentUrl\":\"https:\\\/\\\/myperfectdog.lv\\\/wp-content\\\/uploads\\\/2020\\\/10\\\/MyPerfectDog-New-logo_peach_plakans.png\",\"width\":1200,\"height\":636,\"caption\":\"Su\u0146u & saimnieku skola \\\"My Perfect Dog\\\"\"},\"image\":{\"@id\":\"https:\\\/\\\/myperfectdog.lv\\\/#\\\/schema\\\/logo\\\/image\\\/\"}}]}<\/script>\n<!-- \/ Yoast SEO plugin. -->","yoast_head_json":{"title":"SEMIN\u0100RS \u201cPIRM\u0100 PAL\u012aDZ\u012aBA SUNIM\u201d | MyPerfectDog.lv","robots":{"index":"index","follow":"follow","max-snippet":"max-snippet:-1","max-image-preview":"max-image-preview:large","max-video-preview":"max-video-preview:-1"},"canonical":"https:\/\/myperfectdog.lv\/en\/product\/seminars-pirma-palidziba-sunim\/","og_locale":"en_GB","og_type":"article","og_title":"SEMIN\u0100RS \u201cPIRM\u0100 PAL\u012aDZ\u012aBA SUNIM\u201d | MyPerfectDog.lv","og_description":"\u0100RK\u0100RTAS SITU\u0100CIJ\u0100S KATRA SEKUNDE IR SVAR\u012aGA! Neatkar\u012bgi no t\u0101, vai Tavs suns ir ievainots, cie\u0161 s\u0101pes vai saskaras ar dz\u012bv\u012bbai b\u012bstamu situ\u0101ciju, Tev zinot, k\u0101 r\u012bkoties, tas var gl\u0101bt Tava su\u0146a dz\u012bv\u012bbu.  \u0160is praktiskais semin\u0101rs sniegs Tev prasmes un zin\u0101\u0161anas, k\u0101 r\u012bkoties \u0101tri un p\u0101rliecino\u0161i!  Semin\u0101rs kl\u0101tien\u0113  Kad: 13. apr\u012bl\u012b (sv\u0113tdien\u0101)  Semin\u0101ra norises laiks: plkst. 16:00-19:00  Semin\u0101ra norises lok\u0101cija:   Priedaines iela 11, Pi\u0146\u0137i  Dal\u012bbas iesp\u0113jas un maksa:   Kl\u0101tien\u0113 ar suni: 50\u20ac\/1 personai (Ierobe\u017eots vietu skaits: 10 dal\u012bbnieki)  Kl\u0101tien\u0113 bez su\u0146a: 50\u20ac\/1 personai (Ierobe\u017eots vietu skaits: 10 dal\u012bbnieki)","og_url":"https:\/\/myperfectdog.lv\/en\/product\/seminars-pirma-palidziba-sunim\/","og_site_name":"MyPerfectDog.lv","article_modified_time":"2025-10-03T18:08:16+00:00","og_image":[{"width":1080,"height":1080,"url":"https:\/\/myperfectdog.lv\/wp-content\/uploads\/2025\/03\/MyPerfectDog-nodarbibas-1.jpg","type":"image\/jpeg"}],"twitter_card":"summary_large_image","twitter_misc":{"Estimated reading time":"1 minute"},"schema":{"@context":"https:\/\/schema.org","@graph":[{"@type":"WebPage","@id":"https:\/\/myperfectdog.lv\/products\/seminars-pirma-palidziba-sunim\/","url":"https:\/\/myperfectdog.lv\/products\/seminars-pirma-palidziba-sunim\/","name":"SEMIN\u0100RS \u201cPIRM\u0100 PAL\u012aDZ\u012aBA SUNIM\u201d | MyPerfectDog.lv","isPartOf":{"@id":"https:\/\/myperfectdog.lv\/#website"},"primaryImageOfPage":{"@id":"https:\/\/myperfectdog.lv\/products\/seminars-pirma-palidziba-sunim\/#primaryimage"},"image":{"@id":"https:\/\/myperfectdog.lv\/products\/seminars-pirma-palidziba-sunim\/#primaryimage"},"thumbnailUrl":"https:\/\/myperfectdog.lv\/wp-content\/uploads\/2025\/03\/MyPerfectDog-nodarbibas-1.jpg","datePublished":"2025-03-20T05:39:10+00:00","dateModified":"2025-10-03T18:08:16+00:00","breadcrumb":{"@id":"https:\/\/myperfectdog.lv\/products\/seminars-pirma-palidziba-sunim\/#breadcrumb"},"inLanguage":"en-GB","potentialAction":[{"@type":"ReadAction","target":["https:\/\/myperfectdog.lv\/products\/seminars-pirma-palidziba-sunim\/"]}]},{"@type":"ImageObject","inLanguage":"en-GB","@id":"https:\/\/myperfectdog.lv\/products\/seminars-pirma-palidziba-sunim\/#primaryimage","url":"https:\/\/myperfectdog.lv\/wp-content\/uploads\/2025\/03\/MyPerfectDog-nodarbibas-1.jpg","contentUrl":"https:\/\/myperfectdog.lv\/wp-content\/uploads\/2025\/03\/MyPerfectDog-nodarbibas-1.jpg","width":1080,"height":1080},{"@type":"BreadcrumbList","@id":"https:\/\/myperfectdog.lv\/products\/seminars-pirma-palidziba-sunim\/#breadcrumb","itemListElement":[{"@type":"ListItem","position":1,"name":"Home","item":"https:\/\/myperfectdog.lv\/"},{"@type":"ListItem","position":2,"name":"Internetveikals","item":"https:\/\/myperfectdog.lv\/internetveikals\/"},{"@type":"ListItem","position":3,"name":"SEMIN\u0100RS \u201cPIRM\u0100 PAL\u012aDZ\u012aBA SUNIM\u201d"}]},{"@type":"WebSite","@id":"https:\/\/myperfectdog.lv\/#website","url":"https:\/\/myperfectdog.lv\/","name":"MyPerfectDog.lv","description":"Su\u0146u un saimnieku skola","publisher":{"@id":"https:\/\/myperfectdog.lv\/#organization"},"potentialAction":[{"@type":"SearchAction","target":{"@type":"EntryPoint","urlTemplate":"https:\/\/myperfectdog.lv\/?s={search_term_string}"},"query-input":{"@type":"PropertyValueSpecification","valueRequired":true,"valueName":"search_term_string"}}],"inLanguage":"en-GB"},{"@type":"Organization","@id":"https:\/\/myperfectdog.lv\/#organization","name":"Su\u0146u & saimnieku skola \"My Perfect Dog\"","url":"https:\/\/myperfectdog.lv\/","logo":{"@type":"ImageObject","inLanguage":"en-GB","@id":"https:\/\/myperfectdog.lv\/#\/schema\/logo\/image\/","url":"https:\/\/myperfectdog.lv\/wp-content\/uploads\/2020\/10\/MyPerfectDog-New-logo_peach_plakans.png","contentUrl":"https:\/\/myperfectdog.lv\/wp-content\/uploads\/2020\/10\/MyPerfectDog-New-logo_peach_plakans.png","width":1200,"height":636,"caption":"Su\u0146u & saimnieku skola \"My Perfect Dog\""},"image":{"@id":"https:\/\/myperfectdog.lv\/#\/schema\/logo\/image\/"}}]}},"jetpack_sharing_enabled":true,"_links":{"self":[{"href":"https:\/\/myperfectdog.lv\/en\/wp-json\/wp\/v2\/product\/11438","targetHints":{"allow":["GET"]}}],"collection":[{"href":"https:\/\/myperfectdog.lv\/en\/wp-json\/wp\/v2\/product"}],"about":[{"href":"https:\/\/myperfectdog.lv\/en\/wp-json\/wp\/v2\/types\/product"}],"replies":[{"embeddable":true,"href":"https:\/\/myperfectdog.lv\/en\/wp-json\/wp\/v2\/comments?post=11438"}],"wp:featuredmedia":[{"embeddable":true,"href":"https:\/\/myperfectdog.lv\/en\/wp-json\/wp\/v2\/media\/11445"}],"wp:attachment":[{"href":"https:\/\/myperfectdog.lv\/en\/wp-json\/wp\/v2\/media?parent=11438"}],"wp:term":[{"taxonomy":"product_brand","embeddable":true,"href":"https:\/\/myperfectdog.lv\/en\/wp-json\/wp\/v2\/product_brand?post=11438"},{"taxonomy":"product_cat","embeddable":true,"href":"https:\/\/myperfectdog.lv\/en\/wp-json\/wp\/v2\/product_cat?post=11438"},{"taxonomy":"product_tag","embeddable":true,"href":"https:\/\/myperfectdog.lv\/en\/wp-json\/wp\/v2\/product_tag?post=11438"}],"curies":[{"name":"wp","href":"https:\/\/api.w.org\/{rel}","templated":true}]}}