{"id":11588,"date":"2025-04-07T19:20:25","date_gmt":"2025-04-07T17:20:25","guid":{"rendered":"https:\/\/myperfectdog.lv\/?post_type=product&#038;p=11588"},"modified":"2025-11-20T10:41:35","modified_gmt":"2025-11-20T08:41:35","slug":"online-kursi","status":"publish","type":"product","link":"https:\/\/myperfectdog.lv\/en\/product\/online-kursi\/","title":{"rendered":"Online kursi"},"content":{"rendered":"<header><\/header>\n<header class=\"section__headings section__headings___70c22\"><strong>Saturs &#8220;Baud\u0101mas pastaigas ar suni&#8221;\u00a0<\/strong><\/p>\n<ul>\n<li>Ievads<\/li>\n<li>Veiksm\u012bgas pastaigas priek\u0161noteikumi<\/li>\n<li>Koncepti pie k\u0101 Tev un sunim j\u0101str\u0101d\u0101, lai baud\u012btu kop\u012bgas pastaigas<\/li>\n<li>Praktiski uzdevumi, kas veicin\u0101s baud\u0101mas pastaigas ar suni<\/li>\n<li>Nobeiguma v\u0101rdi<\/li>\n<\/ul>\n<p>&nbsp;<\/p>\n<\/header>\n<p><strong>Saturs &#8220;K\u0101 m\u0101c\u012bt sunim ne\u0113st no zemes &amp; galda&#8221;\u00a0<\/strong><\/p>\n<ul>\n<li>Svar\u012bg\u0101kie priek\u0161noteikumi, ko \u0146emt v\u0113r\u0101 pirms praktisk\u0101s da\u013cas!<\/li>\n<li>So\u013ci k\u0101 m\u0101c\u012bt sunim ne\u0113st no zemes<\/li>\n<li>So\u013ci k\u0101 m\u0101c\u012bt sunim dal\u012bties un atdot, vi\u0146apr\u0101t, v\u0113rt\u012bgas lietas \/ \u0113dienus<\/li>\n<li>Bonuss: K\u0101 m\u0101c\u012bt sunim ne\u0113st no galda?<\/li>\n<li>Nobeiguma v\u0101rdi<\/li>\n<\/ul>\n<p>&nbsp;<\/p>\n<p><strong>Saturs &#8221;K\u0101 m\u0101c\u012bt sunim palikt vienam m\u0101j\u0101s &amp; k\u0101 tikt gal\u0101 ar su\u0146a &#8220;at\u0161\u0137irt\u012bbas paniku&#8221;?\u00a0<\/strong><\/p>\n<ul>\n<li>\u00a0Ievads &#8211; kursa saturs<\/li>\n<li>Suns k\u0101 soci\u0101las grupas (bara) dz\u012bvnieks<\/li>\n<li>Kas ir &#8220;at\u0161\u0137irt\u012bbas panika&#8221; un k\u0101das ir t\u0101s paz\u012bmes?<\/li>\n<li>So\u013ci k\u0101 praktiski un sec\u012bgi sunim m\u0101c\u012bt palikt vienam m\u0101j\u0101s<\/li>\n<li>Priek\u0161noteikumi, lai sunim b\u016btu viegl\u0101k palikt vienam pa\u0161am m\u0101j\u0101s<\/li>\n<li>Pirm\u0101 dabisk\u0101 pamatvajadz\u012bba<\/li>\n<li>Otr\u0101 dabisk\u0101 pamatvajadz\u012bba<\/li>\n<li>Tre\u0161\u0101 dabisk\u0101 pamatvajadz\u012bba<\/li>\n<li>Ceturt\u0101 dabisk\u0101 pamatvajadz\u012bba<\/li>\n<li>Piekt\u0101 dabisk\u0101 pamatvajadz\u012bba<\/li>\n<li>Papildus ieteikums<\/li>\n<li>Kopsavilkums<\/li>\n<li>PRAKTISKAIS APM\u0100C\u012aBU VIDEO: Komanda &#8220;Gaidi&#8221;<\/li>\n<li>PRAKTISKS APM\u0100C\u012aBU VIDEO: &#8220;Miers uz paaugstin\u0101juma&#8221;<\/li>\n<\/ul>\n<p>&nbsp;<\/p>\n<p><strong>Saturs &#8220;Pirm\u0101 pal\u012bdz\u012bba sunim&#8221;<\/strong><\/p>\n<ul>\n<li>Pirm\u0101s pal\u012bdz\u012bbas aptieci\u0146a<\/li>\n<li>Saind\u0113\u0161an\u0101s<\/li>\n<li>Aler\u0123iskas reakcijas<\/li>\n<li>Br\u016bces un kodumi<\/li>\n<li>Asi\u0146o\u0161ana un p\u0101rs\u0113ji<\/li>\n<li>Traumas<\/li>\n<li>P\u0101rkar\u0161ana un hipotermija<\/li>\n<li>No\u0123\u012bb\u0161ana un bezsama\u0146a<\/li>\n<li>Reanim\u0101cija<\/li>\n<li>Bie\u017e\u0101k sastopam\u0101s neatliekam\u0101s situ\u0101cijas praks\u0113<\/li>\n<\/ul>\n<p>&nbsp;<\/p>\n<p style=\"padding-left: 40px;\"><strong>Pamata zin\u0101\u0161anas par su\u0146iem!<\/strong><\/p>\n<p>Materi\u0101los ietilpst mape ar teor\u0113tiskajiem vair\u0101kiem video. (Kop\u0113jais video materi\u0101lu garums ~ 5 h)<\/p>\n<p>Video tiek st\u0101st\u012bts par:<\/p>\n<ul>\n<li>Su\u0146u dabiskaj\u0101m pamatvajadz\u012bb\u0101m;<\/li>\n<li>Su\u0146u psiholo\u0123iju;<\/li>\n<li>Apm\u0101c\u012bbas un ikdienas konceptiem;<\/li>\n<li>Su\u0146a audzin\u0101\u0161anu un mened\u017ementu;<\/li>\n<li>Su\u0146u \u0137erme\u0146a valodu \u2013 nomierino\u0161ajiem &amp; stresa, distanci palielino\u0161ajiem un agresijas sign\u0101liem;<\/li>\n<li>Su\u0146u emocij\u0101m &amp; emociju ietekmi uz uzved\u012bbu;<\/li>\n<li>K\u0101 su\u0146i m\u0101c\u0101s un k\u0101das ir visveiksm\u012bg\u0101k\u0101s apm\u0101c\u012bbu metodes.<\/li>\n<\/ul>\n<div><\/div>\n<div class=\"course-curriculum__lesson-title\" style=\"padding-left: 40px;\"><strong>Lekcijas &#8220;Praktiski ieteikumi: veiksm\u012bgam su\u0146a ikdienas mened\u017ementam un apm\u0101c\u012bbai&#8221; ieraksts (pareiza kuc\u0113na socializ\u0101cija)<\/strong><\/div>\n<div>\n<p data-pm-slice=\"1 3 []\"><strong>Lekcij\u0101 Tu uzzin\u0101si:<\/strong><\/p>\n<ul>\n<li>Kas ir kuc\u0113nu socializ\u0101cija?<\/li>\n<li>Pastaigu ekip\u0113jums- k\u0101du izv\u0113l\u0113ties un k\u0101 pieradin\u0101t?<\/li>\n<li>Rokas sign\u0101ls<\/li>\n<li>K\u0101 motiv\u0113t un m\u0101c\u012bt nok\u0101rto\u0161anos \u0101r\u0101<\/li>\n<li>Kur un k\u0101 iek\u0101rtot sunim gu\u013cvietu?<\/li>\n<li>Kas j\u0101zin par \u0113dienu?<\/li>\n<li>Aktivit\u0101tes un sp\u0113l\u0113\u0161an\u0101s ar kuc\u0113nu<\/li>\n<li>K\u0101da ir pirm\u0101 komanda ko prim\u0101ri j\u0101iem\u0101ca sunim?<\/li>\n<li>K\u0101 sunim pateikt, ka vi\u0146\u0161 r\u012bkojas nepareizi?<\/li>\n<li>K\u0101 iem\u0101c\u012bt kuc\u0113nam nekost rok\u0101s, dr\u0113b\u0113s, apavos, pavad\u0101 u.c.<\/li>\n<li>K\u0101 radin\u0101t suni pie brauk\u0161anas ma\u0161\u012bn\u0101?<\/li>\n<\/ul>\n<p><strong>So\u013ci, k\u0101 mazin\u0101t su\u0146a reaktivit\u0101ti pret citiem su\u0146iem, cilv\u0113kiem, transportl\u012bdzek\u013ciem\u00a0<\/strong><\/p>\n<p data-pm-slice=\"1 1 []\">Reakt\u012bva uzved\u012bba (rie\u0161ana, r\u016bk\u0161ana, rau\u0161an\u0101s pie pavadas virs\u016b citiem cilv\u0113kiem, su\u0146iem vai transportl\u012bdzek\u013ciem, vai pat m\u0113\u0123in\u0101\u0161ana iekost) ir \u013coti izplat\u012bta su\u0146u uzved\u012bbas probl\u0113ma, ta\u010du \u2013 t\u0101 ir ar\u012b risin\u0101ma!<\/p>\n<p><strong>Semin\u0101r\u0101 Tu uzzin\u0101si:<\/strong><\/p>\n<ul>\n<li>Kas ir reaktivit\u0101te un k\u0101p\u0113c t\u0101 rodas<\/li>\n<li>K\u0101 struktur\u0113t apm\u0101c\u012bbas t\u0101, lai suns tie\u0161\u0101m k\u013c\u016btu mier\u012bg\u0101ks<\/li>\n<li>K\u0101da ir Tava loma k\u0101 saimniekam \u0161aj\u0101 proces\u0101<\/li>\n<li>5 svar\u012bg\u0101kie faktori, kas j\u0101\u0146em v\u0113r\u0101 un j\u0101\u012bsteno ikdien\u0101, lai reaktivit\u0101ti mazin\u0101tu \/ izskaustu<\/li>\n<li>Praktiski uzdevumi, ko uzreiz vari s\u0101kt pielietot ikdien\u0101<\/li>\n<\/ul>\n<p>Ne\u013cauj su\u0146a reaktivit\u0101tei p\u0101r\u0146emt J\u016bsu kop\u012bg\u0101s pastaigas \u2013 uzzini, ko dar\u012bt, lai suns k\u013c\u016btu mier\u012bgs ap citiem kairin\u0101t\u0101jiem.<\/p>\n<\/div>","protected":false},"excerpt":{"rendered":"<p class=\"x-el x-el-h1 c1-2v c1-2w c1-19 c1-1a c1-7d c1-2k c1-46 c1-1c c1-1d c1-2x c1-7e c1-7f c1-1g c1-7g c1-7h c1-7i c1-7j x-d-ux x-d-aid x-d-route\" data-ux=\"HeroHeading\" data-aid=\"HEADER_TAGLINE_RENDERED\" data-route=\"tagline\">Pied\u0101v\u0101jam su\u0146u saimniekiem noder\u012bgus teor\u0113tiskus un praktiskus online kursus un semin\u0101rus, lai izgl\u012btotu saimniekus, pal\u012bdz\u0113tu izprast su\u0146us, to uzved\u012bbu un vesel\u012bbu, k\u0101 ar\u012b risin\u0101tu k\u0101das probl\u0113msitu\u0101cijas, kas radu\u0161\u0101s sadz\u012bv\u0113 ar suni.<\/p>\n<ol>\n<li>Baud\u0101mas pastaigas ar suni<\/li>\n<li>So\u013ci k\u0101 iem\u0101c\u012bt sunim ne\u0113st no zemes&amp;galda<\/li>\n<li>So\u013ci k\u0101 m\u0101c\u012bt sunim vienam palikt m\u0101j\u0101s<\/li>\n<li>Pirm\u0101 pal\u012bdz\u012bba sunim<\/li>\n<li>Tematiskie video topo\u0161ajiem un eso\u0161ajiem su\u0146u saimniekiem<\/li>\n<li>Praktiski ieteikumi: veiksm\u012bgam su\u0146a ikdienas mened\u017ementam un apm\u0101c\u012bbai &#8211; kuc\u0113nu socializ\u0101cija<\/li>\n<li>So\u013ci, k\u0101 mazin\u0101t su\u0146a reaktivit\u0101ti pret citiem su\u0146iem, cilv\u0113kiem, transportl\u012bdzek\u013ciem<\/li>\n<\/ol>","protected":false},"featured_media":12127,"comment_status":"closed","ping_status":"closed","template":"","meta":[],"product_brand":[],"product_cat":[43],"product_tag":[],"class_list":{"0":"post-11588","1":"product","2":"type-product","3":"status-publish","4":"has-post-thumbnail","6":"product_cat-izglitojosi","8":"first","9":"instock","10":"taxable","11":"shipping-taxable","12":"purchasable","13":"product-type-variable"},"yoast_head":"<!-- This site is optimized with the Yoast SEO plugin v27.5 - https:\/\/yoast.com\/product\/yoast-seo-wordpress\/ -->\n<title>Online kursi | MyPerfectDog.lv<\/title>\n<meta name=\"robots\" content=\"index, follow, max-snippet:-1, max-image-preview:large, max-video-preview:-1\" \/>\n<link rel=\"canonical\" href=\"https:\/\/myperfectdog.lv\/en\/product\/online-kursi\/\" \/>\n<meta property=\"og:locale\" content=\"en_GB\" \/>\n<meta property=\"og:type\" content=\"article\" \/>\n<meta property=\"og:title\" content=\"Online kursi | MyPerfectDog.lv\" \/>\n<meta property=\"og:description\" content=\"Pied\u0101v\u0101jam su\u0146u saimniekiem noder\u012bgus teor\u0113tiskus un praktiskus online kursus un semin\u0101rus, lai izgl\u012btotu saimniekus, pal\u012bdz\u0113tu izprast su\u0146us, to uzved\u012bbu un vesel\u012bbu, k\u0101 ar\u012b risin\u0101tu k\u0101das probl\u0113msitu\u0101cijas, kas radu\u0161\u0101s sadz\u012bv\u0113 ar suni.    Baud\u0101mas pastaigas ar suni  So\u013ci k\u0101 iem\u0101c\u012bt sunim ne\u0113st no zemes&amp;galda  So\u013ci k\u0101 m\u0101c\u012bt sunim vienam palikt m\u0101j\u0101s  Pirm\u0101 pal\u012bdz\u012bba sunim  Tematiskie video topo\u0161ajiem un eso\u0161ajiem su\u0146u saimniekiem  Praktiski ieteikumi: veiksm\u012bgam su\u0146a ikdienas mened\u017ementam un apm\u0101c\u012bbai - kuc\u0113nu socializ\u0101cija  So\u013ci, k\u0101 mazin\u0101t su\u0146a reaktivit\u0101ti pret citiem su\u0146iem, cilv\u0113kiem, transportl\u012bdzek\u013ciem\" \/>\n<meta property=\"og:url\" content=\"https:\/\/myperfectdog.lv\/en\/product\/online-kursi\/\" \/>\n<meta property=\"og:site_name\" content=\"MyPerfectDog.lv\" \/>\n<meta property=\"article:modified_time\" content=\"2025-11-20T08:41:35+00:00\" \/>\n<meta property=\"og:image\" content=\"https:\/\/myperfectdog.lv\/wp-content\/uploads\/2025\/04\/unnamed-scaled.jpg\" \/>\n\t<meta property=\"og:image:width\" content=\"1439\" \/>\n\t<meta property=\"og:image:height\" content=\"2560\" \/>\n\t<meta property=\"og:image:type\" content=\"image\/jpeg\" \/>\n<meta name=\"twitter:card\" content=\"summary_large_image\" \/>\n<meta name=\"twitter:label1\" content=\"Estimated reading time\" \/>\n\t<meta name=\"twitter:data1\" content=\"3 minutes\" \/>\n<script type=\"application\/ld+json\" class=\"yoast-schema-graph\">{\"@context\":\"https:\\\/\\\/schema.org\",\"@graph\":[{\"@type\":\"WebPage\",\"@id\":\"https:\\\/\\\/myperfectdog.lv\\\/products\\\/online-kursi\\\/\",\"url\":\"https:\\\/\\\/myperfectdog.lv\\\/products\\\/online-kursi\\\/\",\"name\":\"Online kursi | MyPerfectDog.lv\",\"isPartOf\":{\"@id\":\"https:\\\/\\\/myperfectdog.lv\\\/#website\"},\"primaryImageOfPage\":{\"@id\":\"https:\\\/\\\/myperfectdog.lv\\\/products\\\/online-kursi\\\/#primaryimage\"},\"image\":{\"@id\":\"https:\\\/\\\/myperfectdog.lv\\\/products\\\/online-kursi\\\/#primaryimage\"},\"thumbnailUrl\":\"https:\\\/\\\/myperfectdog.lv\\\/wp-content\\\/uploads\\\/2025\\\/04\\\/unnamed-scaled.jpg\",\"datePublished\":\"2025-04-07T17:20:25+00:00\",\"dateModified\":\"2025-11-20T08:41:35+00:00\",\"breadcrumb\":{\"@id\":\"https:\\\/\\\/myperfectdog.lv\\\/products\\\/online-kursi\\\/#breadcrumb\"},\"inLanguage\":\"en-GB\",\"potentialAction\":[{\"@type\":\"ReadAction\",\"target\":[\"https:\\\/\\\/myperfectdog.lv\\\/products\\\/online-kursi\\\/\"]}]},{\"@type\":\"ImageObject\",\"inLanguage\":\"en-GB\",\"@id\":\"https:\\\/\\\/myperfectdog.lv\\\/products\\\/online-kursi\\\/#primaryimage\",\"url\":\"https:\\\/\\\/myperfectdog.lv\\\/wp-content\\\/uploads\\\/2025\\\/04\\\/unnamed-scaled.jpg\",\"contentUrl\":\"https:\\\/\\\/myperfectdog.lv\\\/wp-content\\\/uploads\\\/2025\\\/04\\\/unnamed-scaled.jpg\",\"width\":1439,\"height\":2560},{\"@type\":\"BreadcrumbList\",\"@id\":\"https:\\\/\\\/myperfectdog.lv\\\/products\\\/online-kursi\\\/#breadcrumb\",\"itemListElement\":[{\"@type\":\"ListItem\",\"position\":1,\"name\":\"Home\",\"item\":\"https:\\\/\\\/myperfectdog.lv\\\/\"},{\"@type\":\"ListItem\",\"position\":2,\"name\":\"Internetveikals\",\"item\":\"https:\\\/\\\/myperfectdog.lv\\\/internetveikals\\\/\"},{\"@type\":\"ListItem\",\"position\":3,\"name\":\"Online kursi\"}]},{\"@type\":\"WebSite\",\"@id\":\"https:\\\/\\\/myperfectdog.lv\\\/#website\",\"url\":\"https:\\\/\\\/myperfectdog.lv\\\/\",\"name\":\"MyPerfectDog.lv\",\"description\":\"Su\u0146u un saimnieku skola\",\"publisher\":{\"@id\":\"https:\\\/\\\/myperfectdog.lv\\\/#organization\"},\"potentialAction\":[{\"@type\":\"SearchAction\",\"target\":{\"@type\":\"EntryPoint\",\"urlTemplate\":\"https:\\\/\\\/myperfectdog.lv\\\/?s={search_term_string}\"},\"query-input\":{\"@type\":\"PropertyValueSpecification\",\"valueRequired\":true,\"valueName\":\"search_term_string\"}}],\"inLanguage\":\"en-GB\"},{\"@type\":\"Organization\",\"@id\":\"https:\\\/\\\/myperfectdog.lv\\\/#organization\",\"name\":\"Su\u0146u & saimnieku skola \\\"My Perfect Dog\\\"\",\"url\":\"https:\\\/\\\/myperfectdog.lv\\\/\",\"logo\":{\"@type\":\"ImageObject\",\"inLanguage\":\"en-GB\",\"@id\":\"https:\\\/\\\/myperfectdog.lv\\\/#\\\/schema\\\/logo\\\/image\\\/\",\"url\":\"https:\\\/\\\/myperfectdog.lv\\\/wp-content\\\/uploads\\\/2020\\\/10\\\/MyPerfectDog-New-logo_peach_plakans.png\",\"contentUrl\":\"https:\\\/\\\/myperfectdog.lv\\\/wp-content\\\/uploads\\\/2020\\\/10\\\/MyPerfectDog-New-logo_peach_plakans.png\",\"width\":1200,\"height\":636,\"caption\":\"Su\u0146u & saimnieku skola \\\"My Perfect Dog\\\"\"},\"image\":{\"@id\":\"https:\\\/\\\/myperfectdog.lv\\\/#\\\/schema\\\/logo\\\/image\\\/\"}}]}<\/script>\n<!-- \/ Yoast SEO plugin. -->","yoast_head_json":{"title":"Online kursi | MyPerfectDog.lv","robots":{"index":"index","follow":"follow","max-snippet":"max-snippet:-1","max-image-preview":"max-image-preview:large","max-video-preview":"max-video-preview:-1"},"canonical":"https:\/\/myperfectdog.lv\/en\/product\/online-kursi\/","og_locale":"en_GB","og_type":"article","og_title":"Online kursi | MyPerfectDog.lv","og_description":"Pied\u0101v\u0101jam su\u0146u saimniekiem noder\u012bgus teor\u0113tiskus un praktiskus online kursus un semin\u0101rus, lai izgl\u012btotu saimniekus, pal\u012bdz\u0113tu izprast su\u0146us, to uzved\u012bbu un vesel\u012bbu, k\u0101 ar\u012b risin\u0101tu k\u0101das probl\u0113msitu\u0101cijas, kas radu\u0161\u0101s sadz\u012bv\u0113 ar suni.    Baud\u0101mas pastaigas ar suni  So\u013ci k\u0101 iem\u0101c\u012bt sunim ne\u0113st no zemes&amp;galda  So\u013ci k\u0101 m\u0101c\u012bt sunim vienam palikt m\u0101j\u0101s  Pirm\u0101 pal\u012bdz\u012bba sunim  Tematiskie video topo\u0161ajiem un eso\u0161ajiem su\u0146u saimniekiem  Praktiski ieteikumi: veiksm\u012bgam su\u0146a ikdienas mened\u017ementam un apm\u0101c\u012bbai - kuc\u0113nu socializ\u0101cija  So\u013ci, k\u0101 mazin\u0101t su\u0146a reaktivit\u0101ti pret citiem su\u0146iem, cilv\u0113kiem, transportl\u012bdzek\u013ciem","og_url":"https:\/\/myperfectdog.lv\/en\/product\/online-kursi\/","og_site_name":"MyPerfectDog.lv","article_modified_time":"2025-11-20T08:41:35+00:00","og_image":[{"width":1439,"height":2560,"url":"https:\/\/myperfectdog.lv\/wp-content\/uploads\/2025\/04\/unnamed-scaled.jpg","type":"image\/jpeg"}],"twitter_card":"summary_large_image","twitter_misc":{"Estimated reading time":"3 minutes"},"schema":{"@context":"https:\/\/schema.org","@graph":[{"@type":"WebPage","@id":"https:\/\/myperfectdog.lv\/products\/online-kursi\/","url":"https:\/\/myperfectdog.lv\/products\/online-kursi\/","name":"Online kursi | MyPerfectDog.lv","isPartOf":{"@id":"https:\/\/myperfectdog.lv\/#website"},"primaryImageOfPage":{"@id":"https:\/\/myperfectdog.lv\/products\/online-kursi\/#primaryimage"},"image":{"@id":"https:\/\/myperfectdog.lv\/products\/online-kursi\/#primaryimage"},"thumbnailUrl":"https:\/\/myperfectdog.lv\/wp-content\/uploads\/2025\/04\/unnamed-scaled.jpg","datePublished":"2025-04-07T17:20:25+00:00","dateModified":"2025-11-20T08:41:35+00:00","breadcrumb":{"@id":"https:\/\/myperfectdog.lv\/products\/online-kursi\/#breadcrumb"},"inLanguage":"en-GB","potentialAction":[{"@type":"ReadAction","target":["https:\/\/myperfectdog.lv\/products\/online-kursi\/"]}]},{"@type":"ImageObject","inLanguage":"en-GB","@id":"https:\/\/myperfectdog.lv\/products\/online-kursi\/#primaryimage","url":"https:\/\/myperfectdog.lv\/wp-content\/uploads\/2025\/04\/unnamed-scaled.jpg","contentUrl":"https:\/\/myperfectdog.lv\/wp-content\/uploads\/2025\/04\/unnamed-scaled.jpg","width":1439,"height":2560},{"@type":"BreadcrumbList","@id":"https:\/\/myperfectdog.lv\/products\/online-kursi\/#breadcrumb","itemListElement":[{"@type":"ListItem","position":1,"name":"Home","item":"https:\/\/myperfectdog.lv\/"},{"@type":"ListItem","position":2,"name":"Internetveikals","item":"https:\/\/myperfectdog.lv\/internetveikals\/"},{"@type":"ListItem","position":3,"name":"Online kursi"}]},{"@type":"WebSite","@id":"https:\/\/myperfectdog.lv\/#website","url":"https:\/\/myperfectdog.lv\/","name":"MyPerfectDog.lv","description":"Su\u0146u un saimnieku skola","publisher":{"@id":"https:\/\/myperfectdog.lv\/#organization"},"potentialAction":[{"@type":"SearchAction","target":{"@type":"EntryPoint","urlTemplate":"https:\/\/myperfectdog.lv\/?s={search_term_string}"},"query-input":{"@type":"PropertyValueSpecification","valueRequired":true,"valueName":"search_term_string"}}],"inLanguage":"en-GB"},{"@type":"Organization","@id":"https:\/\/myperfectdog.lv\/#organization","name":"Su\u0146u & saimnieku skola \"My Perfect Dog\"","url":"https:\/\/myperfectdog.lv\/","logo":{"@type":"ImageObject","inLanguage":"en-GB","@id":"https:\/\/myperfectdog.lv\/#\/schema\/logo\/image\/","url":"https:\/\/myperfectdog.lv\/wp-content\/uploads\/2020\/10\/MyPerfectDog-New-logo_peach_plakans.png","contentUrl":"https:\/\/myperfectdog.lv\/wp-content\/uploads\/2020\/10\/MyPerfectDog-New-logo_peach_plakans.png","width":1200,"height":636,"caption":"Su\u0146u & saimnieku skola \"My Perfect Dog\""},"image":{"@id":"https:\/\/myperfectdog.lv\/#\/schema\/logo\/image\/"}}]}},"jetpack_sharing_enabled":true,"_links":{"self":[{"href":"https:\/\/myperfectdog.lv\/en\/wp-json\/wp\/v2\/product\/11588","targetHints":{"allow":["GET"]}}],"collection":[{"href":"https:\/\/myperfectdog.lv\/en\/wp-json\/wp\/v2\/product"}],"about":[{"href":"https:\/\/myperfectdog.lv\/en\/wp-json\/wp\/v2\/types\/product"}],"replies":[{"embeddable":true,"href":"https:\/\/myperfectdog.lv\/en\/wp-json\/wp\/v2\/comments?post=11588"}],"wp:featuredmedia":[{"embeddable":true,"href":"https:\/\/myperfectdog.lv\/en\/wp-json\/wp\/v2\/media\/12127"}],"wp:attachment":[{"href":"https:\/\/myperfectdog.lv\/en\/wp-json\/wp\/v2\/media?parent=11588"}],"wp:term":[{"taxonomy":"product_brand","embeddable":true,"href":"https:\/\/myperfectdog.lv\/en\/wp-json\/wp\/v2\/product_brand?post=11588"},{"taxonomy":"product_cat","embeddable":true,"href":"https:\/\/myperfectdog.lv\/en\/wp-json\/wp\/v2\/product_cat?post=11588"},{"taxonomy":"product_tag","embeddable":true,"href":"https:\/\/myperfectdog.lv\/en\/wp-json\/wp\/v2\/product_tag?post=11588"}],"curies":[{"name":"wp","href":"https:\/\/api.w.org\/{rel}","templated":true}]}}