{"id":11794,"date":"2025-05-15T08:16:19","date_gmt":"2025-05-15T06:16:19","guid":{"rendered":"https:\/\/myperfectdog.lv\/?post_type=product&#038;p=11794"},"modified":"2025-10-03T20:06:54","modified_gmt":"2025-10-03T18:06:54","slug":"my-perfect-dog-cempionats","status":"publish","type":"product","link":"https:\/\/myperfectdog.lv\/en\/product\/my-perfect-dog-cempionats\/","title":{"rendered":"&#8220;My Perfect Dog&#8221; \u010dempion\u0101ts"},"content":{"rendered":"","protected":false},"excerpt":{"rendered":"<p><b>Kad:\u00a0<\/b>31. maijs (sestdiena)<\/p>\n<p><b>Semin\u0101ra norises laiks:<\/b> plkst. 9:30-15:30<\/p>\n<p><b>Lok\u0101cijas:<\/b><\/p>\n<ul>\n<li>Net\u0101lu no Bo\u017eu \u016bdenskr\u0101tuves <span style=\"color: #003366;\"><a style=\"color: #003366;\" href=\"https:\/\/maps.app.goo.gl\/qZLFCXUUcKUV4xaH6?g_st=com.google.maps.preview.copy\">https:\/\/maps.app.goo.gl\/qZLFCXUUcKUV4xaH6?g_st=com.google.maps.preview.copy<\/a><\/span><\/li>\n<\/ul>\n<p><b>Dal\u012bbas maksa:<\/b><\/p>\n<ul>\n<li><strong>15\u20ac\u00a0 <\/strong>1 discipl\u012bna<\/li>\n<li><strong>20\u20ac\u00a0 <\/strong>2 discipl\u012bnas<\/li>\n<li><strong>25\u20ac\u00a0 <\/strong>3 discipl\u012bnas<\/li>\n<\/ul>\n<p>&#8220;My Perfect Dog&#8221; \u010dempion\u0101t\u0101 ir iesp\u0113ja pieteikties \u0161\u0101d\u0101s discipl\u012bn\u0101s-<\/p>\n<ul>\n<li>Cilv\u0113ku mekl\u0113\u0161ana <span style=\"color: #000080;\"><a style=\"color: #000080;\" href=\"https:\/\/update.myperfectdog.lv\/widget\/bookings\/cempionats-cilveku-meklesana\">https:\/\/update.myperfectdog.lv\/widget\/bookings\/cempionats-cilveku-meklesana<\/a><\/span><\/li>\n<li>Paklaus\u012bbas trase <span style=\"color: #003366;\"><a style=\"color: #003366;\" href=\"https:\/\/update.myperfectdog.lv\/widget\/bookings\/cempionats-paklausibas-trase\">https:\/\/update.myperfectdog.lv\/widget\/bookings\/cempionats-paklausibas-trase<\/a><\/span><\/li>\n<li>Naudas mekl\u0113\u0161ana<span style=\"color: #003366;\"> <a style=\"color: #003366;\" href=\"https:\/\/update.myperfectdog.lv\/widget\/bookings\/cempionats-naudas-meklesana\">https:\/\/update.myperfectdog.lv\/widget\/bookings\/cempionats-naudas-meklesana<\/a><\/span><\/li>\n<\/ul>","protected":false},"featured_media":11798,"comment_status":"closed","ping_status":"closed","template":"","meta":[],"product_brand":[],"product_cat":[43],"product_tag":[],"class_list":{"0":"post-11794","1":"product","2":"type-product","3":"status-publish","4":"has-post-thumbnail","6":"product_cat-izglitojosi","8":"first","9":"instock","10":"taxable","11":"shipping-taxable","12":"purchasable","13":"product-type-variable"},"yoast_head":"<!-- This site is optimized with the Yoast SEO plugin v27.5 - https:\/\/yoast.com\/product\/yoast-seo-wordpress\/ -->\n<title>&quot;My Perfect Dog&quot; \u010dempion\u0101ts | MyPerfectDog.lv<\/title>\n<meta name=\"robots\" content=\"index, follow, max-snippet:-1, max-image-preview:large, max-video-preview:-1\" \/>\n<link rel=\"canonical\" href=\"https:\/\/myperfectdog.lv\/en\/product\/my-perfect-dog-cempionats\/\" \/>\n<meta property=\"og:locale\" content=\"en_GB\" \/>\n<meta property=\"og:type\" content=\"article\" \/>\n<meta property=\"og:title\" content=\"&quot;My Perfect Dog&quot; \u010dempion\u0101ts | MyPerfectDog.lv\" \/>\n<meta property=\"og:description\" content=\"Kad:\u00a031. maijs (sestdiena)  Semin\u0101ra norises laiks: plkst. 9:30-15:30  Lok\u0101cijas:   Net\u0101lu no Bo\u017eu \u016bdenskr\u0101tuves https:\/\/maps.app.goo.gl\/qZLFCXUUcKUV4xaH6?g_st=com.google.maps.preview.copy  Dal\u012bbas maksa:   15\u20ac\u00a0 1 discipl\u012bna  20\u20ac\u00a0 2 discipl\u012bnas  25\u20ac\u00a0 3 discipl\u012bnas  &quot;My Perfect Dog&quot; \u010dempion\u0101t\u0101 ir iesp\u0113ja pieteikties \u0161\u0101d\u0101s discipl\u012bn\u0101s-   Cilv\u0113ku mekl\u0113\u0161ana https:\/\/update.myperfectdog.lv\/widget\/bookings\/cempionats-cilveku-meklesana  Paklaus\u012bbas trase https:\/\/update.myperfectdog.lv\/widget\/bookings\/cempionats-paklausibas-trase  Naudas mekl\u0113\u0161ana https:\/\/update.myperfectdog.lv\/widget\/bookings\/cempionats-naudas-meklesana\" \/>\n<meta property=\"og:url\" content=\"https:\/\/myperfectdog.lv\/en\/product\/my-perfect-dog-cempionats\/\" \/>\n<meta property=\"og:site_name\" content=\"MyPerfectDog.lv\" \/>\n<meta property=\"article:modified_time\" content=\"2025-10-03T18:06:54+00:00\" \/>\n<meta property=\"og:image\" content=\"https:\/\/myperfectdog.lv\/wp-content\/uploads\/2025\/05\/MyPerfectDog-izglitojosi-posti-.jpg\" \/>\n\t<meta property=\"og:image:width\" content=\"1080\" \/>\n\t<meta property=\"og:image:height\" content=\"1080\" \/>\n\t<meta property=\"og:image:type\" content=\"image\/jpeg\" \/>\n<meta name=\"twitter:card\" content=\"summary_large_image\" \/>\n<meta name=\"twitter:label1\" content=\"Estimated reading time\" \/>\n\t<meta name=\"twitter:data1\" content=\"1 minute\" \/>\n<script type=\"application\/ld+json\" class=\"yoast-schema-graph\">{\"@context\":\"https:\\\/\\\/schema.org\",\"@graph\":[{\"@type\":\"WebPage\",\"@id\":\"https:\\\/\\\/myperfectdog.lv\\\/products\\\/my-perfect-dog-cempionats\\\/\",\"url\":\"https:\\\/\\\/myperfectdog.lv\\\/products\\\/my-perfect-dog-cempionats\\\/\",\"name\":\"\\\"My Perfect Dog\\\" \u010dempion\u0101ts | MyPerfectDog.lv\",\"isPartOf\":{\"@id\":\"https:\\\/\\\/myperfectdog.lv\\\/#website\"},\"primaryImageOfPage\":{\"@id\":\"https:\\\/\\\/myperfectdog.lv\\\/products\\\/my-perfect-dog-cempionats\\\/#primaryimage\"},\"image\":{\"@id\":\"https:\\\/\\\/myperfectdog.lv\\\/products\\\/my-perfect-dog-cempionats\\\/#primaryimage\"},\"thumbnailUrl\":\"https:\\\/\\\/myperfectdog.lv\\\/wp-content\\\/uploads\\\/2025\\\/05\\\/MyPerfectDog-izglitojosi-posti-.jpg\",\"datePublished\":\"2025-05-15T06:16:19+00:00\",\"dateModified\":\"2025-10-03T18:06:54+00:00\",\"breadcrumb\":{\"@id\":\"https:\\\/\\\/myperfectdog.lv\\\/products\\\/my-perfect-dog-cempionats\\\/#breadcrumb\"},\"inLanguage\":\"en-GB\",\"potentialAction\":[{\"@type\":\"ReadAction\",\"target\":[\"https:\\\/\\\/myperfectdog.lv\\\/products\\\/my-perfect-dog-cempionats\\\/\"]}]},{\"@type\":\"ImageObject\",\"inLanguage\":\"en-GB\",\"@id\":\"https:\\\/\\\/myperfectdog.lv\\\/products\\\/my-perfect-dog-cempionats\\\/#primaryimage\",\"url\":\"https:\\\/\\\/myperfectdog.lv\\\/wp-content\\\/uploads\\\/2025\\\/05\\\/MyPerfectDog-izglitojosi-posti-.jpg\",\"contentUrl\":\"https:\\\/\\\/myperfectdog.lv\\\/wp-content\\\/uploads\\\/2025\\\/05\\\/MyPerfectDog-izglitojosi-posti-.jpg\",\"width\":1080,\"height\":1080},{\"@type\":\"BreadcrumbList\",\"@id\":\"https:\\\/\\\/myperfectdog.lv\\\/products\\\/my-perfect-dog-cempionats\\\/#breadcrumb\",\"itemListElement\":[{\"@type\":\"ListItem\",\"position\":1,\"name\":\"Home\",\"item\":\"https:\\\/\\\/myperfectdog.lv\\\/\"},{\"@type\":\"ListItem\",\"position\":2,\"name\":\"Internetveikals\",\"item\":\"https:\\\/\\\/myperfectdog.lv\\\/internetveikals\\\/\"},{\"@type\":\"ListItem\",\"position\":3,\"name\":\"&#8220;My Perfect Dog&#8221; \u010dempion\u0101ts\"}]},{\"@type\":\"WebSite\",\"@id\":\"https:\\\/\\\/myperfectdog.lv\\\/#website\",\"url\":\"https:\\\/\\\/myperfectdog.lv\\\/\",\"name\":\"MyPerfectDog.lv\",\"description\":\"Su\u0146u un saimnieku skola\",\"publisher\":{\"@id\":\"https:\\\/\\\/myperfectdog.lv\\\/#organization\"},\"potentialAction\":[{\"@type\":\"SearchAction\",\"target\":{\"@type\":\"EntryPoint\",\"urlTemplate\":\"https:\\\/\\\/myperfectdog.lv\\\/?s={search_term_string}\"},\"query-input\":{\"@type\":\"PropertyValueSpecification\",\"valueRequired\":true,\"valueName\":\"search_term_string\"}}],\"inLanguage\":\"en-GB\"},{\"@type\":\"Organization\",\"@id\":\"https:\\\/\\\/myperfectdog.lv\\\/#organization\",\"name\":\"Su\u0146u & saimnieku skola \\\"My Perfect Dog\\\"\",\"url\":\"https:\\\/\\\/myperfectdog.lv\\\/\",\"logo\":{\"@type\":\"ImageObject\",\"inLanguage\":\"en-GB\",\"@id\":\"https:\\\/\\\/myperfectdog.lv\\\/#\\\/schema\\\/logo\\\/image\\\/\",\"url\":\"https:\\\/\\\/myperfectdog.lv\\\/wp-content\\\/uploads\\\/2020\\\/10\\\/MyPerfectDog-New-logo_peach_plakans.png\",\"contentUrl\":\"https:\\\/\\\/myperfectdog.lv\\\/wp-content\\\/uploads\\\/2020\\\/10\\\/MyPerfectDog-New-logo_peach_plakans.png\",\"width\":1200,\"height\":636,\"caption\":\"Su\u0146u & saimnieku skola \\\"My Perfect Dog\\\"\"},\"image\":{\"@id\":\"https:\\\/\\\/myperfectdog.lv\\\/#\\\/schema\\\/logo\\\/image\\\/\"}}]}<\/script>\n<!-- \/ Yoast SEO plugin. -->","yoast_head_json":{"title":"\"My Perfect Dog\" \u010dempion\u0101ts | MyPerfectDog.lv","robots":{"index":"index","follow":"follow","max-snippet":"max-snippet:-1","max-image-preview":"max-image-preview:large","max-video-preview":"max-video-preview:-1"},"canonical":"https:\/\/myperfectdog.lv\/en\/product\/my-perfect-dog-cempionats\/","og_locale":"en_GB","og_type":"article","og_title":"\"My Perfect Dog\" \u010dempion\u0101ts | MyPerfectDog.lv","og_description":"Kad:\u00a031. maijs (sestdiena)  Semin\u0101ra norises laiks: plkst. 9:30-15:30  Lok\u0101cijas:   Net\u0101lu no Bo\u017eu \u016bdenskr\u0101tuves https:\/\/maps.app.goo.gl\/qZLFCXUUcKUV4xaH6?g_st=com.google.maps.preview.copy  Dal\u012bbas maksa:   15\u20ac\u00a0 1 discipl\u012bna  20\u20ac\u00a0 2 discipl\u012bnas  25\u20ac\u00a0 3 discipl\u012bnas  \"My Perfect Dog\" \u010dempion\u0101t\u0101 ir iesp\u0113ja pieteikties \u0161\u0101d\u0101s discipl\u012bn\u0101s-   Cilv\u0113ku mekl\u0113\u0161ana https:\/\/update.myperfectdog.lv\/widget\/bookings\/cempionats-cilveku-meklesana  Paklaus\u012bbas trase https:\/\/update.myperfectdog.lv\/widget\/bookings\/cempionats-paklausibas-trase  Naudas mekl\u0113\u0161ana https:\/\/update.myperfectdog.lv\/widget\/bookings\/cempionats-naudas-meklesana","og_url":"https:\/\/myperfectdog.lv\/en\/product\/my-perfect-dog-cempionats\/","og_site_name":"MyPerfectDog.lv","article_modified_time":"2025-10-03T18:06:54+00:00","og_image":[{"width":1080,"height":1080,"url":"https:\/\/myperfectdog.lv\/wp-content\/uploads\/2025\/05\/MyPerfectDog-izglitojosi-posti-.jpg","type":"image\/jpeg"}],"twitter_card":"summary_large_image","twitter_misc":{"Estimated reading time":"1 minute"},"schema":{"@context":"https:\/\/schema.org","@graph":[{"@type":"WebPage","@id":"https:\/\/myperfectdog.lv\/products\/my-perfect-dog-cempionats\/","url":"https:\/\/myperfectdog.lv\/products\/my-perfect-dog-cempionats\/","name":"\"My Perfect Dog\" \u010dempion\u0101ts | MyPerfectDog.lv","isPartOf":{"@id":"https:\/\/myperfectdog.lv\/#website"},"primaryImageOfPage":{"@id":"https:\/\/myperfectdog.lv\/products\/my-perfect-dog-cempionats\/#primaryimage"},"image":{"@id":"https:\/\/myperfectdog.lv\/products\/my-perfect-dog-cempionats\/#primaryimage"},"thumbnailUrl":"https:\/\/myperfectdog.lv\/wp-content\/uploads\/2025\/05\/MyPerfectDog-izglitojosi-posti-.jpg","datePublished":"2025-05-15T06:16:19+00:00","dateModified":"2025-10-03T18:06:54+00:00","breadcrumb":{"@id":"https:\/\/myperfectdog.lv\/products\/my-perfect-dog-cempionats\/#breadcrumb"},"inLanguage":"en-GB","potentialAction":[{"@type":"ReadAction","target":["https:\/\/myperfectdog.lv\/products\/my-perfect-dog-cempionats\/"]}]},{"@type":"ImageObject","inLanguage":"en-GB","@id":"https:\/\/myperfectdog.lv\/products\/my-perfect-dog-cempionats\/#primaryimage","url":"https:\/\/myperfectdog.lv\/wp-content\/uploads\/2025\/05\/MyPerfectDog-izglitojosi-posti-.jpg","contentUrl":"https:\/\/myperfectdog.lv\/wp-content\/uploads\/2025\/05\/MyPerfectDog-izglitojosi-posti-.jpg","width":1080,"height":1080},{"@type":"BreadcrumbList","@id":"https:\/\/myperfectdog.lv\/products\/my-perfect-dog-cempionats\/#breadcrumb","itemListElement":[{"@type":"ListItem","position":1,"name":"Home","item":"https:\/\/myperfectdog.lv\/"},{"@type":"ListItem","position":2,"name":"Internetveikals","item":"https:\/\/myperfectdog.lv\/internetveikals\/"},{"@type":"ListItem","position":3,"name":"&#8220;My Perfect Dog&#8221; \u010dempion\u0101ts"}]},{"@type":"WebSite","@id":"https:\/\/myperfectdog.lv\/#website","url":"https:\/\/myperfectdog.lv\/","name":"MyPerfectDog.lv","description":"Su\u0146u un saimnieku skola","publisher":{"@id":"https:\/\/myperfectdog.lv\/#organization"},"potentialAction":[{"@type":"SearchAction","target":{"@type":"EntryPoint","urlTemplate":"https:\/\/myperfectdog.lv\/?s={search_term_string}"},"query-input":{"@type":"PropertyValueSpecification","valueRequired":true,"valueName":"search_term_string"}}],"inLanguage":"en-GB"},{"@type":"Organization","@id":"https:\/\/myperfectdog.lv\/#organization","name":"Su\u0146u & saimnieku skola \"My Perfect Dog\"","url":"https:\/\/myperfectdog.lv\/","logo":{"@type":"ImageObject","inLanguage":"en-GB","@id":"https:\/\/myperfectdog.lv\/#\/schema\/logo\/image\/","url":"https:\/\/myperfectdog.lv\/wp-content\/uploads\/2020\/10\/MyPerfectDog-New-logo_peach_plakans.png","contentUrl":"https:\/\/myperfectdog.lv\/wp-content\/uploads\/2020\/10\/MyPerfectDog-New-logo_peach_plakans.png","width":1200,"height":636,"caption":"Su\u0146u & saimnieku skola \"My Perfect Dog\""},"image":{"@id":"https:\/\/myperfectdog.lv\/#\/schema\/logo\/image\/"}}]}},"jetpack_sharing_enabled":true,"_links":{"self":[{"href":"https:\/\/myperfectdog.lv\/en\/wp-json\/wp\/v2\/product\/11794","targetHints":{"allow":["GET"]}}],"collection":[{"href":"https:\/\/myperfectdog.lv\/en\/wp-json\/wp\/v2\/product"}],"about":[{"href":"https:\/\/myperfectdog.lv\/en\/wp-json\/wp\/v2\/types\/product"}],"replies":[{"embeddable":true,"href":"https:\/\/myperfectdog.lv\/en\/wp-json\/wp\/v2\/comments?post=11794"}],"wp:featuredmedia":[{"embeddable":true,"href":"https:\/\/myperfectdog.lv\/en\/wp-json\/wp\/v2\/media\/11798"}],"wp:attachment":[{"href":"https:\/\/myperfectdog.lv\/en\/wp-json\/wp\/v2\/media?parent=11794"}],"wp:term":[{"taxonomy":"product_brand","embeddable":true,"href":"https:\/\/myperfectdog.lv\/en\/wp-json\/wp\/v2\/product_brand?post=11794"},{"taxonomy":"product_cat","embeddable":true,"href":"https:\/\/myperfectdog.lv\/en\/wp-json\/wp\/v2\/product_cat?post=11794"},{"taxonomy":"product_tag","embeddable":true,"href":"https:\/\/myperfectdog.lv\/en\/wp-json\/wp\/v2\/product_tag?post=11794"}],"curies":[{"name":"wp","href":"https:\/\/api.w.org\/{rel}","templated":true}]}}