{"id":11976,"date":"2025-06-16T18:17:52","date_gmt":"2025-06-16T16:17:52","guid":{"rendered":"https:\/\/myperfectdog.lv\/?post_type=product&#038;p=11976"},"modified":"2025-10-03T20:06:05","modified_gmt":"2025-10-03T18:06:05","slug":"ties-seminars-reaktivitate","status":"publish","type":"product","link":"https:\/\/myperfectdog.lv\/en\/product\/ties-seminars-reaktivitate\/","title":{"rendered":"Tie\u0161saistes semin\u0101rs: \u201cK\u0101 mazin\u0101t su\u0146a reaktivit\u0101ti pret citiem su\u0146iem, cilv\u0113kiem, transportl\u012bdzek\u013ciem\u201d"},"content":{"rendered":"<p>Pievienojies praktiskam un saprotami izkl\u0101st\u012btam tie\u0161saistes semin\u0101ram, kur\u0101 uzzin\u0101si:<\/p>\n<p>\u2022 Kas izraisa su\u0146a reaktivit\u0101ti un k\u0101 t\u0101 izpau\u017eas;<\/p>\n<p>\u2022 K\u0101 soli pa solim veidot mier\u012bg\u0101ku un l\u012bdzsvarot\u0101ku uzved\u012bbu;<\/p>\n<p>\u2022 K\u0101di r\u012bki un metodes pal\u012bdz apzin\u0101ti un dro\u0161i rea\u0123\u0113t uz izaicino\u0161\u0101m situ\u0101cij\u0101m ikdienas pastaig\u0101s.<\/p>\n<p>&nbsp;<\/p>","protected":false},"excerpt":{"rendered":"<p>Vai pastaigas ar suni p\u0101rv\u0113rtu\u0161\u0101s par strespilnu pieredzi, jo Tavs m\u012blulis asi rea\u0123\u0113 uz citiem su\u0146iem, cilv\u0113kiem vai transportl\u012bdzek\u013ciem?<\/p>\n<p>Tu neesi viens \u2013 \u0161\u0101da uzved\u012bba ir bie\u017ei sastopama, un ir veidi, k\u0101 to uzlabot.<\/p>\n<p>\ud83d\udcc5 Datums: 27. j\u016bnijs<\/p>\n<p>\ud83d\udd54 Laiks: 17.00\u201319.00<\/p>\n<p>\ud83d\udcbb Vieta: Google Meet (saite tiks nos\u016bt\u012bta e-past\u0101 p\u0113c re\u0123istr\u0101cijas)<\/p>\n<p>\ud83d\udcb6 Cena: 25 \u20ac<\/p>\n<p>&nbsp;<\/p>\n<p>Semin\u0101rs piem\u0113rots gan jaunajiem, gan pieredz\u0113ju\u0161iem su\u0146u saimniekiem, kuri v\u0113las veidot mier\u012bg\u0101ku ikdienu kop\u0101 ar savu m\u012bluli.<\/p>\n<p>Piedalies un s\u0101c ce\u013cu uz saproto\u0161\u0101ku komunik\u0101ciju ar savu suni! \ud83d\udc3e<\/p>\n<p>&nbsp;<\/p>","protected":false},"featured_media":11979,"comment_status":"closed","ping_status":"closed","template":"","meta":[],"product_brand":[],"product_cat":[43],"product_tag":[],"class_list":{"0":"post-11976","1":"product","2":"type-product","3":"status-publish","4":"has-post-thumbnail","6":"product_cat-izglitojosi","8":"first","9":"instock","10":"taxable","11":"shipping-taxable","12":"purchasable","13":"product-type-variable"},"yoast_head":"<!-- This site is optimized with the Yoast SEO plugin v27.6 - https:\/\/yoast.com\/product\/yoast-seo-wordpress\/ -->\n<title>Tie\u0161saistes semin\u0101rs: \u201cK\u0101 mazin\u0101t su\u0146a reaktivit\u0101ti pret citiem su\u0146iem, cilv\u0113kiem, transportl\u012bdzek\u013ciem\u201d | MyPerfectDog.lv<\/title>\n<meta name=\"robots\" content=\"index, follow, max-snippet:-1, max-image-preview:large, max-video-preview:-1\" \/>\n<link rel=\"canonical\" href=\"https:\/\/myperfectdog.lv\/en\/product\/ties-seminars-reaktivitate\/\" \/>\n<meta property=\"og:locale\" content=\"en_GB\" \/>\n<meta property=\"og:type\" content=\"article\" \/>\n<meta property=\"og:title\" content=\"Tie\u0161saistes semin\u0101rs: \u201cK\u0101 mazin\u0101t su\u0146a reaktivit\u0101ti pret citiem su\u0146iem, cilv\u0113kiem, transportl\u012bdzek\u013ciem\u201d | MyPerfectDog.lv\" \/>\n<meta property=\"og:description\" content=\"Vai pastaigas ar suni p\u0101rv\u0113rtu\u0161\u0101s par strespilnu pieredzi, jo Tavs m\u012blulis asi rea\u0123\u0113 uz citiem su\u0146iem, cilv\u0113kiem vai transportl\u012bdzek\u013ciem?  Tu neesi viens \u2013 \u0161\u0101da uzved\u012bba ir bie\u017ei sastopama, un ir veidi, k\u0101 to uzlabot.  \ud83d\udcc5 Datums: 27. j\u016bnijs  \ud83d\udd54 Laiks: 17.00\u201319.00  \ud83d\udcbb Vieta: Google Meet (saite tiks nos\u016bt\u012bta e-past\u0101 p\u0113c re\u0123istr\u0101cijas)  \ud83d\udcb6 Cena: 25 \u20ac  &nbsp;  Semin\u0101rs piem\u0113rots gan jaunajiem, gan pieredz\u0113ju\u0161iem su\u0146u saimniekiem, kuri v\u0113las veidot mier\u012bg\u0101ku ikdienu kop\u0101 ar savu m\u012bluli.  Piedalies un s\u0101c ce\u013cu uz saproto\u0161\u0101ku komunik\u0101ciju ar savu suni! \ud83d\udc3e  &nbsp;\" \/>\n<meta property=\"og:url\" content=\"https:\/\/myperfectdog.lv\/en\/product\/ties-seminars-reaktivitate\/\" \/>\n<meta property=\"og:site_name\" content=\"MyPerfectDog.lv\" \/>\n<meta property=\"article:modified_time\" content=\"2025-10-03T18:06:05+00:00\" \/>\n<meta property=\"og:image\" content=\"https:\/\/myperfectdog.lv\/wp-content\/uploads\/2025\/06\/MyPerfectDog-nodarbibas.jpg\" \/>\n\t<meta property=\"og:image:width\" content=\"1080\" \/>\n\t<meta property=\"og:image:height\" content=\"1080\" \/>\n\t<meta property=\"og:image:type\" content=\"image\/jpeg\" \/>\n<meta name=\"twitter:card\" content=\"summary_large_image\" \/>\n<meta name=\"twitter:label1\" content=\"Estimated reading time\" \/>\n\t<meta name=\"twitter:data1\" content=\"1 minute\" \/>\n<script type=\"application\/ld+json\" class=\"yoast-schema-graph\">{\"@context\":\"https:\\\/\\\/schema.org\",\"@graph\":[{\"@type\":\"WebPage\",\"@id\":\"https:\\\/\\\/myperfectdog.lv\\\/products\\\/ties-seminars-reaktivitate\\\/\",\"url\":\"https:\\\/\\\/myperfectdog.lv\\\/products\\\/ties-seminars-reaktivitate\\\/\",\"name\":\"Tie\u0161saistes semin\u0101rs: \u201cK\u0101 mazin\u0101t su\u0146a reaktivit\u0101ti pret citiem su\u0146iem, cilv\u0113kiem, transportl\u012bdzek\u013ciem\u201d | MyPerfectDog.lv\",\"isPartOf\":{\"@id\":\"https:\\\/\\\/myperfectdog.lv\\\/#website\"},\"primaryImageOfPage\":{\"@id\":\"https:\\\/\\\/myperfectdog.lv\\\/products\\\/ties-seminars-reaktivitate\\\/#primaryimage\"},\"image\":{\"@id\":\"https:\\\/\\\/myperfectdog.lv\\\/products\\\/ties-seminars-reaktivitate\\\/#primaryimage\"},\"thumbnailUrl\":\"https:\\\/\\\/myperfectdog.lv\\\/wp-content\\\/uploads\\\/2025\\\/06\\\/MyPerfectDog-nodarbibas.jpg\",\"datePublished\":\"2025-06-16T16:17:52+00:00\",\"dateModified\":\"2025-10-03T18:06:05+00:00\",\"breadcrumb\":{\"@id\":\"https:\\\/\\\/myperfectdog.lv\\\/products\\\/ties-seminars-reaktivitate\\\/#breadcrumb\"},\"inLanguage\":\"en-GB\",\"potentialAction\":[{\"@type\":\"ReadAction\",\"target\":[\"https:\\\/\\\/myperfectdog.lv\\\/products\\\/ties-seminars-reaktivitate\\\/\"]}]},{\"@type\":\"ImageObject\",\"inLanguage\":\"en-GB\",\"@id\":\"https:\\\/\\\/myperfectdog.lv\\\/products\\\/ties-seminars-reaktivitate\\\/#primaryimage\",\"url\":\"https:\\\/\\\/myperfectdog.lv\\\/wp-content\\\/uploads\\\/2025\\\/06\\\/MyPerfectDog-nodarbibas.jpg\",\"contentUrl\":\"https:\\\/\\\/myperfectdog.lv\\\/wp-content\\\/uploads\\\/2025\\\/06\\\/MyPerfectDog-nodarbibas.jpg\",\"width\":1080,\"height\":1080},{\"@type\":\"BreadcrumbList\",\"@id\":\"https:\\\/\\\/myperfectdog.lv\\\/products\\\/ties-seminars-reaktivitate\\\/#breadcrumb\",\"itemListElement\":[{\"@type\":\"ListItem\",\"position\":1,\"name\":\"Home\",\"item\":\"https:\\\/\\\/myperfectdog.lv\\\/\"},{\"@type\":\"ListItem\",\"position\":2,\"name\":\"Internetveikals\",\"item\":\"https:\\\/\\\/myperfectdog.lv\\\/internetveikals\\\/\"},{\"@type\":\"ListItem\",\"position\":3,\"name\":\"Tie\u0161saistes semin\u0101rs: \u201cK\u0101 mazin\u0101t su\u0146a reaktivit\u0101ti pret citiem su\u0146iem, cilv\u0113kiem, transportl\u012bdzek\u013ciem\u201d\"}]},{\"@type\":\"WebSite\",\"@id\":\"https:\\\/\\\/myperfectdog.lv\\\/#website\",\"url\":\"https:\\\/\\\/myperfectdog.lv\\\/\",\"name\":\"MyPerfectDog.lv\",\"description\":\"Su\u0146u un saimnieku skola\",\"publisher\":{\"@id\":\"https:\\\/\\\/myperfectdog.lv\\\/#organization\"},\"potentialAction\":[{\"@type\":\"SearchAction\",\"target\":{\"@type\":\"EntryPoint\",\"urlTemplate\":\"https:\\\/\\\/myperfectdog.lv\\\/?s={search_term_string}\"},\"query-input\":{\"@type\":\"PropertyValueSpecification\",\"valueRequired\":true,\"valueName\":\"search_term_string\"}}],\"inLanguage\":\"en-GB\"},{\"@type\":\"Organization\",\"@id\":\"https:\\\/\\\/myperfectdog.lv\\\/#organization\",\"name\":\"Su\u0146u & saimnieku skola \\\"My Perfect Dog\\\"\",\"url\":\"https:\\\/\\\/myperfectdog.lv\\\/\",\"logo\":{\"@type\":\"ImageObject\",\"inLanguage\":\"en-GB\",\"@id\":\"https:\\\/\\\/myperfectdog.lv\\\/#\\\/schema\\\/logo\\\/image\\\/\",\"url\":\"https:\\\/\\\/myperfectdog.lv\\\/wp-content\\\/uploads\\\/2020\\\/10\\\/MyPerfectDog-New-logo_peach_plakans.png\",\"contentUrl\":\"https:\\\/\\\/myperfectdog.lv\\\/wp-content\\\/uploads\\\/2020\\\/10\\\/MyPerfectDog-New-logo_peach_plakans.png\",\"width\":1200,\"height\":636,\"caption\":\"Su\u0146u & saimnieku skola \\\"My Perfect Dog\\\"\"},\"image\":{\"@id\":\"https:\\\/\\\/myperfectdog.lv\\\/#\\\/schema\\\/logo\\\/image\\\/\"}}]}<\/script>\n<!-- \/ Yoast SEO plugin. -->","yoast_head_json":{"title":"Tie\u0161saistes semin\u0101rs: \u201cK\u0101 mazin\u0101t su\u0146a reaktivit\u0101ti pret citiem su\u0146iem, cilv\u0113kiem, transportl\u012bdzek\u013ciem\u201d | MyPerfectDog.lv","robots":{"index":"index","follow":"follow","max-snippet":"max-snippet:-1","max-image-preview":"max-image-preview:large","max-video-preview":"max-video-preview:-1"},"canonical":"https:\/\/myperfectdog.lv\/en\/product\/ties-seminars-reaktivitate\/","og_locale":"en_GB","og_type":"article","og_title":"Tie\u0161saistes semin\u0101rs: \u201cK\u0101 mazin\u0101t su\u0146a reaktivit\u0101ti pret citiem su\u0146iem, cilv\u0113kiem, transportl\u012bdzek\u013ciem\u201d | MyPerfectDog.lv","og_description":"Vai pastaigas ar suni p\u0101rv\u0113rtu\u0161\u0101s par strespilnu pieredzi, jo Tavs m\u012blulis asi rea\u0123\u0113 uz citiem su\u0146iem, cilv\u0113kiem vai transportl\u012bdzek\u013ciem?  Tu neesi viens \u2013 \u0161\u0101da uzved\u012bba ir bie\u017ei sastopama, un ir veidi, k\u0101 to uzlabot.  \ud83d\udcc5 Datums: 27. j\u016bnijs  \ud83d\udd54 Laiks: 17.00\u201319.00  \ud83d\udcbb Vieta: Google Meet (saite tiks nos\u016bt\u012bta e-past\u0101 p\u0113c re\u0123istr\u0101cijas)  \ud83d\udcb6 Cena: 25 \u20ac  &nbsp;  Semin\u0101rs piem\u0113rots gan jaunajiem, gan pieredz\u0113ju\u0161iem su\u0146u saimniekiem, kuri v\u0113las veidot mier\u012bg\u0101ku ikdienu kop\u0101 ar savu m\u012bluli.  Piedalies un s\u0101c ce\u013cu uz saproto\u0161\u0101ku komunik\u0101ciju ar savu suni! \ud83d\udc3e  &nbsp;","og_url":"https:\/\/myperfectdog.lv\/en\/product\/ties-seminars-reaktivitate\/","og_site_name":"MyPerfectDog.lv","article_modified_time":"2025-10-03T18:06:05+00:00","og_image":[{"width":1080,"height":1080,"url":"https:\/\/myperfectdog.lv\/wp-content\/uploads\/2025\/06\/MyPerfectDog-nodarbibas.jpg","type":"image\/jpeg"}],"twitter_card":"summary_large_image","twitter_misc":{"Estimated reading time":"1 minute"},"schema":{"@context":"https:\/\/schema.org","@graph":[{"@type":"WebPage","@id":"https:\/\/myperfectdog.lv\/products\/ties-seminars-reaktivitate\/","url":"https:\/\/myperfectdog.lv\/products\/ties-seminars-reaktivitate\/","name":"Tie\u0161saistes semin\u0101rs: \u201cK\u0101 mazin\u0101t su\u0146a reaktivit\u0101ti pret citiem su\u0146iem, cilv\u0113kiem, transportl\u012bdzek\u013ciem\u201d | MyPerfectDog.lv","isPartOf":{"@id":"https:\/\/myperfectdog.lv\/#website"},"primaryImageOfPage":{"@id":"https:\/\/myperfectdog.lv\/products\/ties-seminars-reaktivitate\/#primaryimage"},"image":{"@id":"https:\/\/myperfectdog.lv\/products\/ties-seminars-reaktivitate\/#primaryimage"},"thumbnailUrl":"https:\/\/myperfectdog.lv\/wp-content\/uploads\/2025\/06\/MyPerfectDog-nodarbibas.jpg","datePublished":"2025-06-16T16:17:52+00:00","dateModified":"2025-10-03T18:06:05+00:00","breadcrumb":{"@id":"https:\/\/myperfectdog.lv\/products\/ties-seminars-reaktivitate\/#breadcrumb"},"inLanguage":"en-GB","potentialAction":[{"@type":"ReadAction","target":["https:\/\/myperfectdog.lv\/products\/ties-seminars-reaktivitate\/"]}]},{"@type":"ImageObject","inLanguage":"en-GB","@id":"https:\/\/myperfectdog.lv\/products\/ties-seminars-reaktivitate\/#primaryimage","url":"https:\/\/myperfectdog.lv\/wp-content\/uploads\/2025\/06\/MyPerfectDog-nodarbibas.jpg","contentUrl":"https:\/\/myperfectdog.lv\/wp-content\/uploads\/2025\/06\/MyPerfectDog-nodarbibas.jpg","width":1080,"height":1080},{"@type":"BreadcrumbList","@id":"https:\/\/myperfectdog.lv\/products\/ties-seminars-reaktivitate\/#breadcrumb","itemListElement":[{"@type":"ListItem","position":1,"name":"Home","item":"https:\/\/myperfectdog.lv\/"},{"@type":"ListItem","position":2,"name":"Internetveikals","item":"https:\/\/myperfectdog.lv\/internetveikals\/"},{"@type":"ListItem","position":3,"name":"Tie\u0161saistes semin\u0101rs: \u201cK\u0101 mazin\u0101t su\u0146a reaktivit\u0101ti pret citiem su\u0146iem, cilv\u0113kiem, transportl\u012bdzek\u013ciem\u201d"}]},{"@type":"WebSite","@id":"https:\/\/myperfectdog.lv\/#website","url":"https:\/\/myperfectdog.lv\/","name":"MyPerfectDog.lv","description":"Su\u0146u un saimnieku skola","publisher":{"@id":"https:\/\/myperfectdog.lv\/#organization"},"potentialAction":[{"@type":"SearchAction","target":{"@type":"EntryPoint","urlTemplate":"https:\/\/myperfectdog.lv\/?s={search_term_string}"},"query-input":{"@type":"PropertyValueSpecification","valueRequired":true,"valueName":"search_term_string"}}],"inLanguage":"en-GB"},{"@type":"Organization","@id":"https:\/\/myperfectdog.lv\/#organization","name":"Su\u0146u & saimnieku skola \"My Perfect Dog\"","url":"https:\/\/myperfectdog.lv\/","logo":{"@type":"ImageObject","inLanguage":"en-GB","@id":"https:\/\/myperfectdog.lv\/#\/schema\/logo\/image\/","url":"https:\/\/myperfectdog.lv\/wp-content\/uploads\/2020\/10\/MyPerfectDog-New-logo_peach_plakans.png","contentUrl":"https:\/\/myperfectdog.lv\/wp-content\/uploads\/2020\/10\/MyPerfectDog-New-logo_peach_plakans.png","width":1200,"height":636,"caption":"Su\u0146u & saimnieku skola \"My Perfect Dog\""},"image":{"@id":"https:\/\/myperfectdog.lv\/#\/schema\/logo\/image\/"}}]}},"jetpack_sharing_enabled":true,"_links":{"self":[{"href":"https:\/\/myperfectdog.lv\/en\/wp-json\/wp\/v2\/product\/11976","targetHints":{"allow":["GET"]}}],"collection":[{"href":"https:\/\/myperfectdog.lv\/en\/wp-json\/wp\/v2\/product"}],"about":[{"href":"https:\/\/myperfectdog.lv\/en\/wp-json\/wp\/v2\/types\/product"}],"replies":[{"embeddable":true,"href":"https:\/\/myperfectdog.lv\/en\/wp-json\/wp\/v2\/comments?post=11976"}],"wp:featuredmedia":[{"embeddable":true,"href":"https:\/\/myperfectdog.lv\/en\/wp-json\/wp\/v2\/media\/11979"}],"wp:attachment":[{"href":"https:\/\/myperfectdog.lv\/en\/wp-json\/wp\/v2\/media?parent=11976"}],"wp:term":[{"taxonomy":"product_brand","embeddable":true,"href":"https:\/\/myperfectdog.lv\/en\/wp-json\/wp\/v2\/product_brand?post=11976"},{"taxonomy":"product_cat","embeddable":true,"href":"https:\/\/myperfectdog.lv\/en\/wp-json\/wp\/v2\/product_cat?post=11976"},{"taxonomy":"product_tag","embeddable":true,"href":"https:\/\/myperfectdog.lv\/en\/wp-json\/wp\/v2\/product_tag?post=11976"}],"curies":[{"name":"wp","href":"https:\/\/api.w.org\/{rel}","templated":true}]}}