{"id":12441,"date":"2025-10-01T15:27:28","date_gmt":"2025-10-01T13:27:28","guid":{"rendered":"https:\/\/myperfectdog.lv\/?post_type=product&#038;p=12441"},"modified":"2025-10-04T18:08:49","modified_gmt":"2025-10-04T16:08:49","slug":"kucenu-diena","status":"publish","type":"product","link":"https:\/\/myperfectdog.lv\/en\/product\/kucenu-diena\/","title":{"rendered":"Kuc\u0113nu diena"},"content":{"rendered":"<div class=\"fl-col fl-node-68db81c16e659 fl-col-small\" data-node=\"68db81c16e659\">\n<div class=\"fl-col-content fl-node-content ui-sortable\">\n<div class=\"fl-module fl-module-heading fl-node-68db81c16e5f9\" data-node=\"68db81c16e5f9\" data-parent=\"68db81c16e659\" data-type=\"heading\" data-name=\"Heading\">\n<div class=\"fl-module-content fl-node-content\">\n<p class=\"fl-heading\"><strong><span class=\"fl-heading-text\">Kad? 9.novembris, sv\u0113tdiena<\/span><\/strong><\/p>\n<p><strong>Cikos? <\/strong><strong>Plkst. <span style=\"font-size: 16px;\">10.00-15.30<\/span><\/strong><\/p>\n<\/div>\n<\/div>\n<\/div>\n<\/div>\n<div class=\"fl-col fl-node-68db81c16e661 fl-col-small\" data-node=\"68db81c16e661\">\n<div class=\"fl-col-content fl-node-content ui-sortable\">\n<div class=\"fl-module fl-module-icon fl-node-68db81c16e65e\" data-node=\"68db81c16e65e\" data-parent=\"68db81c16e661\" data-type=\"icon\" data-name=\"Icon\">\n<div class=\"fl-module-content fl-node-content\">\n<p class=\"fl-icon-wrap\"><strong>Kur? Aurora Fit&amp;Show&#8221; telp\u0101s, Priedaines iel\u0101 11, Pi\u0146\u0137os<\/strong><\/p>\n<\/div>\n<p><img decoding=\"async\" class=\"emoji\" role=\"img\" draggable=\"false\" src=\"https:\/\/s.w.org\/images\/core\/emoji\/16.0.1\/svg\/1f4b5.svg\" alt=\"\ud83d\udcb5\" \/> 30\u20ac (dal\u012bba ab\u0101s lekcij\u0101s)<\/p>\n<p><img decoding=\"async\" class=\"emoji\" role=\"img\" draggable=\"false\" src=\"https:\/\/s.w.org\/images\/core\/emoji\/16.0.1\/svg\/1f4b5.svg\" alt=\"\ud83d\udcb5\" \/> 40\u20ac (divas lekcijas un 1 praktisk\u0101)<\/p>\n<p><img decoding=\"async\" class=\"emoji\" role=\"img\" draggable=\"false\" src=\"https:\/\/s.w.org\/images\/core\/emoji\/16.0.1\/svg\/1f4b5.svg\" alt=\"\ud83d\udcb5\" \/> 50\u20ac (divas lekcijas un 2 praktisk\u0101s)<\/p>\n<\/div>\n<\/div>\n<\/div>","protected":false},"excerpt":{"rendered":"<p class=\"p1\"><strong data-start=\"58\" data-end=\"117\">Vai tav\u0101 \u0123imen\u0113 ien\u0101cis kuc\u0113ns vai tikai dom\u0101 par t\u0101du?<\/strong><\/p>\n<p class=\"p1\"><br data-start=\"117\" data-end=\"120\" \/>N\u0101c uz\u00a0<strong data-start=\"127\" data-end=\"143\">Kuc\u0113nu dienu<\/strong>\u00a0\u2013 \u012bpa\u0161u praktisku semin\u0101ru, kur\u0101 vienuviet apvienoti veterin\u0101rie padomi, apm\u0101c\u012bbas pamatprincipi un socializ\u0101cijas nosl\u0113pumi. Ieg\u016bsti praktiskas zin\u0101\u0161anas un v\u0113rt\u012bgus ieteikumus, kas pal\u012bdz\u0113s izaudzin\u0101t priec\u012bgu, p\u0101rliecin\u0101tu un veselu suni!<\/p>\n<p>&nbsp;<\/p>","protected":false},"featured_media":12424,"comment_status":"closed","ping_status":"closed","template":"","meta":[],"product_brand":[],"product_cat":[43],"product_tag":[],"class_list":{"0":"post-12441","1":"product","2":"type-product","3":"status-publish","4":"has-post-thumbnail","6":"product_cat-izglitojosi","8":"first","9":"instock","10":"taxable","11":"shipping-taxable","12":"purchasable","13":"product-type-variable"},"yoast_head":"<!-- This site is optimized with the Yoast SEO plugin v27.5 - https:\/\/yoast.com\/product\/yoast-seo-wordpress\/ -->\n<title>Kuc\u0113nu diena | MyPerfectDog.lv<\/title>\n<meta name=\"robots\" content=\"index, follow, max-snippet:-1, max-image-preview:large, max-video-preview:-1\" \/>\n<link rel=\"canonical\" href=\"https:\/\/myperfectdog.lv\/en\/product\/kucenu-diena\/\" \/>\n<meta property=\"og:locale\" content=\"en_GB\" \/>\n<meta property=\"og:type\" content=\"article\" \/>\n<meta property=\"og:title\" content=\"Kuc\u0113nu diena | MyPerfectDog.lv\" \/>\n<meta property=\"og:description\" content=\"Vai tav\u0101 \u0123imen\u0113 ien\u0101cis kuc\u0113ns vai tikai dom\u0101 par t\u0101du? N\u0101c uz\u00a0Kuc\u0113nu dienu\u00a0\u2013 \u012bpa\u0161u praktisku semin\u0101ru, kur\u0101 vienuviet apvienoti veterin\u0101rie padomi, apm\u0101c\u012bbas pamatprincipi un socializ\u0101cijas nosl\u0113pumi. Ieg\u016bsti praktiskas zin\u0101\u0161anas un v\u0113rt\u012bgus ieteikumus, kas pal\u012bdz\u0113s izaudzin\u0101t priec\u012bgu, p\u0101rliecin\u0101tu un veselu suni! &nbsp;\" \/>\n<meta property=\"og:url\" content=\"https:\/\/myperfectdog.lv\/en\/product\/kucenu-diena\/\" \/>\n<meta property=\"og:site_name\" content=\"MyPerfectDog.lv\" \/>\n<meta property=\"article:modified_time\" content=\"2025-10-04T16:08:49+00:00\" \/>\n<meta property=\"og:image\" content=\"https:\/\/myperfectdog.lv\/wp-content\/uploads\/2025\/09\/IMG_8678.jpg\" \/>\n\t<meta property=\"og:image:width\" content=\"1486\" \/>\n\t<meta property=\"og:image:height\" content=\"966\" \/>\n\t<meta property=\"og:image:type\" content=\"image\/jpeg\" \/>\n<meta name=\"twitter:card\" content=\"summary_large_image\" \/>\n<meta name=\"twitter:label1\" content=\"Estimated reading time\" \/>\n\t<meta name=\"twitter:data1\" content=\"1 minute\" \/>\n<script type=\"application\/ld+json\" class=\"yoast-schema-graph\">{\"@context\":\"https:\\\/\\\/schema.org\",\"@graph\":[{\"@type\":\"WebPage\",\"@id\":\"https:\\\/\\\/myperfectdog.lv\\\/products\\\/kucenu-diena\\\/\",\"url\":\"https:\\\/\\\/myperfectdog.lv\\\/products\\\/kucenu-diena\\\/\",\"name\":\"Kuc\u0113nu diena | MyPerfectDog.lv\",\"isPartOf\":{\"@id\":\"https:\\\/\\\/myperfectdog.lv\\\/#website\"},\"primaryImageOfPage\":{\"@id\":\"https:\\\/\\\/myperfectdog.lv\\\/products\\\/kucenu-diena\\\/#primaryimage\"},\"image\":{\"@id\":\"https:\\\/\\\/myperfectdog.lv\\\/products\\\/kucenu-diena\\\/#primaryimage\"},\"thumbnailUrl\":\"https:\\\/\\\/myperfectdog.lv\\\/wp-content\\\/uploads\\\/2025\\\/09\\\/IMG_8678.jpg\",\"datePublished\":\"2025-10-01T13:27:28+00:00\",\"dateModified\":\"2025-10-04T16:08:49+00:00\",\"breadcrumb\":{\"@id\":\"https:\\\/\\\/myperfectdog.lv\\\/products\\\/kucenu-diena\\\/#breadcrumb\"},\"inLanguage\":\"en-GB\",\"potentialAction\":[{\"@type\":\"ReadAction\",\"target\":[\"https:\\\/\\\/myperfectdog.lv\\\/products\\\/kucenu-diena\\\/\"]}]},{\"@type\":\"ImageObject\",\"inLanguage\":\"en-GB\",\"@id\":\"https:\\\/\\\/myperfectdog.lv\\\/products\\\/kucenu-diena\\\/#primaryimage\",\"url\":\"https:\\\/\\\/myperfectdog.lv\\\/wp-content\\\/uploads\\\/2025\\\/09\\\/IMG_8678.jpg\",\"contentUrl\":\"https:\\\/\\\/myperfectdog.lv\\\/wp-content\\\/uploads\\\/2025\\\/09\\\/IMG_8678.jpg\",\"width\":1486,\"height\":966},{\"@type\":\"BreadcrumbList\",\"@id\":\"https:\\\/\\\/myperfectdog.lv\\\/products\\\/kucenu-diena\\\/#breadcrumb\",\"itemListElement\":[{\"@type\":\"ListItem\",\"position\":1,\"name\":\"Home\",\"item\":\"https:\\\/\\\/myperfectdog.lv\\\/\"},{\"@type\":\"ListItem\",\"position\":2,\"name\":\"Internetveikals\",\"item\":\"https:\\\/\\\/myperfectdog.lv\\\/internetveikals\\\/\"},{\"@type\":\"ListItem\",\"position\":3,\"name\":\"Kuc\u0113nu diena\"}]},{\"@type\":\"WebSite\",\"@id\":\"https:\\\/\\\/myperfectdog.lv\\\/#website\",\"url\":\"https:\\\/\\\/myperfectdog.lv\\\/\",\"name\":\"MyPerfectDog.lv\",\"description\":\"Su\u0146u un saimnieku skola\",\"publisher\":{\"@id\":\"https:\\\/\\\/myperfectdog.lv\\\/#organization\"},\"potentialAction\":[{\"@type\":\"SearchAction\",\"target\":{\"@type\":\"EntryPoint\",\"urlTemplate\":\"https:\\\/\\\/myperfectdog.lv\\\/?s={search_term_string}\"},\"query-input\":{\"@type\":\"PropertyValueSpecification\",\"valueRequired\":true,\"valueName\":\"search_term_string\"}}],\"inLanguage\":\"en-GB\"},{\"@type\":\"Organization\",\"@id\":\"https:\\\/\\\/myperfectdog.lv\\\/#organization\",\"name\":\"Su\u0146u & saimnieku skola \\\"My Perfect Dog\\\"\",\"url\":\"https:\\\/\\\/myperfectdog.lv\\\/\",\"logo\":{\"@type\":\"ImageObject\",\"inLanguage\":\"en-GB\",\"@id\":\"https:\\\/\\\/myperfectdog.lv\\\/#\\\/schema\\\/logo\\\/image\\\/\",\"url\":\"https:\\\/\\\/myperfectdog.lv\\\/wp-content\\\/uploads\\\/2020\\\/10\\\/MyPerfectDog-New-logo_peach_plakans.png\",\"contentUrl\":\"https:\\\/\\\/myperfectdog.lv\\\/wp-content\\\/uploads\\\/2020\\\/10\\\/MyPerfectDog-New-logo_peach_plakans.png\",\"width\":1200,\"height\":636,\"caption\":\"Su\u0146u & saimnieku skola \\\"My Perfect Dog\\\"\"},\"image\":{\"@id\":\"https:\\\/\\\/myperfectdog.lv\\\/#\\\/schema\\\/logo\\\/image\\\/\"}}]}<\/script>\n<!-- \/ Yoast SEO plugin. -->","yoast_head_json":{"title":"Kuc\u0113nu diena | MyPerfectDog.lv","robots":{"index":"index","follow":"follow","max-snippet":"max-snippet:-1","max-image-preview":"max-image-preview:large","max-video-preview":"max-video-preview:-1"},"canonical":"https:\/\/myperfectdog.lv\/en\/product\/kucenu-diena\/","og_locale":"en_GB","og_type":"article","og_title":"Kuc\u0113nu diena | MyPerfectDog.lv","og_description":"Vai tav\u0101 \u0123imen\u0113 ien\u0101cis kuc\u0113ns vai tikai dom\u0101 par t\u0101du? N\u0101c uz\u00a0Kuc\u0113nu dienu\u00a0\u2013 \u012bpa\u0161u praktisku semin\u0101ru, kur\u0101 vienuviet apvienoti veterin\u0101rie padomi, apm\u0101c\u012bbas pamatprincipi un socializ\u0101cijas nosl\u0113pumi. Ieg\u016bsti praktiskas zin\u0101\u0161anas un v\u0113rt\u012bgus ieteikumus, kas pal\u012bdz\u0113s izaudzin\u0101t priec\u012bgu, p\u0101rliecin\u0101tu un veselu suni! &nbsp;","og_url":"https:\/\/myperfectdog.lv\/en\/product\/kucenu-diena\/","og_site_name":"MyPerfectDog.lv","article_modified_time":"2025-10-04T16:08:49+00:00","og_image":[{"width":1486,"height":966,"url":"https:\/\/myperfectdog.lv\/wp-content\/uploads\/2025\/09\/IMG_8678.jpg","type":"image\/jpeg"}],"twitter_card":"summary_large_image","twitter_misc":{"Estimated reading time":"1 minute"},"schema":{"@context":"https:\/\/schema.org","@graph":[{"@type":"WebPage","@id":"https:\/\/myperfectdog.lv\/products\/kucenu-diena\/","url":"https:\/\/myperfectdog.lv\/products\/kucenu-diena\/","name":"Kuc\u0113nu diena | MyPerfectDog.lv","isPartOf":{"@id":"https:\/\/myperfectdog.lv\/#website"},"primaryImageOfPage":{"@id":"https:\/\/myperfectdog.lv\/products\/kucenu-diena\/#primaryimage"},"image":{"@id":"https:\/\/myperfectdog.lv\/products\/kucenu-diena\/#primaryimage"},"thumbnailUrl":"https:\/\/myperfectdog.lv\/wp-content\/uploads\/2025\/09\/IMG_8678.jpg","datePublished":"2025-10-01T13:27:28+00:00","dateModified":"2025-10-04T16:08:49+00:00","breadcrumb":{"@id":"https:\/\/myperfectdog.lv\/products\/kucenu-diena\/#breadcrumb"},"inLanguage":"en-GB","potentialAction":[{"@type":"ReadAction","target":["https:\/\/myperfectdog.lv\/products\/kucenu-diena\/"]}]},{"@type":"ImageObject","inLanguage":"en-GB","@id":"https:\/\/myperfectdog.lv\/products\/kucenu-diena\/#primaryimage","url":"https:\/\/myperfectdog.lv\/wp-content\/uploads\/2025\/09\/IMG_8678.jpg","contentUrl":"https:\/\/myperfectdog.lv\/wp-content\/uploads\/2025\/09\/IMG_8678.jpg","width":1486,"height":966},{"@type":"BreadcrumbList","@id":"https:\/\/myperfectdog.lv\/products\/kucenu-diena\/#breadcrumb","itemListElement":[{"@type":"ListItem","position":1,"name":"Home","item":"https:\/\/myperfectdog.lv\/"},{"@type":"ListItem","position":2,"name":"Internetveikals","item":"https:\/\/myperfectdog.lv\/internetveikals\/"},{"@type":"ListItem","position":3,"name":"Kuc\u0113nu diena"}]},{"@type":"WebSite","@id":"https:\/\/myperfectdog.lv\/#website","url":"https:\/\/myperfectdog.lv\/","name":"MyPerfectDog.lv","description":"Su\u0146u un saimnieku skola","publisher":{"@id":"https:\/\/myperfectdog.lv\/#organization"},"potentialAction":[{"@type":"SearchAction","target":{"@type":"EntryPoint","urlTemplate":"https:\/\/myperfectdog.lv\/?s={search_term_string}"},"query-input":{"@type":"PropertyValueSpecification","valueRequired":true,"valueName":"search_term_string"}}],"inLanguage":"en-GB"},{"@type":"Organization","@id":"https:\/\/myperfectdog.lv\/#organization","name":"Su\u0146u & saimnieku skola \"My Perfect Dog\"","url":"https:\/\/myperfectdog.lv\/","logo":{"@type":"ImageObject","inLanguage":"en-GB","@id":"https:\/\/myperfectdog.lv\/#\/schema\/logo\/image\/","url":"https:\/\/myperfectdog.lv\/wp-content\/uploads\/2020\/10\/MyPerfectDog-New-logo_peach_plakans.png","contentUrl":"https:\/\/myperfectdog.lv\/wp-content\/uploads\/2020\/10\/MyPerfectDog-New-logo_peach_plakans.png","width":1200,"height":636,"caption":"Su\u0146u & saimnieku skola \"My Perfect Dog\""},"image":{"@id":"https:\/\/myperfectdog.lv\/#\/schema\/logo\/image\/"}}]}},"jetpack_sharing_enabled":true,"_links":{"self":[{"href":"https:\/\/myperfectdog.lv\/en\/wp-json\/wp\/v2\/product\/12441","targetHints":{"allow":["GET"]}}],"collection":[{"href":"https:\/\/myperfectdog.lv\/en\/wp-json\/wp\/v2\/product"}],"about":[{"href":"https:\/\/myperfectdog.lv\/en\/wp-json\/wp\/v2\/types\/product"}],"replies":[{"embeddable":true,"href":"https:\/\/myperfectdog.lv\/en\/wp-json\/wp\/v2\/comments?post=12441"}],"wp:featuredmedia":[{"embeddable":true,"href":"https:\/\/myperfectdog.lv\/en\/wp-json\/wp\/v2\/media\/12424"}],"wp:attachment":[{"href":"https:\/\/myperfectdog.lv\/en\/wp-json\/wp\/v2\/media?parent=12441"}],"wp:term":[{"taxonomy":"product_brand","embeddable":true,"href":"https:\/\/myperfectdog.lv\/en\/wp-json\/wp\/v2\/product_brand?post=12441"},{"taxonomy":"product_cat","embeddable":true,"href":"https:\/\/myperfectdog.lv\/en\/wp-json\/wp\/v2\/product_cat?post=12441"},{"taxonomy":"product_tag","embeddable":true,"href":"https:\/\/myperfectdog.lv\/en\/wp-json\/wp\/v2\/product_tag?post=12441"}],"curies":[{"name":"wp","href":"https:\/\/api.w.org\/{rel}","templated":true}]}}