{"id":12705,"date":"2025-11-03T22:43:54","date_gmt":"2025-11-03T20:43:54","guid":{"rendered":"https:\/\/myperfectdog.lv\/?post_type=product&#038;p=12705"},"modified":"2026-04-23T13:27:41","modified_gmt":"2026-04-23T11:27:41","slug":"kiwi-walker-celojumu-bloda-double-bowl","status":"publish","type":"product","link":"https:\/\/myperfectdog.lv\/en\/product\/kiwi-walker-celojumu-bloda-double-bowl\/","title":{"rendered":"Kiwi Walker ce\u013cojumu b\u013coda Double Bowl"},"content":{"rendered":"<p>Priek\u0161roc\u012bbas:<\/p>\n<p>Travel Double Bowl ir pieejams 4 ko\u0161\u0101s un dz\u012bvespriec\u012bg\u0101s kr\u0101s\u0101s.<br \/>\nGluds un stil\u012bgs, augstas kvalit\u0101tes korpuss, kas ir ar\u012b \u012bpa\u0161i iztur\u012bgs.<br \/>\nNo\u0146emam\u0101s b\u013codas var mazg\u0101t trauku mazg\u0101jamaj\u0101 ma\u0161\u012bn\u0101 r\u016bp\u012bgai t\u012br\u012b\u0161anai.<br \/>\nPl\u0101ns un kompakts \u0113rtai uzglab\u0101\u0161anai un ce\u013co\u0161anai.<br \/>\nLieliski piem\u0113rotas gan bar\u012bbas, gan \u016bdens pied\u0101v\u0101\u0161anai j\u016bsu m\u0101jdz\u012bvniekam, ce\u013cojuma laik\u0101.<br \/>\nVar mazg\u0101t trauku mazg\u0101jam\u0101 ma\u0161\u012bn\u0101 30 \u00b0C.<\/p>\n<p>Izm\u0113rs-16,5&#215;4,5(8,0*)x16,5cm (* atloc\u012btas b\u013codas augstums)<\/p>","protected":false},"excerpt":{"rendered":"<p>Ar Kiwi Walker b\u013cod\u0101m j\u016bsu ce\u013cojums ar m\u012bluli b\u016bs viegls un pat\u012bkams. Travel Double Bowl ir nevis viena, bet divas lieliskas b\u013codi\u0146as &#8211; 350 ml katra, kas ir kompakti saloc\u012btas neliel\u0101 iepakojum\u0101, kas vienm\u0113r var b\u016bt pa rokai! B\u013codas ir izgatavotas no augst\u0101k\u0101s kvalit\u0101tes silikona, iztur\u012bgas pret skr\u0101p\u0113jumiem, neuzs\u016bc nepat\u012bkamas smakas un viegli t\u012br\u0101mas. Korpuss ir atverams ar r\u0101v\u0113jsl\u0113dz\u0113ju, un pa\u0161as b\u013codas ir piestiprin\u0101tas pie korpusa, pateicoties Velcro l\u012bmlentei.<\/p>\n<p>&nbsp;<\/p>\n<p>&nbsp;<\/p>","protected":false},"featured_media":12708,"comment_status":"closed","ping_status":"closed","template":"","meta":[],"product_brand":[],"product_cat":[42],"product_tag":[],"class_list":{"0":"post-12705","1":"product","2":"type-product","3":"status-publish","4":"has-post-thumbnail","6":"product_cat-gardumi-suniem","8":"first","9":"instock","10":"taxable","11":"shipping-taxable","12":"purchasable","13":"product-type-variable"},"yoast_head":"<!-- This site is optimized with the Yoast SEO plugin v27.5 - https:\/\/yoast.com\/product\/yoast-seo-wordpress\/ -->\n<title>Kiwi Walker ce\u013cojumu b\u013coda Double Bowl | MyPerfectDog.lv<\/title>\n<meta name=\"robots\" content=\"index, follow, max-snippet:-1, max-image-preview:large, max-video-preview:-1\" \/>\n<link rel=\"canonical\" href=\"https:\/\/myperfectdog.lv\/en\/product\/kiwi-walker-celojumu-bloda-double-bowl\/\" \/>\n<meta property=\"og:locale\" content=\"en_GB\" \/>\n<meta property=\"og:type\" content=\"article\" \/>\n<meta property=\"og:title\" content=\"Kiwi Walker ce\u013cojumu b\u013coda Double Bowl | MyPerfectDog.lv\" \/>\n<meta property=\"og:description\" content=\"Ar Kiwi Walker b\u013cod\u0101m j\u016bsu ce\u013cojums ar m\u012bluli b\u016bs viegls un pat\u012bkams. Travel Double Bowl ir nevis viena, bet divas lieliskas b\u013codi\u0146as - 350 ml katra, kas ir kompakti saloc\u012btas neliel\u0101 iepakojum\u0101, kas vienm\u0113r var b\u016bt pa rokai! B\u013codas ir izgatavotas no augst\u0101k\u0101s kvalit\u0101tes silikona, iztur\u012bgas pret skr\u0101p\u0113jumiem, neuzs\u016bc nepat\u012bkamas smakas un viegli t\u012br\u0101mas. Korpuss ir atverams ar r\u0101v\u0113jsl\u0113dz\u0113ju, un pa\u0161as b\u013codas ir piestiprin\u0101tas pie korpusa, pateicoties Velcro l\u012bmlentei.  &nbsp;  &nbsp;\" \/>\n<meta property=\"og:url\" content=\"https:\/\/myperfectdog.lv\/en\/product\/kiwi-walker-celojumu-bloda-double-bowl\/\" \/>\n<meta property=\"og:site_name\" content=\"MyPerfectDog.lv\" \/>\n<meta property=\"article:modified_time\" content=\"2026-04-23T11:27:41+00:00\" \/>\n<meta property=\"og:image\" content=\"https:\/\/myperfectdog.lv\/wp-content\/uploads\/2025\/11\/8596075001414-4.png\" \/>\n\t<meta property=\"og:image:width\" content=\"1100\" \/>\n\t<meta property=\"og:image:height\" content=\"1100\" \/>\n\t<meta property=\"og:image:type\" content=\"image\/png\" \/>\n<meta name=\"twitter:card\" content=\"summary_large_image\" \/>\n<meta name=\"twitter:label1\" content=\"Estimated reading time\" \/>\n\t<meta name=\"twitter:data1\" content=\"1 minute\" \/>\n<script type=\"application\/ld+json\" class=\"yoast-schema-graph\">{\"@context\":\"https:\\\/\\\/schema.org\",\"@graph\":[{\"@type\":\"WebPage\",\"@id\":\"https:\\\/\\\/myperfectdog.lv\\\/products\\\/kiwi-walker-celojumu-bloda-double-bowl\\\/\",\"url\":\"https:\\\/\\\/myperfectdog.lv\\\/products\\\/kiwi-walker-celojumu-bloda-double-bowl\\\/\",\"name\":\"Kiwi Walker ce\u013cojumu b\u013coda Double Bowl | MyPerfectDog.lv\",\"isPartOf\":{\"@id\":\"https:\\\/\\\/myperfectdog.lv\\\/#website\"},\"primaryImageOfPage\":{\"@id\":\"https:\\\/\\\/myperfectdog.lv\\\/products\\\/kiwi-walker-celojumu-bloda-double-bowl\\\/#primaryimage\"},\"image\":{\"@id\":\"https:\\\/\\\/myperfectdog.lv\\\/products\\\/kiwi-walker-celojumu-bloda-double-bowl\\\/#primaryimage\"},\"thumbnailUrl\":\"https:\\\/\\\/myperfectdog.lv\\\/wp-content\\\/uploads\\\/2025\\\/11\\\/8596075001414-4.png\",\"datePublished\":\"2025-11-03T20:43:54+00:00\",\"dateModified\":\"2026-04-23T11:27:41+00:00\",\"breadcrumb\":{\"@id\":\"https:\\\/\\\/myperfectdog.lv\\\/products\\\/kiwi-walker-celojumu-bloda-double-bowl\\\/#breadcrumb\"},\"inLanguage\":\"en-GB\",\"potentialAction\":[{\"@type\":\"ReadAction\",\"target\":[\"https:\\\/\\\/myperfectdog.lv\\\/products\\\/kiwi-walker-celojumu-bloda-double-bowl\\\/\"]}]},{\"@type\":\"ImageObject\",\"inLanguage\":\"en-GB\",\"@id\":\"https:\\\/\\\/myperfectdog.lv\\\/products\\\/kiwi-walker-celojumu-bloda-double-bowl\\\/#primaryimage\",\"url\":\"https:\\\/\\\/myperfectdog.lv\\\/wp-content\\\/uploads\\\/2025\\\/11\\\/8596075001414-4.png\",\"contentUrl\":\"https:\\\/\\\/myperfectdog.lv\\\/wp-content\\\/uploads\\\/2025\\\/11\\\/8596075001414-4.png\",\"width\":1100,\"height\":1100},{\"@type\":\"BreadcrumbList\",\"@id\":\"https:\\\/\\\/myperfectdog.lv\\\/products\\\/kiwi-walker-celojumu-bloda-double-bowl\\\/#breadcrumb\",\"itemListElement\":[{\"@type\":\"ListItem\",\"position\":1,\"name\":\"Home\",\"item\":\"https:\\\/\\\/myperfectdog.lv\\\/\"},{\"@type\":\"ListItem\",\"position\":2,\"name\":\"Internetveikals\",\"item\":\"https:\\\/\\\/myperfectdog.lv\\\/internetveikals\\\/\"},{\"@type\":\"ListItem\",\"position\":3,\"name\":\"Kiwi Walker ce\u013cojumu b\u013coda Double Bowl\"}]},{\"@type\":\"WebSite\",\"@id\":\"https:\\\/\\\/myperfectdog.lv\\\/#website\",\"url\":\"https:\\\/\\\/myperfectdog.lv\\\/\",\"name\":\"MyPerfectDog.lv\",\"description\":\"Su\u0146u un saimnieku skola\",\"publisher\":{\"@id\":\"https:\\\/\\\/myperfectdog.lv\\\/#organization\"},\"potentialAction\":[{\"@type\":\"SearchAction\",\"target\":{\"@type\":\"EntryPoint\",\"urlTemplate\":\"https:\\\/\\\/myperfectdog.lv\\\/?s={search_term_string}\"},\"query-input\":{\"@type\":\"PropertyValueSpecification\",\"valueRequired\":true,\"valueName\":\"search_term_string\"}}],\"inLanguage\":\"en-GB\"},{\"@type\":\"Organization\",\"@id\":\"https:\\\/\\\/myperfectdog.lv\\\/#organization\",\"name\":\"Su\u0146u & saimnieku skola \\\"My Perfect Dog\\\"\",\"url\":\"https:\\\/\\\/myperfectdog.lv\\\/\",\"logo\":{\"@type\":\"ImageObject\",\"inLanguage\":\"en-GB\",\"@id\":\"https:\\\/\\\/myperfectdog.lv\\\/#\\\/schema\\\/logo\\\/image\\\/\",\"url\":\"https:\\\/\\\/myperfectdog.lv\\\/wp-content\\\/uploads\\\/2020\\\/10\\\/MyPerfectDog-New-logo_peach_plakans.png\",\"contentUrl\":\"https:\\\/\\\/myperfectdog.lv\\\/wp-content\\\/uploads\\\/2020\\\/10\\\/MyPerfectDog-New-logo_peach_plakans.png\",\"width\":1200,\"height\":636,\"caption\":\"Su\u0146u & saimnieku skola \\\"My Perfect Dog\\\"\"},\"image\":{\"@id\":\"https:\\\/\\\/myperfectdog.lv\\\/#\\\/schema\\\/logo\\\/image\\\/\"}}]}<\/script>\n<!-- \/ Yoast SEO plugin. -->","yoast_head_json":{"title":"Kiwi Walker ce\u013cojumu b\u013coda Double Bowl | MyPerfectDog.lv","robots":{"index":"index","follow":"follow","max-snippet":"max-snippet:-1","max-image-preview":"max-image-preview:large","max-video-preview":"max-video-preview:-1"},"canonical":"https:\/\/myperfectdog.lv\/en\/product\/kiwi-walker-celojumu-bloda-double-bowl\/","og_locale":"en_GB","og_type":"article","og_title":"Kiwi Walker ce\u013cojumu b\u013coda Double Bowl | MyPerfectDog.lv","og_description":"Ar Kiwi Walker b\u013cod\u0101m j\u016bsu ce\u013cojums ar m\u012bluli b\u016bs viegls un pat\u012bkams. Travel Double Bowl ir nevis viena, bet divas lieliskas b\u013codi\u0146as - 350 ml katra, kas ir kompakti saloc\u012btas neliel\u0101 iepakojum\u0101, kas vienm\u0113r var b\u016bt pa rokai! B\u013codas ir izgatavotas no augst\u0101k\u0101s kvalit\u0101tes silikona, iztur\u012bgas pret skr\u0101p\u0113jumiem, neuzs\u016bc nepat\u012bkamas smakas un viegli t\u012br\u0101mas. Korpuss ir atverams ar r\u0101v\u0113jsl\u0113dz\u0113ju, un pa\u0161as b\u013codas ir piestiprin\u0101tas pie korpusa, pateicoties Velcro l\u012bmlentei.  &nbsp;  &nbsp;","og_url":"https:\/\/myperfectdog.lv\/en\/product\/kiwi-walker-celojumu-bloda-double-bowl\/","og_site_name":"MyPerfectDog.lv","article_modified_time":"2026-04-23T11:27:41+00:00","og_image":[{"width":1100,"height":1100,"url":"https:\/\/myperfectdog.lv\/wp-content\/uploads\/2025\/11\/8596075001414-4.png","type":"image\/png"}],"twitter_card":"summary_large_image","twitter_misc":{"Estimated reading time":"1 minute"},"schema":{"@context":"https:\/\/schema.org","@graph":[{"@type":"WebPage","@id":"https:\/\/myperfectdog.lv\/products\/kiwi-walker-celojumu-bloda-double-bowl\/","url":"https:\/\/myperfectdog.lv\/products\/kiwi-walker-celojumu-bloda-double-bowl\/","name":"Kiwi Walker ce\u013cojumu b\u013coda Double Bowl | MyPerfectDog.lv","isPartOf":{"@id":"https:\/\/myperfectdog.lv\/#website"},"primaryImageOfPage":{"@id":"https:\/\/myperfectdog.lv\/products\/kiwi-walker-celojumu-bloda-double-bowl\/#primaryimage"},"image":{"@id":"https:\/\/myperfectdog.lv\/products\/kiwi-walker-celojumu-bloda-double-bowl\/#primaryimage"},"thumbnailUrl":"https:\/\/myperfectdog.lv\/wp-content\/uploads\/2025\/11\/8596075001414-4.png","datePublished":"2025-11-03T20:43:54+00:00","dateModified":"2026-04-23T11:27:41+00:00","breadcrumb":{"@id":"https:\/\/myperfectdog.lv\/products\/kiwi-walker-celojumu-bloda-double-bowl\/#breadcrumb"},"inLanguage":"en-GB","potentialAction":[{"@type":"ReadAction","target":["https:\/\/myperfectdog.lv\/products\/kiwi-walker-celojumu-bloda-double-bowl\/"]}]},{"@type":"ImageObject","inLanguage":"en-GB","@id":"https:\/\/myperfectdog.lv\/products\/kiwi-walker-celojumu-bloda-double-bowl\/#primaryimage","url":"https:\/\/myperfectdog.lv\/wp-content\/uploads\/2025\/11\/8596075001414-4.png","contentUrl":"https:\/\/myperfectdog.lv\/wp-content\/uploads\/2025\/11\/8596075001414-4.png","width":1100,"height":1100},{"@type":"BreadcrumbList","@id":"https:\/\/myperfectdog.lv\/products\/kiwi-walker-celojumu-bloda-double-bowl\/#breadcrumb","itemListElement":[{"@type":"ListItem","position":1,"name":"Home","item":"https:\/\/myperfectdog.lv\/"},{"@type":"ListItem","position":2,"name":"Internetveikals","item":"https:\/\/myperfectdog.lv\/internetveikals\/"},{"@type":"ListItem","position":3,"name":"Kiwi Walker ce\u013cojumu b\u013coda Double Bowl"}]},{"@type":"WebSite","@id":"https:\/\/myperfectdog.lv\/#website","url":"https:\/\/myperfectdog.lv\/","name":"MyPerfectDog.lv","description":"Su\u0146u un saimnieku skola","publisher":{"@id":"https:\/\/myperfectdog.lv\/#organization"},"potentialAction":[{"@type":"SearchAction","target":{"@type":"EntryPoint","urlTemplate":"https:\/\/myperfectdog.lv\/?s={search_term_string}"},"query-input":{"@type":"PropertyValueSpecification","valueRequired":true,"valueName":"search_term_string"}}],"inLanguage":"en-GB"},{"@type":"Organization","@id":"https:\/\/myperfectdog.lv\/#organization","name":"Su\u0146u & saimnieku skola \"My Perfect Dog\"","url":"https:\/\/myperfectdog.lv\/","logo":{"@type":"ImageObject","inLanguage":"en-GB","@id":"https:\/\/myperfectdog.lv\/#\/schema\/logo\/image\/","url":"https:\/\/myperfectdog.lv\/wp-content\/uploads\/2020\/10\/MyPerfectDog-New-logo_peach_plakans.png","contentUrl":"https:\/\/myperfectdog.lv\/wp-content\/uploads\/2020\/10\/MyPerfectDog-New-logo_peach_plakans.png","width":1200,"height":636,"caption":"Su\u0146u & saimnieku skola \"My Perfect Dog\""},"image":{"@id":"https:\/\/myperfectdog.lv\/#\/schema\/logo\/image\/"}}]}},"jetpack_sharing_enabled":true,"_links":{"self":[{"href":"https:\/\/myperfectdog.lv\/en\/wp-json\/wp\/v2\/product\/12705","targetHints":{"allow":["GET"]}}],"collection":[{"href":"https:\/\/myperfectdog.lv\/en\/wp-json\/wp\/v2\/product"}],"about":[{"href":"https:\/\/myperfectdog.lv\/en\/wp-json\/wp\/v2\/types\/product"}],"replies":[{"embeddable":true,"href":"https:\/\/myperfectdog.lv\/en\/wp-json\/wp\/v2\/comments?post=12705"}],"wp:featuredmedia":[{"embeddable":true,"href":"https:\/\/myperfectdog.lv\/en\/wp-json\/wp\/v2\/media\/12708"}],"wp:attachment":[{"href":"https:\/\/myperfectdog.lv\/en\/wp-json\/wp\/v2\/media?parent=12705"}],"wp:term":[{"taxonomy":"product_brand","embeddable":true,"href":"https:\/\/myperfectdog.lv\/en\/wp-json\/wp\/v2\/product_brand?post=12705"},{"taxonomy":"product_cat","embeddable":true,"href":"https:\/\/myperfectdog.lv\/en\/wp-json\/wp\/v2\/product_cat?post=12705"},{"taxonomy":"product_tag","embeddable":true,"href":"https:\/\/myperfectdog.lv\/en\/wp-json\/wp\/v2\/product_tag?post=12705"}],"curies":[{"name":"wp","href":"https:\/\/api.w.org\/{rel}","templated":true}]}}