{"id":12719,"date":"2025-11-03T22:52:29","date_gmt":"2025-11-03T20:52:29","guid":{"rendered":"https:\/\/myperfectdog.lv\/?post_type=product&#038;p=12719"},"modified":"2025-12-29T11:18:44","modified_gmt":"2025-12-29T09:18:44","slug":"kiwi-walker-liofilizeti-karumi","status":"publish","type":"product","link":"https:\/\/myperfectdog.lv\/en\/product\/kiwi-walker-liofilizeti-karumi\/","title":{"rendered":"Kiwi Walker Liofiliz\u0113ti k\u0101rumi"},"content":{"rendered":"<p>-100% dab\u012bgi<br \/>\n-Nav taukaini un lip\u012bgi<br \/>\n-Bez piedev\u0101m vai konservantiem<br \/>\n-Lieliski k\u0101rumi su\u0146iem<\/p>\n<p>At\u0161\u0137ir\u012bgi iepakojumi<\/p>","protected":false},"excerpt":{"rendered":"<p>Kiwi Walker k\u0101rumi ir 100% dab\u012bgi. Tiem nav pievienotas piedevas vai konservanti. Satur tikai \u012bstus aug\u013cus, d\u0101rze\u0146us vai ga\u013cu. Tie ir viegli, nav taukaini un lieliski piem\u0113roti, lai palutin\u0101tu savu m\u012bluli ar vesel\u012bgu uzkodu vai balvu. Auksti kalt\u0113tie k\u0101rumi tiek pagatavoti bez termisk\u0101s apstr\u0101des, t\u0101p\u0113c tie saglab\u0101 visas svaigo sast\u0101vda\u013cu dab\u012bg\u0101s \u012bpa\u0161\u012bbas un gar\u0161u.<\/p>\n<p>Papildbar\u012bba su\u0146iem.<\/p>\n<p>K\u0101rumi piem\u0113roti gan k\u0101 ikdienas na\u0161\u0137is, gan k\u0101 apbalvojums treni\u0146u laik\u0101.<\/p>\n<p>R\u016bp\u0113jieties, lai dz\u012bvniekam b\u016btu pieejams svaigs dzeramais \u016bdens.<br \/>\nGlab\u0101t v\u0113s\u0101, saus\u0101 viet\u0101.<\/p>","protected":false},"featured_media":12725,"comment_status":"closed","ping_status":"closed","template":"","meta":[],"product_brand":[],"product_cat":[42],"product_tag":[],"class_list":{"0":"post-12719","1":"product","2":"type-product","3":"status-publish","4":"has-post-thumbnail","6":"product_cat-gardumi-suniem","8":"first","9":"instock","10":"taxable","11":"shipping-taxable","12":"purchasable","13":"product-type-variable"},"yoast_head":"<!-- This site is optimized with the Yoast SEO plugin v27.6 - https:\/\/yoast.com\/product\/yoast-seo-wordpress\/ -->\n<title>Kiwi Walker Liofiliz\u0113ti k\u0101rumi | MyPerfectDog.lv<\/title>\n<meta name=\"robots\" content=\"index, follow, max-snippet:-1, max-image-preview:large, max-video-preview:-1\" \/>\n<link rel=\"canonical\" href=\"https:\/\/myperfectdog.lv\/en\/product\/kiwi-walker-liofilizeti-karumi\/\" \/>\n<meta property=\"og:locale\" content=\"en_GB\" \/>\n<meta property=\"og:type\" content=\"article\" \/>\n<meta property=\"og:title\" content=\"Kiwi Walker Liofiliz\u0113ti k\u0101rumi | MyPerfectDog.lv\" \/>\n<meta property=\"og:description\" content=\"Kiwi Walker k\u0101rumi ir 100% dab\u012bgi. Tiem nav pievienotas piedevas vai konservanti. Satur tikai \u012bstus aug\u013cus, d\u0101rze\u0146us vai ga\u013cu. Tie ir viegli, nav taukaini un lieliski piem\u0113roti, lai palutin\u0101tu savu m\u012bluli ar vesel\u012bgu uzkodu vai balvu. Auksti kalt\u0113tie k\u0101rumi tiek pagatavoti bez termisk\u0101s apstr\u0101des, t\u0101p\u0113c tie saglab\u0101 visas svaigo sast\u0101vda\u013cu dab\u012bg\u0101s \u012bpa\u0161\u012bbas un gar\u0161u.  Papildbar\u012bba su\u0146iem.  K\u0101rumi piem\u0113roti gan k\u0101 ikdienas na\u0161\u0137is, gan k\u0101 apbalvojums treni\u0146u laik\u0101.  R\u016bp\u0113jieties, lai dz\u012bvniekam b\u016btu pieejams svaigs dzeramais \u016bdens. Glab\u0101t v\u0113s\u0101, saus\u0101 viet\u0101.\" \/>\n<meta property=\"og:url\" content=\"https:\/\/myperfectdog.lv\/en\/product\/kiwi-walker-liofilizeti-karumi\/\" \/>\n<meta property=\"og:site_name\" content=\"MyPerfectDog.lv\" \/>\n<meta property=\"article:modified_time\" content=\"2025-12-29T09:18:44+00:00\" \/>\n<meta property=\"og:image\" content=\"https:\/\/myperfectdog.lv\/wp-content\/uploads\/2025\/11\/8596075002893-3.png\" \/>\n\t<meta property=\"og:image:width\" content=\"1100\" \/>\n\t<meta property=\"og:image:height\" content=\"1100\" \/>\n\t<meta property=\"og:image:type\" content=\"image\/png\" \/>\n<meta name=\"twitter:card\" content=\"summary_large_image\" \/>\n<meta name=\"twitter:label1\" content=\"Estimated reading time\" \/>\n\t<meta name=\"twitter:data1\" content=\"1 minute\" \/>\n<script type=\"application\/ld+json\" class=\"yoast-schema-graph\">{\"@context\":\"https:\\\/\\\/schema.org\",\"@graph\":[{\"@type\":\"WebPage\",\"@id\":\"https:\\\/\\\/myperfectdog.lv\\\/products\\\/kiwi-walker-liofilizeti-karumi\\\/\",\"url\":\"https:\\\/\\\/myperfectdog.lv\\\/products\\\/kiwi-walker-liofilizeti-karumi\\\/\",\"name\":\"Kiwi Walker Liofiliz\u0113ti k\u0101rumi | MyPerfectDog.lv\",\"isPartOf\":{\"@id\":\"https:\\\/\\\/myperfectdog.lv\\\/#website\"},\"primaryImageOfPage\":{\"@id\":\"https:\\\/\\\/myperfectdog.lv\\\/products\\\/kiwi-walker-liofilizeti-karumi\\\/#primaryimage\"},\"image\":{\"@id\":\"https:\\\/\\\/myperfectdog.lv\\\/products\\\/kiwi-walker-liofilizeti-karumi\\\/#primaryimage\"},\"thumbnailUrl\":\"https:\\\/\\\/myperfectdog.lv\\\/wp-content\\\/uploads\\\/2025\\\/11\\\/8596075002893-3.png\",\"datePublished\":\"2025-11-03T20:52:29+00:00\",\"dateModified\":\"2025-12-29T09:18:44+00:00\",\"breadcrumb\":{\"@id\":\"https:\\\/\\\/myperfectdog.lv\\\/products\\\/kiwi-walker-liofilizeti-karumi\\\/#breadcrumb\"},\"inLanguage\":\"en-GB\",\"potentialAction\":[{\"@type\":\"ReadAction\",\"target\":[\"https:\\\/\\\/myperfectdog.lv\\\/products\\\/kiwi-walker-liofilizeti-karumi\\\/\"]}]},{\"@type\":\"ImageObject\",\"inLanguage\":\"en-GB\",\"@id\":\"https:\\\/\\\/myperfectdog.lv\\\/products\\\/kiwi-walker-liofilizeti-karumi\\\/#primaryimage\",\"url\":\"https:\\\/\\\/myperfectdog.lv\\\/wp-content\\\/uploads\\\/2025\\\/11\\\/8596075002893-3.png\",\"contentUrl\":\"https:\\\/\\\/myperfectdog.lv\\\/wp-content\\\/uploads\\\/2025\\\/11\\\/8596075002893-3.png\",\"width\":1100,\"height\":1100},{\"@type\":\"BreadcrumbList\",\"@id\":\"https:\\\/\\\/myperfectdog.lv\\\/products\\\/kiwi-walker-liofilizeti-karumi\\\/#breadcrumb\",\"itemListElement\":[{\"@type\":\"ListItem\",\"position\":1,\"name\":\"Home\",\"item\":\"https:\\\/\\\/myperfectdog.lv\\\/\"},{\"@type\":\"ListItem\",\"position\":2,\"name\":\"Internetveikals\",\"item\":\"https:\\\/\\\/myperfectdog.lv\\\/internetveikals\\\/\"},{\"@type\":\"ListItem\",\"position\":3,\"name\":\"Kiwi Walker Liofiliz\u0113ti k\u0101rumi\"}]},{\"@type\":\"WebSite\",\"@id\":\"https:\\\/\\\/myperfectdog.lv\\\/#website\",\"url\":\"https:\\\/\\\/myperfectdog.lv\\\/\",\"name\":\"MyPerfectDog.lv\",\"description\":\"Su\u0146u un saimnieku skola\",\"publisher\":{\"@id\":\"https:\\\/\\\/myperfectdog.lv\\\/#organization\"},\"potentialAction\":[{\"@type\":\"SearchAction\",\"target\":{\"@type\":\"EntryPoint\",\"urlTemplate\":\"https:\\\/\\\/myperfectdog.lv\\\/?s={search_term_string}\"},\"query-input\":{\"@type\":\"PropertyValueSpecification\",\"valueRequired\":true,\"valueName\":\"search_term_string\"}}],\"inLanguage\":\"en-GB\"},{\"@type\":\"Organization\",\"@id\":\"https:\\\/\\\/myperfectdog.lv\\\/#organization\",\"name\":\"Su\u0146u & saimnieku skola \\\"My Perfect Dog\\\"\",\"url\":\"https:\\\/\\\/myperfectdog.lv\\\/\",\"logo\":{\"@type\":\"ImageObject\",\"inLanguage\":\"en-GB\",\"@id\":\"https:\\\/\\\/myperfectdog.lv\\\/#\\\/schema\\\/logo\\\/image\\\/\",\"url\":\"https:\\\/\\\/myperfectdog.lv\\\/wp-content\\\/uploads\\\/2020\\\/10\\\/MyPerfectDog-New-logo_peach_plakans.png\",\"contentUrl\":\"https:\\\/\\\/myperfectdog.lv\\\/wp-content\\\/uploads\\\/2020\\\/10\\\/MyPerfectDog-New-logo_peach_plakans.png\",\"width\":1200,\"height\":636,\"caption\":\"Su\u0146u & saimnieku skola \\\"My Perfect Dog\\\"\"},\"image\":{\"@id\":\"https:\\\/\\\/myperfectdog.lv\\\/#\\\/schema\\\/logo\\\/image\\\/\"}}]}<\/script>\n<!-- \/ Yoast SEO plugin. -->","yoast_head_json":{"title":"Kiwi Walker Liofiliz\u0113ti k\u0101rumi | MyPerfectDog.lv","robots":{"index":"index","follow":"follow","max-snippet":"max-snippet:-1","max-image-preview":"max-image-preview:large","max-video-preview":"max-video-preview:-1"},"canonical":"https:\/\/myperfectdog.lv\/en\/product\/kiwi-walker-liofilizeti-karumi\/","og_locale":"en_GB","og_type":"article","og_title":"Kiwi Walker Liofiliz\u0113ti k\u0101rumi | MyPerfectDog.lv","og_description":"Kiwi Walker k\u0101rumi ir 100% dab\u012bgi. Tiem nav pievienotas piedevas vai konservanti. Satur tikai \u012bstus aug\u013cus, d\u0101rze\u0146us vai ga\u013cu. Tie ir viegli, nav taukaini un lieliski piem\u0113roti, lai palutin\u0101tu savu m\u012bluli ar vesel\u012bgu uzkodu vai balvu. Auksti kalt\u0113tie k\u0101rumi tiek pagatavoti bez termisk\u0101s apstr\u0101des, t\u0101p\u0113c tie saglab\u0101 visas svaigo sast\u0101vda\u013cu dab\u012bg\u0101s \u012bpa\u0161\u012bbas un gar\u0161u.  Papildbar\u012bba su\u0146iem.  K\u0101rumi piem\u0113roti gan k\u0101 ikdienas na\u0161\u0137is, gan k\u0101 apbalvojums treni\u0146u laik\u0101.  R\u016bp\u0113jieties, lai dz\u012bvniekam b\u016btu pieejams svaigs dzeramais \u016bdens. Glab\u0101t v\u0113s\u0101, saus\u0101 viet\u0101.","og_url":"https:\/\/myperfectdog.lv\/en\/product\/kiwi-walker-liofilizeti-karumi\/","og_site_name":"MyPerfectDog.lv","article_modified_time":"2025-12-29T09:18:44+00:00","og_image":[{"width":1100,"height":1100,"url":"https:\/\/myperfectdog.lv\/wp-content\/uploads\/2025\/11\/8596075002893-3.png","type":"image\/png"}],"twitter_card":"summary_large_image","twitter_misc":{"Estimated reading time":"1 minute"},"schema":{"@context":"https:\/\/schema.org","@graph":[{"@type":"WebPage","@id":"https:\/\/myperfectdog.lv\/products\/kiwi-walker-liofilizeti-karumi\/","url":"https:\/\/myperfectdog.lv\/products\/kiwi-walker-liofilizeti-karumi\/","name":"Kiwi Walker Liofiliz\u0113ti k\u0101rumi | MyPerfectDog.lv","isPartOf":{"@id":"https:\/\/myperfectdog.lv\/#website"},"primaryImageOfPage":{"@id":"https:\/\/myperfectdog.lv\/products\/kiwi-walker-liofilizeti-karumi\/#primaryimage"},"image":{"@id":"https:\/\/myperfectdog.lv\/products\/kiwi-walker-liofilizeti-karumi\/#primaryimage"},"thumbnailUrl":"https:\/\/myperfectdog.lv\/wp-content\/uploads\/2025\/11\/8596075002893-3.png","datePublished":"2025-11-03T20:52:29+00:00","dateModified":"2025-12-29T09:18:44+00:00","breadcrumb":{"@id":"https:\/\/myperfectdog.lv\/products\/kiwi-walker-liofilizeti-karumi\/#breadcrumb"},"inLanguage":"en-GB","potentialAction":[{"@type":"ReadAction","target":["https:\/\/myperfectdog.lv\/products\/kiwi-walker-liofilizeti-karumi\/"]}]},{"@type":"ImageObject","inLanguage":"en-GB","@id":"https:\/\/myperfectdog.lv\/products\/kiwi-walker-liofilizeti-karumi\/#primaryimage","url":"https:\/\/myperfectdog.lv\/wp-content\/uploads\/2025\/11\/8596075002893-3.png","contentUrl":"https:\/\/myperfectdog.lv\/wp-content\/uploads\/2025\/11\/8596075002893-3.png","width":1100,"height":1100},{"@type":"BreadcrumbList","@id":"https:\/\/myperfectdog.lv\/products\/kiwi-walker-liofilizeti-karumi\/#breadcrumb","itemListElement":[{"@type":"ListItem","position":1,"name":"Home","item":"https:\/\/myperfectdog.lv\/"},{"@type":"ListItem","position":2,"name":"Internetveikals","item":"https:\/\/myperfectdog.lv\/internetveikals\/"},{"@type":"ListItem","position":3,"name":"Kiwi Walker Liofiliz\u0113ti k\u0101rumi"}]},{"@type":"WebSite","@id":"https:\/\/myperfectdog.lv\/#website","url":"https:\/\/myperfectdog.lv\/","name":"MyPerfectDog.lv","description":"Su\u0146u un saimnieku skola","publisher":{"@id":"https:\/\/myperfectdog.lv\/#organization"},"potentialAction":[{"@type":"SearchAction","target":{"@type":"EntryPoint","urlTemplate":"https:\/\/myperfectdog.lv\/?s={search_term_string}"},"query-input":{"@type":"PropertyValueSpecification","valueRequired":true,"valueName":"search_term_string"}}],"inLanguage":"en-GB"},{"@type":"Organization","@id":"https:\/\/myperfectdog.lv\/#organization","name":"Su\u0146u & saimnieku skola \"My Perfect Dog\"","url":"https:\/\/myperfectdog.lv\/","logo":{"@type":"ImageObject","inLanguage":"en-GB","@id":"https:\/\/myperfectdog.lv\/#\/schema\/logo\/image\/","url":"https:\/\/myperfectdog.lv\/wp-content\/uploads\/2020\/10\/MyPerfectDog-New-logo_peach_plakans.png","contentUrl":"https:\/\/myperfectdog.lv\/wp-content\/uploads\/2020\/10\/MyPerfectDog-New-logo_peach_plakans.png","width":1200,"height":636,"caption":"Su\u0146u & saimnieku skola \"My Perfect Dog\""},"image":{"@id":"https:\/\/myperfectdog.lv\/#\/schema\/logo\/image\/"}}]}},"jetpack_sharing_enabled":true,"_links":{"self":[{"href":"https:\/\/myperfectdog.lv\/en\/wp-json\/wp\/v2\/product\/12719","targetHints":{"allow":["GET"]}}],"collection":[{"href":"https:\/\/myperfectdog.lv\/en\/wp-json\/wp\/v2\/product"}],"about":[{"href":"https:\/\/myperfectdog.lv\/en\/wp-json\/wp\/v2\/types\/product"}],"replies":[{"embeddable":true,"href":"https:\/\/myperfectdog.lv\/en\/wp-json\/wp\/v2\/comments?post=12719"}],"wp:featuredmedia":[{"embeddable":true,"href":"https:\/\/myperfectdog.lv\/en\/wp-json\/wp\/v2\/media\/12725"}],"wp:attachment":[{"href":"https:\/\/myperfectdog.lv\/en\/wp-json\/wp\/v2\/media?parent=12719"}],"wp:term":[{"taxonomy":"product_brand","embeddable":true,"href":"https:\/\/myperfectdog.lv\/en\/wp-json\/wp\/v2\/product_brand?post=12719"},{"taxonomy":"product_cat","embeddable":true,"href":"https:\/\/myperfectdog.lv\/en\/wp-json\/wp\/v2\/product_cat?post=12719"},{"taxonomy":"product_tag","embeddable":true,"href":"https:\/\/myperfectdog.lv\/en\/wp-json\/wp\/v2\/product_tag?post=12719"}],"curies":[{"name":"wp","href":"https:\/\/api.w.org\/{rel}","templated":true}]}}