{"id":12751,"date":"2025-11-03T23:06:37","date_gmt":"2025-11-03T21:06:37","guid":{"rendered":"https:\/\/myperfectdog.lv\/?post_type=product&#038;p=12751"},"modified":"2025-11-14T10:18:36","modified_gmt":"2025-11-14T08:18:36","slug":"kiwi-walker-silikona-karumu-somina","status":"publish","type":"product","link":"https:\/\/myperfectdog.lv\/en\/product\/kiwi-walker-silikona-karumu-somina\/","title":{"rendered":"Kiwi Walker silikona k\u0101rumu somi\u0146a"},"content":{"rendered":"<p>M\u012bksta silikona k\u0101rumu somi\u0146a.<\/p>\n<p>Pieejama 4 jautr\u0101s kr\u0101s\u0101s.<\/p>\n<p>Var mazg\u0101t trauku mazg\u0101jam\u0101 ma\u0161\u012bn\u0101 30 \u00b0C<\/p>\n<p>Izm\u0113rs 13.5x 5&#215;10 cm<\/p>","protected":false},"excerpt":{"rendered":"<p>M\u012bksta silikona k\u0101rumu somi\u0146a, kas \u0113rti piespr\u0101dz\u0113jama pie jostas.<br \/>\nLieliski piem\u0113rota un \u0113rta lieto\u0161anai pastaigu vai treni\u0146nodarb\u012bbu laik\u0101 ar suni.<br \/>\nSomi\u0146as aug\u0161pus\u0113 ir magn\u0113ta aizdare, kas viegli atveras, kad nepiecie\u0161ams piek\u013c\u016bt k\u0101rumiem, un p\u0113c tam atkal aizveras, lai nov\u0113rstu k\u0101rumu izkri\u0161anu.<\/p>\n<p>&nbsp;<\/p>\n<p>&nbsp;<\/p>","protected":false},"featured_media":12759,"comment_status":"closed","ping_status":"closed","template":"","meta":[],"product_brand":[],"product_cat":[42,47],"product_tag":[],"class_list":{"0":"post-12751","1":"product","2":"type-product","3":"status-publish","4":"has-post-thumbnail","6":"product_cat-gardumi-suniem","7":"product_cat-pastaigu-aprikojums","9":"first","10":"instock","11":"taxable","12":"shipping-taxable","13":"purchasable","14":"product-type-variable"},"yoast_head":"<!-- This site is optimized with the Yoast SEO plugin v27.5 - https:\/\/yoast.com\/product\/yoast-seo-wordpress\/ -->\n<title>Kiwi Walker silikona k\u0101rumu somi\u0146a | MyPerfectDog.lv<\/title>\n<meta name=\"robots\" content=\"index, follow, max-snippet:-1, max-image-preview:large, max-video-preview:-1\" \/>\n<link rel=\"canonical\" href=\"https:\/\/myperfectdog.lv\/en\/product\/kiwi-walker-silikona-karumu-somina\/\" \/>\n<meta property=\"og:locale\" content=\"en_GB\" \/>\n<meta property=\"og:type\" content=\"article\" \/>\n<meta property=\"og:title\" content=\"Kiwi Walker silikona k\u0101rumu somi\u0146a | MyPerfectDog.lv\" \/>\n<meta property=\"og:description\" content=\"M\u012bksta silikona k\u0101rumu somi\u0146a, kas \u0113rti piespr\u0101dz\u0113jama pie jostas. Lieliski piem\u0113rota un \u0113rta lieto\u0161anai pastaigu vai treni\u0146nodarb\u012bbu laik\u0101 ar suni. Somi\u0146as aug\u0161pus\u0113 ir magn\u0113ta aizdare, kas viegli atveras, kad nepiecie\u0161ams piek\u013c\u016bt k\u0101rumiem, un p\u0113c tam atkal aizveras, lai nov\u0113rstu k\u0101rumu izkri\u0161anu.  &nbsp;  &nbsp;\" \/>\n<meta property=\"og:url\" content=\"https:\/\/myperfectdog.lv\/en\/product\/kiwi-walker-silikona-karumu-somina\/\" \/>\n<meta property=\"og:site_name\" content=\"MyPerfectDog.lv\" \/>\n<meta property=\"article:modified_time\" content=\"2025-11-14T08:18:36+00:00\" \/>\n<meta property=\"og:image\" content=\"https:\/\/myperfectdog.lv\/wp-content\/uploads\/2025\/11\/8596075002329-4.jpg\" \/>\n\t<meta property=\"og:image:width\" content=\"1400\" \/>\n\t<meta property=\"og:image:height\" content=\"1400\" \/>\n\t<meta property=\"og:image:type\" content=\"image\/jpeg\" \/>\n<meta name=\"twitter:card\" content=\"summary_large_image\" \/>\n<meta name=\"twitter:label1\" content=\"Estimated reading time\" \/>\n\t<meta name=\"twitter:data1\" content=\"1 minute\" \/>\n<script type=\"application\/ld+json\" class=\"yoast-schema-graph\">{\"@context\":\"https:\\\/\\\/schema.org\",\"@graph\":[{\"@type\":\"WebPage\",\"@id\":\"https:\\\/\\\/myperfectdog.lv\\\/products\\\/kiwi-walker-silikona-karumu-somina\\\/\",\"url\":\"https:\\\/\\\/myperfectdog.lv\\\/products\\\/kiwi-walker-silikona-karumu-somina\\\/\",\"name\":\"Kiwi Walker silikona k\u0101rumu somi\u0146a | MyPerfectDog.lv\",\"isPartOf\":{\"@id\":\"https:\\\/\\\/myperfectdog.lv\\\/#website\"},\"primaryImageOfPage\":{\"@id\":\"https:\\\/\\\/myperfectdog.lv\\\/products\\\/kiwi-walker-silikona-karumu-somina\\\/#primaryimage\"},\"image\":{\"@id\":\"https:\\\/\\\/myperfectdog.lv\\\/products\\\/kiwi-walker-silikona-karumu-somina\\\/#primaryimage\"},\"thumbnailUrl\":\"https:\\\/\\\/myperfectdog.lv\\\/wp-content\\\/uploads\\\/2025\\\/11\\\/8596075002329-4.jpg\",\"datePublished\":\"2025-11-03T21:06:37+00:00\",\"dateModified\":\"2025-11-14T08:18:36+00:00\",\"breadcrumb\":{\"@id\":\"https:\\\/\\\/myperfectdog.lv\\\/products\\\/kiwi-walker-silikona-karumu-somina\\\/#breadcrumb\"},\"inLanguage\":\"en-GB\",\"potentialAction\":[{\"@type\":\"ReadAction\",\"target\":[\"https:\\\/\\\/myperfectdog.lv\\\/products\\\/kiwi-walker-silikona-karumu-somina\\\/\"]}]},{\"@type\":\"ImageObject\",\"inLanguage\":\"en-GB\",\"@id\":\"https:\\\/\\\/myperfectdog.lv\\\/products\\\/kiwi-walker-silikona-karumu-somina\\\/#primaryimage\",\"url\":\"https:\\\/\\\/myperfectdog.lv\\\/wp-content\\\/uploads\\\/2025\\\/11\\\/8596075002329-4.jpg\",\"contentUrl\":\"https:\\\/\\\/myperfectdog.lv\\\/wp-content\\\/uploads\\\/2025\\\/11\\\/8596075002329-4.jpg\",\"width\":1400,\"height\":1400},{\"@type\":\"BreadcrumbList\",\"@id\":\"https:\\\/\\\/myperfectdog.lv\\\/products\\\/kiwi-walker-silikona-karumu-somina\\\/#breadcrumb\",\"itemListElement\":[{\"@type\":\"ListItem\",\"position\":1,\"name\":\"Home\",\"item\":\"https:\\\/\\\/myperfectdog.lv\\\/\"},{\"@type\":\"ListItem\",\"position\":2,\"name\":\"Internetveikals\",\"item\":\"https:\\\/\\\/myperfectdog.lv\\\/internetveikals\\\/\"},{\"@type\":\"ListItem\",\"position\":3,\"name\":\"Kiwi Walker silikona k\u0101rumu somi\u0146a\"}]},{\"@type\":\"WebSite\",\"@id\":\"https:\\\/\\\/myperfectdog.lv\\\/#website\",\"url\":\"https:\\\/\\\/myperfectdog.lv\\\/\",\"name\":\"MyPerfectDog.lv\",\"description\":\"Su\u0146u un saimnieku skola\",\"publisher\":{\"@id\":\"https:\\\/\\\/myperfectdog.lv\\\/#organization\"},\"potentialAction\":[{\"@type\":\"SearchAction\",\"target\":{\"@type\":\"EntryPoint\",\"urlTemplate\":\"https:\\\/\\\/myperfectdog.lv\\\/?s={search_term_string}\"},\"query-input\":{\"@type\":\"PropertyValueSpecification\",\"valueRequired\":true,\"valueName\":\"search_term_string\"}}],\"inLanguage\":\"en-GB\"},{\"@type\":\"Organization\",\"@id\":\"https:\\\/\\\/myperfectdog.lv\\\/#organization\",\"name\":\"Su\u0146u & saimnieku skola \\\"My Perfect Dog\\\"\",\"url\":\"https:\\\/\\\/myperfectdog.lv\\\/\",\"logo\":{\"@type\":\"ImageObject\",\"inLanguage\":\"en-GB\",\"@id\":\"https:\\\/\\\/myperfectdog.lv\\\/#\\\/schema\\\/logo\\\/image\\\/\",\"url\":\"https:\\\/\\\/myperfectdog.lv\\\/wp-content\\\/uploads\\\/2020\\\/10\\\/MyPerfectDog-New-logo_peach_plakans.png\",\"contentUrl\":\"https:\\\/\\\/myperfectdog.lv\\\/wp-content\\\/uploads\\\/2020\\\/10\\\/MyPerfectDog-New-logo_peach_plakans.png\",\"width\":1200,\"height\":636,\"caption\":\"Su\u0146u & saimnieku skola \\\"My Perfect Dog\\\"\"},\"image\":{\"@id\":\"https:\\\/\\\/myperfectdog.lv\\\/#\\\/schema\\\/logo\\\/image\\\/\"}}]}<\/script>\n<!-- \/ Yoast SEO plugin. -->","yoast_head_json":{"title":"Kiwi Walker silikona k\u0101rumu somi\u0146a | MyPerfectDog.lv","robots":{"index":"index","follow":"follow","max-snippet":"max-snippet:-1","max-image-preview":"max-image-preview:large","max-video-preview":"max-video-preview:-1"},"canonical":"https:\/\/myperfectdog.lv\/en\/product\/kiwi-walker-silikona-karumu-somina\/","og_locale":"en_GB","og_type":"article","og_title":"Kiwi Walker silikona k\u0101rumu somi\u0146a | MyPerfectDog.lv","og_description":"M\u012bksta silikona k\u0101rumu somi\u0146a, kas \u0113rti piespr\u0101dz\u0113jama pie jostas. Lieliski piem\u0113rota un \u0113rta lieto\u0161anai pastaigu vai treni\u0146nodarb\u012bbu laik\u0101 ar suni. Somi\u0146as aug\u0161pus\u0113 ir magn\u0113ta aizdare, kas viegli atveras, kad nepiecie\u0161ams piek\u013c\u016bt k\u0101rumiem, un p\u0113c tam atkal aizveras, lai nov\u0113rstu k\u0101rumu izkri\u0161anu.  &nbsp;  &nbsp;","og_url":"https:\/\/myperfectdog.lv\/en\/product\/kiwi-walker-silikona-karumu-somina\/","og_site_name":"MyPerfectDog.lv","article_modified_time":"2025-11-14T08:18:36+00:00","og_image":[{"width":1400,"height":1400,"url":"https:\/\/myperfectdog.lv\/wp-content\/uploads\/2025\/11\/8596075002329-4.jpg","type":"image\/jpeg"}],"twitter_card":"summary_large_image","twitter_misc":{"Estimated reading time":"1 minute"},"schema":{"@context":"https:\/\/schema.org","@graph":[{"@type":"WebPage","@id":"https:\/\/myperfectdog.lv\/products\/kiwi-walker-silikona-karumu-somina\/","url":"https:\/\/myperfectdog.lv\/products\/kiwi-walker-silikona-karumu-somina\/","name":"Kiwi Walker silikona k\u0101rumu somi\u0146a | MyPerfectDog.lv","isPartOf":{"@id":"https:\/\/myperfectdog.lv\/#website"},"primaryImageOfPage":{"@id":"https:\/\/myperfectdog.lv\/products\/kiwi-walker-silikona-karumu-somina\/#primaryimage"},"image":{"@id":"https:\/\/myperfectdog.lv\/products\/kiwi-walker-silikona-karumu-somina\/#primaryimage"},"thumbnailUrl":"https:\/\/myperfectdog.lv\/wp-content\/uploads\/2025\/11\/8596075002329-4.jpg","datePublished":"2025-11-03T21:06:37+00:00","dateModified":"2025-11-14T08:18:36+00:00","breadcrumb":{"@id":"https:\/\/myperfectdog.lv\/products\/kiwi-walker-silikona-karumu-somina\/#breadcrumb"},"inLanguage":"en-GB","potentialAction":[{"@type":"ReadAction","target":["https:\/\/myperfectdog.lv\/products\/kiwi-walker-silikona-karumu-somina\/"]}]},{"@type":"ImageObject","inLanguage":"en-GB","@id":"https:\/\/myperfectdog.lv\/products\/kiwi-walker-silikona-karumu-somina\/#primaryimage","url":"https:\/\/myperfectdog.lv\/wp-content\/uploads\/2025\/11\/8596075002329-4.jpg","contentUrl":"https:\/\/myperfectdog.lv\/wp-content\/uploads\/2025\/11\/8596075002329-4.jpg","width":1400,"height":1400},{"@type":"BreadcrumbList","@id":"https:\/\/myperfectdog.lv\/products\/kiwi-walker-silikona-karumu-somina\/#breadcrumb","itemListElement":[{"@type":"ListItem","position":1,"name":"Home","item":"https:\/\/myperfectdog.lv\/"},{"@type":"ListItem","position":2,"name":"Internetveikals","item":"https:\/\/myperfectdog.lv\/internetveikals\/"},{"@type":"ListItem","position":3,"name":"Kiwi Walker silikona k\u0101rumu somi\u0146a"}]},{"@type":"WebSite","@id":"https:\/\/myperfectdog.lv\/#website","url":"https:\/\/myperfectdog.lv\/","name":"MyPerfectDog.lv","description":"Su\u0146u un saimnieku skola","publisher":{"@id":"https:\/\/myperfectdog.lv\/#organization"},"potentialAction":[{"@type":"SearchAction","target":{"@type":"EntryPoint","urlTemplate":"https:\/\/myperfectdog.lv\/?s={search_term_string}"},"query-input":{"@type":"PropertyValueSpecification","valueRequired":true,"valueName":"search_term_string"}}],"inLanguage":"en-GB"},{"@type":"Organization","@id":"https:\/\/myperfectdog.lv\/#organization","name":"Su\u0146u & saimnieku skola \"My Perfect Dog\"","url":"https:\/\/myperfectdog.lv\/","logo":{"@type":"ImageObject","inLanguage":"en-GB","@id":"https:\/\/myperfectdog.lv\/#\/schema\/logo\/image\/","url":"https:\/\/myperfectdog.lv\/wp-content\/uploads\/2020\/10\/MyPerfectDog-New-logo_peach_plakans.png","contentUrl":"https:\/\/myperfectdog.lv\/wp-content\/uploads\/2020\/10\/MyPerfectDog-New-logo_peach_plakans.png","width":1200,"height":636,"caption":"Su\u0146u & saimnieku skola \"My Perfect Dog\""},"image":{"@id":"https:\/\/myperfectdog.lv\/#\/schema\/logo\/image\/"}}]}},"jetpack_sharing_enabled":true,"_links":{"self":[{"href":"https:\/\/myperfectdog.lv\/en\/wp-json\/wp\/v2\/product\/12751","targetHints":{"allow":["GET"]}}],"collection":[{"href":"https:\/\/myperfectdog.lv\/en\/wp-json\/wp\/v2\/product"}],"about":[{"href":"https:\/\/myperfectdog.lv\/en\/wp-json\/wp\/v2\/types\/product"}],"replies":[{"embeddable":true,"href":"https:\/\/myperfectdog.lv\/en\/wp-json\/wp\/v2\/comments?post=12751"}],"wp:featuredmedia":[{"embeddable":true,"href":"https:\/\/myperfectdog.lv\/en\/wp-json\/wp\/v2\/media\/12759"}],"wp:attachment":[{"href":"https:\/\/myperfectdog.lv\/en\/wp-json\/wp\/v2\/media?parent=12751"}],"wp:term":[{"taxonomy":"product_brand","embeddable":true,"href":"https:\/\/myperfectdog.lv\/en\/wp-json\/wp\/v2\/product_brand?post=12751"},{"taxonomy":"product_cat","embeddable":true,"href":"https:\/\/myperfectdog.lv\/en\/wp-json\/wp\/v2\/product_cat?post=12751"},{"taxonomy":"product_tag","embeddable":true,"href":"https:\/\/myperfectdog.lv\/en\/wp-json\/wp\/v2\/product_tag?post=12751"}],"curies":[{"name":"wp","href":"https:\/\/api.w.org\/{rel}","templated":true}]}}