{"id":12764,"date":"2025-11-03T23:16:11","date_gmt":"2025-11-03T21:16:11","guid":{"rendered":"https:\/\/myperfectdog.lv\/?post_type=product&#038;p=12764"},"modified":"2025-11-14T10:18:21","modified_gmt":"2025-11-14T08:18:21","slug":"kiwi-walker-izkarnijumu-maisinu-turetajs","status":"publish","type":"product","link":"https:\/\/myperfectdog.lv\/en\/product\/kiwi-walker-izkarnijumu-maisinu-turetajs\/","title":{"rendered":"Kiwi Walker izk\u0101rn\u012bjumu maisi\u0146u tur\u0113t\u0101js un maisi\u0146i"},"content":{"rendered":"<p>Pieejams spilgt\u0101s kr\u0101s\u0101s<br \/>\nTur\u0113t\u0101jam ir \u012bpa\u0161i silikona zobi\u0146i, kas atvieglo maisi\u0146u atdal\u012b\u0161anu pa vienam.<br \/>\n\u016adensnecaurlaid\u012bgs, dr\u012bkst mazg\u0101t trauku mazg\u0101jam\u0101s ma\u0161\u012bnas (l\u012bdz 30 \u00b0C).<br \/>\nKomplekt\u0101 ar\u012b 2 ru\u013c\u013ci pa 15 maisi\u0146iem katr\u0101.<\/p>\n<p>Izm\u0113ri: augstums 10 cm, diametrs 5 cm.<br \/>\nMateri\u0101ls: silikons<br \/>\nSpr\u0101dzes materi\u0101ls: alum\u012bnijs<br \/>\nPiem\u0113rots: standarta 15 maisi\u0146u ru\u013c\u013ciem.<\/p>\n<p>Biolo\u0123iski no\u0101rd\u0101mi maisi\u0146i izk\u0101rn\u012bjumu sav\u0101k\u0161anai.<\/p>\n<p>&nbsp;<\/p>\n<p>&nbsp;<\/p>","protected":false},"excerpt":{"rendered":"<p>Spilgts un stil\u012bgs silikona izk\u0101rn\u012bjumu maisi\u0146u tur\u0113t\u0101js-dozators Waste Bag Holder ir paredz\u0113ts izk\u0101rn\u012bjumu maisi\u0146u glab\u0101\u0161anai. Tam ir piem\u0113roti jebkuri standarta izm\u0113ra 15 maisi\u0146u ru\u013c\u013ci.<br \/>\nSilikons ir \u013coti m\u012bksts materi\u0101ls, t\u0101p\u0113c taj\u0101 var viegli ievietot maisi\u0146us. Pateicoties \u0113rtam un uzticamam alum\u012bnija klipsim, dozatoru var viegli piestiprin\u0101t pie pavadas, rati\u0146iem vai jostas.<\/p>\n<p>Kiwi Walker tur\u0113t\u0101js ir praktisks un \u0113rts maisi\u0146u uzglab\u0101\u0161anai!<\/p>\n<p>Kvalitat\u012bvi, kr\u0101saini un biolo\u0123iski no\u0101rd\u0101mi maisi\u0146i su\u0146u izk\u0101rn\u012bjumu sav\u0101k\u0161anai.<br \/>\nIepakojum\u0101 ir 5 ru\u013c\u013ci, katr\u0101 ir 15 maisi\u0146i.<br \/>\nMaisi\u0146i ir iztur\u012bgi, neizdala un izol\u0113 nepat\u012bkamas smakas<br \/>\nMaisi\u0146i ir bez smar\u017eas.<\/p>\n<p>&nbsp;<\/p>\n<p>&nbsp;<\/p>","protected":false},"featured_media":12777,"comment_status":"closed","ping_status":"closed","template":"","meta":[],"product_brand":[],"product_cat":[47],"product_tag":[],"class_list":{"0":"post-12764","1":"product","2":"type-product","3":"status-publish","4":"has-post-thumbnail","6":"product_cat-pastaigu-aprikojums","8":"first","9":"instock","10":"taxable","11":"shipping-taxable","12":"purchasable","13":"product-type-variable"},"yoast_head":"<!-- This site is optimized with the Yoast SEO plugin v27.6 - https:\/\/yoast.com\/product\/yoast-seo-wordpress\/ -->\n<title>Kiwi Walker izk\u0101rn\u012bjumu maisi\u0146u tur\u0113t\u0101js un maisi\u0146i | MyPerfectDog.lv<\/title>\n<meta name=\"robots\" content=\"index, follow, max-snippet:-1, max-image-preview:large, max-video-preview:-1\" \/>\n<link rel=\"canonical\" href=\"https:\/\/myperfectdog.lv\/en\/product\/kiwi-walker-izkarnijumu-maisinu-turetajs\/\" \/>\n<meta property=\"og:locale\" content=\"en_GB\" \/>\n<meta property=\"og:type\" content=\"article\" \/>\n<meta property=\"og:title\" content=\"Kiwi Walker izk\u0101rn\u012bjumu maisi\u0146u tur\u0113t\u0101js un maisi\u0146i | MyPerfectDog.lv\" \/>\n<meta property=\"og:description\" content=\"Spilgts un stil\u012bgs silikona izk\u0101rn\u012bjumu maisi\u0146u tur\u0113t\u0101js-dozators Waste Bag Holder ir paredz\u0113ts izk\u0101rn\u012bjumu maisi\u0146u glab\u0101\u0161anai. Tam ir piem\u0113roti jebkuri standarta izm\u0113ra 15 maisi\u0146u ru\u013c\u013ci. Silikons ir \u013coti m\u012bksts materi\u0101ls, t\u0101p\u0113c taj\u0101 var viegli ievietot maisi\u0146us. Pateicoties \u0113rtam un uzticamam alum\u012bnija klipsim, dozatoru var viegli piestiprin\u0101t pie pavadas, rati\u0146iem vai jostas.  Kiwi Walker tur\u0113t\u0101js ir praktisks un \u0113rts maisi\u0146u uzglab\u0101\u0161anai!  Kvalitat\u012bvi, kr\u0101saini un biolo\u0123iski no\u0101rd\u0101mi maisi\u0146i su\u0146u izk\u0101rn\u012bjumu sav\u0101k\u0161anai. Iepakojum\u0101 ir 5 ru\u013c\u013ci, katr\u0101 ir 15 maisi\u0146i. Maisi\u0146i ir iztur\u012bgi, neizdala un izol\u0113 nepat\u012bkamas smakas Maisi\u0146i ir bez smar\u017eas.  &nbsp;  &nbsp;\" \/>\n<meta property=\"og:url\" content=\"https:\/\/myperfectdog.lv\/en\/product\/kiwi-walker-izkarnijumu-maisinu-turetajs\/\" \/>\n<meta property=\"og:site_name\" content=\"MyPerfectDog.lv\" \/>\n<meta property=\"article:modified_time\" content=\"2025-11-14T08:18:21+00:00\" \/>\n<meta property=\"og:image\" content=\"https:\/\/myperfectdog.lv\/wp-content\/uploads\/2025\/11\/8596075002305-4.png\" \/>\n\t<meta property=\"og:image:width\" content=\"1100\" \/>\n\t<meta property=\"og:image:height\" content=\"1100\" \/>\n\t<meta property=\"og:image:type\" content=\"image\/png\" \/>\n<meta name=\"twitter:card\" content=\"summary_large_image\" \/>\n<meta name=\"twitter:label1\" content=\"Estimated reading time\" \/>\n\t<meta name=\"twitter:data1\" content=\"1 minute\" \/>\n<script type=\"application\/ld+json\" class=\"yoast-schema-graph\">{\"@context\":\"https:\\\/\\\/schema.org\",\"@graph\":[{\"@type\":\"WebPage\",\"@id\":\"https:\\\/\\\/myperfectdog.lv\\\/products\\\/kiwi-walker-izkarnijumu-maisinu-turetajs\\\/\",\"url\":\"https:\\\/\\\/myperfectdog.lv\\\/products\\\/kiwi-walker-izkarnijumu-maisinu-turetajs\\\/\",\"name\":\"Kiwi Walker izk\u0101rn\u012bjumu maisi\u0146u tur\u0113t\u0101js un maisi\u0146i | MyPerfectDog.lv\",\"isPartOf\":{\"@id\":\"https:\\\/\\\/myperfectdog.lv\\\/#website\"},\"primaryImageOfPage\":{\"@id\":\"https:\\\/\\\/myperfectdog.lv\\\/products\\\/kiwi-walker-izkarnijumu-maisinu-turetajs\\\/#primaryimage\"},\"image\":{\"@id\":\"https:\\\/\\\/myperfectdog.lv\\\/products\\\/kiwi-walker-izkarnijumu-maisinu-turetajs\\\/#primaryimage\"},\"thumbnailUrl\":\"https:\\\/\\\/myperfectdog.lv\\\/wp-content\\\/uploads\\\/2025\\\/11\\\/8596075002305-4.png\",\"datePublished\":\"2025-11-03T21:16:11+00:00\",\"dateModified\":\"2025-11-14T08:18:21+00:00\",\"breadcrumb\":{\"@id\":\"https:\\\/\\\/myperfectdog.lv\\\/products\\\/kiwi-walker-izkarnijumu-maisinu-turetajs\\\/#breadcrumb\"},\"inLanguage\":\"en-GB\",\"potentialAction\":[{\"@type\":\"ReadAction\",\"target\":[\"https:\\\/\\\/myperfectdog.lv\\\/products\\\/kiwi-walker-izkarnijumu-maisinu-turetajs\\\/\"]}]},{\"@type\":\"ImageObject\",\"inLanguage\":\"en-GB\",\"@id\":\"https:\\\/\\\/myperfectdog.lv\\\/products\\\/kiwi-walker-izkarnijumu-maisinu-turetajs\\\/#primaryimage\",\"url\":\"https:\\\/\\\/myperfectdog.lv\\\/wp-content\\\/uploads\\\/2025\\\/11\\\/8596075002305-4.png\",\"contentUrl\":\"https:\\\/\\\/myperfectdog.lv\\\/wp-content\\\/uploads\\\/2025\\\/11\\\/8596075002305-4.png\",\"width\":1100,\"height\":1100},{\"@type\":\"BreadcrumbList\",\"@id\":\"https:\\\/\\\/myperfectdog.lv\\\/products\\\/kiwi-walker-izkarnijumu-maisinu-turetajs\\\/#breadcrumb\",\"itemListElement\":[{\"@type\":\"ListItem\",\"position\":1,\"name\":\"Home\",\"item\":\"https:\\\/\\\/myperfectdog.lv\\\/\"},{\"@type\":\"ListItem\",\"position\":2,\"name\":\"Internetveikals\",\"item\":\"https:\\\/\\\/myperfectdog.lv\\\/internetveikals\\\/\"},{\"@type\":\"ListItem\",\"position\":3,\"name\":\"Kiwi Walker izk\u0101rn\u012bjumu maisi\u0146u tur\u0113t\u0101js un maisi\u0146i\"}]},{\"@type\":\"WebSite\",\"@id\":\"https:\\\/\\\/myperfectdog.lv\\\/#website\",\"url\":\"https:\\\/\\\/myperfectdog.lv\\\/\",\"name\":\"MyPerfectDog.lv\",\"description\":\"Su\u0146u un saimnieku skola\",\"publisher\":{\"@id\":\"https:\\\/\\\/myperfectdog.lv\\\/#organization\"},\"potentialAction\":[{\"@type\":\"SearchAction\",\"target\":{\"@type\":\"EntryPoint\",\"urlTemplate\":\"https:\\\/\\\/myperfectdog.lv\\\/?s={search_term_string}\"},\"query-input\":{\"@type\":\"PropertyValueSpecification\",\"valueRequired\":true,\"valueName\":\"search_term_string\"}}],\"inLanguage\":\"en-GB\"},{\"@type\":\"Organization\",\"@id\":\"https:\\\/\\\/myperfectdog.lv\\\/#organization\",\"name\":\"Su\u0146u & saimnieku skola \\\"My Perfect Dog\\\"\",\"url\":\"https:\\\/\\\/myperfectdog.lv\\\/\",\"logo\":{\"@type\":\"ImageObject\",\"inLanguage\":\"en-GB\",\"@id\":\"https:\\\/\\\/myperfectdog.lv\\\/#\\\/schema\\\/logo\\\/image\\\/\",\"url\":\"https:\\\/\\\/myperfectdog.lv\\\/wp-content\\\/uploads\\\/2020\\\/10\\\/MyPerfectDog-New-logo_peach_plakans.png\",\"contentUrl\":\"https:\\\/\\\/myperfectdog.lv\\\/wp-content\\\/uploads\\\/2020\\\/10\\\/MyPerfectDog-New-logo_peach_plakans.png\",\"width\":1200,\"height\":636,\"caption\":\"Su\u0146u & saimnieku skola \\\"My Perfect Dog\\\"\"},\"image\":{\"@id\":\"https:\\\/\\\/myperfectdog.lv\\\/#\\\/schema\\\/logo\\\/image\\\/\"}}]}<\/script>\n<!-- \/ Yoast SEO plugin. -->","yoast_head_json":{"title":"Kiwi Walker izk\u0101rn\u012bjumu maisi\u0146u tur\u0113t\u0101js un maisi\u0146i | MyPerfectDog.lv","robots":{"index":"index","follow":"follow","max-snippet":"max-snippet:-1","max-image-preview":"max-image-preview:large","max-video-preview":"max-video-preview:-1"},"canonical":"https:\/\/myperfectdog.lv\/en\/product\/kiwi-walker-izkarnijumu-maisinu-turetajs\/","og_locale":"en_GB","og_type":"article","og_title":"Kiwi Walker izk\u0101rn\u012bjumu maisi\u0146u tur\u0113t\u0101js un maisi\u0146i | MyPerfectDog.lv","og_description":"Spilgts un stil\u012bgs silikona izk\u0101rn\u012bjumu maisi\u0146u tur\u0113t\u0101js-dozators Waste Bag Holder ir paredz\u0113ts izk\u0101rn\u012bjumu maisi\u0146u glab\u0101\u0161anai. Tam ir piem\u0113roti jebkuri standarta izm\u0113ra 15 maisi\u0146u ru\u013c\u013ci. Silikons ir \u013coti m\u012bksts materi\u0101ls, t\u0101p\u0113c taj\u0101 var viegli ievietot maisi\u0146us. Pateicoties \u0113rtam un uzticamam alum\u012bnija klipsim, dozatoru var viegli piestiprin\u0101t pie pavadas, rati\u0146iem vai jostas.  Kiwi Walker tur\u0113t\u0101js ir praktisks un \u0113rts maisi\u0146u uzglab\u0101\u0161anai!  Kvalitat\u012bvi, kr\u0101saini un biolo\u0123iski no\u0101rd\u0101mi maisi\u0146i su\u0146u izk\u0101rn\u012bjumu sav\u0101k\u0161anai. Iepakojum\u0101 ir 5 ru\u013c\u013ci, katr\u0101 ir 15 maisi\u0146i. Maisi\u0146i ir iztur\u012bgi, neizdala un izol\u0113 nepat\u012bkamas smakas Maisi\u0146i ir bez smar\u017eas.  &nbsp;  &nbsp;","og_url":"https:\/\/myperfectdog.lv\/en\/product\/kiwi-walker-izkarnijumu-maisinu-turetajs\/","og_site_name":"MyPerfectDog.lv","article_modified_time":"2025-11-14T08:18:21+00:00","og_image":[{"width":1100,"height":1100,"url":"https:\/\/myperfectdog.lv\/wp-content\/uploads\/2025\/11\/8596075002305-4.png","type":"image\/png"}],"twitter_card":"summary_large_image","twitter_misc":{"Estimated reading time":"1 minute"},"schema":{"@context":"https:\/\/schema.org","@graph":[{"@type":"WebPage","@id":"https:\/\/myperfectdog.lv\/products\/kiwi-walker-izkarnijumu-maisinu-turetajs\/","url":"https:\/\/myperfectdog.lv\/products\/kiwi-walker-izkarnijumu-maisinu-turetajs\/","name":"Kiwi Walker izk\u0101rn\u012bjumu maisi\u0146u tur\u0113t\u0101js un maisi\u0146i | MyPerfectDog.lv","isPartOf":{"@id":"https:\/\/myperfectdog.lv\/#website"},"primaryImageOfPage":{"@id":"https:\/\/myperfectdog.lv\/products\/kiwi-walker-izkarnijumu-maisinu-turetajs\/#primaryimage"},"image":{"@id":"https:\/\/myperfectdog.lv\/products\/kiwi-walker-izkarnijumu-maisinu-turetajs\/#primaryimage"},"thumbnailUrl":"https:\/\/myperfectdog.lv\/wp-content\/uploads\/2025\/11\/8596075002305-4.png","datePublished":"2025-11-03T21:16:11+00:00","dateModified":"2025-11-14T08:18:21+00:00","breadcrumb":{"@id":"https:\/\/myperfectdog.lv\/products\/kiwi-walker-izkarnijumu-maisinu-turetajs\/#breadcrumb"},"inLanguage":"en-GB","potentialAction":[{"@type":"ReadAction","target":["https:\/\/myperfectdog.lv\/products\/kiwi-walker-izkarnijumu-maisinu-turetajs\/"]}]},{"@type":"ImageObject","inLanguage":"en-GB","@id":"https:\/\/myperfectdog.lv\/products\/kiwi-walker-izkarnijumu-maisinu-turetajs\/#primaryimage","url":"https:\/\/myperfectdog.lv\/wp-content\/uploads\/2025\/11\/8596075002305-4.png","contentUrl":"https:\/\/myperfectdog.lv\/wp-content\/uploads\/2025\/11\/8596075002305-4.png","width":1100,"height":1100},{"@type":"BreadcrumbList","@id":"https:\/\/myperfectdog.lv\/products\/kiwi-walker-izkarnijumu-maisinu-turetajs\/#breadcrumb","itemListElement":[{"@type":"ListItem","position":1,"name":"Home","item":"https:\/\/myperfectdog.lv\/"},{"@type":"ListItem","position":2,"name":"Internetveikals","item":"https:\/\/myperfectdog.lv\/internetveikals\/"},{"@type":"ListItem","position":3,"name":"Kiwi Walker izk\u0101rn\u012bjumu maisi\u0146u tur\u0113t\u0101js un maisi\u0146i"}]},{"@type":"WebSite","@id":"https:\/\/myperfectdog.lv\/#website","url":"https:\/\/myperfectdog.lv\/","name":"MyPerfectDog.lv","description":"Su\u0146u un saimnieku skola","publisher":{"@id":"https:\/\/myperfectdog.lv\/#organization"},"potentialAction":[{"@type":"SearchAction","target":{"@type":"EntryPoint","urlTemplate":"https:\/\/myperfectdog.lv\/?s={search_term_string}"},"query-input":{"@type":"PropertyValueSpecification","valueRequired":true,"valueName":"search_term_string"}}],"inLanguage":"en-GB"},{"@type":"Organization","@id":"https:\/\/myperfectdog.lv\/#organization","name":"Su\u0146u & saimnieku skola \"My Perfect Dog\"","url":"https:\/\/myperfectdog.lv\/","logo":{"@type":"ImageObject","inLanguage":"en-GB","@id":"https:\/\/myperfectdog.lv\/#\/schema\/logo\/image\/","url":"https:\/\/myperfectdog.lv\/wp-content\/uploads\/2020\/10\/MyPerfectDog-New-logo_peach_plakans.png","contentUrl":"https:\/\/myperfectdog.lv\/wp-content\/uploads\/2020\/10\/MyPerfectDog-New-logo_peach_plakans.png","width":1200,"height":636,"caption":"Su\u0146u & saimnieku skola \"My Perfect Dog\""},"image":{"@id":"https:\/\/myperfectdog.lv\/#\/schema\/logo\/image\/"}}]}},"jetpack_sharing_enabled":true,"_links":{"self":[{"href":"https:\/\/myperfectdog.lv\/en\/wp-json\/wp\/v2\/product\/12764","targetHints":{"allow":["GET"]}}],"collection":[{"href":"https:\/\/myperfectdog.lv\/en\/wp-json\/wp\/v2\/product"}],"about":[{"href":"https:\/\/myperfectdog.lv\/en\/wp-json\/wp\/v2\/types\/product"}],"replies":[{"embeddable":true,"href":"https:\/\/myperfectdog.lv\/en\/wp-json\/wp\/v2\/comments?post=12764"}],"wp:featuredmedia":[{"embeddable":true,"href":"https:\/\/myperfectdog.lv\/en\/wp-json\/wp\/v2\/media\/12777"}],"wp:attachment":[{"href":"https:\/\/myperfectdog.lv\/en\/wp-json\/wp\/v2\/media?parent=12764"}],"wp:term":[{"taxonomy":"product_brand","embeddable":true,"href":"https:\/\/myperfectdog.lv\/en\/wp-json\/wp\/v2\/product_brand?post=12764"},{"taxonomy":"product_cat","embeddable":true,"href":"https:\/\/myperfectdog.lv\/en\/wp-json\/wp\/v2\/product_cat?post=12764"},{"taxonomy":"product_tag","embeddable":true,"href":"https:\/\/myperfectdog.lv\/en\/wp-json\/wp\/v2\/product_tag?post=12764"}],"curies":[{"name":"wp","href":"https:\/\/api.w.org\/{rel}","templated":true}]}}