{"id":12779,"date":"2025-11-03T23:27:58","date_gmt":"2025-11-03T21:27:58","guid":{"rendered":"https:\/\/myperfectdog.lv\/?post_type=product&#038;p=12779"},"modified":"2025-11-14T10:18:11","modified_gmt":"2025-11-14T08:18:11","slug":"kiwi-walker-tpg-rotallieta-frisbijs","status":"publish","type":"product","link":"https:\/\/myperfectdog.lv\/en\/product\/kiwi-walker-tpg-rotallieta-frisbijs\/","title":{"rendered":"Kiwi Walker TPG rota\u013clieta FRISBIJS"},"content":{"rendered":"<p>Frisbija rota\u013clieta su\u0146iem.<\/p>\n<p>Izm\u0113ri:<br \/>\nMINI &#8211; 16cm x 16cm x 2cm<br \/>\nMAXI &#8211; 21,5cm x 21,5cm x 3,5cm<\/p>\n<p>&nbsp;<\/p>","protected":false},"excerpt":{"rendered":"<p>Iztur\u012bga frisbija rota\u013clieta, kas izgatavota no augsta bl\u012bvuma termoplastiskas gumijas (TPR) put\u0101m.<br \/>\nM\u012bksta smagan\u0101m.<br \/>\nIztur\u012bga pret ko\u0161\u013c\u0101\u0161anu un grau\u0161anu.<br \/>\nPeld \u016bden\u012b.<br \/>\nAtsper\u012bga.<br \/>\nDr\u012bkst mazg\u0101t trauku mazg\u0101jam\u0101 ma\u0161\u012bn\u0101 30\u00b0C.<\/p>\n<p>Pieejama 2 izm\u0113ros un 4 jautr\u0101s kr\u0101s\u0101s.<\/p>\n<p>&nbsp;<\/p>","protected":false},"featured_media":12787,"comment_status":"closed","ping_status":"closed","template":"","meta":[],"product_brand":[],"product_cat":[41],"product_tag":[],"class_list":{"0":"post-12779","1":"product","2":"type-product","3":"status-publish","4":"has-post-thumbnail","6":"product_cat-speles-suniem","8":"first","9":"instock","10":"taxable","11":"shipping-taxable","12":"purchasable","13":"product-type-variable"},"yoast_head":"<!-- This site is optimized with the Yoast SEO plugin v27.5 - https:\/\/yoast.com\/product\/yoast-seo-wordpress\/ -->\n<title>Kiwi Walker TPG rota\u013clieta FRISBIJS | MyPerfectDog.lv<\/title>\n<meta name=\"robots\" content=\"index, follow, max-snippet:-1, max-image-preview:large, max-video-preview:-1\" \/>\n<link rel=\"canonical\" href=\"https:\/\/myperfectdog.lv\/en\/product\/kiwi-walker-tpg-rotallieta-frisbijs\/\" \/>\n<meta property=\"og:locale\" content=\"en_GB\" \/>\n<meta property=\"og:type\" content=\"article\" \/>\n<meta property=\"og:title\" content=\"Kiwi Walker TPG rota\u013clieta FRISBIJS | MyPerfectDog.lv\" \/>\n<meta property=\"og:description\" content=\"Iztur\u012bga frisbija rota\u013clieta, kas izgatavota no augsta bl\u012bvuma termoplastiskas gumijas (TPR) put\u0101m. M\u012bksta smagan\u0101m. Iztur\u012bga pret ko\u0161\u013c\u0101\u0161anu un grau\u0161anu. Peld \u016bden\u012b. Atsper\u012bga. Dr\u012bkst mazg\u0101t trauku mazg\u0101jam\u0101 ma\u0161\u012bn\u0101 30\u00b0C.  Pieejama 2 izm\u0113ros un 4 jautr\u0101s kr\u0101s\u0101s.  &nbsp;\" \/>\n<meta property=\"og:url\" content=\"https:\/\/myperfectdog.lv\/en\/product\/kiwi-walker-tpg-rotallieta-frisbijs\/\" \/>\n<meta property=\"og:site_name\" content=\"MyPerfectDog.lv\" \/>\n<meta property=\"article:modified_time\" content=\"2025-11-14T08:18:11+00:00\" \/>\n<meta property=\"og:image\" content=\"https:\/\/myperfectdog.lv\/wp-content\/uploads\/2025\/11\/8596075002442-3.jpg\" \/>\n\t<meta property=\"og:image:width\" content=\"1200\" \/>\n\t<meta property=\"og:image:height\" content=\"1200\" \/>\n\t<meta property=\"og:image:type\" content=\"image\/jpeg\" \/>\n<meta name=\"twitter:card\" content=\"summary_large_image\" \/>\n<meta name=\"twitter:label1\" content=\"Estimated reading time\" \/>\n\t<meta name=\"twitter:data1\" content=\"1 minute\" \/>\n<script type=\"application\/ld+json\" class=\"yoast-schema-graph\">{\"@context\":\"https:\\\/\\\/schema.org\",\"@graph\":[{\"@type\":\"WebPage\",\"@id\":\"https:\\\/\\\/myperfectdog.lv\\\/products\\\/kiwi-walker-tpg-rotallieta-frisbijs\\\/\",\"url\":\"https:\\\/\\\/myperfectdog.lv\\\/products\\\/kiwi-walker-tpg-rotallieta-frisbijs\\\/\",\"name\":\"Kiwi Walker TPG rota\u013clieta FRISBIJS | MyPerfectDog.lv\",\"isPartOf\":{\"@id\":\"https:\\\/\\\/myperfectdog.lv\\\/#website\"},\"primaryImageOfPage\":{\"@id\":\"https:\\\/\\\/myperfectdog.lv\\\/products\\\/kiwi-walker-tpg-rotallieta-frisbijs\\\/#primaryimage\"},\"image\":{\"@id\":\"https:\\\/\\\/myperfectdog.lv\\\/products\\\/kiwi-walker-tpg-rotallieta-frisbijs\\\/#primaryimage\"},\"thumbnailUrl\":\"https:\\\/\\\/myperfectdog.lv\\\/wp-content\\\/uploads\\\/2025\\\/11\\\/8596075002442-3.jpg\",\"datePublished\":\"2025-11-03T21:27:58+00:00\",\"dateModified\":\"2025-11-14T08:18:11+00:00\",\"breadcrumb\":{\"@id\":\"https:\\\/\\\/myperfectdog.lv\\\/products\\\/kiwi-walker-tpg-rotallieta-frisbijs\\\/#breadcrumb\"},\"inLanguage\":\"en-GB\",\"potentialAction\":[{\"@type\":\"ReadAction\",\"target\":[\"https:\\\/\\\/myperfectdog.lv\\\/products\\\/kiwi-walker-tpg-rotallieta-frisbijs\\\/\"]}]},{\"@type\":\"ImageObject\",\"inLanguage\":\"en-GB\",\"@id\":\"https:\\\/\\\/myperfectdog.lv\\\/products\\\/kiwi-walker-tpg-rotallieta-frisbijs\\\/#primaryimage\",\"url\":\"https:\\\/\\\/myperfectdog.lv\\\/wp-content\\\/uploads\\\/2025\\\/11\\\/8596075002442-3.jpg\",\"contentUrl\":\"https:\\\/\\\/myperfectdog.lv\\\/wp-content\\\/uploads\\\/2025\\\/11\\\/8596075002442-3.jpg\",\"width\":1200,\"height\":1200},{\"@type\":\"BreadcrumbList\",\"@id\":\"https:\\\/\\\/myperfectdog.lv\\\/products\\\/kiwi-walker-tpg-rotallieta-frisbijs\\\/#breadcrumb\",\"itemListElement\":[{\"@type\":\"ListItem\",\"position\":1,\"name\":\"Home\",\"item\":\"https:\\\/\\\/myperfectdog.lv\\\/\"},{\"@type\":\"ListItem\",\"position\":2,\"name\":\"Internetveikals\",\"item\":\"https:\\\/\\\/myperfectdog.lv\\\/internetveikals\\\/\"},{\"@type\":\"ListItem\",\"position\":3,\"name\":\"Kiwi Walker TPG rota\u013clieta FRISBIJS\"}]},{\"@type\":\"WebSite\",\"@id\":\"https:\\\/\\\/myperfectdog.lv\\\/#website\",\"url\":\"https:\\\/\\\/myperfectdog.lv\\\/\",\"name\":\"MyPerfectDog.lv\",\"description\":\"Su\u0146u un saimnieku skola\",\"publisher\":{\"@id\":\"https:\\\/\\\/myperfectdog.lv\\\/#organization\"},\"potentialAction\":[{\"@type\":\"SearchAction\",\"target\":{\"@type\":\"EntryPoint\",\"urlTemplate\":\"https:\\\/\\\/myperfectdog.lv\\\/?s={search_term_string}\"},\"query-input\":{\"@type\":\"PropertyValueSpecification\",\"valueRequired\":true,\"valueName\":\"search_term_string\"}}],\"inLanguage\":\"en-GB\"},{\"@type\":\"Organization\",\"@id\":\"https:\\\/\\\/myperfectdog.lv\\\/#organization\",\"name\":\"Su\u0146u & saimnieku skola \\\"My Perfect Dog\\\"\",\"url\":\"https:\\\/\\\/myperfectdog.lv\\\/\",\"logo\":{\"@type\":\"ImageObject\",\"inLanguage\":\"en-GB\",\"@id\":\"https:\\\/\\\/myperfectdog.lv\\\/#\\\/schema\\\/logo\\\/image\\\/\",\"url\":\"https:\\\/\\\/myperfectdog.lv\\\/wp-content\\\/uploads\\\/2020\\\/10\\\/MyPerfectDog-New-logo_peach_plakans.png\",\"contentUrl\":\"https:\\\/\\\/myperfectdog.lv\\\/wp-content\\\/uploads\\\/2020\\\/10\\\/MyPerfectDog-New-logo_peach_plakans.png\",\"width\":1200,\"height\":636,\"caption\":\"Su\u0146u & saimnieku skola \\\"My Perfect Dog\\\"\"},\"image\":{\"@id\":\"https:\\\/\\\/myperfectdog.lv\\\/#\\\/schema\\\/logo\\\/image\\\/\"}}]}<\/script>\n<!-- \/ Yoast SEO plugin. -->","yoast_head_json":{"title":"Kiwi Walker TPG rota\u013clieta FRISBIJS | MyPerfectDog.lv","robots":{"index":"index","follow":"follow","max-snippet":"max-snippet:-1","max-image-preview":"max-image-preview:large","max-video-preview":"max-video-preview:-1"},"canonical":"https:\/\/myperfectdog.lv\/en\/product\/kiwi-walker-tpg-rotallieta-frisbijs\/","og_locale":"en_GB","og_type":"article","og_title":"Kiwi Walker TPG rota\u013clieta FRISBIJS | MyPerfectDog.lv","og_description":"Iztur\u012bga frisbija rota\u013clieta, kas izgatavota no augsta bl\u012bvuma termoplastiskas gumijas (TPR) put\u0101m. M\u012bksta smagan\u0101m. Iztur\u012bga pret ko\u0161\u013c\u0101\u0161anu un grau\u0161anu. Peld \u016bden\u012b. Atsper\u012bga. Dr\u012bkst mazg\u0101t trauku mazg\u0101jam\u0101 ma\u0161\u012bn\u0101 30\u00b0C.  Pieejama 2 izm\u0113ros un 4 jautr\u0101s kr\u0101s\u0101s.  &nbsp;","og_url":"https:\/\/myperfectdog.lv\/en\/product\/kiwi-walker-tpg-rotallieta-frisbijs\/","og_site_name":"MyPerfectDog.lv","article_modified_time":"2025-11-14T08:18:11+00:00","og_image":[{"width":1200,"height":1200,"url":"https:\/\/myperfectdog.lv\/wp-content\/uploads\/2025\/11\/8596075002442-3.jpg","type":"image\/jpeg"}],"twitter_card":"summary_large_image","twitter_misc":{"Estimated reading time":"1 minute"},"schema":{"@context":"https:\/\/schema.org","@graph":[{"@type":"WebPage","@id":"https:\/\/myperfectdog.lv\/products\/kiwi-walker-tpg-rotallieta-frisbijs\/","url":"https:\/\/myperfectdog.lv\/products\/kiwi-walker-tpg-rotallieta-frisbijs\/","name":"Kiwi Walker TPG rota\u013clieta FRISBIJS | MyPerfectDog.lv","isPartOf":{"@id":"https:\/\/myperfectdog.lv\/#website"},"primaryImageOfPage":{"@id":"https:\/\/myperfectdog.lv\/products\/kiwi-walker-tpg-rotallieta-frisbijs\/#primaryimage"},"image":{"@id":"https:\/\/myperfectdog.lv\/products\/kiwi-walker-tpg-rotallieta-frisbijs\/#primaryimage"},"thumbnailUrl":"https:\/\/myperfectdog.lv\/wp-content\/uploads\/2025\/11\/8596075002442-3.jpg","datePublished":"2025-11-03T21:27:58+00:00","dateModified":"2025-11-14T08:18:11+00:00","breadcrumb":{"@id":"https:\/\/myperfectdog.lv\/products\/kiwi-walker-tpg-rotallieta-frisbijs\/#breadcrumb"},"inLanguage":"en-GB","potentialAction":[{"@type":"ReadAction","target":["https:\/\/myperfectdog.lv\/products\/kiwi-walker-tpg-rotallieta-frisbijs\/"]}]},{"@type":"ImageObject","inLanguage":"en-GB","@id":"https:\/\/myperfectdog.lv\/products\/kiwi-walker-tpg-rotallieta-frisbijs\/#primaryimage","url":"https:\/\/myperfectdog.lv\/wp-content\/uploads\/2025\/11\/8596075002442-3.jpg","contentUrl":"https:\/\/myperfectdog.lv\/wp-content\/uploads\/2025\/11\/8596075002442-3.jpg","width":1200,"height":1200},{"@type":"BreadcrumbList","@id":"https:\/\/myperfectdog.lv\/products\/kiwi-walker-tpg-rotallieta-frisbijs\/#breadcrumb","itemListElement":[{"@type":"ListItem","position":1,"name":"Home","item":"https:\/\/myperfectdog.lv\/"},{"@type":"ListItem","position":2,"name":"Internetveikals","item":"https:\/\/myperfectdog.lv\/internetveikals\/"},{"@type":"ListItem","position":3,"name":"Kiwi Walker TPG rota\u013clieta FRISBIJS"}]},{"@type":"WebSite","@id":"https:\/\/myperfectdog.lv\/#website","url":"https:\/\/myperfectdog.lv\/","name":"MyPerfectDog.lv","description":"Su\u0146u un saimnieku skola","publisher":{"@id":"https:\/\/myperfectdog.lv\/#organization"},"potentialAction":[{"@type":"SearchAction","target":{"@type":"EntryPoint","urlTemplate":"https:\/\/myperfectdog.lv\/?s={search_term_string}"},"query-input":{"@type":"PropertyValueSpecification","valueRequired":true,"valueName":"search_term_string"}}],"inLanguage":"en-GB"},{"@type":"Organization","@id":"https:\/\/myperfectdog.lv\/#organization","name":"Su\u0146u & saimnieku skola \"My Perfect Dog\"","url":"https:\/\/myperfectdog.lv\/","logo":{"@type":"ImageObject","inLanguage":"en-GB","@id":"https:\/\/myperfectdog.lv\/#\/schema\/logo\/image\/","url":"https:\/\/myperfectdog.lv\/wp-content\/uploads\/2020\/10\/MyPerfectDog-New-logo_peach_plakans.png","contentUrl":"https:\/\/myperfectdog.lv\/wp-content\/uploads\/2020\/10\/MyPerfectDog-New-logo_peach_plakans.png","width":1200,"height":636,"caption":"Su\u0146u & saimnieku skola \"My Perfect Dog\""},"image":{"@id":"https:\/\/myperfectdog.lv\/#\/schema\/logo\/image\/"}}]}},"jetpack_sharing_enabled":true,"_links":{"self":[{"href":"https:\/\/myperfectdog.lv\/en\/wp-json\/wp\/v2\/product\/12779","targetHints":{"allow":["GET"]}}],"collection":[{"href":"https:\/\/myperfectdog.lv\/en\/wp-json\/wp\/v2\/product"}],"about":[{"href":"https:\/\/myperfectdog.lv\/en\/wp-json\/wp\/v2\/types\/product"}],"replies":[{"embeddable":true,"href":"https:\/\/myperfectdog.lv\/en\/wp-json\/wp\/v2\/comments?post=12779"}],"wp:featuredmedia":[{"embeddable":true,"href":"https:\/\/myperfectdog.lv\/en\/wp-json\/wp\/v2\/media\/12787"}],"wp:attachment":[{"href":"https:\/\/myperfectdog.lv\/en\/wp-json\/wp\/v2\/media?parent=12779"}],"wp:term":[{"taxonomy":"product_brand","embeddable":true,"href":"https:\/\/myperfectdog.lv\/en\/wp-json\/wp\/v2\/product_brand?post=12779"},{"taxonomy":"product_cat","embeddable":true,"href":"https:\/\/myperfectdog.lv\/en\/wp-json\/wp\/v2\/product_cat?post=12779"},{"taxonomy":"product_tag","embeddable":true,"href":"https:\/\/myperfectdog.lv\/en\/wp-json\/wp\/v2\/product_tag?post=12779"}],"curies":[{"name":"wp","href":"https:\/\/api.w.org\/{rel}","templated":true}]}}