{"id":12791,"date":"2025-11-03T23:36:19","date_gmt":"2025-11-03T21:36:19","guid":{"rendered":"https:\/\/myperfectdog.lv\/?post_type=product&#038;p=12791"},"modified":"2026-03-17T16:46:24","modified_gmt":"2026-03-17T14:46:24","slug":"kiwi-walker-tpg-rotallieta-astonkajis","status":"publish","type":"product","link":"https:\/\/myperfectdog.lv\/en\/product\/kiwi-walker-tpg-rotallieta-astonkajis\/","title":{"rendered":"Kiwi Walker TPG rota\u013clieta ASTO\u0145K\u0100JIS"},"content":{"rendered":"<p>Pieejama 2 izm\u0113ros un 4 jautr\u0101s kr\u0101s\u0101s.<\/p>\n<p>Izm\u0113ri:<br \/>\nMINI &#8211; 13cm x 13cm x 6cm<br \/>\nMAXI &#8211; 17cm x 17cm x 7cm<\/p>","protected":false},"excerpt":{"rendered":"<p>Iztur\u012bga rota\u013clieta, kas izgatavota no augsta bl\u012bvuma termoplastiskas gumijas (TPR) put\u0101m.<br \/>\nM\u012bksta smagan\u0101m.<br \/>\nIztur\u012bga pret ko\u0161\u013c\u0101\u0161anu un grau\u0161anu.<br \/>\nPeld \u016bden\u012b.<br \/>\nPiem\u0113rota rota\u013c\u0101m ar vienu vai vair\u0101kiem su\u0146iem.<\/p>\n<p>&nbsp;<\/p>","protected":false},"featured_media":12796,"comment_status":"closed","ping_status":"closed","template":"","meta":[],"product_brand":[],"product_cat":[41],"product_tag":[],"class_list":{"0":"post-12791","1":"product","2":"type-product","3":"status-publish","4":"has-post-thumbnail","6":"product_cat-speles-suniem","8":"first","9":"instock","10":"taxable","11":"shipping-taxable","12":"product-type-variable"},"yoast_head":"<!-- This site is optimized with the Yoast SEO plugin v27.5 - https:\/\/yoast.com\/product\/yoast-seo-wordpress\/ -->\n<title>Kiwi Walker TPG rota\u013clieta ASTO\u0145K\u0100JIS | MyPerfectDog.lv<\/title>\n<meta name=\"robots\" content=\"index, follow, max-snippet:-1, max-image-preview:large, max-video-preview:-1\" \/>\n<link rel=\"canonical\" href=\"https:\/\/myperfectdog.lv\/en\/product\/kiwi-walker-tpg-rotallieta-astonkajis\/\" \/>\n<meta property=\"og:locale\" content=\"en_GB\" \/>\n<meta property=\"og:type\" content=\"article\" \/>\n<meta property=\"og:title\" content=\"Kiwi Walker TPG rota\u013clieta ASTO\u0145K\u0100JIS | MyPerfectDog.lv\" \/>\n<meta property=\"og:description\" content=\"Iztur\u012bga rota\u013clieta, kas izgatavota no augsta bl\u012bvuma termoplastiskas gumijas (TPR) put\u0101m. M\u012bksta smagan\u0101m. Iztur\u012bga pret ko\u0161\u013c\u0101\u0161anu un grau\u0161anu. Peld \u016bden\u012b. Piem\u0113rota rota\u013c\u0101m ar vienu vai vair\u0101kiem su\u0146iem.  &nbsp;\" \/>\n<meta property=\"og:url\" content=\"https:\/\/myperfectdog.lv\/en\/product\/kiwi-walker-tpg-rotallieta-astonkajis\/\" \/>\n<meta property=\"og:site_name\" content=\"MyPerfectDog.lv\" \/>\n<meta property=\"article:modified_time\" content=\"2026-03-17T14:46:24+00:00\" \/>\n<meta property=\"og:image\" content=\"https:\/\/myperfectdog.lv\/wp-content\/uploads\/2025\/11\/8596075002787-3.png\" \/>\n\t<meta property=\"og:image:width\" content=\"1100\" \/>\n\t<meta property=\"og:image:height\" content=\"1100\" \/>\n\t<meta property=\"og:image:type\" content=\"image\/png\" \/>\n<meta name=\"twitter:card\" content=\"summary_large_image\" \/>\n<meta name=\"twitter:label1\" content=\"Estimated reading time\" \/>\n\t<meta name=\"twitter:data1\" content=\"1 minute\" \/>\n<script type=\"application\/ld+json\" class=\"yoast-schema-graph\">{\"@context\":\"https:\\\/\\\/schema.org\",\"@graph\":[{\"@type\":\"WebPage\",\"@id\":\"https:\\\/\\\/myperfectdog.lv\\\/products\\\/kiwi-walker-tpg-rotallieta-astonkajis\\\/\",\"url\":\"https:\\\/\\\/myperfectdog.lv\\\/products\\\/kiwi-walker-tpg-rotallieta-astonkajis\\\/\",\"name\":\"Kiwi Walker TPG rota\u013clieta ASTO\u0145K\u0100JIS | MyPerfectDog.lv\",\"isPartOf\":{\"@id\":\"https:\\\/\\\/myperfectdog.lv\\\/#website\"},\"primaryImageOfPage\":{\"@id\":\"https:\\\/\\\/myperfectdog.lv\\\/products\\\/kiwi-walker-tpg-rotallieta-astonkajis\\\/#primaryimage\"},\"image\":{\"@id\":\"https:\\\/\\\/myperfectdog.lv\\\/products\\\/kiwi-walker-tpg-rotallieta-astonkajis\\\/#primaryimage\"},\"thumbnailUrl\":\"https:\\\/\\\/myperfectdog.lv\\\/wp-content\\\/uploads\\\/2025\\\/11\\\/8596075002787-3.png\",\"datePublished\":\"2025-11-03T21:36:19+00:00\",\"dateModified\":\"2026-03-17T14:46:24+00:00\",\"breadcrumb\":{\"@id\":\"https:\\\/\\\/myperfectdog.lv\\\/products\\\/kiwi-walker-tpg-rotallieta-astonkajis\\\/#breadcrumb\"},\"inLanguage\":\"en-GB\",\"potentialAction\":[{\"@type\":\"ReadAction\",\"target\":[\"https:\\\/\\\/myperfectdog.lv\\\/products\\\/kiwi-walker-tpg-rotallieta-astonkajis\\\/\"]}]},{\"@type\":\"ImageObject\",\"inLanguage\":\"en-GB\",\"@id\":\"https:\\\/\\\/myperfectdog.lv\\\/products\\\/kiwi-walker-tpg-rotallieta-astonkajis\\\/#primaryimage\",\"url\":\"https:\\\/\\\/myperfectdog.lv\\\/wp-content\\\/uploads\\\/2025\\\/11\\\/8596075002787-3.png\",\"contentUrl\":\"https:\\\/\\\/myperfectdog.lv\\\/wp-content\\\/uploads\\\/2025\\\/11\\\/8596075002787-3.png\",\"width\":1100,\"height\":1100},{\"@type\":\"BreadcrumbList\",\"@id\":\"https:\\\/\\\/myperfectdog.lv\\\/products\\\/kiwi-walker-tpg-rotallieta-astonkajis\\\/#breadcrumb\",\"itemListElement\":[{\"@type\":\"ListItem\",\"position\":1,\"name\":\"Home\",\"item\":\"https:\\\/\\\/myperfectdog.lv\\\/\"},{\"@type\":\"ListItem\",\"position\":2,\"name\":\"Internetveikals\",\"item\":\"https:\\\/\\\/myperfectdog.lv\\\/internetveikals\\\/\"},{\"@type\":\"ListItem\",\"position\":3,\"name\":\"Kiwi Walker TPG rota\u013clieta ASTO\u0145K\u0100JIS\"}]},{\"@type\":\"WebSite\",\"@id\":\"https:\\\/\\\/myperfectdog.lv\\\/#website\",\"url\":\"https:\\\/\\\/myperfectdog.lv\\\/\",\"name\":\"MyPerfectDog.lv\",\"description\":\"Su\u0146u un saimnieku skola\",\"publisher\":{\"@id\":\"https:\\\/\\\/myperfectdog.lv\\\/#organization\"},\"potentialAction\":[{\"@type\":\"SearchAction\",\"target\":{\"@type\":\"EntryPoint\",\"urlTemplate\":\"https:\\\/\\\/myperfectdog.lv\\\/?s={search_term_string}\"},\"query-input\":{\"@type\":\"PropertyValueSpecification\",\"valueRequired\":true,\"valueName\":\"search_term_string\"}}],\"inLanguage\":\"en-GB\"},{\"@type\":\"Organization\",\"@id\":\"https:\\\/\\\/myperfectdog.lv\\\/#organization\",\"name\":\"Su\u0146u & saimnieku skola \\\"My Perfect Dog\\\"\",\"url\":\"https:\\\/\\\/myperfectdog.lv\\\/\",\"logo\":{\"@type\":\"ImageObject\",\"inLanguage\":\"en-GB\",\"@id\":\"https:\\\/\\\/myperfectdog.lv\\\/#\\\/schema\\\/logo\\\/image\\\/\",\"url\":\"https:\\\/\\\/myperfectdog.lv\\\/wp-content\\\/uploads\\\/2020\\\/10\\\/MyPerfectDog-New-logo_peach_plakans.png\",\"contentUrl\":\"https:\\\/\\\/myperfectdog.lv\\\/wp-content\\\/uploads\\\/2020\\\/10\\\/MyPerfectDog-New-logo_peach_plakans.png\",\"width\":1200,\"height\":636,\"caption\":\"Su\u0146u & saimnieku skola \\\"My Perfect Dog\\\"\"},\"image\":{\"@id\":\"https:\\\/\\\/myperfectdog.lv\\\/#\\\/schema\\\/logo\\\/image\\\/\"}}]}<\/script>\n<!-- \/ Yoast SEO plugin. -->","yoast_head_json":{"title":"Kiwi Walker TPG rota\u013clieta ASTO\u0145K\u0100JIS | MyPerfectDog.lv","robots":{"index":"index","follow":"follow","max-snippet":"max-snippet:-1","max-image-preview":"max-image-preview:large","max-video-preview":"max-video-preview:-1"},"canonical":"https:\/\/myperfectdog.lv\/en\/product\/kiwi-walker-tpg-rotallieta-astonkajis\/","og_locale":"en_GB","og_type":"article","og_title":"Kiwi Walker TPG rota\u013clieta ASTO\u0145K\u0100JIS | MyPerfectDog.lv","og_description":"Iztur\u012bga rota\u013clieta, kas izgatavota no augsta bl\u012bvuma termoplastiskas gumijas (TPR) put\u0101m. M\u012bksta smagan\u0101m. Iztur\u012bga pret ko\u0161\u013c\u0101\u0161anu un grau\u0161anu. Peld \u016bden\u012b. Piem\u0113rota rota\u013c\u0101m ar vienu vai vair\u0101kiem su\u0146iem.  &nbsp;","og_url":"https:\/\/myperfectdog.lv\/en\/product\/kiwi-walker-tpg-rotallieta-astonkajis\/","og_site_name":"MyPerfectDog.lv","article_modified_time":"2026-03-17T14:46:24+00:00","og_image":[{"width":1100,"height":1100,"url":"https:\/\/myperfectdog.lv\/wp-content\/uploads\/2025\/11\/8596075002787-3.png","type":"image\/png"}],"twitter_card":"summary_large_image","twitter_misc":{"Estimated reading time":"1 minute"},"schema":{"@context":"https:\/\/schema.org","@graph":[{"@type":"WebPage","@id":"https:\/\/myperfectdog.lv\/products\/kiwi-walker-tpg-rotallieta-astonkajis\/","url":"https:\/\/myperfectdog.lv\/products\/kiwi-walker-tpg-rotallieta-astonkajis\/","name":"Kiwi Walker TPG rota\u013clieta ASTO\u0145K\u0100JIS | MyPerfectDog.lv","isPartOf":{"@id":"https:\/\/myperfectdog.lv\/#website"},"primaryImageOfPage":{"@id":"https:\/\/myperfectdog.lv\/products\/kiwi-walker-tpg-rotallieta-astonkajis\/#primaryimage"},"image":{"@id":"https:\/\/myperfectdog.lv\/products\/kiwi-walker-tpg-rotallieta-astonkajis\/#primaryimage"},"thumbnailUrl":"https:\/\/myperfectdog.lv\/wp-content\/uploads\/2025\/11\/8596075002787-3.png","datePublished":"2025-11-03T21:36:19+00:00","dateModified":"2026-03-17T14:46:24+00:00","breadcrumb":{"@id":"https:\/\/myperfectdog.lv\/products\/kiwi-walker-tpg-rotallieta-astonkajis\/#breadcrumb"},"inLanguage":"en-GB","potentialAction":[{"@type":"ReadAction","target":["https:\/\/myperfectdog.lv\/products\/kiwi-walker-tpg-rotallieta-astonkajis\/"]}]},{"@type":"ImageObject","inLanguage":"en-GB","@id":"https:\/\/myperfectdog.lv\/products\/kiwi-walker-tpg-rotallieta-astonkajis\/#primaryimage","url":"https:\/\/myperfectdog.lv\/wp-content\/uploads\/2025\/11\/8596075002787-3.png","contentUrl":"https:\/\/myperfectdog.lv\/wp-content\/uploads\/2025\/11\/8596075002787-3.png","width":1100,"height":1100},{"@type":"BreadcrumbList","@id":"https:\/\/myperfectdog.lv\/products\/kiwi-walker-tpg-rotallieta-astonkajis\/#breadcrumb","itemListElement":[{"@type":"ListItem","position":1,"name":"Home","item":"https:\/\/myperfectdog.lv\/"},{"@type":"ListItem","position":2,"name":"Internetveikals","item":"https:\/\/myperfectdog.lv\/internetveikals\/"},{"@type":"ListItem","position":3,"name":"Kiwi Walker TPG rota\u013clieta ASTO\u0145K\u0100JIS"}]},{"@type":"WebSite","@id":"https:\/\/myperfectdog.lv\/#website","url":"https:\/\/myperfectdog.lv\/","name":"MyPerfectDog.lv","description":"Su\u0146u un saimnieku skola","publisher":{"@id":"https:\/\/myperfectdog.lv\/#organization"},"potentialAction":[{"@type":"SearchAction","target":{"@type":"EntryPoint","urlTemplate":"https:\/\/myperfectdog.lv\/?s={search_term_string}"},"query-input":{"@type":"PropertyValueSpecification","valueRequired":true,"valueName":"search_term_string"}}],"inLanguage":"en-GB"},{"@type":"Organization","@id":"https:\/\/myperfectdog.lv\/#organization","name":"Su\u0146u & saimnieku skola \"My Perfect Dog\"","url":"https:\/\/myperfectdog.lv\/","logo":{"@type":"ImageObject","inLanguage":"en-GB","@id":"https:\/\/myperfectdog.lv\/#\/schema\/logo\/image\/","url":"https:\/\/myperfectdog.lv\/wp-content\/uploads\/2020\/10\/MyPerfectDog-New-logo_peach_plakans.png","contentUrl":"https:\/\/myperfectdog.lv\/wp-content\/uploads\/2020\/10\/MyPerfectDog-New-logo_peach_plakans.png","width":1200,"height":636,"caption":"Su\u0146u & saimnieku skola \"My Perfect Dog\""},"image":{"@id":"https:\/\/myperfectdog.lv\/#\/schema\/logo\/image\/"}}]}},"jetpack_sharing_enabled":true,"_links":{"self":[{"href":"https:\/\/myperfectdog.lv\/en\/wp-json\/wp\/v2\/product\/12791","targetHints":{"allow":["GET"]}}],"collection":[{"href":"https:\/\/myperfectdog.lv\/en\/wp-json\/wp\/v2\/product"}],"about":[{"href":"https:\/\/myperfectdog.lv\/en\/wp-json\/wp\/v2\/types\/product"}],"replies":[{"embeddable":true,"href":"https:\/\/myperfectdog.lv\/en\/wp-json\/wp\/v2\/comments?post=12791"}],"wp:featuredmedia":[{"embeddable":true,"href":"https:\/\/myperfectdog.lv\/en\/wp-json\/wp\/v2\/media\/12796"}],"wp:attachment":[{"href":"https:\/\/myperfectdog.lv\/en\/wp-json\/wp\/v2\/media?parent=12791"}],"wp:term":[{"taxonomy":"product_brand","embeddable":true,"href":"https:\/\/myperfectdog.lv\/en\/wp-json\/wp\/v2\/product_brand?post=12791"},{"taxonomy":"product_cat","embeddable":true,"href":"https:\/\/myperfectdog.lv\/en\/wp-json\/wp\/v2\/product_cat?post=12791"},{"taxonomy":"product_tag","embeddable":true,"href":"https:\/\/myperfectdog.lv\/en\/wp-json\/wp\/v2\/product_tag?post=12791"}],"curies":[{"name":"wp","href":"https:\/\/api.w.org\/{rel}","templated":true}]}}