{"id":12827,"date":"2025-11-03T23:56:03","date_gmt":"2025-11-03T21:56:03","guid":{"rendered":"https:\/\/myperfectdog.lv\/?post_type=product&#038;p=12827"},"modified":"2025-11-06T12:25:13","modified_gmt":"2025-11-06T10:25:13","slug":"monosnack-training-puppy-ar-jeru-80g","status":"publish","type":"product","link":"https:\/\/myperfectdog.lv\/en\/product\/monosnack-training-puppy-ar-jeru-80g\/","title":{"rendered":"Monosnack Training Puppy ar j\u0113ru 80g"},"content":{"rendered":"<p>Sast\u0101vs: dehidratiz\u0113ts j\u0113ra prote\u012bns 26%, kartupe\u013cu p\u0101rslas, bat\u0101tes, zir\u0146u p\u0101rslas, augu izcelsmes glicer\u012bns, tapiokas ciete, a\u013c\u0123es, saulespu\u0137u e\u013c\u013ca.<\/p>\n<p>Piedevas (uz kg): Tehnolo\u0123isk\u0101s piedevas: konservanti.<\/p>\n<p>Organoleptisk\u0101s piedevas: aromatizatori. Uzturfiziolo\u0123isk\u0101s piedevas: vitam\u012bns A 5600 SV, vitam\u012bns C 4200 mg, vitam\u012bns D3 560 SV, vitam\u012bns E 280 mg, omega-3 5500 mg, no t\u0101 DHA 2450 mg, EPA 950 mg; omega-6 2500 mg, L-karnit\u012bns 7600 mg, taur\u012bns 1200 mg.<\/p>\n<p>Iz\u0113diniet k\u0101 gardumu vai atl\u012bdz\u012bbu jebkur\u0101 laik\u0101 k\u0101 da\u013cu no sabalans\u0113ta uztura.<br \/>\nNav piem\u0113rots kuc\u0113niem l\u012bdz 4 m\u0113ne\u0161u vecumam.<br \/>\nVienm\u0113r j\u0101b\u016bt pieejamam dzeramam \u016bdenim. Baro\u0161anas laik\u0101 su\u0146i ir j\u0101uzrauga visu laiku.<\/p>\n<p>*\u0160is produkts atbilst stingrai receptei bez pievienotiem graudiem, ta\u010du tas tiek ra\u017eots r\u016bpn\u012bc\u0101, kur\u0101 tiek apstr\u0101d\u0101ti graudi.<br \/>\nUzglab\u0101t v\u0113s\u0101 un saus\u0101 viet\u0101.<\/p>","protected":false},"excerpt":{"rendered":"<p>Vesel\u012bgas aug\u0161anas atbalsts: optim\u0101la omega-3 un omega-6 attiec\u012bba un EPA un DHA, kas labv\u0113l\u012bgi ietekm\u0113 loc\u012btavas un skrim\u0161\u013cus aug\u0161anas laik\u0101.<br \/>\nLaba panes\u012bba: ide\u0101la recepte pat jut\u012bgiem su\u0146iem.<br \/>\nMonoprote\u012bna gardums: sast\u0101v\u0101 viens dz\u012bvnieku izcelsmes prote\u012bns &#8211; j\u0113ra ga\u013ca, kas ir viegli sagremojams prote\u012bns un lielisks miner\u0101lvielu avots (cinks, var\u0161 un dzelzs).<br \/>\nBez graudiem*: izmantotie og\u013chidr\u0101tu avoti: kartupe\u013ci, zir\u0146i un tapioka.<\/p>","protected":false},"featured_media":12828,"comment_status":"closed","ping_status":"closed","template":"","meta":[],"product_brand":[],"product_cat":[42],"product_tag":[],"class_list":{"0":"post-12827","1":"product","2":"type-product","3":"status-publish","4":"has-post-thumbnail","6":"product_cat-gardumi-suniem","8":"first","9":"instock","10":"taxable","11":"shipping-taxable","12":"purchasable","13":"product-type-simple"},"yoast_head":"<!-- This site is optimized with the Yoast SEO plugin v27.5 - https:\/\/yoast.com\/product\/yoast-seo-wordpress\/ -->\n<title>Monosnack Training Puppy ar j\u0113ru 80g | MyPerfectDog.lv<\/title>\n<meta name=\"robots\" content=\"index, follow, max-snippet:-1, max-image-preview:large, max-video-preview:-1\" \/>\n<link rel=\"canonical\" href=\"https:\/\/myperfectdog.lv\/en\/product\/monosnack-training-puppy-ar-jeru-80g\/\" \/>\n<meta property=\"og:locale\" content=\"en_GB\" \/>\n<meta property=\"og:type\" content=\"article\" \/>\n<meta property=\"og:title\" content=\"Monosnack Training Puppy ar j\u0113ru 80g | MyPerfectDog.lv\" \/>\n<meta property=\"og:description\" content=\"Vesel\u012bgas aug\u0161anas atbalsts: optim\u0101la omega-3 un omega-6 attiec\u012bba un EPA un DHA, kas labv\u0113l\u012bgi ietekm\u0113 loc\u012btavas un skrim\u0161\u013cus aug\u0161anas laik\u0101. Laba panes\u012bba: ide\u0101la recepte pat jut\u012bgiem su\u0146iem. Monoprote\u012bna gardums: sast\u0101v\u0101 viens dz\u012bvnieku izcelsmes prote\u012bns - j\u0113ra ga\u013ca, kas ir viegli sagremojams prote\u012bns un lielisks miner\u0101lvielu avots (cinks, var\u0161 un dzelzs). Bez graudiem*: izmantotie og\u013chidr\u0101tu avoti: kartupe\u013ci, zir\u0146i un tapioka.\" \/>\n<meta property=\"og:url\" content=\"https:\/\/myperfectdog.lv\/en\/product\/monosnack-training-puppy-ar-jeru-80g\/\" \/>\n<meta property=\"og:site_name\" content=\"MyPerfectDog.lv\" \/>\n<meta property=\"article:modified_time\" content=\"2025-11-06T10:25:13+00:00\" \/>\n<meta property=\"og:image\" content=\"https:\/\/myperfectdog.lv\/wp-content\/uploads\/2025\/11\/05031080_F10MONOSnack-TrainingDogAllPup-Agnel-80gBUS-10pz-1.png\" \/>\n\t<meta property=\"og:image:width\" content=\"1650\" \/>\n\t<meta property=\"og:image:height\" content=\"1650\" \/>\n\t<meta property=\"og:image:type\" content=\"image\/png\" \/>\n<meta name=\"twitter:card\" content=\"summary_large_image\" \/>\n<meta name=\"twitter:label1\" content=\"Estimated reading time\" \/>\n\t<meta name=\"twitter:data1\" content=\"1 minute\" \/>\n<script type=\"application\/ld+json\" class=\"yoast-schema-graph\">{\"@context\":\"https:\\\/\\\/schema.org\",\"@graph\":[{\"@type\":\"WebPage\",\"@id\":\"https:\\\/\\\/myperfectdog.lv\\\/products\\\/monosnack-training-puppy-ar-jeru-80g\\\/\",\"url\":\"https:\\\/\\\/myperfectdog.lv\\\/products\\\/monosnack-training-puppy-ar-jeru-80g\\\/\",\"name\":\"Monosnack Training Puppy ar j\u0113ru 80g | MyPerfectDog.lv\",\"isPartOf\":{\"@id\":\"https:\\\/\\\/myperfectdog.lv\\\/#website\"},\"primaryImageOfPage\":{\"@id\":\"https:\\\/\\\/myperfectdog.lv\\\/products\\\/monosnack-training-puppy-ar-jeru-80g\\\/#primaryimage\"},\"image\":{\"@id\":\"https:\\\/\\\/myperfectdog.lv\\\/products\\\/monosnack-training-puppy-ar-jeru-80g\\\/#primaryimage\"},\"thumbnailUrl\":\"https:\\\/\\\/myperfectdog.lv\\\/wp-content\\\/uploads\\\/2025\\\/11\\\/05031080_F10MONOSnack-TrainingDogAllPup-Agnel-80gBUS-10pz-1.png\",\"datePublished\":\"2025-11-03T21:56:03+00:00\",\"dateModified\":\"2025-11-06T10:25:13+00:00\",\"breadcrumb\":{\"@id\":\"https:\\\/\\\/myperfectdog.lv\\\/products\\\/monosnack-training-puppy-ar-jeru-80g\\\/#breadcrumb\"},\"inLanguage\":\"en-GB\",\"potentialAction\":[{\"@type\":\"ReadAction\",\"target\":[\"https:\\\/\\\/myperfectdog.lv\\\/products\\\/monosnack-training-puppy-ar-jeru-80g\\\/\"]}]},{\"@type\":\"ImageObject\",\"inLanguage\":\"en-GB\",\"@id\":\"https:\\\/\\\/myperfectdog.lv\\\/products\\\/monosnack-training-puppy-ar-jeru-80g\\\/#primaryimage\",\"url\":\"https:\\\/\\\/myperfectdog.lv\\\/wp-content\\\/uploads\\\/2025\\\/11\\\/05031080_F10MONOSnack-TrainingDogAllPup-Agnel-80gBUS-10pz-1.png\",\"contentUrl\":\"https:\\\/\\\/myperfectdog.lv\\\/wp-content\\\/uploads\\\/2025\\\/11\\\/05031080_F10MONOSnack-TrainingDogAllPup-Agnel-80gBUS-10pz-1.png\",\"width\":1650,\"height\":1650},{\"@type\":\"BreadcrumbList\",\"@id\":\"https:\\\/\\\/myperfectdog.lv\\\/products\\\/monosnack-training-puppy-ar-jeru-80g\\\/#breadcrumb\",\"itemListElement\":[{\"@type\":\"ListItem\",\"position\":1,\"name\":\"Home\",\"item\":\"https:\\\/\\\/myperfectdog.lv\\\/\"},{\"@type\":\"ListItem\",\"position\":2,\"name\":\"Internetveikals\",\"item\":\"https:\\\/\\\/myperfectdog.lv\\\/internetveikals\\\/\"},{\"@type\":\"ListItem\",\"position\":3,\"name\":\"Monosnack Training Puppy ar j\u0113ru 80g\"}]},{\"@type\":\"WebSite\",\"@id\":\"https:\\\/\\\/myperfectdog.lv\\\/#website\",\"url\":\"https:\\\/\\\/myperfectdog.lv\\\/\",\"name\":\"MyPerfectDog.lv\",\"description\":\"Su\u0146u un saimnieku skola\",\"publisher\":{\"@id\":\"https:\\\/\\\/myperfectdog.lv\\\/#organization\"},\"potentialAction\":[{\"@type\":\"SearchAction\",\"target\":{\"@type\":\"EntryPoint\",\"urlTemplate\":\"https:\\\/\\\/myperfectdog.lv\\\/?s={search_term_string}\"},\"query-input\":{\"@type\":\"PropertyValueSpecification\",\"valueRequired\":true,\"valueName\":\"search_term_string\"}}],\"inLanguage\":\"en-GB\"},{\"@type\":\"Organization\",\"@id\":\"https:\\\/\\\/myperfectdog.lv\\\/#organization\",\"name\":\"Su\u0146u & saimnieku skola \\\"My Perfect Dog\\\"\",\"url\":\"https:\\\/\\\/myperfectdog.lv\\\/\",\"logo\":{\"@type\":\"ImageObject\",\"inLanguage\":\"en-GB\",\"@id\":\"https:\\\/\\\/myperfectdog.lv\\\/#\\\/schema\\\/logo\\\/image\\\/\",\"url\":\"https:\\\/\\\/myperfectdog.lv\\\/wp-content\\\/uploads\\\/2020\\\/10\\\/MyPerfectDog-New-logo_peach_plakans.png\",\"contentUrl\":\"https:\\\/\\\/myperfectdog.lv\\\/wp-content\\\/uploads\\\/2020\\\/10\\\/MyPerfectDog-New-logo_peach_plakans.png\",\"width\":1200,\"height\":636,\"caption\":\"Su\u0146u & saimnieku skola \\\"My Perfect Dog\\\"\"},\"image\":{\"@id\":\"https:\\\/\\\/myperfectdog.lv\\\/#\\\/schema\\\/logo\\\/image\\\/\"}}]}<\/script>\n<!-- \/ Yoast SEO plugin. -->","yoast_head_json":{"title":"Monosnack Training Puppy ar j\u0113ru 80g | MyPerfectDog.lv","robots":{"index":"index","follow":"follow","max-snippet":"max-snippet:-1","max-image-preview":"max-image-preview:large","max-video-preview":"max-video-preview:-1"},"canonical":"https:\/\/myperfectdog.lv\/en\/product\/monosnack-training-puppy-ar-jeru-80g\/","og_locale":"en_GB","og_type":"article","og_title":"Monosnack Training Puppy ar j\u0113ru 80g | MyPerfectDog.lv","og_description":"Vesel\u012bgas aug\u0161anas atbalsts: optim\u0101la omega-3 un omega-6 attiec\u012bba un EPA un DHA, kas labv\u0113l\u012bgi ietekm\u0113 loc\u012btavas un skrim\u0161\u013cus aug\u0161anas laik\u0101. Laba panes\u012bba: ide\u0101la recepte pat jut\u012bgiem su\u0146iem. Monoprote\u012bna gardums: sast\u0101v\u0101 viens dz\u012bvnieku izcelsmes prote\u012bns - j\u0113ra ga\u013ca, kas ir viegli sagremojams prote\u012bns un lielisks miner\u0101lvielu avots (cinks, var\u0161 un dzelzs). Bez graudiem*: izmantotie og\u013chidr\u0101tu avoti: kartupe\u013ci, zir\u0146i un tapioka.","og_url":"https:\/\/myperfectdog.lv\/en\/product\/monosnack-training-puppy-ar-jeru-80g\/","og_site_name":"MyPerfectDog.lv","article_modified_time":"2025-11-06T10:25:13+00:00","og_image":[{"width":1650,"height":1650,"url":"https:\/\/myperfectdog.lv\/wp-content\/uploads\/2025\/11\/05031080_F10MONOSnack-TrainingDogAllPup-Agnel-80gBUS-10pz-1.png","type":"image\/png"}],"twitter_card":"summary_large_image","twitter_misc":{"Estimated reading time":"1 minute"},"schema":{"@context":"https:\/\/schema.org","@graph":[{"@type":"WebPage","@id":"https:\/\/myperfectdog.lv\/products\/monosnack-training-puppy-ar-jeru-80g\/","url":"https:\/\/myperfectdog.lv\/products\/monosnack-training-puppy-ar-jeru-80g\/","name":"Monosnack Training Puppy ar j\u0113ru 80g | MyPerfectDog.lv","isPartOf":{"@id":"https:\/\/myperfectdog.lv\/#website"},"primaryImageOfPage":{"@id":"https:\/\/myperfectdog.lv\/products\/monosnack-training-puppy-ar-jeru-80g\/#primaryimage"},"image":{"@id":"https:\/\/myperfectdog.lv\/products\/monosnack-training-puppy-ar-jeru-80g\/#primaryimage"},"thumbnailUrl":"https:\/\/myperfectdog.lv\/wp-content\/uploads\/2025\/11\/05031080_F10MONOSnack-TrainingDogAllPup-Agnel-80gBUS-10pz-1.png","datePublished":"2025-11-03T21:56:03+00:00","dateModified":"2025-11-06T10:25:13+00:00","breadcrumb":{"@id":"https:\/\/myperfectdog.lv\/products\/monosnack-training-puppy-ar-jeru-80g\/#breadcrumb"},"inLanguage":"en-GB","potentialAction":[{"@type":"ReadAction","target":["https:\/\/myperfectdog.lv\/products\/monosnack-training-puppy-ar-jeru-80g\/"]}]},{"@type":"ImageObject","inLanguage":"en-GB","@id":"https:\/\/myperfectdog.lv\/products\/monosnack-training-puppy-ar-jeru-80g\/#primaryimage","url":"https:\/\/myperfectdog.lv\/wp-content\/uploads\/2025\/11\/05031080_F10MONOSnack-TrainingDogAllPup-Agnel-80gBUS-10pz-1.png","contentUrl":"https:\/\/myperfectdog.lv\/wp-content\/uploads\/2025\/11\/05031080_F10MONOSnack-TrainingDogAllPup-Agnel-80gBUS-10pz-1.png","width":1650,"height":1650},{"@type":"BreadcrumbList","@id":"https:\/\/myperfectdog.lv\/products\/monosnack-training-puppy-ar-jeru-80g\/#breadcrumb","itemListElement":[{"@type":"ListItem","position":1,"name":"Home","item":"https:\/\/myperfectdog.lv\/"},{"@type":"ListItem","position":2,"name":"Internetveikals","item":"https:\/\/myperfectdog.lv\/internetveikals\/"},{"@type":"ListItem","position":3,"name":"Monosnack Training Puppy ar j\u0113ru 80g"}]},{"@type":"WebSite","@id":"https:\/\/myperfectdog.lv\/#website","url":"https:\/\/myperfectdog.lv\/","name":"MyPerfectDog.lv","description":"Su\u0146u un saimnieku skola","publisher":{"@id":"https:\/\/myperfectdog.lv\/#organization"},"potentialAction":[{"@type":"SearchAction","target":{"@type":"EntryPoint","urlTemplate":"https:\/\/myperfectdog.lv\/?s={search_term_string}"},"query-input":{"@type":"PropertyValueSpecification","valueRequired":true,"valueName":"search_term_string"}}],"inLanguage":"en-GB"},{"@type":"Organization","@id":"https:\/\/myperfectdog.lv\/#organization","name":"Su\u0146u & saimnieku skola \"My Perfect Dog\"","url":"https:\/\/myperfectdog.lv\/","logo":{"@type":"ImageObject","inLanguage":"en-GB","@id":"https:\/\/myperfectdog.lv\/#\/schema\/logo\/image\/","url":"https:\/\/myperfectdog.lv\/wp-content\/uploads\/2020\/10\/MyPerfectDog-New-logo_peach_plakans.png","contentUrl":"https:\/\/myperfectdog.lv\/wp-content\/uploads\/2020\/10\/MyPerfectDog-New-logo_peach_plakans.png","width":1200,"height":636,"caption":"Su\u0146u & saimnieku skola \"My Perfect Dog\""},"image":{"@id":"https:\/\/myperfectdog.lv\/#\/schema\/logo\/image\/"}}]}},"jetpack_sharing_enabled":true,"_links":{"self":[{"href":"https:\/\/myperfectdog.lv\/en\/wp-json\/wp\/v2\/product\/12827","targetHints":{"allow":["GET"]}}],"collection":[{"href":"https:\/\/myperfectdog.lv\/en\/wp-json\/wp\/v2\/product"}],"about":[{"href":"https:\/\/myperfectdog.lv\/en\/wp-json\/wp\/v2\/types\/product"}],"replies":[{"embeddable":true,"href":"https:\/\/myperfectdog.lv\/en\/wp-json\/wp\/v2\/comments?post=12827"}],"wp:featuredmedia":[{"embeddable":true,"href":"https:\/\/myperfectdog.lv\/en\/wp-json\/wp\/v2\/media\/12828"}],"wp:attachment":[{"href":"https:\/\/myperfectdog.lv\/en\/wp-json\/wp\/v2\/media?parent=12827"}],"wp:term":[{"taxonomy":"product_brand","embeddable":true,"href":"https:\/\/myperfectdog.lv\/en\/wp-json\/wp\/v2\/product_brand?post=12827"},{"taxonomy":"product_cat","embeddable":true,"href":"https:\/\/myperfectdog.lv\/en\/wp-json\/wp\/v2\/product_cat?post=12827"},{"taxonomy":"product_tag","embeddable":true,"href":"https:\/\/myperfectdog.lv\/en\/wp-json\/wp\/v2\/product_tag?post=12827"}],"curies":[{"name":"wp","href":"https:\/\/api.w.org\/{rel}","templated":true}]}}