{"id":12890,"date":"2025-11-25T09:52:24","date_gmt":"2025-11-25T07:52:24","guid":{"rendered":"https:\/\/myperfectdog.lv\/?post_type=product&#038;p=12890"},"modified":"2026-03-23T17:10:45","modified_gmt":"2026-03-23T15:10:45","slug":"hexa-pastaigu-pavada-suniem","status":"publish","type":"product","link":"https:\/\/myperfectdog.lv\/en\/product\/hexa-pastaigu-pavada-suniem\/","title":{"rendered":"Hexa pastaigu pavada su\u0146iem"},"content":{"rendered":"<p>Hexa pavadas kop\u0161ana ir pavisam vienk\u0101r\u0161a. T\u0101 neuzs\u016bc mitrumu un net\u012brumus, t\u0101p\u0113c to var not\u012br\u012bt vien ar mitru dr\u0101nu. Ja nepiecie\u0161ams, var izmantot maigu ziepj\u016bdeni, ta\u010du j\u0101izvair\u0101s no sp\u0113c\u012bgiem \u0137\u012bmiskiem l\u012bdzek\u013ciem. Lai pavada kalpotu p\u0113c iesp\u0113jas ilg\u0101k, ieteicams to nepak\u013caut ilgsto\u0161ai tie\u0161ai saules gaismai un nepak\u013caut ekstrem\u0101l\u0101m temperat\u016bras sv\u0101rst\u012bb\u0101m.<\/p>\n<p>Karab\u012bnes v\u0113lams regul\u0101ri p\u0101rbaud\u012bt, lai p\u0101rliecin\u0101tos, ka to meh\u0101nismi darbojas nevainojami. Ja nepiecie\u0161ams, var pievienot nelielu daudzumu sm\u0113rvielas, lai nodro\u0161in\u0101tu to vienm\u0113r\u012bgu darb\u012bbu un izvair\u012btos no r\u016bsas vai net\u012brumu uzkr\u0101\u0161an\u0101s.<\/p>\n<p>Hexa ir sint\u0113tisks materi\u0101ls, kas vizu\u0101li un p\u0113c strukt\u016bras l\u012bdzin\u0101s \u0101dai, ta\u010du tam piem\u012bt iev\u0113rojami liel\u0101ka iztur\u012bba. Tas nesm\u0113r\u0113jas, neuzs\u016bc smakas un nezaud\u0113 savu izskatu pat p\u0113c ilgsto\u0161as lieto\u0161anas. Pateicoties t\u0101 UV iztur\u012bbai, pavada nemain\u012bs kr\u0101su pat tad, ja to regul\u0101ri izmantos saulain\u0101s dien\u0101s.<\/p>\n<p>\u0160is materi\u0101ls ir ide\u0101ls izv\u0113lei tiem, kas mekl\u0113 kombin\u0101ciju starp ilgm\u016b\u017e\u012bbu, praktiskumu un vizu\u0101lo pievilc\u012bbu. Turkl\u0101t Hexa ir ekolo\u0123iski draudz\u012bg\u0101ks risin\u0101jums, kas nodro\u0161ina visas \u0101das priek\u0161roc\u012bbas, bet bez nepiecie\u0161am\u012bbas izmantot dz\u012bvnieku izcelsmes materi\u0101lus.<\/p>","protected":false},"excerpt":{"rendered":"<p>Hexa pavada su\u0146iem\u00a0ir rad\u012bta, lai padar\u012btu ikdienas pastaigu ar suni pavada v\u0113las un dro\u0161\u0101kas. T\u0101s dizains apvieno iztur\u012bbu un komfortu, izmanto, ka pavada pat\u0161u, lai saglab\u0101tu savu kvalit\u0101ti. Hexa materi\u0101ls ir ne tikai pat\u012bkam\u0101m rok\u0101m, bet ar\u012b \u016bdensiztur\u012bgs un viegli kopjams, padarot to par ide\u0101lu izv\u0113li p\u0113c laikapst\u0101k\u013ciem. Pavada ir paredz\u0113ts ar praktisku gredzenu higi\u0113nas maisi\u0146u piestiprin\u0101\u0161anai un vietu izo maisi\u0146u uzglab\u0101\u0161anai. Papildus pla\u0161ais kr\u0101su kl\u0101sts un piel\u0101gojam\u0101s karab\u012bnes \u013cauj izv\u0113l\u0113ties piem\u0113rot\u0101ko variantu gan maziem, gan lieliem su\u0146iem.<\/p>","protected":false},"featured_media":13804,"comment_status":"closed","ping_status":"closed","template":"","meta":[],"product_brand":[],"product_cat":[47],"product_tag":[],"class_list":{"0":"post-12890","1":"product","2":"type-product","3":"status-publish","4":"has-post-thumbnail","6":"product_cat-pastaigu-aprikojums","8":"first","9":"outofstock","10":"taxable","11":"shipping-taxable","12":"purchasable","13":"product-type-variable"},"yoast_head":"<!-- This site is optimized with the Yoast SEO plugin v27.5 - https:\/\/yoast.com\/product\/yoast-seo-wordpress\/ -->\n<title>Hexa pastaigu pavada su\u0146iem | MyPerfectDog.lv<\/title>\n<meta name=\"robots\" content=\"index, follow, max-snippet:-1, max-image-preview:large, max-video-preview:-1\" \/>\n<link rel=\"canonical\" href=\"https:\/\/myperfectdog.lv\/en\/product\/hexa-pastaigu-pavada-suniem\/\" \/>\n<meta property=\"og:locale\" content=\"en_GB\" \/>\n<meta property=\"og:type\" content=\"article\" \/>\n<meta property=\"og:title\" content=\"Hexa pastaigu pavada su\u0146iem | MyPerfectDog.lv\" \/>\n<meta property=\"og:description\" content=\"Hexa pavada su\u0146iem\u00a0ir rad\u012bta, lai padar\u012btu ikdienas pastaigu ar suni pavada v\u0113las un dro\u0161\u0101kas. T\u0101s dizains apvieno iztur\u012bbu un komfortu, izmanto, ka pavada pat\u0161u, lai saglab\u0101tu savu kvalit\u0101ti. Hexa materi\u0101ls ir ne tikai pat\u012bkam\u0101m rok\u0101m, bet ar\u012b \u016bdensiztur\u012bgs un viegli kopjams, padarot to par ide\u0101lu izv\u0113li p\u0113c laikapst\u0101k\u013ciem. Pavada ir paredz\u0113ts ar praktisku gredzenu higi\u0113nas maisi\u0146u piestiprin\u0101\u0161anai un vietu izo maisi\u0146u uzglab\u0101\u0161anai. Papildus pla\u0161ais kr\u0101su kl\u0101sts un piel\u0101gojam\u0101s karab\u012bnes \u013cauj izv\u0113l\u0113ties piem\u0113rot\u0101ko variantu gan maziem, gan lieliem su\u0146iem.\" \/>\n<meta property=\"og:url\" content=\"https:\/\/myperfectdog.lv\/en\/product\/hexa-pastaigu-pavada-suniem\/\" \/>\n<meta property=\"og:site_name\" content=\"MyPerfectDog.lv\" \/>\n<meta property=\"article:modified_time\" content=\"2026-03-23T15:10:45+00:00\" \/>\n<meta property=\"og:image\" content=\"https:\/\/myperfectdog.lv\/wp-content\/uploads\/2025\/11\/Hexaudensdrosapavadasuniemmelna1.webp\" \/>\n\t<meta property=\"og:image:width\" content=\"800\" \/>\n\t<meta property=\"og:image:height\" content=\"800\" \/>\n\t<meta property=\"og:image:type\" content=\"image\/webp\" \/>\n<meta name=\"twitter:card\" content=\"summary_large_image\" \/>\n<meta name=\"twitter:label1\" content=\"Estimated reading time\" \/>\n\t<meta name=\"twitter:data1\" content=\"2 minutes\" \/>\n<script type=\"application\/ld+json\" class=\"yoast-schema-graph\">{\"@context\":\"https:\\\/\\\/schema.org\",\"@graph\":[{\"@type\":\"WebPage\",\"@id\":\"https:\\\/\\\/myperfectdog.lv\\\/products\\\/hexa-pastaigu-pavada-suniem\\\/\",\"url\":\"https:\\\/\\\/myperfectdog.lv\\\/products\\\/hexa-pastaigu-pavada-suniem\\\/\",\"name\":\"Hexa pastaigu pavada su\u0146iem | MyPerfectDog.lv\",\"isPartOf\":{\"@id\":\"https:\\\/\\\/myperfectdog.lv\\\/#website\"},\"primaryImageOfPage\":{\"@id\":\"https:\\\/\\\/myperfectdog.lv\\\/products\\\/hexa-pastaigu-pavada-suniem\\\/#primaryimage\"},\"image\":{\"@id\":\"https:\\\/\\\/myperfectdog.lv\\\/products\\\/hexa-pastaigu-pavada-suniem\\\/#primaryimage\"},\"thumbnailUrl\":\"https:\\\/\\\/myperfectdog.lv\\\/wp-content\\\/uploads\\\/2025\\\/11\\\/Hexaudensdrosapavadasuniemmelna1.webp\",\"datePublished\":\"2025-11-25T07:52:24+00:00\",\"dateModified\":\"2026-03-23T15:10:45+00:00\",\"breadcrumb\":{\"@id\":\"https:\\\/\\\/myperfectdog.lv\\\/products\\\/hexa-pastaigu-pavada-suniem\\\/#breadcrumb\"},\"inLanguage\":\"en-GB\",\"potentialAction\":[{\"@type\":\"ReadAction\",\"target\":[\"https:\\\/\\\/myperfectdog.lv\\\/products\\\/hexa-pastaigu-pavada-suniem\\\/\"]}]},{\"@type\":\"ImageObject\",\"inLanguage\":\"en-GB\",\"@id\":\"https:\\\/\\\/myperfectdog.lv\\\/products\\\/hexa-pastaigu-pavada-suniem\\\/#primaryimage\",\"url\":\"https:\\\/\\\/myperfectdog.lv\\\/wp-content\\\/uploads\\\/2025\\\/11\\\/Hexaudensdrosapavadasuniemmelna1.webp\",\"contentUrl\":\"https:\\\/\\\/myperfectdog.lv\\\/wp-content\\\/uploads\\\/2025\\\/11\\\/Hexaudensdrosapavadasuniemmelna1.webp\",\"width\":800,\"height\":800},{\"@type\":\"BreadcrumbList\",\"@id\":\"https:\\\/\\\/myperfectdog.lv\\\/products\\\/hexa-pastaigu-pavada-suniem\\\/#breadcrumb\",\"itemListElement\":[{\"@type\":\"ListItem\",\"position\":1,\"name\":\"Home\",\"item\":\"https:\\\/\\\/myperfectdog.lv\\\/\"},{\"@type\":\"ListItem\",\"position\":2,\"name\":\"Internetveikals\",\"item\":\"https:\\\/\\\/myperfectdog.lv\\\/internetveikals\\\/\"},{\"@type\":\"ListItem\",\"position\":3,\"name\":\"Hexa pastaigu pavada su\u0146iem\"}]},{\"@type\":\"WebSite\",\"@id\":\"https:\\\/\\\/myperfectdog.lv\\\/#website\",\"url\":\"https:\\\/\\\/myperfectdog.lv\\\/\",\"name\":\"MyPerfectDog.lv\",\"description\":\"Su\u0146u un saimnieku skola\",\"publisher\":{\"@id\":\"https:\\\/\\\/myperfectdog.lv\\\/#organization\"},\"potentialAction\":[{\"@type\":\"SearchAction\",\"target\":{\"@type\":\"EntryPoint\",\"urlTemplate\":\"https:\\\/\\\/myperfectdog.lv\\\/?s={search_term_string}\"},\"query-input\":{\"@type\":\"PropertyValueSpecification\",\"valueRequired\":true,\"valueName\":\"search_term_string\"}}],\"inLanguage\":\"en-GB\"},{\"@type\":\"Organization\",\"@id\":\"https:\\\/\\\/myperfectdog.lv\\\/#organization\",\"name\":\"Su\u0146u & saimnieku skola \\\"My Perfect Dog\\\"\",\"url\":\"https:\\\/\\\/myperfectdog.lv\\\/\",\"logo\":{\"@type\":\"ImageObject\",\"inLanguage\":\"en-GB\",\"@id\":\"https:\\\/\\\/myperfectdog.lv\\\/#\\\/schema\\\/logo\\\/image\\\/\",\"url\":\"https:\\\/\\\/myperfectdog.lv\\\/wp-content\\\/uploads\\\/2020\\\/10\\\/MyPerfectDog-New-logo_peach_plakans.png\",\"contentUrl\":\"https:\\\/\\\/myperfectdog.lv\\\/wp-content\\\/uploads\\\/2020\\\/10\\\/MyPerfectDog-New-logo_peach_plakans.png\",\"width\":1200,\"height\":636,\"caption\":\"Su\u0146u & saimnieku skola \\\"My Perfect Dog\\\"\"},\"image\":{\"@id\":\"https:\\\/\\\/myperfectdog.lv\\\/#\\\/schema\\\/logo\\\/image\\\/\"}}]}<\/script>\n<!-- \/ Yoast SEO plugin. -->","yoast_head_json":{"title":"Hexa pastaigu pavada su\u0146iem | MyPerfectDog.lv","robots":{"index":"index","follow":"follow","max-snippet":"max-snippet:-1","max-image-preview":"max-image-preview:large","max-video-preview":"max-video-preview:-1"},"canonical":"https:\/\/myperfectdog.lv\/en\/product\/hexa-pastaigu-pavada-suniem\/","og_locale":"en_GB","og_type":"article","og_title":"Hexa pastaigu pavada su\u0146iem | MyPerfectDog.lv","og_description":"Hexa pavada su\u0146iem\u00a0ir rad\u012bta, lai padar\u012btu ikdienas pastaigu ar suni pavada v\u0113las un dro\u0161\u0101kas. T\u0101s dizains apvieno iztur\u012bbu un komfortu, izmanto, ka pavada pat\u0161u, lai saglab\u0101tu savu kvalit\u0101ti. Hexa materi\u0101ls ir ne tikai pat\u012bkam\u0101m rok\u0101m, bet ar\u012b \u016bdensiztur\u012bgs un viegli kopjams, padarot to par ide\u0101lu izv\u0113li p\u0113c laikapst\u0101k\u013ciem. Pavada ir paredz\u0113ts ar praktisku gredzenu higi\u0113nas maisi\u0146u piestiprin\u0101\u0161anai un vietu izo maisi\u0146u uzglab\u0101\u0161anai. Papildus pla\u0161ais kr\u0101su kl\u0101sts un piel\u0101gojam\u0101s karab\u012bnes \u013cauj izv\u0113l\u0113ties piem\u0113rot\u0101ko variantu gan maziem, gan lieliem su\u0146iem.","og_url":"https:\/\/myperfectdog.lv\/en\/product\/hexa-pastaigu-pavada-suniem\/","og_site_name":"MyPerfectDog.lv","article_modified_time":"2026-03-23T15:10:45+00:00","og_image":[{"width":800,"height":800,"url":"https:\/\/myperfectdog.lv\/wp-content\/uploads\/2025\/11\/Hexaudensdrosapavadasuniemmelna1.webp","type":"image\/webp"}],"twitter_card":"summary_large_image","twitter_misc":{"Estimated reading time":"2 minutes"},"schema":{"@context":"https:\/\/schema.org","@graph":[{"@type":"WebPage","@id":"https:\/\/myperfectdog.lv\/products\/hexa-pastaigu-pavada-suniem\/","url":"https:\/\/myperfectdog.lv\/products\/hexa-pastaigu-pavada-suniem\/","name":"Hexa pastaigu pavada su\u0146iem | MyPerfectDog.lv","isPartOf":{"@id":"https:\/\/myperfectdog.lv\/#website"},"primaryImageOfPage":{"@id":"https:\/\/myperfectdog.lv\/products\/hexa-pastaigu-pavada-suniem\/#primaryimage"},"image":{"@id":"https:\/\/myperfectdog.lv\/products\/hexa-pastaigu-pavada-suniem\/#primaryimage"},"thumbnailUrl":"https:\/\/myperfectdog.lv\/wp-content\/uploads\/2025\/11\/Hexaudensdrosapavadasuniemmelna1.webp","datePublished":"2025-11-25T07:52:24+00:00","dateModified":"2026-03-23T15:10:45+00:00","breadcrumb":{"@id":"https:\/\/myperfectdog.lv\/products\/hexa-pastaigu-pavada-suniem\/#breadcrumb"},"inLanguage":"en-GB","potentialAction":[{"@type":"ReadAction","target":["https:\/\/myperfectdog.lv\/products\/hexa-pastaigu-pavada-suniem\/"]}]},{"@type":"ImageObject","inLanguage":"en-GB","@id":"https:\/\/myperfectdog.lv\/products\/hexa-pastaigu-pavada-suniem\/#primaryimage","url":"https:\/\/myperfectdog.lv\/wp-content\/uploads\/2025\/11\/Hexaudensdrosapavadasuniemmelna1.webp","contentUrl":"https:\/\/myperfectdog.lv\/wp-content\/uploads\/2025\/11\/Hexaudensdrosapavadasuniemmelna1.webp","width":800,"height":800},{"@type":"BreadcrumbList","@id":"https:\/\/myperfectdog.lv\/products\/hexa-pastaigu-pavada-suniem\/#breadcrumb","itemListElement":[{"@type":"ListItem","position":1,"name":"Home","item":"https:\/\/myperfectdog.lv\/"},{"@type":"ListItem","position":2,"name":"Internetveikals","item":"https:\/\/myperfectdog.lv\/internetveikals\/"},{"@type":"ListItem","position":3,"name":"Hexa pastaigu pavada su\u0146iem"}]},{"@type":"WebSite","@id":"https:\/\/myperfectdog.lv\/#website","url":"https:\/\/myperfectdog.lv\/","name":"MyPerfectDog.lv","description":"Su\u0146u un saimnieku skola","publisher":{"@id":"https:\/\/myperfectdog.lv\/#organization"},"potentialAction":[{"@type":"SearchAction","target":{"@type":"EntryPoint","urlTemplate":"https:\/\/myperfectdog.lv\/?s={search_term_string}"},"query-input":{"@type":"PropertyValueSpecification","valueRequired":true,"valueName":"search_term_string"}}],"inLanguage":"en-GB"},{"@type":"Organization","@id":"https:\/\/myperfectdog.lv\/#organization","name":"Su\u0146u & saimnieku skola \"My Perfect Dog\"","url":"https:\/\/myperfectdog.lv\/","logo":{"@type":"ImageObject","inLanguage":"en-GB","@id":"https:\/\/myperfectdog.lv\/#\/schema\/logo\/image\/","url":"https:\/\/myperfectdog.lv\/wp-content\/uploads\/2020\/10\/MyPerfectDog-New-logo_peach_plakans.png","contentUrl":"https:\/\/myperfectdog.lv\/wp-content\/uploads\/2020\/10\/MyPerfectDog-New-logo_peach_plakans.png","width":1200,"height":636,"caption":"Su\u0146u & saimnieku skola \"My Perfect Dog\""},"image":{"@id":"https:\/\/myperfectdog.lv\/#\/schema\/logo\/image\/"}}]}},"jetpack_sharing_enabled":true,"_links":{"self":[{"href":"https:\/\/myperfectdog.lv\/en\/wp-json\/wp\/v2\/product\/12890","targetHints":{"allow":["GET"]}}],"collection":[{"href":"https:\/\/myperfectdog.lv\/en\/wp-json\/wp\/v2\/product"}],"about":[{"href":"https:\/\/myperfectdog.lv\/en\/wp-json\/wp\/v2\/types\/product"}],"replies":[{"embeddable":true,"href":"https:\/\/myperfectdog.lv\/en\/wp-json\/wp\/v2\/comments?post=12890"}],"wp:featuredmedia":[{"embeddable":true,"href":"https:\/\/myperfectdog.lv\/en\/wp-json\/wp\/v2\/media\/13804"}],"wp:attachment":[{"href":"https:\/\/myperfectdog.lv\/en\/wp-json\/wp\/v2\/media?parent=12890"}],"wp:term":[{"taxonomy":"product_brand","embeddable":true,"href":"https:\/\/myperfectdog.lv\/en\/wp-json\/wp\/v2\/product_brand?post=12890"},{"taxonomy":"product_cat","embeddable":true,"href":"https:\/\/myperfectdog.lv\/en\/wp-json\/wp\/v2\/product_cat?post=12890"},{"taxonomy":"product_tag","embeddable":true,"href":"https:\/\/myperfectdog.lv\/en\/wp-json\/wp\/v2\/product_tag?post=12890"}],"curies":[{"name":"wp","href":"https:\/\/api.w.org\/{rel}","templated":true}]}}