{"id":12917,"date":"2025-11-25T10:18:55","date_gmt":"2025-11-25T08:18:55","guid":{"rendered":"https:\/\/myperfectdog.lv\/?post_type=product&#038;p=12917"},"modified":"2025-12-15T05:39:09","modified_gmt":"2025-12-15T03:39:09","slug":"duoflex-hexa-pavada-diviem-suniem","status":"publish","type":"product","link":"https:\/\/myperfectdog.lv\/en\/product\/duoflex-hexa-pavada-diviem-suniem\/","title":{"rendered":"DuoFlex Hexa pavada diviem su\u0146iem"},"content":{"rendered":"<p>Hexa pavadas kop\u0161ana ir pavisam vienk\u0101r\u0161a. T\u0101 neuzs\u016bc mitrumu un net\u012brumus, t\u0101p\u0113c to var not\u012br\u012bt vien ar mitru dr\u0101nu. Ja nepiecie\u0161ams, var izmantot maigu ziepj\u016bdeni, ta\u010du j\u0101izvair\u0101s no sp\u0113c\u012bgiem \u0137\u012bmiskiem l\u012bdzek\u013ciem. Lai pavada kalpotu p\u0113c iesp\u0113jas ilg\u0101k, ieteicams to nepak\u013caut ilgsto\u0161ai tie\u0161ai saules gaismai un nepak\u013caut ekstrem\u0101l\u0101m temperat\u016bras sv\u0101rst\u012bb\u0101m.<\/p>\n<p>Karab\u012bnes v\u0113lams regul\u0101ri p\u0101rbaud\u012bt, lai p\u0101rliecin\u0101tos, ka to meh\u0101nismi darbojas nevainojami. Ja nepiecie\u0161ams, var pievienot nelielu daudzumu sm\u0113rvielas, lai nodro\u0161in\u0101tu to vienm\u0113r\u012bgu darb\u012bbu un izvair\u012btos no r\u016bsas vai net\u012brumu uzkr\u0101\u0161an\u0101s.<\/p>\n<p>Hexa ir sint\u0113tisks materi\u0101ls, kas vizu\u0101li un p\u0113c strukt\u016bras l\u012bdzin\u0101s \u0101dai, ta\u010du tam piem\u012bt iev\u0113rojami liel\u0101ka iztur\u012bba. Tas nesm\u0113r\u0113jas, neuzs\u016bc smakas un nezaud\u0113 savu izskatu pat p\u0113c ilgsto\u0161as lieto\u0161anas. Pateicoties t\u0101 UV iztur\u012bbai, pavada nemain\u012bs kr\u0101su pat tad, ja to regul\u0101ri izmantos saulain\u0101s dien\u0101s.<\/p>\n<p>\u0160is materi\u0101ls ir ide\u0101ls izv\u0113lei tiem, kas mekl\u0113 kombin\u0101ciju starp ilgm\u016b\u017e\u012bbu, praktiskumu un vizu\u0101lo pievilc\u012bbu. Turkl\u0101t Hexa ir ekolo\u0123iski draudz\u012bg\u0101ks risin\u0101jums, kas nodro\u0161ina visas \u0101das priek\u0161roc\u012bbas, bet bez nepiecie\u0161am\u012bbas izmantot dz\u012bvnieku izcelsmes materi\u0101lus.<\/p>\n<p>Lai pavada b\u016btu ne tikai \u0113rta, bet ar\u012b dro\u0161a, to iesp\u0113jams apr\u012bkot ar da\u017e\u0101d\u0101m karab\u012bn\u0113m, kas piem\u0113rotas da\u017e\u0101diem su\u0146u izm\u0113riem un temperamentiem.<\/p>","protected":false},"excerpt":{"rendered":"<p data-start=\"384\" data-end=\"592\">\ud83d\udc3e\u00a0<strong data-start=\"387\" data-end=\"434\">Divi su\u0146i \u2013 viena pavada, piln\u012bga kontrole!<\/strong><br data-start=\"434\" data-end=\"437\" \/>Pavada apr\u012bkota ar\u00a0<strong data-start=\"456\" data-end=\"482\">div\u0101m elast\u012bg\u0101m sait\u0113m<\/strong>, kas \u013cauj abiem su\u0146iem p\u0101rvietoties br\u012bvi, bet kontrol\u0113ti. Vairs nek\u0101das sap\u012b\u0161an\u0101s \u2013 vienk\u0101r\u0161i un efekt\u012bvi!<\/p>\n<p data-start=\"594\" data-end=\"817\">\ud83d\udca6\u00a0<strong data-start=\"597\" data-end=\"642\">Iztur\u012bgs un viegli kopjams Hexa materi\u0101ls<\/strong><br data-start=\"642\" data-end=\"645\" \/>Pavada izgatavota no\u00a0<strong data-start=\"666\" data-end=\"684\">Hexa materi\u0101la<\/strong>, kas ir\u00a0<strong data-start=\"693\" data-end=\"734\">\u016bdensdro\u0161s, viegli t\u012br\u0101ms un iztur\u012bgs<\/strong>\u00a0pret laikapst\u0101k\u013ciem. Lietus, dub\u013ci vai sniegs \u2013 ar \u0161o pavadu vari doties jebkur!<\/p>\n<p data-start=\"819\" data-end=\"1025\">\ud83d\udd04\u00a0<strong data-start=\"822\" data-end=\"878\">360\u00b0 groz\u0101mais stiprin\u0101jums \u2013 br\u012bv\u012bbai bez sap\u012b\u0161an\u0101s<\/strong><br data-start=\"878\" data-end=\"881\" \/>Alum\u012bnija groz\u0101mais stiprin\u0101jums \u013cauj pavad\u0101m\u00a0<strong data-start=\"927\" data-end=\"946\">br\u012bvi griezties<\/strong>, nov\u0113r\u0161ot mezglu veido\u0161anos un \u013caujot su\u0146iem\u00a0<strong data-start=\"992\" data-end=\"1011\">br\u012bvi kust\u0113ties<\/strong>\u00a0sav\u0101 ritm\u0101.<\/p>\n<p data-start=\"1027\" data-end=\"1207\">\ud83d\udccf\u00a0<strong data-start=\"1030\" data-end=\"1066\">Regul\u0113jams att\u0101lums starp su\u0146iem<\/strong><br data-start=\"1066\" data-end=\"1069\" \/>Pateicoties\u00a0<strong data-start=\"1081\" data-end=\"1108\">ieb\u016bv\u0113tajam regul\u0113t\u0101jam<\/strong>, vari\u00a0<strong data-start=\"1115\" data-end=\"1149\">piel\u0101got att\u0101lumu starp su\u0146iem<\/strong>, nodro\u0161inot liel\u0101ku komfortu un dro\u0161\u012bbu pastaigu laik\u0101.<\/p>\n<p data-start=\"1209\" data-end=\"1398\">\ud83e\udd32\u00a0<strong data-start=\"1212\" data-end=\"1251\">Ergonomisks dizains \u2013 \u0113rta tur\u0113\u0161ana<\/strong><br data-start=\"1251\" data-end=\"1254\" \/>Rokturis ir\u00a0<strong data-start=\"1266\" data-end=\"1295\">veidots \u0113rtai satver\u0161anai<\/strong>, samazinot roku nogurumu, lai pastaigas b\u016btu pat\u012bkamas gan tev, gan taviem \u010detrk\u0101jainajiem draugiem!<\/p>\n<p data-start=\"1400\" data-end=\"1557\">\ud83d\udd12\u00a0<strong data-start=\"1403\" data-end=\"1436\">Dro\u0161as un iztur\u012bgas karab\u012bnes<\/strong><br data-start=\"1436\" data-end=\"1439\" \/>Katr\u0101 sait\u0113 iestr\u0101d\u0101tas\u00a0<strong data-start=\"1463\" data-end=\"1495\">augstas kvalit\u0101tes karab\u012bnes<\/strong>, kas notur\u0113s pat ener\u0123isk\u0101kos su\u0146us un neiespr\u016bd\u012bs smilt\u012bs.<\/p>\n<p data-start=\"1559\" data-end=\"1754\">\ud83c\uddf1\ud83c\uddfb\u00a0<strong data-start=\"1564\" data-end=\"1611\">Ra\u017eots Latvij\u0101 \u2013 kvalit\u0101te, kam uztic\u0113ties!<\/strong><br data-start=\"1611\" data-end=\"1614\" \/>DuoFlex Hexa pavadas tiek\u00a0<strong data-start=\"1640\" data-end=\"1665\">lepni ra\u017eotas Latvij\u0101<\/strong>, nodro\u0161inot\u00a0<strong data-start=\"1678\" data-end=\"1712\">augst\u0101ko kvalit\u0101ti un iztur\u012bbu<\/strong>, kas piem\u0113rota pat akt\u012bv\u0101kajiem su\u0146iem.<\/p>","protected":false},"featured_media":13808,"comment_status":"closed","ping_status":"closed","template":"","meta":[],"product_brand":[],"product_cat":[47],"product_tag":[],"class_list":{"0":"post-12917","1":"product","2":"type-product","3":"status-publish","4":"has-post-thumbnail","6":"product_cat-pastaigu-aprikojums","8":"first","9":"instock","10":"taxable","11":"shipping-taxable","12":"purchasable","13":"product-type-variable"},"yoast_head":"<!-- This site is optimized with the Yoast SEO plugin v27.5 - https:\/\/yoast.com\/product\/yoast-seo-wordpress\/ -->\n<title>DuoFlex Hexa pavada diviem su\u0146iem | MyPerfectDog.lv<\/title>\n<meta name=\"robots\" content=\"index, follow, max-snippet:-1, max-image-preview:large, max-video-preview:-1\" \/>\n<link rel=\"canonical\" href=\"https:\/\/myperfectdog.lv\/en\/product\/duoflex-hexa-pavada-diviem-suniem\/\" \/>\n<meta property=\"og:locale\" content=\"en_GB\" \/>\n<meta property=\"og:type\" content=\"article\" \/>\n<meta property=\"og:title\" content=\"DuoFlex Hexa pavada diviem su\u0146iem | MyPerfectDog.lv\" \/>\n<meta property=\"og:description\" content=\"\ud83d\udc3e\u00a0Divi su\u0146i \u2013 viena pavada, piln\u012bga kontrole!Pavada apr\u012bkota ar\u00a0div\u0101m elast\u012bg\u0101m sait\u0113m, kas \u013cauj abiem su\u0146iem p\u0101rvietoties br\u012bvi, bet kontrol\u0113ti. Vairs nek\u0101das sap\u012b\u0161an\u0101s \u2013 vienk\u0101r\u0161i un efekt\u012bvi! \ud83d\udca6\u00a0Iztur\u012bgs un viegli kopjams Hexa materi\u0101lsPavada izgatavota no\u00a0Hexa materi\u0101la, kas ir\u00a0\u016bdensdro\u0161s, viegli t\u012br\u0101ms un iztur\u012bgs\u00a0pret laikapst\u0101k\u013ciem. Lietus, dub\u013ci vai sniegs \u2013 ar \u0161o pavadu vari doties jebkur! \ud83d\udd04\u00a0360\u00b0 groz\u0101mais stiprin\u0101jums \u2013 br\u012bv\u012bbai bez sap\u012b\u0161an\u0101sAlum\u012bnija groz\u0101mais stiprin\u0101jums \u013cauj pavad\u0101m\u00a0br\u012bvi griezties, nov\u0113r\u0161ot mezglu veido\u0161anos un \u013caujot su\u0146iem\u00a0br\u012bvi kust\u0113ties\u00a0sav\u0101 ritm\u0101. \ud83d\udccf\u00a0Regul\u0113jams att\u0101lums starp su\u0146iemPateicoties\u00a0ieb\u016bv\u0113tajam regul\u0113t\u0101jam, vari\u00a0piel\u0101got att\u0101lumu starp su\u0146iem, nodro\u0161inot liel\u0101ku komfortu un dro\u0161\u012bbu pastaigu laik\u0101. \ud83e\udd32\u00a0Ergonomisks dizains \u2013 \u0113rta tur\u0113\u0161anaRokturis ir\u00a0veidots \u0113rtai satver\u0161anai, samazinot roku nogurumu, lai pastaigas b\u016btu pat\u012bkamas gan tev, gan taviem \u010detrk\u0101jainajiem draugiem! \ud83d\udd12\u00a0Dro\u0161as un iztur\u012bgas karab\u012bnesKatr\u0101 sait\u0113 iestr\u0101d\u0101tas\u00a0augstas kvalit\u0101tes karab\u012bnes, kas notur\u0113s pat ener\u0123isk\u0101kos su\u0146us un neiespr\u016bd\u012bs smilt\u012bs. \ud83c\uddf1\ud83c\uddfb\u00a0Ra\u017eots Latvij\u0101 \u2013 kvalit\u0101te, kam uztic\u0113ties!DuoFlex Hexa pavadas tiek\u00a0lepni ra\u017eotas Latvij\u0101, nodro\u0161inot\u00a0augst\u0101ko kvalit\u0101ti un iztur\u012bbu, kas piem\u0113rota pat akt\u012bv\u0101kajiem su\u0146iem.\" \/>\n<meta property=\"og:url\" content=\"https:\/\/myperfectdog.lv\/en\/product\/duoflex-hexa-pavada-diviem-suniem\/\" \/>\n<meta property=\"og:site_name\" content=\"MyPerfectDog.lv\" \/>\n<meta property=\"article:modified_time\" content=\"2025-12-15T03:39:09+00:00\" \/>\n<meta property=\"og:image\" content=\"https:\/\/myperfectdog.lv\/wp-content\/uploads\/2025\/11\/DuoFlexpavadadiviemsuniem1.webp\" \/>\n\t<meta property=\"og:image:width\" content=\"800\" \/>\n\t<meta property=\"og:image:height\" content=\"800\" \/>\n\t<meta property=\"og:image:type\" content=\"image\/webp\" \/>\n<meta name=\"twitter:card\" content=\"summary_large_image\" \/>\n<meta name=\"twitter:label1\" content=\"Estimated reading time\" \/>\n\t<meta name=\"twitter:data1\" content=\"2 minutes\" \/>\n<script type=\"application\/ld+json\" class=\"yoast-schema-graph\">{\"@context\":\"https:\\\/\\\/schema.org\",\"@graph\":[{\"@type\":\"WebPage\",\"@id\":\"https:\\\/\\\/myperfectdog.lv\\\/products\\\/duoflex-hexa-pavada-diviem-suniem\\\/\",\"url\":\"https:\\\/\\\/myperfectdog.lv\\\/products\\\/duoflex-hexa-pavada-diviem-suniem\\\/\",\"name\":\"DuoFlex Hexa pavada diviem su\u0146iem | MyPerfectDog.lv\",\"isPartOf\":{\"@id\":\"https:\\\/\\\/myperfectdog.lv\\\/#website\"},\"primaryImageOfPage\":{\"@id\":\"https:\\\/\\\/myperfectdog.lv\\\/products\\\/duoflex-hexa-pavada-diviem-suniem\\\/#primaryimage\"},\"image\":{\"@id\":\"https:\\\/\\\/myperfectdog.lv\\\/products\\\/duoflex-hexa-pavada-diviem-suniem\\\/#primaryimage\"},\"thumbnailUrl\":\"https:\\\/\\\/myperfectdog.lv\\\/wp-content\\\/uploads\\\/2025\\\/11\\\/DuoFlexpavadadiviemsuniem1.webp\",\"datePublished\":\"2025-11-25T08:18:55+00:00\",\"dateModified\":\"2025-12-15T03:39:09+00:00\",\"breadcrumb\":{\"@id\":\"https:\\\/\\\/myperfectdog.lv\\\/products\\\/duoflex-hexa-pavada-diviem-suniem\\\/#breadcrumb\"},\"inLanguage\":\"en-GB\",\"potentialAction\":[{\"@type\":\"ReadAction\",\"target\":[\"https:\\\/\\\/myperfectdog.lv\\\/products\\\/duoflex-hexa-pavada-diviem-suniem\\\/\"]}]},{\"@type\":\"ImageObject\",\"inLanguage\":\"en-GB\",\"@id\":\"https:\\\/\\\/myperfectdog.lv\\\/products\\\/duoflex-hexa-pavada-diviem-suniem\\\/#primaryimage\",\"url\":\"https:\\\/\\\/myperfectdog.lv\\\/wp-content\\\/uploads\\\/2025\\\/11\\\/DuoFlexpavadadiviemsuniem1.webp\",\"contentUrl\":\"https:\\\/\\\/myperfectdog.lv\\\/wp-content\\\/uploads\\\/2025\\\/11\\\/DuoFlexpavadadiviemsuniem1.webp\",\"width\":800,\"height\":800},{\"@type\":\"BreadcrumbList\",\"@id\":\"https:\\\/\\\/myperfectdog.lv\\\/products\\\/duoflex-hexa-pavada-diviem-suniem\\\/#breadcrumb\",\"itemListElement\":[{\"@type\":\"ListItem\",\"position\":1,\"name\":\"Home\",\"item\":\"https:\\\/\\\/myperfectdog.lv\\\/\"},{\"@type\":\"ListItem\",\"position\":2,\"name\":\"Internetveikals\",\"item\":\"https:\\\/\\\/myperfectdog.lv\\\/internetveikals\\\/\"},{\"@type\":\"ListItem\",\"position\":3,\"name\":\"DuoFlex Hexa pavada diviem su\u0146iem\"}]},{\"@type\":\"WebSite\",\"@id\":\"https:\\\/\\\/myperfectdog.lv\\\/#website\",\"url\":\"https:\\\/\\\/myperfectdog.lv\\\/\",\"name\":\"MyPerfectDog.lv\",\"description\":\"Su\u0146u un saimnieku skola\",\"publisher\":{\"@id\":\"https:\\\/\\\/myperfectdog.lv\\\/#organization\"},\"potentialAction\":[{\"@type\":\"SearchAction\",\"target\":{\"@type\":\"EntryPoint\",\"urlTemplate\":\"https:\\\/\\\/myperfectdog.lv\\\/?s={search_term_string}\"},\"query-input\":{\"@type\":\"PropertyValueSpecification\",\"valueRequired\":true,\"valueName\":\"search_term_string\"}}],\"inLanguage\":\"en-GB\"},{\"@type\":\"Organization\",\"@id\":\"https:\\\/\\\/myperfectdog.lv\\\/#organization\",\"name\":\"Su\u0146u & saimnieku skola \\\"My Perfect Dog\\\"\",\"url\":\"https:\\\/\\\/myperfectdog.lv\\\/\",\"logo\":{\"@type\":\"ImageObject\",\"inLanguage\":\"en-GB\",\"@id\":\"https:\\\/\\\/myperfectdog.lv\\\/#\\\/schema\\\/logo\\\/image\\\/\",\"url\":\"https:\\\/\\\/myperfectdog.lv\\\/wp-content\\\/uploads\\\/2020\\\/10\\\/MyPerfectDog-New-logo_peach_plakans.png\",\"contentUrl\":\"https:\\\/\\\/myperfectdog.lv\\\/wp-content\\\/uploads\\\/2020\\\/10\\\/MyPerfectDog-New-logo_peach_plakans.png\",\"width\":1200,\"height\":636,\"caption\":\"Su\u0146u & saimnieku skola \\\"My Perfect Dog\\\"\"},\"image\":{\"@id\":\"https:\\\/\\\/myperfectdog.lv\\\/#\\\/schema\\\/logo\\\/image\\\/\"}}]}<\/script>\n<!-- \/ Yoast SEO plugin. -->","yoast_head_json":{"title":"DuoFlex Hexa pavada diviem su\u0146iem | MyPerfectDog.lv","robots":{"index":"index","follow":"follow","max-snippet":"max-snippet:-1","max-image-preview":"max-image-preview:large","max-video-preview":"max-video-preview:-1"},"canonical":"https:\/\/myperfectdog.lv\/en\/product\/duoflex-hexa-pavada-diviem-suniem\/","og_locale":"en_GB","og_type":"article","og_title":"DuoFlex Hexa pavada diviem su\u0146iem | MyPerfectDog.lv","og_description":"\ud83d\udc3e\u00a0Divi su\u0146i \u2013 viena pavada, piln\u012bga kontrole!Pavada apr\u012bkota ar\u00a0div\u0101m elast\u012bg\u0101m sait\u0113m, kas \u013cauj abiem su\u0146iem p\u0101rvietoties br\u012bvi, bet kontrol\u0113ti. Vairs nek\u0101das sap\u012b\u0161an\u0101s \u2013 vienk\u0101r\u0161i un efekt\u012bvi! \ud83d\udca6\u00a0Iztur\u012bgs un viegli kopjams Hexa materi\u0101lsPavada izgatavota no\u00a0Hexa materi\u0101la, kas ir\u00a0\u016bdensdro\u0161s, viegli t\u012br\u0101ms un iztur\u012bgs\u00a0pret laikapst\u0101k\u013ciem. Lietus, dub\u013ci vai sniegs \u2013 ar \u0161o pavadu vari doties jebkur! \ud83d\udd04\u00a0360\u00b0 groz\u0101mais stiprin\u0101jums \u2013 br\u012bv\u012bbai bez sap\u012b\u0161an\u0101sAlum\u012bnija groz\u0101mais stiprin\u0101jums \u013cauj pavad\u0101m\u00a0br\u012bvi griezties, nov\u0113r\u0161ot mezglu veido\u0161anos un \u013caujot su\u0146iem\u00a0br\u012bvi kust\u0113ties\u00a0sav\u0101 ritm\u0101. \ud83d\udccf\u00a0Regul\u0113jams att\u0101lums starp su\u0146iemPateicoties\u00a0ieb\u016bv\u0113tajam regul\u0113t\u0101jam, vari\u00a0piel\u0101got att\u0101lumu starp su\u0146iem, nodro\u0161inot liel\u0101ku komfortu un dro\u0161\u012bbu pastaigu laik\u0101. \ud83e\udd32\u00a0Ergonomisks dizains \u2013 \u0113rta tur\u0113\u0161anaRokturis ir\u00a0veidots \u0113rtai satver\u0161anai, samazinot roku nogurumu, lai pastaigas b\u016btu pat\u012bkamas gan tev, gan taviem \u010detrk\u0101jainajiem draugiem! \ud83d\udd12\u00a0Dro\u0161as un iztur\u012bgas karab\u012bnesKatr\u0101 sait\u0113 iestr\u0101d\u0101tas\u00a0augstas kvalit\u0101tes karab\u012bnes, kas notur\u0113s pat ener\u0123isk\u0101kos su\u0146us un neiespr\u016bd\u012bs smilt\u012bs. \ud83c\uddf1\ud83c\uddfb\u00a0Ra\u017eots Latvij\u0101 \u2013 kvalit\u0101te, kam uztic\u0113ties!DuoFlex Hexa pavadas tiek\u00a0lepni ra\u017eotas Latvij\u0101, nodro\u0161inot\u00a0augst\u0101ko kvalit\u0101ti un iztur\u012bbu, kas piem\u0113rota pat akt\u012bv\u0101kajiem su\u0146iem.","og_url":"https:\/\/myperfectdog.lv\/en\/product\/duoflex-hexa-pavada-diviem-suniem\/","og_site_name":"MyPerfectDog.lv","article_modified_time":"2025-12-15T03:39:09+00:00","og_image":[{"width":800,"height":800,"url":"https:\/\/myperfectdog.lv\/wp-content\/uploads\/2025\/11\/DuoFlexpavadadiviemsuniem1.webp","type":"image\/webp"}],"twitter_card":"summary_large_image","twitter_misc":{"Estimated reading time":"2 minutes"},"schema":{"@context":"https:\/\/schema.org","@graph":[{"@type":"WebPage","@id":"https:\/\/myperfectdog.lv\/products\/duoflex-hexa-pavada-diviem-suniem\/","url":"https:\/\/myperfectdog.lv\/products\/duoflex-hexa-pavada-diviem-suniem\/","name":"DuoFlex Hexa pavada diviem su\u0146iem | MyPerfectDog.lv","isPartOf":{"@id":"https:\/\/myperfectdog.lv\/#website"},"primaryImageOfPage":{"@id":"https:\/\/myperfectdog.lv\/products\/duoflex-hexa-pavada-diviem-suniem\/#primaryimage"},"image":{"@id":"https:\/\/myperfectdog.lv\/products\/duoflex-hexa-pavada-diviem-suniem\/#primaryimage"},"thumbnailUrl":"https:\/\/myperfectdog.lv\/wp-content\/uploads\/2025\/11\/DuoFlexpavadadiviemsuniem1.webp","datePublished":"2025-11-25T08:18:55+00:00","dateModified":"2025-12-15T03:39:09+00:00","breadcrumb":{"@id":"https:\/\/myperfectdog.lv\/products\/duoflex-hexa-pavada-diviem-suniem\/#breadcrumb"},"inLanguage":"en-GB","potentialAction":[{"@type":"ReadAction","target":["https:\/\/myperfectdog.lv\/products\/duoflex-hexa-pavada-diviem-suniem\/"]}]},{"@type":"ImageObject","inLanguage":"en-GB","@id":"https:\/\/myperfectdog.lv\/products\/duoflex-hexa-pavada-diviem-suniem\/#primaryimage","url":"https:\/\/myperfectdog.lv\/wp-content\/uploads\/2025\/11\/DuoFlexpavadadiviemsuniem1.webp","contentUrl":"https:\/\/myperfectdog.lv\/wp-content\/uploads\/2025\/11\/DuoFlexpavadadiviemsuniem1.webp","width":800,"height":800},{"@type":"BreadcrumbList","@id":"https:\/\/myperfectdog.lv\/products\/duoflex-hexa-pavada-diviem-suniem\/#breadcrumb","itemListElement":[{"@type":"ListItem","position":1,"name":"Home","item":"https:\/\/myperfectdog.lv\/"},{"@type":"ListItem","position":2,"name":"Internetveikals","item":"https:\/\/myperfectdog.lv\/internetveikals\/"},{"@type":"ListItem","position":3,"name":"DuoFlex Hexa pavada diviem su\u0146iem"}]},{"@type":"WebSite","@id":"https:\/\/myperfectdog.lv\/#website","url":"https:\/\/myperfectdog.lv\/","name":"MyPerfectDog.lv","description":"Su\u0146u un saimnieku skola","publisher":{"@id":"https:\/\/myperfectdog.lv\/#organization"},"potentialAction":[{"@type":"SearchAction","target":{"@type":"EntryPoint","urlTemplate":"https:\/\/myperfectdog.lv\/?s={search_term_string}"},"query-input":{"@type":"PropertyValueSpecification","valueRequired":true,"valueName":"search_term_string"}}],"inLanguage":"en-GB"},{"@type":"Organization","@id":"https:\/\/myperfectdog.lv\/#organization","name":"Su\u0146u & saimnieku skola \"My Perfect Dog\"","url":"https:\/\/myperfectdog.lv\/","logo":{"@type":"ImageObject","inLanguage":"en-GB","@id":"https:\/\/myperfectdog.lv\/#\/schema\/logo\/image\/","url":"https:\/\/myperfectdog.lv\/wp-content\/uploads\/2020\/10\/MyPerfectDog-New-logo_peach_plakans.png","contentUrl":"https:\/\/myperfectdog.lv\/wp-content\/uploads\/2020\/10\/MyPerfectDog-New-logo_peach_plakans.png","width":1200,"height":636,"caption":"Su\u0146u & saimnieku skola \"My Perfect Dog\""},"image":{"@id":"https:\/\/myperfectdog.lv\/#\/schema\/logo\/image\/"}}]}},"jetpack_sharing_enabled":true,"_links":{"self":[{"href":"https:\/\/myperfectdog.lv\/en\/wp-json\/wp\/v2\/product\/12917","targetHints":{"allow":["GET"]}}],"collection":[{"href":"https:\/\/myperfectdog.lv\/en\/wp-json\/wp\/v2\/product"}],"about":[{"href":"https:\/\/myperfectdog.lv\/en\/wp-json\/wp\/v2\/types\/product"}],"replies":[{"embeddable":true,"href":"https:\/\/myperfectdog.lv\/en\/wp-json\/wp\/v2\/comments?post=12917"}],"wp:featuredmedia":[{"embeddable":true,"href":"https:\/\/myperfectdog.lv\/en\/wp-json\/wp\/v2\/media\/13808"}],"wp:attachment":[{"href":"https:\/\/myperfectdog.lv\/en\/wp-json\/wp\/v2\/media?parent=12917"}],"wp:term":[{"taxonomy":"product_brand","embeddable":true,"href":"https:\/\/myperfectdog.lv\/en\/wp-json\/wp\/v2\/product_brand?post=12917"},{"taxonomy":"product_cat","embeddable":true,"href":"https:\/\/myperfectdog.lv\/en\/wp-json\/wp\/v2\/product_cat?post=12917"},{"taxonomy":"product_tag","embeddable":true,"href":"https:\/\/myperfectdog.lv\/en\/wp-json\/wp\/v2\/product_tag?post=12917"}],"curies":[{"name":"wp","href":"https:\/\/api.w.org\/{rel}","templated":true}]}}